{"id":24163,"date":"2018-05-02T12:46:23","date_gmt":"2018-05-02T12:46:23","guid":{"rendered":"https:\/\/kennol.com\/produits\/24163\/"},"modified":"2023-02-14T11:58:27","modified_gmt":"2023-02-14T10:58:27","slug":"lave-glace-demoustiqueur-monoi","status":"publish","type":"product","link":"https:\/\/kennol.com\/ru\/\u043f\u0440\u043e\u0434\u0443\u043a\u0442\u044b\/lave-glace-demoustiqueur-monoi\/","title":{"rendered":"\u0410\u041d\u0422\u0418\u041c\u041e\u0421\u041a\u0418\u0422\u041d\u0410\u042f \u0421\u0422\u0415\u041a\u041b\u041e\u041e\u041c\u042b\u0412\u0410\u042e\u0429\u0410\u042f \u0416\u0418\u0414\u041a\u041e\u0421\u0422\u042c"},"content":{"rendered":"<div class=\"wpb-content-wrapper\"><p>[vc_row row_content_width=&#187;grid&#187;][vc_column][vc_column_text]<span style=\"color: #ffffff;\">Lave-glace est pr\u00eat \u00e0 l&#8217;emploi, dot\u00e9 d&#8217;un parfum in\u00e9dit de MONO\u00cf et \u00e9tudi\u00e9 pour d\u00e9moustiquer, nettoyer et ne pas laisser de traces sur les pare-brises afin de garantir une visibilit\u00e9 optimale par beau temps.<\/span><br \/>\n<span style=\"color: #ffffff;\">Chaque d\u00e9tail a \u00e9t\u00e9 pens\u00e9, pour concevoir cette collection de produits saisonniers 100% Made in France et biod\u00e9gradables \u00e0 plus de 95%.<\/span>[\/vc_column_text][vc_empty_space height=&#187;10px&#187;][vc_column_text]<span style=\"color: #999999;\"><em>FONCTIONS &amp; AVANTAGES<\/em><\/span>[\/vc_column_text]<div class=\"eltd-separator-holder clearfix  eltd-separator-center \">\n\t<div class=\"eltd-separator\" style=\"border-color: #999999;border-style: solid;width: 100%;border-bottom-width: 1px\"><\/div>\n<\/div>\n[vc_column_text]<span style=\"color: #999999;\">Parfum : Mono\u00ef.<\/span><br \/>\n<span style=\"color: #ee3124;\">\u2192\u00a0<\/span><span style=\"color: #ffffff;\">D\u00e9couvrez une nouvelle senteur in\u00e9dite dans le monde du lave-glace.<\/span><\/p>\n<p><span style=\"color: #999999;\">Additifs.\u00a0<\/span><br \/>\n<span style=\"color: #ffffff;\"><span style=\"color: #ee3124;\">\u2192<span style=\"color: #ffffff;\">\u00a0<\/span><\/span>Assure l&#8217;\u00e9limination des salissures et insectes.<\/span><\/p>\n<p><span style=\"color: #999999;\">Technologie Flex-put.<\/span><br \/>\n<span style=\"color: #ffffff;\"><span style=\"color: #ee3124;\">\u2192\u00a0<\/span>Permet un versage facile et propre.<\/span><\/p>\n<p><script src=\"https:\/\/apps.elfsight.com\/p\/platform.js\" defer><\/script><\/p>\n<div class=\"elfsight-app-3e5261ab-7859-4e27-9595-1523c27c5dd6\"><\/div>\n<p>[\/vc_column_text][\/vc_column][\/vc_row][vc_column][\/vc_column][vc_column][\/vc_column]<\/p>\n<\/div>","protected":false},"excerpt":{"rendered":"<h3><span style=\"color: #808080;\">\u041c\u041e\u041d\u041e\u0419<\/span><\/h3>\n<p><\/br><span style=\"color: #666666;\"><em>\u0425\u0410\u0420\u0410\u041a\u0422\u0415\u0420\u0418\u0421\u0422\u0418\u041a\u0418<\/em><\/span><\/p>\n<hr color=\"#666666\" line-height=\"1px\"\/>\n<span style=\"color: #ffffff;\"><b>\u0411\u0415\u0417 \u041c\u0415\u0422\u0410\u041d\u041e\u041b\u0410<\/b><br \/>\n<b>\u041b\u0415\u0422\u041d\u042f\u042f<\/b> \u0410\u041d\u0422\u0418\u041c\u041e\u0421\u041a\u0418\u0422\u041d\u0410\u042f<br \/>\n<b>\u0410\u0420\u041e\u041c\u0410\u0422<\/b> \u041c\u041e\u041d\u041e\u0419<\/span><br \/>\n<\/br><span style=\"color: #666666;\"><em>\u0414\u041e\u0421\u0422\u0423\u041f\u041d\u0410\u042f \u0423\u041f\u0410\u041a\u041e\u0412\u041a\u0410<\/em><\/span><\/p>\n<hr color=\"#666666\" line-height=\"1px\"\/>\n<style>.col1 {-webkit-column-count: 1; -moz-column-count: 1; column-count: 1;}<\/style>\n<div class=\"col1\">\n<div class=\"leftcontainer\"><img decoding=\"async\" src=\"\/wp-content\/uploads\/KENNOL_CONDITIONNEMENT_5L.png\" onmouseover=\"this.src=&#039;\/wp-content\/uploads\/KENNOL_CONDITIONNEMENT_5L_FL_VISUEL.png&#039;\" onmouseout=\"this.src=&#039;\/wp-content\/uploads\/KENNOL_CONDITIONNEMENT_5L.png&#039;\"\/><\/p>\n<p>165063<\/p>\n<\/div>\n<\/div>\n<p><\/br><em><span style=\"color: #666666;\">\u0421\u041a\u0410\u0427\u0410\u0422\u042c<\/span><\/em><\/p>\n<hr color=\"#666666\" line-height=\"1px\"\/>\n<a href=\"\/EN\/FT\/KENNOL_LG_SUMMER_MONOI_EN.pdf\" target=\"_blank\" rel=\"noopener noreferrer\"><img decoding=\"async\" src=\"\/wp-content\/uploads\/2018\/03\/pdf.png\" alt=\"\" \/><\/a> <a style=\"color: #ee3124;\" href=\"\/EN\/FT\/KENNOL_LG_SUMMER_MONOI_EN.pdf\" target=\"_blank\" rel=\"noopener noreferrer\"><b>\u0422\u0435\u0445\u043d\u0438\u0447\u0435\u0441\u043a\u0438\u0439 \u043f\u0430\u0441\u043f\u043e\u0440\u0442<\/b><\/a><br \/>\n<a href=\"\/EN\/FDS\/KENNOL_LG_SUMMER_MONOI_EN.pdf\" target=\"_blank\" rel=\"noopener noreferrer\"><img decoding=\"async\" src=\"\/wp-content\/uploads\/2018\/03\/pdf.png\" alt=\"\" \/><\/a> <a style=\"color: #ee3124;\" href=\"\/EN\/FDS\/KENNOL_LG_SUMMER_MONOI_EN.pdf\" target=\"_blank\" rel=\"noopener noreferrer\"><b>\u041f\u0430\u0441\u043f\u043e\u0440\u0442 \u0434\u0430\u043d\u043d\u044b\u0445 \u043f\u043e \u0431\u0435\u0437\u043e\u043f\u0430\u0441\u043d\u043e\u0441\u0442\u0438<\/b><\/a><br \/>\n<a href=\"\/FR\/FIC\/KENNOL_LG_DEMOUSTIQUEUR_MONOI_FR.pdf\" target=\"_blank\" rel=\"noopener noreferrer\"><img decoding=\"async\" src=\"\/wp-content\/uploads\/2018\/03\/pdf.png\" alt=\"\" \/><\/a> <a style=\"color: #ee3124;\" href=\"\/FR\/FIC\/KENNOL_LG_DEMOUSTIQUEUR_MONOI_FR.pdf\" target=\"_blank\" rel=\"noopener noreferrer\"><b>\u041a\u043e\u043c\u043f\u043e\u0437\u0438\u0446\u0438\u043e\u043d\u043d\u044b\u0439 \u043b\u0438\u0441\u0442<\/b><\/a><br \/>\n&nbsp;<br \/>\n<a href=\"\/ru\/\u0431\u0440\u0435\u043d\u0434\/\u0437\u043d\u0430\u043a\u0438-\u043a\u0430\u0447\u0435\u0441\u0442\u0432\u0430\/\"><img decoding=\"async\" src=\"\/wp-content\/uploads\/KENNOL_LOGO_MadeInFrance.png\" width=\"250\"><\/a><br \/>\n<a href=\"\/ru\/\u0431\u0440\u0435\u043d\u0434\/\u0437\u043d\u0430\u043a\u0438-\u043a\u0430\u0447\u0435\u0441\u0442\u0432\u0430\/\"><img decoding=\"async\" src=\"\/wp-content\/uploads\/KENNOL_LABEL_BiodegradableEN\" \/><\/a><a href=\"\/ru\/\u0431\u0440\u0435\u043d\u0434\/\u0437\u043d\u0430\u043a\u0438-\u043a\u0430\u0447\u0435\u0441\u0442\u0432\u0430\/\"><img decoding=\"async\" src=\"\/wp-content\/uploads\/KENNOL_LABEL_InsectRemover.png\" \/><\/a><a href=\"\/ru\/\u0431\u0440\u0435\u043d\u0434\/\u0437\u043d\u0430\u043a\u0438-\u043a\u0430\u0447\u0435\u0441\u0442\u0432\u0430\/\"><img decoding=\"async\" src=\"\/wp-content\/uploads\/KENNOL_LABEL_FlexPutEN\" \/><\/a><\/p>\n","protected":false},"featured_media":24164,"template":"","meta":{"_monsterinsights_skip_tracking":false,"_monsterinsights_sitenote_active":false,"_monsterinsights_sitenote_note":"","_monsterinsights_sitenote_category":0},"product_brand":[],"product_cat":[1603,1614],"product_tag":[1613,1612],"class_list":{"0":"post-24163","1":"product","2":"type-product","3":"status-publish","4":"has-post-thumbnail","6":"product_cat-1603","7":"product_cat-1614","8":"product_tag-1613","9":"product_tag-1612","11":"first","12":"instock","13":"shipping-taxable","14":"product-type-simple"},"yoast_head":"<!-- This site is optimized with the Yoast SEO plugin v27.4 - https:\/\/yoast.com\/product\/yoast-seo-wordpress\/ -->\n<title>\u041b\u0415\u0422\u041d\u042f\u042f \u0410\u041d\u0422\u0418\u041c\u041e\u0421\u041a\u0418\u0422\u041d\u0410\u042f \u041c\u041e\u041d\u041e\u0419 | KENNOL - Performance Fluid<\/title>\n<meta name=\"description\" content=\"\u0413\u043e\u0442\u043e\u0432\u0430\u044f \u043a \u043f\u0440\u0438\u043c\u0435\u043d\u0435\u043d\u0438\u044e \u0441\u0442\u0435\u043a\u043b\u043e\u043e\u043c\u044b\u0432\u0430\u044e\u0449\u0430\u044f \u0436\u0438\u0434\u043a\u043e\u0441\u0442\u044c \u0441 \u0443\u043d\u0438\u043a\u0430\u043b\u044c\u043d\u044b\u043c \u0430\u0440\u043e\u043c\u0430\u0442\u043e\u043c \u041c\u041e\u041d\u041e\u0419, \u0440\u0430\u0437\u0440\u0430\u0431\u043e\u0442\u0430\u043d\u043d\u0430\u044f \u0434\u043b\u044f \u0438\u0437\u0431\u0430\u0432\u043b\u0435\u043d\u0438\u044f \u043e\u0442 \u043d\u0430\u0441\u0435\u043a\u043e\u043c\u044b\u0445 \u0438 \u043e\u0447\u0438\u0449\u0435\u043d\u0438\u044f \u043b\u043e\u0431\u043e\u0432\u044b\u0445 \u0441\u0442\u0451\u043a\u043e\u043b \u0431\u0435\u0437 \u043f\u043e\u044f\u0432\u043b\u0435\u043d\u0438\u044f \u0440\u0430\u0437\u0432\u043e\u0434\u043e\u0432, \u043e\u0431\u0435\u0441\u043f\u0435\u0447\u0438\u0432\u0430\u044f \u043e\u043f\u0442\u0438\u043c\u0430\u043b\u044c\u043d\u0443\u044e \u0432\u0438\u0434\u0438\u043c\u043e\u0441\u0442\u044c \u0432 \u0445\u043e\u0440\u043e\u0448\u0443\u044e \u043f\u043e\u0433\u043e\u0434\u0443.\" \/>\n<meta name=\"robots\" content=\"index, follow, max-snippet:-1, max-image-preview:large, max-video-preview:-1\" \/>\n<link rel=\"canonical\" href=\"https:\/\/kennol.com\/ru\/\u043f\u0440\u043e\u0434\u0443\u043a\u0442\u044b\/lave-glace-demoustiqueur-monoi\/\" \/>\n<meta property=\"og:locale\" content=\"ru_RU\" \/>\n<meta property=\"og:type\" content=\"article\" \/>\n<meta property=\"og:title\" content=\"\u041b\u0415\u0422\u041d\u042f\u042f \u0410\u041d\u0422\u0418\u041c\u041e\u0421\u041a\u0418\u0422\u041d\u0410\u042f \u041c\u041e\u041d\u041e\u0419 | KENNOL - Performance Fluid\" \/>\n<meta property=\"og:description\" content=\"\u0413\u043e\u0442\u043e\u0432\u0430\u044f \u043a \u043f\u0440\u0438\u043c\u0435\u043d\u0435\u043d\u0438\u044e \u0441\u0442\u0435\u043a\u043b\u043e\u043e\u043c\u044b\u0432\u0430\u044e\u0449\u0430\u044f \u0436\u0438\u0434\u043a\u043e\u0441\u0442\u044c \u0441 \u0443\u043d\u0438\u043a\u0430\u043b\u044c\u043d\u044b\u043c \u0430\u0440\u043e\u043c\u0430\u0442\u043e\u043c \u041c\u041e\u041d\u041e\u0419, \u0440\u0430\u0437\u0440\u0430\u0431\u043e\u0442\u0430\u043d\u043d\u0430\u044f \u0434\u043b\u044f \u0438\u0437\u0431\u0430\u0432\u043b\u0435\u043d\u0438\u044f \u043e\u0442 \u043d\u0430\u0441\u0435\u043a\u043e\u043c\u044b\u0445 \u0438 \u043e\u0447\u0438\u0449\u0435\u043d\u0438\u044f \u043b\u043e\u0431\u043e\u0432\u044b\u0445 \u0441\u0442\u0451\u043a\u043e\u043b \u0431\u0435\u0437 \u043f\u043e\u044f\u0432\u043b\u0435\u043d\u0438\u044f \u0440\u0430\u0437\u0432\u043e\u0434\u043e\u0432, \u043e\u0431\u0435\u0441\u043f\u0435\u0447\u0438\u0432\u0430\u044f \u043e\u043f\u0442\u0438\u043c\u0430\u043b\u044c\u043d\u0443\u044e \u0432\u0438\u0434\u0438\u043c\u043e\u0441\u0442\u044c \u0432 \u0445\u043e\u0440\u043e\u0448\u0443\u044e \u043f\u043e\u0433\u043e\u0434\u0443.\" \/>\n<meta property=\"og:url\" content=\"https:\/\/kennol.com\/ru\/\u043f\u0440\u043e\u0434\u0443\u043a\u0442\u044b\/lave-glace-demoustiqueur-monoi\/\" \/>\n<meta property=\"og:site_name\" content=\"KENNOL\" \/>\n<meta property=\"article:modified_time\" content=\"2023-02-14T10:58:27+00:00\" \/>\n<meta property=\"og:image\" content=\"https:\/\/kennol.com\/wp-content\/uploads\/2018\/05\/KENNOL_LG_DEMOUSTIQUEUR_MONOI.jpg\" \/>\n\t<meta property=\"og:image:width\" content=\"1100\" \/>\n\t<meta property=\"og:image:height\" content=\"1100\" \/>\n\t<meta property=\"og:image:type\" content=\"image\/jpeg\" \/>\n<meta name=\"twitter:card\" content=\"summary_large_image\" \/>\n<meta name=\"twitter:label1\" content=\"\u041f\u0440\u0438\u043c\u0435\u0440\u043d\u043e\u0435 \u0432\u0440\u0435\u043c\u044f \u0434\u043b\u044f \u0447\u0442\u0435\u043d\u0438\u044f\" \/>\n\t<meta name=\"twitter:data1\" content=\"1 \u043c\u0438\u043d\u0443\u0442\u0430\" \/>\n<script type=\"application\/ld+json\" class=\"yoast-schema-graph\">{\"@context\":\"https:\\\/\\\/schema.org\",\"@graph\":[{\"@type\":\"WebPage\",\"@id\":\"https:\\\/\\\/kennol.com\\\/ru\\\/\u043f\u0440\u043e\u0434\u0443\u043a\u0442\u044b\\\/lave-glace-demoustiqueur-monoi\\\/\",\"url\":\"https:\\\/\\\/kennol.com\\\/ru\\\/\u043f\u0440\u043e\u0434\u0443\u043a\u0442\u044b\\\/lave-glace-demoustiqueur-monoi\\\/\",\"name\":\"\u041b\u0415\u0422\u041d\u042f\u042f \u0410\u041d\u0422\u0418\u041c\u041e\u0421\u041a\u0418\u0422\u041d\u0410\u042f \u041c\u041e\u041d\u041e\u0419 | KENNOL - Performance Fluid\",\"isPartOf\":{\"@id\":\"https:\\\/\\\/kennol.com\\\/ru\\\/#website\"},\"primaryImageOfPage\":{\"@id\":\"https:\\\/\\\/kennol.com\\\/ru\\\/\u043f\u0440\u043e\u0434\u0443\u043a\u0442\u044b\\\/lave-glace-demoustiqueur-monoi\\\/#primaryimage\"},\"image\":{\"@id\":\"https:\\\/\\\/kennol.com\\\/ru\\\/\u043f\u0440\u043e\u0434\u0443\u043a\u0442\u044b\\\/lave-glace-demoustiqueur-monoi\\\/#primaryimage\"},\"thumbnailUrl\":\"https:\\\/\\\/kennol.com\\\/wp-content\\\/uploads\\\/2018\\\/05\\\/KENNOL_LG_DEMOUSTIQUEUR_MONOI.jpg\",\"datePublished\":\"2018-05-02T12:46:23+00:00\",\"dateModified\":\"2023-02-14T10:58:27+00:00\",\"description\":\"\u0413\u043e\u0442\u043e\u0432\u0430\u044f \u043a \u043f\u0440\u0438\u043c\u0435\u043d\u0435\u043d\u0438\u044e \u0441\u0442\u0435\u043a\u043b\u043e\u043e\u043c\u044b\u0432\u0430\u044e\u0449\u0430\u044f \u0436\u0438\u0434\u043a\u043e\u0441\u0442\u044c \u0441 \u0443\u043d\u0438\u043a\u0430\u043b\u044c\u043d\u044b\u043c \u0430\u0440\u043e\u043c\u0430\u0442\u043e\u043c \u041c\u041e\u041d\u041e\u0419, \u0440\u0430\u0437\u0440\u0430\u0431\u043e\u0442\u0430\u043d\u043d\u0430\u044f \u0434\u043b\u044f \u0438\u0437\u0431\u0430\u0432\u043b\u0435\u043d\u0438\u044f \u043e\u0442 \u043d\u0430\u0441\u0435\u043a\u043e\u043c\u044b\u0445 \u0438 \u043e\u0447\u0438\u0449\u0435\u043d\u0438\u044f \u043b\u043e\u0431\u043e\u0432\u044b\u0445 \u0441\u0442\u0451\u043a\u043e\u043b \u0431\u0435\u0437 \u043f\u043e\u044f\u0432\u043b\u0435\u043d\u0438\u044f \u0440\u0430\u0437\u0432\u043e\u0434\u043e\u0432, \u043e\u0431\u0435\u0441\u043f\u0435\u0447\u0438\u0432\u0430\u044f \u043e\u043f\u0442\u0438\u043c\u0430\u043b\u044c\u043d\u0443\u044e \u0432\u0438\u0434\u0438\u043c\u043e\u0441\u0442\u044c \u0432 \u0445\u043e\u0440\u043e\u0448\u0443\u044e \u043f\u043e\u0433\u043e\u0434\u0443.\",\"breadcrumb\":{\"@id\":\"https:\\\/\\\/kennol.com\\\/ru\\\/\u043f\u0440\u043e\u0434\u0443\u043a\u0442\u044b\\\/lave-glace-demoustiqueur-monoi\\\/#breadcrumb\"},\"inLanguage\":\"ru-RU\",\"potentialAction\":[{\"@type\":\"ReadAction\",\"target\":[\"https:\\\/\\\/kennol.com\\\/ru\\\/\u043f\u0440\u043e\u0434\u0443\u043a\u0442\u044b\\\/lave-glace-demoustiqueur-monoi\\\/\"]}]},{\"@type\":\"ImageObject\",\"inLanguage\":\"ru-RU\",\"@id\":\"https:\\\/\\\/kennol.com\\\/ru\\\/\u043f\u0440\u043e\u0434\u0443\u043a\u0442\u044b\\\/lave-glace-demoustiqueur-monoi\\\/#primaryimage\",\"url\":\"https:\\\/\\\/kennol.com\\\/wp-content\\\/uploads\\\/2018\\\/05\\\/KENNOL_LG_DEMOUSTIQUEUR_MONOI.jpg\",\"contentUrl\":\"https:\\\/\\\/kennol.com\\\/wp-content\\\/uploads\\\/2018\\\/05\\\/KENNOL_LG_DEMOUSTIQUEUR_MONOI.jpg\",\"width\":1100,\"height\":1100,\"caption\":\"KENNOL LAVE-GLACE \u00c9T\u00c9 MONOI.\"},{\"@type\":\"BreadcrumbList\",\"@id\":\"https:\\\/\\\/kennol.com\\\/ru\\\/\u043f\u0440\u043e\u0434\u0443\u043a\u0442\u044b\\\/lave-glace-demoustiqueur-monoi\\\/#breadcrumb\",\"itemListElement\":[{\"@type\":\"ListItem\",\"position\":1,\"name\":\"\u041f\u0420\u041e\u0414\u0423\u041a\u0422\u042b\",\"item\":\"https:\\\/\\\/kennol.com\\\/ru\\\/products-2\\\/\"},{\"@type\":\"ListItem\",\"position\":2,\"name\":\"\u0410\u041d\u0422\u0418\u041c\u041e\u0421\u041a\u0418\u0422\u041d\u0410\u042f \u0421\u0422\u0415\u041a\u041b\u041e\u041e\u041c\u042b\u0412\u0410\u042e\u0429\u0410\u042f \u0416\u0418\u0414\u041a\u041e\u0421\u0422\u042c\"}]},{\"@type\":\"WebSite\",\"@id\":\"https:\\\/\\\/kennol.com\\\/ru\\\/#website\",\"url\":\"https:\\\/\\\/kennol.com\\\/ru\\\/\",\"name\":\"KENNOL\",\"description\":\"Performance Oil\",\"publisher\":{\"@id\":\"https:\\\/\\\/kennol.com\\\/ru\\\/#organization\"},\"potentialAction\":[{\"@type\":\"SearchAction\",\"target\":{\"@type\":\"EntryPoint\",\"urlTemplate\":\"https:\\\/\\\/kennol.com\\\/ru\\\/?s={search_term_string}\"},\"query-input\":{\"@type\":\"PropertyValueSpecification\",\"valueRequired\":true,\"valueName\":\"search_term_string\"}}],\"inLanguage\":\"ru-RU\"},{\"@type\":\"Organization\",\"@id\":\"https:\\\/\\\/kennol.com\\\/ru\\\/#organization\",\"name\":\"PPO\",\"url\":\"https:\\\/\\\/kennol.com\\\/ru\\\/\",\"logo\":{\"@type\":\"ImageObject\",\"inLanguage\":\"ru-RU\",\"@id\":\"https:\\\/\\\/kennol.com\\\/ru\\\/#\\\/schema\\\/logo\\\/image\\\/\",\"url\":\"https:\\\/\\\/kennol.com\\\/wp-content\\\/uploads\\\/2018\\\/01\\\/KENNOL_logo_header.png\",\"contentUrl\":\"https:\\\/\\\/kennol.com\\\/wp-content\\\/uploads\\\/2018\\\/01\\\/KENNOL_logo_header.png\",\"width\":400,\"height\":140,\"caption\":\"PPO\"},\"image\":{\"@id\":\"https:\\\/\\\/kennol.com\\\/ru\\\/#\\\/schema\\\/logo\\\/image\\\/\"}}]}<\/script>\n<!-- \/ Yoast SEO plugin. -->","yoast_head_json":{"title":"\u041b\u0415\u0422\u041d\u042f\u042f \u0410\u041d\u0422\u0418\u041c\u041e\u0421\u041a\u0418\u0422\u041d\u0410\u042f \u041c\u041e\u041d\u041e\u0419 | KENNOL - Performance Fluid","description":"\u0413\u043e\u0442\u043e\u0432\u0430\u044f \u043a \u043f\u0440\u0438\u043c\u0435\u043d\u0435\u043d\u0438\u044e \u0441\u0442\u0435\u043a\u043b\u043e\u043e\u043c\u044b\u0432\u0430\u044e\u0449\u0430\u044f \u0436\u0438\u0434\u043a\u043e\u0441\u0442\u044c \u0441 \u0443\u043d\u0438\u043a\u0430\u043b\u044c\u043d\u044b\u043c \u0430\u0440\u043e\u043c\u0430\u0442\u043e\u043c \u041c\u041e\u041d\u041e\u0419, \u0440\u0430\u0437\u0440\u0430\u0431\u043e\u0442\u0430\u043d\u043d\u0430\u044f \u0434\u043b\u044f \u0438\u0437\u0431\u0430\u0432\u043b\u0435\u043d\u0438\u044f \u043e\u0442 \u043d\u0430\u0441\u0435\u043a\u043e\u043c\u044b\u0445 \u0438 \u043e\u0447\u0438\u0449\u0435\u043d\u0438\u044f \u043b\u043e\u0431\u043e\u0432\u044b\u0445 \u0441\u0442\u0451\u043a\u043e\u043b \u0431\u0435\u0437 \u043f\u043e\u044f\u0432\u043b\u0435\u043d\u0438\u044f \u0440\u0430\u0437\u0432\u043e\u0434\u043e\u0432, \u043e\u0431\u0435\u0441\u043f\u0435\u0447\u0438\u0432\u0430\u044f \u043e\u043f\u0442\u0438\u043c\u0430\u043b\u044c\u043d\u0443\u044e \u0432\u0438\u0434\u0438\u043c\u043e\u0441\u0442\u044c \u0432 \u0445\u043e\u0440\u043e\u0448\u0443\u044e \u043f\u043e\u0433\u043e\u0434\u0443.","robots":{"index":"index","follow":"follow","max-snippet":"max-snippet:-1","max-image-preview":"max-image-preview:large","max-video-preview":"max-video-preview:-1"},"canonical":"https:\/\/kennol.com\/ru\/\u043f\u0440\u043e\u0434\u0443\u043a\u0442\u044b\/lave-glace-demoustiqueur-monoi\/","og_locale":"ru_RU","og_type":"article","og_title":"\u041b\u0415\u0422\u041d\u042f\u042f \u0410\u041d\u0422\u0418\u041c\u041e\u0421\u041a\u0418\u0422\u041d\u0410\u042f \u041c\u041e\u041d\u041e\u0419 | KENNOL - Performance Fluid","og_description":"\u0413\u043e\u0442\u043e\u0432\u0430\u044f \u043a \u043f\u0440\u0438\u043c\u0435\u043d\u0435\u043d\u0438\u044e \u0441\u0442\u0435\u043a\u043b\u043e\u043e\u043c\u044b\u0432\u0430\u044e\u0449\u0430\u044f \u0436\u0438\u0434\u043a\u043e\u0441\u0442\u044c \u0441 \u0443\u043d\u0438\u043a\u0430\u043b\u044c\u043d\u044b\u043c \u0430\u0440\u043e\u043c\u0430\u0442\u043e\u043c \u041c\u041e\u041d\u041e\u0419, \u0440\u0430\u0437\u0440\u0430\u0431\u043e\u0442\u0430\u043d\u043d\u0430\u044f \u0434\u043b\u044f \u0438\u0437\u0431\u0430\u0432\u043b\u0435\u043d\u0438\u044f \u043e\u0442 \u043d\u0430\u0441\u0435\u043a\u043e\u043c\u044b\u0445 \u0438 \u043e\u0447\u0438\u0449\u0435\u043d\u0438\u044f \u043b\u043e\u0431\u043e\u0432\u044b\u0445 \u0441\u0442\u0451\u043a\u043e\u043b \u0431\u0435\u0437 \u043f\u043e\u044f\u0432\u043b\u0435\u043d\u0438\u044f \u0440\u0430\u0437\u0432\u043e\u0434\u043e\u0432, \u043e\u0431\u0435\u0441\u043f\u0435\u0447\u0438\u0432\u0430\u044f \u043e\u043f\u0442\u0438\u043c\u0430\u043b\u044c\u043d\u0443\u044e \u0432\u0438\u0434\u0438\u043c\u043e\u0441\u0442\u044c \u0432 \u0445\u043e\u0440\u043e\u0448\u0443\u044e \u043f\u043e\u0433\u043e\u0434\u0443.","og_url":"https:\/\/kennol.com\/ru\/\u043f\u0440\u043e\u0434\u0443\u043a\u0442\u044b\/lave-glace-demoustiqueur-monoi\/","og_site_name":"KENNOL","article_modified_time":"2023-02-14T10:58:27+00:00","og_image":[{"width":1100,"height":1100,"url":"https:\/\/kennol.com\/wp-content\/uploads\/2018\/05\/KENNOL_LG_DEMOUSTIQUEUR_MONOI.jpg","type":"image\/jpeg"}],"twitter_card":"summary_large_image","twitter_misc":{"\u041f\u0440\u0438\u043c\u0435\u0440\u043d\u043e\u0435 \u0432\u0440\u0435\u043c\u044f \u0434\u043b\u044f \u0447\u0442\u0435\u043d\u0438\u044f":"1 \u043c\u0438\u043d\u0443\u0442\u0430"},"schema":{"@context":"https:\/\/schema.org","@graph":[{"@type":"WebPage","@id":"https:\/\/kennol.com\/ru\/\u043f\u0440\u043e\u0434\u0443\u043a\u0442\u044b\/lave-glace-demoustiqueur-monoi\/","url":"https:\/\/kennol.com\/ru\/\u043f\u0440\u043e\u0434\u0443\u043a\u0442\u044b\/lave-glace-demoustiqueur-monoi\/","name":"\u041b\u0415\u0422\u041d\u042f\u042f \u0410\u041d\u0422\u0418\u041c\u041e\u0421\u041a\u0418\u0422\u041d\u0410\u042f \u041c\u041e\u041d\u041e\u0419 | KENNOL - Performance Fluid","isPartOf":{"@id":"https:\/\/kennol.com\/ru\/#website"},"primaryImageOfPage":{"@id":"https:\/\/kennol.com\/ru\/\u043f\u0440\u043e\u0434\u0443\u043a\u0442\u044b\/lave-glace-demoustiqueur-monoi\/#primaryimage"},"image":{"@id":"https:\/\/kennol.com\/ru\/\u043f\u0440\u043e\u0434\u0443\u043a\u0442\u044b\/lave-glace-demoustiqueur-monoi\/#primaryimage"},"thumbnailUrl":"https:\/\/kennol.com\/wp-content\/uploads\/2018\/05\/KENNOL_LG_DEMOUSTIQUEUR_MONOI.jpg","datePublished":"2018-05-02T12:46:23+00:00","dateModified":"2023-02-14T10:58:27+00:00","description":"\u0413\u043e\u0442\u043e\u0432\u0430\u044f \u043a \u043f\u0440\u0438\u043c\u0435\u043d\u0435\u043d\u0438\u044e \u0441\u0442\u0435\u043a\u043b\u043e\u043e\u043c\u044b\u0432\u0430\u044e\u0449\u0430\u044f \u0436\u0438\u0434\u043a\u043e\u0441\u0442\u044c \u0441 \u0443\u043d\u0438\u043a\u0430\u043b\u044c\u043d\u044b\u043c \u0430\u0440\u043e\u043c\u0430\u0442\u043e\u043c \u041c\u041e\u041d\u041e\u0419, \u0440\u0430\u0437\u0440\u0430\u0431\u043e\u0442\u0430\u043d\u043d\u0430\u044f \u0434\u043b\u044f \u0438\u0437\u0431\u0430\u0432\u043b\u0435\u043d\u0438\u044f \u043e\u0442 \u043d\u0430\u0441\u0435\u043a\u043e\u043c\u044b\u0445 \u0438 \u043e\u0447\u0438\u0449\u0435\u043d\u0438\u044f \u043b\u043e\u0431\u043e\u0432\u044b\u0445 \u0441\u0442\u0451\u043a\u043e\u043b \u0431\u0435\u0437 \u043f\u043e\u044f\u0432\u043b\u0435\u043d\u0438\u044f \u0440\u0430\u0437\u0432\u043e\u0434\u043e\u0432, \u043e\u0431\u0435\u0441\u043f\u0435\u0447\u0438\u0432\u0430\u044f \u043e\u043f\u0442\u0438\u043c\u0430\u043b\u044c\u043d\u0443\u044e \u0432\u0438\u0434\u0438\u043c\u043e\u0441\u0442\u044c \u0432 \u0445\u043e\u0440\u043e\u0448\u0443\u044e \u043f\u043e\u0433\u043e\u0434\u0443.","breadcrumb":{"@id":"https:\/\/kennol.com\/ru\/\u043f\u0440\u043e\u0434\u0443\u043a\u0442\u044b\/lave-glace-demoustiqueur-monoi\/#breadcrumb"},"inLanguage":"ru-RU","potentialAction":[{"@type":"ReadAction","target":["https:\/\/kennol.com\/ru\/\u043f\u0440\u043e\u0434\u0443\u043a\u0442\u044b\/lave-glace-demoustiqueur-monoi\/"]}]},{"@type":"ImageObject","inLanguage":"ru-RU","@id":"https:\/\/kennol.com\/ru\/\u043f\u0440\u043e\u0434\u0443\u043a\u0442\u044b\/lave-glace-demoustiqueur-monoi\/#primaryimage","url":"https:\/\/kennol.com\/wp-content\/uploads\/2018\/05\/KENNOL_LG_DEMOUSTIQUEUR_MONOI.jpg","contentUrl":"https:\/\/kennol.com\/wp-content\/uploads\/2018\/05\/KENNOL_LG_DEMOUSTIQUEUR_MONOI.jpg","width":1100,"height":1100,"caption":"KENNOL LAVE-GLACE \u00c9T\u00c9 MONOI."},{"@type":"BreadcrumbList","@id":"https:\/\/kennol.com\/ru\/\u043f\u0440\u043e\u0434\u0443\u043a\u0442\u044b\/lave-glace-demoustiqueur-monoi\/#breadcrumb","itemListElement":[{"@type":"ListItem","position":1,"name":"\u041f\u0420\u041e\u0414\u0423\u041a\u0422\u042b","item":"https:\/\/kennol.com\/ru\/products-2\/"},{"@type":"ListItem","position":2,"name":"\u0410\u041d\u0422\u0418\u041c\u041e\u0421\u041a\u0418\u0422\u041d\u0410\u042f \u0421\u0422\u0415\u041a\u041b\u041e\u041e\u041c\u042b\u0412\u0410\u042e\u0429\u0410\u042f \u0416\u0418\u0414\u041a\u041e\u0421\u0422\u042c"}]},{"@type":"WebSite","@id":"https:\/\/kennol.com\/ru\/#website","url":"https:\/\/kennol.com\/ru\/","name":"KENNOL","description":"Performance Oil","publisher":{"@id":"https:\/\/kennol.com\/ru\/#organization"},"potentialAction":[{"@type":"SearchAction","target":{"@type":"EntryPoint","urlTemplate":"https:\/\/kennol.com\/ru\/?s={search_term_string}"},"query-input":{"@type":"PropertyValueSpecification","valueRequired":true,"valueName":"search_term_string"}}],"inLanguage":"ru-RU"},{"@type":"Organization","@id":"https:\/\/kennol.com\/ru\/#organization","name":"PPO","url":"https:\/\/kennol.com\/ru\/","logo":{"@type":"ImageObject","inLanguage":"ru-RU","@id":"https:\/\/kennol.com\/ru\/#\/schema\/logo\/image\/","url":"https:\/\/kennol.com\/wp-content\/uploads\/2018\/01\/KENNOL_logo_header.png","contentUrl":"https:\/\/kennol.com\/wp-content\/uploads\/2018\/01\/KENNOL_logo_header.png","width":400,"height":140,"caption":"PPO"},"image":{"@id":"https:\/\/kennol.com\/ru\/#\/schema\/logo\/image\/"}}]}},"_links":{"self":[{"href":"https:\/\/kennol.com\/ru\/wp-json\/wp\/v2\/product\/24163","targetHints":{"allow":["GET"]}}],"collection":[{"href":"https:\/\/kennol.com\/ru\/wp-json\/wp\/v2\/product"}],"about":[{"href":"https:\/\/kennol.com\/ru\/wp-json\/wp\/v2\/types\/product"}],"wp:featuredmedia":[{"embeddable":true,"href":"https:\/\/kennol.com\/ru\/wp-json\/wp\/v2\/media\/24164"}],"wp:attachment":[{"href":"https:\/\/kennol.com\/ru\/wp-json\/wp\/v2\/media?parent=24163"}],"wp:term":[{"taxonomy":"product_brand","embeddable":true,"href":"https:\/\/kennol.com\/ru\/wp-json\/wp\/v2\/product_brand?post=24163"},{"taxonomy":"product_cat","embeddable":true,"href":"https:\/\/kennol.com\/ru\/wp-json\/wp\/v2\/product_cat?post=24163"},{"taxonomy":"product_tag","embeddable":true,"href":"https:\/\/kennol.com\/ru\/wp-json\/wp\/v2\/product_tag?post=24163"}],"curies":[{"name":"wp","href":"https:\/\/api.w.org\/{rel}","templated":true}]}}