{"id":67554,"date":"2025-04-09T10:55:59","date_gmt":"2025-04-09T08:55:59","guid":{"rendered":"https:\/\/kennol.com\/?post_type=product&#038;p=67554"},"modified":"2025-08-07T14:56:26","modified_gmt":"2025-08-07T12:56:26","slug":"hydra-hv-32","status":"publish","type":"product","link":"https:\/\/kennol.com\/it\/prodotti\/hydra-hv-32\/","title":{"rendered":"HYDRA HV 32"},"content":{"rendered":"<div class=\"wpb-content-wrapper\"><p>[vc_row row_content_width=&#8221;grid&#8221;][vc_column][vc_empty_space height=&#8221;10px&#8221;][vc_column_text css=&#8221;&#8221;]<\/p>\n<p><span style=\"color: #ffffff;\">High quality hydraulic oil for use in all hydraulic systems on industrial machinery or on mobile plant (building site equipment, agricultural machinery, transport equipment). It is especially recommended for hydraulic systems working outside at very different temperatures and meets the requirements of high pressure hydraulic systems.<\/span><\/p>\n<p>[\/vc_column_text][vc_empty_space height=&#8221;10px&#8221;][vc_column_text]<span style=\"color: #999999;\"><em>CARATTERISTICHE E VANTAGGI<\/em><\/span>[\/vc_column_text]<div class=\"eltd-separator-holder clearfix  eltd-separator-center \">\n\t<div class=\"eltd-separator\" style=\"border-color: #999999;border-style: solid;width: 100%;border-bottom-width: 1px\"><\/div>\n<\/div>\n[vc_column_text css=&#8221;&#8221;]<span style=\"color: #999999;\">Buon indice di viscosit\u00e0, buone propriet\u00e0 di demulsivit\u00e0 e antischiuma.<\/span><br \/>\n<span style=\"color: #ee3124;\">\u2192\u00a0<\/span><span style=\"color: #ffffff;\">Buona trasmissione di energia.<\/span><\/p>\n<p><span style=\"color: #999999;\">Additivi antiusura, anticorrosione, antiossidanti e pressione estrema.<\/span><br \/>\n<span style=\"color: #ee3124;\">\u2192\u00a0<\/span><span style=\"color: #ffffff;\">Protezione degli elementi del circuito.<\/span><\/p>\n<p><span style=\"color: #ee3124;\">\u2192\u00a0<\/span><span style=\"color: #ffffff;\">Neutro nei confronti degli elastomeri utilizzati nell&#8217;industria.<\/span><\/p>\n<p><span style=\"color: #999999;\">Compatibile con elementi argentati o in bronzo.<\/span>[\/vc_column_text][\/vc_column][\/vc_row][vc_column][\/vc_column][vc_column][\/vc_column]<\/p>\n<\/div>","protected":false},"excerpt":{"rendered":"<h3><span style=\"color: #808080;\">OLIO IDRAULICO<\/span><\/h3>\n<p>&nbsp;<br \/>\n<span style=\"color: #666666;\"><em>SPECIFICHE<\/em><\/span><\/p>\n<hr color=\"#666666\" line-height=\"1px\"\/>\n<span style=\"color: #ffffff;\"><strong>AFNOR <\/strong>NFE 48603 HV<br \/>\n<strong>DENISON <\/strong>HFO<br \/>\n<strong>DIN <\/strong>51524-2 HLP<br \/>\n<strong>DIN <\/strong>51524-3 HVLP<br \/>\n<strong>ISO <\/strong>3498 VG 32<br \/>\n<\/span><br \/>\n<span style=\"color: #666666;\"><em>PACKAGING DISPONIBILI<\/em><\/span><\/p>\n<hr color=\"#666666\" line-height=\"1px\"\/>\n<style>.col3 {-webkit-column-count: 3; -moz-column-count: 3; column-count: 3;}<\/style>\n<div class=\"col3\">\n<div class=\"leftcontainer\"><img decoding=\"async\" src=\"\/wp-content\/uploads\/KENNOL_CONDITIONNEMENT_5L.png\" onmouseover=\"this.src=&#039;\/wp-content\/uploads\/KENNOL_CONDITIONNEMENT_5L_VISUEL.png&#039;\" onmouseout=\"this.src=&#039;\/wp-content\/uploads\/KENNOL_CONDITIONNEMENT_5L.png&#039;\"\/><\/p>\n<p>198483<\/p>\n<\/div>\n<div class=\"leftcontainer\"><img decoding=\"async\" src=\"\/wp-content\/uploads\/KENNOL_CONDITIONNEMENT_20L.png\" onmouseover=\"this.src=&#039;\/wp-content\/uploads\/KENNOL_CONDITIONNEMENT_20L_VISUEL.png&#039;\" onmouseout=\"this.src=&#039;\/wp-content\/uploads\/KENNOL_CONDITIONNEMENT_20L.png&#039;\"\/><\/p>\n<p>198485<\/p>\n<\/div>\n<div class=\"leftcontainer\"><img decoding=\"async\" src=\"\/wp-content\/uploads\/KENNOL_CONDITIONNEMENT_220L.png\" onmouseover=\"this.src=&#039;\/wp-content\/uploads\/KENNOL_CONDITIONNEMENT_220L_VISUEL.png&#039;\" onmouseout=\"this.src=&#039;\/wp-content\/uploads\/KENNOL_CONDITIONNEMENT_220L.png&#039;\"\/><\/p>\n<p>198489<\/p>\n<\/div>\n<\/div>\n<p>&nbsp;<br \/>\n<em><span style=\"color: #666666;\">SCARICA<\/span><\/em><\/p>\n<hr color=\"#666666\" line-height=\"1px\"\/>\n<a href=\"\/EN\/FT\/KENNOL_HYDRA_HV_32_EN.pdf\" target=\"_blank\" rel=\"noopener noreferrer\"><img decoding=\"async\" src=\"\/wp-content\/uploads\/2018\/03\/pdf.png\" alt=\"\" \/>\u00a0 <\/a><span style=\"color: #ee3124;\"><a style=\"color: #ee3124;\" href=\"\/EN\/FT\/KENNOL_HYDRA_HV_32_EN.pdf\" target=\"_blank\" rel=\"noopener noreferrer\"><b>Scheda tecnica<\/b><\/a><br \/>\n<a href=\"\/EN\/FDS\/KENNOL_HYDRA_HV_32_EN.pdf\" target=\"_blank\" rel=\"noopener noreferrer\"><img decoding=\"async\" src=\"\/wp-content\/uploads\/2018\/03\/pdf.png\" alt=\"\" \/>\u00a0\u00a0<\/a><span style=\"color: #ee3124;\"><a style=\"color: #ee3124;\" href=\"\/EN\/FDS\/KENNOL_HYDRA_HV_32_EN.pdf\" target=\"_blank\" rel=\"noopener noreferrer\"><b>Scheda di sicurezza<\/b><\/a><br \/>\n&nbsp;<br \/>\n<a href=\"\/it\/il-brand\/marchi\/\"><img decoding=\"async\" src=\"\/wp-content\/uploads\/KENNOL_LOGO_MadeInFrance.png\" width=\"250\" \/><\/a><\/span><\/span><\/p>\n","protected":false},"featured_media":67631,"template":"","meta":{"_monsterinsights_skip_tracking":false,"_monsterinsights_sitenote_active":false,"_monsterinsights_sitenote_note":"","_monsterinsights_sitenote_category":0},"product_brand":[],"product_cat":[1657,2839],"product_tag":[1665],"class_list":{"0":"post-67554","1":"product","2":"type-product","3":"status-publish","4":"has-post-thumbnail","6":"product_cat-agricoltura","7":"product_cat-olio-idraulico","8":"product_tag-olio-idraulico","10":"first","11":"instock","12":"shipping-taxable","13":"product-type-simple"},"yoast_head":"<!-- This site is optimized with the Yoast SEO plugin v27.5 - https:\/\/yoast.com\/product\/yoast-seo-wordpress\/ -->\n<title>HYDRA HV 32 | KENNOL - Performance Oil<\/title>\n<meta name=\"description\" content=\"High quality hydraulic oil for use in all hydraulic systems on industrial machinery or on mobile plant (building site equipment, agricultural machinery, transport equipment). It is especially recommended for hydraulic systems working outside at very different temperatures and meets the requirements of high pressure hydraulic systems.\" \/>\n<meta name=\"robots\" content=\"index, follow, max-snippet:-1, max-image-preview:large, max-video-preview:-1\" \/>\n<link rel=\"canonical\" href=\"https:\/\/kennol.com\/it\/prodotti\/hydra-hv-32\/\" \/>\n<meta property=\"og:locale\" content=\"it_IT\" \/>\n<meta property=\"og:type\" content=\"article\" \/>\n<meta property=\"og:title\" content=\"HYDRA HV 32 | KENNOL - Performance Oil\" \/>\n<meta property=\"og:description\" content=\"High quality hydraulic oil for use in all hydraulic systems on industrial machinery or on mobile plant (building site equipment, agricultural machinery, transport equipment). It is especially recommended for hydraulic systems working outside at very different temperatures and meets the requirements of high pressure hydraulic systems.\" \/>\n<meta property=\"og:url\" content=\"https:\/\/kennol.com\/it\/prodotti\/hydra-hv-32\/\" \/>\n<meta property=\"og:site_name\" content=\"KENNOL\" \/>\n<meta property=\"article:modified_time\" content=\"2025-08-07T12:56:26+00:00\" \/>\n<meta property=\"og:image\" content=\"https:\/\/kennol.com\/wp-content\/uploads\/KENNOL_HYDRA_HV32.jpg\" \/>\n\t<meta property=\"og:image:width\" content=\"1100\" \/>\n\t<meta property=\"og:image:height\" content=\"1100\" \/>\n\t<meta property=\"og:image:type\" content=\"image\/jpeg\" \/>\n<meta name=\"twitter:card\" content=\"summary_large_image\" \/>\n<meta name=\"twitter:label1\" content=\"Tempo di lettura stimato\" \/>\n\t<meta name=\"twitter:data1\" content=\"1 minuto\" \/>\n<script type=\"application\/ld+json\" class=\"yoast-schema-graph\">{\"@context\":\"https:\\\/\\\/schema.org\",\"@graph\":[{\"@type\":\"WebPage\",\"@id\":\"https:\\\/\\\/kennol.com\\\/it\\\/prodotti\\\/hydra-hv-32\\\/\",\"url\":\"https:\\\/\\\/kennol.com\\\/it\\\/prodotti\\\/hydra-hv-32\\\/\",\"name\":\"HYDRA HV 32 | KENNOL - Performance Oil\",\"isPartOf\":{\"@id\":\"https:\\\/\\\/kennol.com\\\/it\\\/#website\"},\"primaryImageOfPage\":{\"@id\":\"https:\\\/\\\/kennol.com\\\/it\\\/prodotti\\\/hydra-hv-32\\\/#primaryimage\"},\"image\":{\"@id\":\"https:\\\/\\\/kennol.com\\\/it\\\/prodotti\\\/hydra-hv-32\\\/#primaryimage\"},\"thumbnailUrl\":\"https:\\\/\\\/kennol.com\\\/wp-content\\\/uploads\\\/KENNOL_HYDRA_HV32.jpg\",\"datePublished\":\"2025-04-09T08:55:59+00:00\",\"dateModified\":\"2025-08-07T12:56:26+00:00\",\"description\":\"High quality hydraulic oil for use in all hydraulic systems on industrial machinery or on mobile plant (building site equipment, agricultural machinery, transport equipment). It is especially recommended for hydraulic systems working outside at very different temperatures and meets the requirements of high pressure hydraulic systems.\",\"breadcrumb\":{\"@id\":\"https:\\\/\\\/kennol.com\\\/it\\\/prodotti\\\/hydra-hv-32\\\/#breadcrumb\"},\"inLanguage\":\"it-IT\",\"potentialAction\":[{\"@type\":\"ReadAction\",\"target\":[\"https:\\\/\\\/kennol.com\\\/it\\\/prodotti\\\/hydra-hv-32\\\/\"]}]},{\"@type\":\"ImageObject\",\"inLanguage\":\"it-IT\",\"@id\":\"https:\\\/\\\/kennol.com\\\/it\\\/prodotti\\\/hydra-hv-32\\\/#primaryimage\",\"url\":\"https:\\\/\\\/kennol.com\\\/wp-content\\\/uploads\\\/KENNOL_HYDRA_HV32.jpg\",\"contentUrl\":\"https:\\\/\\\/kennol.com\\\/wp-content\\\/uploads\\\/KENNOL_HYDRA_HV32.jpg\",\"width\":1100,\"height\":1100},{\"@type\":\"BreadcrumbList\",\"@id\":\"https:\\\/\\\/kennol.com\\\/it\\\/prodotti\\\/hydra-hv-32\\\/#breadcrumb\",\"itemListElement\":[{\"@type\":\"ListItem\",\"position\":1,\"name\":\"PRODOTTI\",\"item\":\"https:\\\/\\\/kennol.com\\\/it\\\/products-2\\\/\"},{\"@type\":\"ListItem\",\"position\":2,\"name\":\"HYDRA HV 32\"}]},{\"@type\":\"WebSite\",\"@id\":\"https:\\\/\\\/kennol.com\\\/it\\\/#website\",\"url\":\"https:\\\/\\\/kennol.com\\\/it\\\/\",\"name\":\"KENNOL\",\"description\":\"Performance Oil\",\"publisher\":{\"@id\":\"https:\\\/\\\/kennol.com\\\/it\\\/#organization\"},\"potentialAction\":[{\"@type\":\"SearchAction\",\"target\":{\"@type\":\"EntryPoint\",\"urlTemplate\":\"https:\\\/\\\/kennol.com\\\/it\\\/?s={search_term_string}\"},\"query-input\":{\"@type\":\"PropertyValueSpecification\",\"valueRequired\":true,\"valueName\":\"search_term_string\"}}],\"inLanguage\":\"it-IT\"},{\"@type\":\"Organization\",\"@id\":\"https:\\\/\\\/kennol.com\\\/it\\\/#organization\",\"name\":\"PPO\",\"url\":\"https:\\\/\\\/kennol.com\\\/it\\\/\",\"logo\":{\"@type\":\"ImageObject\",\"inLanguage\":\"it-IT\",\"@id\":\"https:\\\/\\\/kennol.com\\\/it\\\/#\\\/schema\\\/logo\\\/image\\\/\",\"url\":\"https:\\\/\\\/kennol.com\\\/wp-content\\\/uploads\\\/2018\\\/01\\\/KENNOL_logo_header.png\",\"contentUrl\":\"https:\\\/\\\/kennol.com\\\/wp-content\\\/uploads\\\/2018\\\/01\\\/KENNOL_logo_header.png\",\"width\":400,\"height\":140,\"caption\":\"PPO\"},\"image\":{\"@id\":\"https:\\\/\\\/kennol.com\\\/it\\\/#\\\/schema\\\/logo\\\/image\\\/\"}}]}<\/script>\n<!-- \/ Yoast SEO plugin. -->","yoast_head_json":{"title":"HYDRA HV 32 | KENNOL - Performance Oil","description":"High quality hydraulic oil for use in all hydraulic systems on industrial machinery or on mobile plant (building site equipment, agricultural machinery, transport equipment). It is especially recommended for hydraulic systems working outside at very different temperatures and meets the requirements of high pressure hydraulic systems.","robots":{"index":"index","follow":"follow","max-snippet":"max-snippet:-1","max-image-preview":"max-image-preview:large","max-video-preview":"max-video-preview:-1"},"canonical":"https:\/\/kennol.com\/it\/prodotti\/hydra-hv-32\/","og_locale":"it_IT","og_type":"article","og_title":"HYDRA HV 32 | KENNOL - Performance Oil","og_description":"High quality hydraulic oil for use in all hydraulic systems on industrial machinery or on mobile plant (building site equipment, agricultural machinery, transport equipment). It is especially recommended for hydraulic systems working outside at very different temperatures and meets the requirements of high pressure hydraulic systems.","og_url":"https:\/\/kennol.com\/it\/prodotti\/hydra-hv-32\/","og_site_name":"KENNOL","article_modified_time":"2025-08-07T12:56:26+00:00","og_image":[{"width":1100,"height":1100,"url":"https:\/\/kennol.com\/wp-content\/uploads\/KENNOL_HYDRA_HV32.jpg","type":"image\/jpeg"}],"twitter_card":"summary_large_image","twitter_misc":{"Tempo di lettura stimato":"1 minuto"},"schema":{"@context":"https:\/\/schema.org","@graph":[{"@type":"WebPage","@id":"https:\/\/kennol.com\/it\/prodotti\/hydra-hv-32\/","url":"https:\/\/kennol.com\/it\/prodotti\/hydra-hv-32\/","name":"HYDRA HV 32 | KENNOL - Performance Oil","isPartOf":{"@id":"https:\/\/kennol.com\/it\/#website"},"primaryImageOfPage":{"@id":"https:\/\/kennol.com\/it\/prodotti\/hydra-hv-32\/#primaryimage"},"image":{"@id":"https:\/\/kennol.com\/it\/prodotti\/hydra-hv-32\/#primaryimage"},"thumbnailUrl":"https:\/\/kennol.com\/wp-content\/uploads\/KENNOL_HYDRA_HV32.jpg","datePublished":"2025-04-09T08:55:59+00:00","dateModified":"2025-08-07T12:56:26+00:00","description":"High quality hydraulic oil for use in all hydraulic systems on industrial machinery or on mobile plant (building site equipment, agricultural machinery, transport equipment). It is especially recommended for hydraulic systems working outside at very different temperatures and meets the requirements of high pressure hydraulic systems.","breadcrumb":{"@id":"https:\/\/kennol.com\/it\/prodotti\/hydra-hv-32\/#breadcrumb"},"inLanguage":"it-IT","potentialAction":[{"@type":"ReadAction","target":["https:\/\/kennol.com\/it\/prodotti\/hydra-hv-32\/"]}]},{"@type":"ImageObject","inLanguage":"it-IT","@id":"https:\/\/kennol.com\/it\/prodotti\/hydra-hv-32\/#primaryimage","url":"https:\/\/kennol.com\/wp-content\/uploads\/KENNOL_HYDRA_HV32.jpg","contentUrl":"https:\/\/kennol.com\/wp-content\/uploads\/KENNOL_HYDRA_HV32.jpg","width":1100,"height":1100},{"@type":"BreadcrumbList","@id":"https:\/\/kennol.com\/it\/prodotti\/hydra-hv-32\/#breadcrumb","itemListElement":[{"@type":"ListItem","position":1,"name":"PRODOTTI","item":"https:\/\/kennol.com\/it\/products-2\/"},{"@type":"ListItem","position":2,"name":"HYDRA HV 32"}]},{"@type":"WebSite","@id":"https:\/\/kennol.com\/it\/#website","url":"https:\/\/kennol.com\/it\/","name":"KENNOL","description":"Performance Oil","publisher":{"@id":"https:\/\/kennol.com\/it\/#organization"},"potentialAction":[{"@type":"SearchAction","target":{"@type":"EntryPoint","urlTemplate":"https:\/\/kennol.com\/it\/?s={search_term_string}"},"query-input":{"@type":"PropertyValueSpecification","valueRequired":true,"valueName":"search_term_string"}}],"inLanguage":"it-IT"},{"@type":"Organization","@id":"https:\/\/kennol.com\/it\/#organization","name":"PPO","url":"https:\/\/kennol.com\/it\/","logo":{"@type":"ImageObject","inLanguage":"it-IT","@id":"https:\/\/kennol.com\/it\/#\/schema\/logo\/image\/","url":"https:\/\/kennol.com\/wp-content\/uploads\/2018\/01\/KENNOL_logo_header.png","contentUrl":"https:\/\/kennol.com\/wp-content\/uploads\/2018\/01\/KENNOL_logo_header.png","width":400,"height":140,"caption":"PPO"},"image":{"@id":"https:\/\/kennol.com\/it\/#\/schema\/logo\/image\/"}}]}},"_links":{"self":[{"href":"https:\/\/kennol.com\/it\/wp-json\/wp\/v2\/product\/67554","targetHints":{"allow":["GET"]}}],"collection":[{"href":"https:\/\/kennol.com\/it\/wp-json\/wp\/v2\/product"}],"about":[{"href":"https:\/\/kennol.com\/it\/wp-json\/wp\/v2\/types\/product"}],"wp:featuredmedia":[{"embeddable":true,"href":"https:\/\/kennol.com\/it\/wp-json\/wp\/v2\/media\/67631"}],"wp:attachment":[{"href":"https:\/\/kennol.com\/it\/wp-json\/wp\/v2\/media?parent=67554"}],"wp:term":[{"taxonomy":"product_brand","embeddable":true,"href":"https:\/\/kennol.com\/it\/wp-json\/wp\/v2\/product_brand?post=67554"},{"taxonomy":"product_cat","embeddable":true,"href":"https:\/\/kennol.com\/it\/wp-json\/wp\/v2\/product_cat?post=67554"},{"taxonomy":"product_tag","embeddable":true,"href":"https:\/\/kennol.com\/it\/wp-json\/wp\/v2\/product_tag?post=67554"}],"curies":[{"name":"wp","href":"https:\/\/api.w.org\/{rel}","templated":true}]}}