{"id":34265,"date":"2020-05-11T12:44:13","date_gmt":"2020-05-11T12:44:13","guid":{"rendered":"https:\/\/kennol.com\/il-brand\/animazioni\/"},"modified":"2021-12-20T10:04:45","modified_gmt":"2021-12-20T09:04:45","slug":"animazioni","status":"publish","type":"page","link":"https:\/\/kennol.com\/it\/il-brand\/animazioni\/","title":{"rendered":"Animazioni"},"content":{"rendered":"<div class=\"wpb-content-wrapper\"><p>[vc_row full_width=&#8221;stretch_row&#8221; disable_background_image=&#8221;&#8221; content_text_aligment=&#8221;left&#8221; simple_background_color=&#8221;#ee3124&#8243; simple_background_image=&#8221;7083&#8243;][vc_column offset=&#8221;vc_hidden-lg vc_hidden-md&#8221;]<div class=\"eltd-section-title-holder  eltd-st-standard eltd-st-title-left eltd-st-normal-space \" >\n\t<div class=\"eltd-st-inner\">\n\t\t\t\t\t<h3 class=\"eltd-st-title\" style=\"color: #000000\">\n\t\t\t\tANIMAZIONI KRT\t\t\t<\/h3>\n\t\t\t\t\t<\/div>\n<\/div>[\/vc_column][\/vc_row][vc_row full_width=&#8221;stretch_row&#8221; disable_background_image=&#8221;&#8221; content_text_aligment=&#8221;left&#8221; simple_background_color=&#8221;#ee3124&#8243; simple_background_image=&#8221;8855&#8243; css=&#8221;.vc_custom_1534849842529{background-image: url(\/wp-content\/uploads\/2018\/06\/News_PERFORMANCE_bandeau.png?id=8855) !important;background-position: center !important;background-repeat: no-repeat !important;background-size: cover !important;}&#8221;][vc_column offset=&#8221;vc_hidden-md vc_hidden-sm vc_hidden-xs&#8221; css=&#8221;.vc_custom_1529593952633{padding-top: 120px !important;padding-bottom: 40px !important;}&#8221;][vc_column_text]<\/p>\n<h1><span style=\"color: #000000; font-size: larger;\">ANIMAZIONI KRT<\/span><\/h1>\n<p>[\/vc_column_text][\/vc_column][\/vc_row][vc_row full_width=&#8221;stretch_row_content_no_spaces&#8221; full_height=&#8221;yes&#8221; columns_placement=&#8221;bottom&#8221; content_placement=&#8221;middle&#8221; parallax=&#8221;content-moving-fade&#8221; parallax_image=&#8221;48973&#8243; parallax_speed_bg=&#8221;1.15&#8243; css_animation=&#8221;fadeIn&#8221;][vc_column][vc_row_inner content_placement=&#8221;top&#8221; row_content_width=&#8221;grid&#8221; css=&#8221;.vc_custom_1534850127557{padding-bottom: 30px !important;}&#8221;][vc_column_inner]<div class=\"eltd-section-title-holder  eltd-st-standard eltd-st-title-left eltd-st-normal-space \" >\n\t<div class=\"eltd-st-inner\">\n\t\t\t\t\t<h2 class=\"eltd-st-title\" style=\"color: #ffffff\">\n\t\t\t\tGESTISCI IL TUO RACING TEAM\t\t\t<\/h2>\n\t\t\t\t\t<\/div>\n<\/div><div class=\"eltd-separator-holder clearfix  eltd-separator-left \">\n\t<div class=\"eltd-separator\" style=\"width: 44px;border-bottom-width: 5px;margin-top: 20 px;margin-bottom: 10 px\"><\/div>\n<\/div>\n<div class=\"eltd-section-title-holder  eltd-st-standard eltd-st-title-left eltd-st-normal-space \" >\n\t<div class=\"eltd-st-inner\">\n\t\t\t\t\t<h3 class=\"eltd-st-title\" style=\"color: #999999\">\n\t\t\t\tI nostri prodotti sono nati in pista\t\t\t<\/h3>\n\t\t\t\t\t<\/div>\n<\/div>[vc_column_text]<span style=\"color: #ffffff;\">Le <strong>performance di<\/strong> KENNOL vengono confermate in pista attraverso numerose sessioni di test, ma anche in campionati reali. In Francia, ad esempio, il KENNOL Racing Team testa oli e liquidi fino al loro limite, grazie a una vasta gamma di diversi veicoli da competizione (monoposto, prototipi, GT, ecc.). Anche i nostri partner nelle competizioni di tutto il mondo testano le nostre ultime innovazioni. I nostri oli fanno il loro dovere, anche in situazioni estreme, a regimi altissimi e per periodi molto lunghi (gare di 24 ore). Quindi dovrebbero andare pi\u00f9 che bene per motori normali.<\/span>[\/vc_column_text][\/vc_column_inner][\/vc_row_inner][vc_single_image image=&#8221;46478&#8243; img_size=&#8221;full&#8221; css_animation=&#8221;lightSpeedIn&#8221;][vc_row_inner row_content_width=&#8221;grid&#8221; css=&#8221;.vc_custom_1639991018381{padding-top: 20px !important;}&#8221;][vc_column_inner]<div class=\"eltd-section-title-holder  eltd-st-standard eltd-st-title-left eltd-st-normal-space \" >\n\t<div class=\"eltd-st-inner\">\n\t\t\t\t\t<h2 class=\"eltd-st-title\" style=\"color: #999999\">\n\t\t\t\tUN EVENTO SU MISURA\t\t\t<\/h2>\n\t\t\t\t\t<\/div>\n<\/div><div class=\"eltd-separator-holder clearfix  eltd-separator-left \">\n\t<div class=\"eltd-separator\" style=\"width: 44px;border-bottom-width: 5px;margin-top: 20px;margin-bottom: 10px\"><\/div>\n<\/div>\n[vc_column_text]<span style=\"color: #ffffff;\">Oltre alle attivit\u00e0 di competizione del nostro Racing Team e alla Ricerca &amp; Sviluppo a cui partecipa, KRT \u00e8 anche una vera macchina da evento! Abbiamo creato lo strumento perfetto per le tue animazioni. Perch\u00e9, quando vieni per una giornata di formazione tecnica, non ti registri e ti godi un giro gratuito nei nostri simulatori di guida?<\/span><\/p>\n<p><span style=\"color: #ffffff;\">Dato che ci affidiamo solo a noi stessi per queste animazioni, le possibilit\u00e0 sono illimitate.<br \/>\nIl servizio \u00e8 su misura, dal momento che gestiamo l&#8217;intero sistema dalla A alla Z. E questo \u00e8 reso possibile dalla nostra dedizione.<br \/>\nPerch\u00e9 continuiamo a credere che la migliore risposta al tuo progetto sia una soluzione specifica.Non una soluzione standard.<\/span>[\/vc_column_text][\/vc_column_inner][\/vc_row_inner][vc_row_inner content_placement=&#8221;middle&#8221; gap=&#8221;20&#8243; row_content_width=&#8221;grid&#8221; css=&#8221;.vc_custom_1639991054925{padding-top: 20px !important;}&#8221;][vc_column_inner width=&#8221;1\/3&#8243;][vc_single_image image=&#8221;7974&#8243; img_size=&#8221;full&#8221; css_animation=&#8221;fadeInLeftBig&#8221;][\/vc_column_inner][vc_column_inner width=&#8221;2\/3&#8243;]<div class=\"eltd-elements-holder   eltd-one-column  eltd-responsive-mode-768 \" ><div class=\"eltd-eh-item     \"  data-item-class=\"eltd-eh-custom-9821\">\n\t<div class=\"eltd-eh-item-inner\">\n\t\t<div class=\"eltd-eh-item-content eltd-eh-custom-9821\" >\n\t\t\t<div class=\"eltd-section-title-holder  eltd-st-standard eltd-st-title-left eltd-st-normal-space \" >\n\t<div class=\"eltd-st-inner\">\n\t\t\t\t\t<h3 class=\"eltd-st-title\" style=\"color: #ee3124\">\n\t\t\t\tL'ESPERIENZA in Formula 1!\t\t\t<\/h3>\n\t\t\t\t\t<\/div>\n<\/div>[vc_column_text css=&#8221;.vc_custom_1589202208293{padding-bottom: 10px !important;}&#8221;]<span style=\"color: #ffffff;\">Il nostro simulatore di guida di Formula 1 \u00e8 uno dei pi\u00f9 evoluti di sempre.<br \/>\nIl suo design leggero ci consente di installarlo ai tuoi eventi (fiera, evento, animazione paddock, ecc.).<\/span><\/p>\n<p><span style=\"color: #ffffff;\">Corpo in carbonio Caterham, volante e freni Formula Renault, sedile ufficiale, telaio cilindri idraulici, schermo a 180\u00b0, questo simulatore \u00e8 un riferimento.<\/span>[\/vc_column_text]<div class=\"eltd-section-title-holder  eltd-st-standard eltd-st-title-left eltd-st-normal-space \" >\n\t<div class=\"eltd-st-inner\">\n\t\t\t\t\t<h4 class=\"eltd-st-title\" style=\"color: #ffffff\">\n\t\t\t\tI nostri team partner FIA F2 e GP2 si allenano con lo stesso simulatore. E sai quanto sono buoni i loro risultati in pista!\t\t\t<\/h4>\n\t\t\t\t\t<\/div>\n<\/div>\t\t<\/div>\n\t<\/div>\n<\/div><\/div>[\/vc_column_inner][\/vc_row_inner][\/vc_column][\/vc_row]<\/p>\n<\/div>","protected":false},"excerpt":{"rendered":"<p>[vc_row full_width=&#8221;stretch_row&#8221; disable_background_image=&#8221;&#8221; content_text_aligment=&#8221;left&#8221; simple_background_color=&#8221;#ee3124&#8243; simple_background_image=&#8221;7083&#8243;][vc_column offset=&#8221;vc_hidden-lg vc_hidden-md&#8221;][\/vc_column][\/vc_row][vc_row full_width=&#8221;stretch_row&#8221; disable_background_image=&#8221;&#8221; content_text_aligment=&#8221;left&#8221; simple_background_color=&#8221;#ee3124&#8243; simple_background_image=&#8221;8855&#8243; css=&#8221;.vc_custom_1534849842529{background-image: url(\/wp-content\/uploads\/2018\/06\/News_PERFORMANCE_bandeau.png?id=8855) !important;background-position: center !important;background-repeat: no-repeat !important;background-size: cover !important;}&#8221;][vc_column offset=&#8221;vc_hidden-md vc_hidden-sm vc_hidden-xs&#8221; css=&#8221;.vc_custom_1529593952633{padding-top: 120px !important;padding-bottom: 40px !important;}&#8221;][vc_column_text] ANIMAZIONI KRT [\/vc_column_text][\/vc_column][\/vc_row][vc_row full_width=&#8221;stretch_row_content_no_spaces&#8221; full_height=&#8221;yes&#8221; columns_placement=&#8221;bottom&#8221; content_placement=&#8221;middle&#8221; parallax=&#8221;content-moving-fade&#8221; parallax_image=&#8221;48973&#8243; parallax_speed_bg=&#8221;1.15&#8243; css_animation=&#8221;fadeIn&#8221;][vc_column][vc_row_inner content_placement=&#8221;top&#8221; row_content_width=&#8221;grid&#8221; css=&#8221;.vc_custom_1534850127557{padding-bottom: 30px !important;}&#8221;][vc_column_inner][vc_column_text]Le performance di KENNOL vengono confermate in pista attraverso numerose [&hellip;]<\/p>\n","protected":false},"author":2,"featured_media":0,"parent":30647,"menu_order":0,"comment_status":"closed","ping_status":"closed","template":"","meta":{"_monsterinsights_skip_tracking":false,"_monsterinsights_sitenote_active":false,"_monsterinsights_sitenote_note":"","_monsterinsights_sitenote_category":0,"footnotes":""},"simple-restrict-permission":[],"class_list":["post-34265","page","type-page","status-publish","hentry"],"yoast_head":"<!-- This site is optimized with the Yoast SEO plugin v27.5 - https:\/\/yoast.com\/product\/yoast-seo-wordpress\/ -->\n<title>Animazioni | KENNOL - Performance Oil<\/title>\n<meta name=\"description\" content=\"Run your own racing team like KENNOL! We&#039;ve developed an animations pole for track competition, but also driving simulators amongst the best in the World.\" \/>\n<meta name=\"robots\" content=\"index, follow, max-snippet:-1, max-image-preview:large, max-video-preview:-1\" \/>\n<link rel=\"canonical\" href=\"https:\/\/kennol.com\/it\/il-brand\/animazioni\/\" \/>\n<meta property=\"og:locale\" content=\"it_IT\" \/>\n<meta property=\"og:type\" content=\"article\" \/>\n<meta property=\"og:title\" content=\"Animazioni | KENNOL - Performance Oil\" \/>\n<meta property=\"og:description\" content=\"Run your own racing team like KENNOL! We&#039;ve developed an animations pole for track competition, but also driving simulators amongst the best in the World.\" \/>\n<meta property=\"og:url\" content=\"https:\/\/kennol.com\/it\/il-brand\/animazioni\/\" \/>\n<meta property=\"og:site_name\" content=\"KENNOL\" \/>\n<meta property=\"article:modified_time\" content=\"2021-12-20T09:04:45+00:00\" \/>\n<meta name=\"twitter:card\" content=\"summary_large_image\" \/>\n<meta name=\"twitter:label1\" content=\"Tempo di lettura stimato\" \/>\n\t<meta name=\"twitter:data1\" content=\"3 minuti\" \/>\n<script type=\"application\/ld+json\" class=\"yoast-schema-graph\">{\"@context\":\"https:\\\/\\\/schema.org\",\"@graph\":[{\"@type\":\"WebPage\",\"@id\":\"https:\\\/\\\/kennol.com\\\/it\\\/il-brand\\\/animazioni\\\/\",\"url\":\"https:\\\/\\\/kennol.com\\\/it\\\/il-brand\\\/animazioni\\\/\",\"name\":\"Animazioni | KENNOL - Performance Oil\",\"isPartOf\":{\"@id\":\"https:\\\/\\\/kennol.com\\\/it\\\/#website\"},\"datePublished\":\"2020-05-11T12:44:13+00:00\",\"dateModified\":\"2021-12-20T09:04:45+00:00\",\"description\":\"Run your own racing team like KENNOL! We've developed an animations pole for track competition, but also driving simulators amongst the best in the World.\",\"breadcrumb\":{\"@id\":\"https:\\\/\\\/kennol.com\\\/it\\\/il-brand\\\/animazioni\\\/#breadcrumb\"},\"inLanguage\":\"it-IT\",\"potentialAction\":[{\"@type\":\"ReadAction\",\"target\":[\"https:\\\/\\\/kennol.com\\\/it\\\/il-brand\\\/animazioni\\\/\"]}]},{\"@type\":\"BreadcrumbList\",\"@id\":\"https:\\\/\\\/kennol.com\\\/it\\\/il-brand\\\/animazioni\\\/#breadcrumb\",\"itemListElement\":[{\"@type\":\"ListItem\",\"position\":1,\"name\":\"IL BRAND\",\"item\":\"https:\\\/\\\/kennol.com\\\/it\\\/il-brand\\\/\"},{\"@type\":\"ListItem\",\"position\":2,\"name\":\"Animazioni\"}]},{\"@type\":\"WebSite\",\"@id\":\"https:\\\/\\\/kennol.com\\\/it\\\/#website\",\"url\":\"https:\\\/\\\/kennol.com\\\/it\\\/\",\"name\":\"KENNOL\",\"description\":\"Performance Oil\",\"publisher\":{\"@id\":\"https:\\\/\\\/kennol.com\\\/it\\\/#organization\"},\"potentialAction\":[{\"@type\":\"SearchAction\",\"target\":{\"@type\":\"EntryPoint\",\"urlTemplate\":\"https:\\\/\\\/kennol.com\\\/it\\\/?s={search_term_string}\"},\"query-input\":{\"@type\":\"PropertyValueSpecification\",\"valueRequired\":true,\"valueName\":\"search_term_string\"}}],\"inLanguage\":\"it-IT\"},{\"@type\":\"Organization\",\"@id\":\"https:\\\/\\\/kennol.com\\\/it\\\/#organization\",\"name\":\"PPO\",\"url\":\"https:\\\/\\\/kennol.com\\\/it\\\/\",\"logo\":{\"@type\":\"ImageObject\",\"inLanguage\":\"it-IT\",\"@id\":\"https:\\\/\\\/kennol.com\\\/it\\\/#\\\/schema\\\/logo\\\/image\\\/\",\"url\":\"https:\\\/\\\/kennol.com\\\/wp-content\\\/uploads\\\/2018\\\/01\\\/KENNOL_logo_header.png\",\"contentUrl\":\"https:\\\/\\\/kennol.com\\\/wp-content\\\/uploads\\\/2018\\\/01\\\/KENNOL_logo_header.png\",\"width\":400,\"height\":140,\"caption\":\"PPO\"},\"image\":{\"@id\":\"https:\\\/\\\/kennol.com\\\/it\\\/#\\\/schema\\\/logo\\\/image\\\/\"}}]}<\/script>\n<!-- \/ Yoast SEO plugin. -->","yoast_head_json":{"title":"Animazioni | KENNOL - Performance Oil","description":"Run your own racing team like KENNOL! We've developed an animations pole for track competition, but also driving simulators amongst the best in the World.","robots":{"index":"index","follow":"follow","max-snippet":"max-snippet:-1","max-image-preview":"max-image-preview:large","max-video-preview":"max-video-preview:-1"},"canonical":"https:\/\/kennol.com\/it\/il-brand\/animazioni\/","og_locale":"it_IT","og_type":"article","og_title":"Animazioni | KENNOL - Performance Oil","og_description":"Run your own racing team like KENNOL! We've developed an animations pole for track competition, but also driving simulators amongst the best in the World.","og_url":"https:\/\/kennol.com\/it\/il-brand\/animazioni\/","og_site_name":"KENNOL","article_modified_time":"2021-12-20T09:04:45+00:00","twitter_card":"summary_large_image","twitter_misc":{"Tempo di lettura stimato":"3 minuti"},"schema":{"@context":"https:\/\/schema.org","@graph":[{"@type":"WebPage","@id":"https:\/\/kennol.com\/it\/il-brand\/animazioni\/","url":"https:\/\/kennol.com\/it\/il-brand\/animazioni\/","name":"Animazioni | KENNOL - Performance Oil","isPartOf":{"@id":"https:\/\/kennol.com\/it\/#website"},"datePublished":"2020-05-11T12:44:13+00:00","dateModified":"2021-12-20T09:04:45+00:00","description":"Run your own racing team like KENNOL! We've developed an animations pole for track competition, but also driving simulators amongst the best in the World.","breadcrumb":{"@id":"https:\/\/kennol.com\/it\/il-brand\/animazioni\/#breadcrumb"},"inLanguage":"it-IT","potentialAction":[{"@type":"ReadAction","target":["https:\/\/kennol.com\/it\/il-brand\/animazioni\/"]}]},{"@type":"BreadcrumbList","@id":"https:\/\/kennol.com\/it\/il-brand\/animazioni\/#breadcrumb","itemListElement":[{"@type":"ListItem","position":1,"name":"IL BRAND","item":"https:\/\/kennol.com\/it\/il-brand\/"},{"@type":"ListItem","position":2,"name":"Animazioni"}]},{"@type":"WebSite","@id":"https:\/\/kennol.com\/it\/#website","url":"https:\/\/kennol.com\/it\/","name":"KENNOL","description":"Performance Oil","publisher":{"@id":"https:\/\/kennol.com\/it\/#organization"},"potentialAction":[{"@type":"SearchAction","target":{"@type":"EntryPoint","urlTemplate":"https:\/\/kennol.com\/it\/?s={search_term_string}"},"query-input":{"@type":"PropertyValueSpecification","valueRequired":true,"valueName":"search_term_string"}}],"inLanguage":"it-IT"},{"@type":"Organization","@id":"https:\/\/kennol.com\/it\/#organization","name":"PPO","url":"https:\/\/kennol.com\/it\/","logo":{"@type":"ImageObject","inLanguage":"it-IT","@id":"https:\/\/kennol.com\/it\/#\/schema\/logo\/image\/","url":"https:\/\/kennol.com\/wp-content\/uploads\/2018\/01\/KENNOL_logo_header.png","contentUrl":"https:\/\/kennol.com\/wp-content\/uploads\/2018\/01\/KENNOL_logo_header.png","width":400,"height":140,"caption":"PPO"},"image":{"@id":"https:\/\/kennol.com\/it\/#\/schema\/logo\/image\/"}}]}},"_links":{"self":[{"href":"https:\/\/kennol.com\/it\/wp-json\/wp\/v2\/pages\/34265","targetHints":{"allow":["GET"]}}],"collection":[{"href":"https:\/\/kennol.com\/it\/wp-json\/wp\/v2\/pages"}],"about":[{"href":"https:\/\/kennol.com\/it\/wp-json\/wp\/v2\/types\/page"}],"author":[{"embeddable":true,"href":"https:\/\/kennol.com\/it\/wp-json\/wp\/v2\/users\/2"}],"replies":[{"embeddable":true,"href":"https:\/\/kennol.com\/it\/wp-json\/wp\/v2\/comments?post=34265"}],"version-history":[{"count":9,"href":"https:\/\/kennol.com\/it\/wp-json\/wp\/v2\/pages\/34265\/revisions"}],"predecessor-version":[{"id":49221,"href":"https:\/\/kennol.com\/it\/wp-json\/wp\/v2\/pages\/34265\/revisions\/49221"}],"up":[{"embeddable":true,"href":"https:\/\/kennol.com\/it\/wp-json\/wp\/v2\/pages\/30647"}],"wp:attachment":[{"href":"https:\/\/kennol.com\/it\/wp-json\/wp\/v2\/media?parent=34265"}],"wp:term":[{"taxonomy":"simple-restrict-permission","embeddable":true,"href":"https:\/\/kennol.com\/it\/wp-json\/wp\/v2\/simple-restrict-permission?post=34265"}],"curies":[{"name":"wp","href":"https:\/\/api.w.org\/{rel}","templated":true}]}}