{"id":31340,"date":"2020-03-06T10:50:18","date_gmt":"2020-03-06T10:50:18","guid":{"rendered":"https:\/\/kennol.com\/partner-di-corse\/"},"modified":"2021-08-27T11:04:28","modified_gmt":"2021-08-27T09:04:28","slug":"partner-di-corse","status":"publish","type":"page","link":"https:\/\/kennol.com\/it\/partner-di-corse\/","title":{"rendered":"Partner di corse"},"content":{"rendered":"<div class=\"wpb-content-wrapper\"><p>[vc_row full_width=&#8221;stretch_row&#8221; disable_background_image=&#8221;&#8221; simple_background_color=&#8221;#ee3124&#8243; simple_background_image=&#8221;7083&#8243;][vc_column offset=&#8221;vc_hidden-lg vc_hidden-md&#8221;]<div class=\"eltd-section-title-holder  eltd-st-standard eltd-st-title-left eltd-st-normal-space \" >\n\t<div class=\"eltd-st-inner\">\n\t\t\t\t\t<h3 class=\"eltd-st-title\" style=\"color: #000000\">\n\t\t\t\tPartenaires en comp\u00e9tition\t\t\t<\/h3>\n\t\t\t\t\t<\/div>\n<\/div>[\/vc_column][\/vc_row][vc_row full_width=&#8221;stretch_row&#8221; disable_background_image=&#8221;&#8221; simple_background_color=&#8221;#ee3124&#8243; simple_background_image=&#8221;8855&#8243; css=&#8221;.vc_custom_1534855301342{background-image: url(\/wp-content\/uploads\/2018\/06\/News_PERFORMANCE_bandeau.png?id=8855) !important;background-position: center !important;background-repeat: no-repeat !important;background-size: cover !important;}&#8221;][vc_column offset=&#8221;vc_hidden-sm vc_hidden-xs&#8221; css=&#8221;.vc_custom_1533120117941{padding-top: 120px !important;padding-bottom: 40px !important;}&#8221;][vc_column_text]<\/p>\n<h1><span style=\"color: #000000; font-size: larger;\">PARTNER DI CORSE<\/span><\/h1>\n<p>[\/vc_column_text][\/vc_column][\/vc_row][vc_row full_width=&#8221;stretch_row&#8221; content_placement=&#8221;top&#8221; parallax=&#8221;content-moving&#8221; parallax_image=&#8221;21018&#8243; parallax_speed_bg=&#8221;1.75&#8243; css=&#8221;.vc_custom_1557994124153{border-radius: 5px !important;}&#8221;][vc_column][vc_row_inner content_placement=&#8221;top&#8221;][vc_column_inner]<div class=\"eltd-section-title-holder  eltd-st-standard eltd-st-title-left eltd-st-normal-space \" style=\"text-align: center\">\n\t<div class=\"eltd-st-inner\">\n\t\t\t\t\t<h2 class=\"eltd-st-title\" style=\"color: #ffffff\">\n\t\t\t\tNASCAR\t\t\t<\/h2>\n\t\t\t\t\t<\/div>\n<\/div><div class=\"eltd-separator-holder clearfix  eltd-separator-center \">\n\t<div class=\"eltd-separator\" style=\"border-color: #999999;width: 44px;border-bottom-width: 5px;margin-bottom: 20px\"><\/div>\n<\/div>\n[vc_column_text]<\/p>\n<p style=\"text-align: center;\"><span style=\"color: #ffffff; font-size: 14px;\">Diversi anni fa, <a href=\"https:\/\/hometracks.nascar.com\/whelen-euro-series\/\" target=\"_blank\" rel=\"noopener noreferrer\"><strong>Euro NASCAR<\/strong><\/a> ha nominato <strong>KENNOL<\/strong> <strong>Fornitore ufficiale<\/strong>. Da allora abbiamo sviluppato insieme oli su misura e ad alte prestazioni per tutti i team. Tutti usano i nostri oli motore e differenziale. E questi prodotti sono stati i primi a qualificarsi per l&#8217;esclusiva gamma <a href=\"https:\/\/kennol.com\/it\/gamma\/auto\/gamma-ultima\/\" target=\"_blank\" rel=\"noopener noreferrer\"><strong>KENNOL ULTIMA.<\/strong><\/a><\/span><\/p>\n<p>[\/vc_column_text][vc_empty_space height=&#8221;15px&#8221;][vc_single_image image=&#8221;46671&#8243; img_size=&#8221;full&#8221; alignment=&#8221;center&#8221; onclick=&#8221;custom_link&#8221; img_link_target=&#8221;_blank&#8221; css_animation=&#8221;zoomIn&#8221; link=&#8221;https:\/\/www.euronascar.com\/?lang=fr&#8221; css=&#8221;.vc_custom_1617201285170{padding-top: 0px !important;}&#8221;][vc_empty_space height=&#8221;70px&#8221;][\/vc_column_inner][\/vc_row_inner][vc_row_inner content_text_aligment=&#8221;center&#8221;][vc_column_inner]<div class=\"eltd-section-title-holder  eltd-st-standard eltd-st-title-left eltd-st-normal-space \" style=\"text-align: center\">\n\t<div class=\"eltd-st-inner\">\n\t\t\t\t\t<h2 class=\"eltd-st-title\" style=\"color: #ffffff\">\n\t\t\t\tWOLF Racing Cars\t\t\t<\/h2>\n\t\t\t\t\t<\/div>\n<\/div><div class=\"eltd-separator-holder clearfix  eltd-separator-center \">\n\t<div class=\"eltd-separator\" style=\"border-color: #999999;width: 44px;border-bottom-width: 5px;margin-bottom: 20px\"><\/div>\n<\/div>\n[vc_column_text]<span style=\"color: #ffffff; font-size: 14px;\">Il costruttore italiano <a href=\"http:\/\/www.wolfracingcars.com\/?lang=en\" target=\"_blank\" rel=\"noopener noreferrer\"><strong>WOLF Racing Cars<\/strong><\/a> progetta i prototipi da corsa pi\u00f9 efficienti: il WB08 (il prototipo pi\u00f9 vittorioso nella storia delle corse). Per ottimizzare ulteriormente le loro prestazioni, hanno scelto <strong>KENNOL<\/strong> come <strong>Fornitore ufficiale<\/strong> per i loro oli e fluidi (motore, trasmissione, differenziale, ecc.)<\/span>[\/vc_column_text][vc_empty_space height=&#8221;15px&#8221;][vc_single_image image=&#8221;46679&#8243; img_size=&#8221;full&#8221; alignment=&#8221;center&#8221; onclick=&#8221;custom_link&#8221; img_link_target=&#8221;_blank&#8221; link=&#8221;http:\/\/www.wolfracingcars.com\/&#8221;][vc_empty_space height=&#8221;50px&#8221;][\/vc_column_inner][\/vc_row_inner][\/vc_column][\/vc_row][vc_row full_width=&#8221;stretch_row&#8221; content_placement=&#8221;top&#8221; parallax=&#8221;content-moving&#8221; parallax_image=&#8221;21022&#8243; parallax_speed_bg=&#8221;1&#8243; css=&#8221;.vc_custom_1558945161244{border-radius: 5px !important;}&#8221;][vc_column][vc_row_inner content_text_aligment=&#8221;center&#8221;][vc_column_inner width=&#8221;1\/2&#8243;]<div class=\"eltd-section-title-holder  eltd-st-standard eltd-st-title-left eltd-st-normal-space \" style=\"text-align: center\">\n\t<div class=\"eltd-st-inner\">\n\t\t\t\t\t<h2 class=\"eltd-st-title\" style=\"color: #ffffff\">\n\t\t\t\tLegends Cars Cup European Nations Series\t\t\t<\/h2>\n\t\t\t\t\t<\/div>\n<\/div><div class=\"eltd-separator-holder clearfix  eltd-separator-center \">\n\t<div class=\"eltd-separator\" style=\"border-color: #999999;width: 44px;border-bottom-width: 5px;margin-bottom: 20px\"><\/div>\n<\/div>\n[vc_column_text]<\/p>\n<p style=\"text-align: center;\"><span style=\"color: #ffffff; font-size: 14px;\"> Les <a href=\"https:\/\/www.legendscarscup.com\/\" target=\"_blank\" rel=\"noopener noreferrer\"><strong>Legends Cars Cup European Nations Series<\/strong><\/a> ha scelto KENNOL come Fornitore ufficiale di lubrificanti e fluidi tecnici. Questo campionato dal design unico (i 30 team competono con un motore Yamaha FZ09 da 900 cc, che fa da 0 a 100 km\/h in meno di 3,5 secondi) vede affrontarsi auto dall&#8217;aspetto grintoso sui pi\u00f9 prestigiosi circuiti europei, in un&#8217;atmosfera di follia.<\/span><\/p>\n<p>[\/vc_column_text][vc_empty_space height=&#8221;15px&#8221;][vc_single_image image=&#8221;46686&#8243; img_size=&#8221;full&#8221; alignment=&#8221;center&#8221; onclick=&#8221;custom_link&#8221; img_link_target=&#8221;_blank&#8221; link=&#8221;https:\/\/www.legendscarscup.com\/&#8221;][vc_empty_space height=&#8221;70px&#8221;][\/vc_column_inner][vc_column_inner width=&#8221;1\/2&#8243;]<div class=\"eltd-section-title-holder  eltd-st-standard eltd-st-title-left eltd-st-normal-space \" style=\"text-align: center\">\n\t<div class=\"eltd-st-inner\">\n\t\t\t\t\t<h2 class=\"eltd-st-title\" style=\"color: #ffffff\">\n\t\t\t\tCampionato Storico Francese\t\t\t<\/h2>\n\t\t\t\t\t<\/div>\n<\/div><div class=\"eltd-separator-holder clearfix  eltd-separator-center \">\n\t<div class=\"eltd-separator\" style=\"border-color: #999999;width: 44px;border-bottom-width: 5px;margin-bottom: 20px\"><\/div>\n<\/div>\n[vc_column_text]<\/p>\n<p style=\"text-align: center;\"><span style=\"color: #ffffff; font-size: 14px;\">L&#8217;<a href=\"https:\/\/www.hvmracing.fr\/\" target=\"_blank\" rel=\"noopener noreferrer\"><strong>Historic Tour<\/strong><\/a> (per gli iniziati), \u00e8 il pi\u00f9 bel tributo alle auto da corsa che brillavano alcune stagioni fa. Passando dal sogno alla realt\u00e0, questo campionato fa rivivere queste macchine diaboliche con motori ruggenti (quasi 300 partecipanti) sulle strade pi\u00f9 belle di Francia e sceglie KENNOL come olio ufficiale.<\/span><\/p>\n<p>[\/vc_column_text][vc_empty_space height=&#8221;15px&#8221;][vc_single_image image=&#8221;46714&#8243; img_size=&#8221;full&#8221; alignment=&#8221;center&#8221; onclick=&#8221;custom_link&#8221; img_link_target=&#8221;_blank&#8221; link=&#8221;https:\/\/www.hvmracing.fr\/&#8221;][vc_empty_space height=&#8221;70px&#8221;][\/vc_column_inner][\/vc_row_inner][vc_row_inner content_text_aligment=&#8221;center&#8221;][vc_column_inner width=&#8221;1\/2&#8243;]<div class=\"eltd-section-title-holder  eltd-st-standard eltd-st-title-left eltd-st-normal-space \" style=\"text-align: center\">\n\t<div class=\"eltd-st-inner\">\n\t\t\t\t\t<h2 class=\"eltd-st-title\" style=\"color: #ffffff\">\n\t\t\t\tCampionato Italiano Sport Prototipi\t\t\t<\/h2>\n\t\t\t\t\t<\/div>\n<\/div><div class=\"eltd-separator-holder clearfix  eltd-separator-center \">\n\t<div class=\"eltd-separator\" style=\"border-color: #999999;width: 44px;border-bottom-width: 5px;margin-bottom: 20px\"><\/div>\n<\/div>\n[vc_column_text css_animation=&#8221;none&#8221;]<\/p>\n<p style=\"text-align: center;\"><span style=\"color: #ffffff; font-size: 14px;\">Il <a href=\"http:\/\/www.acisport.it\/CISP\/\" target=\"_blank\" rel=\"noopener noreferrer\"><strong>Campionato Italiano Sport Prototypes<\/strong><\/a> ha scelto <strong>KENNOL<\/strong> come <strong>Fornitore ufficiale ed esclusivo<\/strong>. I giri in pista d&#8217;inverno e i test su banco prova hanno convalidato le prestazioni dei nostri prodotti rispetto ad altri brand. I 23 prototipi utilizzano oli <a href=\"https:\/\/kennol.com\/it\/gamma\/ultima\/\"><strong>KENNOL ULTIMA<\/strong><\/a> e vengono testati dopo ogni gara per verificare che i risultati siano coerenti con le aspettative.<\/span><\/p>\n<p>[\/vc_column_text][vc_empty_space height=&#8221;15px&#8221;][vc_single_image image=&#8221;46693&#8243; img_size=&#8221;full&#8221; alignment=&#8221;center&#8221; onclick=&#8221;custom_link&#8221; img_link_target=&#8221;_blank&#8221; link=&#8221;http:\/\/www.acisport.it\/CISP\/&#8221;][vc_empty_space height=&#8221;70px&#8221;][\/vc_column_inner][vc_column_inner width=&#8221;1\/2&#8243;]<div class=\"eltd-section-title-holder  eltd-st-standard eltd-st-title-left eltd-st-normal-space \" style=\"text-align: center\">\n\t<div class=\"eltd-st-inner\">\n\t\t\t\t\t<h2 class=\"eltd-st-title\" style=\"color: #ffffff\">\n\t\t\t\t UNI Virtuosi Racing (FIA Formule 2)\t\t\t<\/h2>\n\t\t\t\t\t<\/div>\n<\/div><div class=\"eltd-separator-holder clearfix  eltd-separator-center \">\n\t<div class=\"eltd-separator\" style=\"border-color: #999999;width: 44px;border-bottom-width: 5px;margin-bottom: 20px\"><\/div>\n<\/div>\n[vc_column_text]<\/p>\n<p style=\"text-align: center;\"><span style=\"color: #ffffff; font-size: 14px;\"><a href=\"https:\/\/www.virtuosiracing.com\/\" target=\"_blank\" rel=\"noopener noreferrer\"><strong>UNI Virtuosi Racing<\/strong><\/a> \u00e8 il nuovissimo team FIA F2. Anche se principianti, hanno scelto di fidarsi delle prestazioni e dell&#8217;esperienza di KENNOL. E questa associazione sembra andare alla grande: pole position e vittoria, per il primo Gran Premio. \u00c8 la strada per un nuovo titolo di Campione del Mondo?<\/span><\/p>\n<p>[\/vc_column_text][vc_empty_space height=&#8221;15px&#8221;][vc_single_image image=&#8221;46721&#8243; img_size=&#8221;full&#8221; alignment=&#8221;center&#8221; onclick=&#8221;custom_link&#8221; img_link_target=&#8221;_blank&#8221; link=&#8221;https:\/\/www.virtuosiracing.com\/&#8221;][vc_empty_space height=&#8221;70px&#8221;][\/vc_column_inner][\/vc_row_inner][vc_row_inner content_text_aligment=&#8221;center&#8221;][vc_column_inner width=&#8221;1\/2&#8243;]<div class=\"eltd-section-title-holder  eltd-st-standard eltd-st-title-left eltd-st-normal-space \" style=\"text-align: center\">\n\t<div class=\"eltd-st-inner\">\n\t\t\t\t\t<h2 class=\"eltd-st-title\" style=\"color: #ffffff\">\n\t\t\t\tBYKOLLES\t\t\t<\/h2>\n\t\t\t\t\t<\/div>\n<\/div><div class=\"eltd-separator-holder clearfix  eltd-separator-center \">\n\t<div class=\"eltd-separator\" style=\"border-color: #999999;width: 44px;border-bottom-width: 5px;margin-bottom: 20px\"><\/div>\n<\/div>\n[vc_column_text]<\/p>\n<p style=\"text-align: center;\"><span style=\"color: #ffffff; font-size: 14px;\"><a href=\"https:\/\/www.bykolles.com\/\" target=\"_blank\" rel=\"noopener noreferrer\"><strong>ByKOLLES<\/strong><\/a> \u00e8 una delle poche squadre storiche di LMP1 Privateers nel <strong>Campionato mondiale Endurance FIA<\/strong>. La partnership con <strong>KENNOL<\/strong> \u00e8 un&#8217;associazione a lungo termine. E dopo diversi anni di ricerca e sviluppo (e ovviamente test), il team sta lanciando il proprio prototipo, da vendere ad altri team LMP1 privati.<\/span><\/p>\n<p>[\/vc_column_text][vc_empty_space height=&#8221;15px&#8221;][vc_single_image image=&#8221;46700&#8243; img_size=&#8221;full&#8221; alignment=&#8221;center&#8221; onclick=&#8221;custom_link&#8221; img_link_target=&#8221;_blank&#8221; link=&#8221;https:\/\/www.bykolles.com\/&#8221;][vc_empty_space height=&#8221;70px&#8221;][\/vc_column_inner][vc_column_inner width=&#8221;1\/2&#8243;]<div class=\"eltd-section-title-holder  eltd-st-standard eltd-st-title-left eltd-st-normal-space \" style=\"text-align: center\">\n\t<div class=\"eltd-st-inner\">\n\t\t\t\t\t<h2 class=\"eltd-st-title\" style=\"color: #ffffff\">\n\t\t\t\tSWITCH RIDERS\t\t\t<\/h2>\n\t\t\t\t\t<\/div>\n<\/div><div class=\"eltd-separator-holder clearfix  eltd-separator-center \">\n\t<div class=\"eltd-separator\" style=\"border-color: #999999;width: 44px;border-bottom-width: 5px;margin-bottom: 20px\"><\/div>\n<\/div>\n[vc_column_text]<\/p>\n<p style=\"text-align: center;\"><span style=\"color: #ffffff; font-size: 14px;\"><a href=\"http:\/\/www.switchriders.com\/\" target=\"_blank\" rel=\"noopener noreferrer\"><strong>SWITCH Riders<\/strong><\/a> \u00e8 uno dei team pi\u00f9 pazzi di Drfit e Stunt in Europa. Si esibiscono ad eventi estremi, oltre a prendere parte a campionati e concorsi internazionali. Hanno scelto <strong>KENNOL<\/strong> alcuni anni fa, come loro <strong>Fornitore ufficiale<\/strong>.<\/span><\/p>\n<p>[\/vc_column_text][vc_empty_space height=&#8221;15px&#8221;][vc_single_image image=&#8221;46728&#8243; img_size=&#8221;full&#8221; alignment=&#8221;center&#8221; onclick=&#8221;custom_link&#8221; img_link_target=&#8221;_blank&#8221; link=&#8221;http:\/\/www.switchriders.com&#8221;][vc_empty_space height=&#8221;70px&#8221;][\/vc_column_inner][\/vc_row_inner][vc_row_inner content_text_aligment=&#8221;center&#8221;][vc_column_inner width=&#8221;1\/4&#8243;][\/vc_column_inner][vc_column_inner width=&#8221;1\/2&#8243;]<div class=\"eltd-section-title-holder  eltd-st-standard eltd-st-title-left eltd-st-normal-space \" style=\"text-align: center\">\n\t<div class=\"eltd-st-inner\">\n\t\t\t\t\t<h2 class=\"eltd-st-title\" style=\"color: #ffffff\">\n\t\t\t\tTEAM PMS\t\t\t<\/h2>\n\t\t\t\t\t<\/div>\n<\/div><div class=\"eltd-separator-holder clearfix  eltd-separator-center \">\n\t<div class=\"eltd-separator\" style=\"border-color: #999999;width: 44px;border-bottom-width: 5px;margin-bottom: 20px\"><\/div>\n<\/div>\n[vc_column_text]<\/p>\n<p style=\"text-align: center;\"><span style=\"color: #ffffff; font-size: 14px;\"> Questa giovane squadra francese \u00e8 nata meno di un anno fa, ma il <a href=\"http:\/\/team-pms.fr\/\" target=\"_blank\" rel=\"noopener noreferrer\"><strong>Team PMS<\/strong><\/a> sta sviluppando un forte programma. Con l&#8217;aiuto di partner selezionati, come <strong>KENNOL<\/strong>, mirano a svilupparsi rapidamente e competeranno presto nel <a href=\"https:\/\/www.fimewc.fr\/\" target=\"_blank\" rel=\"noopener noreferrer\"><strong>Campionato mondiale Endurance FIM<\/strong><\/a>, dopo aver sperimentato la moto nel campionato francese e nelle gare di Endurance 24 ore.<\/span><\/p>\n<p>[\/vc_column_text][vc_empty_space height=&#8221;15px&#8221;][vc_single_image image=&#8221;46707&#8243; img_size=&#8221;full&#8221; alignment=&#8221;center&#8221; onclick=&#8221;custom_link&#8221; img_link_target=&#8221;_blank&#8221; link=&#8221;http:\/\/team-pms.fr\/&#8221;][\/vc_column_inner][vc_column_inner width=&#8221;1\/4&#8243;][\/vc_column_inner][\/vc_row_inner][\/vc_column][\/vc_row]<\/p>\n<\/div>","protected":false},"excerpt":{"rendered":"<p>[vc_row full_width=&#8221;stretch_row&#8221; disable_background_image=&#8221;&#8221; simple_background_color=&#8221;#ee3124&#8243; simple_background_image=&#8221;7083&#8243;][vc_column offset=&#8221;vc_hidden-lg vc_hidden-md&#8221;][\/vc_column][\/vc_row][vc_row full_width=&#8221;stretch_row&#8221; disable_background_image=&#8221;&#8221; simple_background_color=&#8221;#ee3124&#8243; simple_background_image=&#8221;8855&#8243; css=&#8221;.vc_custom_1534855301342{background-image: url(\/wp-content\/uploads\/2018\/06\/News_PERFORMANCE_bandeau.png?id=8855) !important;background-position: center !important;background-repeat: no-repeat !important;background-size: cover !important;}&#8221;][vc_column offset=&#8221;vc_hidden-sm vc_hidden-xs&#8221; css=&#8221;.vc_custom_1533120117941{padding-top: 120px !important;padding-bottom: 40px !important;}&#8221;][vc_column_text] PARTNER DI CORSE [\/vc_column_text][\/vc_column][\/vc_row][vc_row full_width=&#8221;stretch_row&#8221; content_placement=&#8221;top&#8221; parallax=&#8221;content-moving&#8221; parallax_image=&#8221;21018&#8243; parallax_speed_bg=&#8221;1.75&#8243; css=&#8221;.vc_custom_1557994124153{border-radius: 5px !important;}&#8221;][vc_column][vc_row_inner content_placement=&#8221;top&#8221;][vc_column_inner][vc_column_text] Diversi anni fa, Euro NASCAR ha nominato KENNOL Fornitore ufficiale. Da allora abbiamo sviluppato insieme [&hellip;]<\/p>\n","protected":false},"author":2,"featured_media":0,"parent":0,"menu_order":0,"comment_status":"closed","ping_status":"closed","template":"","meta":{"_monsterinsights_skip_tracking":false,"_monsterinsights_sitenote_active":false,"_monsterinsights_sitenote_note":"","_monsterinsights_sitenote_category":0,"footnotes":""},"simple-restrict-permission":[],"class_list":["post-31340","page","type-page","status-publish","hentry"],"yoast_head":"<!-- This site is optimized with the Yoast SEO plugin v27.5 - https:\/\/yoast.com\/product\/yoast-seo-wordpress\/ -->\n<title>Partner di corse | KENNOL - Performance Oil<\/title>\n<meta name=\"description\" content=\"KENNOL sviluppa oli e fluidi con partner nella competizione agonistica. Questa \u00e8 la garanzia che i prodotti possono eseguire nelle condizioni pi\u00f9 impegnative.\" \/>\n<meta name=\"robots\" content=\"index, follow, max-snippet:-1, max-image-preview:large, max-video-preview:-1\" \/>\n<link rel=\"canonical\" href=\"https:\/\/kennol.com\/it\/partner-di-corse\/\" \/>\n<meta property=\"og:locale\" content=\"it_IT\" \/>\n<meta property=\"og:type\" content=\"article\" \/>\n<meta property=\"og:title\" content=\"Partner di corse | KENNOL - Performance Oil\" \/>\n<meta property=\"og:description\" content=\"KENNOL sviluppa oli e fluidi con partner nella competizione agonistica. Questa \u00e8 la garanzia che i prodotti possono eseguire nelle condizioni pi\u00f9 impegnative.\" \/>\n<meta property=\"og:url\" content=\"https:\/\/kennol.com\/it\/partner-di-corse\/\" \/>\n<meta property=\"og:site_name\" content=\"KENNOL\" \/>\n<meta property=\"article:modified_time\" content=\"2021-08-27T09:04:28+00:00\" \/>\n<meta name=\"twitter:card\" content=\"summary_large_image\" \/>\n<meta name=\"twitter:label1\" content=\"Tempo di lettura stimato\" \/>\n\t<meta name=\"twitter:data1\" content=\"7 minuti\" \/>\n<script type=\"application\/ld+json\" class=\"yoast-schema-graph\">{\"@context\":\"https:\\\/\\\/schema.org\",\"@graph\":[{\"@type\":\"WebPage\",\"@id\":\"https:\\\/\\\/kennol.com\\\/it\\\/partner-di-corse\\\/\",\"url\":\"https:\\\/\\\/kennol.com\\\/it\\\/partner-di-corse\\\/\",\"name\":\"Partner di corse | KENNOL - Performance Oil\",\"isPartOf\":{\"@id\":\"https:\\\/\\\/kennol.com\\\/it\\\/#website\"},\"datePublished\":\"2020-03-06T10:50:18+00:00\",\"dateModified\":\"2021-08-27T09:04:28+00:00\",\"description\":\"KENNOL sviluppa oli e fluidi con partner nella competizione agonistica. Questa \u00e8 la garanzia che i prodotti possono eseguire nelle condizioni pi\u00f9 impegnative.\",\"inLanguage\":\"it-IT\",\"potentialAction\":[{\"@type\":\"ReadAction\",\"target\":[\"https:\\\/\\\/kennol.com\\\/it\\\/partner-di-corse\\\/\"]}]},{\"@type\":\"WebSite\",\"@id\":\"https:\\\/\\\/kennol.com\\\/it\\\/#website\",\"url\":\"https:\\\/\\\/kennol.com\\\/it\\\/\",\"name\":\"KENNOL\",\"description\":\"Performance Oil\",\"publisher\":{\"@id\":\"https:\\\/\\\/kennol.com\\\/it\\\/#organization\"},\"potentialAction\":[{\"@type\":\"SearchAction\",\"target\":{\"@type\":\"EntryPoint\",\"urlTemplate\":\"https:\\\/\\\/kennol.com\\\/it\\\/?s={search_term_string}\"},\"query-input\":{\"@type\":\"PropertyValueSpecification\",\"valueRequired\":true,\"valueName\":\"search_term_string\"}}],\"inLanguage\":\"it-IT\"},{\"@type\":\"Organization\",\"@id\":\"https:\\\/\\\/kennol.com\\\/it\\\/#organization\",\"name\":\"PPO\",\"url\":\"https:\\\/\\\/kennol.com\\\/it\\\/\",\"logo\":{\"@type\":\"ImageObject\",\"inLanguage\":\"it-IT\",\"@id\":\"https:\\\/\\\/kennol.com\\\/it\\\/#\\\/schema\\\/logo\\\/image\\\/\",\"url\":\"https:\\\/\\\/kennol.com\\\/wp-content\\\/uploads\\\/2018\\\/01\\\/KENNOL_logo_header.png\",\"contentUrl\":\"https:\\\/\\\/kennol.com\\\/wp-content\\\/uploads\\\/2018\\\/01\\\/KENNOL_logo_header.png\",\"width\":400,\"height\":140,\"caption\":\"PPO\"},\"image\":{\"@id\":\"https:\\\/\\\/kennol.com\\\/it\\\/#\\\/schema\\\/logo\\\/image\\\/\"}}]}<\/script>\n<!-- \/ Yoast SEO plugin. -->","yoast_head_json":{"title":"Partner di corse | KENNOL - Performance Oil","description":"KENNOL sviluppa oli e fluidi con partner nella competizione agonistica. Questa \u00e8 la garanzia che i prodotti possono eseguire nelle condizioni pi\u00f9 impegnative.","robots":{"index":"index","follow":"follow","max-snippet":"max-snippet:-1","max-image-preview":"max-image-preview:large","max-video-preview":"max-video-preview:-1"},"canonical":"https:\/\/kennol.com\/it\/partner-di-corse\/","og_locale":"it_IT","og_type":"article","og_title":"Partner di corse | KENNOL - Performance Oil","og_description":"KENNOL sviluppa oli e fluidi con partner nella competizione agonistica. Questa \u00e8 la garanzia che i prodotti possono eseguire nelle condizioni pi\u00f9 impegnative.","og_url":"https:\/\/kennol.com\/it\/partner-di-corse\/","og_site_name":"KENNOL","article_modified_time":"2021-08-27T09:04:28+00:00","twitter_card":"summary_large_image","twitter_misc":{"Tempo di lettura stimato":"7 minuti"},"schema":{"@context":"https:\/\/schema.org","@graph":[{"@type":"WebPage","@id":"https:\/\/kennol.com\/it\/partner-di-corse\/","url":"https:\/\/kennol.com\/it\/partner-di-corse\/","name":"Partner di corse | KENNOL - Performance Oil","isPartOf":{"@id":"https:\/\/kennol.com\/it\/#website"},"datePublished":"2020-03-06T10:50:18+00:00","dateModified":"2021-08-27T09:04:28+00:00","description":"KENNOL sviluppa oli e fluidi con partner nella competizione agonistica. Questa \u00e8 la garanzia che i prodotti possono eseguire nelle condizioni pi\u00f9 impegnative.","inLanguage":"it-IT","potentialAction":[{"@type":"ReadAction","target":["https:\/\/kennol.com\/it\/partner-di-corse\/"]}]},{"@type":"WebSite","@id":"https:\/\/kennol.com\/it\/#website","url":"https:\/\/kennol.com\/it\/","name":"KENNOL","description":"Performance Oil","publisher":{"@id":"https:\/\/kennol.com\/it\/#organization"},"potentialAction":[{"@type":"SearchAction","target":{"@type":"EntryPoint","urlTemplate":"https:\/\/kennol.com\/it\/?s={search_term_string}"},"query-input":{"@type":"PropertyValueSpecification","valueRequired":true,"valueName":"search_term_string"}}],"inLanguage":"it-IT"},{"@type":"Organization","@id":"https:\/\/kennol.com\/it\/#organization","name":"PPO","url":"https:\/\/kennol.com\/it\/","logo":{"@type":"ImageObject","inLanguage":"it-IT","@id":"https:\/\/kennol.com\/it\/#\/schema\/logo\/image\/","url":"https:\/\/kennol.com\/wp-content\/uploads\/2018\/01\/KENNOL_logo_header.png","contentUrl":"https:\/\/kennol.com\/wp-content\/uploads\/2018\/01\/KENNOL_logo_header.png","width":400,"height":140,"caption":"PPO"},"image":{"@id":"https:\/\/kennol.com\/it\/#\/schema\/logo\/image\/"}}]}},"_links":{"self":[{"href":"https:\/\/kennol.com\/it\/wp-json\/wp\/v2\/pages\/31340","targetHints":{"allow":["GET"]}}],"collection":[{"href":"https:\/\/kennol.com\/it\/wp-json\/wp\/v2\/pages"}],"about":[{"href":"https:\/\/kennol.com\/it\/wp-json\/wp\/v2\/types\/page"}],"author":[{"embeddable":true,"href":"https:\/\/kennol.com\/it\/wp-json\/wp\/v2\/users\/2"}],"replies":[{"embeddable":true,"href":"https:\/\/kennol.com\/it\/wp-json\/wp\/v2\/comments?post=31340"}],"version-history":[{"count":12,"href":"https:\/\/kennol.com\/it\/wp-json\/wp\/v2\/pages\/31340\/revisions"}],"predecessor-version":[{"id":47765,"href":"https:\/\/kennol.com\/it\/wp-json\/wp\/v2\/pages\/31340\/revisions\/47765"}],"wp:attachment":[{"href":"https:\/\/kennol.com\/it\/wp-json\/wp\/v2\/media?parent=31340"}],"wp:term":[{"taxonomy":"simple-restrict-permission","embeddable":true,"href":"https:\/\/kennol.com\/it\/wp-json\/wp\/v2\/simple-restrict-permission?post=31340"}],"curies":[{"name":"wp","href":"https:\/\/api.w.org\/{rel}","templated":true}]}}