{"id":30998,"date":"2020-03-05T13:26:14","date_gmt":"2020-03-05T13:26:14","guid":{"rendered":"https:\/\/kennol.com\/il-brand\/competizione\/"},"modified":"2025-02-07T11:58:54","modified_gmt":"2025-02-07T10:58:54","slug":"competizione","status":"publish","type":"page","link":"https:\/\/kennol.com\/it\/il-brand\/competizione\/","title":{"rendered":"Competizione"},"content":{"rendered":"<div class=\"wpb-content-wrapper\"><p>[vc_row full_width=&#8221;stretch_row&#8221; disable_background_image=&#8221;&#8221; content_text_aligment=&#8221;left&#8221; simple_background_color=&#8221;#ee3124&#8243; simple_background_image=&#8221;7083&#8243;][vc_column offset=&#8221;vc_hidden-lg vc_hidden-md&#8221;]<div class=\"eltd-section-title-holder  eltd-st-standard eltd-st-title-left eltd-st-normal-space \" >\n\t<div class=\"eltd-st-inner\">\n\t\t\t\t\t<h3 class=\"eltd-st-title\" style=\"color: #000000\">\n\t\t\t\tCOMPETIZIONE\t\t\t<\/h3>\n\t\t\t\t\t<\/div>\n<\/div>[\/vc_column][\/vc_row][vc_row full_width=&#8221;stretch_row&#8221; disable_background_image=&#8221;&#8221; content_text_aligment=&#8221;left&#8221; simple_background_color=&#8221;#ee3124&#8243; simple_background_image=&#8221;8855&#8243; css=&#8221;.vc_custom_1534849703355{background-image: url(\/wp-content\/uploads\/2018\/06\/News_PERFORMANCE_bandeau.png?id=8855) !important;background-position: center !important;background-repeat: no-repeat !important;background-size: cover !important;}&#8221;][vc_column offset=&#8221;vc_hidden-md vc_hidden-sm vc_hidden-xs&#8221; css=&#8221;.vc_custom_1529593952633{padding-top: 120px !important;padding-bottom: 40px !important;}&#8221;][vc_column_text]<\/p>\n<h1><span style=\"color: #000000; font-size: larger;\">COMPETIZIONE<\/span><\/h1>\n<p>[\/vc_column_text][\/vc_column][\/vc_row][vc_row full_width=&#8221;stretch_row_content_no_spaces&#8221; full_height=&#8221;yes&#8221; columns_placement=&#8221;stretch&#8221; content_placement=&#8221;middle&#8221; parallax=&#8221;content-moving-fade&#8221; parallax_image=&#8221;48959&#8243; parallax_speed_bg=&#8221;1.8&#8243; css=&#8221;.vc_custom_1639992836240{border-bottom-width: 2px !important;border-bottom-color: #ee3124 !important;border-bottom-style: solid !important;}&#8221;][vc_column css=&#8221;.vc_custom_1639992808886{padding-bottom: 20px !important;}&#8221;][vc_row_inner content_placement=&#8221;middle&#8221; row_content_width=&#8221;grid&#8221;][vc_column_inner width=&#8221;1\/3&#8243; css=&#8221;.vc_custom_1580295262266{padding-bottom: 20px !important;}&#8221;]<div class=\"eltd-section-title-holder  eltd-st-standard eltd-st-title-left eltd-st-normal-space \" style=\"text-align: left\">\n\t<div class=\"eltd-st-inner\">\n\t\t\t\t\t<h2 class=\"eltd-st-title\" style=\"color: #ffffff\">\n\t\t\t\tLA VITTORIA PRIMA\t\t\t<\/h2>\n\t\t\t\t\t<\/div>\n<\/div><div class=\"eltd-separator-holder clearfix  eltd-separator-left \">\n\t<div class=\"eltd-separator\" style=\"width: 44px;border-bottom-width: 5px;margin-top: 15px;margin-bottom: 15px\"><\/div>\n<\/div>\n<div class=\"eltd-section-title-holder  eltd-st-standard eltd-st-title-left eltd-st-normal-space \" style=\"text-align: left\">\n\t<div class=\"eltd-st-inner\">\n\t\t\t\t\t<h3 class=\"eltd-st-title\" style=\"color: #999999\">\n\t\t\t\tIl coinvolgimento e il successo nelle corse ai massimi livelli sono una garanzia\t\t\t<\/h3>\n\t\t\t\t\t<\/div>\n<\/div>[vc_column_text]<span style=\"color: #ffffff;\">Sviluppiamo e produciamo oli e liquidi che non solo si adattano agli ambienti pi\u00f9 esigenti, ma vincono anche. Ci\u00f2 conferma che le nostre idee e scelte sono buone.<br \/>\n.<\/span><\/p>\n<p><span style=\"color: #ffffff;\">KENNOL ha cos\u00ec costruito una solida reputazione, grazie a un prestigioso background nel mondo delle corse. Pi\u00f9 volte Campione Mondiale FIA GT, pi\u00f9 volte Campione Mondiale FIA F2, vincitore della 24h di Le Mans, della 24h di Daytona, della 24h di Spa-Francorchamps, pi\u00f9 volte Campione di ALMS, ecc. <\/span>[\/vc_column_text][\/vc_column_inner][vc_column_inner width=&#8221;2\/3&#8243;][vc_single_image image=&#8221;50705&#8243; img_size=&#8221;full&#8221; alignment=&#8221;center&#8221; css_animation=&#8221;none&#8221;][\/vc_column_inner][\/vc_row_inner][\/vc_column][\/vc_row][vc_row full_width=&#8221;stretch_row&#8221; content_placement=&#8221;middle&#8221; css=&#8221;.vc_custom_1531489463929{border-radius: 5px !important;}&#8221;][vc_column css=&#8221;.vc_custom_1531471777941{padding-bottom: 10px !important;}&#8221;]<div class=\"eltd-section-title-holder  eltd-st-standard eltd-st-title-left eltd-st-normal-space \" style=\"text-align: left\">\n\t<div class=\"eltd-st-inner\">\n\t\t\t\t\t<h1 class=\"eltd-st-title\" style=\"color: #ee3124\">\n\t\t\t\tUN PARTNER DI LIVELLO MONDIALE\t\t\t<\/h1>\n\t\t\t\t\t<\/div>\n<\/div>[vc_column_text]<span style=\"color: #ffffff;\">Oggi, il nostro impegno non si indebolisce. In ogni continente, la nostra presenza e il nostro livello di prestazioni vengono notati e ricercati: <\/span>[\/vc_column_text][\/vc_column][\/vc_row][vc_row full_width=&#8221;stretch_row&#8221; content_placement=&#8221;middle&#8221; css=&#8221;.vc_custom_1531731850467{border-radius: 5px !important;}&#8221;][vc_column css_animation=&#8221;slideInLeft&#8221; width=&#8221;1\/3&#8243;][vc_column_text]<\/p>\n<h4 style=\"color: #ee3124;\">Fornitore e partner ufficiale<\/h4>\n<p>[\/vc_column_text][vc_column_text css=&#8221;.vc_custom_1583415059785{padding-top: 10px !important;padding-bottom: 10px !important;}&#8221;]<\/p>\n<h2 style=\"color: #ffffff;\"><strong>InMotion<\/strong><\/h2>\n<p>[\/vc_column_text]<div class=\"eltd-separator-holder clearfix  eltd-separator-left \">\n\t<div class=\"eltd-separator\" style=\"width: 44px;border-bottom-width: 5px;margin-top: 2px;margin-bottom: 5px\"><\/div>\n<\/div>\n[vc_column_text]<\/p>\n<p style=\"color: #999999;\"><strong>InMotion<\/strong> and <strong>KENNOL<\/strong> are working together to define the car of the future. Literally. With the aim of the \u00abElectric refuelling\u00bb, both companies innovate to solve the only drawback that still remains for all electric vehicles: fast charging. This 3-4mn solution will allow the team to be the 1st 100% electric prototype to race the <strong>24h Le Mans<\/strong>.<\/p>\n<p>[\/vc_column_text][\/vc_column][vc_column width=&#8221;2\/3&#8243; css=&#8221;.vc_custom_1531471777941{padding-bottom: 10px !important;}&#8221;][vc_single_image image=&#8221;46427&#8243; img_size=&#8221;full&#8221; css_animation=&#8221;slideInRight&#8221;][\/vc_column][\/vc_row][vc_row full_width=&#8221;stretch_row&#8221; content_placement=&#8221;middle&#8221; css=&#8221;.vc_custom_1531731850467{border-radius: 5px !important;}&#8221;][vc_column css_animation=&#8221;slideInLeft&#8221; width=&#8221;1\/3&#8243;][vc_column_text]<\/p>\n<h4 style=\"color: #ee3124;\">Fornitore e partner ufficiale<\/h4>\n<p>[\/vc_column_text][vc_column_text css=&#8221;.vc_custom_1583415112356{padding-top: 10px !important;padding-bottom: 10px !important;}&#8221;]<\/p>\n<h2 style=\"color: #ffffff;\">Campionato <strong>Euro NASCAR<\/strong><\/h2>\n<p>[\/vc_column_text]<div class=\"eltd-separator-holder clearfix  eltd-separator-left \">\n\t<div class=\"eltd-separator\" style=\"width: 44px;border-bottom-width: 5px;margin-top: 2px;margin-bottom: 5px\"><\/div>\n<\/div>\n[vc_column_text]<\/p>\n<p style=\"color: #999999;\"><strong>Official supplier to the European NASCAR Championship<\/strong> for the 6th consecutive season, <strong>KENNOL<\/strong> supplies the engine and axle\/transmission oils for the 35 vehicles entered this year! Thanks to this partnership, we have developed our <strong>KENNOL ULTIMA<\/strong> range, dedicated to competition and extreme performance.<\/p>\n<p>[\/vc_column_text][\/vc_column][vc_column width=&#8221;2\/3&#8243; css=&#8221;.vc_custom_1531471777941{padding-bottom: 10px !important;}&#8221;][vc_single_image image=&#8221;46434&#8243; img_size=&#8221;full&#8221; css_animation=&#8221;slideInRight&#8221;][\/vc_column][\/vc_row][vc_row full_width=&#8221;stretch_row&#8221; content_placement=&#8221;middle&#8221; css=&#8221;.vc_custom_1531731837791{border-radius: 5px !important;}&#8221;][vc_column css_animation=&#8221;slideInLeft&#8221; width=&#8221;1\/3&#8243;][vc_column_text]<\/p>\n<h4 style=\"color: #ee3124;\">Fornitore e partner ufficiale<\/h4>\n<p>[\/vc_column_text][vc_column_text css=&#8221;.vc_custom_1650548344510{padding-top: 10px !important;padding-bottom: 10px !important;}&#8221;]<\/p>\n<h2 style=\"color: #ffffff;\">ADESS AG.<\/h2>\n<p>[\/vc_column_text]<div class=\"eltd-separator-holder clearfix  eltd-separator-left \">\n\t<div class=\"eltd-separator\" style=\"width: 44px;border-bottom-width: 5px;margin-top: 2px;margin-bottom: 5px\"><\/div>\n<\/div>\n[vc_column_text]<\/p>\n<p style=\"color: #999999;\"><strong>ADESS AG.<\/strong> is one of the 4 manufacturers in the world accredited by the ACO to manufacture LMP3 racing prototypes homologated for the <strong>World Endurance Championship<\/strong> and for the <strong>24 Hours of Le Mans<\/strong>. In addition to being in the lead in the design of electric vehicles.<\/p>\n<p>[\/vc_column_text][\/vc_column][vc_column width=&#8221;2\/3&#8243; css=&#8221;.vc_custom_1531471777941{padding-bottom: 10px !important;}&#8221;][vc_single_image image=&#8221;50739&#8243; img_size=&#8221;full&#8221; css_animation=&#8221;slideInRight&#8221;][\/vc_column][\/vc_row][vc_row full_width=&#8221;stretch_row&#8221; content_placement=&#8221;middle&#8221; css=&#8221;.vc_custom_1531731828012{border-radius: 5px !important;}&#8221;][vc_column css_animation=&#8221;slideInLeft&#8221; width=&#8221;1\/3&#8243;][vc_column_text]<\/p>\n<h4 style=\"color: #ee3124;\">Fornitore e partner ufficiale<\/h4>\n<p>[\/vc_column_text][vc_column_text css=&#8221;.vc_custom_1580390645361{padding-top: 10px !important;padding-bottom: 10px !important;}&#8221;]<\/p>\n<h2 style=\"color: #ffffff;\">TCB BIKE<\/h2>\n<p>[\/vc_column_text]<div class=\"eltd-separator-holder clearfix  eltd-separator-left \">\n\t<div class=\"eltd-separator\" style=\"width: 44px;border-bottom-width: 5px;margin-top: 2px;margin-bottom: 5px\"><\/div>\n<\/div>\n[vc_column_text]<\/p>\n<p style=\"color: #999999;\"><strong>TCB Bike<\/strong> is a <strong>French manufacturer<\/strong> of mini-motorbikes. The quality of its designs and manufactures makes it one of the spearheads of the discipline, with numerous titles: World, European, French, German, USA, English Champion, etc.<\/p>\n<p>[\/vc_column_text][\/vc_column][vc_column width=&#8221;2\/3&#8243; css=&#8221;.vc_custom_1531471777941{padding-bottom: 10px !important;}&#8221;][vc_single_image image=&#8221;46457&#8243; img_size=&#8221;full&#8221; css_animation=&#8221;slideInRight&#8221;][\/vc_column][\/vc_row][vc_row][vc_column][vc_column_text]<\/p>\n<p>[\/vc_column_text][\/vc_column][\/vc_row]<\/p>\n<\/div>","protected":false},"excerpt":{"rendered":"<p>[vc_row full_width=&#8221;stretch_row&#8221; disable_background_image=&#8221;&#8221; content_text_aligment=&#8221;left&#8221; simple_background_color=&#8221;#ee3124&#8243; simple_background_image=&#8221;7083&#8243;][vc_column offset=&#8221;vc_hidden-lg vc_hidden-md&#8221;][\/vc_column][\/vc_row][vc_row full_width=&#8221;stretch_row&#8221; disable_background_image=&#8221;&#8221; content_text_aligment=&#8221;left&#8221; simple_background_color=&#8221;#ee3124&#8243; simple_background_image=&#8221;8855&#8243; css=&#8221;.vc_custom_1534849703355{background-image: url(\/wp-content\/uploads\/2018\/06\/News_PERFORMANCE_bandeau.png?id=8855) !important;background-position: center !important;background-repeat: no-repeat !important;background-size: cover !important;}&#8221;][vc_column offset=&#8221;vc_hidden-md vc_hidden-sm vc_hidden-xs&#8221; css=&#8221;.vc_custom_1529593952633{padding-top: 120px !important;padding-bottom: 40px !important;}&#8221;][vc_column_text] COMPETIZIONE [\/vc_column_text][\/vc_column][\/vc_row][vc_row full_width=&#8221;stretch_row_content_no_spaces&#8221; full_height=&#8221;yes&#8221; columns_placement=&#8221;stretch&#8221; content_placement=&#8221;middle&#8221; parallax=&#8221;content-moving-fade&#8221; parallax_image=&#8221;48959&#8243; parallax_speed_bg=&#8221;1.8&#8243; css=&#8221;.vc_custom_1639992836240{border-bottom-width: 2px !important;border-bottom-color: #ee3124 !important;border-bottom-style: solid !important;}&#8221;][vc_column css=&#8221;.vc_custom_1639992808886{padding-bottom: 20px !important;}&#8221;][vc_row_inner content_placement=&#8221;middle&#8221; row_content_width=&#8221;grid&#8221;][vc_column_inner width=&#8221;1\/3&#8243; css=&#8221;.vc_custom_1580295262266{padding-bottom: 20px !important;}&#8221;][vc_column_text]Sviluppiamo [&hellip;]<\/p>\n","protected":false},"author":2,"featured_media":0,"parent":30647,"menu_order":0,"comment_status":"closed","ping_status":"closed","template":"","meta":{"_monsterinsights_skip_tracking":false,"_monsterinsights_sitenote_active":false,"_monsterinsights_sitenote_note":"","_monsterinsights_sitenote_category":0,"footnotes":""},"simple-restrict-permission":[],"class_list":["post-30998","page","type-page","status-publish","hentry"],"yoast_head":"<!-- This site is optimized with the Yoast SEO plugin v27.5 - https:\/\/yoast.com\/product\/yoast-seo-wordpress\/ -->\n<title>Competizione | KENNOL - Performance Oil<\/title>\n<meta name=\"robots\" content=\"index, follow, max-snippet:-1, max-image-preview:large, max-video-preview:-1\" \/>\n<link rel=\"canonical\" href=\"https:\/\/kennol.com\/it\/il-brand\/competizione\/\" \/>\n<meta property=\"og:locale\" content=\"it_IT\" \/>\n<meta property=\"og:type\" content=\"article\" \/>\n<meta property=\"og:title\" content=\"Competizione | KENNOL - Performance Oil\" \/>\n<meta property=\"og:description\" content=\"[vc_row full_width=&#8221;stretch_row&#8221; disable_background_image=&#8221;&#8221; content_text_aligment=&#8221;left&#8221; simple_background_color=&#8221;#ee3124&#8243; simple_background_image=&#8221;7083&#8243;][vc_column offset=&#8221;vc_hidden-lg vc_hidden-md&#8221;][\/vc_column][\/vc_row][vc_row full_width=&#8221;stretch_row&#8221; disable_background_image=&#8221;&#8221; content_text_aligment=&#8221;left&#8221; simple_background_color=&#8221;#ee3124&#8243; simple_background_image=&#8221;8855&#8243; css=&#8221;.vc_custom_1534849703355{background-image: url(\/wp-content\/uploads\/2018\/06\/News_PERFORMANCE_bandeau.png?id=8855) !important;background-position: center !important;background-repeat: no-repeat !important;background-size: cover !important;}&#8221;][vc_column offset=&#8221;vc_hidden-md vc_hidden-sm vc_hidden-xs&#8221; css=&#8221;.vc_custom_1529593952633{padding-top: 120px !important;padding-bottom: 40px !important;}&#8221;][vc_column_text] COMPETIZIONE [\/vc_column_text][\/vc_column][\/vc_row][vc_row full_width=&#8221;stretch_row_content_no_spaces&#8221; full_height=&#8221;yes&#8221; columns_placement=&#8221;stretch&#8221; content_placement=&#8221;middle&#8221; parallax=&#8221;content-moving-fade&#8221; parallax_image=&#8221;48959&#8243; parallax_speed_bg=&#8221;1.8&#8243; css=&#8221;.vc_custom_1639992836240{border-bottom-width: 2px !important;border-bottom-color: #ee3124 !important;border-bottom-style: solid !important;}&#8221;][vc_column css=&#8221;.vc_custom_1639992808886{padding-bottom: 20px !important;}&#8221;][vc_row_inner content_placement=&#8221;middle&#8221; row_content_width=&#8221;grid&#8221;][vc_column_inner width=&#8221;1\/3&#8243; css=&#8221;.vc_custom_1580295262266{padding-bottom: 20px !important;}&#8221;][vc_column_text]Sviluppiamo [&hellip;]\" \/>\n<meta property=\"og:url\" content=\"https:\/\/kennol.com\/it\/il-brand\/competizione\/\" \/>\n<meta property=\"og:site_name\" content=\"KENNOL\" \/>\n<meta property=\"article:modified_time\" content=\"2025-02-07T10:58:54+00:00\" \/>\n<meta name=\"twitter:card\" content=\"summary_large_image\" \/>\n<meta name=\"twitter:label1\" content=\"Tempo di lettura stimato\" \/>\n\t<meta name=\"twitter:data1\" content=\"5 minuti\" \/>\n<script type=\"application\/ld+json\" class=\"yoast-schema-graph\">{\"@context\":\"https:\\\/\\\/schema.org\",\"@graph\":[{\"@type\":\"WebPage\",\"@id\":\"https:\\\/\\\/kennol.com\\\/it\\\/il-brand\\\/competizione\\\/\",\"url\":\"https:\\\/\\\/kennol.com\\\/it\\\/il-brand\\\/competizione\\\/\",\"name\":\"Competizione | KENNOL - Performance Oil\",\"isPartOf\":{\"@id\":\"https:\\\/\\\/kennol.com\\\/it\\\/#website\"},\"datePublished\":\"2020-03-05T13:26:14+00:00\",\"dateModified\":\"2025-02-07T10:58:54+00:00\",\"breadcrumb\":{\"@id\":\"https:\\\/\\\/kennol.com\\\/it\\\/il-brand\\\/competizione\\\/#breadcrumb\"},\"inLanguage\":\"it-IT\",\"potentialAction\":[{\"@type\":\"ReadAction\",\"target\":[\"https:\\\/\\\/kennol.com\\\/it\\\/il-brand\\\/competizione\\\/\"]}]},{\"@type\":\"BreadcrumbList\",\"@id\":\"https:\\\/\\\/kennol.com\\\/it\\\/il-brand\\\/competizione\\\/#breadcrumb\",\"itemListElement\":[{\"@type\":\"ListItem\",\"position\":1,\"name\":\"IL BRAND\",\"item\":\"https:\\\/\\\/kennol.com\\\/it\\\/il-brand\\\/\"},{\"@type\":\"ListItem\",\"position\":2,\"name\":\"Competizione\"}]},{\"@type\":\"WebSite\",\"@id\":\"https:\\\/\\\/kennol.com\\\/it\\\/#website\",\"url\":\"https:\\\/\\\/kennol.com\\\/it\\\/\",\"name\":\"KENNOL\",\"description\":\"Performance Oil\",\"publisher\":{\"@id\":\"https:\\\/\\\/kennol.com\\\/it\\\/#organization\"},\"potentialAction\":[{\"@type\":\"SearchAction\",\"target\":{\"@type\":\"EntryPoint\",\"urlTemplate\":\"https:\\\/\\\/kennol.com\\\/it\\\/?s={search_term_string}\"},\"query-input\":{\"@type\":\"PropertyValueSpecification\",\"valueRequired\":true,\"valueName\":\"search_term_string\"}}],\"inLanguage\":\"it-IT\"},{\"@type\":\"Organization\",\"@id\":\"https:\\\/\\\/kennol.com\\\/it\\\/#organization\",\"name\":\"PPO\",\"url\":\"https:\\\/\\\/kennol.com\\\/it\\\/\",\"logo\":{\"@type\":\"ImageObject\",\"inLanguage\":\"it-IT\",\"@id\":\"https:\\\/\\\/kennol.com\\\/it\\\/#\\\/schema\\\/logo\\\/image\\\/\",\"url\":\"https:\\\/\\\/kennol.com\\\/wp-content\\\/uploads\\\/2018\\\/01\\\/KENNOL_logo_header.png\",\"contentUrl\":\"https:\\\/\\\/kennol.com\\\/wp-content\\\/uploads\\\/2018\\\/01\\\/KENNOL_logo_header.png\",\"width\":400,\"height\":140,\"caption\":\"PPO\"},\"image\":{\"@id\":\"https:\\\/\\\/kennol.com\\\/it\\\/#\\\/schema\\\/logo\\\/image\\\/\"}}]}<\/script>\n<!-- \/ Yoast SEO plugin. -->","yoast_head_json":{"title":"Competizione | KENNOL - Performance Oil","robots":{"index":"index","follow":"follow","max-snippet":"max-snippet:-1","max-image-preview":"max-image-preview:large","max-video-preview":"max-video-preview:-1"},"canonical":"https:\/\/kennol.com\/it\/il-brand\/competizione\/","og_locale":"it_IT","og_type":"article","og_title":"Competizione | KENNOL - Performance Oil","og_description":"[vc_row full_width=&#8221;stretch_row&#8221; disable_background_image=&#8221;&#8221; content_text_aligment=&#8221;left&#8221; simple_background_color=&#8221;#ee3124&#8243; simple_background_image=&#8221;7083&#8243;][vc_column offset=&#8221;vc_hidden-lg vc_hidden-md&#8221;][\/vc_column][\/vc_row][vc_row full_width=&#8221;stretch_row&#8221; disable_background_image=&#8221;&#8221; content_text_aligment=&#8221;left&#8221; simple_background_color=&#8221;#ee3124&#8243; simple_background_image=&#8221;8855&#8243; css=&#8221;.vc_custom_1534849703355{background-image: url(\/wp-content\/uploads\/2018\/06\/News_PERFORMANCE_bandeau.png?id=8855) !important;background-position: center !important;background-repeat: no-repeat !important;background-size: cover !important;}&#8221;][vc_column offset=&#8221;vc_hidden-md vc_hidden-sm vc_hidden-xs&#8221; css=&#8221;.vc_custom_1529593952633{padding-top: 120px !important;padding-bottom: 40px !important;}&#8221;][vc_column_text] COMPETIZIONE [\/vc_column_text][\/vc_column][\/vc_row][vc_row full_width=&#8221;stretch_row_content_no_spaces&#8221; full_height=&#8221;yes&#8221; columns_placement=&#8221;stretch&#8221; content_placement=&#8221;middle&#8221; parallax=&#8221;content-moving-fade&#8221; parallax_image=&#8221;48959&#8243; parallax_speed_bg=&#8221;1.8&#8243; css=&#8221;.vc_custom_1639992836240{border-bottom-width: 2px !important;border-bottom-color: #ee3124 !important;border-bottom-style: solid !important;}&#8221;][vc_column css=&#8221;.vc_custom_1639992808886{padding-bottom: 20px !important;}&#8221;][vc_row_inner content_placement=&#8221;middle&#8221; row_content_width=&#8221;grid&#8221;][vc_column_inner width=&#8221;1\/3&#8243; css=&#8221;.vc_custom_1580295262266{padding-bottom: 20px !important;}&#8221;][vc_column_text]Sviluppiamo [&hellip;]","og_url":"https:\/\/kennol.com\/it\/il-brand\/competizione\/","og_site_name":"KENNOL","article_modified_time":"2025-02-07T10:58:54+00:00","twitter_card":"summary_large_image","twitter_misc":{"Tempo di lettura stimato":"5 minuti"},"schema":{"@context":"https:\/\/schema.org","@graph":[{"@type":"WebPage","@id":"https:\/\/kennol.com\/it\/il-brand\/competizione\/","url":"https:\/\/kennol.com\/it\/il-brand\/competizione\/","name":"Competizione | KENNOL - Performance Oil","isPartOf":{"@id":"https:\/\/kennol.com\/it\/#website"},"datePublished":"2020-03-05T13:26:14+00:00","dateModified":"2025-02-07T10:58:54+00:00","breadcrumb":{"@id":"https:\/\/kennol.com\/it\/il-brand\/competizione\/#breadcrumb"},"inLanguage":"it-IT","potentialAction":[{"@type":"ReadAction","target":["https:\/\/kennol.com\/it\/il-brand\/competizione\/"]}]},{"@type":"BreadcrumbList","@id":"https:\/\/kennol.com\/it\/il-brand\/competizione\/#breadcrumb","itemListElement":[{"@type":"ListItem","position":1,"name":"IL BRAND","item":"https:\/\/kennol.com\/it\/il-brand\/"},{"@type":"ListItem","position":2,"name":"Competizione"}]},{"@type":"WebSite","@id":"https:\/\/kennol.com\/it\/#website","url":"https:\/\/kennol.com\/it\/","name":"KENNOL","description":"Performance Oil","publisher":{"@id":"https:\/\/kennol.com\/it\/#organization"},"potentialAction":[{"@type":"SearchAction","target":{"@type":"EntryPoint","urlTemplate":"https:\/\/kennol.com\/it\/?s={search_term_string}"},"query-input":{"@type":"PropertyValueSpecification","valueRequired":true,"valueName":"search_term_string"}}],"inLanguage":"it-IT"},{"@type":"Organization","@id":"https:\/\/kennol.com\/it\/#organization","name":"PPO","url":"https:\/\/kennol.com\/it\/","logo":{"@type":"ImageObject","inLanguage":"it-IT","@id":"https:\/\/kennol.com\/it\/#\/schema\/logo\/image\/","url":"https:\/\/kennol.com\/wp-content\/uploads\/2018\/01\/KENNOL_logo_header.png","contentUrl":"https:\/\/kennol.com\/wp-content\/uploads\/2018\/01\/KENNOL_logo_header.png","width":400,"height":140,"caption":"PPO"},"image":{"@id":"https:\/\/kennol.com\/it\/#\/schema\/logo\/image\/"}}]}},"_links":{"self":[{"href":"https:\/\/kennol.com\/it\/wp-json\/wp\/v2\/pages\/30998","targetHints":{"allow":["GET"]}}],"collection":[{"href":"https:\/\/kennol.com\/it\/wp-json\/wp\/v2\/pages"}],"about":[{"href":"https:\/\/kennol.com\/it\/wp-json\/wp\/v2\/types\/page"}],"author":[{"embeddable":true,"href":"https:\/\/kennol.com\/it\/wp-json\/wp\/v2\/users\/2"}],"replies":[{"embeddable":true,"href":"https:\/\/kennol.com\/it\/wp-json\/wp\/v2\/comments?post=30998"}],"version-history":[{"count":13,"href":"https:\/\/kennol.com\/it\/wp-json\/wp\/v2\/pages\/30998\/revisions"}],"predecessor-version":[{"id":67259,"href":"https:\/\/kennol.com\/it\/wp-json\/wp\/v2\/pages\/30998\/revisions\/67259"}],"up":[{"embeddable":true,"href":"https:\/\/kennol.com\/it\/wp-json\/wp\/v2\/pages\/30647"}],"wp:attachment":[{"href":"https:\/\/kennol.com\/it\/wp-json\/wp\/v2\/media?parent=30998"}],"wp:term":[{"taxonomy":"simple-restrict-permission","embeddable":true,"href":"https:\/\/kennol.com\/it\/wp-json\/wp\/v2\/simple-restrict-permission?post=30998"}],"curies":[{"name":"wp","href":"https:\/\/api.w.org\/{rel}","templated":true}]}}