{"id":30725,"date":"2020-03-03T16:01:31","date_gmt":"2020-03-03T16:01:31","guid":{"rendered":"https:\/\/kennol.com\/il-brand\/storia\/"},"modified":"2021-12-16T09:31:18","modified_gmt":"2021-12-16T08:31:18","slug":"storia","status":"publish","type":"page","link":"https:\/\/kennol.com\/it\/il-brand\/storia\/","title":{"rendered":"Storia"},"content":{"rendered":"<div class=\"wpb-content-wrapper\"><p>[vc_row full_width=&#8221;stretch_row&#8221; disable_background_image=&#8221;&#8221; content_text_aligment=&#8221;left&#8221; simple_background_color=&#8221;#ee3124&#8243; simple_background_image=&#8221;7083&#8243;][vc_column offset=&#8221;vc_hidden-lg vc_hidden-md&#8221;]<div class=\"eltd-section-title-holder  eltd-st-standard eltd-st-title-left eltd-st-normal-space \" >\n\t<div class=\"eltd-st-inner\">\n\t\t\t\t\t<h3 class=\"eltd-st-title\" style=\"color: #000000\">\n\t\t\t\tSTORIA\t\t\t<\/h3>\n\t\t\t\t\t<\/div>\n<\/div>[\/vc_column][\/vc_row][vc_row full_width=&#8221;stretch_row&#8221; disable_background_image=&#8221;&#8221; content_text_aligment=&#8221;left&#8221; simple_background_color=&#8221;#ee3124&#8243; simple_background_image=&#8221;8855&#8243; css=&#8221;.vc_custom_1534850862308{background-image: url(\/wp-content\/uploads\/2018\/06\/News_PERFORMANCE_bandeau.png?id=8855) !important;background-position: center !important;background-repeat: no-repeat !important;background-size: cover !important;}&#8221;][vc_column offset=&#8221;vc_hidden-sm vc_hidden-xs&#8221; css=&#8221;.vc_custom_1533899873236{padding-top: 120px !important;padding-bottom: 40px !important;}&#8221;][vc_column_text]<\/p>\n<h1><span style=\"color: #000000; font-size: larger;\">STORIA<\/span><\/h1>\n<p>[\/vc_column_text][\/vc_column][\/vc_row][vc_row full_width=&#8221;stretch_row_content_no_spaces&#8221; content_placement=&#8221;top&#8221; parallax=&#8221;content-moving&#8221; parallax_image=&#8221;48952&#8243; css=&#8221;.vc_custom_1639643446932{padding-bottom: 30px !important;}&#8221;][vc_column][vc_row_inner content_placement=&#8221;middle&#8221; row_content_width=&#8221;grid&#8221;][vc_column_inner width=&#8221;1\/6&#8243;]<div class=\"eltd-elements-holder   eltd-one-column  eltd-responsive-mode-768 \" ><div class=\"eltd-eh-item   eltd-horizontal-alignment-center eltd-element-from-fade \"  data-item-class=\"eltd-eh-custom-1924\" data-animation=\"eltd-element-from-fade\">\n\t<div class=\"eltd-eh-item-inner\">\n\t\t<div class=\"eltd-eh-item-content eltd-eh-custom-1924\" style=\"padding: 20px 0px 20px 0px\">\n\t\t\t<div class=\"eltd-section-title-holder  eltd-st-standard eltd-st-title-left eltd-st-normal-space \" style=\"text-align: center\">\n\t<div class=\"eltd-st-inner\">\n\t\t\t\t\t<h4 class=\"eltd-st-title\" style=\"color: #ee3124\">\n\t\t\t\t1993\t\t\t<\/h4>\n\t\t\t\t\t<\/div>\n<\/div><div class=\"eltd-separator-holder clearfix  eltd-separator-center \">\n\t<div class=\"eltd-separator\" style=\"border-color: #ee3124;width: 44px;border-bottom-width: 5px;margin-top: 15px;margin-bottom: 15px\"><\/div>\n<\/div>\n\t\t<\/div>\n\t<\/div>\n<\/div><\/div>[\/vc_column_inner][vc_column_inner width=&#8221;1\/12&#8243; offset=&#8221;vc_hidden-xs&#8221;][vc_single_image image=&#8221;46298&#8243; img_size=&#8221;medium&#8221; alignment=&#8221;center&#8221; css_animation=&#8221;fadeIn&#8221;][\/vc_column_inner][vc_column_inner width=&#8221;3\/4&#8243;]<div class=\"eltd-elements-holder   eltd-one-column  eltd-responsive-mode-768 \" ><div class=\"eltd-eh-item    eltd-element-from-fade \"  data-item-class=\"eltd-eh-custom-7595\" data-animation=\"eltd-element-from-fade\">\n\t<div class=\"eltd-eh-item-inner\">\n\t\t<div class=\"eltd-eh-item-content eltd-eh-custom-7595\" >\n\t\t\t<div class=\"eltd-section-title-holder  eltd-st-standard eltd-st-title-left eltd-st-normal-space \" >\n\t<div class=\"eltd-st-inner\">\n\t\t\t\t\t<h3 class=\"eltd-st-title\" style=\"color: #999999\">\n\t\t\t\tKENNOL \u00c8 NATO IN PISTA\t\t\t<\/h3>\n\t\t\t\t\t<\/div>\n<\/div>[vc_column_text css=&#8221;.vc_custom_1583251516345{padding-right: 30px !important;padding-bottom: 20px !important;}&#8221;]<span style=\"color: #ffffff; font-size: large; font-weight: bold;\">KENNOL \u00e8 una questione di passione, competizione, performance e persone.<\/span><\/p>\n<p><span style=\"color: #ffffff;\">Ecco perch\u00e9 vincere la 24h di Le Mans il primo anno ha significato molto per noi. Si trattava di una squadra, si trattava di resistenza, si trattava di limiti e performance. <\/span><\/p>\n<p><span style=\"color: #ffffff;\">Da quel momento, abbiamo capito che l&#8217;olio sarebbe stato una caratteristica chiave delle prestazioni del motore, del consumo e della durabilit\u00e0.<\/span><\/p>\n<p><span style=\"color: #ffffff;\">E avevamo ragione.<\/span>[\/vc_column_text]\t\t<\/div>\n\t<\/div>\n<\/div><\/div>[\/vc_column_inner][\/vc_row_inner][vc_row_inner content_placement=&#8221;middle&#8221; row_content_width=&#8221;grid&#8221;][vc_column_inner width=&#8221;1\/6&#8243;]<div class=\"eltd-elements-holder   eltd-one-column  eltd-responsive-mode-768 \" ><div class=\"eltd-eh-item   eltd-horizontal-alignment-center eltd-element-from-fade \"  data-item-class=\"eltd-eh-custom-4135\" data-animation=\"eltd-element-from-fade\">\n\t<div class=\"eltd-eh-item-inner\">\n\t\t<div class=\"eltd-eh-item-content eltd-eh-custom-4135\" style=\"padding: 20px 0px 20px 0px\">\n\t\t\t<div class=\"eltd-section-title-holder  eltd-st-standard eltd-st-title-left eltd-st-normal-space \" style=\"text-align: center\">\n\t<div class=\"eltd-st-inner\">\n\t\t\t\t\t<h4 class=\"eltd-st-title\" style=\"color: #ee3124\">\n\t\t\t\t2000's\t\t\t<\/h4>\n\t\t\t\t\t<\/div>\n<\/div><div class=\"eltd-separator-holder clearfix  eltd-separator-center \">\n\t<div class=\"eltd-separator\" style=\"border-color: #ee3124;width: 44px;border-bottom-width: 5px;margin-top: 15px;margin-bottom: 15px\"><\/div>\n<\/div>\n\t\t<\/div>\n\t<\/div>\n<\/div><\/div>[\/vc_column_inner][vc_column_inner width=&#8221;1\/12&#8243; offset=&#8221;vc_hidden-xs&#8221;][vc_single_image image=&#8221;46298&#8243; img_size=&#8221;medium&#8221; alignment=&#8221;center&#8221; css_animation=&#8221;fadeIn&#8221;][\/vc_column_inner][vc_column_inner width=&#8221;3\/4&#8243;]<div class=\"eltd-elements-holder   eltd-one-column  eltd-responsive-mode-768 \" ><div class=\"eltd-eh-item    eltd-element-from-fade \"  data-item-class=\"eltd-eh-custom-8104\" data-animation=\"eltd-element-from-fade\">\n\t<div class=\"eltd-eh-item-inner\">\n\t\t<div class=\"eltd-eh-item-content eltd-eh-custom-8104\" >\n\t\t\t<div class=\"eltd-section-title-holder  eltd-st-standard eltd-st-title-left eltd-st-normal-space \" >\n\t<div class=\"eltd-st-inner\">\n\t\t\t\t\t<h3 class=\"eltd-st-title\" style=\"color: #999999\">\n\t\t\t\tKENNOL AMA LE SFIDE\t\t\t<\/h3>\n\t\t\t\t\t<\/div>\n<\/div>[vc_column_text]<span style=\"color: #ffffff; font-size: large; font-weight: bold;\">KENNOL \u00e8 sempre stato legato alle competizioni.<\/span><\/p>\n<p><span style=\"color: #ffffff;\">Questo ci ha permesso di trovare soluzioni tecniche e di sviluppare la nostra gamma di prodotti.<br \/>\nI primi anni di questo secolo hanno visto il nostro brand vincere molti grandi titoli (pi\u00f9 volte Campione del Mondo FIA GT, pi\u00f9 volte Campione ALMS, ecc.) e ottenere prestigiose vittorie (pi\u00f9 volte vincitore della 24 ore di Spa-Francorchamps, la 1000 miglia di San Paolo, ecc.).<\/span><\/p>\n<p><span style=\"color: #ffffff;\">E quanto possono essere specializzate le nostre soluzioni, in termini di prestazioni e resistenza.<\/span><\/p>\n<p><span style=\"color: #ffffff;\">Perch\u00e9 le nostre vittorie sono le tue garanzie.<\/span>[\/vc_column_text]\t\t<\/div>\n\t<\/div>\n<\/div><\/div>[\/vc_column_inner][\/vc_row_inner][vc_row_inner content_placement=&#8221;middle&#8221; row_content_width=&#8221;grid&#8221;][vc_column_inner width=&#8221;1\/6&#8243;]<div class=\"eltd-elements-holder   eltd-one-column  eltd-responsive-mode-768 \" ><div class=\"eltd-eh-item   eltd-horizontal-alignment-center eltd-element-from-fade \"  data-item-class=\"eltd-eh-custom-2487\" data-animation=\"eltd-element-from-fade\">\n\t<div class=\"eltd-eh-item-inner\">\n\t\t<div class=\"eltd-eh-item-content eltd-eh-custom-2487\" style=\"padding: 20px 0px 20px 0px\">\n\t\t\t<div class=\"eltd-section-title-holder  eltd-st-standard eltd-st-title-left eltd-st-normal-space \" style=\"text-align: center\">\n\t<div class=\"eltd-st-inner\">\n\t\t\t\t\t<h4 class=\"eltd-st-title\" style=\"color: #ee3124\">\n\t\t\t\tTODAY\t\t\t<\/h4>\n\t\t\t\t\t<\/div>\n<\/div><div class=\"eltd-separator-holder clearfix  eltd-separator-center \">\n\t<div class=\"eltd-separator\" style=\"border-color: #ee3124;width: 44px;border-bottom-width: 5px;margin-top: 15px;margin-bottom: 15px\"><\/div>\n<\/div>\n\t\t<\/div>\n\t<\/div>\n<\/div><\/div>[\/vc_column_inner][vc_column_inner width=&#8221;1\/12&#8243; offset=&#8221;vc_hidden-xs&#8221;][vc_single_image image=&#8221;46298&#8243; img_size=&#8221;medium&#8221; alignment=&#8221;center&#8221; css_animation=&#8221;fadeIn&#8221;][\/vc_column_inner][vc_column_inner width=&#8221;3\/4&#8243;]<div class=\"eltd-elements-holder   eltd-one-column  eltd-responsive-mode-768 \" ><div class=\"eltd-eh-item    eltd-element-from-fade \"  data-item-class=\"eltd-eh-custom-2261\" data-animation=\"eltd-element-from-fade\">\n\t<div class=\"eltd-eh-item-inner\">\n\t\t<div class=\"eltd-eh-item-content eltd-eh-custom-2261\" >\n\t\t\t<div class=\"eltd-section-title-holder  eltd-st-standard eltd-st-title-left eltd-st-normal-space \" >\n\t<div class=\"eltd-st-inner\">\n\t\t\t\t\t<h3 class=\"eltd-st-title\" style=\"color: #999999\">\n\t\t\t\tKENNOL CRESCE DI NUOVO\t\t\t<\/h3>\n\t\t\t\t\t<\/div>\n<\/div>[vc_column_text]<span style=\"color: #ffffff; font-size: large; font-weight: bold;\">Il nostro successo \u00e8 pi\u00f9 grande che mai.<\/span><\/p>\n<p><span style=\"color: #ffffff;\">Identit\u00e0 forte, ampia gamma di prodotti, ottimi servizi, ecc. Ogni mossa che facciamo dice &#8220;performance&#8221;.<\/span><\/p>\n<p><span style=\"color: #ffffff;\">Ci piace sognare veicoli e prodotti migliori. E la maggior parte delle volte, proviamo a trasformare questi sogni in realt\u00e0. <\/span><\/p>\n<p><span style=\"color: #ffffff;\">Oggi, i nostri partner nel mondo degli affari, e in pista, condividono la stessa passione. Questo \u00e8 il modo in cui costruiamo il nostro brand e il modo in cui ci sviluppiamo su nuovi mercati. <\/span>[\/vc_column_text]\t\t<\/div>\n\t<\/div>\n<\/div><\/div>[\/vc_column_inner][\/vc_row_inner][vc_row_inner content_placement=&#8221;middle&#8221; row_content_width=&#8221;grid&#8221;][vc_column_inner width=&#8221;1\/6&#8243;]<div class=\"eltd-elements-holder   eltd-one-column  eltd-responsive-mode-768 \" ><div class=\"eltd-eh-item   eltd-horizontal-alignment-center eltd-element-from-fade \"  data-item-class=\"eltd-eh-custom-7776\" data-animation=\"eltd-element-from-fade\">\n\t<div class=\"eltd-eh-item-inner\">\n\t\t<div class=\"eltd-eh-item-content eltd-eh-custom-7776\" style=\"padding: 20px 0px 20px 0px\">\n\t\t\t<div class=\"eltd-section-title-holder  eltd-st-standard eltd-st-title-left eltd-st-normal-space \" style=\"text-align: center\">\n\t<div class=\"eltd-st-inner\">\n\t\t\t\t\t<h4 class=\"eltd-st-title\" style=\"color: #ee3124\">\n\t\t\t\tDOMANI\t\t\t<\/h4>\n\t\t\t\t\t<\/div>\n<\/div><div class=\"eltd-separator-holder clearfix  eltd-separator-center \">\n\t<div class=\"eltd-separator\" style=\"border-color: #ee3124;width: 44px;border-bottom-width: 5px;margin-top: 15px;margin-bottom: 15px\"><\/div>\n<\/div>\n\t\t<\/div>\n\t<\/div>\n<\/div><\/div>[\/vc_column_inner][vc_column_inner width=&#8221;1\/12&#8243; offset=&#8221;vc_hidden-xs&#8221;][vc_single_image image=&#8221;46298&#8243; img_size=&#8221;medium&#8221; alignment=&#8221;center&#8221; css_animation=&#8221;fadeIn&#8221;][\/vc_column_inner][vc_column_inner width=&#8221;3\/4&#8243;]<div class=\"eltd-elements-holder   eltd-one-column  eltd-responsive-mode-768 \" ><div class=\"eltd-eh-item    eltd-element-from-fade \"  data-item-class=\"eltd-eh-custom-6130\" data-animation=\"eltd-element-from-fade\">\n\t<div class=\"eltd-eh-item-inner\">\n\t\t<div class=\"eltd-eh-item-content eltd-eh-custom-6130\" >\n\t\t\t<div class=\"eltd-section-title-holder  eltd-st-standard eltd-st-title-left eltd-st-normal-space \" >\n\t<div class=\"eltd-st-inner\">\n\t\t\t\t\t<h3 class=\"eltd-st-title\" style=\"color: #999999\">\n\t\t\t\tSIAMO PRONTI PER QUALCOSA...\t\t\t<\/h3>\n\t\t\t\t\t<\/div>\n<\/div>[vc_column_text]<span style=\"color: #ffffff; font-size: large; font-weight: bold;\">KENNOL continua a creare, progettare, testare e innovare.<\/span><\/p>\n<p><span style=\"color: #ffffff;\">Questi sono i nostri geni, il nostro DNA. Ciascuna delle nostre nuove partnership nell&#8217;ambito della competizione ci porta a nuove domande, quindi a nuove soluzioni. <\/span><\/p>\n<p><span style=\"color: #ffffff;\">E sai gi\u00e0 che qui, da KENNOL, nuove soluzioni significano&#8230; nuovi prodotti!<\/span><\/p>\n<p><span style=\"color: #ffffff;\">Quindi, aspettati l&#8217;inaspettato.<\/span><br \/>\n<span style=\"color: #ffffff;\">Presto.<\/span>[\/vc_column_text]\t\t<\/div>\n\t<\/div>\n<\/div><\/div>[\/vc_column_inner][\/vc_row_inner][\/vc_column][\/vc_row]<\/p>\n<\/div>","protected":false},"excerpt":{"rendered":"<p>[vc_row full_width=&#8221;stretch_row&#8221; disable_background_image=&#8221;&#8221; content_text_aligment=&#8221;left&#8221; simple_background_color=&#8221;#ee3124&#8243; simple_background_image=&#8221;7083&#8243;][vc_column offset=&#8221;vc_hidden-lg vc_hidden-md&#8221;][\/vc_column][\/vc_row][vc_row full_width=&#8221;stretch_row&#8221; disable_background_image=&#8221;&#8221; content_text_aligment=&#8221;left&#8221; simple_background_color=&#8221;#ee3124&#8243; simple_background_image=&#8221;8855&#8243; css=&#8221;.vc_custom_1534850862308{background-image: url(\/wp-content\/uploads\/2018\/06\/News_PERFORMANCE_bandeau.png?id=8855) !important;background-position: center !important;background-repeat: no-repeat !important;background-size: cover !important;}&#8221;][vc_column offset=&#8221;vc_hidden-sm vc_hidden-xs&#8221; css=&#8221;.vc_custom_1533899873236{padding-top: 120px !important;padding-bottom: 40px !important;}&#8221;][vc_column_text] STORIA [\/vc_column_text][\/vc_column][\/vc_row][vc_row full_width=&#8221;stretch_row_content_no_spaces&#8221; content_placement=&#8221;top&#8221; parallax=&#8221;content-moving&#8221; parallax_image=&#8221;48952&#8243; css=&#8221;.vc_custom_1639643446932{padding-bottom: 30px !important;}&#8221;][vc_column][vc_row_inner content_placement=&#8221;middle&#8221; row_content_width=&#8221;grid&#8221;][vc_column_inner width=&#8221;1\/6&#8243;][\/vc_column_inner][vc_column_inner width=&#8221;1\/12&#8243; offset=&#8221;vc_hidden-xs&#8221;][vc_single_image image=&#8221;46298&#8243; img_size=&#8221;medium&#8221; alignment=&#8221;center&#8221; css_animation=&#8221;fadeIn&#8221;][\/vc_column_inner][vc_column_inner width=&#8221;3\/4&#8243;][\/vc_column_inner][\/vc_row_inner][vc_row_inner content_placement=&#8221;middle&#8221; row_content_width=&#8221;grid&#8221;][vc_column_inner width=&#8221;1\/6&#8243;][\/vc_column_inner][vc_column_inner width=&#8221;1\/12&#8243; offset=&#8221;vc_hidden-xs&#8221;][vc_single_image image=&#8221;46298&#8243; img_size=&#8221;medium&#8221; [&hellip;]<\/p>\n","protected":false},"author":2,"featured_media":0,"parent":30647,"menu_order":0,"comment_status":"closed","ping_status":"closed","template":"","meta":{"_monsterinsights_skip_tracking":false,"_monsterinsights_sitenote_active":false,"_monsterinsights_sitenote_note":"","_monsterinsights_sitenote_category":0,"footnotes":""},"simple-restrict-permission":[],"class_list":["post-30725","page","type-page","status-publish","hentry"],"yoast_head":"<!-- This site is optimized with the Yoast SEO plugin v27.5 - https:\/\/yoast.com\/product\/yoast-seo-wordpress\/ -->\n<title>Storia | KENNOL - Performance Oil<\/title>\n<meta name=\"robots\" content=\"index, follow, max-snippet:-1, max-image-preview:large, max-video-preview:-1\" \/>\n<link rel=\"canonical\" href=\"https:\/\/kennol.com\/it\/il-brand\/storia\/\" \/>\n<meta property=\"og:locale\" content=\"it_IT\" \/>\n<meta property=\"og:type\" content=\"article\" \/>\n<meta property=\"og:title\" content=\"Storia | KENNOL - Performance Oil\" \/>\n<meta property=\"og:description\" content=\"[vc_row full_width=&#8221;stretch_row&#8221; disable_background_image=&#8221;&#8221; content_text_aligment=&#8221;left&#8221; simple_background_color=&#8221;#ee3124&#8243; simple_background_image=&#8221;7083&#8243;][vc_column offset=&#8221;vc_hidden-lg vc_hidden-md&#8221;][\/vc_column][\/vc_row][vc_row full_width=&#8221;stretch_row&#8221; disable_background_image=&#8221;&#8221; content_text_aligment=&#8221;left&#8221; simple_background_color=&#8221;#ee3124&#8243; simple_background_image=&#8221;8855&#8243; css=&#8221;.vc_custom_1534850862308{background-image: url(\/wp-content\/uploads\/2018\/06\/News_PERFORMANCE_bandeau.png?id=8855) !important;background-position: center !important;background-repeat: no-repeat !important;background-size: cover !important;}&#8221;][vc_column offset=&#8221;vc_hidden-sm vc_hidden-xs&#8221; css=&#8221;.vc_custom_1533899873236{padding-top: 120px !important;padding-bottom: 40px !important;}&#8221;][vc_column_text] STORIA [\/vc_column_text][\/vc_column][\/vc_row][vc_row full_width=&#8221;stretch_row_content_no_spaces&#8221; content_placement=&#8221;top&#8221; parallax=&#8221;content-moving&#8221; parallax_image=&#8221;48952&#8243; css=&#8221;.vc_custom_1639643446932{padding-bottom: 30px !important;}&#8221;][vc_column][vc_row_inner content_placement=&#8221;middle&#8221; row_content_width=&#8221;grid&#8221;][vc_column_inner width=&#8221;1\/6&#8243;][\/vc_column_inner][vc_column_inner width=&#8221;1\/12&#8243; offset=&#8221;vc_hidden-xs&#8221;][vc_single_image image=&#8221;46298&#8243; img_size=&#8221;medium&#8221; alignment=&#8221;center&#8221; css_animation=&#8221;fadeIn&#8221;][\/vc_column_inner][vc_column_inner width=&#8221;3\/4&#8243;][\/vc_column_inner][\/vc_row_inner][vc_row_inner content_placement=&#8221;middle&#8221; row_content_width=&#8221;grid&#8221;][vc_column_inner width=&#8221;1\/6&#8243;][\/vc_column_inner][vc_column_inner width=&#8221;1\/12&#8243; offset=&#8221;vc_hidden-xs&#8221;][vc_single_image image=&#8221;46298&#8243; img_size=&#8221;medium&#8221; [&hellip;]\" \/>\n<meta property=\"og:url\" content=\"https:\/\/kennol.com\/it\/il-brand\/storia\/\" \/>\n<meta property=\"og:site_name\" content=\"KENNOL\" \/>\n<meta property=\"article:modified_time\" content=\"2021-12-16T08:31:18+00:00\" \/>\n<meta name=\"twitter:card\" content=\"summary_large_image\" \/>\n<meta name=\"twitter:label1\" content=\"Tempo di lettura stimato\" \/>\n\t<meta name=\"twitter:data1\" content=\"6 minuti\" \/>\n<script type=\"application\/ld+json\" class=\"yoast-schema-graph\">{\"@context\":\"https:\\\/\\\/schema.org\",\"@graph\":[{\"@type\":\"WebPage\",\"@id\":\"https:\\\/\\\/kennol.com\\\/it\\\/il-brand\\\/storia\\\/\",\"url\":\"https:\\\/\\\/kennol.com\\\/it\\\/il-brand\\\/storia\\\/\",\"name\":\"Storia | KENNOL - Performance Oil\",\"isPartOf\":{\"@id\":\"https:\\\/\\\/kennol.com\\\/it\\\/#website\"},\"datePublished\":\"2020-03-03T16:01:31+00:00\",\"dateModified\":\"2021-12-16T08:31:18+00:00\",\"breadcrumb\":{\"@id\":\"https:\\\/\\\/kennol.com\\\/it\\\/il-brand\\\/storia\\\/#breadcrumb\"},\"inLanguage\":\"it-IT\",\"potentialAction\":[{\"@type\":\"ReadAction\",\"target\":[\"https:\\\/\\\/kennol.com\\\/it\\\/il-brand\\\/storia\\\/\"]}]},{\"@type\":\"BreadcrumbList\",\"@id\":\"https:\\\/\\\/kennol.com\\\/it\\\/il-brand\\\/storia\\\/#breadcrumb\",\"itemListElement\":[{\"@type\":\"ListItem\",\"position\":1,\"name\":\"IL BRAND\",\"item\":\"https:\\\/\\\/kennol.com\\\/it\\\/il-brand\\\/\"},{\"@type\":\"ListItem\",\"position\":2,\"name\":\"Storia\"}]},{\"@type\":\"WebSite\",\"@id\":\"https:\\\/\\\/kennol.com\\\/it\\\/#website\",\"url\":\"https:\\\/\\\/kennol.com\\\/it\\\/\",\"name\":\"KENNOL\",\"description\":\"Performance Oil\",\"publisher\":{\"@id\":\"https:\\\/\\\/kennol.com\\\/it\\\/#organization\"},\"potentialAction\":[{\"@type\":\"SearchAction\",\"target\":{\"@type\":\"EntryPoint\",\"urlTemplate\":\"https:\\\/\\\/kennol.com\\\/it\\\/?s={search_term_string}\"},\"query-input\":{\"@type\":\"PropertyValueSpecification\",\"valueRequired\":true,\"valueName\":\"search_term_string\"}}],\"inLanguage\":\"it-IT\"},{\"@type\":\"Organization\",\"@id\":\"https:\\\/\\\/kennol.com\\\/it\\\/#organization\",\"name\":\"PPO\",\"url\":\"https:\\\/\\\/kennol.com\\\/it\\\/\",\"logo\":{\"@type\":\"ImageObject\",\"inLanguage\":\"it-IT\",\"@id\":\"https:\\\/\\\/kennol.com\\\/it\\\/#\\\/schema\\\/logo\\\/image\\\/\",\"url\":\"https:\\\/\\\/kennol.com\\\/wp-content\\\/uploads\\\/2018\\\/01\\\/KENNOL_logo_header.png\",\"contentUrl\":\"https:\\\/\\\/kennol.com\\\/wp-content\\\/uploads\\\/2018\\\/01\\\/KENNOL_logo_header.png\",\"width\":400,\"height\":140,\"caption\":\"PPO\"},\"image\":{\"@id\":\"https:\\\/\\\/kennol.com\\\/it\\\/#\\\/schema\\\/logo\\\/image\\\/\"}}]}<\/script>\n<!-- \/ Yoast SEO plugin. -->","yoast_head_json":{"title":"Storia | KENNOL - Performance Oil","robots":{"index":"index","follow":"follow","max-snippet":"max-snippet:-1","max-image-preview":"max-image-preview:large","max-video-preview":"max-video-preview:-1"},"canonical":"https:\/\/kennol.com\/it\/il-brand\/storia\/","og_locale":"it_IT","og_type":"article","og_title":"Storia | KENNOL - Performance Oil","og_description":"[vc_row full_width=&#8221;stretch_row&#8221; disable_background_image=&#8221;&#8221; content_text_aligment=&#8221;left&#8221; simple_background_color=&#8221;#ee3124&#8243; simple_background_image=&#8221;7083&#8243;][vc_column offset=&#8221;vc_hidden-lg vc_hidden-md&#8221;][\/vc_column][\/vc_row][vc_row full_width=&#8221;stretch_row&#8221; disable_background_image=&#8221;&#8221; content_text_aligment=&#8221;left&#8221; simple_background_color=&#8221;#ee3124&#8243; simple_background_image=&#8221;8855&#8243; css=&#8221;.vc_custom_1534850862308{background-image: url(\/wp-content\/uploads\/2018\/06\/News_PERFORMANCE_bandeau.png?id=8855) !important;background-position: center !important;background-repeat: no-repeat !important;background-size: cover !important;}&#8221;][vc_column offset=&#8221;vc_hidden-sm vc_hidden-xs&#8221; css=&#8221;.vc_custom_1533899873236{padding-top: 120px !important;padding-bottom: 40px !important;}&#8221;][vc_column_text] STORIA [\/vc_column_text][\/vc_column][\/vc_row][vc_row full_width=&#8221;stretch_row_content_no_spaces&#8221; content_placement=&#8221;top&#8221; parallax=&#8221;content-moving&#8221; parallax_image=&#8221;48952&#8243; css=&#8221;.vc_custom_1639643446932{padding-bottom: 30px !important;}&#8221;][vc_column][vc_row_inner content_placement=&#8221;middle&#8221; row_content_width=&#8221;grid&#8221;][vc_column_inner width=&#8221;1\/6&#8243;][\/vc_column_inner][vc_column_inner width=&#8221;1\/12&#8243; offset=&#8221;vc_hidden-xs&#8221;][vc_single_image image=&#8221;46298&#8243; img_size=&#8221;medium&#8221; alignment=&#8221;center&#8221; css_animation=&#8221;fadeIn&#8221;][\/vc_column_inner][vc_column_inner width=&#8221;3\/4&#8243;][\/vc_column_inner][\/vc_row_inner][vc_row_inner content_placement=&#8221;middle&#8221; row_content_width=&#8221;grid&#8221;][vc_column_inner width=&#8221;1\/6&#8243;][\/vc_column_inner][vc_column_inner width=&#8221;1\/12&#8243; offset=&#8221;vc_hidden-xs&#8221;][vc_single_image image=&#8221;46298&#8243; img_size=&#8221;medium&#8221; [&hellip;]","og_url":"https:\/\/kennol.com\/it\/il-brand\/storia\/","og_site_name":"KENNOL","article_modified_time":"2021-12-16T08:31:18+00:00","twitter_card":"summary_large_image","twitter_misc":{"Tempo di lettura stimato":"6 minuti"},"schema":{"@context":"https:\/\/schema.org","@graph":[{"@type":"WebPage","@id":"https:\/\/kennol.com\/it\/il-brand\/storia\/","url":"https:\/\/kennol.com\/it\/il-brand\/storia\/","name":"Storia | KENNOL - Performance Oil","isPartOf":{"@id":"https:\/\/kennol.com\/it\/#website"},"datePublished":"2020-03-03T16:01:31+00:00","dateModified":"2021-12-16T08:31:18+00:00","breadcrumb":{"@id":"https:\/\/kennol.com\/it\/il-brand\/storia\/#breadcrumb"},"inLanguage":"it-IT","potentialAction":[{"@type":"ReadAction","target":["https:\/\/kennol.com\/it\/il-brand\/storia\/"]}]},{"@type":"BreadcrumbList","@id":"https:\/\/kennol.com\/it\/il-brand\/storia\/#breadcrumb","itemListElement":[{"@type":"ListItem","position":1,"name":"IL BRAND","item":"https:\/\/kennol.com\/it\/il-brand\/"},{"@type":"ListItem","position":2,"name":"Storia"}]},{"@type":"WebSite","@id":"https:\/\/kennol.com\/it\/#website","url":"https:\/\/kennol.com\/it\/","name":"KENNOL","description":"Performance Oil","publisher":{"@id":"https:\/\/kennol.com\/it\/#organization"},"potentialAction":[{"@type":"SearchAction","target":{"@type":"EntryPoint","urlTemplate":"https:\/\/kennol.com\/it\/?s={search_term_string}"},"query-input":{"@type":"PropertyValueSpecification","valueRequired":true,"valueName":"search_term_string"}}],"inLanguage":"it-IT"},{"@type":"Organization","@id":"https:\/\/kennol.com\/it\/#organization","name":"PPO","url":"https:\/\/kennol.com\/it\/","logo":{"@type":"ImageObject","inLanguage":"it-IT","@id":"https:\/\/kennol.com\/it\/#\/schema\/logo\/image\/","url":"https:\/\/kennol.com\/wp-content\/uploads\/2018\/01\/KENNOL_logo_header.png","contentUrl":"https:\/\/kennol.com\/wp-content\/uploads\/2018\/01\/KENNOL_logo_header.png","width":400,"height":140,"caption":"PPO"},"image":{"@id":"https:\/\/kennol.com\/it\/#\/schema\/logo\/image\/"}}]}},"_links":{"self":[{"href":"https:\/\/kennol.com\/it\/wp-json\/wp\/v2\/pages\/30725","targetHints":{"allow":["GET"]}}],"collection":[{"href":"https:\/\/kennol.com\/it\/wp-json\/wp\/v2\/pages"}],"about":[{"href":"https:\/\/kennol.com\/it\/wp-json\/wp\/v2\/types\/page"}],"author":[{"embeddable":true,"href":"https:\/\/kennol.com\/it\/wp-json\/wp\/v2\/users\/2"}],"replies":[{"embeddable":true,"href":"https:\/\/kennol.com\/it\/wp-json\/wp\/v2\/comments?post=30725"}],"version-history":[{"count":10,"href":"https:\/\/kennol.com\/it\/wp-json\/wp\/v2\/pages\/30725\/revisions"}],"predecessor-version":[{"id":49008,"href":"https:\/\/kennol.com\/it\/wp-json\/wp\/v2\/pages\/30725\/revisions\/49008"}],"up":[{"embeddable":true,"href":"https:\/\/kennol.com\/it\/wp-json\/wp\/v2\/pages\/30647"}],"wp:attachment":[{"href":"https:\/\/kennol.com\/it\/wp-json\/wp\/v2\/media?parent=30725"}],"wp:term":[{"taxonomy":"simple-restrict-permission","embeddable":true,"href":"https:\/\/kennol.com\/it\/wp-json\/wp\/v2\/simple-restrict-permission?post=30725"}],"curies":[{"name":"wp","href":"https:\/\/api.w.org\/{rel}","templated":true}]}}