{"id":30680,"date":"2020-03-03T14:04:34","date_gmt":"2020-03-03T14:04:34","guid":{"rendered":"https:\/\/kennol.com\/groupe\/"},"modified":"2021-08-27T11:00:25","modified_gmt":"2021-08-27T09:00:25","slug":"il-gruppo","status":"publish","type":"page","link":"https:\/\/kennol.com\/it\/il-gruppo\/","title":{"rendered":"IL GRUPPO"},"content":{"rendered":"<div class=\"wpb-content-wrapper\"><p>[vc_row full_width=&#8221;stretch_row&#8221; disable_background_image=&#8221;&#8221; content_text_aligment=&#8221;left&#8221; simple_background_image=&#8221;7083&#8243; simple_background_color=&#8221;#ee3124&#8243;][vc_column offset=&#8221;vc_hidden-lg vc_hidden-md&#8221;]<div class=\"eltd-section-title-holder  eltd-st-standard eltd-st-title-left eltd-st-normal-space \" >\n\t<div class=\"eltd-st-inner\">\n\t\t\t\t\t<h3 class=\"eltd-st-title\" style=\"color: #000000\">\n\t\t\t\tIL GRUPPO \t\t\t<\/h3>\n\t\t\t\t\t<\/div>\n<\/div>[\/vc_column][\/vc_row][vc_row full_width=&#8221;stretch_row&#8221; disable_background_image=&#8221;&#8221; content_text_aligment=&#8221;left&#8221; simple_background_image=&#8221;8855&#8243; simple_background_color=&#8221;#ee3124&#8243; css=&#8221;.vc_custom_1534855179394{background-image: url(\/wp-content\/uploads\/2018\/06\/News_PERFORMANCE_bandeau.png?id=8855) !important;background-position: center !important;background-repeat: no-repeat !important;background-size: cover !important;}&#8221;][vc_column css=&#8221;.vc_custom_1533631109337{padding-top: 120px !important;padding-bottom: 40px !important;}&#8221; offset=&#8221;vc_hidden-sm vc_hidden-xs&#8221;][vc_column_text]<\/p>\n<h1><span style=\"color: #000000; font-size: larger;\">IL GRUPPO<\/span><\/h1>\n<p>[\/vc_column_text][\/vc_column][\/vc_row][vc_row full_width=&#8221;stretch_row&#8221; full_height=&#8221;yes&#8221; columns_placement=&#8221;top&#8221; content_placement=&#8221;middle&#8221; parallax=&#8221;content-moving-fade&#8221; parallax_image=&#8221;18701&#8243; parallax_speed_bg=&#8221;2.5&#8243;][vc_column]<div class=\"eltd-tabs  eltd-tabs-vertical\">\n\t<ul class=\"eltd-tabs-nav clearfix\">\n\t\t\t\t\t<li>\n\t\t\t\t\t\t\t\t\t<a href=\"#tab-il-gruppo\">IL GRUPPO<\/a>\n\t\t\t\t\t\t\t<\/li>\n\t\t\t\t\t<li>\n\t\t\t\t\t\t\t\t\t<a href=\"#tab-lazienda\">L&#039;AZIENDA<\/a>\n\t\t\t\t\t\t\t<\/li>\n\t\t\t\t\t<li>\n\t\t\t\t\t\t\t\t\t<a href=\"#tab-il-marchio\">IL MARCHIO<\/a>\n\t\t\t\t\t\t\t<\/li>\n\t\t\t\t\t<li>\n\t\t\t\t\t\t\t\t\t<a href=\"#tab-la-produzione\">LA PRODUZIONE<\/a>\n\t\t\t\t\t\t\t<\/li>\n\t\t\t<\/ul>\n\t<div class=\"eltd-tab-container\" id=\"tab-il-gruppo-801\"><div class=\"eltd-section-title-holder  eltd-st-standard eltd-st-title-left eltd-st-normal-space \" style=\"text-align: center\">\n\t<div class=\"eltd-st-inner\">\n\t\t\t\t\t<h2 class=\"eltd-st-title\" style=\"color: #ffffff\">\n\t\t\t\tIL GRUPPO \t\t\t<\/h2>\n\t\t\t\t\t<\/div>\n<\/div><div class=\"eltd-separator-holder clearfix  eltd-separator-center \">\n\t<div class=\"eltd-separator\" style=\"width: 44px;border-bottom-width: 5px;margin-top: 15px;margin-bottom: 40px\"><\/div>\n<\/div>\n<div class=\"eltd-image-with-text-holder  eltd-has-shadow eltd-image-behavior-grayscale\">\n    <div class=\"eltd-iwt-image\">\n                                    <img decoding=\"async\" width=\"1500\" height=\"566\" src=\"https:\/\/kennol.com\/wp-content\/uploads\/KENNOL_GROUP-min.png\" class=\"attachment-full size-full\" alt=\"KENNOL&#039;s industrial group is a french family owned company.\" srcset=\"https:\/\/kennol.com\/wp-content\/uploads\/KENNOL_GROUP-min.png 1500w, https:\/\/kennol.com\/wp-content\/uploads\/KENNOL_GROUP-min-160x60.png 160w, https:\/\/kennol.com\/wp-content\/uploads\/KENNOL_GROUP-min-300x113.png 300w, https:\/\/kennol.com\/wp-content\/uploads\/KENNOL_GROUP-min-768x290.png 768w, https:\/\/kennol.com\/wp-content\/uploads\/KENNOL_GROUP-min-1100x415.png 1100w, https:\/\/kennol.com\/wp-content\/uploads\/KENNOL_GROUP-min-1000x377.png 1000w\" sizes=\"(max-width: 1500px) 100vw, 1500px\" \/>                        <\/div>\n    <div class=\"eltd-iwt-text-holder\">\n        \t\t    <\/div>\n<\/div><div class=\"eltd-section-title-holder  eltd-st-standard eltd-st-title-left eltd-st-normal-space \" >\n\t<div class=\"eltd-st-inner\">\n\t\t\t\t\t<h2 class=\"eltd-st-title\" style=\"color: #ee3124\">\n\t\t\t\tLa forza di un'eredit\u00e0\t\t\t<\/h2>\n\t\t\t\t\t<\/div>\n<\/div>[vc_empty_space height=&#8221;20px&#8221;]<div class=\"eltd-section-title-holder  eltd-st-standard eltd-st-title-left eltd-st-normal-space \" >\n\t<div class=\"eltd-st-inner\">\n\t\t\t\t\t<h4 class=\"eltd-st-title\" style=\"color: #cccccc\">\n\t\t\t\tIl gruppo industriale KENNOL \u00e8 un'azienda familiare francese.\t\t\t<\/h4>\n\t\t\t\t\t<\/div>\n<\/div>[vc_column_text]All&#8217;inizio degli anni &#8217;80, la prima generazione scelse di specializzarsi nel settore dei lubrificanti e costru\u00ec una produzione molto moderna a Cholet, in Francia.<br \/>\nAltre filiali del Gruppo hanno contribuito a creare una rete di altissima qualit\u00e0 di persone e competenze all&#8217;interno del Gruppo, in modo che ogni esigenza venga soddisfatta in pochissimo tempo ed esclusivamente con talenti interni.<\/p>\n<p>&nbsp;<\/p>\n<p>Il successo delle diverse strutture all&#8217;interno del Gruppo ha gradualmente aumentato la qualit\u00e0 della produzione e della logistica dello stabilimento. Sebbene il Gruppo volesse rimanere fortemente indipendente, la volont\u00e0 di creare un marchio rinomato era reale.<br \/>\n[\/vc_column_text][vc_empty_space height=&#8221;20px&#8221;]<div class=\"eltd-section-title-holder  eltd-st-standard eltd-st-title-left eltd-st-normal-space \" >\n\t<div class=\"eltd-st-inner\">\n\t\t\t\t\t<h4 class=\"eltd-st-title\" style=\"color: #cccccc\">\n\t\t\t\t\u00c8 cos\u00ec che \u00e8 nato KENNOL nel 1992.\t\t\t<\/h4>\n\t\t\t\t\t<\/div>\n<\/div>[vc_column_text]Da allora, il Gruppo ha ampliato le sue attivit\u00e0 in altri campi, ma rimane profondamente determinato a contribuire al successo dei nostri prodotti e servizi nei confronti dei nostri clienti e partner in oltre 60 paesi nel mondo.<\/p>\n<p>&nbsp;<\/p>\n<p>Le molteplici sfaccettature del Gruppo ci consentono di innovare in ogni aspetto del settore:<br \/>\n&#8211; impianti di produzione ultra moderni<br \/>\n&#8211; laboratorio in loco<br \/>\n&#8211; agenzia di comunicazione e marketing dedicata<br \/>\n&#8211; squadra corse della fabbrica<br \/>\n&#8211; propri magazzini[\/vc_column_text]<\/div><div class=\"eltd-tab-container\" id=\"tab-lazienda-548\"><div class=\"eltd-section-title-holder  eltd-st-standard eltd-st-title-left eltd-st-normal-space \" style=\"text-align: center\">\n\t<div class=\"eltd-st-inner\">\n\t\t\t\t\t<h2 class=\"eltd-st-title\" style=\"color: #ffffff\">\n\t\t\t\tL'Azienda\t\t\t<\/h2>\n\t\t\t\t\t<\/div>\n<\/div><div class=\"eltd-separator-holder clearfix  eltd-separator-center \">\n\t<div class=\"eltd-separator\" style=\"width: 44px;border-bottom-width: 5px;margin-top: 15px;margin-bottom: 40px\"><\/div>\n<\/div>\n<div class=\"eltd-image-with-text-holder  eltd-has-shadow eltd-image-behavior-grayscale\">\n    <div class=\"eltd-iwt-image\">\n                                    <img decoding=\"async\" width=\"1500\" height=\"566\" src=\"https:\/\/kennol.com\/wp-content\/uploads\/KENNOL_GROUP_company-min.png\" class=\"attachment-full size-full\" alt=\"P.P.O. (Produits P\u00e9troliers Organisation) has been created to lead the destiny of KENNOL in 1991.\" srcset=\"https:\/\/kennol.com\/wp-content\/uploads\/KENNOL_GROUP_company-min.png 1500w, https:\/\/kennol.com\/wp-content\/uploads\/KENNOL_GROUP_company-min-160x60.png 160w, https:\/\/kennol.com\/wp-content\/uploads\/KENNOL_GROUP_company-min-300x113.png 300w, https:\/\/kennol.com\/wp-content\/uploads\/KENNOL_GROUP_company-min-768x290.png 768w, https:\/\/kennol.com\/wp-content\/uploads\/KENNOL_GROUP_company-min-1100x415.png 1100w, https:\/\/kennol.com\/wp-content\/uploads\/KENNOL_GROUP_company-min-1000x377.png 1000w\" sizes=\"(max-width: 1500px) 100vw, 1500px\" \/>                        <\/div>\n    <div class=\"eltd-iwt-text-holder\">\n        \t\t    <\/div>\n<\/div><div class=\"eltd-section-title-holder  eltd-st-standard eltd-st-title-left eltd-st-normal-space \" >\n\t<div class=\"eltd-st-inner\">\n\t\t\t\t\t<h2 class=\"eltd-st-title\" style=\"color: #ee3124\">\n\t\t\t\tPassione per le performance\t\t\t<\/h2>\n\t\t\t\t\t<\/div>\n<\/div>[vc_empty_space height=&#8221;20px&#8221;]<div class=\"eltd-section-title-holder  eltd-st-standard eltd-st-title-left eltd-st-normal-space \" >\n\t<div class=\"eltd-st-inner\">\n\t\t\t\t\t<h4 class=\"eltd-st-title\" style=\"color: #cccccc\">\n\t\t\t\t(Produits P\u00e9troliers Organisation) \u00e8 stata creata per guidare il destino di KENNOL nel 1991.\t\t\t<\/h4>\n\t\t\t\t\t<\/div>\n<\/div>[vc_column_text]Forte di un&#8217;esperienza decennale nella progettazione e produzione di lubrificanti di alta gamma (automobilistico e industriale), la societ\u00e0 ha iniziato come filiale Premium del Gruppo.<br \/>\nSi \u00e8 specializzata in lubrificanti ad alte prestazioni per auto e per le competizioni, prima di aprire il suo catalogo, anno dopo anno, ad altri campi, come le moto, ecc.<\/p>\n<p>&nbsp;<\/p>\n<p>La societ\u00e0 \u00e8 sempre stata alla ricerca di nuove idee e innovazioni per continuare a spingere KENNOL ai massimi livelli del settore.[\/vc_column_text]<\/div><div class=\"eltd-tab-container\" id=\"tab-il-marchio-52\"><div class=\"eltd-section-title-holder  eltd-st-standard eltd-st-title-left eltd-st-normal-space \" style=\"text-align: center\">\n\t<div class=\"eltd-st-inner\">\n\t\t\t\t\t<h2 class=\"eltd-st-title\" style=\"color: #ffffff\">\n\t\t\t\tIl Marchio\t\t\t<\/h2>\n\t\t\t\t\t<\/div>\n<\/div><div class=\"eltd-separator-holder clearfix  eltd-separator-center \">\n\t<div class=\"eltd-separator\" style=\"width: 44px;border-bottom-width: 5px;margin-top: 15px;margin-bottom: 40px\"><\/div>\n<\/div>\n<div class=\"eltd-image-with-text-holder  eltd-has-shadow eltd-image-behavior-grayscale\">\n    <div class=\"eltd-iwt-image\">\n                                    <img decoding=\"async\" width=\"1500\" height=\"566\" src=\"https:\/\/kennol.com\/wp-content\/uploads\/KENNOL_GROUP_brand-min.png\" class=\"attachment-full size-full\" alt=\"KENNOL was born on the track.\" srcset=\"https:\/\/kennol.com\/wp-content\/uploads\/KENNOL_GROUP_brand-min.png 1500w, https:\/\/kennol.com\/wp-content\/uploads\/KENNOL_GROUP_brand-min-300x113.png 300w, https:\/\/kennol.com\/wp-content\/uploads\/KENNOL_GROUP_brand-min-1100x415.png 1100w, https:\/\/kennol.com\/wp-content\/uploads\/KENNOL_GROUP_brand-min-768x290.png 768w, https:\/\/kennol.com\/wp-content\/uploads\/KENNOL_GROUP_brand-min-1000x377.png 1000w, https:\/\/kennol.com\/wp-content\/uploads\/KENNOL_GROUP_brand-min-64x24.png 64w\" sizes=\"(max-width: 1500px) 100vw, 1500px\" \/>                        <\/div>\n    <div class=\"eltd-iwt-text-holder\">\n        \t\t    <\/div>\n<\/div><div class=\"eltd-section-title-holder  eltd-st-standard eltd-st-title-left eltd-st-normal-space \" >\n\t<div class=\"eltd-st-inner\">\n\t\t\t\t\t<h2 class=\"eltd-st-title\" style=\"color: #ee3124\">\n\t\t\t\tNato in pista\t\t\t<\/h2>\n\t\t\t\t\t<\/div>\n<\/div>[vc_empty_space height=&#8221;20px&#8221;][vc_column_text]Il marchio KENNOL \u00e8 stato creato nel 1992 ed era dedicato ai lubrificanti ad alte prestazioni per auto e competizioni.<\/p>\n<p>Ha presto ottenuto il suo primo riconoscimento internazionale dopo aver vinto la 24h di Le Mans del 1993, con Christophe BOUCHUT.<\/p>\n<p>&nbsp;<\/p>\n<p>Da allora, non \u00e8 passato un solo anno senza che non abbia collezionato numerosi titoli e vittorie prestigiose.<br \/>\nQuesto background nella competizione \u00e8 il concetto dell&#8217;intero marchio: se vinciamo con i lubrificanti che sviluppiamo e produciamo, puoi fidarti di questi prodotti per proteggere ogni giorno il motore della tua auto.<br \/>\n[\/vc_column_text][vc_empty_space height=&#8221;20px&#8221;]<div class=\"eltd-section-title-holder  eltd-st-standard eltd-st-title-left eltd-st-normal-space \" >\n\t<div class=\"eltd-st-inner\">\n\t\t\t\t\t<h4 class=\"eltd-st-title\" style=\"color: #cccccc\">\n\t\t\t\tLe nostre vittorie e successi sono la tua garanzia.\t\t\t<\/h4>\n\t\t\t\t\t<\/div>\n<\/div>[vc_column_text]Inoltre, KENNOL gode di un&#8217;altra forza interiore, oltre ai suoi prodotti di alta qualit\u00e0: la sua immagine pubblica.<br \/>\nInfatti, il logo e i colori del marchio sono riconosciuti in tutti i continenti. Ci\u00f2 \u00e8 dovuto al nostro impegno nelle corse, ma anche al nostro costante approccio di alto livello e al potere globale della sua rappresentazione.<\/p>\n<p>&nbsp;<\/p>\n<p>Anche la transizione digitale \u00e8 andata a buon fine per uno dei marchi di lubrificanti pi\u00f9 moderni al mondo.<br \/>\nKENNOL si colloca ora infatti tra i 15 marchi di lubrificanti indipendenti pi\u00f9 famosi e popolari di tutta la Terra (fonte Facebook Statistics 2019).[\/vc_column_text]<\/div><div class=\"eltd-tab-container\" id=\"tab-la-produzione-984\"><div class=\"eltd-section-title-holder  eltd-st-standard eltd-st-title-left eltd-st-normal-space \" style=\"text-align: center\">\n\t<div class=\"eltd-st-inner\">\n\t\t\t\t\t<h2 class=\"eltd-st-title\" style=\"color: #ffffff\">\n\t\t\t\tLa Produzione\t\t\t<\/h2>\n\t\t\t\t\t<\/div>\n<\/div><div class=\"eltd-separator-holder clearfix  eltd-separator-center \">\n\t<div class=\"eltd-separator\" style=\"width: 44px;border-bottom-width: 5px;margin-top: 15px;margin-bottom: 40px\"><\/div>\n<\/div>\n<div class=\"eltd-image-with-text-holder  eltd-has-shadow eltd-image-behavior-grayscale\">\n    <div class=\"eltd-iwt-image\">\n                                    <img decoding=\"async\" width=\"1500\" height=\"566\" src=\"https:\/\/kennol.com\/wp-content\/uploads\/KENNOL_GROUP_manufacture-min.png\" class=\"attachment-full size-full\" alt=\"KENNOL manufacturer is 100% made in France.\" srcset=\"https:\/\/kennol.com\/wp-content\/uploads\/KENNOL_GROUP_manufacture-min.png 1500w, https:\/\/kennol.com\/wp-content\/uploads\/KENNOL_GROUP_manufacture-min-160x60.png 160w, https:\/\/kennol.com\/wp-content\/uploads\/KENNOL_GROUP_manufacture-min-300x113.png 300w, https:\/\/kennol.com\/wp-content\/uploads\/KENNOL_GROUP_manufacture-min-768x290.png 768w, https:\/\/kennol.com\/wp-content\/uploads\/KENNOL_GROUP_manufacture-min-1100x415.png 1100w, https:\/\/kennol.com\/wp-content\/uploads\/KENNOL_GROUP_manufacture-min-1000x377.png 1000w\" sizes=\"(max-width: 1500px) 100vw, 1500px\" \/>                        <\/div>\n    <div class=\"eltd-iwt-text-holder\">\n        \t\t    <\/div>\n<\/div><div class=\"eltd-section-title-holder  eltd-st-standard eltd-st-title-left eltd-st-normal-space \" >\n\t<div class=\"eltd-st-inner\">\n\t\t\t\t\t<h2 class=\"eltd-st-title\" style=\"color: #ee3124\">\n\t\t\t\t100% MADE IN FRANCE!\t\t\t<\/h2>\n\t\t\t\t\t<\/div>\n<\/div>[vc_empty_space height=&#8221;20px&#8221;]<div class=\"eltd-section-title-holder  eltd-st-standard eltd-st-title-left eltd-st-normal-space \" >\n\t<div class=\"eltd-st-inner\">\n\t\t\t\t\t<h4 class=\"eltd-st-title\" style=\"color: #cccccc\">\n\t\t\t\tProduciamo tutti i nostri prodotti KENNOL nella nostra fabbrica, a Cholet, in Francia.\t\t\t<\/h4>\n\t\t\t\t\t<\/div>\n<\/div>[vc_column_text]Garantiamo la qualit\u00e0 dei nostri prodotti e servizi, e manteniamo un livello di impegno molto elevato al fine di ottenere la migliore qualit\u00e0 possibile. Molti fattori testimoniano la nostra grande esperienza in questo campo:<\/p>\n<p>&nbsp;<\/p>\n<p>&#8211; Certificazione AFAQ: ISO 9001<br \/>\n&#8211; Impianti di produzione ultramoderni<br \/>\n&#8211; Linee di produzione completamente automatizzate<br \/>\n&#8211; Gestione umana ad ogni livello<br \/>\n&#8211; Accordo Centro di formazione continua<br \/>\n&#8211; Laboratorio di lubrificanti e fluidi tecnici in loco<br \/>\n[\/vc_column_text]<\/div><\/div><div class=\"eltd-separator-holder clearfix  eltd-separator-center \">\n\t<div class=\"eltd-separator\" style=\"width: 44px;border-bottom-width: 5px;margin-top: 40px;margin-bottom: 40px\"><\/div>\n<\/div>\n[vc_single_image image=&#8221;18684&#8243; img_size=&#8221;large&#8221; alignment=&#8221;center&#8221;][\/vc_column][\/vc_row]<\/p>\n<\/div>","protected":false},"excerpt":{"rendered":"<p>[vc_row full_width=&#8221;stretch_row&#8221; disable_background_image=&#8221;&#8221; content_text_aligment=&#8221;left&#8221; simple_background_image=&#8221;7083&#8243; simple_background_color=&#8221;#ee3124&#8243;][vc_column offset=&#8221;vc_hidden-lg vc_hidden-md&#8221;][\/vc_column][\/vc_row][vc_row full_width=&#8221;stretch_row&#8221; disable_background_image=&#8221;&#8221; content_text_aligment=&#8221;left&#8221; simple_background_image=&#8221;8855&#8243; simple_background_color=&#8221;#ee3124&#8243; css=&#8221;.vc_custom_1534855179394{background-image: url(\/wp-content\/uploads\/2018\/06\/News_PERFORMANCE_bandeau.png?id=8855) !important;background-position: center !important;background-repeat: no-repeat !important;background-size: cover !important;}&#8221;][vc_column css=&#8221;.vc_custom_1533631109337{padding-top: 120px !important;padding-bottom: 40px !important;}&#8221; offset=&#8221;vc_hidden-sm vc_hidden-xs&#8221;][vc_column_text] IL GRUPPO [\/vc_column_text][\/vc_column][\/vc_row][vc_row full_width=&#8221;stretch_row&#8221; full_height=&#8221;yes&#8221; columns_placement=&#8221;top&#8221; content_placement=&#8221;middle&#8221; parallax=&#8221;content-moving-fade&#8221; parallax_image=&#8221;18701&#8243; parallax_speed_bg=&#8221;2.5&#8243;][vc_column][vc_single_image image=&#8221;18684&#8243; img_size=&#8221;large&#8221; alignment=&#8221;center&#8221;][\/vc_column][\/vc_row]<\/p>\n","protected":false},"author":2,"featured_media":0,"parent":0,"menu_order":0,"comment_status":"closed","ping_status":"closed","template":"","meta":{"_monsterinsights_skip_tracking":false,"_monsterinsights_sitenote_active":false,"_monsterinsights_sitenote_note":"","_monsterinsights_sitenote_category":0,"footnotes":""},"simple-restrict-permission":[],"class_list":["post-30680","page","type-page","status-publish","hentry"],"yoast_head":"<!-- This site is optimized with the Yoast SEO plugin v27.5 - https:\/\/yoast.com\/product\/yoast-seo-wordpress\/ -->\n<title>IL GRUPPO | KENNOL - Performance Oil<\/title>\n<meta name=\"description\" content=\"Dietro KENNOL, c&#039;\u00e8 un gruppo che fornisce al marchio la sua struttura, i suoi mezzi e i suoi talenti, per esportare in oltre 60 paesi.\" \/>\n<meta name=\"robots\" content=\"index, follow, max-snippet:-1, max-image-preview:large, max-video-preview:-1\" \/>\n<link rel=\"canonical\" href=\"https:\/\/kennol.com\/it\/il-gruppo\/\" \/>\n<meta property=\"og:locale\" content=\"it_IT\" \/>\n<meta property=\"og:type\" content=\"article\" \/>\n<meta property=\"og:title\" content=\"IL GRUPPO | KENNOL - Performance Oil\" \/>\n<meta property=\"og:description\" content=\"Dietro KENNOL, c&#039;\u00e8 un gruppo che fornisce al marchio la sua struttura, i suoi mezzi e i suoi talenti, per esportare in oltre 60 paesi.\" \/>\n<meta property=\"og:url\" content=\"https:\/\/kennol.com\/it\/il-gruppo\/\" \/>\n<meta property=\"og:site_name\" content=\"KENNOL\" \/>\n<meta property=\"article:modified_time\" content=\"2021-08-27T09:00:25+00:00\" \/>\n<meta name=\"twitter:card\" content=\"summary_large_image\" \/>\n<meta name=\"twitter:label1\" content=\"Tempo di lettura stimato\" \/>\n\t<meta name=\"twitter:data1\" content=\"6 minuti\" \/>\n<script type=\"application\/ld+json\" class=\"yoast-schema-graph\">{\"@context\":\"https:\\\/\\\/schema.org\",\"@graph\":[{\"@type\":\"WebPage\",\"@id\":\"https:\\\/\\\/kennol.com\\\/it\\\/il-gruppo\\\/\",\"url\":\"https:\\\/\\\/kennol.com\\\/it\\\/il-gruppo\\\/\",\"name\":\"IL GRUPPO | KENNOL - Performance Oil\",\"isPartOf\":{\"@id\":\"https:\\\/\\\/kennol.com\\\/it\\\/#website\"},\"datePublished\":\"2020-03-03T14:04:34+00:00\",\"dateModified\":\"2021-08-27T09:00:25+00:00\",\"description\":\"Dietro KENNOL, c'\u00e8 un gruppo che fornisce al marchio la sua struttura, i suoi mezzi e i suoi talenti, per esportare in oltre 60 paesi.\",\"inLanguage\":\"it-IT\",\"potentialAction\":[{\"@type\":\"ReadAction\",\"target\":[\"https:\\\/\\\/kennol.com\\\/it\\\/il-gruppo\\\/\"]}]},{\"@type\":\"WebSite\",\"@id\":\"https:\\\/\\\/kennol.com\\\/it\\\/#website\",\"url\":\"https:\\\/\\\/kennol.com\\\/it\\\/\",\"name\":\"KENNOL\",\"description\":\"Performance Oil\",\"publisher\":{\"@id\":\"https:\\\/\\\/kennol.com\\\/it\\\/#organization\"},\"potentialAction\":[{\"@type\":\"SearchAction\",\"target\":{\"@type\":\"EntryPoint\",\"urlTemplate\":\"https:\\\/\\\/kennol.com\\\/it\\\/?s={search_term_string}\"},\"query-input\":{\"@type\":\"PropertyValueSpecification\",\"valueRequired\":true,\"valueName\":\"search_term_string\"}}],\"inLanguage\":\"it-IT\"},{\"@type\":\"Organization\",\"@id\":\"https:\\\/\\\/kennol.com\\\/it\\\/#organization\",\"name\":\"PPO\",\"url\":\"https:\\\/\\\/kennol.com\\\/it\\\/\",\"logo\":{\"@type\":\"ImageObject\",\"inLanguage\":\"it-IT\",\"@id\":\"https:\\\/\\\/kennol.com\\\/it\\\/#\\\/schema\\\/logo\\\/image\\\/\",\"url\":\"https:\\\/\\\/kennol.com\\\/wp-content\\\/uploads\\\/2018\\\/01\\\/KENNOL_logo_header.png\",\"contentUrl\":\"https:\\\/\\\/kennol.com\\\/wp-content\\\/uploads\\\/2018\\\/01\\\/KENNOL_logo_header.png\",\"width\":400,\"height\":140,\"caption\":\"PPO\"},\"image\":{\"@id\":\"https:\\\/\\\/kennol.com\\\/it\\\/#\\\/schema\\\/logo\\\/image\\\/\"}}]}<\/script>\n<!-- \/ Yoast SEO plugin. -->","yoast_head_json":{"title":"IL GRUPPO | KENNOL - Performance Oil","description":"Dietro KENNOL, c'\u00e8 un gruppo che fornisce al marchio la sua struttura, i suoi mezzi e i suoi talenti, per esportare in oltre 60 paesi.","robots":{"index":"index","follow":"follow","max-snippet":"max-snippet:-1","max-image-preview":"max-image-preview:large","max-video-preview":"max-video-preview:-1"},"canonical":"https:\/\/kennol.com\/it\/il-gruppo\/","og_locale":"it_IT","og_type":"article","og_title":"IL GRUPPO | KENNOL - Performance Oil","og_description":"Dietro KENNOL, c'\u00e8 un gruppo che fornisce al marchio la sua struttura, i suoi mezzi e i suoi talenti, per esportare in oltre 60 paesi.","og_url":"https:\/\/kennol.com\/it\/il-gruppo\/","og_site_name":"KENNOL","article_modified_time":"2021-08-27T09:00:25+00:00","twitter_card":"summary_large_image","twitter_misc":{"Tempo di lettura stimato":"6 minuti"},"schema":{"@context":"https:\/\/schema.org","@graph":[{"@type":"WebPage","@id":"https:\/\/kennol.com\/it\/il-gruppo\/","url":"https:\/\/kennol.com\/it\/il-gruppo\/","name":"IL GRUPPO | KENNOL - Performance Oil","isPartOf":{"@id":"https:\/\/kennol.com\/it\/#website"},"datePublished":"2020-03-03T14:04:34+00:00","dateModified":"2021-08-27T09:00:25+00:00","description":"Dietro KENNOL, c'\u00e8 un gruppo che fornisce al marchio la sua struttura, i suoi mezzi e i suoi talenti, per esportare in oltre 60 paesi.","inLanguage":"it-IT","potentialAction":[{"@type":"ReadAction","target":["https:\/\/kennol.com\/it\/il-gruppo\/"]}]},{"@type":"WebSite","@id":"https:\/\/kennol.com\/it\/#website","url":"https:\/\/kennol.com\/it\/","name":"KENNOL","description":"Performance Oil","publisher":{"@id":"https:\/\/kennol.com\/it\/#organization"},"potentialAction":[{"@type":"SearchAction","target":{"@type":"EntryPoint","urlTemplate":"https:\/\/kennol.com\/it\/?s={search_term_string}"},"query-input":{"@type":"PropertyValueSpecification","valueRequired":true,"valueName":"search_term_string"}}],"inLanguage":"it-IT"},{"@type":"Organization","@id":"https:\/\/kennol.com\/it\/#organization","name":"PPO","url":"https:\/\/kennol.com\/it\/","logo":{"@type":"ImageObject","inLanguage":"it-IT","@id":"https:\/\/kennol.com\/it\/#\/schema\/logo\/image\/","url":"https:\/\/kennol.com\/wp-content\/uploads\/2018\/01\/KENNOL_logo_header.png","contentUrl":"https:\/\/kennol.com\/wp-content\/uploads\/2018\/01\/KENNOL_logo_header.png","width":400,"height":140,"caption":"PPO"},"image":{"@id":"https:\/\/kennol.com\/it\/#\/schema\/logo\/image\/"}}]}},"_links":{"self":[{"href":"https:\/\/kennol.com\/it\/wp-json\/wp\/v2\/pages\/30680","targetHints":{"allow":["GET"]}}],"collection":[{"href":"https:\/\/kennol.com\/it\/wp-json\/wp\/v2\/pages"}],"about":[{"href":"https:\/\/kennol.com\/it\/wp-json\/wp\/v2\/types\/page"}],"author":[{"embeddable":true,"href":"https:\/\/kennol.com\/it\/wp-json\/wp\/v2\/users\/2"}],"replies":[{"embeddable":true,"href":"https:\/\/kennol.com\/it\/wp-json\/wp\/v2\/comments?post=30680"}],"version-history":[{"count":8,"href":"https:\/\/kennol.com\/it\/wp-json\/wp\/v2\/pages\/30680\/revisions"}],"predecessor-version":[{"id":47759,"href":"https:\/\/kennol.com\/it\/wp-json\/wp\/v2\/pages\/30680\/revisions\/47759"}],"wp:attachment":[{"href":"https:\/\/kennol.com\/it\/wp-json\/wp\/v2\/media?parent=30680"}],"wp:term":[{"taxonomy":"simple-restrict-permission","embeddable":true,"href":"https:\/\/kennol.com\/it\/wp-json\/wp\/v2\/simple-restrict-permission?post=30680"}],"curies":[{"name":"wp","href":"https:\/\/api.w.org\/{rel}","templated":true}]}}