{"id":68035,"date":"2025-05-06T12:31:46","date_gmt":"2025-05-06T10:31:46","guid":{"rendered":"https:\/\/kennol.com\/?post_type=product&#038;p=68035"},"modified":"2025-08-12T11:04:01","modified_gmt":"2025-08-12T09:04:01","slug":"uttofarm-synth","status":"publish","type":"product","link":"https:\/\/kennol.com\/es\/productos\/uttofarm-synth\/","title":{"rendered":"UTTOFARM SYNTH"},"content":{"rendered":"<div class=\"wpb-content-wrapper\"><p>[vc_row row_content_width=\u00bbgrid\u00bb][vc_column][vc_column_text]<span style=\"color: #ffffff;\">High performance multi purpose lubricant developed for the lubrication of all major tractor components except engines: gearboxes, wetbrakes, transmission and hydraulic systems.<\/span>[\/vc_column_text][vc_empty_space height=\u00bb10px\u00bb][vc_column_text]<span style=\"color: #999999;\"><em>CARACTER\u00cdSTICAS Y BENEFICIOS<\/em><\/span>[\/vc_column_text]<div class=\"eltd-separator-holder clearfix  eltd-separator-left \">\n\t<div class=\"eltd-separator\" style=\"border-color: #999999;border-style: solid;width: 100%;border-bottom-width: 1px\"><\/div>\n<\/div>\n[vc_column_text css=\u00bb\u00bb]<span style=\"color: #999999;\">Very high viscosity index.<\/span><br \/>\n<span style=\"color: #ee3124;\">\u2192\u00a0<\/span><span style=\"color: #ffffff;\">Easy start up at low temperature.<\/span><br \/>\n<span style=\"color: #ee3124;\">\u2192\u00a0<\/span><span style=\"color: #ffffff;\">High safety potential at high temperature.<\/span><\/p>\n<p><span style=\"color: #999999;\">Antifoaming properties.<\/span><br \/>\n<span style=\"color: #ee3124;\">\u2192\u00a0<\/span><span style=\"color: #ffffff;\">Prevents oil loss, gear damage and cavitation in hydraulic pumps.<\/span><\/p>\n<p><span style=\"color: #999999;\">\u00abExtreme pressure\u00bb additive.<\/span><br \/>\n<span style=\"color: #ee3124;\">\u2192\u00a0<\/span><span style=\"color: #ffffff;\">Protection against micro-welds and metal wrenching.<\/span><\/p>\n<p><span style=\"color: #999999;\">Very good friction properties.<\/span><br \/>\n<span style=\"color: #ee3124;\">\u2192\u00a0<\/span><span style=\"color: #ffffff;\">Avoids jamming at the end of braking and clutch jerks.<\/span>[\/vc_column_text][\/vc_column][\/vc_row][vc_column][\/vc_column][vc_column][\/vc_column]<\/p>\n<\/div>","protected":false},"excerpt":{"rendered":"<h3><span style=\"color: #808080;\">ACEITE MULTIFUNCIONAL<\/span><\/h3>\n<p>&nbsp;<br \/>\n<span style=\"color: #666666;\"><em>ESPECIFICACIONES<\/em><\/span><\/p>\n<hr color=\"#666666\" line-height=\"1px\"\/>\n<span style=\"color: #ffffff;\"><\/p>\n<style>.col2 {-webkit-column-count: 2; -moz-column-count: 2; column-count: 2;}<\/style>\n<div class=\"col2\"><strong>ISO <\/strong>VG 68<br \/>\n<strong>API <\/strong>GL4<br \/>\n<strong>ALLISON <\/strong>C4<br \/>\n<strong>CATERPILLAR <\/strong>TO2<br \/>\n<strong>CNH <\/strong>MAT 3505\/3509\/3525\/3540<br \/>\n<strong>FORD NEW HOLLAND<\/strong><br \/>\nM2C 134 A\/B\/C\/D<br \/>\nM2C 86 B\/C<br \/>\nFNHA 2C 200.00\/201.00<br \/>\n<strong>HCE <\/strong>102\/102W<br \/>\n<strong>JI CASE<\/strong> MS 1206\/MS 1207<br \/>\n<strong>JOHN DEERE<\/strong> JDM J20C\/D<br \/>\n<strong>KUBOTA <\/strong>UDT Fluid<br \/>\n<strong>MASSEY FERGUSON<\/strong> M1135\/M1141\/M1143\/M1145<br \/>\n<strong>VALTRA <\/strong>G2-08<br \/>\n<strong>VCE <\/strong>WB 101<br \/>\n<strong>VOLVO <\/strong>VCE-WB 101<br \/>\n<strong>ZF <\/strong>TE-ML 03E\/05F\/06K\/17E\/21F<\/div>\n<p><\/span><br \/>\n<span style=\"color: #666666;\"><em>EMBALAJES DISPONIBLES<\/em><\/span><\/p>\n<hr color=\"#666666\" line-height=\"1px\"\/>\n<style>.col2 {-webkit-column-count: 2; -moz-column-count: 2; column-count: 2;}<\/style>\n<div class=\"col2\">\n<div class=\"leftcontainer\"><img decoding=\"async\" src=\"\/wp-content\/uploads\/KENNOL_CONDITIONNEMENT_20L.png\" onmouseover=\"this.src=&#039;\/wp-content\/uploads\/KENNOL_CONDITIONNEMENT_20L_VISUEL.png&#039;\" onmouseout=\"this.src=&#039;\/wp-content\/uploads\/KENNOL_CONDITIONNEMENT_20L.png&#039;\"\/><\/p>\n<p>196425<\/p>\n<\/div>\n<div class=\"leftcontainer\"><img decoding=\"async\" src=\"\/wp-content\/uploads\/KENNOL_CONDITIONNEMENT_220L.png\" onmouseover=\"this.src=&#039;\/wp-content\/uploads\/KENNOL_CONDITIONNEMENT_220L_VISUEL.png&#039;\" onmouseout=\"this.src=&#039;\/wp-content\/uploads\/KENNOL_CONDITIONNEMENT_220L.png&#039;\"\/><\/p>\n<p>196429<\/p>\n<\/div>\n<\/div>\n<p>&nbsp;<br \/>\n<em><span style=\"color: #666666;\">DESCARGAR<\/span><\/em><\/p>\n<hr color=\"#666666\" line-height=\"1px\"\/>\n<a href=\"\/EN\/FT\/KENNOL_UTTOFARM_SYNTH_EN.pdf\" target=\"_blank\" rel=\"noopener noreferrer\"><img decoding=\"async\" src=\"\/wp-content\/uploads\/2018\/03\/pdf.png\" alt=\"\" \/><\/a> <a style=\"color: #ee3124;\" href=\"\/EN\/FT\/KENNOL_UTTOFARM_SYNTH_EN.pdf\" target=\"_blank\" rel=\"noopener noreferrer\"><b>Ficha de datos t\u00e9cnicos<\/b><\/a><br \/>\n<a href=\"\/EN\/FDS\/KENNOL_UTTOFARM_SYNTH_EN.pdf\" target=\"_blank\" rel=\"noopener noreferrer\"><img decoding=\"async\" src=\"\/wp-content\/uploads\/2018\/03\/pdf.png\" alt=\"\" \/><\/a> <a style=\"color: #ee3124;\" href=\"\/EN\/FDS\/KENNOL_UTTOFARM_SYNTH_EN.pdf\" target=\"_blank\" rel=\"noopener noreferrer\"><b>Ficha de datos de seguridad<\/b><\/a><br \/>\n&nbsp;<br \/>\n<a href=\"\/es\/la-marca\/etiquetas\/\"><img decoding=\"async\" src=\"\/wp-content\/uploads\/KENNOL_LOGO_MadeInFrance.png\" width=\"250\" \/><\/a><\/p>\n","protected":false},"featured_media":33934,"template":"","meta":{"_monsterinsights_skip_tracking":false,"_monsterinsights_sitenote_active":false,"_monsterinsights_sitenote_note":"","_monsterinsights_sitenote_category":0},"product_brand":[],"product_cat":[2863,2100],"product_tag":[2108],"class_list":{"0":"post-68035","1":"product","2":"type-product","3":"status-publish","4":"has-post-thumbnail","6":"product_cat-aceites-para-transmision-es-3","7":"product_cat-maquinaria-agricola-y-de-obra","8":"product_tag-aceite-multifuncional","10":"first","11":"instock","12":"shipping-taxable","13":"product-type-simple"},"yoast_head":"<!-- This site is optimized with the Yoast SEO plugin v27.4 - https:\/\/yoast.com\/product\/yoast-seo-wordpress\/ -->\n<title>UTTOFARM SYNTH | KENNOL - Performance Oil<\/title>\n<meta name=\"description\" content=\"Lubricante multiusos de alto rendimiento desarrollado para la lubricaci\u00f3n de los principales componentes del tractor, excepto los motores: cajas de cambio, frenos h\u00famedos, transmisi\u00f3n y sistemas hidr\u00e1ulicos.\" \/>\n<meta name=\"robots\" content=\"index, follow, max-snippet:-1, max-image-preview:large, max-video-preview:-1\" \/>\n<link rel=\"canonical\" href=\"https:\/\/kennol.com\/es\/productos\/uttofarm-synth\/\" \/>\n<meta property=\"og:locale\" content=\"es_ES\" \/>\n<meta property=\"og:type\" content=\"article\" \/>\n<meta property=\"og:title\" content=\"UTTOFARM SYNTH | KENNOL - Performance Oil\" \/>\n<meta property=\"og:description\" content=\"Lubricante multiusos de alto rendimiento desarrollado para la lubricaci\u00f3n de los principales componentes del tractor, excepto los motores: cajas de cambio, frenos h\u00famedos, transmisi\u00f3n y sistemas hidr\u00e1ulicos.\" \/>\n<meta property=\"og:url\" content=\"https:\/\/kennol.com\/es\/productos\/uttofarm-synth\/\" \/>\n<meta property=\"og:site_name\" content=\"KENNOL\" \/>\n<meta property=\"article:modified_time\" content=\"2025-08-12T09:04:01+00:00\" \/>\n<meta property=\"og:image\" content=\"https:\/\/kennol.com\/wp-content\/uploads\/KENNOL_220L_LUBS-4.jpg\" \/>\n\t<meta property=\"og:image:width\" content=\"1100\" \/>\n\t<meta property=\"og:image:height\" content=\"1100\" \/>\n\t<meta property=\"og:image:type\" content=\"image\/jpeg\" \/>\n<meta name=\"twitter:card\" content=\"summary_large_image\" \/>\n<meta name=\"twitter:label1\" content=\"Tiempo de lectura\" \/>\n\t<meta name=\"twitter:data1\" content=\"1 minuto\" \/>\n<script type=\"application\/ld+json\" class=\"yoast-schema-graph\">{\"@context\":\"https:\\\/\\\/schema.org\",\"@graph\":[{\"@type\":\"WebPage\",\"@id\":\"https:\\\/\\\/kennol.com\\\/es\\\/productos\\\/uttofarm-synth\\\/\",\"url\":\"https:\\\/\\\/kennol.com\\\/es\\\/productos\\\/uttofarm-synth\\\/\",\"name\":\"UTTOFARM SYNTH | KENNOL - Performance Oil\",\"isPartOf\":{\"@id\":\"https:\\\/\\\/kennol.com\\\/es\\\/#website\"},\"primaryImageOfPage\":{\"@id\":\"https:\\\/\\\/kennol.com\\\/es\\\/productos\\\/uttofarm-synth\\\/#primaryimage\"},\"image\":{\"@id\":\"https:\\\/\\\/kennol.com\\\/es\\\/productos\\\/uttofarm-synth\\\/#primaryimage\"},\"thumbnailUrl\":\"https:\\\/\\\/kennol.com\\\/wp-content\\\/uploads\\\/KENNOL_220L_LUBS-4.jpg\",\"datePublished\":\"2025-05-06T10:31:46+00:00\",\"dateModified\":\"2025-08-12T09:04:01+00:00\",\"description\":\"Lubricante multiusos de alto rendimiento desarrollado para la lubricaci\u00f3n de los principales componentes del tractor, excepto los motores: cajas de cambio, frenos h\u00famedos, transmisi\u00f3n y sistemas hidr\u00e1ulicos.\",\"breadcrumb\":{\"@id\":\"https:\\\/\\\/kennol.com\\\/es\\\/productos\\\/uttofarm-synth\\\/#breadcrumb\"},\"inLanguage\":\"es\",\"potentialAction\":[{\"@type\":\"ReadAction\",\"target\":[\"https:\\\/\\\/kennol.com\\\/es\\\/productos\\\/uttofarm-synth\\\/\"]}]},{\"@type\":\"ImageObject\",\"inLanguage\":\"es\",\"@id\":\"https:\\\/\\\/kennol.com\\\/es\\\/productos\\\/uttofarm-synth\\\/#primaryimage\",\"url\":\"https:\\\/\\\/kennol.com\\\/wp-content\\\/uploads\\\/KENNOL_220L_LUBS-4.jpg\",\"contentUrl\":\"https:\\\/\\\/kennol.com\\\/wp-content\\\/uploads\\\/KENNOL_220L_LUBS-4.jpg\",\"width\":1100,\"height\":1100,\"caption\":\"Barrel lubes KENNOL 220L.\"},{\"@type\":\"BreadcrumbList\",\"@id\":\"https:\\\/\\\/kennol.com\\\/es\\\/productos\\\/uttofarm-synth\\\/#breadcrumb\",\"itemListElement\":[{\"@type\":\"ListItem\",\"position\":1,\"name\":\"PRODUCTOS\",\"item\":\"https:\\\/\\\/kennol.com\\\/es\\\/products-2\\\/\"},{\"@type\":\"ListItem\",\"position\":2,\"name\":\"UTTOFARM SYNTH\"}]},{\"@type\":\"WebSite\",\"@id\":\"https:\\\/\\\/kennol.com\\\/es\\\/#website\",\"url\":\"https:\\\/\\\/kennol.com\\\/es\\\/\",\"name\":\"KENNOL\",\"description\":\"Performance Oil\",\"publisher\":{\"@id\":\"https:\\\/\\\/kennol.com\\\/es\\\/#organization\"},\"potentialAction\":[{\"@type\":\"SearchAction\",\"target\":{\"@type\":\"EntryPoint\",\"urlTemplate\":\"https:\\\/\\\/kennol.com\\\/es\\\/?s={search_term_string}\"},\"query-input\":{\"@type\":\"PropertyValueSpecification\",\"valueRequired\":true,\"valueName\":\"search_term_string\"}}],\"inLanguage\":\"es\"},{\"@type\":\"Organization\",\"@id\":\"https:\\\/\\\/kennol.com\\\/es\\\/#organization\",\"name\":\"PPO\",\"url\":\"https:\\\/\\\/kennol.com\\\/es\\\/\",\"logo\":{\"@type\":\"ImageObject\",\"inLanguage\":\"es\",\"@id\":\"https:\\\/\\\/kennol.com\\\/es\\\/#\\\/schema\\\/logo\\\/image\\\/\",\"url\":\"https:\\\/\\\/kennol.com\\\/wp-content\\\/uploads\\\/2018\\\/01\\\/KENNOL_logo_header.png\",\"contentUrl\":\"https:\\\/\\\/kennol.com\\\/wp-content\\\/uploads\\\/2018\\\/01\\\/KENNOL_logo_header.png\",\"width\":400,\"height\":140,\"caption\":\"PPO\"},\"image\":{\"@id\":\"https:\\\/\\\/kennol.com\\\/es\\\/#\\\/schema\\\/logo\\\/image\\\/\"}}]}<\/script>\n<!-- \/ Yoast SEO plugin. -->","yoast_head_json":{"title":"UTTOFARM SYNTH | KENNOL - Performance Oil","description":"Lubricante multiusos de alto rendimiento desarrollado para la lubricaci\u00f3n de los principales componentes del tractor, excepto los motores: cajas de cambio, frenos h\u00famedos, transmisi\u00f3n y sistemas hidr\u00e1ulicos.","robots":{"index":"index","follow":"follow","max-snippet":"max-snippet:-1","max-image-preview":"max-image-preview:large","max-video-preview":"max-video-preview:-1"},"canonical":"https:\/\/kennol.com\/es\/productos\/uttofarm-synth\/","og_locale":"es_ES","og_type":"article","og_title":"UTTOFARM SYNTH | KENNOL - Performance Oil","og_description":"Lubricante multiusos de alto rendimiento desarrollado para la lubricaci\u00f3n de los principales componentes del tractor, excepto los motores: cajas de cambio, frenos h\u00famedos, transmisi\u00f3n y sistemas hidr\u00e1ulicos.","og_url":"https:\/\/kennol.com\/es\/productos\/uttofarm-synth\/","og_site_name":"KENNOL","article_modified_time":"2025-08-12T09:04:01+00:00","og_image":[{"width":1100,"height":1100,"url":"https:\/\/kennol.com\/wp-content\/uploads\/KENNOL_220L_LUBS-4.jpg","type":"image\/jpeg"}],"twitter_card":"summary_large_image","twitter_misc":{"Tiempo de lectura":"1 minuto"},"schema":{"@context":"https:\/\/schema.org","@graph":[{"@type":"WebPage","@id":"https:\/\/kennol.com\/es\/productos\/uttofarm-synth\/","url":"https:\/\/kennol.com\/es\/productos\/uttofarm-synth\/","name":"UTTOFARM SYNTH | KENNOL - Performance Oil","isPartOf":{"@id":"https:\/\/kennol.com\/es\/#website"},"primaryImageOfPage":{"@id":"https:\/\/kennol.com\/es\/productos\/uttofarm-synth\/#primaryimage"},"image":{"@id":"https:\/\/kennol.com\/es\/productos\/uttofarm-synth\/#primaryimage"},"thumbnailUrl":"https:\/\/kennol.com\/wp-content\/uploads\/KENNOL_220L_LUBS-4.jpg","datePublished":"2025-05-06T10:31:46+00:00","dateModified":"2025-08-12T09:04:01+00:00","description":"Lubricante multiusos de alto rendimiento desarrollado para la lubricaci\u00f3n de los principales componentes del tractor, excepto los motores: cajas de cambio, frenos h\u00famedos, transmisi\u00f3n y sistemas hidr\u00e1ulicos.","breadcrumb":{"@id":"https:\/\/kennol.com\/es\/productos\/uttofarm-synth\/#breadcrumb"},"inLanguage":"es","potentialAction":[{"@type":"ReadAction","target":["https:\/\/kennol.com\/es\/productos\/uttofarm-synth\/"]}]},{"@type":"ImageObject","inLanguage":"es","@id":"https:\/\/kennol.com\/es\/productos\/uttofarm-synth\/#primaryimage","url":"https:\/\/kennol.com\/wp-content\/uploads\/KENNOL_220L_LUBS-4.jpg","contentUrl":"https:\/\/kennol.com\/wp-content\/uploads\/KENNOL_220L_LUBS-4.jpg","width":1100,"height":1100,"caption":"Barrel lubes KENNOL 220L."},{"@type":"BreadcrumbList","@id":"https:\/\/kennol.com\/es\/productos\/uttofarm-synth\/#breadcrumb","itemListElement":[{"@type":"ListItem","position":1,"name":"PRODUCTOS","item":"https:\/\/kennol.com\/es\/products-2\/"},{"@type":"ListItem","position":2,"name":"UTTOFARM SYNTH"}]},{"@type":"WebSite","@id":"https:\/\/kennol.com\/es\/#website","url":"https:\/\/kennol.com\/es\/","name":"KENNOL","description":"Performance Oil","publisher":{"@id":"https:\/\/kennol.com\/es\/#organization"},"potentialAction":[{"@type":"SearchAction","target":{"@type":"EntryPoint","urlTemplate":"https:\/\/kennol.com\/es\/?s={search_term_string}"},"query-input":{"@type":"PropertyValueSpecification","valueRequired":true,"valueName":"search_term_string"}}],"inLanguage":"es"},{"@type":"Organization","@id":"https:\/\/kennol.com\/es\/#organization","name":"PPO","url":"https:\/\/kennol.com\/es\/","logo":{"@type":"ImageObject","inLanguage":"es","@id":"https:\/\/kennol.com\/es\/#\/schema\/logo\/image\/","url":"https:\/\/kennol.com\/wp-content\/uploads\/2018\/01\/KENNOL_logo_header.png","contentUrl":"https:\/\/kennol.com\/wp-content\/uploads\/2018\/01\/KENNOL_logo_header.png","width":400,"height":140,"caption":"PPO"},"image":{"@id":"https:\/\/kennol.com\/es\/#\/schema\/logo\/image\/"}}]}},"_links":{"self":[{"href":"https:\/\/kennol.com\/es\/wp-json\/wp\/v2\/product\/68035","targetHints":{"allow":["GET"]}}],"collection":[{"href":"https:\/\/kennol.com\/es\/wp-json\/wp\/v2\/product"}],"about":[{"href":"https:\/\/kennol.com\/es\/wp-json\/wp\/v2\/types\/product"}],"wp:featuredmedia":[{"embeddable":true,"href":"https:\/\/kennol.com\/es\/wp-json\/wp\/v2\/media\/33934"}],"wp:attachment":[{"href":"https:\/\/kennol.com\/es\/wp-json\/wp\/v2\/media?parent=68035"}],"wp:term":[{"taxonomy":"product_brand","embeddable":true,"href":"https:\/\/kennol.com\/es\/wp-json\/wp\/v2\/product_brand?post=68035"},{"taxonomy":"product_cat","embeddable":true,"href":"https:\/\/kennol.com\/es\/wp-json\/wp\/v2\/product_cat?post=68035"},{"taxonomy":"product_tag","embeddable":true,"href":"https:\/\/kennol.com\/es\/wp-json\/wp\/v2\/product_tag?post=68035"}],"curies":[{"name":"wp","href":"https:\/\/api.w.org\/{rel}","templated":true}]}}