{"id":64392,"date":"2024-02-13T09:30:24","date_gmt":"2024-02-13T08:30:27","guid":{"rendered":"https:\/\/kennol.com\/?post_type=product&#038;p=64392"},"modified":"2025-07-03T09:17:34","modified_gmt":"2025-07-03T07:17:34","slug":"revolution-5w-30-neo","status":"publish","type":"product","link":"https:\/\/kennol.com\/es\/productos\/revolution-5w-30-neo\/","title":{"rendered":"REVOLUTION 5W-30 NEO"},"content":{"rendered":"<div class=\"wpb-content-wrapper\"><p>[vc_column][\/vc_column][vc_column][\/vc_column][vc_row row_content_width=\u00bbgrid\u00bb][vc_column][vc_empty_space height=\u00bb10px\u00bb][vc_raw_html css=\u00bb\u00bb]JTNDaWZyYW1lJTIwd2lkdGglM0QlMjI1NjAlMjIlMjBoZWlnaHQlM0QlMjIzMTUlMjIlMjBzcmMlM0QlMjJodHRwcyUzQSUyRiUyRnd3dy55b3V0dWJlLmNvbSUyRmVtYmVkJTJGVDZ0VEZCend4Q00lM0ZzaSUzRHZoVmlESUQxdXphTU5Dc3QlMjIlMjB0aXRsZSUzRCUyMllvdVR1YmUlMjB2aWRlbyUyMHBsYXllciUyMiUyMGZyYW1lYm9yZGVyJTNEJTIyMCUyMiUyMGFsbG93JTNEJTIyYWNjZWxlcm9tZXRlciUzQiUyMGF1dG9wbGF5JTNCJTIwY2xpcGJvYXJkLXdyaXRlJTNCJTIwZW5jcnlwdGVkLW1lZGlhJTNCJTIwZ3lyb3Njb3BlJTNCJTIwcGljdHVyZS1pbi1waWN0dXJlJTNCJTIwd2ViLXNoYXJlJTIyJTIwcmVmZXJyZXJwb2xpY3klM0QlMjJzdHJpY3Qtb3JpZ2luLXdoZW4tY3Jvc3Mtb3JpZ2luJTIyJTIwYWxsb3dmdWxsc2NyZWVuJTNFJTNDJTJGaWZyYW1lJTNF[\/vc_raw_html][vc_empty_space height=\u00bb10px\u00bb][vc_column_text css=\u00bb\u00bb]<span style=\"color: #ffffff;\">Aceite 100 % sint\u00e9tico especialmente dise\u00f1ado para aumentar de manera considerable la durabilidad de los motores con problemas de correa o cadena (1.5 BlueHDi (DV5R), 1.2 PureTech Gen1 (EB2) y 2.2 BlueHDi (DW12RU) motores para el grupo STELLANTIS), ya sean nuevos o antiguos, y con una protecci\u00f3n espec\u00edfica de las piezas m\u00e1s fr\u00e1giles.<\/span>[\/vc_column_text][vc_empty_space height=\u00bb10px\u00bb][vc_column_text]<span style=\"color: #999999;\"><em>CARACTER\u00cdSTICAS Y BENEFICIOS<\/em><\/span>[\/vc_column_text]<div class=\"eltd-separator-holder clearfix  eltd-separator-center \">\n\t<div class=\"eltd-separator\" style=\"border-color: #999999;border-style: solid;width: 100%;border-bottom-width: 1px\"><\/div>\n<\/div>\n[vc_column_text]<span style=\"color: #999999;\">Reduces wear.<\/span><br \/>\n<span style=\"color: #ee3124;\">\u2192 <\/span><span style=\"color: #ffffff;\">Optimum protection of metals.<\/span><br \/>\n<span style=\"color: #ee3124;\">\u2192 <\/span><span style=\"color: #ffffff;\">Anti-wear additives.<\/span><\/p>\n<p><span style=\"color: #999999;\">Fluidity.<\/span><br \/>\n<span style=\"color: #ee3124;\">\u2192 <\/span><span style=\"color: #ffffff;\">Lower fuel consumption.<\/span><\/p>\n<p><span style=\"color: #999999;\">Low volatility.<\/span><br \/>\n<span style=\"color: #ee3124;\">\u2192 <\/span><span style=\"color: #ffffff;\">Very significant reduction in engine oil consumption.<\/span><\/p>\n<p><span style=\"color: #999999;\">Great thermal stability.<\/span><br \/>\n<span style=\"color: #ee3124;\">\u2192 <\/span><span style=\"color: #ffffff;\">Ideal protection at high operating temperature.<\/span>[\/vc_column_text][\/vc_column][\/vc_row]<\/p>\n<\/div>","protected":false},"excerpt":{"rendered":"<h3><span style=\"color: #808080;\">ACEITE DE MOTOR<br \/>\n100% SINT\u00c9TICO<\/span><\/h3>\n<p>&nbsp;<br \/>\n<span style=\"color: #666666;\"><em>ESPECIFICACIONES<\/em><\/span><\/p>\n<hr color=\"#666666\" line-height=\"1px\"\/>\n<span style=\"color: #ffffff;\"><b>SAE<\/b> 5W-30<br \/>\n<strong>ACEA <\/strong>C3<br \/>\n<strong>API <\/strong>SP<br \/>\n<strong>PSA <\/strong>B71 2290 \/ B71 2297<br \/>\n<strong>STELLANTIS <\/strong>FPW9.55535\/03<\/span><br \/>\n&nbsp;<br \/>\n<img decoding=\"async\" src=\"https:\/wp-content\/uploads\/KENNOL_Fuel_Economy_2.2.png\" \/><br \/>\n&nbsp;<br \/>\n<span style=\"color: #666666;\"><em>EMBALAJES DISPONIBLES<\/em><\/span><\/p>\n<hr color=\"#666666\" line-height=\"1px\"\/>\n<style>.col5 {-webkit-column-count: 5; -moz-column-count: 5; column-count: 5;}<\/style>\n<div class=\"col5\">\n<div class=\"leftcontainer\">\n<div class=\"leftcontainer\"><img decoding=\"async\" src=\"\/wp-content\/uploads\/KENNOL_CONDITIONNEMENT_1L.png\" onmouseover=\"this.src=&#039;\/wp-content\/uploads\/KENNOL_CONDITIONNEMENT_1L_VISUEL.png&#039;\" onmouseout=\"this.src=&#039;\/wp-content\/uploads\/KENNOL_CONDITIONNEMENT_1L.png&#039;\"\/><\/p>\n<p>192391<\/p>\n<\/div>\n<div class=\"leftcontainer\"><img decoding=\"async\" src=\"\/wp-content\/uploads\/KENNOL_CONDITIONNEMENT_5L.png\" onmouseover=\"this.src=&#039;\/wp-content\/uploads\/KENNOL_CONDITIONNEMENT_5L_VISUEL.png&#039;\" onmouseout=\"this.src=&#039;\/wp-content\/uploads\/KENNOL_CONDITIONNEMENT_5L.png&#039;\"\/><\/p>\n<p>192393<\/p>\n<\/div>\n<div class=\"leftcontainer\"><img decoding=\"async\" src=\"\/wp-content\/uploads\/KENNOL_CONDITIONNEMENT_20L_ECOBOX-1.png\" onmouseover=\"this.src=&#039;\/wp-content\/uploads\/KENNOL_CONDITIONNEMENT_20L_ECOBOX_VISUEL.png&#039;\" onmouseout=\"this.src=&#039;\/wp-content\/uploads\/KENNOL_CONDITIONNEMENT_20L_ECOBOX-1.png&#039;\"\/><\/p>\n<p>192397B<\/p>\n<\/div>\n<\/div>\n<div class=\"leftcontainer\"><img decoding=\"async\" src=\"\/wp-content\/uploads\/KENNOL_CONDITIONNEMENT_60L.png\" onmouseover=\"this.src=&#039;\/wp-content\/uploads\/KENNOL_CONDITIONNEMENT_60L_VISUEL.png&#039;\" onmouseout=\"this.src=&#039;\/wp-content\/uploads\/KENNOL_CONDITIONNEMENT_60L.png&#039;\"\/><\/p>\n<p>192396<\/p>\n<\/div>\n<div class=\"leftcontainer\"><img decoding=\"async\" src=\"\/wp-content\/uploads\/KENNOL_CONDITIONNEMENT_220L.png\" onmouseover=\"this.src=&#039;\/wp-content\/uploads\/KENNOL_CONDITIONNEMENT_220L_VISUEL.png&#039;\" onmouseout=\"this.src=&#039;\/wp-content\/uploads\/KENNOL_CONDITIONNEMENT_220L.png&#039;\"\/><\/p>\n<p>192399<\/p>\n<\/div>\n<\/div>\n<p>&nbsp;<br \/>\n<em><span style=\"color: #666666;\">DESCARGAR<\/span><\/em><\/p>\n<hr color=\"#666666\" line-height=\"1px\"\/>\n<a href=\"\/EN\/FT\/KENNOL_REVOLUTION_5W-30_NEO_EN.pdf\" target=\"_blank\" rel=\"noopener noreferrer\"><img decoding=\"async\" src=\"\/wp-content\/uploads\/2018\/03\/pdf.png\" alt=\"\" \/>\u00a0 <\/a><span style=\"color: #ee3124;\"><a style=\"color: #ee3124;\" href=\"\/EN\/FT\/KENNOL_REVOLUTION_5W-30_NEO_EN.pdf\" target=\"_blank\" rel=\"noopener noreferrer\"><strong>Technical Data Sheet<\/strong><\/a><\/span><\/p>\n<p style=\"text-align: left;\"><a href=\"\/EN\/FDS\/KENNOL_REVOLUTION_5W-30_NEO_EN.pdf\" target=\"_blank\" rel=\"noopener noreferrer\"><img decoding=\"async\" src=\"\/wp-content\/uploads\/2018\/03\/pdf.png\" alt=\"\" \/>\u00a0\u00a0<\/a><span style=\"color: #ee3124;\"><a style=\"color: #ee3124;\" href=\"\/EN\/FDS\/KENNOL_REVOLUTION_5W-30_NEO_EN.pdf\" target=\"_blank\" rel=\"noopener noreferrer\"><strong>Safety Data Sheet<\/strong><\/a><\/span><\/p>\n<p>&nbsp;<br \/>\n<a href=\"\/es\/la-marca\/etiquetas\/\"><img decoding=\"async\" src=\"\/wp-content\/uploads\/KENNOL_LOGO_MadeInFrance.png\" width=\"250\" \/><\/a><\/p>\n","protected":false},"featured_media":64402,"template":"","meta":{"_monsterinsights_skip_tracking":false,"_monsterinsights_sitenote_active":false,"_monsterinsights_sitenote_note":"","_monsterinsights_sitenote_category":0},"product_brand":[],"product_cat":[2103,2102],"product_tag":[2746,2105,2106],"class_list":{"0":"post-64392","1":"product","2":"type-product","3":"status-publish","4":"has-post-thumbnail","6":"product_cat-aceite-de-motor","7":"product_cat-coches","8":"product_tag-100-sintetico-es-2","9":"product_tag-aceite-de-motor","10":"product_tag-coches","12":"first","13":"instock","14":"shipping-taxable","15":"product-type-simple"},"yoast_head":"<!-- This site is optimized with the Yoast SEO plugin v27.4 - https:\/\/yoast.com\/product\/yoast-seo-wordpress\/ -->\n<title>REVOLUTION 5W-30 NEO | KENNOL - Performance Oil<\/title>\n<meta name=\"description\" content=\"High technology lubricant, 100% synthetic, intended to lubricate the latest generation petrol and diesel engines of the PEUGEOT, CITROEN and DS.\" \/>\n<meta name=\"robots\" content=\"index, follow, max-snippet:-1, max-image-preview:large, max-video-preview:-1\" \/>\n<link rel=\"canonical\" href=\"https:\/\/kennol.com\/es\/productos\/revolution-5w-30-neo\/\" \/>\n<meta property=\"og:locale\" content=\"es_ES\" \/>\n<meta property=\"og:type\" content=\"article\" \/>\n<meta property=\"og:title\" content=\"REVOLUTION 5W-30 NEO | KENNOL - Performance Oil\" \/>\n<meta property=\"og:description\" content=\"High technology lubricant, 100% synthetic, intended to lubricate the latest generation petrol and diesel engines of the PEUGEOT, CITROEN and DS.\" \/>\n<meta property=\"og:url\" content=\"https:\/\/kennol.com\/es\/productos\/revolution-5w-30-neo\/\" \/>\n<meta property=\"og:site_name\" content=\"KENNOL\" \/>\n<meta property=\"article:modified_time\" content=\"2025-07-03T07:17:34+00:00\" \/>\n<meta property=\"og:image\" content=\"https:\/\/kennol.com\/wp-content\/uploads\/KENNOL_REVOLUTION_5W-30_NEO.jpg\" \/>\n\t<meta property=\"og:image:width\" content=\"1100\" \/>\n\t<meta property=\"og:image:height\" content=\"1100\" \/>\n\t<meta property=\"og:image:type\" content=\"image\/jpeg\" \/>\n<meta name=\"twitter:card\" content=\"summary_large_image\" \/>\n<meta name=\"twitter:label1\" content=\"Tiempo de lectura\" \/>\n\t<meta name=\"twitter:data1\" content=\"1 minuto\" \/>\n<script type=\"application\/ld+json\" class=\"yoast-schema-graph\">{\"@context\":\"https:\\\/\\\/schema.org\",\"@graph\":[{\"@type\":\"WebPage\",\"@id\":\"https:\\\/\\\/kennol.com\\\/es\\\/productos\\\/revolution-5w-30-neo\\\/\",\"url\":\"https:\\\/\\\/kennol.com\\\/es\\\/productos\\\/revolution-5w-30-neo\\\/\",\"name\":\"REVOLUTION 5W-30 NEO | KENNOL - Performance Oil\",\"isPartOf\":{\"@id\":\"https:\\\/\\\/kennol.com\\\/es\\\/#website\"},\"primaryImageOfPage\":{\"@id\":\"https:\\\/\\\/kennol.com\\\/es\\\/productos\\\/revolution-5w-30-neo\\\/#primaryimage\"},\"image\":{\"@id\":\"https:\\\/\\\/kennol.com\\\/es\\\/productos\\\/revolution-5w-30-neo\\\/#primaryimage\"},\"thumbnailUrl\":\"https:\\\/\\\/kennol.com\\\/wp-content\\\/uploads\\\/KENNOL_REVOLUTION_5W-30_NEO.jpg\",\"datePublished\":\"2024-02-13T08:30:27+00:00\",\"dateModified\":\"2025-07-03T07:17:34+00:00\",\"description\":\"High technology lubricant, 100% synthetic, intended to lubricate the latest generation petrol and diesel engines of the PEUGEOT, CITROEN and DS.\",\"breadcrumb\":{\"@id\":\"https:\\\/\\\/kennol.com\\\/es\\\/productos\\\/revolution-5w-30-neo\\\/#breadcrumb\"},\"inLanguage\":\"es\",\"potentialAction\":[{\"@type\":\"ReadAction\",\"target\":[\"https:\\\/\\\/kennol.com\\\/es\\\/productos\\\/revolution-5w-30-neo\\\/\"]}]},{\"@type\":\"ImageObject\",\"inLanguage\":\"es\",\"@id\":\"https:\\\/\\\/kennol.com\\\/es\\\/productos\\\/revolution-5w-30-neo\\\/#primaryimage\",\"url\":\"https:\\\/\\\/kennol.com\\\/wp-content\\\/uploads\\\/KENNOL_REVOLUTION_5W-30_NEO.jpg\",\"contentUrl\":\"https:\\\/\\\/kennol.com\\\/wp-content\\\/uploads\\\/KENNOL_REVOLUTION_5W-30_NEO.jpg\",\"width\":1100,\"height\":1100},{\"@type\":\"BreadcrumbList\",\"@id\":\"https:\\\/\\\/kennol.com\\\/es\\\/productos\\\/revolution-5w-30-neo\\\/#breadcrumb\",\"itemListElement\":[{\"@type\":\"ListItem\",\"position\":1,\"name\":\"PRODUCTOS\",\"item\":\"https:\\\/\\\/kennol.com\\\/es\\\/products-2\\\/\"},{\"@type\":\"ListItem\",\"position\":2,\"name\":\"REVOLUTION 5W-30 NEO\"}]},{\"@type\":\"WebSite\",\"@id\":\"https:\\\/\\\/kennol.com\\\/es\\\/#website\",\"url\":\"https:\\\/\\\/kennol.com\\\/es\\\/\",\"name\":\"KENNOL\",\"description\":\"Performance Oil\",\"publisher\":{\"@id\":\"https:\\\/\\\/kennol.com\\\/es\\\/#organization\"},\"potentialAction\":[{\"@type\":\"SearchAction\",\"target\":{\"@type\":\"EntryPoint\",\"urlTemplate\":\"https:\\\/\\\/kennol.com\\\/es\\\/?s={search_term_string}\"},\"query-input\":{\"@type\":\"PropertyValueSpecification\",\"valueRequired\":true,\"valueName\":\"search_term_string\"}}],\"inLanguage\":\"es\"},{\"@type\":\"Organization\",\"@id\":\"https:\\\/\\\/kennol.com\\\/es\\\/#organization\",\"name\":\"PPO\",\"url\":\"https:\\\/\\\/kennol.com\\\/es\\\/\",\"logo\":{\"@type\":\"ImageObject\",\"inLanguage\":\"es\",\"@id\":\"https:\\\/\\\/kennol.com\\\/es\\\/#\\\/schema\\\/logo\\\/image\\\/\",\"url\":\"https:\\\/\\\/kennol.com\\\/wp-content\\\/uploads\\\/2018\\\/01\\\/KENNOL_logo_header.png\",\"contentUrl\":\"https:\\\/\\\/kennol.com\\\/wp-content\\\/uploads\\\/2018\\\/01\\\/KENNOL_logo_header.png\",\"width\":400,\"height\":140,\"caption\":\"PPO\"},\"image\":{\"@id\":\"https:\\\/\\\/kennol.com\\\/es\\\/#\\\/schema\\\/logo\\\/image\\\/\"}}]}<\/script>\n<!-- \/ Yoast SEO plugin. -->","yoast_head_json":{"title":"REVOLUTION 5W-30 NEO | KENNOL - Performance Oil","description":"High technology lubricant, 100% synthetic, intended to lubricate the latest generation petrol and diesel engines of the PEUGEOT, CITROEN and DS.","robots":{"index":"index","follow":"follow","max-snippet":"max-snippet:-1","max-image-preview":"max-image-preview:large","max-video-preview":"max-video-preview:-1"},"canonical":"https:\/\/kennol.com\/es\/productos\/revolution-5w-30-neo\/","og_locale":"es_ES","og_type":"article","og_title":"REVOLUTION 5W-30 NEO | KENNOL - Performance Oil","og_description":"High technology lubricant, 100% synthetic, intended to lubricate the latest generation petrol and diesel engines of the PEUGEOT, CITROEN and DS.","og_url":"https:\/\/kennol.com\/es\/productos\/revolution-5w-30-neo\/","og_site_name":"KENNOL","article_modified_time":"2025-07-03T07:17:34+00:00","og_image":[{"width":1100,"height":1100,"url":"https:\/\/kennol.com\/wp-content\/uploads\/KENNOL_REVOLUTION_5W-30_NEO.jpg","type":"image\/jpeg"}],"twitter_card":"summary_large_image","twitter_misc":{"Tiempo de lectura":"1 minuto"},"schema":{"@context":"https:\/\/schema.org","@graph":[{"@type":"WebPage","@id":"https:\/\/kennol.com\/es\/productos\/revolution-5w-30-neo\/","url":"https:\/\/kennol.com\/es\/productos\/revolution-5w-30-neo\/","name":"REVOLUTION 5W-30 NEO | KENNOL - Performance Oil","isPartOf":{"@id":"https:\/\/kennol.com\/es\/#website"},"primaryImageOfPage":{"@id":"https:\/\/kennol.com\/es\/productos\/revolution-5w-30-neo\/#primaryimage"},"image":{"@id":"https:\/\/kennol.com\/es\/productos\/revolution-5w-30-neo\/#primaryimage"},"thumbnailUrl":"https:\/\/kennol.com\/wp-content\/uploads\/KENNOL_REVOLUTION_5W-30_NEO.jpg","datePublished":"2024-02-13T08:30:27+00:00","dateModified":"2025-07-03T07:17:34+00:00","description":"High technology lubricant, 100% synthetic, intended to lubricate the latest generation petrol and diesel engines of the PEUGEOT, CITROEN and DS.","breadcrumb":{"@id":"https:\/\/kennol.com\/es\/productos\/revolution-5w-30-neo\/#breadcrumb"},"inLanguage":"es","potentialAction":[{"@type":"ReadAction","target":["https:\/\/kennol.com\/es\/productos\/revolution-5w-30-neo\/"]}]},{"@type":"ImageObject","inLanguage":"es","@id":"https:\/\/kennol.com\/es\/productos\/revolution-5w-30-neo\/#primaryimage","url":"https:\/\/kennol.com\/wp-content\/uploads\/KENNOL_REVOLUTION_5W-30_NEO.jpg","contentUrl":"https:\/\/kennol.com\/wp-content\/uploads\/KENNOL_REVOLUTION_5W-30_NEO.jpg","width":1100,"height":1100},{"@type":"BreadcrumbList","@id":"https:\/\/kennol.com\/es\/productos\/revolution-5w-30-neo\/#breadcrumb","itemListElement":[{"@type":"ListItem","position":1,"name":"PRODUCTOS","item":"https:\/\/kennol.com\/es\/products-2\/"},{"@type":"ListItem","position":2,"name":"REVOLUTION 5W-30 NEO"}]},{"@type":"WebSite","@id":"https:\/\/kennol.com\/es\/#website","url":"https:\/\/kennol.com\/es\/","name":"KENNOL","description":"Performance Oil","publisher":{"@id":"https:\/\/kennol.com\/es\/#organization"},"potentialAction":[{"@type":"SearchAction","target":{"@type":"EntryPoint","urlTemplate":"https:\/\/kennol.com\/es\/?s={search_term_string}"},"query-input":{"@type":"PropertyValueSpecification","valueRequired":true,"valueName":"search_term_string"}}],"inLanguage":"es"},{"@type":"Organization","@id":"https:\/\/kennol.com\/es\/#organization","name":"PPO","url":"https:\/\/kennol.com\/es\/","logo":{"@type":"ImageObject","inLanguage":"es","@id":"https:\/\/kennol.com\/es\/#\/schema\/logo\/image\/","url":"https:\/\/kennol.com\/wp-content\/uploads\/2018\/01\/KENNOL_logo_header.png","contentUrl":"https:\/\/kennol.com\/wp-content\/uploads\/2018\/01\/KENNOL_logo_header.png","width":400,"height":140,"caption":"PPO"},"image":{"@id":"https:\/\/kennol.com\/es\/#\/schema\/logo\/image\/"}}]}},"_links":{"self":[{"href":"https:\/\/kennol.com\/es\/wp-json\/wp\/v2\/product\/64392","targetHints":{"allow":["GET"]}}],"collection":[{"href":"https:\/\/kennol.com\/es\/wp-json\/wp\/v2\/product"}],"about":[{"href":"https:\/\/kennol.com\/es\/wp-json\/wp\/v2\/types\/product"}],"wp:featuredmedia":[{"embeddable":true,"href":"https:\/\/kennol.com\/es\/wp-json\/wp\/v2\/media\/64402"}],"wp:attachment":[{"href":"https:\/\/kennol.com\/es\/wp-json\/wp\/v2\/media?parent=64392"}],"wp:term":[{"taxonomy":"product_brand","embeddable":true,"href":"https:\/\/kennol.com\/es\/wp-json\/wp\/v2\/product_brand?post=64392"},{"taxonomy":"product_cat","embeddable":true,"href":"https:\/\/kennol.com\/es\/wp-json\/wp\/v2\/product_cat?post=64392"},{"taxonomy":"product_tag","embeddable":true,"href":"https:\/\/kennol.com\/es\/wp-json\/wp\/v2\/product_tag?post=64392"}],"curies":[{"name":"wp","href":"https:\/\/api.w.org\/{rel}","templated":true}]}}