{"id":62697,"date":"2023-05-17T10:20:07","date_gmt":"2023-05-17T08:20:07","guid":{"rendered":"https:\/\/kennol.com\/?post_type=product&#038;p=62697"},"modified":"2025-10-27T10:22:14","modified_gmt":"2025-10-27T09:22:14","slug":"revolution-0w-20-supra","status":"publish","type":"product","link":"https:\/\/kennol.com\/es\/productos\/revolution-0w-20-supra\/","title":{"rendered":"REVOLUTION 0W-20 SUPRA"},"content":{"rendered":"<div class=\"wpb-content-wrapper\"><p>[vc_column][\/vc_column][vc_column][\/vc_column][vc_row row_content_width=\u00bbgrid\u00bb][vc_column][vc_empty_space height=\u00bb10px\u00bb][vc_video link=\u00bbhttps:\/\/www.youtube.com\/watch?v=tjW29fAo0Vw\u00bb align=\u00bbcenter\u00bb css=\u00bb\u00bb][vc_empty_space height=\u00bb10px\u00bb][vc_column_text css=\u00bb\u00bb]<span style=\"color: #ffffff;\">Lubricante de alta tecnolog\u00eda, 100% sint\u00e9tico y PAO, dise\u00f1ado para lubricar los motores de los veh\u00edculos de gasolina BMW, los motores VOLVO de \u00faltima generaci\u00f3n que requieren la norma VOLVO VCC RBS0-2AE, as\u00ed como los nuevos veh\u00edculos del grupo Renault. Este lubricante est\u00e1 formulado para cumplir la norma BMW LL-17 FE+ y tambi\u00e9n es adecuado para motores de gasolina y di\u00e9sel que requieren la norma RN-17 FE.<br \/>\n<\/span>[\/vc_column_text][vc_empty_space height=\u00bb10px\u00bb][vc_column_text]<span style=\"color: #999999;\"><em>CARACTER\u00cdSTICAS Y BENEFICIOS<\/em><\/span>[\/vc_column_text]<div class=\"eltd-separator-holder clearfix  eltd-separator-center \">\n\t<div class=\"eltd-separator\" style=\"border-color: #999999;border-style: solid;width: 100%;border-bottom-width: 1px\"><\/div>\n<\/div>\n[vc_column_text]<\/p>\n<p><span style=\"color: #999999;\">Increased shearing stability.<\/span><br \/>\n<span style=\"color: #ee3124;\">\u2192 <\/span><span style=\"color: #ffffff;\">Optimal protection even with high shearing.<\/span><\/p>\n<p><span style=\"color: #999999;\">Low volatility.<\/span><br \/>\n<span style=\"color: #ee3124;\">\u2192 <\/span><span style=\"color: #ffffff;\">Very significant reduction in engine oil consumption.<\/span><\/p>\n<p><span style=\"color: #999999;\">Low viscosity.<\/span><br \/>\n<span style=\"color: #ee3124;\">\u2192 <\/span><span style=\"color: #ffffff;\">Fuel economy.<\/span><\/p>\n<p><span style=\"color: #999999;\">Great thermal stability.<\/span><br \/>\n<span style=\"color: #ee3124;\">\u2192 <\/span><span style=\"color: #ffffff;\">Ideal protection at high operating temperature.<\/span><\/p>\n<p>[\/vc_column_text][\/vc_column][\/vc_row]<\/p>\n<\/div>","protected":false},"excerpt":{"rendered":"<h3><span style=\"color: #808080;\">ACEITE DE MOTOR<br \/>\n100% SINT\u00c9TICO<\/span><\/h3>\n<p>&nbsp;<br \/>\n<span style=\"color: #666666;\"><em>ESPECIFICACIONES<\/em><\/span><\/p>\n<hr color=\"#666666\" line-height=\"1px\"\/>\n<span style=\"color: #ffffff;\"><b>SAE<\/b> 0W-20<br \/>\n<strong>ACEA <\/strong>C5\/C6<br \/>\n<strong>API <\/strong>SQ\/SP-RC<br \/>\n<strong>BMW <\/strong>LL-17 FE+ (BMW LL-14 FE+ Backward Compatible)<br \/>\n<strong>FORD <\/strong>WSS-M2C 954-A1<br \/>\nWSS-M2C947-B1\/WSS-M2C962-A1<br \/>\n<strong>ILSAC <\/strong>GF-7A\/6A<br \/>\n<strong>JLR <\/strong>STJLR 03-5006-16<br \/>\n<strong>MERCEDES-BENZ<\/strong> MB 229.71\/229.72<br \/>\n<strong>OPEL <\/strong>OV 040 1547-A20<br \/>\n<strong>RENAULT Aprobaci\u00f3n<\/strong> RN-17FE<br \/>\n<strong>VOLVO <\/strong>VCC RBSO-2AE<br \/>\nMeets <strong>FIAT <\/strong>9.55535-GSX<br \/>\nMeets <strong>CHRYSLER <\/strong>MS-12145<br \/>\n&nbsp;<br \/>\n<img decoding=\"async\" src=\"https:\/wp-content\/uploads\/KENNOL_Fuel_Economy_3.png\" \/><br \/>\n<img decoding=\"async\" src=\"\/wp-content\/uploads\/PAO.png\" \/><br \/>\n<\/span>&nbsp;<br \/>\n<span style=\"color: #666666;\"><em>EMBALAJES DISPONIBLES<\/em><\/span><\/p>\n<hr color=\"#666666\" line-height=\"1px\"\/>\n<style>.col5 {-webkit-column-count: 5; -moz-column-count: 5; column-count: 5;}<\/style>\n<div class=\"col5\">\n<div class=\"leftcontainer\"><img decoding=\"async\" src=\"\/wp-content\/uploads\/KENNOL_CONDITIONNEMENT_1L.png\" onmouseover=\"this.src=&#039;\/wp-content\/uploads\/KENNOL_CONDITIONNEMENT_1L_VISUEL.png&#039;\" onmouseout=\"this.src=&#039;\/wp-content\/uploads\/KENNOL_CONDITIONNEMENT_1L.png&#039;\"\/><\/p>\n<p>192401<\/p>\n<\/div>\n<div class=\"leftcontainer\"><img decoding=\"async\" src=\"\/wp-content\/uploads\/KENNOL_CONDITIONNEMENT_5L.png\" onmouseover=\"this.src=&#039;\/wp-content\/uploads\/KENNOL_CONDITIONNEMENT_5L_VISUEL.png&#039;\" onmouseout=\"this.src=&#039;\/wp-content\/uploads\/KENNOL_CONDITIONNEMENT_5L.png&#039;\"\/><\/p>\n<p>192403<\/p>\n<\/div>\n<div class=\"leftcontainer\"><img decoding=\"async\" src=\"\/wp-content\/uploads\/KENNOL_CONDITIONNEMENT_20L_ECOBOX-1.png\" onmouseover=\"this.src=&#039;\/wp-content\/uploads\/KENNOL_CONDITIONNEMENT_20L_ECOBOX_VISUEL.png&#039;\" onmouseout=\"this.src=&#039;\/wp-content\/uploads\/KENNOL_CONDITIONNEMENT_20L_ECOBOX-1.png&#039;\"\/><\/p>\n<p>192407B<\/p>\n<\/div>\n<div class=\"leftcontainer\"><img decoding=\"async\" src=\"\/wp-content\/uploads\/KENNOL_CONDITIONNEMENT_60L.png\" onmouseover=\"this.src=&#039;\/wp-content\/uploads\/KENNOL_CONDITIONNEMENT_60L_VISUEL.png&#039;\" onmouseout=\"this.src=&#039;\/wp-content\/uploads\/KENNOL_CONDITIONNEMENT_60L.png&#039;\"\/><\/p>\n<p>192406<\/p>\n<\/div>\n<div class=\"leftcontainer\"><img decoding=\"async\" src=\"\/wp-content\/uploads\/KENNOL_CONDITIONNEMENT_220L.png\" onmouseover=\"this.src=&#039;\/wp-content\/uploads\/KENNOL_CONDITIONNEMENT_220L_VISUEL.png&#039;\" onmouseout=\"this.src=&#039;\/wp-content\/uploads\/KENNOL_CONDITIONNEMENT_220L.png&#039;\"\/><\/p>\n<p>192409<\/p>\n<\/div>\n<\/div>\n<p>&nbsp;<br \/>\n<em><span style=\"color: #666666;\">DESCARGAR<\/span><\/em><\/p>\n<hr color=\"#666666\" line-height=\"1px\"\/>\n<a href=\"\/EN\/FT\/KENNOL_REVOLUTION_0W-20_SUPRA_EN.pdf\" target=\"_blank\" rel=\"noopener noreferrer\"><img decoding=\"async\" src=\"\/wp-content\/uploads\/2018\/03\/pdf.png\" alt=\"\" \/>\u00a0 <\/a><span style=\"color: #ee3124;\"><a style=\"color: #ee3124;\" href=\"\/EN\/FT\/KENNOL_REVOLUTION_0W-20_SUPRA_EN.pdf\" target=\"_blank\" rel=\"noopener noreferrer\"><strong>Ficha de datos t\u00e9cnicos<\/strong><\/a><\/span><\/p>\n<p style=\"text-align: left;\"><a href=\"\/EN\/FDS\/KENNOL_REVOLUTION_0W-20_SUPRA_EN.pdf\" target=\"_blank\" rel=\"noopener noreferrer\"><img decoding=\"async\" src=\"\/wp-content\/uploads\/2018\/03\/pdf.png\" alt=\"\" \/>\u00a0\u00a0<\/a><span style=\"color: #ee3124;\"><a style=\"color: #ee3124;\" href=\"\/EN\/FDS\/KENNOL_REVOLUTION_0W-20_SUPRA_EN\" target=\"_blank\" rel=\"noopener noreferrer\"><strong>Ficha de datos de seguridad<\/strong><\/a><\/span><\/p>\n<p>&nbsp;<br \/>\n<a href=\"\/es\/la-marca\/etiquetas\/\"><img decoding=\"async\" src=\"\/wp-content\/uploads\/KENNOL_LOGO_MadeInFrance.png\" width=\"250\" \/><\/a><\/p>\n","protected":false},"featured_media":62828,"template":"","meta":{"_monsterinsights_skip_tracking":false,"_monsterinsights_sitenote_active":false,"_monsterinsights_sitenote_note":"","_monsterinsights_sitenote_category":0},"product_brand":[],"product_cat":[2103,2102],"product_tag":[2746,2105,2106],"class_list":{"0":"post-62697","1":"product","2":"type-product","3":"status-publish","4":"has-post-thumbnail","6":"product_cat-aceite-de-motor","7":"product_cat-coches","8":"product_tag-100-sintetico-es-2","9":"product_tag-aceite-de-motor","10":"product_tag-coches","12":"first","13":"instock","14":"shipping-taxable","15":"product-type-simple"},"yoast_head":"<!-- This site is optimized with the Yoast SEO plugin v27.4 - https:\/\/yoast.com\/product\/yoast-seo-wordpress\/ -->\n<title>REVOLUTION 0W-20 SUPRA | KENNOL - Performance Oil<\/title>\n<meta name=\"description\" content=\"High technology lubricant, 100% synthetic + PAO, intended to lubricate the engines of petrol vehicles, from BMW of the latest generation, to VOLVO engines requiring the VOLVO VCC RBS0-2AE standard, as well as the new vehicles of the Renault group. This lubricant has a formulation that meets the BMW LL-17 FE+ standard and is also suitable for petrol and diesel engines requiring the RN-17 FE standard.\" \/>\n<meta name=\"robots\" content=\"index, follow, max-snippet:-1, max-image-preview:large, max-video-preview:-1\" \/>\n<link rel=\"canonical\" href=\"https:\/\/kennol.com\/es\/productos\/revolution-0w-20-supra\/\" \/>\n<meta property=\"og:locale\" content=\"es_ES\" \/>\n<meta property=\"og:type\" content=\"article\" \/>\n<meta property=\"og:title\" content=\"REVOLUTION 0W-20 SUPRA | KENNOL - Performance Oil\" \/>\n<meta property=\"og:description\" content=\"High technology lubricant, 100% synthetic + PAO, intended to lubricate the engines of petrol vehicles, from BMW of the latest generation, to VOLVO engines requiring the VOLVO VCC RBS0-2AE standard, as well as the new vehicles of the Renault group. This lubricant has a formulation that meets the BMW LL-17 FE+ standard and is also suitable for petrol and diesel engines requiring the RN-17 FE standard.\" \/>\n<meta property=\"og:url\" content=\"https:\/\/kennol.com\/es\/productos\/revolution-0w-20-supra\/\" \/>\n<meta property=\"og:site_name\" content=\"KENNOL\" \/>\n<meta property=\"article:modified_time\" content=\"2025-10-27T09:22:14+00:00\" \/>\n<meta property=\"og:image\" content=\"https:\/\/kennol.com\/wp-content\/uploads\/KENNOL_REVOLUTION_0W-20_SUPRA-14.jpg\" \/>\n\t<meta property=\"og:image:width\" content=\"1100\" \/>\n\t<meta property=\"og:image:height\" content=\"1100\" \/>\n\t<meta property=\"og:image:type\" content=\"image\/jpeg\" \/>\n<meta name=\"twitter:card\" content=\"summary_large_image\" \/>\n<meta name=\"twitter:label1\" content=\"Tiempo de lectura\" \/>\n\t<meta name=\"twitter:data1\" content=\"1 minuto\" \/>\n<script type=\"application\/ld+json\" class=\"yoast-schema-graph\">{\"@context\":\"https:\\\/\\\/schema.org\",\"@graph\":[{\"@type\":\"WebPage\",\"@id\":\"https:\\\/\\\/kennol.com\\\/es\\\/productos\\\/revolution-0w-20-supra\\\/\",\"url\":\"https:\\\/\\\/kennol.com\\\/es\\\/productos\\\/revolution-0w-20-supra\\\/\",\"name\":\"REVOLUTION 0W-20 SUPRA | KENNOL - Performance Oil\",\"isPartOf\":{\"@id\":\"https:\\\/\\\/kennol.com\\\/es\\\/#website\"},\"primaryImageOfPage\":{\"@id\":\"https:\\\/\\\/kennol.com\\\/es\\\/productos\\\/revolution-0w-20-supra\\\/#primaryimage\"},\"image\":{\"@id\":\"https:\\\/\\\/kennol.com\\\/es\\\/productos\\\/revolution-0w-20-supra\\\/#primaryimage\"},\"thumbnailUrl\":\"https:\\\/\\\/kennol.com\\\/wp-content\\\/uploads\\\/KENNOL_REVOLUTION_0W-20_SUPRA-14.jpg\",\"datePublished\":\"2023-05-17T08:20:07+00:00\",\"dateModified\":\"2025-10-27T09:22:14+00:00\",\"description\":\"High technology lubricant, 100% synthetic + PAO, intended to lubricate the engines of petrol vehicles, from BMW of the latest generation, to VOLVO engines requiring the VOLVO VCC RBS0-2AE standard, as well as the new vehicles of the Renault group. This lubricant has a formulation that meets the BMW LL-17 FE+ standard and is also suitable for petrol and diesel engines requiring the RN-17 FE standard.\",\"breadcrumb\":{\"@id\":\"https:\\\/\\\/kennol.com\\\/es\\\/productos\\\/revolution-0w-20-supra\\\/#breadcrumb\"},\"inLanguage\":\"es\",\"potentialAction\":[{\"@type\":\"ReadAction\",\"target\":[\"https:\\\/\\\/kennol.com\\\/es\\\/productos\\\/revolution-0w-20-supra\\\/\"]}]},{\"@type\":\"ImageObject\",\"inLanguage\":\"es\",\"@id\":\"https:\\\/\\\/kennol.com\\\/es\\\/productos\\\/revolution-0w-20-supra\\\/#primaryimage\",\"url\":\"https:\\\/\\\/kennol.com\\\/wp-content\\\/uploads\\\/KENNOL_REVOLUTION_0W-20_SUPRA-14.jpg\",\"contentUrl\":\"https:\\\/\\\/kennol.com\\\/wp-content\\\/uploads\\\/KENNOL_REVOLUTION_0W-20_SUPRA-14.jpg\",\"width\":1100,\"height\":1100},{\"@type\":\"BreadcrumbList\",\"@id\":\"https:\\\/\\\/kennol.com\\\/es\\\/productos\\\/revolution-0w-20-supra\\\/#breadcrumb\",\"itemListElement\":[{\"@type\":\"ListItem\",\"position\":1,\"name\":\"PRODUCTOS\",\"item\":\"https:\\\/\\\/kennol.com\\\/es\\\/products-2\\\/\"},{\"@type\":\"ListItem\",\"position\":2,\"name\":\"REVOLUTION 0W-20 SUPRA\"}]},{\"@type\":\"WebSite\",\"@id\":\"https:\\\/\\\/kennol.com\\\/es\\\/#website\",\"url\":\"https:\\\/\\\/kennol.com\\\/es\\\/\",\"name\":\"KENNOL\",\"description\":\"Performance Oil\",\"publisher\":{\"@id\":\"https:\\\/\\\/kennol.com\\\/es\\\/#organization\"},\"potentialAction\":[{\"@type\":\"SearchAction\",\"target\":{\"@type\":\"EntryPoint\",\"urlTemplate\":\"https:\\\/\\\/kennol.com\\\/es\\\/?s={search_term_string}\"},\"query-input\":{\"@type\":\"PropertyValueSpecification\",\"valueRequired\":true,\"valueName\":\"search_term_string\"}}],\"inLanguage\":\"es\"},{\"@type\":\"Organization\",\"@id\":\"https:\\\/\\\/kennol.com\\\/es\\\/#organization\",\"name\":\"PPO\",\"url\":\"https:\\\/\\\/kennol.com\\\/es\\\/\",\"logo\":{\"@type\":\"ImageObject\",\"inLanguage\":\"es\",\"@id\":\"https:\\\/\\\/kennol.com\\\/es\\\/#\\\/schema\\\/logo\\\/image\\\/\",\"url\":\"https:\\\/\\\/kennol.com\\\/wp-content\\\/uploads\\\/2018\\\/01\\\/KENNOL_logo_header.png\",\"contentUrl\":\"https:\\\/\\\/kennol.com\\\/wp-content\\\/uploads\\\/2018\\\/01\\\/KENNOL_logo_header.png\",\"width\":400,\"height\":140,\"caption\":\"PPO\"},\"image\":{\"@id\":\"https:\\\/\\\/kennol.com\\\/es\\\/#\\\/schema\\\/logo\\\/image\\\/\"}}]}<\/script>\n<!-- \/ Yoast SEO plugin. -->","yoast_head_json":{"title":"REVOLUTION 0W-20 SUPRA | KENNOL - Performance Oil","description":"High technology lubricant, 100% synthetic + PAO, intended to lubricate the engines of petrol vehicles, from BMW of the latest generation, to VOLVO engines requiring the VOLVO VCC RBS0-2AE standard, as well as the new vehicles of the Renault group. This lubricant has a formulation that meets the BMW LL-17 FE+ standard and is also suitable for petrol and diesel engines requiring the RN-17 FE standard.","robots":{"index":"index","follow":"follow","max-snippet":"max-snippet:-1","max-image-preview":"max-image-preview:large","max-video-preview":"max-video-preview:-1"},"canonical":"https:\/\/kennol.com\/es\/productos\/revolution-0w-20-supra\/","og_locale":"es_ES","og_type":"article","og_title":"REVOLUTION 0W-20 SUPRA | KENNOL - Performance Oil","og_description":"High technology lubricant, 100% synthetic + PAO, intended to lubricate the engines of petrol vehicles, from BMW of the latest generation, to VOLVO engines requiring the VOLVO VCC RBS0-2AE standard, as well as the new vehicles of the Renault group. This lubricant has a formulation that meets the BMW LL-17 FE+ standard and is also suitable for petrol and diesel engines requiring the RN-17 FE standard.","og_url":"https:\/\/kennol.com\/es\/productos\/revolution-0w-20-supra\/","og_site_name":"KENNOL","article_modified_time":"2025-10-27T09:22:14+00:00","og_image":[{"width":1100,"height":1100,"url":"https:\/\/kennol.com\/wp-content\/uploads\/KENNOL_REVOLUTION_0W-20_SUPRA-14.jpg","type":"image\/jpeg"}],"twitter_card":"summary_large_image","twitter_misc":{"Tiempo de lectura":"1 minuto"},"schema":{"@context":"https:\/\/schema.org","@graph":[{"@type":"WebPage","@id":"https:\/\/kennol.com\/es\/productos\/revolution-0w-20-supra\/","url":"https:\/\/kennol.com\/es\/productos\/revolution-0w-20-supra\/","name":"REVOLUTION 0W-20 SUPRA | KENNOL - Performance Oil","isPartOf":{"@id":"https:\/\/kennol.com\/es\/#website"},"primaryImageOfPage":{"@id":"https:\/\/kennol.com\/es\/productos\/revolution-0w-20-supra\/#primaryimage"},"image":{"@id":"https:\/\/kennol.com\/es\/productos\/revolution-0w-20-supra\/#primaryimage"},"thumbnailUrl":"https:\/\/kennol.com\/wp-content\/uploads\/KENNOL_REVOLUTION_0W-20_SUPRA-14.jpg","datePublished":"2023-05-17T08:20:07+00:00","dateModified":"2025-10-27T09:22:14+00:00","description":"High technology lubricant, 100% synthetic + PAO, intended to lubricate the engines of petrol vehicles, from BMW of the latest generation, to VOLVO engines requiring the VOLVO VCC RBS0-2AE standard, as well as the new vehicles of the Renault group. This lubricant has a formulation that meets the BMW LL-17 FE+ standard and is also suitable for petrol and diesel engines requiring the RN-17 FE standard.","breadcrumb":{"@id":"https:\/\/kennol.com\/es\/productos\/revolution-0w-20-supra\/#breadcrumb"},"inLanguage":"es","potentialAction":[{"@type":"ReadAction","target":["https:\/\/kennol.com\/es\/productos\/revolution-0w-20-supra\/"]}]},{"@type":"ImageObject","inLanguage":"es","@id":"https:\/\/kennol.com\/es\/productos\/revolution-0w-20-supra\/#primaryimage","url":"https:\/\/kennol.com\/wp-content\/uploads\/KENNOL_REVOLUTION_0W-20_SUPRA-14.jpg","contentUrl":"https:\/\/kennol.com\/wp-content\/uploads\/KENNOL_REVOLUTION_0W-20_SUPRA-14.jpg","width":1100,"height":1100},{"@type":"BreadcrumbList","@id":"https:\/\/kennol.com\/es\/productos\/revolution-0w-20-supra\/#breadcrumb","itemListElement":[{"@type":"ListItem","position":1,"name":"PRODUCTOS","item":"https:\/\/kennol.com\/es\/products-2\/"},{"@type":"ListItem","position":2,"name":"REVOLUTION 0W-20 SUPRA"}]},{"@type":"WebSite","@id":"https:\/\/kennol.com\/es\/#website","url":"https:\/\/kennol.com\/es\/","name":"KENNOL","description":"Performance Oil","publisher":{"@id":"https:\/\/kennol.com\/es\/#organization"},"potentialAction":[{"@type":"SearchAction","target":{"@type":"EntryPoint","urlTemplate":"https:\/\/kennol.com\/es\/?s={search_term_string}"},"query-input":{"@type":"PropertyValueSpecification","valueRequired":true,"valueName":"search_term_string"}}],"inLanguage":"es"},{"@type":"Organization","@id":"https:\/\/kennol.com\/es\/#organization","name":"PPO","url":"https:\/\/kennol.com\/es\/","logo":{"@type":"ImageObject","inLanguage":"es","@id":"https:\/\/kennol.com\/es\/#\/schema\/logo\/image\/","url":"https:\/\/kennol.com\/wp-content\/uploads\/2018\/01\/KENNOL_logo_header.png","contentUrl":"https:\/\/kennol.com\/wp-content\/uploads\/2018\/01\/KENNOL_logo_header.png","width":400,"height":140,"caption":"PPO"},"image":{"@id":"https:\/\/kennol.com\/es\/#\/schema\/logo\/image\/"}}]}},"_links":{"self":[{"href":"https:\/\/kennol.com\/es\/wp-json\/wp\/v2\/product\/62697","targetHints":{"allow":["GET"]}}],"collection":[{"href":"https:\/\/kennol.com\/es\/wp-json\/wp\/v2\/product"}],"about":[{"href":"https:\/\/kennol.com\/es\/wp-json\/wp\/v2\/types\/product"}],"wp:featuredmedia":[{"embeddable":true,"href":"https:\/\/kennol.com\/es\/wp-json\/wp\/v2\/media\/62828"}],"wp:attachment":[{"href":"https:\/\/kennol.com\/es\/wp-json\/wp\/v2\/media?parent=62697"}],"wp:term":[{"taxonomy":"product_brand","embeddable":true,"href":"https:\/\/kennol.com\/es\/wp-json\/wp\/v2\/product_brand?post=62697"},{"taxonomy":"product_cat","embeddable":true,"href":"https:\/\/kennol.com\/es\/wp-json\/wp\/v2\/product_cat?post=62697"},{"taxonomy":"product_tag","embeddable":true,"href":"https:\/\/kennol.com\/es\/wp-json\/wp\/v2\/product_tag?post=62697"}],"curies":[{"name":"wp","href":"https:\/\/api.w.org\/{rel}","templated":true}]}}