{"id":49452,"date":"2022-01-28T11:20:34","date_gmt":"2022-01-28T10:20:35","guid":{"rendered":"https:\/\/kennol.com\/?post_type=product&#038;p=49452"},"modified":"2025-07-10T17:43:59","modified_gmt":"2025-07-10T15:43:59","slug":"refrigerante-h-fluid-35","status":"publish","type":"product","link":"https:\/\/kennol.com\/es\/productos\/refrigerante-h-fluid-35\/","title":{"rendered":"REFRIGERANTE H-FLUID -35\u00b0C"},"content":{"rendered":"<div class=\"wpb-content-wrapper\"><p>[vc_column][\/vc_column][vc_row row_content_width=\u00bbgrid\u00bb][vc_column][vc_video link=\u00bbhttps:\/\/www.youtube.com\/watch?v=LhJj5B7cphM\u00bb][vc_column_text]<span style=\"color: #ffffff;\">KENNOL LR H-FLUID -35 es un l\u00edquido de refrigeraci\u00f3n espec\u00edfico dise\u00f1ado para los veh\u00edculos h\u00edbridos (HEV y PHEV). Este producto, con tecnolog\u00eda P-OAT optimiza la protecci\u00f3n, tanto en invierno como en verano, del circuito de refrigeraci\u00f3n y la bater\u00eda y favorece la transferencia de calor y energ\u00eda. Nuestro conocimiento mundial en competici\u00f3n (h\u00edbrido y 100 % el\u00e9ctrico) no ha permitido desarrollar este l\u00edquido. Contiene monoetilenglicol (n\u00ba \u00edndice: 603-027-00-1) amerizado.<\/span>[\/vc_column_text][vc_column_text]<span style=\"color: #999999;\"><em>CARACTER\u00cdSTICAS Y BENEFICIOS<\/em><\/span>[\/vc_column_text]<div class=\"eltd-separator-holder clearfix  eltd-separator-center \">\n\t<div class=\"eltd-separator\" style=\"border-color: #999999;border-style: solid;width: 100%;border-bottom-width: 1px\"><\/div>\n<\/div>\n[vc_column_text]<span style=\"color: #999999;\">High performance bases and additives.<\/span><br \/>\n<span style=\"color: #ee3124;\">\u2192<\/span> <span style=\"color: #ffffff;\">It insures an optimal long-term protection against overheating and freezing, against corrosion (for all motor and battery metals, including aluminum and ferrous alloys).<\/span><\/p>\n<p><span style=\"color: #999999;\">Organic technology (H-OAT).<\/span><br \/>\n<span style=\"color: #ffffff;\"><span style=\"color: #ee3124;\">\u2192 <\/span>It offers better performances with stability, resistance to temperature, ageing and low conductivity.<\/span><\/p>\n<p><span style=\"color: #999999;\">Ready to use.<\/span><br \/>\n<span style=\"color: #ffffff;\"><span style=\"color: #ee3124;\">\u2192 <\/span>It can be used in addition or as a complete renewal of the circuit for a better efficiency.<\/span><\/p>\n<p><span style=\"color: #999999;\">Nitrites, amins, phosphates and borates exempted.<\/span>[\/vc_column_text][\/vc_column][\/vc_row]<\/p>\n<\/div>","protected":false},"excerpt":{"rendered":"<h3><span style=\"color: #808080;\">REFRIGERANTE VEH\u00cdCULOS H\u00cdBRIDOS<\/span><\/h3>\n<p>&nbsp;<br \/>\n<span style=\"color: #666666;\"><em>ESPECIFICACIONES<\/em><\/span><\/p>\n<hr color=\"#666666\" line-height=\"1px\"\/>\n<span style=\"color: #ffffff;\"><strong>TOYOTA<\/strong> TSK 2601 G-8<br \/>\n<strong>MAZDA<\/strong> MES 121C FL22<br \/>\n<strong>HONDA<\/strong> OL 199 Type 2<br \/>\n<\/span>&nbsp;<br \/>\n<span style=\"color: #666666;\"><em>EMBALAJES DISPONIBLES<\/em><\/span><\/p>\n<hr color=\"#666666\" line-height=\"1px\"\/>\n<style>.col3 {-webkit-column-count: 3; -moz-column-count: 3; column-count: 3;}<\/style>\n<div class=\"col3\">\n<div class=\"leftcontainer\"><img decoding=\"async\" src=\"\/wp-content\/uploads\/KENNOL_CONDITIONNEMENT_2L.png\" onmouseover=\"this.src=&#039;\/wp-content\/uploads\/KENNOL_CONDITIONNEMENT_2L_FL_VISUEL.png&#039;\" onmouseout=\"this.src=&#039;\/wp-content\/uploads\/KENNOL_CONDITIONNEMENT_2L.png&#039;\"\/><\/p>\n<p>178722<\/p>\n<\/div>\n<div class=\"leftcontainer\"><img decoding=\"async\" src=\"\/wp-content\/uploads\/KENNOL_CONDITIONNEMENT_5L.png\" onmouseover=\"this.src=&#039;\/wp-content\/uploads\/KENNOL_CONDITIONNEMENT_5L_FL_VISUEL.png&#039;\" onmouseout=\"this.src=&#039;\/wp-content\/uploads\/KENNOL_CONDITIONNEMENT_5L.png&#039;\"\/><\/p>\n<p>178723<\/p>\n<\/div>\n<div class=\"leftcontainer\"><img decoding=\"async\" src=\"\/wp-content\/uploads\/KENNOL_CONDITIONNEMENT_20L_ECOBOX-1.png\" onmouseover=\"this.src='\/wp-content\/uploads\/KENNOL_CONDITIONNEMENT_ECOBOX_LR_20L_VISUEL.png'\" onmouseout=\"this.src='\/wp-content\/uploads\/KENNOL_CONDITIONNEMENT_20L_ECOBOX-1.png'\"\/><\/p>\n<p>178727B<\/p>\n<\/div>\n<\/div>\n<p>&nbsp;<br \/>\n<em><span style=\"color: #666666;\">DESCARGAR<\/span><\/em><\/p>\n<hr color=\"#666666\" line-height=\"1px\"\/>\n<a href=\"\/EN\/FT\/KENNOL_LR_E-FLUID-37_EN.pdf\" target=\"_blank\" rel=\"noopener noreferrer\"><img decoding=\"async\" src=\"\/wp-content\/uploads\/2018\/03\/pdf.png\" alt=\"\" \/><\/a> <a style=\"color: #ee3124;\" href=\"\/EN\/FT\/KENNOL_LR_E-FLUID-37_EN.pdf\" target=\"_blank\" rel=\"noopener noreferrer\"><b>Ficha de datos t\u00e9cnicos<\/b><\/a><br \/>\n<a href=\"#\" target=\"_blank\" rel=\"noopener noreferrer\"><img decoding=\"async\" src=\"\/wp-content\/uploads\/2018\/03\/pdf.png\" alt=\"\" \/><\/a> <a style=\"color: #ee3124;\" href=\"#\" target=\"_blank\" rel=\"noopener noreferrer\"><b>Ficha de datos de seguridad<\/b><\/a><\/p>\n<p>&nbsp;<\/p>\n<p><a href=\"\/es\/la-marca\/etiquetas\/\"><img decoding=\"async\" src=\"\/wp-content\/uploads\/KENNOL_LOGO_MadeInFrance.png\" width=\"250\"><\/a><br \/>\n<a href=\"\/es\/la-marca\/etiquetas\/\"><img decoding=\"async\" src=\"\/wp-content\/uploads\/KENNOL_LABEL_BiodegradableEN.png\" \/><\/a><a href=\"\/es\/la-marca\/etiquetas\/\"><img decoding=\"async\" src=\"\/wp-content\/uploads\/KENNOL_LABEL_FlexPutEN.png\" \/><\/a><a href=\"\/es\/la-marca\/etiquetas\/\"><img decoding=\"async\" src=\"\/wp-content\/uploads\/KENNOL_LABEL_AllSeasons.png\" \/><\/a><a href=\"\/es\/la-marca\/etiquetas\/\"><img decoding=\"async\" src=\"\/wp-content\/uploads\/KENNOL_LABEL_LongLife.png\" \/><\/a><\/p>\n","protected":false},"featured_media":49463,"template":"","meta":{"_monsterinsights_skip_tracking":false,"_monsterinsights_sitenote_active":false,"_monsterinsights_sitenote_note":"","_monsterinsights_sitenote_category":0},"product_brand":[],"product_cat":[2526,2527],"product_tag":[2529,2528],"class_list":{"0":"post-49452","1":"product","2":"type-product","3":"status-publish","4":"has-post-thumbnail","6":"product_cat-liquidos","7":"product_cat-refrigerantes","8":"product_tag-constructor","9":"product_tag-refrigerantes","11":"first","12":"instock","13":"shipping-taxable","14":"product-type-simple"},"yoast_head":"<!-- This site is optimized with the Yoast SEO plugin v27.4 - https:\/\/yoast.com\/product\/yoast-seo-wordpress\/ -->\n<title>REFRIGERANTE H-FLUID -35\u00b0C - KENNOL<\/title>\n<meta name=\"robots\" content=\"index, follow, max-snippet:-1, max-image-preview:large, max-video-preview:-1\" \/>\n<link rel=\"canonical\" href=\"https:\/\/kennol.com\/es\/productos\/refrigerante-h-fluid-35\/\" \/>\n<meta property=\"og:locale\" content=\"es_ES\" \/>\n<meta property=\"og:type\" content=\"article\" \/>\n<meta property=\"og:title\" content=\"REFRIGERANTE H-FLUID -35\u00b0C - KENNOL\" \/>\n<meta property=\"og:description\" content=\"REFRIGERANTE VEH\u00cdCULOS H\u00cdBRIDOS &nbsp; ESPECIFICACIONES  TOYOTA TSK 2601 G-8 MAZDA MES 121C FL22 HONDA OL 199 Type 2 &nbsp; EMBALAJES DISPONIBLES     178722   178723   178727B&nbsp; DESCARGAR   Ficha de datos t\u00e9cnicos  Ficha de datos de seguridad&nbsp;\" \/>\n<meta property=\"og:url\" content=\"https:\/\/kennol.com\/es\/productos\/refrigerante-h-fluid-35\/\" \/>\n<meta property=\"og:site_name\" content=\"KENNOL\" \/>\n<meta property=\"article:modified_time\" content=\"2025-07-10T15:43:59+00:00\" \/>\n<meta property=\"og:image\" content=\"https:\/\/kennol.com\/wp-content\/uploads\/KENNOL_LR_H-FLUID-35.jpg\" \/>\n\t<meta property=\"og:image:width\" content=\"1100\" \/>\n\t<meta property=\"og:image:height\" content=\"1100\" \/>\n\t<meta property=\"og:image:type\" content=\"image\/jpeg\" \/>\n<meta name=\"twitter:card\" content=\"summary_large_image\" \/>\n<meta name=\"twitter:label1\" content=\"Tiempo de lectura\" \/>\n\t<meta name=\"twitter:data1\" content=\"1 minuto\" \/>\n<script type=\"application\/ld+json\" class=\"yoast-schema-graph\">{\"@context\":\"https:\\\/\\\/schema.org\",\"@graph\":[{\"@type\":\"WebPage\",\"@id\":\"https:\\\/\\\/kennol.com\\\/es\\\/productos\\\/refrigerante-h-fluid-35\\\/\",\"url\":\"https:\\\/\\\/kennol.com\\\/es\\\/productos\\\/refrigerante-h-fluid-35\\\/\",\"name\":\"REFRIGERANTE H-FLUID -35\u00b0C - KENNOL\",\"isPartOf\":{\"@id\":\"https:\\\/\\\/kennol.com\\\/es\\\/#website\"},\"primaryImageOfPage\":{\"@id\":\"https:\\\/\\\/kennol.com\\\/es\\\/productos\\\/refrigerante-h-fluid-35\\\/#primaryimage\"},\"image\":{\"@id\":\"https:\\\/\\\/kennol.com\\\/es\\\/productos\\\/refrigerante-h-fluid-35\\\/#primaryimage\"},\"thumbnailUrl\":\"https:\\\/\\\/kennol.com\\\/wp-content\\\/uploads\\\/KENNOL_LR_H-FLUID-35.jpg\",\"datePublished\":\"2022-01-28T10:20:35+00:00\",\"dateModified\":\"2025-07-10T15:43:59+00:00\",\"breadcrumb\":{\"@id\":\"https:\\\/\\\/kennol.com\\\/es\\\/productos\\\/refrigerante-h-fluid-35\\\/#breadcrumb\"},\"inLanguage\":\"es\",\"potentialAction\":[{\"@type\":\"ReadAction\",\"target\":[\"https:\\\/\\\/kennol.com\\\/es\\\/productos\\\/refrigerante-h-fluid-35\\\/\"]}]},{\"@type\":\"ImageObject\",\"inLanguage\":\"es\",\"@id\":\"https:\\\/\\\/kennol.com\\\/es\\\/productos\\\/refrigerante-h-fluid-35\\\/#primaryimage\",\"url\":\"https:\\\/\\\/kennol.com\\\/wp-content\\\/uploads\\\/KENNOL_LR_H-FLUID-35.jpg\",\"contentUrl\":\"https:\\\/\\\/kennol.com\\\/wp-content\\\/uploads\\\/KENNOL_LR_H-FLUID-35.jpg\",\"width\":1100,\"height\":1100},{\"@type\":\"BreadcrumbList\",\"@id\":\"https:\\\/\\\/kennol.com\\\/es\\\/productos\\\/refrigerante-h-fluid-35\\\/#breadcrumb\",\"itemListElement\":[{\"@type\":\"ListItem\",\"position\":1,\"name\":\"PRODUCTOS\",\"item\":\"https:\\\/\\\/kennol.com\\\/es\\\/products-2\\\/\"},{\"@type\":\"ListItem\",\"position\":2,\"name\":\"REFRIGERANTE H-FLUID -35\u00b0C\"}]},{\"@type\":\"WebSite\",\"@id\":\"https:\\\/\\\/kennol.com\\\/es\\\/#website\",\"url\":\"https:\\\/\\\/kennol.com\\\/es\\\/\",\"name\":\"KENNOL\",\"description\":\"Performance Oil\",\"publisher\":{\"@id\":\"https:\\\/\\\/kennol.com\\\/es\\\/#organization\"},\"potentialAction\":[{\"@type\":\"SearchAction\",\"target\":{\"@type\":\"EntryPoint\",\"urlTemplate\":\"https:\\\/\\\/kennol.com\\\/es\\\/?s={search_term_string}\"},\"query-input\":{\"@type\":\"PropertyValueSpecification\",\"valueRequired\":true,\"valueName\":\"search_term_string\"}}],\"inLanguage\":\"es\"},{\"@type\":\"Organization\",\"@id\":\"https:\\\/\\\/kennol.com\\\/es\\\/#organization\",\"name\":\"PPO\",\"url\":\"https:\\\/\\\/kennol.com\\\/es\\\/\",\"logo\":{\"@type\":\"ImageObject\",\"inLanguage\":\"es\",\"@id\":\"https:\\\/\\\/kennol.com\\\/es\\\/#\\\/schema\\\/logo\\\/image\\\/\",\"url\":\"https:\\\/\\\/kennol.com\\\/wp-content\\\/uploads\\\/2018\\\/01\\\/KENNOL_logo_header.png\",\"contentUrl\":\"https:\\\/\\\/kennol.com\\\/wp-content\\\/uploads\\\/2018\\\/01\\\/KENNOL_logo_header.png\",\"width\":400,\"height\":140,\"caption\":\"PPO\"},\"image\":{\"@id\":\"https:\\\/\\\/kennol.com\\\/es\\\/#\\\/schema\\\/logo\\\/image\\\/\"}}]}<\/script>\n<!-- \/ Yoast SEO plugin. -->","yoast_head_json":{"title":"REFRIGERANTE H-FLUID -35\u00b0C - KENNOL","robots":{"index":"index","follow":"follow","max-snippet":"max-snippet:-1","max-image-preview":"max-image-preview:large","max-video-preview":"max-video-preview:-1"},"canonical":"https:\/\/kennol.com\/es\/productos\/refrigerante-h-fluid-35\/","og_locale":"es_ES","og_type":"article","og_title":"REFRIGERANTE H-FLUID -35\u00b0C - KENNOL","og_description":"REFRIGERANTE VEH\u00cdCULOS H\u00cdBRIDOS &nbsp; ESPECIFICACIONES  TOYOTA TSK 2601 G-8 MAZDA MES 121C FL22 HONDA OL 199 Type 2 &nbsp; EMBALAJES DISPONIBLES     178722   178723   178727B&nbsp; DESCARGAR   Ficha de datos t\u00e9cnicos  Ficha de datos de seguridad&nbsp;","og_url":"https:\/\/kennol.com\/es\/productos\/refrigerante-h-fluid-35\/","og_site_name":"KENNOL","article_modified_time":"2025-07-10T15:43:59+00:00","og_image":[{"width":1100,"height":1100,"url":"https:\/\/kennol.com\/wp-content\/uploads\/KENNOL_LR_H-FLUID-35.jpg","type":"image\/jpeg"}],"twitter_card":"summary_large_image","twitter_misc":{"Tiempo de lectura":"1 minuto"},"schema":{"@context":"https:\/\/schema.org","@graph":[{"@type":"WebPage","@id":"https:\/\/kennol.com\/es\/productos\/refrigerante-h-fluid-35\/","url":"https:\/\/kennol.com\/es\/productos\/refrigerante-h-fluid-35\/","name":"REFRIGERANTE H-FLUID -35\u00b0C - KENNOL","isPartOf":{"@id":"https:\/\/kennol.com\/es\/#website"},"primaryImageOfPage":{"@id":"https:\/\/kennol.com\/es\/productos\/refrigerante-h-fluid-35\/#primaryimage"},"image":{"@id":"https:\/\/kennol.com\/es\/productos\/refrigerante-h-fluid-35\/#primaryimage"},"thumbnailUrl":"https:\/\/kennol.com\/wp-content\/uploads\/KENNOL_LR_H-FLUID-35.jpg","datePublished":"2022-01-28T10:20:35+00:00","dateModified":"2025-07-10T15:43:59+00:00","breadcrumb":{"@id":"https:\/\/kennol.com\/es\/productos\/refrigerante-h-fluid-35\/#breadcrumb"},"inLanguage":"es","potentialAction":[{"@type":"ReadAction","target":["https:\/\/kennol.com\/es\/productos\/refrigerante-h-fluid-35\/"]}]},{"@type":"ImageObject","inLanguage":"es","@id":"https:\/\/kennol.com\/es\/productos\/refrigerante-h-fluid-35\/#primaryimage","url":"https:\/\/kennol.com\/wp-content\/uploads\/KENNOL_LR_H-FLUID-35.jpg","contentUrl":"https:\/\/kennol.com\/wp-content\/uploads\/KENNOL_LR_H-FLUID-35.jpg","width":1100,"height":1100},{"@type":"BreadcrumbList","@id":"https:\/\/kennol.com\/es\/productos\/refrigerante-h-fluid-35\/#breadcrumb","itemListElement":[{"@type":"ListItem","position":1,"name":"PRODUCTOS","item":"https:\/\/kennol.com\/es\/products-2\/"},{"@type":"ListItem","position":2,"name":"REFRIGERANTE H-FLUID -35\u00b0C"}]},{"@type":"WebSite","@id":"https:\/\/kennol.com\/es\/#website","url":"https:\/\/kennol.com\/es\/","name":"KENNOL","description":"Performance Oil","publisher":{"@id":"https:\/\/kennol.com\/es\/#organization"},"potentialAction":[{"@type":"SearchAction","target":{"@type":"EntryPoint","urlTemplate":"https:\/\/kennol.com\/es\/?s={search_term_string}"},"query-input":{"@type":"PropertyValueSpecification","valueRequired":true,"valueName":"search_term_string"}}],"inLanguage":"es"},{"@type":"Organization","@id":"https:\/\/kennol.com\/es\/#organization","name":"PPO","url":"https:\/\/kennol.com\/es\/","logo":{"@type":"ImageObject","inLanguage":"es","@id":"https:\/\/kennol.com\/es\/#\/schema\/logo\/image\/","url":"https:\/\/kennol.com\/wp-content\/uploads\/2018\/01\/KENNOL_logo_header.png","contentUrl":"https:\/\/kennol.com\/wp-content\/uploads\/2018\/01\/KENNOL_logo_header.png","width":400,"height":140,"caption":"PPO"},"image":{"@id":"https:\/\/kennol.com\/es\/#\/schema\/logo\/image\/"}}]}},"_links":{"self":[{"href":"https:\/\/kennol.com\/es\/wp-json\/wp\/v2\/product\/49452","targetHints":{"allow":["GET"]}}],"collection":[{"href":"https:\/\/kennol.com\/es\/wp-json\/wp\/v2\/product"}],"about":[{"href":"https:\/\/kennol.com\/es\/wp-json\/wp\/v2\/types\/product"}],"wp:featuredmedia":[{"embeddable":true,"href":"https:\/\/kennol.com\/es\/wp-json\/wp\/v2\/media\/49463"}],"wp:attachment":[{"href":"https:\/\/kennol.com\/es\/wp-json\/wp\/v2\/media?parent=49452"}],"wp:term":[{"taxonomy":"product_brand","embeddable":true,"href":"https:\/\/kennol.com\/es\/wp-json\/wp\/v2\/product_brand?post=49452"},{"taxonomy":"product_cat","embeddable":true,"href":"https:\/\/kennol.com\/es\/wp-json\/wp\/v2\/product_cat?post=49452"},{"taxonomy":"product_tag","embeddable":true,"href":"https:\/\/kennol.com\/es\/wp-json\/wp\/v2\/product_tag?post=49452"}],"curies":[{"name":"wp","href":"https:\/\/api.w.org\/{rel}","templated":true}]}}