{"id":39125,"date":"2020-09-08T10:08:20","date_gmt":"2020-09-08T08:08:22","guid":{"rendered":"https:\/\/kennol.com\/?post_type=product&#038;p=39125"},"modified":"2025-07-08T15:33:30","modified_gmt":"2025-07-08T13:33:30","slug":"easystick-75w-fe","status":"publish","type":"product","link":"https:\/\/kennol.com\/es\/productos\/easystick-75w-fe\/","title":{"rendered":"EASYSTICK 75W-FE"},"content":{"rendered":"<div class=\"wpb-content-wrapper\"><p>[vc_column][\/vc_column][vc_row row_content_width=\u00bbgrid\u00bb][vc_column][vc_empty_space height=\u00bb10px\u00bb][vc_column_text]<span style=\"color: #ffffff;\">Aceite de transmisi\u00f3n 100 % sint\u00e9tico de alta calidad, dise\u00f1ado espec\u00edficamente para cajas de cambios manuales de turismos recientes que requieren un grado SAE 75W-. Esta formulaci\u00f3n ofrece un ahorro significativo en el consumo de combustible.<\/span>[\/vc_column_text][vc_empty_space height=\u00bb10px\u00bb][vc_column_text]<span style=\"color: #999999;\"><em>CARACTER\u00cdSTICAS Y BENEFICIOS<\/em><\/span>[\/vc_column_text]<div class=\"eltd-separator-holder clearfix  eltd-separator-center \">\n\t<div class=\"eltd-separator\" style=\"border-color: #999999;border-style: solid;width: 100%;border-bottom-width: 1px\"><\/div>\n<\/div>\n[vc_column_text]<span style=\"color: #999999;\">Anti-wear properties, oxidation stability.<\/span><br \/>\n<span style=\"color: #ee3124;\">\u2192 <\/span><span style=\"color: #ffffff;\">Extension of the lifespan of the equipments.<\/span><\/p>\n<p><span style=\"color: #999999;\">Excellent thermal stability.<\/span><br \/>\n<span style=\"color: #ee3124;\">\u2192 <\/span><span style=\"color: #ffffff;\">Continuous level of performance over time.<\/span><\/p>\n<p><span style=\"color: #999999;\">Low viscosity at low temperature.<\/span><br \/>\n<span style=\"color: #ee3124;\">\u2192 <\/span><span style=\"color: #ffffff;\">Better gear change when starting and<br \/>\nfuel economy.<\/span><\/p>\n<p><script src=\"https:\/\/apps.elfsight.com\/p\/platform.js\" defer><\/script><\/p>\n<div class=\"elfsight-app-e0bd97bb-6156-4f1e-94d6-3b2fd7e8a342\"><\/div>\n<p>[\/vc_column_text][\/vc_column][\/vc_row][vc_column][\/vc_column]<\/p>\n<\/div>","protected":false},"excerpt":{"rendered":"<h3><span style=\"color: #808080;\">ACEITE DE CAJA DE CAMBIOS MANUAL<\/br>100% SINT\u00c9TICO<\/span><\/h3>\n<p>&nbsp;<br \/>\n<span style=\"color: #666666;\"><em>ESPECIFICACIONES<\/em><\/span><\/p>\n<hr color=\"#666666\" line-height=\"1px\"\/>\n<span style=\"color: #ffffff;\"><b>SAE<\/b> 75W-<br \/>\n<b>API<\/b> GL-4\/GL-5\/MT-1<br \/>\n<b>PSA<\/b> B71 2310<br \/>\n<b>MERCEDES-BENZ<\/b> MB 235.73<br \/>\n<b>FORD<\/b> WSS-M2C200-D2<br \/>\n&nbsp;<br \/>\n<img decoding=\"async\" src=\"\/wp-content\/uploads\/KENNOL_EconomieCarburant_EN.png\"><br \/>\n<\/span><br \/>\n<span style=\"color: #666666;\"><em>EMBALAJES DISPONIBLES<\/em><\/span><\/p>\n<hr \/>\n<style>.col2 {-webkit-column-count: 2; -moz-column-count: 2; column-count: 2;}<\/style>\n<div class=\"col2\">\n<div class=\"leftcontainer\"><img decoding=\"async\" src=\"\/wp-content\/uploads\/KENNOL_CONDITIONNEMENT_2L.png\" onmouseover=\"this.src=&#039;\/wp-content\/uploads\/KENNOL_CONDITIONNEMENT_2L_VISUEL.png&#039;\" onmouseout=\"this.src=&#039;\/wp-content\/uploads\/KENNOL_CONDITIONNEMENT_2L.png&#039;\"\/><\/p>\n<p>196492<\/p>\n<\/div>\n<div class=\"leftcontainer\"><img decoding=\"async\" src=\"\/wp-content\/uploads\/KENNOL_CONDITIONNEMENT_20L_ECOBOX-1.png\" onmouseover=\"this.src=&#039;\/wp-content\/uploads\/KENNOL_CONDITIONNEMENT_20L_ECOBOX_VISUEL.png&#039;\" onmouseout=\"this.src=&#039;\/wp-content\/uploads\/KENNOL_CONDITIONNEMENT_20L_ECOBOX-1.png&#039;\"\/><\/p>\n<p>196497B<\/p>\n<\/div>\n<\/div>\n<p><\/br><em><span style=\"color: #666666;\">DESCARGAR<\/span><\/em><\/p>\n<hr color=\"#666666\" line-height=\"1px\"\/>\n<a href=\"\/EN\/FT\/KENNOL_EASYSTICK_75W-FE_EN.pdf\" target=\"_blank\" rel=\"noopener noreferrer\"><img decoding=\"async\" src=\"\/wp-content\/uploads\/2018\/03\/pdf.png\" alt=\"\" \/><\/a> <a style=\"color: #ee3124;\" href=\"\/EN\/FT\/KENNOL_EASYSTICK_75W-FE_EN.pdf\" target=\"_blank\" rel=\"noopener noreferrer\"><b>Ficha de datos t\u00e9cnicos<\/b><\/a><br \/>\n<a href=\"\/EN\/FDS\/KENNOL_EASYSTICK_75W-FE_EN.pdf\" target=\"_blank\" rel=\"noopener noreferrer\"><img decoding=\"async\" src=\"\/wp-content\/uploads\/2018\/03\/pdf.png\" alt=\"\" \/><\/a> <a style=\"color: #ee3124;\" href=\"\/EN\/FDS\/KENNOL_EASYSTICK_75W-FE_EN.pdf\" target=\"_blank\" rel=\"noopener noreferrer\"><b>Ficha de datos de seguridad<\/b><\/a><br \/>\n&nbsp;<br \/>\n<a href=\"\/es\/la-marca\/etiquetas\/\"><img decoding=\"async\" src=\"\/wp-content\/uploads\/KENNOL_LOGO_MadeInFrance.png\" width=\"250\" \/><\/a><\/p>\n","protected":false},"featured_media":39490,"template":"","meta":{"_monsterinsights_skip_tracking":false,"_monsterinsights_sitenote_active":false,"_monsterinsights_sitenote_note":"","_monsterinsights_sitenote_category":0},"product_brand":[],"product_cat":[2500,2102],"product_tag":[2501,2106,2421],"class_list":{"0":"post-39125","1":"product","2":"type-product","3":"status-publish","4":"has-post-thumbnail","6":"product_cat-aceites-para-transmision-es","7":"product_cat-coches","8":"product_tag-aceite-de-caja-de-cambios-manual","9":"product_tag-coches","10":"product_tag-semi-sintesis","12":"first","13":"instock","14":"shipping-taxable","15":"product-type-simple"},"yoast_head":"<!-- This site is optimized with the Yoast SEO plugin v27.5 - https:\/\/yoast.com\/product\/yoast-seo-wordpress\/ -->\n<title>EASYSTICK 75W-FE | KENNOL - Performance Oil<\/title>\n<meta name=\"description\" content=\"KENNOL EASYSTICK 75W-FE is a high quality fully synthetic transmission oil specially designed for manual gearboxes in recent passenger vehicles requiring SAE 75W- grade, developed to reduce fuel consumption by limiting friction.\" \/>\n<meta name=\"robots\" content=\"index, follow, max-snippet:-1, max-image-preview:large, max-video-preview:-1\" \/>\n<link rel=\"canonical\" href=\"https:\/\/kennol.com\/es\/productos\/easystick-75w-fe\/\" \/>\n<meta property=\"og:locale\" content=\"es_ES\" \/>\n<meta property=\"og:type\" content=\"article\" \/>\n<meta property=\"og:title\" content=\"EASYSTICK 75W-FE | KENNOL - Performance Oil\" \/>\n<meta property=\"og:description\" content=\"KENNOL EASYSTICK 75W-FE is a high quality fully synthetic transmission oil specially designed for manual gearboxes in recent passenger vehicles requiring SAE 75W- grade, developed to reduce fuel consumption by limiting friction.\" \/>\n<meta property=\"og:url\" content=\"https:\/\/kennol.com\/es\/productos\/easystick-75w-fe\/\" \/>\n<meta property=\"og:site_name\" content=\"KENNOL\" \/>\n<meta property=\"article:modified_time\" content=\"2025-07-08T13:33:30+00:00\" \/>\n<meta property=\"og:image\" content=\"https:\/\/kennol.com\/wp-content\/uploads\/KENNOL_EASYSTICK_75W-FE-1.jpg\" \/>\n\t<meta property=\"og:image:width\" content=\"1100\" \/>\n\t<meta property=\"og:image:height\" content=\"1100\" \/>\n\t<meta property=\"og:image:type\" content=\"image\/jpeg\" \/>\n<meta name=\"twitter:card\" content=\"summary_large_image\" \/>\n<meta name=\"twitter:label1\" content=\"Tiempo de lectura\" \/>\n\t<meta name=\"twitter:data1\" content=\"1 minuto\" \/>\n<script type=\"application\/ld+json\" class=\"yoast-schema-graph\">{\"@context\":\"https:\\\/\\\/schema.org\",\"@graph\":[{\"@type\":\"WebPage\",\"@id\":\"https:\\\/\\\/kennol.com\\\/es\\\/productos\\\/easystick-75w-fe\\\/\",\"url\":\"https:\\\/\\\/kennol.com\\\/es\\\/productos\\\/easystick-75w-fe\\\/\",\"name\":\"EASYSTICK 75W-FE | KENNOL - Performance Oil\",\"isPartOf\":{\"@id\":\"https:\\\/\\\/kennol.com\\\/es\\\/#website\"},\"primaryImageOfPage\":{\"@id\":\"https:\\\/\\\/kennol.com\\\/es\\\/productos\\\/easystick-75w-fe\\\/#primaryimage\"},\"image\":{\"@id\":\"https:\\\/\\\/kennol.com\\\/es\\\/productos\\\/easystick-75w-fe\\\/#primaryimage\"},\"thumbnailUrl\":\"https:\\\/\\\/kennol.com\\\/wp-content\\\/uploads\\\/KENNOL_EASYSTICK_75W-FE-1.jpg\",\"datePublished\":\"2020-09-08T08:08:22+00:00\",\"dateModified\":\"2025-07-08T13:33:30+00:00\",\"description\":\"KENNOL EASYSTICK 75W-FE is a high quality fully synthetic transmission oil specially designed for manual gearboxes in recent passenger vehicles requiring SAE 75W- grade, developed to reduce fuel consumption by limiting friction.\",\"breadcrumb\":{\"@id\":\"https:\\\/\\\/kennol.com\\\/es\\\/productos\\\/easystick-75w-fe\\\/#breadcrumb\"},\"inLanguage\":\"es\",\"potentialAction\":[{\"@type\":\"ReadAction\",\"target\":[\"https:\\\/\\\/kennol.com\\\/es\\\/productos\\\/easystick-75w-fe\\\/\"]}]},{\"@type\":\"ImageObject\",\"inLanguage\":\"es\",\"@id\":\"https:\\\/\\\/kennol.com\\\/es\\\/productos\\\/easystick-75w-fe\\\/#primaryimage\",\"url\":\"https:\\\/\\\/kennol.com\\\/wp-content\\\/uploads\\\/KENNOL_EASYSTICK_75W-FE-1.jpg\",\"contentUrl\":\"https:\\\/\\\/kennol.com\\\/wp-content\\\/uploads\\\/KENNOL_EASYSTICK_75W-FE-1.jpg\",\"width\":1100,\"height\":1100},{\"@type\":\"BreadcrumbList\",\"@id\":\"https:\\\/\\\/kennol.com\\\/es\\\/productos\\\/easystick-75w-fe\\\/#breadcrumb\",\"itemListElement\":[{\"@type\":\"ListItem\",\"position\":1,\"name\":\"PRODUCTOS\",\"item\":\"https:\\\/\\\/kennol.com\\\/es\\\/products-2\\\/\"},{\"@type\":\"ListItem\",\"position\":2,\"name\":\"EASYSTICK 75W-FE\"}]},{\"@type\":\"WebSite\",\"@id\":\"https:\\\/\\\/kennol.com\\\/es\\\/#website\",\"url\":\"https:\\\/\\\/kennol.com\\\/es\\\/\",\"name\":\"KENNOL\",\"description\":\"Performance Oil\",\"publisher\":{\"@id\":\"https:\\\/\\\/kennol.com\\\/es\\\/#organization\"},\"potentialAction\":[{\"@type\":\"SearchAction\",\"target\":{\"@type\":\"EntryPoint\",\"urlTemplate\":\"https:\\\/\\\/kennol.com\\\/es\\\/?s={search_term_string}\"},\"query-input\":{\"@type\":\"PropertyValueSpecification\",\"valueRequired\":true,\"valueName\":\"search_term_string\"}}],\"inLanguage\":\"es\"},{\"@type\":\"Organization\",\"@id\":\"https:\\\/\\\/kennol.com\\\/es\\\/#organization\",\"name\":\"PPO\",\"url\":\"https:\\\/\\\/kennol.com\\\/es\\\/\",\"logo\":{\"@type\":\"ImageObject\",\"inLanguage\":\"es\",\"@id\":\"https:\\\/\\\/kennol.com\\\/es\\\/#\\\/schema\\\/logo\\\/image\\\/\",\"url\":\"https:\\\/\\\/kennol.com\\\/wp-content\\\/uploads\\\/2018\\\/01\\\/KENNOL_logo_header.png\",\"contentUrl\":\"https:\\\/\\\/kennol.com\\\/wp-content\\\/uploads\\\/2018\\\/01\\\/KENNOL_logo_header.png\",\"width\":400,\"height\":140,\"caption\":\"PPO\"},\"image\":{\"@id\":\"https:\\\/\\\/kennol.com\\\/es\\\/#\\\/schema\\\/logo\\\/image\\\/\"}}]}<\/script>\n<!-- \/ Yoast SEO plugin. -->","yoast_head_json":{"title":"EASYSTICK 75W-FE | KENNOL - Performance Oil","description":"KENNOL EASYSTICK 75W-FE is a high quality fully synthetic transmission oil specially designed for manual gearboxes in recent passenger vehicles requiring SAE 75W- grade, developed to reduce fuel consumption by limiting friction.","robots":{"index":"index","follow":"follow","max-snippet":"max-snippet:-1","max-image-preview":"max-image-preview:large","max-video-preview":"max-video-preview:-1"},"canonical":"https:\/\/kennol.com\/es\/productos\/easystick-75w-fe\/","og_locale":"es_ES","og_type":"article","og_title":"EASYSTICK 75W-FE | KENNOL - Performance Oil","og_description":"KENNOL EASYSTICK 75W-FE is a high quality fully synthetic transmission oil specially designed for manual gearboxes in recent passenger vehicles requiring SAE 75W- grade, developed to reduce fuel consumption by limiting friction.","og_url":"https:\/\/kennol.com\/es\/productos\/easystick-75w-fe\/","og_site_name":"KENNOL","article_modified_time":"2025-07-08T13:33:30+00:00","og_image":[{"width":1100,"height":1100,"url":"https:\/\/kennol.com\/wp-content\/uploads\/KENNOL_EASYSTICK_75W-FE-1.jpg","type":"image\/jpeg"}],"twitter_card":"summary_large_image","twitter_misc":{"Tiempo de lectura":"1 minuto"},"schema":{"@context":"https:\/\/schema.org","@graph":[{"@type":"WebPage","@id":"https:\/\/kennol.com\/es\/productos\/easystick-75w-fe\/","url":"https:\/\/kennol.com\/es\/productos\/easystick-75w-fe\/","name":"EASYSTICK 75W-FE | KENNOL - Performance Oil","isPartOf":{"@id":"https:\/\/kennol.com\/es\/#website"},"primaryImageOfPage":{"@id":"https:\/\/kennol.com\/es\/productos\/easystick-75w-fe\/#primaryimage"},"image":{"@id":"https:\/\/kennol.com\/es\/productos\/easystick-75w-fe\/#primaryimage"},"thumbnailUrl":"https:\/\/kennol.com\/wp-content\/uploads\/KENNOL_EASYSTICK_75W-FE-1.jpg","datePublished":"2020-09-08T08:08:22+00:00","dateModified":"2025-07-08T13:33:30+00:00","description":"KENNOL EASYSTICK 75W-FE is a high quality fully synthetic transmission oil specially designed for manual gearboxes in recent passenger vehicles requiring SAE 75W- grade, developed to reduce fuel consumption by limiting friction.","breadcrumb":{"@id":"https:\/\/kennol.com\/es\/productos\/easystick-75w-fe\/#breadcrumb"},"inLanguage":"es","potentialAction":[{"@type":"ReadAction","target":["https:\/\/kennol.com\/es\/productos\/easystick-75w-fe\/"]}]},{"@type":"ImageObject","inLanguage":"es","@id":"https:\/\/kennol.com\/es\/productos\/easystick-75w-fe\/#primaryimage","url":"https:\/\/kennol.com\/wp-content\/uploads\/KENNOL_EASYSTICK_75W-FE-1.jpg","contentUrl":"https:\/\/kennol.com\/wp-content\/uploads\/KENNOL_EASYSTICK_75W-FE-1.jpg","width":1100,"height":1100},{"@type":"BreadcrumbList","@id":"https:\/\/kennol.com\/es\/productos\/easystick-75w-fe\/#breadcrumb","itemListElement":[{"@type":"ListItem","position":1,"name":"PRODUCTOS","item":"https:\/\/kennol.com\/es\/products-2\/"},{"@type":"ListItem","position":2,"name":"EASYSTICK 75W-FE"}]},{"@type":"WebSite","@id":"https:\/\/kennol.com\/es\/#website","url":"https:\/\/kennol.com\/es\/","name":"KENNOL","description":"Performance Oil","publisher":{"@id":"https:\/\/kennol.com\/es\/#organization"},"potentialAction":[{"@type":"SearchAction","target":{"@type":"EntryPoint","urlTemplate":"https:\/\/kennol.com\/es\/?s={search_term_string}"},"query-input":{"@type":"PropertyValueSpecification","valueRequired":true,"valueName":"search_term_string"}}],"inLanguage":"es"},{"@type":"Organization","@id":"https:\/\/kennol.com\/es\/#organization","name":"PPO","url":"https:\/\/kennol.com\/es\/","logo":{"@type":"ImageObject","inLanguage":"es","@id":"https:\/\/kennol.com\/es\/#\/schema\/logo\/image\/","url":"https:\/\/kennol.com\/wp-content\/uploads\/2018\/01\/KENNOL_logo_header.png","contentUrl":"https:\/\/kennol.com\/wp-content\/uploads\/2018\/01\/KENNOL_logo_header.png","width":400,"height":140,"caption":"PPO"},"image":{"@id":"https:\/\/kennol.com\/es\/#\/schema\/logo\/image\/"}}]}},"_links":{"self":[{"href":"https:\/\/kennol.com\/es\/wp-json\/wp\/v2\/product\/39125","targetHints":{"allow":["GET"]}}],"collection":[{"href":"https:\/\/kennol.com\/es\/wp-json\/wp\/v2\/product"}],"about":[{"href":"https:\/\/kennol.com\/es\/wp-json\/wp\/v2\/types\/product"}],"wp:featuredmedia":[{"embeddable":true,"href":"https:\/\/kennol.com\/es\/wp-json\/wp\/v2\/media\/39490"}],"wp:attachment":[{"href":"https:\/\/kennol.com\/es\/wp-json\/wp\/v2\/media?parent=39125"}],"wp:term":[{"taxonomy":"product_brand","embeddable":true,"href":"https:\/\/kennol.com\/es\/wp-json\/wp\/v2\/product_brand?post=39125"},{"taxonomy":"product_cat","embeddable":true,"href":"https:\/\/kennol.com\/es\/wp-json\/wp\/v2\/product_cat?post=39125"},{"taxonomy":"product_tag","embeddable":true,"href":"https:\/\/kennol.com\/es\/wp-json\/wp\/v2\/product_tag?post=39125"}],"curies":[{"name":"wp","href":"https:\/\/api.w.org\/{rel}","templated":true}]}}