{"id":38529,"date":"2018-04-24T12:08:04","date_gmt":"2018-04-24T10:08:04","guid":{"rendered":"https:\/\/kennol.com\/produits\/refrigerantes-psa-37c\/"},"modified":"2025-07-10T17:46:43","modified_gmt":"2025-07-10T15:46:43","slug":"refrigerante-psa-37","status":"publish","type":"product","link":"https:\/\/kennol.com\/es\/productos\/refrigerante-psa-37\/","title":{"rendered":"REFRIGERANTE PSA-37\u00b0C"},"content":{"rendered":"<div class=\"wpb-content-wrapper\"><p>[vc_row row_content_width=\u00bbgrid\u00bb][vc_column][vc_video link=\u00bbhttps:\/\/www.youtube.com\/watch?v=LhJj5B7cphM\u00bb align=\u00bbcenter\u00bb][vc_column_text css=\u00bb.vc_custom_1533543568302{padding-top: 10px !important;padding-bottom: 10px !important;}\u00bb]<span style=\"color: #ffffff;\">Producto esmerilado a base de monoetilenglicol inhibido con mol\u00e9culas org\u00e1nicas, conforme al pliego de cargos PSA B71 5110. Listo para usar, para los circuitos de unidad de refrigeraci\u00f3n en hierro colado y en aluminio. Protege contra el calentamiento en verano y el hielo en invierno. Asegura una mejor protecci\u00f3n contra la corrosi\u00f3n que los productos cl\u00e1sicos. Compatible con otros refrigerantes.<\/span>[\/vc_column_text][vc_column_text]<span style=\"color: #999999;\"><em>CARACTER\u00cdSTICAS Y BENEFICIOS<\/em><\/span>[\/vc_column_text]<div class=\"eltd-separator-holder clearfix  eltd-separator-center \">\n\t<div class=\"eltd-separator\" style=\"border-color: #999999;border-style: solid;width: 100%;border-bottom-width: 1px\"><\/div>\n<\/div>\n[vc_column_text]<\/p>\n<p><span style=\"color: #999999;\">High performance bases and additives.<\/span><br \/>\n<span style=\"color: #ee3124;\">\u2192<\/span> <span style=\"color: #ffffff;\">It insures an optimal long-term protection against over heating and freezing, against corrosion.<\/span><\/p>\n<p><span style=\"color: #999999;\">Organic technology.<\/span><br \/>\n<span style=\"color: #ffffff;\"><span style=\"color: #ee3124;\">\u2192\u00a0<\/span>Offers better performances: stability, resistance to temperature and ageing, anticorrosive power.<\/span><\/p>\n<p><span style=\"color: #999999;\">Compatible with all other coolants.<\/span><br \/>\n<span style=\"color: #ffffff;\"><span style=\"color: #ee3124;\">\u2192\u00a0<\/span>Can be used in addition or as a complete renewal of the circuit for a better efficiency.<\/span><\/p>\n<p><span style=\"color: #999999;\">Ready to use.<\/span><\/p>\n<p>[\/vc_column_text][\/vc_column][\/vc_row][vc_column][\/vc_column][vc_column][\/vc_column]<\/p>\n<\/div>","protected":false},"excerpt":{"rendered":"<h3><span style=\"color: #808080;\">REFRIGERANTE DEL FABRICANTE<\/span><\/h3>\n<p>&nbsp;<br \/>\n<span style=\"color: #666666;\"><em>ESPECIFICACIONES<\/em><\/span><\/p>\n<hr color=\"#666666\" line-height=\"1px\"\/>\n<span style=\"color: #ffffff;\"><strong>AFNOR <\/strong>NF R 15-601 Type 3<br \/>\n<strong>PEUGEOT-CITRO\u00cbN<\/strong> PSA B71 5110<br \/>\n<\/span><br \/>\n<span style=\"color: #666666;\"><em>EMBALAJES DISPONIBLES<\/em><\/span><\/p>\n<hr color=\"#666666\" line-height=\"1px\"\/>\n<style>.col4 {-webkit-column-count: 4; -moz-column-count: 4; column-count: 4;}<\/style>\n<div class=\"col4\">\n<div class=\"leftcontainer\"><img decoding=\"async\" src=\"\/wp-content\/uploads\/KENNOL_CONDITIONNEMENT_2L.png\" onmouseover=\"this.src=&#039;\/wp-content\/uploads\/KENNOL_CONDITIONNEMENT_2L_FL_VISUEL.png&#039;\" onmouseout=\"this.src=&#039;\/wp-content\/uploads\/KENNOL_CONDITIONNEMENT_2L.png&#039;\"\/><\/p>\n<p>178782<\/p>\n<\/div>\n<div class=\"leftcontainer\"><img decoding=\"async\" src=\"\/wp-content\/uploads\/KENNOL_CONDITIONNEMENT_5L.png\" onmouseover=\"this.src=&#039;\/wp-content\/uploads\/KENNOL_CONDITIONNEMENT_5L_FL_VISUEL.png&#039;\" onmouseout=\"this.src=&#039;\/wp-content\/uploads\/KENNOL_CONDITIONNEMENT_5L.png&#039;\"\/><\/p>\n<p>178783<\/p>\n<\/div>\n<div class=\"leftcontainer\"><img decoding=\"async\" src=\"\/wp-content\/uploads\/KENNOL_CONDITIONNEMENT_20L_ECOBOX-1.png\" onmouseover=\"this.src='\/wp-content\/uploads\/KENNOL_CONDITIONNEMENT_ECOBOX_LR_20L_VISUEL.png'\" onmouseout=\"this.src='\/wp-content\/uploads\/KENNOL_CONDITIONNEMENT_20L_ECOBOX-1.png'\"\/><\/p>\n<p>178787B<\/p>\n<\/div>\n<div class=\"leftcontainer\"><img decoding=\"async\" src=\"\/wp-content\/uploads\/KENNOL_CONDITIONNEMENT_210L.png\" onmouseover=\"this.src=&#039;\/wp-content\/uploads\/KENNOL_CONDITIONNEMENT_210L_VISUEL.png&#039;\" onmouseout=\"this.src=&#039;\/wp-content\/uploads\/KENNOL_CONDITIONNEMENT_210L.png&#039;\"\/><\/p>\n<p>178789<\/p>\n<\/div>\n<\/div>\n<p>&nbsp;<br \/>\n<em><span style=\"color: #666666;\">DESCARGAR<\/span><\/em><\/p>\n<hr color=\"#666666\" line-height=\"1px\"\/>\n<p><a href=\"\/EN\/FT\/KENNOL_LR_PSA-37_EN.pdf\" target=\"_blank\" rel=\"noopener noreferrer\"><img decoding=\"async\" src=\"\/wp-content\/uploads\/2018\/03\/pdf.png\" alt=\"\" \/><\/a>  <a style=\"color: #ee3124;\" href=\"\/EN\/FT\/KENNOL_LR_PSA-37_EN.pdf\" target=\"_blank\" rel=\"noopener noreferrer\"><b>Ficha de datos t\u00e9cnicos<\/b><\/a><br \/>\n<a href=\"\/EN\/FDS\/KENNOL_LR_PSA-37_EN.pdf\" target=\"_blank\" rel=\"noopener noreferrer\"><img decoding=\"async\" src=\"\/wp-content\/uploads\/2018\/03\/pdf.png\" alt=\"\" \/><\/a>  <a style=\"color: #ee3124;\" href=\"\/EN\/FDS\/KENNOL_LR_PSA-37_EN.pdf\" target=\"_blank\" rel=\"noopener noreferrer\"><b>Ficha de datos de seguridad<\/b><\/a><br \/>\n&nbsp;<br \/>\n<a href=\"\/es\/la-marca\/etiquetas\/\"><img decoding=\"async\" src=\"\/wp-content\/uploads\/KENNOL_LOGO_MadeInFrance.png\" width=\"250\"><\/a><br \/>\n<a href=\"\/es\/la-marca\/etiquetas\/\"><img decoding=\"async\" src=\"\/wp-content\/uploads\/KENNOL_LABEL_BiodegradableEN.png\"\/><\/a><a href=\"\/es\/la-marca\/etiquetas\/\"><img decoding=\"async\" src=\"\/wp-content\/uploads\/KENNOL_LABEL_FlexPutEN.png\"\/><\/a><a href=\"\/es\/la-marca\/etiquetas\/\"><img decoding=\"async\" src=\"\/wp-content\/uploads\/KENNOL_LABEL_AllSeasons.png\"\/><\/a><a href=\"\/es\/la-marca\/etiquetas\/\"><img decoding=\"async\" src=\"\/wp-content\/uploads\/KENNOL_LABEL_LongLife.png\"\/><\/a><\/p>\n","protected":false},"featured_media":38534,"template":"","meta":{"_monsterinsights_skip_tracking":false,"_monsterinsights_sitenote_active":false,"_monsterinsights_sitenote_note":"","_monsterinsights_sitenote_category":0},"product_brand":[],"product_cat":[2526,2527],"product_tag":[2529,2528],"class_list":{"0":"post-38529","1":"product","2":"type-product","3":"status-publish","4":"has-post-thumbnail","6":"product_cat-liquidos","7":"product_cat-refrigerantes","8":"product_tag-constructor","9":"product_tag-refrigerantes","11":"first","12":"instock","13":"shipping-taxable","14":"product-type-simple"},"yoast_head":"<!-- This site is optimized with the Yoast SEO plugin v27.4 - https:\/\/yoast.com\/product\/yoast-seo-wordpress\/ -->\n<title>REFRIGERANTE PSA-37\u00b0C | KENNOL - Performance Fluid<\/title>\n<meta name=\"description\" content=\"KENNOL PSA -37\u00b0C is a coolant especially formulated and developed for PSA (PEUGEOT, CITRO\u00cbN) light and commercial vehicles. Bittered inhibited Mono Ethylene Glycol based product with organic molecules according to PSA B71 5110 specifications. Ready to use for cooling cast iron and aluminum. It protects against overheating in summer and freezing in winter.\" \/>\n<meta name=\"robots\" content=\"index, follow, max-snippet:-1, max-image-preview:large, max-video-preview:-1\" \/>\n<link rel=\"canonical\" href=\"https:\/\/kennol.com\/es\/productos\/refrigerante-psa-37\/\" \/>\n<meta property=\"og:locale\" content=\"es_ES\" \/>\n<meta property=\"og:type\" content=\"article\" \/>\n<meta property=\"og:title\" content=\"REFRIGERANTE PSA-37\u00b0C | KENNOL - Performance Fluid\" \/>\n<meta property=\"og:description\" content=\"KENNOL PSA -37\u00b0C is a coolant especially formulated and developed for PSA (PEUGEOT, CITRO\u00cbN) light and commercial vehicles. Bittered inhibited Mono Ethylene Glycol based product with organic molecules according to PSA B71 5110 specifications. Ready to use for cooling cast iron and aluminum. It protects against overheating in summer and freezing in winter.\" \/>\n<meta property=\"og:url\" content=\"https:\/\/kennol.com\/es\/productos\/refrigerante-psa-37\/\" \/>\n<meta property=\"og:site_name\" content=\"KENNOL\" \/>\n<meta property=\"article:modified_time\" content=\"2025-07-10T15:46:43+00:00\" \/>\n<meta property=\"og:image\" content=\"https:\/\/kennol.com\/wp-content\/uploads\/2018\/04\/KENNOL_LR_PSA-37.jpg\" \/>\n\t<meta property=\"og:image:width\" content=\"1100\" \/>\n\t<meta property=\"og:image:height\" content=\"1100\" \/>\n\t<meta property=\"og:image:type\" content=\"image\/jpeg\" \/>\n<meta name=\"twitter:card\" content=\"summary_large_image\" \/>\n<meta name=\"twitter:label1\" content=\"Tiempo de lectura\" \/>\n\t<meta name=\"twitter:data1\" content=\"1 minuto\" \/>\n<script type=\"application\/ld+json\" class=\"yoast-schema-graph\">{\"@context\":\"https:\\\/\\\/schema.org\",\"@graph\":[{\"@type\":\"WebPage\",\"@id\":\"https:\\\/\\\/kennol.com\\\/es\\\/productos\\\/refrigerante-psa-37\\\/\",\"url\":\"https:\\\/\\\/kennol.com\\\/es\\\/productos\\\/refrigerante-psa-37\\\/\",\"name\":\"REFRIGERANTE PSA-37\u00b0C | KENNOL - Performance Fluid\",\"isPartOf\":{\"@id\":\"https:\\\/\\\/kennol.com\\\/es\\\/#website\"},\"primaryImageOfPage\":{\"@id\":\"https:\\\/\\\/kennol.com\\\/es\\\/productos\\\/refrigerante-psa-37\\\/#primaryimage\"},\"image\":{\"@id\":\"https:\\\/\\\/kennol.com\\\/es\\\/productos\\\/refrigerante-psa-37\\\/#primaryimage\"},\"thumbnailUrl\":\"https:\\\/\\\/kennol.com\\\/wp-content\\\/uploads\\\/2018\\\/04\\\/KENNOL_LR_PSA-37.jpg\",\"datePublished\":\"2018-04-24T10:08:04+00:00\",\"dateModified\":\"2025-07-10T15:46:43+00:00\",\"description\":\"KENNOL PSA -37\u00b0C is a coolant especially formulated and developed for PSA (PEUGEOT, CITRO\u00cbN) light and commercial vehicles. Bittered inhibited Mono Ethylene Glycol based product with organic molecules according to PSA B71 5110 specifications. Ready to use for cooling cast iron and aluminum. It protects against overheating in summer and freezing in winter.\",\"breadcrumb\":{\"@id\":\"https:\\\/\\\/kennol.com\\\/es\\\/productos\\\/refrigerante-psa-37\\\/#breadcrumb\"},\"inLanguage\":\"es\",\"potentialAction\":[{\"@type\":\"ReadAction\",\"target\":[\"https:\\\/\\\/kennol.com\\\/es\\\/productos\\\/refrigerante-psa-37\\\/\"]}]},{\"@type\":\"ImageObject\",\"inLanguage\":\"es\",\"@id\":\"https:\\\/\\\/kennol.com\\\/es\\\/productos\\\/refrigerante-psa-37\\\/#primaryimage\",\"url\":\"https:\\\/\\\/kennol.com\\\/wp-content\\\/uploads\\\/2018\\\/04\\\/KENNOL_LR_PSA-37.jpg\",\"contentUrl\":\"https:\\\/\\\/kennol.com\\\/wp-content\\\/uploads\\\/2018\\\/04\\\/KENNOL_LR_PSA-37.jpg\",\"width\":1100,\"height\":1100,\"caption\":\"KENNOL BIO COOLANTS PSA -37\u00b0C.\"},{\"@type\":\"BreadcrumbList\",\"@id\":\"https:\\\/\\\/kennol.com\\\/es\\\/productos\\\/refrigerante-psa-37\\\/#breadcrumb\",\"itemListElement\":[{\"@type\":\"ListItem\",\"position\":1,\"name\":\"PRODUCTOS\",\"item\":\"https:\\\/\\\/kennol.com\\\/es\\\/products-2\\\/\"},{\"@type\":\"ListItem\",\"position\":2,\"name\":\"REFRIGERANTE PSA-37\u00b0C\"}]},{\"@type\":\"WebSite\",\"@id\":\"https:\\\/\\\/kennol.com\\\/es\\\/#website\",\"url\":\"https:\\\/\\\/kennol.com\\\/es\\\/\",\"name\":\"KENNOL\",\"description\":\"Performance Oil\",\"publisher\":{\"@id\":\"https:\\\/\\\/kennol.com\\\/es\\\/#organization\"},\"potentialAction\":[{\"@type\":\"SearchAction\",\"target\":{\"@type\":\"EntryPoint\",\"urlTemplate\":\"https:\\\/\\\/kennol.com\\\/es\\\/?s={search_term_string}\"},\"query-input\":{\"@type\":\"PropertyValueSpecification\",\"valueRequired\":true,\"valueName\":\"search_term_string\"}}],\"inLanguage\":\"es\"},{\"@type\":\"Organization\",\"@id\":\"https:\\\/\\\/kennol.com\\\/es\\\/#organization\",\"name\":\"PPO\",\"url\":\"https:\\\/\\\/kennol.com\\\/es\\\/\",\"logo\":{\"@type\":\"ImageObject\",\"inLanguage\":\"es\",\"@id\":\"https:\\\/\\\/kennol.com\\\/es\\\/#\\\/schema\\\/logo\\\/image\\\/\",\"url\":\"https:\\\/\\\/kennol.com\\\/wp-content\\\/uploads\\\/2018\\\/01\\\/KENNOL_logo_header.png\",\"contentUrl\":\"https:\\\/\\\/kennol.com\\\/wp-content\\\/uploads\\\/2018\\\/01\\\/KENNOL_logo_header.png\",\"width\":400,\"height\":140,\"caption\":\"PPO\"},\"image\":{\"@id\":\"https:\\\/\\\/kennol.com\\\/es\\\/#\\\/schema\\\/logo\\\/image\\\/\"}}]}<\/script>\n<!-- \/ Yoast SEO plugin. -->","yoast_head_json":{"title":"REFRIGERANTE PSA-37\u00b0C | KENNOL - Performance Fluid","description":"KENNOL PSA -37\u00b0C is a coolant especially formulated and developed for PSA (PEUGEOT, CITRO\u00cbN) light and commercial vehicles. Bittered inhibited Mono Ethylene Glycol based product with organic molecules according to PSA B71 5110 specifications. Ready to use for cooling cast iron and aluminum. It protects against overheating in summer and freezing in winter.","robots":{"index":"index","follow":"follow","max-snippet":"max-snippet:-1","max-image-preview":"max-image-preview:large","max-video-preview":"max-video-preview:-1"},"canonical":"https:\/\/kennol.com\/es\/productos\/refrigerante-psa-37\/","og_locale":"es_ES","og_type":"article","og_title":"REFRIGERANTE PSA-37\u00b0C | KENNOL - Performance Fluid","og_description":"KENNOL PSA -37\u00b0C is a coolant especially formulated and developed for PSA (PEUGEOT, CITRO\u00cbN) light and commercial vehicles. Bittered inhibited Mono Ethylene Glycol based product with organic molecules according to PSA B71 5110 specifications. Ready to use for cooling cast iron and aluminum. It protects against overheating in summer and freezing in winter.","og_url":"https:\/\/kennol.com\/es\/productos\/refrigerante-psa-37\/","og_site_name":"KENNOL","article_modified_time":"2025-07-10T15:46:43+00:00","og_image":[{"width":1100,"height":1100,"url":"https:\/\/kennol.com\/wp-content\/uploads\/2018\/04\/KENNOL_LR_PSA-37.jpg","type":"image\/jpeg"}],"twitter_card":"summary_large_image","twitter_misc":{"Tiempo de lectura":"1 minuto"},"schema":{"@context":"https:\/\/schema.org","@graph":[{"@type":"WebPage","@id":"https:\/\/kennol.com\/es\/productos\/refrigerante-psa-37\/","url":"https:\/\/kennol.com\/es\/productos\/refrigerante-psa-37\/","name":"REFRIGERANTE PSA-37\u00b0C | KENNOL - Performance Fluid","isPartOf":{"@id":"https:\/\/kennol.com\/es\/#website"},"primaryImageOfPage":{"@id":"https:\/\/kennol.com\/es\/productos\/refrigerante-psa-37\/#primaryimage"},"image":{"@id":"https:\/\/kennol.com\/es\/productos\/refrigerante-psa-37\/#primaryimage"},"thumbnailUrl":"https:\/\/kennol.com\/wp-content\/uploads\/2018\/04\/KENNOL_LR_PSA-37.jpg","datePublished":"2018-04-24T10:08:04+00:00","dateModified":"2025-07-10T15:46:43+00:00","description":"KENNOL PSA -37\u00b0C is a coolant especially formulated and developed for PSA (PEUGEOT, CITRO\u00cbN) light and commercial vehicles. Bittered inhibited Mono Ethylene Glycol based product with organic molecules according to PSA B71 5110 specifications. Ready to use for cooling cast iron and aluminum. It protects against overheating in summer and freezing in winter.","breadcrumb":{"@id":"https:\/\/kennol.com\/es\/productos\/refrigerante-psa-37\/#breadcrumb"},"inLanguage":"es","potentialAction":[{"@type":"ReadAction","target":["https:\/\/kennol.com\/es\/productos\/refrigerante-psa-37\/"]}]},{"@type":"ImageObject","inLanguage":"es","@id":"https:\/\/kennol.com\/es\/productos\/refrigerante-psa-37\/#primaryimage","url":"https:\/\/kennol.com\/wp-content\/uploads\/2018\/04\/KENNOL_LR_PSA-37.jpg","contentUrl":"https:\/\/kennol.com\/wp-content\/uploads\/2018\/04\/KENNOL_LR_PSA-37.jpg","width":1100,"height":1100,"caption":"KENNOL BIO COOLANTS PSA -37\u00b0C."},{"@type":"BreadcrumbList","@id":"https:\/\/kennol.com\/es\/productos\/refrigerante-psa-37\/#breadcrumb","itemListElement":[{"@type":"ListItem","position":1,"name":"PRODUCTOS","item":"https:\/\/kennol.com\/es\/products-2\/"},{"@type":"ListItem","position":2,"name":"REFRIGERANTE PSA-37\u00b0C"}]},{"@type":"WebSite","@id":"https:\/\/kennol.com\/es\/#website","url":"https:\/\/kennol.com\/es\/","name":"KENNOL","description":"Performance Oil","publisher":{"@id":"https:\/\/kennol.com\/es\/#organization"},"potentialAction":[{"@type":"SearchAction","target":{"@type":"EntryPoint","urlTemplate":"https:\/\/kennol.com\/es\/?s={search_term_string}"},"query-input":{"@type":"PropertyValueSpecification","valueRequired":true,"valueName":"search_term_string"}}],"inLanguage":"es"},{"@type":"Organization","@id":"https:\/\/kennol.com\/es\/#organization","name":"PPO","url":"https:\/\/kennol.com\/es\/","logo":{"@type":"ImageObject","inLanguage":"es","@id":"https:\/\/kennol.com\/es\/#\/schema\/logo\/image\/","url":"https:\/\/kennol.com\/wp-content\/uploads\/2018\/01\/KENNOL_logo_header.png","contentUrl":"https:\/\/kennol.com\/wp-content\/uploads\/2018\/01\/KENNOL_logo_header.png","width":400,"height":140,"caption":"PPO"},"image":{"@id":"https:\/\/kennol.com\/es\/#\/schema\/logo\/image\/"}}]}},"_links":{"self":[{"href":"https:\/\/kennol.com\/es\/wp-json\/wp\/v2\/product\/38529","targetHints":{"allow":["GET"]}}],"collection":[{"href":"https:\/\/kennol.com\/es\/wp-json\/wp\/v2\/product"}],"about":[{"href":"https:\/\/kennol.com\/es\/wp-json\/wp\/v2\/types\/product"}],"wp:featuredmedia":[{"embeddable":true,"href":"https:\/\/kennol.com\/es\/wp-json\/wp\/v2\/media\/38534"}],"wp:attachment":[{"href":"https:\/\/kennol.com\/es\/wp-json\/wp\/v2\/media?parent=38529"}],"wp:term":[{"taxonomy":"product_brand","embeddable":true,"href":"https:\/\/kennol.com\/es\/wp-json\/wp\/v2\/product_brand?post=38529"},{"taxonomy":"product_cat","embeddable":true,"href":"https:\/\/kennol.com\/es\/wp-json\/wp\/v2\/product_cat?post=38529"},{"taxonomy":"product_tag","embeddable":true,"href":"https:\/\/kennol.com\/es\/wp-json\/wp\/v2\/product_tag?post=38529"}],"curies":[{"name":"wp","href":"https:\/\/api.w.org\/{rel}","templated":true}]}}