{"id":38512,"date":"2018-05-02T12:42:16","date_gmt":"2018-05-02T10:42:16","guid":{"rendered":"https:\/\/kennol.com\/produits\/refrigerantes-universal-25c\/"},"modified":"2025-07-11T14:25:59","modified_gmt":"2025-07-11T12:25:59","slug":"refrigerante-universal-25","status":"publish","type":"product","link":"https:\/\/kennol.com\/es\/productos\/refrigerante-universal-25\/","title":{"rendered":"REFRIGERANTE UNIVERSAL -25\u00b0C"},"content":{"rendered":"<div class=\"wpb-content-wrapper\"><p>[vc_row row_content_width=\u00bbgrid\u00bb][vc_column][vc_video link=\u00bbhttps:\/\/www.youtube.com\/watch?v=LhJj5B7cphM\u00bb align=\u00bbcenter\u00bb][vc_empty_space height=\u00bb10px\u00bb][vc_column_text]<span style=\"color: #ffffff;\">Producto esmerilado a base de monoetilenglicol inhibido con mol\u00e9culas org\u00e1nicas. Listo para usar, para los circuitos de unidad de refrigeraci\u00f3n en hierro colado y en aluminio. Protege contra el calentamiento en verano y el hielo en invierno. Asegura una mejor protecci\u00f3n contra la corrosi\u00f3n que los productos cl\u00e1sicos. Compatible con otros refrigerantes.<\/span>[\/vc_column_text][vc_empty_space height=\u00bb10px\u00bb][vc_column_text]<span style=\"color: #999999;\"><em>CARACTER\u00cdSTICAS Y BENEFICIOS<\/em><\/span>[\/vc_column_text]<div class=\"eltd-separator-holder clearfix  eltd-separator-center \">\n\t<div class=\"eltd-separator\" style=\"border-color: #999999;border-style: solid;width: 100%;border-bottom-width: 1px\"><\/div>\n<\/div>\n[vc_column_text]<\/p>\n<p><span style=\"color: #999999;\">High performance bases and additives.<\/span><br \/>\n<span style=\"color: #ee3124;\">\u2192<\/span> <span style=\"color: #ffffff;\">It insures an optimal long-term protection against over heating and freezing, against corrosion.<\/span><\/p>\n<p><span style=\"color: #999999;\">Organic technology.<\/span><br \/>\n<span style=\"color: #ffffff;\"><span style=\"color: #ee3124;\">\u2192\u00a0<\/span>Offers better performances: stability, resistance to temperature and ageing, anticorrosive power.<\/span><\/p>\n<p><span style=\"color: #999999;\">Compatible with all other coolants.<\/span><br \/>\n<span style=\"color: #ffffff;\"><span style=\"color: #ee3124;\">\u2192\u00a0<\/span>Can be used in addition or as a complete renewal of the circuit for a better efficiency.<\/span><\/p>\n<p><span style=\"color: #999999;\">Ready to use.<\/span><\/p>\n<p>[\/vc_column_text][\/vc_column][\/vc_row][vc_column][\/vc_column][vc_column][\/vc_column]<\/p>\n<\/div>","protected":false},"excerpt":{"rendered":"<h3><span style=\"color: #808080;\">REFRIGERANTE DEL FABRICANTE<\/span><\/h3>\n<p>&nbsp;<br \/>\n<span style=\"color: #666666;\"><em>ESPECIFICACIONES<\/em><\/span><\/p>\n<hr color=\"#666666\" line-height=\"1px\"\/>\n<span style=\"color: #ffffff;\"><strong>AFNOR <\/strong>R 15\/601<br \/>\n<strong>SAE <\/strong>J 1034<br \/>\n<strong>ASTM <\/strong>D 3306 and 4985<br \/>\n<strong>BS <\/strong>6580<br \/>\n<strong>CHRYSLER <\/strong>MS 9176<br \/>\n<strong>CUMMINS <\/strong>85T8-2 \/ 90T8-4<br \/>\n<strong>DEUTZ\/MWN<\/strong> 0199-2091 2 Auflage<br \/>\n<strong>FORD <\/strong>ESD M97 B49-A \/ WSS-M97B44-C<br \/>\n<strong>JOHN DEERE<\/strong> H24 B1 and C1<br \/>\n<strong>MACK <\/strong>014GS17004<br \/>\n<strong>MAN <\/strong>248\/324 \/ D 36 5600<br \/>\n<strong>MERCEDES-BENZ <\/strong>MB 325.3<br \/>\n<strong>NAVISTAR <\/strong>B-1 TYPE III<br \/>\n<strong>PEGASO<\/strong><br \/>\n<strong>GENERAL MOTORS <\/strong>GM US 6277 M\/1899M<br \/>\nQL 130100\/LTS 22 AF 10<br \/>\n<strong>RENAULT <\/strong>RN 41-01-001<br \/>\n<strong>PORSCHE\/VW\/AUDI\/SEAT\/SKODA<\/strong> TL 774 D<br \/>\n<strong>W\u00c4RTSILI\u00c4 <\/strong>32-9011<br \/>\n<\/span>&nbsp;<br \/>\n<span style=\"color: #666666;\"><em>EMBALAJES DISPONIBLES<\/em><\/span><\/p>\n<hr color=\"#666666\" line-height=\"1px\"\/>\n<style>.col4 {-webkit-column-count: 4; -moz-column-count: 4; column-count: 4;}<\/style>\n<div class=\"col4\">\n<div class=\"leftcontainer\"><img decoding=\"async\" src=\"\/wp-content\/uploads\/KENNOL_CONDITIONNEMENT_2L.png\" onmouseover=\"this.src=&#039;\/wp-content\/uploads\/KENNOL_CONDITIONNEMENT_2L_FL_VISUEL.png&#039;\" onmouseout=\"this.src=&#039;\/wp-content\/uploads\/KENNOL_CONDITIONNEMENT_2L.png&#039;\"\/><\/p>\n<p>178712<\/p>\n<\/div>\n<div class=\"leftcontainer\"><img decoding=\"async\" src=\"\/wp-content\/uploads\/KENNOL_CONDITIONNEMENT_5L.png\" onmouseover=\"this.src=&#039;\/wp-content\/uploads\/KENNOL_CONDITIONNEMENT_5L_FL_VISUEL.png&#039;\" onmouseout=\"this.src=&#039;\/wp-content\/uploads\/KENNOL_CONDITIONNEMENT_5L.png&#039;\"\/><\/p>\n<p>178713<\/p>\n<\/div>\n<div class=\"leftcontainer\"><img decoding=\"async\" src=\"\/wp-content\/uploads\/KENNOL_CONDITIONNEMENT_20L_ECOBOX-1.png\" onmouseover=\"this.src='\/wp-content\/uploads\/KENNOL_CONDITIONNEMENT_ECOBOX_LR_20L_VISUEL.png'\" onmouseout=\"this.src='\/wp-content\/uploads\/KENNOL_CONDITIONNEMENT_20L_ECOBOX-1.png'\"\/><\/p>\n<p>178717B<\/p>\n<\/div>\n<div class=\"leftcontainer\"><img decoding=\"async\" src=\"\/wp-content\/uploads\/KENNOL_CONDITIONNEMENT_210L.png\" onmouseover=\"this.src=&#039;\/wp-content\/uploads\/KENNOL_CONDITIONNEMENT_210L_VISUEL.png&#039;\" onmouseout=\"this.src=&#039;\/wp-content\/uploads\/KENNOL_CONDITIONNEMENT_210L.png&#039;\"\/><\/p>\n<p>178719<\/p>\n<\/div>\n<\/div>\n<p>&nbsp;<br \/>\n<em><span style=\"color: #666666;\">DESCARGAR<\/span><\/em><\/p>\n<hr color=\"#666666\" line-height=\"1px\"\/>\n<p><a href=\"\/EN\/FT\/KENNOL_LR_UNIVERSAL-25_EN.pdf\" target=\"_blank\" rel=\"noopener noreferrer\"><img decoding=\"async\" src=\"\/wp-content\/uploads\/2018\/03\/pdf.png\" alt=\"\" \/><\/a>  <a style=\"color: #ee3124;\" href=\"\/EN\/FT\/KENNOL_LR_UNIVERSAL-25_EN.pdf\" target=\"_blank\" rel=\"noopener noreferrer\"><b>Ficha de datos t\u00e9cnicos<\/b><\/a><br \/>\n<a href=\"\/EN\/FDS\/KENNOL_LR_UNIVERSAL-25_EN.pdf\" target=\"_blank\" rel=\"noopener noreferrer\"><img decoding=\"async\" src=\"\/wp-content\/uploads\/2018\/03\/pdf.png\" alt=\"\" \/><\/a>  <a style=\"color: #ee3124;\" href=\"\/EN\/FDS\/KENNOL_LR_UNIVERSAL-25_EN.pdf\" target=\"_blank\" rel=\"noopener noreferrer\"><b>Ficha de datos de seguridad<\/b><\/a><br \/>\n&nbsp;<br \/>\n<a href=\"\/es\/la-marca\/etiquetas\/\"><img decoding=\"async\" src=\"\/wp-content\/uploads\/KENNOL_LOGO_MadeInFrance.png\" width=\"250\"><\/a><br \/>\n<a href=\"\/es\/la-marca\/etiquetas\/\"><img decoding=\"async\" src=\"\/wp-content\/uploads\/KENNOL_LABEL_BiodegradableEN.png\"\/><\/a><a href=\"\/es\/la-marca\/etiquetas\/\"><img decoding=\"async\" src=\"\/wp-content\/uploads\/KENNOL_LABEL_FlexPutEN.png\"\/><\/a><a href=\"\/es\/la-marca\/etiquetas\/\"><img decoding=\"async\" src=\"\/wp-content\/uploads\/KENNOL_LABEL_AllSeasons.png\"\/><\/a><a href=\"\/es\/la-marca\/etiquetas\/\"><img decoding=\"async\" src=\"\/wp-content\/uploads\/KENNOL_LABEL_LongLife.png\"\/><\/a><\/p>\n","protected":false},"featured_media":57864,"template":"","meta":{"_monsterinsights_skip_tracking":false,"_monsterinsights_sitenote_active":false,"_monsterinsights_sitenote_note":"","_monsterinsights_sitenote_category":0},"product_brand":[],"product_cat":[2526,2527],"product_tag":[2529,2528],"class_list":{"0":"post-38512","1":"product","2":"type-product","3":"status-publish","4":"has-post-thumbnail","6":"product_cat-liquidos","7":"product_cat-refrigerantes","8":"product_tag-constructor","9":"product_tag-refrigerantes","11":"first","12":"instock","13":"shipping-taxable","14":"product-type-simple"},"yoast_head":"<!-- This site is optimized with the Yoast SEO plugin v27.4 - https:\/\/yoast.com\/product\/yoast-seo-wordpress\/ -->\n<title>REFRIGERANTE UNIVERSAL -25\u00b0C - KENNOL<\/title>\n<meta name=\"description\" content=\"Bittered inhibited Mono Ethylene Glycol based coolant with organic molecules. Ready to use for cooling cast iron and aluminum. It protects against overheating in summer and freezing in winter.\" \/>\n<meta name=\"robots\" content=\"index, follow, max-snippet:-1, max-image-preview:large, max-video-preview:-1\" \/>\n<link rel=\"canonical\" href=\"https:\/\/kennol.com\/es\/productos\/refrigerante-universal-25\/\" \/>\n<meta property=\"og:locale\" content=\"es_ES\" \/>\n<meta property=\"og:type\" content=\"article\" \/>\n<meta property=\"og:title\" content=\"REFRIGERANTE UNIVERSAL -25\u00b0C - KENNOL\" \/>\n<meta property=\"og:description\" content=\"Bittered inhibited Mono Ethylene Glycol based coolant with organic molecules. Ready to use for cooling cast iron and aluminum. It protects against overheating in summer and freezing in winter.\" \/>\n<meta property=\"og:url\" content=\"https:\/\/kennol.com\/es\/productos\/refrigerante-universal-25\/\" \/>\n<meta property=\"og:site_name\" content=\"KENNOL\" \/>\n<meta property=\"article:modified_time\" content=\"2025-07-11T12:25:59+00:00\" \/>\n<meta name=\"twitter:card\" content=\"summary_large_image\" \/>\n<meta name=\"twitter:label1\" content=\"Tiempo de lectura\" \/>\n\t<meta name=\"twitter:data1\" content=\"1 minuto\" \/>\n<script type=\"application\/ld+json\" class=\"yoast-schema-graph\">{\"@context\":\"https:\\\/\\\/schema.org\",\"@graph\":[{\"@type\":\"WebPage\",\"@id\":\"https:\\\/\\\/kennol.com\\\/es\\\/productos\\\/refrigerante-universal-25\\\/\",\"url\":\"https:\\\/\\\/kennol.com\\\/es\\\/productos\\\/refrigerante-universal-25\\\/\",\"name\":\"REFRIGERANTE UNIVERSAL -25\u00b0C - KENNOL\",\"isPartOf\":{\"@id\":\"https:\\\/\\\/kennol.com\\\/es\\\/#website\"},\"primaryImageOfPage\":{\"@id\":\"https:\\\/\\\/kennol.com\\\/es\\\/productos\\\/refrigerante-universal-25\\\/#primaryimage\"},\"image\":{\"@id\":\"https:\\\/\\\/kennol.com\\\/es\\\/productos\\\/refrigerante-universal-25\\\/#primaryimage\"},\"thumbnailUrl\":\"https:\\\/\\\/kennol.com\\\/wp-content\\\/uploads\\\/KENNOL_LR_UNIVERSAL-25.jpg\",\"datePublished\":\"2018-05-02T10:42:16+00:00\",\"dateModified\":\"2025-07-11T12:25:59+00:00\",\"description\":\"Bittered inhibited Mono Ethylene Glycol based coolant with organic molecules. Ready to use for cooling cast iron and aluminum. It protects against overheating in summer and freezing in winter.\",\"breadcrumb\":{\"@id\":\"https:\\\/\\\/kennol.com\\\/es\\\/productos\\\/refrigerante-universal-25\\\/#breadcrumb\"},\"inLanguage\":\"es\",\"potentialAction\":[{\"@type\":\"ReadAction\",\"target\":[\"https:\\\/\\\/kennol.com\\\/es\\\/productos\\\/refrigerante-universal-25\\\/\"]}]},{\"@type\":\"ImageObject\",\"inLanguage\":\"es\",\"@id\":\"https:\\\/\\\/kennol.com\\\/es\\\/productos\\\/refrigerante-universal-25\\\/#primaryimage\",\"url\":\"https:\\\/\\\/kennol.com\\\/wp-content\\\/uploads\\\/KENNOL_LR_UNIVERSAL-25.jpg\",\"contentUrl\":\"https:\\\/\\\/kennol.com\\\/wp-content\\\/uploads\\\/KENNOL_LR_UNIVERSAL-25.jpg\",\"width\":1100,\"height\":1100,\"caption\":\"KENNOL BIO COOLANTS UNIVERSAL -25\u00b0C packshot.\"},{\"@type\":\"BreadcrumbList\",\"@id\":\"https:\\\/\\\/kennol.com\\\/es\\\/productos\\\/refrigerante-universal-25\\\/#breadcrumb\",\"itemListElement\":[{\"@type\":\"ListItem\",\"position\":1,\"name\":\"PRODUCTOS\",\"item\":\"https:\\\/\\\/kennol.com\\\/es\\\/products-2\\\/\"},{\"@type\":\"ListItem\",\"position\":2,\"name\":\"REFRIGERANTE UNIVERSAL -25\u00b0C\"}]},{\"@type\":\"WebSite\",\"@id\":\"https:\\\/\\\/kennol.com\\\/es\\\/#website\",\"url\":\"https:\\\/\\\/kennol.com\\\/es\\\/\",\"name\":\"KENNOL\",\"description\":\"Performance Oil\",\"publisher\":{\"@id\":\"https:\\\/\\\/kennol.com\\\/es\\\/#organization\"},\"potentialAction\":[{\"@type\":\"SearchAction\",\"target\":{\"@type\":\"EntryPoint\",\"urlTemplate\":\"https:\\\/\\\/kennol.com\\\/es\\\/?s={search_term_string}\"},\"query-input\":{\"@type\":\"PropertyValueSpecification\",\"valueRequired\":true,\"valueName\":\"search_term_string\"}}],\"inLanguage\":\"es\"},{\"@type\":\"Organization\",\"@id\":\"https:\\\/\\\/kennol.com\\\/es\\\/#organization\",\"name\":\"PPO\",\"url\":\"https:\\\/\\\/kennol.com\\\/es\\\/\",\"logo\":{\"@type\":\"ImageObject\",\"inLanguage\":\"es\",\"@id\":\"https:\\\/\\\/kennol.com\\\/es\\\/#\\\/schema\\\/logo\\\/image\\\/\",\"url\":\"https:\\\/\\\/kennol.com\\\/wp-content\\\/uploads\\\/2018\\\/01\\\/KENNOL_logo_header.png\",\"contentUrl\":\"https:\\\/\\\/kennol.com\\\/wp-content\\\/uploads\\\/2018\\\/01\\\/KENNOL_logo_header.png\",\"width\":400,\"height\":140,\"caption\":\"PPO\"},\"image\":{\"@id\":\"https:\\\/\\\/kennol.com\\\/es\\\/#\\\/schema\\\/logo\\\/image\\\/\"}}]}<\/script>\n<!-- \/ Yoast SEO plugin. -->","yoast_head_json":{"title":"REFRIGERANTE UNIVERSAL -25\u00b0C - KENNOL","description":"Bittered inhibited Mono Ethylene Glycol based coolant with organic molecules. Ready to use for cooling cast iron and aluminum. It protects against overheating in summer and freezing in winter.","robots":{"index":"index","follow":"follow","max-snippet":"max-snippet:-1","max-image-preview":"max-image-preview:large","max-video-preview":"max-video-preview:-1"},"canonical":"https:\/\/kennol.com\/es\/productos\/refrigerante-universal-25\/","og_locale":"es_ES","og_type":"article","og_title":"REFRIGERANTE UNIVERSAL -25\u00b0C - KENNOL","og_description":"Bittered inhibited Mono Ethylene Glycol based coolant with organic molecules. Ready to use for cooling cast iron and aluminum. It protects against overheating in summer and freezing in winter.","og_url":"https:\/\/kennol.com\/es\/productos\/refrigerante-universal-25\/","og_site_name":"KENNOL","article_modified_time":"2025-07-11T12:25:59+00:00","twitter_card":"summary_large_image","twitter_misc":{"Tiempo de lectura":"1 minuto"},"schema":{"@context":"https:\/\/schema.org","@graph":[{"@type":"WebPage","@id":"https:\/\/kennol.com\/es\/productos\/refrigerante-universal-25\/","url":"https:\/\/kennol.com\/es\/productos\/refrigerante-universal-25\/","name":"REFRIGERANTE UNIVERSAL -25\u00b0C - KENNOL","isPartOf":{"@id":"https:\/\/kennol.com\/es\/#website"},"primaryImageOfPage":{"@id":"https:\/\/kennol.com\/es\/productos\/refrigerante-universal-25\/#primaryimage"},"image":{"@id":"https:\/\/kennol.com\/es\/productos\/refrigerante-universal-25\/#primaryimage"},"thumbnailUrl":"https:\/\/kennol.com\/wp-content\/uploads\/KENNOL_LR_UNIVERSAL-25.jpg","datePublished":"2018-05-02T10:42:16+00:00","dateModified":"2025-07-11T12:25:59+00:00","description":"Bittered inhibited Mono Ethylene Glycol based coolant with organic molecules. Ready to use for cooling cast iron and aluminum. It protects against overheating in summer and freezing in winter.","breadcrumb":{"@id":"https:\/\/kennol.com\/es\/productos\/refrigerante-universal-25\/#breadcrumb"},"inLanguage":"es","potentialAction":[{"@type":"ReadAction","target":["https:\/\/kennol.com\/es\/productos\/refrigerante-universal-25\/"]}]},{"@type":"ImageObject","inLanguage":"es","@id":"https:\/\/kennol.com\/es\/productos\/refrigerante-universal-25\/#primaryimage","url":"https:\/\/kennol.com\/wp-content\/uploads\/KENNOL_LR_UNIVERSAL-25.jpg","contentUrl":"https:\/\/kennol.com\/wp-content\/uploads\/KENNOL_LR_UNIVERSAL-25.jpg","width":1100,"height":1100,"caption":"KENNOL BIO COOLANTS UNIVERSAL -25\u00b0C packshot."},{"@type":"BreadcrumbList","@id":"https:\/\/kennol.com\/es\/productos\/refrigerante-universal-25\/#breadcrumb","itemListElement":[{"@type":"ListItem","position":1,"name":"PRODUCTOS","item":"https:\/\/kennol.com\/es\/products-2\/"},{"@type":"ListItem","position":2,"name":"REFRIGERANTE UNIVERSAL -25\u00b0C"}]},{"@type":"WebSite","@id":"https:\/\/kennol.com\/es\/#website","url":"https:\/\/kennol.com\/es\/","name":"KENNOL","description":"Performance Oil","publisher":{"@id":"https:\/\/kennol.com\/es\/#organization"},"potentialAction":[{"@type":"SearchAction","target":{"@type":"EntryPoint","urlTemplate":"https:\/\/kennol.com\/es\/?s={search_term_string}"},"query-input":{"@type":"PropertyValueSpecification","valueRequired":true,"valueName":"search_term_string"}}],"inLanguage":"es"},{"@type":"Organization","@id":"https:\/\/kennol.com\/es\/#organization","name":"PPO","url":"https:\/\/kennol.com\/es\/","logo":{"@type":"ImageObject","inLanguage":"es","@id":"https:\/\/kennol.com\/es\/#\/schema\/logo\/image\/","url":"https:\/\/kennol.com\/wp-content\/uploads\/2018\/01\/KENNOL_logo_header.png","contentUrl":"https:\/\/kennol.com\/wp-content\/uploads\/2018\/01\/KENNOL_logo_header.png","width":400,"height":140,"caption":"PPO"},"image":{"@id":"https:\/\/kennol.com\/es\/#\/schema\/logo\/image\/"}}]}},"_links":{"self":[{"href":"https:\/\/kennol.com\/es\/wp-json\/wp\/v2\/product\/38512","targetHints":{"allow":["GET"]}}],"collection":[{"href":"https:\/\/kennol.com\/es\/wp-json\/wp\/v2\/product"}],"about":[{"href":"https:\/\/kennol.com\/es\/wp-json\/wp\/v2\/types\/product"}],"wp:featuredmedia":[{"embeddable":true,"href":"https:\/\/kennol.com\/es\/wp-json\/wp\/v2\/media\/57864"}],"wp:attachment":[{"href":"https:\/\/kennol.com\/es\/wp-json\/wp\/v2\/media?parent=38512"}],"wp:term":[{"taxonomy":"product_brand","embeddable":true,"href":"https:\/\/kennol.com\/es\/wp-json\/wp\/v2\/product_brand?post=38512"},{"taxonomy":"product_cat","embeddable":true,"href":"https:\/\/kennol.com\/es\/wp-json\/wp\/v2\/product_cat?post=38512"},{"taxonomy":"product_tag","embeddable":true,"href":"https:\/\/kennol.com\/es\/wp-json\/wp\/v2\/product_tag?post=38512"}],"curies":[{"name":"wp","href":"https:\/\/api.w.org\/{rel}","templated":true}]}}