{"id":38481,"date":"2018-04-17T14:42:03","date_gmt":"2018-04-17T14:42:03","guid":{"rendered":"https:\/\/kennol.com\/produits\/boost-948-b-5w20\/"},"modified":"2025-06-27T12:18:22","modified_gmt":"2025-06-27T10:18:22","slug":"boost-5w-20-948-b","status":"publish","type":"product","link":"https:\/\/kennol.com\/es\/productos\/boost-5w-20-948-b\/","title":{"rendered":"BOOST 5W-20 948-B"},"content":{"rendered":"<div class=\"wpb-content-wrapper\"><p>[vc_column][\/vc_column][vc_column][\/vc_column][vc_row row_content_width=\u00bbgrid\u00bb][vc_column][vc_empty_space height=\u00bb10px\u00bb][vc_column_text]<span style=\"color: #ffffff;\">Lubricante 100% sint\u00e9tico especialmente dise\u00f1ado para la lubricaci\u00f3n de motores a gasolina FORD ECOBOOST Euro 5. Su f\u00f3rmula favorece el ahorro de carburante. Puede utilizarse como sustituci\u00f3n del producto 5W-20 FORD M2C 925-B.<br \/>\n<\/span>[\/vc_column_text][vc_empty_space height=\u00bb10px\u00bb][vc_column_text]<span style=\"color: #999999;\"><em>CARACTER\u00cdSTICAS Y BENEFICIOS<\/em><\/span>[\/vc_column_text]<div class=\"eltd-separator-holder clearfix  eltd-separator-center \">\n\t<div class=\"eltd-separator\" style=\"border-color: #999999;border-style: solid;width: 100%;border-bottom-width: 1px\"><\/div>\n<\/div>\n[vc_column_text]<\/p>\n<p><span style=\"color: #999999;\">Lubricating properties and optimal thermal stability.<\/span><br \/>\n<span style=\"color: #ee3124;\">\u2192 <\/span><span style=\"color: #ffffff;\">Complete safety in service during long drivingand perfect anti-wear action for the engine.<\/span><\/p>\n<p><span style=\"color: #999999;\">Multigrade 5W-20.<\/span><br \/>\n<span style=\"color: #ee3124;\">\u2192 <\/span><span style=\"color: #ffffff;\">Important fuel consumption reduction. Instant lubrication at start-up preventing wear for \u201cthe first rounds\u201d.<\/span><\/p>\n<p><script src=\"https:\/\/apps.elfsight.com\/p\/platform.js\" defer><\/script><\/p>\n<div class=\"elfsight-app-b71f608f-fc48-462d-8878-ac57e992a042\"><\/div>\n<p>[\/vc_column_text][\/vc_column][\/vc_row]<\/p>\n<\/div>","protected":false},"excerpt":{"rendered":"<h3><span style=\"color: #808080;\">ACEITE DE MOTOR<br \/>\n100% SINT\u00c9TICO<\/span><\/h3>\n<p>&nbsp;<br \/>\n<span style=\"color: #666666;\"><em>ESPECIFICACIONES<\/em><\/span><\/p>\n<hr color=\"#666666\" line-height=\"1px\"\/>\n<span style=\"color: #ffffff;\"><strong>SAE<\/strong> 5W-20<br \/>\n<strong>ACEA<\/strong> A1\/B1\/C5<br \/>\n<strong>API<\/strong> SN\/CF<br \/>\n<strong>FORD<\/strong> WSS-M2C-948-B<br \/>\n<strong>ILSAC<\/strong> GF-5<br \/>\n&nbsp;<br \/>\n<img decoding=\"async\" src=\"\/wp-content\/uploads\/KENNOL_Fuel_Economy_3.4.png\"><br \/>\n<\/span><br \/>\n<span style=\"color: #666666;\"><em>EMBALAJES DISPONIBLES<\/em><\/span><\/p>\n<hr color=\"#666666\" line-height=\"1px\"\/>\n<style>.col3 {-webkit-column-count: 3; -moz-column-count: 3; column-count: 3;}<\/style>\n<div class=\"col3\">\n<div class=\"leftcontainer\"><img decoding=\"async\" src=\"\/wp-content\/uploads\/KENNOL_CONDITIONNEMENT_1L.png\" onmouseover=\"this.src=&#039;\/wp-content\/uploads\/KENNOL_CONDITIONNEMENT_1L_VISUEL.png&#039;\" onmouseout=\"this.src=&#039;\/wp-content\/uploads\/KENNOL_CONDITIONNEMENT_1L.png&#039;\"\/><\/p>\n<p>193661<\/p>\n<\/div>\n<div class=\"leftcontainer\"><img decoding=\"async\" src=\"\/wp-content\/uploads\/KENNOL_CONDITIONNEMENT_5L.png\" onmouseover=\"this.src=&#039;\/wp-content\/uploads\/KENNOL_CONDITIONNEMENT_5L_VISUEL.png&#039;\" onmouseout=\"this.src=&#039;\/wp-content\/uploads\/KENNOL_CONDITIONNEMENT_5L.png&#039;\"\/><\/p>\n<p>193663<\/p>\n<\/div>\n<div class=\"leftcontainer\"><img decoding=\"async\" src=\"\/wp-content\/uploads\/KENNOL_CONDITIONNEMENT_20L_ECOBOX-1.png\" onmouseover=\"this.src=&#039;\/wp-content\/uploads\/KENNOL_CONDITIONNEMENT_20L_ECOBOX_VISUEL.png&#039;\" onmouseout=\"this.src=&#039;\/wp-content\/uploads\/KENNOL_CONDITIONNEMENT_20L_ECOBOX-1.png&#039;\"\/><\/p>\n<p>193667B<\/p>\n<\/div>\n<\/div>\n<div class=\"col3\">\n<div class=\"leftcontainer\"><img decoding=\"async\" src=\"\/wp-content\/uploads\/KENNOL_CONDITIONNEMENT_20L.png\" onmouseover=\"this.src=&#039;\/wp-content\/uploads\/KENNOL_CONDITIONNEMENT_20L_VISUEL.png&#039;\" onmouseout=\"this.src=&#039;\/wp-content\/uploads\/KENNOL_CONDITIONNEMENT_20L.png&#039;\"\/><\/p>\n<p>193667<\/p>\n<\/div>\n<div class=\"leftcontainer\"><img decoding=\"async\" src=\"\/wp-content\/uploads\/KENNOL_CONDITIONNEMENT_60L.png\" onmouseover=\"this.src=&#039;\/wp-content\/uploads\/KENNOL_CONDITIONNEMENT_60L_VISUEL.png&#039;\" onmouseout=\"this.src=&#039;\/wp-content\/uploads\/KENNOL_CONDITIONNEMENT_60L.png&#039;\"\/><\/p>\n<p>193666<\/p>\n<\/div>\n<div class=\"leftcontainer\"><img decoding=\"async\" src=\"\/wp-content\/uploads\/KENNOL_CONDITIONNEMENT_220L.png\" onmouseover=\"this.src=&#039;\/wp-content\/uploads\/KENNOL_CONDITIONNEMENT_220L_VISUEL.png&#039;\" onmouseout=\"this.src=&#039;\/wp-content\/uploads\/KENNOL_CONDITIONNEMENT_220L.png&#039;\"\/><\/p>\n<p>193669<\/p>\n<\/div>\n<\/div>\n<p>&nbsp;<\/p>\n<p><em><span style=\"color: #666666;\">DESCARGAR<\/span><\/em><\/p>\n<hr color=\"#666666\" line-height=\"1px\"\/>\n<p><a href=\"\/EN\/FT\/KENNOL_BOOST_5W-20_948-B_EN.pdf\" target=\"_blank\" rel=\"noopener noreferrer\"><img decoding=\"async\" src=\"\/wp-content\/uploads\/2018\/03\/pdf.png\" alt=\"\" \/>\u00a0 <\/a><span style=\"color: #ee3124;\"><a style=\"color: #ee3124;\" href=\"\/EN\/FT\/KENNOL_BOOST_5W-20_948-B_EN.pdf\" target=\"_blank\" rel=\"noopener noreferrer\"><strong>Ficha de datos t\u00e9cnicos<\/strong><\/a><\/span><\/p>\n<p style=\"text-align: left;\"><a href=\"\/EN\/FDS\/KENNOL_BOOST_5W-20_948-B_EN.pdf\" target=\"_blank\" rel=\"noopener noreferrer\"><img decoding=\"async\" src=\"\/wp-content\/uploads\/2018\/03\/pdf.png\" alt=\"\" \/>\u00a0\u00a0<\/a><span style=\"color: #ee3124;\"><a style=\"color: #ee3124;\" href=\"\/EN\/FDS\/KENNOL_BOOST_5W-20_948-B_EN.pdf\" target=\"_blank\" rel=\"noopener noreferrer\"><strong>Ficha de datos de seguridad<\/strong><\/a><\/span><\/p>\n<p>&nbsp;<br \/>\n<a href=\"\/es\/la-marca\/etiquetas\/\"><img decoding=\"async\" src=\"\/wp-content\/uploads\/KENNOL_LOGO_MadeInFrance.png\" width=\"250\"><\/a><\/p>\n","protected":false},"featured_media":38482,"template":"","meta":{"_monsterinsights_skip_tracking":false,"_monsterinsights_sitenote_active":false,"_monsterinsights_sitenote_note":"","_monsterinsights_sitenote_category":0},"product_brand":[],"product_cat":[2103,2102],"product_tag":[2746,2105,2106],"class_list":{"0":"post-38481","1":"product","2":"type-product","3":"status-publish","4":"has-post-thumbnail","6":"product_cat-aceite-de-motor","7":"product_cat-coches","8":"product_tag-100-sintetico-es-2","9":"product_tag-aceite-de-motor","10":"product_tag-coches","12":"first","13":"instock","14":"shipping-taxable","15":"product-type-simple"},"yoast_head":"<!-- This site is optimized with the Yoast SEO plugin v27.4 - https:\/\/yoast.com\/product\/yoast-seo-wordpress\/ -->\n<title>BOOST 5W-20 948-B | KENNOL - Performance Oil<\/title>\n<meta name=\"description\" content=\"KENNOL BOOST 948-B 5W20 is a 100% synthetic oil especially formulated for the lubrication of petrol FORD 1.0L EcoBoost 3-cylinders next generation engines.KENNOL BOOST 948-B 5W20 is a high quality lubricant perfectly adapted for petrol FORD 1.0L EcoBoost 3-cylinders engines meeting the Ford 948-B specification.\" \/>\n<meta name=\"robots\" content=\"index, follow, max-snippet:-1, max-image-preview:large, max-video-preview:-1\" \/>\n<link rel=\"canonical\" href=\"https:\/\/kennol.com\/es\/productos\/boost-5w-20-948-b\/\" \/>\n<meta property=\"og:locale\" content=\"es_ES\" \/>\n<meta property=\"og:type\" content=\"article\" \/>\n<meta property=\"og:title\" content=\"BOOST 5W-20 948-B | KENNOL - Performance Oil\" \/>\n<meta property=\"og:description\" content=\"KENNOL BOOST 948-B 5W20 is a 100% synthetic oil especially formulated for the lubrication of petrol FORD 1.0L EcoBoost 3-cylinders next generation engines.KENNOL BOOST 948-B 5W20 is a high quality lubricant perfectly adapted for petrol FORD 1.0L EcoBoost 3-cylinders engines meeting the Ford 948-B specification.\" \/>\n<meta property=\"og:url\" content=\"https:\/\/kennol.com\/es\/productos\/boost-5w-20-948-b\/\" \/>\n<meta property=\"og:site_name\" content=\"KENNOL\" \/>\n<meta property=\"article:modified_time\" content=\"2025-06-27T10:18:22+00:00\" \/>\n<meta property=\"og:image\" content=\"https:\/\/kennol.com\/wp-content\/uploads\/KENNOL_BOOST_5W-20_948-B-4.jpg\" \/>\n\t<meta property=\"og:image:width\" content=\"1100\" \/>\n\t<meta property=\"og:image:height\" content=\"1100\" \/>\n\t<meta property=\"og:image:type\" content=\"image\/jpeg\" \/>\n<meta name=\"twitter:card\" content=\"summary_large_image\" \/>\n<meta name=\"twitter:label1\" content=\"Tiempo de lectura\" \/>\n\t<meta name=\"twitter:data1\" content=\"1 minuto\" \/>\n<script type=\"application\/ld+json\" class=\"yoast-schema-graph\">{\"@context\":\"https:\\\/\\\/schema.org\",\"@graph\":[{\"@type\":\"WebPage\",\"@id\":\"https:\\\/\\\/kennol.com\\\/es\\\/productos\\\/boost-5w-20-948-b\\\/\",\"url\":\"https:\\\/\\\/kennol.com\\\/es\\\/productos\\\/boost-5w-20-948-b\\\/\",\"name\":\"BOOST 5W-20 948-B | KENNOL - Performance Oil\",\"isPartOf\":{\"@id\":\"https:\\\/\\\/kennol.com\\\/es\\\/#website\"},\"primaryImageOfPage\":{\"@id\":\"https:\\\/\\\/kennol.com\\\/es\\\/productos\\\/boost-5w-20-948-b\\\/#primaryimage\"},\"image\":{\"@id\":\"https:\\\/\\\/kennol.com\\\/es\\\/productos\\\/boost-5w-20-948-b\\\/#primaryimage\"},\"thumbnailUrl\":\"https:\\\/\\\/kennol.com\\\/wp-content\\\/uploads\\\/KENNOL_BOOST_5W-20_948-B-4.jpg\",\"datePublished\":\"2018-04-17T14:42:03+00:00\",\"dateModified\":\"2025-06-27T10:18:22+00:00\",\"description\":\"KENNOL BOOST 948-B 5W20 is a 100% synthetic oil especially formulated for the lubrication of petrol FORD 1.0L EcoBoost 3-cylinders next generation engines.KENNOL BOOST 948-B 5W20 is a high quality lubricant perfectly adapted for petrol FORD 1.0L EcoBoost 3-cylinders engines meeting the Ford 948-B specification.\",\"breadcrumb\":{\"@id\":\"https:\\\/\\\/kennol.com\\\/es\\\/productos\\\/boost-5w-20-948-b\\\/#breadcrumb\"},\"inLanguage\":\"es\",\"potentialAction\":[{\"@type\":\"ReadAction\",\"target\":[\"https:\\\/\\\/kennol.com\\\/es\\\/productos\\\/boost-5w-20-948-b\\\/\"]}]},{\"@type\":\"ImageObject\",\"inLanguage\":\"es\",\"@id\":\"https:\\\/\\\/kennol.com\\\/es\\\/productos\\\/boost-5w-20-948-b\\\/#primaryimage\",\"url\":\"https:\\\/\\\/kennol.com\\\/wp-content\\\/uploads\\\/KENNOL_BOOST_5W-20_948-B-4.jpg\",\"contentUrl\":\"https:\\\/\\\/kennol.com\\\/wp-content\\\/uploads\\\/KENNOL_BOOST_5W-20_948-B-4.jpg\",\"width\":1100,\"height\":1100,\"caption\":\"KENNOL BOOST 948-B 5W20 : CAR ENGINE OIL 100% SYNTHETIC\"},{\"@type\":\"BreadcrumbList\",\"@id\":\"https:\\\/\\\/kennol.com\\\/es\\\/productos\\\/boost-5w-20-948-b\\\/#breadcrumb\",\"itemListElement\":[{\"@type\":\"ListItem\",\"position\":1,\"name\":\"PRODUCTOS\",\"item\":\"https:\\\/\\\/kennol.com\\\/es\\\/products-2\\\/\"},{\"@type\":\"ListItem\",\"position\":2,\"name\":\"BOOST 5W-20 948-B\"}]},{\"@type\":\"WebSite\",\"@id\":\"https:\\\/\\\/kennol.com\\\/es\\\/#website\",\"url\":\"https:\\\/\\\/kennol.com\\\/es\\\/\",\"name\":\"KENNOL\",\"description\":\"Performance Oil\",\"publisher\":{\"@id\":\"https:\\\/\\\/kennol.com\\\/es\\\/#organization\"},\"potentialAction\":[{\"@type\":\"SearchAction\",\"target\":{\"@type\":\"EntryPoint\",\"urlTemplate\":\"https:\\\/\\\/kennol.com\\\/es\\\/?s={search_term_string}\"},\"query-input\":{\"@type\":\"PropertyValueSpecification\",\"valueRequired\":true,\"valueName\":\"search_term_string\"}}],\"inLanguage\":\"es\"},{\"@type\":\"Organization\",\"@id\":\"https:\\\/\\\/kennol.com\\\/es\\\/#organization\",\"name\":\"PPO\",\"url\":\"https:\\\/\\\/kennol.com\\\/es\\\/\",\"logo\":{\"@type\":\"ImageObject\",\"inLanguage\":\"es\",\"@id\":\"https:\\\/\\\/kennol.com\\\/es\\\/#\\\/schema\\\/logo\\\/image\\\/\",\"url\":\"https:\\\/\\\/kennol.com\\\/wp-content\\\/uploads\\\/2018\\\/01\\\/KENNOL_logo_header.png\",\"contentUrl\":\"https:\\\/\\\/kennol.com\\\/wp-content\\\/uploads\\\/2018\\\/01\\\/KENNOL_logo_header.png\",\"width\":400,\"height\":140,\"caption\":\"PPO\"},\"image\":{\"@id\":\"https:\\\/\\\/kennol.com\\\/es\\\/#\\\/schema\\\/logo\\\/image\\\/\"}}]}<\/script>\n<!-- \/ Yoast SEO plugin. -->","yoast_head_json":{"title":"BOOST 5W-20 948-B | KENNOL - Performance Oil","description":"KENNOL BOOST 948-B 5W20 is a 100% synthetic oil especially formulated for the lubrication of petrol FORD 1.0L EcoBoost 3-cylinders next generation engines.KENNOL BOOST 948-B 5W20 is a high quality lubricant perfectly adapted for petrol FORD 1.0L EcoBoost 3-cylinders engines meeting the Ford 948-B specification.","robots":{"index":"index","follow":"follow","max-snippet":"max-snippet:-1","max-image-preview":"max-image-preview:large","max-video-preview":"max-video-preview:-1"},"canonical":"https:\/\/kennol.com\/es\/productos\/boost-5w-20-948-b\/","og_locale":"es_ES","og_type":"article","og_title":"BOOST 5W-20 948-B | KENNOL - Performance Oil","og_description":"KENNOL BOOST 948-B 5W20 is a 100% synthetic oil especially formulated for the lubrication of petrol FORD 1.0L EcoBoost 3-cylinders next generation engines.KENNOL BOOST 948-B 5W20 is a high quality lubricant perfectly adapted for petrol FORD 1.0L EcoBoost 3-cylinders engines meeting the Ford 948-B specification.","og_url":"https:\/\/kennol.com\/es\/productos\/boost-5w-20-948-b\/","og_site_name":"KENNOL","article_modified_time":"2025-06-27T10:18:22+00:00","og_image":[{"width":1100,"height":1100,"url":"https:\/\/kennol.com\/wp-content\/uploads\/KENNOL_BOOST_5W-20_948-B-4.jpg","type":"image\/jpeg"}],"twitter_card":"summary_large_image","twitter_misc":{"Tiempo de lectura":"1 minuto"},"schema":{"@context":"https:\/\/schema.org","@graph":[{"@type":"WebPage","@id":"https:\/\/kennol.com\/es\/productos\/boost-5w-20-948-b\/","url":"https:\/\/kennol.com\/es\/productos\/boost-5w-20-948-b\/","name":"BOOST 5W-20 948-B | KENNOL - Performance Oil","isPartOf":{"@id":"https:\/\/kennol.com\/es\/#website"},"primaryImageOfPage":{"@id":"https:\/\/kennol.com\/es\/productos\/boost-5w-20-948-b\/#primaryimage"},"image":{"@id":"https:\/\/kennol.com\/es\/productos\/boost-5w-20-948-b\/#primaryimage"},"thumbnailUrl":"https:\/\/kennol.com\/wp-content\/uploads\/KENNOL_BOOST_5W-20_948-B-4.jpg","datePublished":"2018-04-17T14:42:03+00:00","dateModified":"2025-06-27T10:18:22+00:00","description":"KENNOL BOOST 948-B 5W20 is a 100% synthetic oil especially formulated for the lubrication of petrol FORD 1.0L EcoBoost 3-cylinders next generation engines.KENNOL BOOST 948-B 5W20 is a high quality lubricant perfectly adapted for petrol FORD 1.0L EcoBoost 3-cylinders engines meeting the Ford 948-B specification.","breadcrumb":{"@id":"https:\/\/kennol.com\/es\/productos\/boost-5w-20-948-b\/#breadcrumb"},"inLanguage":"es","potentialAction":[{"@type":"ReadAction","target":["https:\/\/kennol.com\/es\/productos\/boost-5w-20-948-b\/"]}]},{"@type":"ImageObject","inLanguage":"es","@id":"https:\/\/kennol.com\/es\/productos\/boost-5w-20-948-b\/#primaryimage","url":"https:\/\/kennol.com\/wp-content\/uploads\/KENNOL_BOOST_5W-20_948-B-4.jpg","contentUrl":"https:\/\/kennol.com\/wp-content\/uploads\/KENNOL_BOOST_5W-20_948-B-4.jpg","width":1100,"height":1100,"caption":"KENNOL BOOST 948-B 5W20 : CAR ENGINE OIL 100% SYNTHETIC"},{"@type":"BreadcrumbList","@id":"https:\/\/kennol.com\/es\/productos\/boost-5w-20-948-b\/#breadcrumb","itemListElement":[{"@type":"ListItem","position":1,"name":"PRODUCTOS","item":"https:\/\/kennol.com\/es\/products-2\/"},{"@type":"ListItem","position":2,"name":"BOOST 5W-20 948-B"}]},{"@type":"WebSite","@id":"https:\/\/kennol.com\/es\/#website","url":"https:\/\/kennol.com\/es\/","name":"KENNOL","description":"Performance Oil","publisher":{"@id":"https:\/\/kennol.com\/es\/#organization"},"potentialAction":[{"@type":"SearchAction","target":{"@type":"EntryPoint","urlTemplate":"https:\/\/kennol.com\/es\/?s={search_term_string}"},"query-input":{"@type":"PropertyValueSpecification","valueRequired":true,"valueName":"search_term_string"}}],"inLanguage":"es"},{"@type":"Organization","@id":"https:\/\/kennol.com\/es\/#organization","name":"PPO","url":"https:\/\/kennol.com\/es\/","logo":{"@type":"ImageObject","inLanguage":"es","@id":"https:\/\/kennol.com\/es\/#\/schema\/logo\/image\/","url":"https:\/\/kennol.com\/wp-content\/uploads\/2018\/01\/KENNOL_logo_header.png","contentUrl":"https:\/\/kennol.com\/wp-content\/uploads\/2018\/01\/KENNOL_logo_header.png","width":400,"height":140,"caption":"PPO"},"image":{"@id":"https:\/\/kennol.com\/es\/#\/schema\/logo\/image\/"}}]}},"_links":{"self":[{"href":"https:\/\/kennol.com\/es\/wp-json\/wp\/v2\/product\/38481","targetHints":{"allow":["GET"]}}],"collection":[{"href":"https:\/\/kennol.com\/es\/wp-json\/wp\/v2\/product"}],"about":[{"href":"https:\/\/kennol.com\/es\/wp-json\/wp\/v2\/types\/product"}],"wp:featuredmedia":[{"embeddable":true,"href":"https:\/\/kennol.com\/es\/wp-json\/wp\/v2\/media\/38482"}],"wp:attachment":[{"href":"https:\/\/kennol.com\/es\/wp-json\/wp\/v2\/media?parent=38481"}],"wp:term":[{"taxonomy":"product_brand","embeddable":true,"href":"https:\/\/kennol.com\/es\/wp-json\/wp\/v2\/product_brand?post=38481"},{"taxonomy":"product_cat","embeddable":true,"href":"https:\/\/kennol.com\/es\/wp-json\/wp\/v2\/product_cat?post=38481"},{"taxonomy":"product_tag","embeddable":true,"href":"https:\/\/kennol.com\/es\/wp-json\/wp\/v2\/product_tag?post=38481"}],"curies":[{"name":"wp","href":"https:\/\/api.w.org\/{rel}","templated":true}]}}