{"id":38292,"date":"2018-04-16T14:27:41","date_gmt":"2018-04-16T12:27:41","guid":{"rendered":"https:\/\/kennol.com\/produits\/mototrans-10w40\/"},"modified":"2025-07-10T14:37:54","modified_gmt":"2025-07-10T12:37:54","slug":"mototrans-10w-40","status":"publish","type":"product","link":"https:\/\/kennol.com\/es\/productos\/mototrans-10w-40\/","title":{"rendered":"MOTOTRANS 10W-40"},"content":{"rendered":"<div class=\"wpb-content-wrapper\"><p>[vc_row row_content_width=\u00bbgrid\u00bb][vc_column][vc_empty_space height=\u00bb10px\u00bb][vc_column_text]<span style=\"color: #ffffff;\">Lubrificante semisint\u00e9tico destinado a las cajas de cambio de velocidades con o sin embrague de ba\u00f1o de aceite de las motos 2 tiempos, karts, veh\u00edculos todo terreno y velomotores.<\/span>[\/vc_column_text][vc_empty_space height=\u00bb10px\u00bb][vc_column_text]<span style=\"color: #999999;\"><em>CARACTER\u00cdSTICAS Y BENEFICIOS<\/em><\/span>[\/vc_column_text]<div class=\"eltd-separator-holder clearfix  eltd-separator-center \">\n\t<div class=\"eltd-separator\" style=\"border-color: #999999;border-style: solid;width: 100%;border-bottom-width: 1px\"><\/div>\n<\/div>\n[vc_column_text]<\/p>\n<p><span style=\"color: #999999;\">Antiwear and detergent properties.<\/span><br \/>\n<span style=\"color: #ee3124;\">\u2192\u00a0<\/span><span style=\"color: #ffffff;\">Transmission life extended.<\/span><\/p>\n<p><span style=\"color: #999999;\">Specific additives.<\/span><br \/>\n<span style=\"color: #ffffff;\"><span style=\"color: #ee3124;\">\u2192\u00a0<\/span>Clutch control and protection.<\/span><\/p>\n<p><span style=\"color: #999999;\">Very good thermal and shearing stability.<\/span><br \/>\n<span style=\"color: #ee3124;\">\u2192\u00a0<\/span><span style=\"color: #ffffff;\">High protection over time.<\/span><\/p>\n<p><span style=\"color: #999999;\">Low viscosity at low temperature.<\/span><br \/>\n<span style=\"color: #ffffff;\"><span style=\"color: #ee3124;\">\u2192\u00a0<\/span>Easy gear shift.<\/span><\/p>\n<p><span style=\"color: #999999;\">High viscosity at high temperature.<\/span><br \/>\n<span style=\"color: #ffffff;\"><span style=\"color: #ee3124;\">\u2192\u00a0<\/span>Better resistance under extreme conditions.<\/span><\/p>\n<p>[\/vc_column_text][\/vc_column][\/vc_row][vc_column][\/vc_column][vc_column][\/vc_column]<\/p>\n<\/div>","protected":false},"excerpt":{"rendered":"<h3><span style=\"color: #808080;\">ACEITES PARA TRANSMISI\u00d3N<br \/>\nSEMI SINT\u00c9TICO<\/span><\/h3>\n<p>&nbsp;<br \/>\n<span style=\"color: #666666;\"><em>ESPECIFICACIONES<\/em><\/span><\/p>\n<hr color=\"#666666\" line-height=\"1px\"\/>\n<span style=\"color: #ffffff;\">SAE<\/b> 10W-40<br \/>\n<\/span><br \/>\n<span style=\"color: #666666;\"><em>EMBALAJES DISPONIBLES<\/em><\/span><\/p>\n<hr color=\"#666666\" line-height=\"1px\"\/>\n<style>.col1 {-webkit-column-count: 1; -moz-column-count: 1; column-count: 1;}<\/style>\n<div class=\"col1\">\n<div class=\"leftcontainer\"><img decoding=\"async\" src=\"\/wp-content\/uploads\/KENNOL_CONDITIONNEMENT_1L.png\" onmouseover=\"this.src=&#039;\/wp-content\/uploads\/KENNOL_CONDITIONNEMENT_1L_F_VISUEL.png&#039;\" onmouseout=\"this.src=&#039;\/wp-content\/uploads\/KENNOL_CONDITIONNEMENT_1L.png&#039;\"\/><\/p>\n<p>193451<\/p>\n<\/div>\n<\/div>\n<p>&nbsp;<br \/>\n<em><span style=\"color: #666666;\">DESCARGAR<\/span><\/em><\/p>\n<hr color=\"#666666\" line-height=\"1px\"\/>\n<p><a href=\"\/EN\/FT\/KENNOL_MOTOTRANS_10W-40_EN.pdf\" target=\"_blank\" rel=\"noopener noreferrer\"><img decoding=\"async\" src=\"\/wp-content\/uploads\/2018\/03\/pdf.png\" alt=\"\" \/>\u00a0 <\/a><span style=\"color: #ee3124;\"><a style=\"color: #ee3124;\" href=\"\/EN\/FT\/KENNOL_MOTOTRANS_10W-40_EN.pdf\" target=\"_blank\" rel=\"noopener noreferrer\"><strong>Ficha de datos t\u00e9cnicos<\/strong><\/a><\/span><\/p>\n<p style=\"text-align: left;\"><a href=\"\/EN\/FDS\/KENNOL_MOTOTRANS_10W-40_EN.pdf\" target=\"_blank\" rel=\"noopener noreferrer\"><img decoding=\"async\" src=\"\/wp-content\/uploads\/2018\/03\/pdf.png\" alt=\"\" \/>\u00a0\u00a0<\/a><span style=\"color: #ee3124;\"><a style=\"color: #ee3124;\" href=\"\/EN\/FDS\/KENNOL_MOTOTRANS_10W-40_EN.pdf\" target=\"_blank\" rel=\"noopener noreferrer\"><strong>Ficha de datos de seguridad<\/strong><\/a><\/span><\/p>\n<p>&nbsp;<br \/>\n<a href=\"\/es\/la-marca\/etiquetas\/\"><img decoding=\"async\" src=\"\/wp-content\/uploads\/KENNOL_LOGO_MadeInFrance.png\" width=\"250\"><\/a><\/p>\n","protected":false},"featured_media":38293,"template":"","meta":{"_monsterinsights_skip_tracking":false,"_monsterinsights_sitenote_active":false,"_monsterinsights_sitenote_note":"","_monsterinsights_sitenote_category":0},"product_brand":[],"product_cat":[2514,2418],"product_tag":[2515,2420,2421],"class_list":{"0":"post-38292","1":"product","2":"type-product","3":"status-publish","4":"has-post-thumbnail","6":"product_cat-aceites-para-transmision-es-2","7":"product_cat-motocicletas","8":"product_tag-aceites-para-transmision-es","9":"product_tag-motocicletas","10":"product_tag-semi-sintesis","12":"first","13":"instock","14":"shipping-taxable","15":"product-type-simple"},"yoast_head":"<!-- This site is optimized with the Yoast SEO plugin v27.4 - https:\/\/yoast.com\/product\/yoast-seo-wordpress\/ -->\n<title>MOTOTRANS 10W-40 | KENNOL - Performance Oil<\/title>\n<meta name=\"description\" content=\"KENNOL MOTOTRANS 10W-40 is a semi-synthetic oil developed for gearboxes with or without separated wet clutches of 2-stroke motorcycles and scooters, karts, off-road vehicles and motorized bikes.\" \/>\n<meta name=\"robots\" content=\"index, follow, max-snippet:-1, max-image-preview:large, max-video-preview:-1\" \/>\n<link rel=\"canonical\" href=\"https:\/\/kennol.com\/es\/productos\/mototrans-10w-40\/\" \/>\n<meta property=\"og:locale\" content=\"es_ES\" \/>\n<meta property=\"og:type\" content=\"article\" \/>\n<meta property=\"og:title\" content=\"MOTOTRANS 10W-40 | KENNOL - Performance Oil\" \/>\n<meta property=\"og:description\" content=\"KENNOL MOTOTRANS 10W-40 is a semi-synthetic oil developed for gearboxes with or without separated wet clutches of 2-stroke motorcycles and scooters, karts, off-road vehicles and motorized bikes.\" \/>\n<meta property=\"og:url\" content=\"https:\/\/kennol.com\/es\/productos\/mototrans-10w-40\/\" \/>\n<meta property=\"og:site_name\" content=\"KENNOL\" \/>\n<meta property=\"article:modified_time\" content=\"2025-07-10T12:37:54+00:00\" \/>\n<meta property=\"og:image\" content=\"https:\/\/kennol.com\/wp-content\/uploads\/KENNOL_MOTOTRANS_10W-40.jpg\" \/>\n\t<meta property=\"og:image:width\" content=\"1100\" \/>\n\t<meta property=\"og:image:height\" content=\"1100\" \/>\n\t<meta property=\"og:image:type\" content=\"image\/jpeg\" \/>\n<meta name=\"twitter:card\" content=\"summary_large_image\" \/>\n<meta name=\"twitter:label1\" content=\"Tiempo de lectura\" \/>\n\t<meta name=\"twitter:data1\" content=\"1 minuto\" \/>\n<script type=\"application\/ld+json\" class=\"yoast-schema-graph\">{\"@context\":\"https:\\\/\\\/schema.org\",\"@graph\":[{\"@type\":\"WebPage\",\"@id\":\"https:\\\/\\\/kennol.com\\\/es\\\/productos\\\/mototrans-10w-40\\\/\",\"url\":\"https:\\\/\\\/kennol.com\\\/es\\\/productos\\\/mototrans-10w-40\\\/\",\"name\":\"MOTOTRANS 10W-40 | KENNOL - Performance Oil\",\"isPartOf\":{\"@id\":\"https:\\\/\\\/kennol.com\\\/es\\\/#website\"},\"primaryImageOfPage\":{\"@id\":\"https:\\\/\\\/kennol.com\\\/es\\\/productos\\\/mototrans-10w-40\\\/#primaryimage\"},\"image\":{\"@id\":\"https:\\\/\\\/kennol.com\\\/es\\\/productos\\\/mototrans-10w-40\\\/#primaryimage\"},\"thumbnailUrl\":\"https:\\\/\\\/kennol.com\\\/wp-content\\\/uploads\\\/KENNOL_MOTOTRANS_10W-40.jpg\",\"datePublished\":\"2018-04-16T12:27:41+00:00\",\"dateModified\":\"2025-07-10T12:37:54+00:00\",\"description\":\"KENNOL MOTOTRANS 10W-40 is a semi-synthetic oil developed for gearboxes with or without separated wet clutches of 2-stroke motorcycles and scooters, karts, off-road vehicles and motorized bikes.\",\"breadcrumb\":{\"@id\":\"https:\\\/\\\/kennol.com\\\/es\\\/productos\\\/mototrans-10w-40\\\/#breadcrumb\"},\"inLanguage\":\"es\",\"potentialAction\":[{\"@type\":\"ReadAction\",\"target\":[\"https:\\\/\\\/kennol.com\\\/es\\\/productos\\\/mototrans-10w-40\\\/\"]}]},{\"@type\":\"ImageObject\",\"inLanguage\":\"es\",\"@id\":\"https:\\\/\\\/kennol.com\\\/es\\\/productos\\\/mototrans-10w-40\\\/#primaryimage\",\"url\":\"https:\\\/\\\/kennol.com\\\/wp-content\\\/uploads\\\/KENNOL_MOTOTRANS_10W-40.jpg\",\"contentUrl\":\"https:\\\/\\\/kennol.com\\\/wp-content\\\/uploads\\\/KENNOL_MOTOTRANS_10W-40.jpg\",\"width\":1100,\"height\":1100,\"caption\":\"KENNOL MOTOTRANS 10W40 : MOTO TRANSMISSION OIL SEMI-SYNTHETIC\"},{\"@type\":\"BreadcrumbList\",\"@id\":\"https:\\\/\\\/kennol.com\\\/es\\\/productos\\\/mototrans-10w-40\\\/#breadcrumb\",\"itemListElement\":[{\"@type\":\"ListItem\",\"position\":1,\"name\":\"PRODUCTOS\",\"item\":\"https:\\\/\\\/kennol.com\\\/es\\\/products-2\\\/\"},{\"@type\":\"ListItem\",\"position\":2,\"name\":\"MOTOTRANS 10W-40\"}]},{\"@type\":\"WebSite\",\"@id\":\"https:\\\/\\\/kennol.com\\\/es\\\/#website\",\"url\":\"https:\\\/\\\/kennol.com\\\/es\\\/\",\"name\":\"KENNOL\",\"description\":\"Performance Oil\",\"publisher\":{\"@id\":\"https:\\\/\\\/kennol.com\\\/es\\\/#organization\"},\"potentialAction\":[{\"@type\":\"SearchAction\",\"target\":{\"@type\":\"EntryPoint\",\"urlTemplate\":\"https:\\\/\\\/kennol.com\\\/es\\\/?s={search_term_string}\"},\"query-input\":{\"@type\":\"PropertyValueSpecification\",\"valueRequired\":true,\"valueName\":\"search_term_string\"}}],\"inLanguage\":\"es\"},{\"@type\":\"Organization\",\"@id\":\"https:\\\/\\\/kennol.com\\\/es\\\/#organization\",\"name\":\"PPO\",\"url\":\"https:\\\/\\\/kennol.com\\\/es\\\/\",\"logo\":{\"@type\":\"ImageObject\",\"inLanguage\":\"es\",\"@id\":\"https:\\\/\\\/kennol.com\\\/es\\\/#\\\/schema\\\/logo\\\/image\\\/\",\"url\":\"https:\\\/\\\/kennol.com\\\/wp-content\\\/uploads\\\/2018\\\/01\\\/KENNOL_logo_header.png\",\"contentUrl\":\"https:\\\/\\\/kennol.com\\\/wp-content\\\/uploads\\\/2018\\\/01\\\/KENNOL_logo_header.png\",\"width\":400,\"height\":140,\"caption\":\"PPO\"},\"image\":{\"@id\":\"https:\\\/\\\/kennol.com\\\/es\\\/#\\\/schema\\\/logo\\\/image\\\/\"}}]}<\/script>\n<!-- \/ Yoast SEO plugin. -->","yoast_head_json":{"title":"MOTOTRANS 10W-40 | KENNOL - Performance Oil","description":"KENNOL MOTOTRANS 10W-40 is a semi-synthetic oil developed for gearboxes with or without separated wet clutches of 2-stroke motorcycles and scooters, karts, off-road vehicles and motorized bikes.","robots":{"index":"index","follow":"follow","max-snippet":"max-snippet:-1","max-image-preview":"max-image-preview:large","max-video-preview":"max-video-preview:-1"},"canonical":"https:\/\/kennol.com\/es\/productos\/mototrans-10w-40\/","og_locale":"es_ES","og_type":"article","og_title":"MOTOTRANS 10W-40 | KENNOL - Performance Oil","og_description":"KENNOL MOTOTRANS 10W-40 is a semi-synthetic oil developed for gearboxes with or without separated wet clutches of 2-stroke motorcycles and scooters, karts, off-road vehicles and motorized bikes.","og_url":"https:\/\/kennol.com\/es\/productos\/mototrans-10w-40\/","og_site_name":"KENNOL","article_modified_time":"2025-07-10T12:37:54+00:00","og_image":[{"width":1100,"height":1100,"url":"https:\/\/kennol.com\/wp-content\/uploads\/KENNOL_MOTOTRANS_10W-40.jpg","type":"image\/jpeg"}],"twitter_card":"summary_large_image","twitter_misc":{"Tiempo de lectura":"1 minuto"},"schema":{"@context":"https:\/\/schema.org","@graph":[{"@type":"WebPage","@id":"https:\/\/kennol.com\/es\/productos\/mototrans-10w-40\/","url":"https:\/\/kennol.com\/es\/productos\/mototrans-10w-40\/","name":"MOTOTRANS 10W-40 | KENNOL - Performance Oil","isPartOf":{"@id":"https:\/\/kennol.com\/es\/#website"},"primaryImageOfPage":{"@id":"https:\/\/kennol.com\/es\/productos\/mototrans-10w-40\/#primaryimage"},"image":{"@id":"https:\/\/kennol.com\/es\/productos\/mototrans-10w-40\/#primaryimage"},"thumbnailUrl":"https:\/\/kennol.com\/wp-content\/uploads\/KENNOL_MOTOTRANS_10W-40.jpg","datePublished":"2018-04-16T12:27:41+00:00","dateModified":"2025-07-10T12:37:54+00:00","description":"KENNOL MOTOTRANS 10W-40 is a semi-synthetic oil developed for gearboxes with or without separated wet clutches of 2-stroke motorcycles and scooters, karts, off-road vehicles and motorized bikes.","breadcrumb":{"@id":"https:\/\/kennol.com\/es\/productos\/mototrans-10w-40\/#breadcrumb"},"inLanguage":"es","potentialAction":[{"@type":"ReadAction","target":["https:\/\/kennol.com\/es\/productos\/mototrans-10w-40\/"]}]},{"@type":"ImageObject","inLanguage":"es","@id":"https:\/\/kennol.com\/es\/productos\/mototrans-10w-40\/#primaryimage","url":"https:\/\/kennol.com\/wp-content\/uploads\/KENNOL_MOTOTRANS_10W-40.jpg","contentUrl":"https:\/\/kennol.com\/wp-content\/uploads\/KENNOL_MOTOTRANS_10W-40.jpg","width":1100,"height":1100,"caption":"KENNOL MOTOTRANS 10W40 : MOTO TRANSMISSION OIL SEMI-SYNTHETIC"},{"@type":"BreadcrumbList","@id":"https:\/\/kennol.com\/es\/productos\/mototrans-10w-40\/#breadcrumb","itemListElement":[{"@type":"ListItem","position":1,"name":"PRODUCTOS","item":"https:\/\/kennol.com\/es\/products-2\/"},{"@type":"ListItem","position":2,"name":"MOTOTRANS 10W-40"}]},{"@type":"WebSite","@id":"https:\/\/kennol.com\/es\/#website","url":"https:\/\/kennol.com\/es\/","name":"KENNOL","description":"Performance Oil","publisher":{"@id":"https:\/\/kennol.com\/es\/#organization"},"potentialAction":[{"@type":"SearchAction","target":{"@type":"EntryPoint","urlTemplate":"https:\/\/kennol.com\/es\/?s={search_term_string}"},"query-input":{"@type":"PropertyValueSpecification","valueRequired":true,"valueName":"search_term_string"}}],"inLanguage":"es"},{"@type":"Organization","@id":"https:\/\/kennol.com\/es\/#organization","name":"PPO","url":"https:\/\/kennol.com\/es\/","logo":{"@type":"ImageObject","inLanguage":"es","@id":"https:\/\/kennol.com\/es\/#\/schema\/logo\/image\/","url":"https:\/\/kennol.com\/wp-content\/uploads\/2018\/01\/KENNOL_logo_header.png","contentUrl":"https:\/\/kennol.com\/wp-content\/uploads\/2018\/01\/KENNOL_logo_header.png","width":400,"height":140,"caption":"PPO"},"image":{"@id":"https:\/\/kennol.com\/es\/#\/schema\/logo\/image\/"}}]}},"_links":{"self":[{"href":"https:\/\/kennol.com\/es\/wp-json\/wp\/v2\/product\/38292","targetHints":{"allow":["GET"]}}],"collection":[{"href":"https:\/\/kennol.com\/es\/wp-json\/wp\/v2\/product"}],"about":[{"href":"https:\/\/kennol.com\/es\/wp-json\/wp\/v2\/types\/product"}],"wp:featuredmedia":[{"embeddable":true,"href":"https:\/\/kennol.com\/es\/wp-json\/wp\/v2\/media\/38293"}],"wp:attachment":[{"href":"https:\/\/kennol.com\/es\/wp-json\/wp\/v2\/media?parent=38292"}],"wp:term":[{"taxonomy":"product_brand","embeddable":true,"href":"https:\/\/kennol.com\/es\/wp-json\/wp\/v2\/product_brand?post=38292"},{"taxonomy":"product_cat","embeddable":true,"href":"https:\/\/kennol.com\/es\/wp-json\/wp\/v2\/product_cat?post=38292"},{"taxonomy":"product_tag","embeddable":true,"href":"https:\/\/kennol.com\/es\/wp-json\/wp\/v2\/product_tag?post=38292"}],"curies":[{"name":"wp","href":"https:\/\/api.w.org\/{rel}","templated":true}]}}