{"id":37972,"date":"2018-04-18T10:09:30","date_gmt":"2018-04-18T10:09:30","guid":{"rendered":"https:\/\/kennol.com\/produits\/ecology-c3-0w30\/"},"modified":"2025-10-15T10:44:52","modified_gmt":"2025-10-15T08:44:52","slug":"ecology-0w-30-504-507","status":"publish","type":"product","link":"https:\/\/kennol.com\/es\/productos\/ecology-0w-30-504-507\/","title":{"rendered":"ECOLOGY 0W-30 504\/507"},"content":{"rendered":"<div class=\"wpb-content-wrapper\"><p>[vc_column][\/vc_column][vc_column][\/vc_column][vc_row row_content_width=\u00bbgrid\u00bb][vc_column][vc_video link=\u00bbhttps:\/\/www.youtube.com\/watch?v=5eB4ab-S_Gw\u00bb][vc_empty_space height=\u00bb10px\u00bb][vc_column_text]<span style=\"color: #ffffff;\">Lubricante para motores 100 % sint\u00e9ticos con bajo contenido en cenizas sulfatadas, f\u00f3sforo y azufre (Mid SAPS), lo cual aumenta la protecci\u00f3n y la vida \u00fatil del sistema de escape. Recomendado para los \u00faltimos motores de los constructores automovil\u00edsticos Volkswagen, Audi, Mercedes-Benz, Skoda, Seat, BMW, que cumplen con la norma ACEA C3 y est\u00e1n equipados con un catalizador o filtro de part\u00edculas.<\/span>[\/vc_column_text][vc_empty_space height=\u00bb10px\u00bb][vc_column_text]<span style=\"color: #999999;\"><em>CARACTER\u00cdSTICAS Y BENEFICIOS<\/em><\/span>[\/vc_column_text]<div class=\"eltd-separator-holder clearfix  eltd-separator-center \">\n\t<div class=\"eltd-separator\" style=\"border-color: #999999;border-style: solid;width: 100%;border-bottom-width: 1px\"><\/div>\n<\/div>\n[vc_column_text]<span style=\"color: #999999;\">Very high fluidity.<\/span><br \/>\n<span style=\"color: #ee3124;\">\u2192 <\/span><span style=\"color: #ffffff;\">Fuel consumption savings and environmental protection.<\/span><br \/>\n<span style=\"color: #ee3124;\">\u2192 <\/span><span style=\"color: #ffffff;\">Easy starting in cold weather.<\/span><\/p>\n<p><span style=\"color: #999999;\">High detergent and dispersant properties.<\/span><br \/>\n<span style=\"color: #ee3124;\">\u2192 <\/span><span style=\"color: #ffffff;\">Excellent engine preservation and reduction of exhaust gas emissions.<\/span><\/p>\n<p><span style=\"color: #999999;\">High thermal stability.<\/span><br \/>\n<span style=\"color: #ee3124;\">\u2192 <\/span><span style=\"color: #ffffff;\">Ideal protection at high operating temperature.<\/span><\/p>\n<p><span style=\"color: #999999;\">Low volatility.<\/span><br \/>\n<span style=\"color: #ee3124;\">\u2192 <\/span><span style=\"color: #ffffff;\">Very low oil consumption.<\/span><\/p>\n<p>[\/vc_column_text][\/vc_column][\/vc_row]<\/p>\n<\/div>","protected":false},"excerpt":{"rendered":"<h3><span style=\"color: #808080;\">ACEITE DE MOTOR<br \/>\n100% SINT\u00c9TICO<\/span><\/h3>\n<p>&nbsp;<br \/>\n<span style=\"color: #666666;\"><em>ESPECIFICACIONES<\/em><\/span><\/p>\n<hr color=\"#666666\" line-height=\"1px\"\/>\n<span style=\"color: #ffffff;\"><b>SAE<\/b> 0W-30<br \/>\n<b>ACEA<\/b> C3<br \/>\n<b>BMW<\/b> LL-04<br \/>\n<b>MERCEDES-BENZ<\/b> MB 229.31\/229.51<br \/>\n<b>PORSCHE<\/b> C30<br \/>\n<b>VOLKSWAGEN <\/b>VW 504.00\/507.00<br \/>\n&nbsp;<br \/>\n<img decoding=\"async\" src=\"\/wp-content\/uploads\/KENNOL_Fuel_Economy_2.1.png\"><br \/>\n<\/span><br \/>\n<span style=\"color: #666666;\"><em>EMBALAJES DISPONIBLES<\/em><\/span><\/p>\n<hr color=\"#666666\" line-height=\"1px\"\/>\n<style>.col4 {-webkit-column-count: 4; -moz-column-count: 4; column-count: 4;}<\/style>\n<div class=\"col4\">\n<div class=\"leftcontainer\"><img decoding=\"async\" src=\"\/wp-content\/uploads\/KENNOL_CONDITIONNEMENT_1L.png\" onmouseover=\"this.src=&#039;\/wp-content\/uploads\/KENNOL_CONDITIONNEMENT_1L_VISUEL.png&#039;\" onmouseout=\"this.src=&#039;\/wp-content\/uploads\/KENNOL_CONDITIONNEMENT_1L.png&#039;\"\/><\/p>\n<p>193771<\/p>\n<\/div>\n<div class=\"leftcontainer\"><img decoding=\"async\" src=\"\/wp-content\/uploads\/KENNOL_CONDITIONNEMENT_5L.png\" onmouseover=\"this.src=&#039;\/wp-content\/uploads\/KENNOL_CONDITIONNEMENT_5L_VISUEL.png&#039;\" onmouseout=\"this.src=&#039;\/wp-content\/uploads\/KENNOL_CONDITIONNEMENT_5L.png&#039;\"\/><\/p>\n<p>193773<\/p>\n<\/div>\n<div class=\"leftcontainer\"><img decoding=\"async\" src=\"\/wp-content\/uploads\/KENNOL_CONDITIONNEMENT_20L_ECOBOX-1.png\" onmouseover=\"this.src=&#039;\/wp-content\/uploads\/KENNOL_CONDITIONNEMENT_20L_ECOBOX_VISUEL.png&#039;\" onmouseout=\"this.src=&#039;\/wp-content\/uploads\/KENNOL_CONDITIONNEMENT_20L_ECOBOX-1.png&#039;\"\/><\/p>\n<p>193777B<\/p>\n<\/div>\n<div class=\"leftcontainer\"><img decoding=\"async\" src=\"\/wp-content\/uploads\/KENNOL_CONDITIONNEMENT_220L.png\" onmouseover=\"this.src=&#039;\/wp-content\/uploads\/KENNOL_CONDITIONNEMENT_220L_VISUEL.png&#039;\" onmouseout=\"this.src=&#039;\/wp-content\/uploads\/KENNOL_CONDITIONNEMENT_220L.png&#039;\"\/><\/p>\n<p>193779<\/p>\n<\/div>\n<\/div>\n<p>&nbsp;<br \/>\n<em><span style=\"color: #666666;\">DESCARGAR<\/span><\/em><\/p>\n<hr color=\"#666666\" line-height=\"1px\"\/>\n<p><a href=\"\/EN\/FT\/KENNOL_ECOLOGY_0W-30_504_507_EN.pdf\" target=\"_blank\" rel=\"noopener noreferrer\"><img decoding=\"async\" src=\"\/wp-content\/uploads\/2018\/03\/pdf.png\" alt=\"\" \/>\u00a0 <\/a><span style=\"color: #ee3124;\"><a style=\"color: #ee3124;\" href=\"\/EN\/FT\/KENNOL_ECOLOGY_0W-30_504_507_EN.pdf\" target=\"_blank\" rel=\"noopener noreferrer\"><strong>Ficha de datos t\u00e9cnicos<\/strong><\/a><\/span><\/p>\n<p style=\"text-align: left;\"><a href=\"\/EN\/FDS\/KENNOL_ECOLOGY_0W-30_504_507_EN.pdf\" rel=\"noopener noreferrer\"><img decoding=\"async\" src=\"\/wp-content\/uploads\/2018\/03\/pdf.png\" alt=\"\" \/>\u00a0\u00a0<\/a><span style=\"color: #ee3124;\"><a style=\"color: #ee3124;\" href=\"\/EN\/FDS\/KENNOL_ECOLOGY_0W-30_504_507_EN.pdf\" target=\"_blank\" rel=\"noopener noreferrer\"><strong>Ficha de datos de seguridad<\/strong><\/a><\/p>\n<p>&nbsp;<br \/>\n<a href=\"\/es\/la-marca\/etiquetas\/\"><img decoding=\"async\" src=\"\/wp-content\/uploads\/KENNOL_LOGO_MadeInFrance.png\" width=\"250\"><\/a><\/p>\n","protected":false},"featured_media":37973,"template":"","meta":{"_monsterinsights_skip_tracking":false,"_monsterinsights_sitenote_active":false,"_monsterinsights_sitenote_note":"","_monsterinsights_sitenote_category":0},"product_brand":[],"product_cat":[2103,2102],"product_tag":[2746,2105,2106],"class_list":{"0":"post-37972","1":"product","2":"type-product","3":"status-publish","4":"has-post-thumbnail","6":"product_cat-aceite-de-motor","7":"product_cat-coches","8":"product_tag-100-sintetico-es-2","9":"product_tag-aceite-de-motor","10":"product_tag-coches","12":"first","13":"instock","14":"shipping-taxable","15":"product-type-simple"},"yoast_head":"<!-- This site is optimized with the Yoast SEO plugin v27.4 - https:\/\/yoast.com\/product\/yoast-seo-wordpress\/ -->\n<title>ECOLOGY 0W-30 504\/507 | KENNOL - Performance Oil<\/title>\n<meta name=\"description\" content=\"KENNOL ECOLOGY 0W30 504\/507 is a fully synthetic motor oil with limited sulfated ashes, phosphorus and sulphur content (Mid SAPS) and thus increases protection and exhaust system lifetime. This lubricant is recommended for recent engines from VOLKSWAGEN, AUDI, MERCEDES BENZ, SKODA, SEAT, BMW car makers, requiring to meet ACEA C3 norm and equipped with catalyst or particulate filters.\" \/>\n<meta name=\"robots\" content=\"index, follow, max-snippet:-1, max-image-preview:large, max-video-preview:-1\" \/>\n<link rel=\"canonical\" href=\"https:\/\/kennol.com\/es\/productos\/ecology-0w-30-504-507\/\" \/>\n<meta property=\"og:locale\" content=\"es_ES\" \/>\n<meta property=\"og:type\" content=\"article\" \/>\n<meta property=\"og:title\" content=\"ECOLOGY 0W-30 504\/507 | KENNOL - Performance Oil\" \/>\n<meta property=\"og:description\" content=\"KENNOL ECOLOGY 0W30 504\/507 is a fully synthetic motor oil with limited sulfated ashes, phosphorus and sulphur content (Mid SAPS) and thus increases protection and exhaust system lifetime. This lubricant is recommended for recent engines from VOLKSWAGEN, AUDI, MERCEDES BENZ, SKODA, SEAT, BMW car makers, requiring to meet ACEA C3 norm and equipped with catalyst or particulate filters.\" \/>\n<meta property=\"og:url\" content=\"https:\/\/kennol.com\/es\/productos\/ecology-0w-30-504-507\/\" \/>\n<meta property=\"og:site_name\" content=\"KENNOL\" \/>\n<meta property=\"article:modified_time\" content=\"2025-10-15T08:44:52+00:00\" \/>\n<meta property=\"og:image\" content=\"https:\/\/kennol.com\/wp-content\/uploads\/KENNOL_ECOLOGY_0W-30_504_507-5.jpg\" \/>\n\t<meta property=\"og:image:width\" content=\"1100\" \/>\n\t<meta property=\"og:image:height\" content=\"1100\" \/>\n\t<meta property=\"og:image:type\" content=\"image\/jpeg\" \/>\n<meta name=\"twitter:card\" content=\"summary_large_image\" \/>\n<meta name=\"twitter:label1\" content=\"Tiempo de lectura\" \/>\n\t<meta name=\"twitter:data1\" content=\"1 minuto\" \/>\n<script type=\"application\/ld+json\" class=\"yoast-schema-graph\">{\"@context\":\"https:\\\/\\\/schema.org\",\"@graph\":[{\"@type\":\"WebPage\",\"@id\":\"https:\\\/\\\/kennol.com\\\/es\\\/productos\\\/ecology-0w-30-504-507\\\/\",\"url\":\"https:\\\/\\\/kennol.com\\\/es\\\/productos\\\/ecology-0w-30-504-507\\\/\",\"name\":\"ECOLOGY 0W-30 504\\\/507 | KENNOL - Performance Oil\",\"isPartOf\":{\"@id\":\"https:\\\/\\\/kennol.com\\\/es\\\/#website\"},\"primaryImageOfPage\":{\"@id\":\"https:\\\/\\\/kennol.com\\\/es\\\/productos\\\/ecology-0w-30-504-507\\\/#primaryimage\"},\"image\":{\"@id\":\"https:\\\/\\\/kennol.com\\\/es\\\/productos\\\/ecology-0w-30-504-507\\\/#primaryimage\"},\"thumbnailUrl\":\"https:\\\/\\\/kennol.com\\\/wp-content\\\/uploads\\\/KENNOL_ECOLOGY_0W-30_504_507-5.jpg\",\"datePublished\":\"2018-04-18T10:09:30+00:00\",\"dateModified\":\"2025-10-15T08:44:52+00:00\",\"description\":\"KENNOL ECOLOGY 0W30 504\\\/507 is a fully synthetic motor oil with limited sulfated ashes, phosphorus and sulphur content (Mid SAPS) and thus increases protection and exhaust system lifetime. This lubricant is recommended for recent engines from VOLKSWAGEN, AUDI, MERCEDES BENZ, SKODA, SEAT, BMW car makers, requiring to meet ACEA C3 norm and equipped with catalyst or particulate filters.\",\"breadcrumb\":{\"@id\":\"https:\\\/\\\/kennol.com\\\/es\\\/productos\\\/ecology-0w-30-504-507\\\/#breadcrumb\"},\"inLanguage\":\"es\",\"potentialAction\":[{\"@type\":\"ReadAction\",\"target\":[\"https:\\\/\\\/kennol.com\\\/es\\\/productos\\\/ecology-0w-30-504-507\\\/\"]}]},{\"@type\":\"ImageObject\",\"inLanguage\":\"es\",\"@id\":\"https:\\\/\\\/kennol.com\\\/es\\\/productos\\\/ecology-0w-30-504-507\\\/#primaryimage\",\"url\":\"https:\\\/\\\/kennol.com\\\/wp-content\\\/uploads\\\/KENNOL_ECOLOGY_0W-30_504_507-5.jpg\",\"contentUrl\":\"https:\\\/\\\/kennol.com\\\/wp-content\\\/uploads\\\/KENNOL_ECOLOGY_0W-30_504_507-5.jpg\",\"width\":1100,\"height\":1100,\"caption\":\"KENNOL ECOLOGY 504\\\/507 0W30 : CAR ENGINE OIL 100% SYNTHETIC\"},{\"@type\":\"BreadcrumbList\",\"@id\":\"https:\\\/\\\/kennol.com\\\/es\\\/productos\\\/ecology-0w-30-504-507\\\/#breadcrumb\",\"itemListElement\":[{\"@type\":\"ListItem\",\"position\":1,\"name\":\"PRODUCTOS\",\"item\":\"https:\\\/\\\/kennol.com\\\/es\\\/products-2\\\/\"},{\"@type\":\"ListItem\",\"position\":2,\"name\":\"ECOLOGY 0W-30 504\\\/507\"}]},{\"@type\":\"WebSite\",\"@id\":\"https:\\\/\\\/kennol.com\\\/es\\\/#website\",\"url\":\"https:\\\/\\\/kennol.com\\\/es\\\/\",\"name\":\"KENNOL\",\"description\":\"Performance Oil\",\"publisher\":{\"@id\":\"https:\\\/\\\/kennol.com\\\/es\\\/#organization\"},\"potentialAction\":[{\"@type\":\"SearchAction\",\"target\":{\"@type\":\"EntryPoint\",\"urlTemplate\":\"https:\\\/\\\/kennol.com\\\/es\\\/?s={search_term_string}\"},\"query-input\":{\"@type\":\"PropertyValueSpecification\",\"valueRequired\":true,\"valueName\":\"search_term_string\"}}],\"inLanguage\":\"es\"},{\"@type\":\"Organization\",\"@id\":\"https:\\\/\\\/kennol.com\\\/es\\\/#organization\",\"name\":\"PPO\",\"url\":\"https:\\\/\\\/kennol.com\\\/es\\\/\",\"logo\":{\"@type\":\"ImageObject\",\"inLanguage\":\"es\",\"@id\":\"https:\\\/\\\/kennol.com\\\/es\\\/#\\\/schema\\\/logo\\\/image\\\/\",\"url\":\"https:\\\/\\\/kennol.com\\\/wp-content\\\/uploads\\\/2018\\\/01\\\/KENNOL_logo_header.png\",\"contentUrl\":\"https:\\\/\\\/kennol.com\\\/wp-content\\\/uploads\\\/2018\\\/01\\\/KENNOL_logo_header.png\",\"width\":400,\"height\":140,\"caption\":\"PPO\"},\"image\":{\"@id\":\"https:\\\/\\\/kennol.com\\\/es\\\/#\\\/schema\\\/logo\\\/image\\\/\"}}]}<\/script>\n<!-- \/ Yoast SEO plugin. -->","yoast_head_json":{"title":"ECOLOGY 0W-30 504\/507 | KENNOL - Performance Oil","description":"KENNOL ECOLOGY 0W30 504\/507 is a fully synthetic motor oil with limited sulfated ashes, phosphorus and sulphur content (Mid SAPS) and thus increases protection and exhaust system lifetime. This lubricant is recommended for recent engines from VOLKSWAGEN, AUDI, MERCEDES BENZ, SKODA, SEAT, BMW car makers, requiring to meet ACEA C3 norm and equipped with catalyst or particulate filters.","robots":{"index":"index","follow":"follow","max-snippet":"max-snippet:-1","max-image-preview":"max-image-preview:large","max-video-preview":"max-video-preview:-1"},"canonical":"https:\/\/kennol.com\/es\/productos\/ecology-0w-30-504-507\/","og_locale":"es_ES","og_type":"article","og_title":"ECOLOGY 0W-30 504\/507 | KENNOL - Performance Oil","og_description":"KENNOL ECOLOGY 0W30 504\/507 is a fully synthetic motor oil with limited sulfated ashes, phosphorus and sulphur content (Mid SAPS) and thus increases protection and exhaust system lifetime. This lubricant is recommended for recent engines from VOLKSWAGEN, AUDI, MERCEDES BENZ, SKODA, SEAT, BMW car makers, requiring to meet ACEA C3 norm and equipped with catalyst or particulate filters.","og_url":"https:\/\/kennol.com\/es\/productos\/ecology-0w-30-504-507\/","og_site_name":"KENNOL","article_modified_time":"2025-10-15T08:44:52+00:00","og_image":[{"width":1100,"height":1100,"url":"https:\/\/kennol.com\/wp-content\/uploads\/KENNOL_ECOLOGY_0W-30_504_507-5.jpg","type":"image\/jpeg"}],"twitter_card":"summary_large_image","twitter_misc":{"Tiempo de lectura":"1 minuto"},"schema":{"@context":"https:\/\/schema.org","@graph":[{"@type":"WebPage","@id":"https:\/\/kennol.com\/es\/productos\/ecology-0w-30-504-507\/","url":"https:\/\/kennol.com\/es\/productos\/ecology-0w-30-504-507\/","name":"ECOLOGY 0W-30 504\/507 | KENNOL - Performance Oil","isPartOf":{"@id":"https:\/\/kennol.com\/es\/#website"},"primaryImageOfPage":{"@id":"https:\/\/kennol.com\/es\/productos\/ecology-0w-30-504-507\/#primaryimage"},"image":{"@id":"https:\/\/kennol.com\/es\/productos\/ecology-0w-30-504-507\/#primaryimage"},"thumbnailUrl":"https:\/\/kennol.com\/wp-content\/uploads\/KENNOL_ECOLOGY_0W-30_504_507-5.jpg","datePublished":"2018-04-18T10:09:30+00:00","dateModified":"2025-10-15T08:44:52+00:00","description":"KENNOL ECOLOGY 0W30 504\/507 is a fully synthetic motor oil with limited sulfated ashes, phosphorus and sulphur content (Mid SAPS) and thus increases protection and exhaust system lifetime. This lubricant is recommended for recent engines from VOLKSWAGEN, AUDI, MERCEDES BENZ, SKODA, SEAT, BMW car makers, requiring to meet ACEA C3 norm and equipped with catalyst or particulate filters.","breadcrumb":{"@id":"https:\/\/kennol.com\/es\/productos\/ecology-0w-30-504-507\/#breadcrumb"},"inLanguage":"es","potentialAction":[{"@type":"ReadAction","target":["https:\/\/kennol.com\/es\/productos\/ecology-0w-30-504-507\/"]}]},{"@type":"ImageObject","inLanguage":"es","@id":"https:\/\/kennol.com\/es\/productos\/ecology-0w-30-504-507\/#primaryimage","url":"https:\/\/kennol.com\/wp-content\/uploads\/KENNOL_ECOLOGY_0W-30_504_507-5.jpg","contentUrl":"https:\/\/kennol.com\/wp-content\/uploads\/KENNOL_ECOLOGY_0W-30_504_507-5.jpg","width":1100,"height":1100,"caption":"KENNOL ECOLOGY 504\/507 0W30 : CAR ENGINE OIL 100% SYNTHETIC"},{"@type":"BreadcrumbList","@id":"https:\/\/kennol.com\/es\/productos\/ecology-0w-30-504-507\/#breadcrumb","itemListElement":[{"@type":"ListItem","position":1,"name":"PRODUCTOS","item":"https:\/\/kennol.com\/es\/products-2\/"},{"@type":"ListItem","position":2,"name":"ECOLOGY 0W-30 504\/507"}]},{"@type":"WebSite","@id":"https:\/\/kennol.com\/es\/#website","url":"https:\/\/kennol.com\/es\/","name":"KENNOL","description":"Performance Oil","publisher":{"@id":"https:\/\/kennol.com\/es\/#organization"},"potentialAction":[{"@type":"SearchAction","target":{"@type":"EntryPoint","urlTemplate":"https:\/\/kennol.com\/es\/?s={search_term_string}"},"query-input":{"@type":"PropertyValueSpecification","valueRequired":true,"valueName":"search_term_string"}}],"inLanguage":"es"},{"@type":"Organization","@id":"https:\/\/kennol.com\/es\/#organization","name":"PPO","url":"https:\/\/kennol.com\/es\/","logo":{"@type":"ImageObject","inLanguage":"es","@id":"https:\/\/kennol.com\/es\/#\/schema\/logo\/image\/","url":"https:\/\/kennol.com\/wp-content\/uploads\/2018\/01\/KENNOL_logo_header.png","contentUrl":"https:\/\/kennol.com\/wp-content\/uploads\/2018\/01\/KENNOL_logo_header.png","width":400,"height":140,"caption":"PPO"},"image":{"@id":"https:\/\/kennol.com\/es\/#\/schema\/logo\/image\/"}}]}},"_links":{"self":[{"href":"https:\/\/kennol.com\/es\/wp-json\/wp\/v2\/product\/37972","targetHints":{"allow":["GET"]}}],"collection":[{"href":"https:\/\/kennol.com\/es\/wp-json\/wp\/v2\/product"}],"about":[{"href":"https:\/\/kennol.com\/es\/wp-json\/wp\/v2\/types\/product"}],"wp:featuredmedia":[{"embeddable":true,"href":"https:\/\/kennol.com\/es\/wp-json\/wp\/v2\/media\/37973"}],"wp:attachment":[{"href":"https:\/\/kennol.com\/es\/wp-json\/wp\/v2\/media?parent=37972"}],"wp:term":[{"taxonomy":"product_brand","embeddable":true,"href":"https:\/\/kennol.com\/es\/wp-json\/wp\/v2\/product_brand?post=37972"},{"taxonomy":"product_cat","embeddable":true,"href":"https:\/\/kennol.com\/es\/wp-json\/wp\/v2\/product_cat?post=37972"},{"taxonomy":"product_tag","embeddable":true,"href":"https:\/\/kennol.com\/es\/wp-json\/wp\/v2\/product_tag?post=37972"}],"curies":[{"name":"wp","href":"https:\/\/api.w.org\/{rel}","templated":true}]}}