{"id":37855,"date":"2018-04-18T11:08:54","date_gmt":"2018-04-18T09:08:54","guid":{"rendered":"https:\/\/kennol.com\/produits\/touring-10w30\/"},"modified":"2025-07-07T09:28:42","modified_gmt":"2025-07-07T07:28:42","slug":"touring-10w-30","status":"publish","type":"product","link":"https:\/\/kennol.com\/es\/productos\/touring-10w-30\/","title":{"rendered":"TOURING 10W-30"},"content":{"rendered":"<div class=\"wpb-content-wrapper\"><p>[vc_row row_content_width=\u00bbgrid\u00bb][vc_column][vc_empty_space height=\u00bb10px\u00bb][vc_column_text]<span style=\"color: #ffffff;\">Lubricante multigrado de alto rendimiento concebido para los motores de gasolina recientes (sobrealimentados, de inyecci\u00f3n, con o sin \u00e1rbol de levas) turismos y peque\u00f1os utilitarios en uso variado a severo (trayectos en ciudad, en autopista, reg\u00edmenes de rotaci\u00f3n elevados, sistema stop\/start).<\/span>[\/vc_column_text][vc_empty_space height=\u00bb10px\u00bb][vc_column_text]<span style=\"color: #999999;\"><em>CARACTER\u00cdSTICAS Y BENEFICIOS<\/em><\/span>[\/vc_column_text]<div class=\"eltd-separator-holder clearfix  eltd-separator-center \">\n\t<div class=\"eltd-separator\" style=\"border-color: #999999;border-style: solid;width: 100%;border-bottom-width: 1px\"><\/div>\n<\/div>\n[vc_column_text]<\/p>\n<p><span style=\"color: #999999;\">Antiwear and detergent properties.<\/span><br \/>\n<span style=\"color: #ee3124;\">\u2192 <\/span><span style=\"color: #ffffff;\">Extends engine life.<\/span><\/p>\n<p><span style=\"color: #999999;\">Low viscosity at low temperatures.<\/span><br \/>\n<span style=\"color: #ee3124;\">\u2192 <\/span><span style=\"color: #ffffff;\">Reduces wear at cold start.<\/span><\/p>\n<p><span style=\"color: #999999;\">High dispersing power.<\/span><br \/>\n<span style=\"color: #ee3124;\">\u2192 <\/span><span style=\"color: #ffffff;\">Allows complete safety in urban drive.<\/span><\/p>\n<p>[\/vc_column_text][\/vc_column][\/vc_row][vc_column][\/vc_column][vc_column][\/vc_column]<\/p>\n<\/div>","protected":false},"excerpt":{"rendered":"<h3><span style=\"color: #808080;\">ACEITE DE MOTOR MINERAL<\/span><\/h3>\n<p>&nbsp;<br \/>\n<span style=\"color: #666666;\"><em>ESPECIFICACIONES<\/em><\/span><\/p>\n<hr color=\"#666666\" line-height=\"1px\"\/>\n<span style=\"color: #ffffff;\"><b>SAE<\/b> 10W-30<br \/>\n<b>ACEA<\/b> A3\/B4<br \/>\n<b>API<\/b> SN\/CF<br \/>\n<b>MB<\/b> 229.1<br \/>\n<\/span>&nbsp;<br \/>\n<span style=\"color: #666666;\"><em>EMBALAJES DISPONIBLES<\/em><\/span><\/p>\n<hr color=\"#666666\" line-height=\"1px\"\/>\n<style>.col2 {-webkit-column-count: 2; -moz-column-count: 2; column-count: 2;}<\/style>\n<div class=\"col2\">\n<div class=\"leftcontainer\"><img decoding=\"async\" src=\"\/wp-content\/uploads\/KENNOL_CONDITIONNEMENT_5L.png\" onmouseover=\"this.src=&#039;\/wp-content\/uploads\/KENNOL_CONDITIONNEMENT_5L_VISUEL.png&#039;\" onmouseout=\"this.src=&#039;\/wp-content\/uploads\/KENNOL_CONDITIONNEMENT_5L.png&#039;\"\/><\/p>\n<p>194433<\/p>\n<\/div>\n<div class=\"leftcontainer\"><img decoding=\"async\" src=\"\/wp-content\/uploads\/KENNOL_CONDITIONNEMENT_220L.png\" onmouseover=\"this.src=&#039;\/wp-content\/uploads\/KENNOL_CONDITIONNEMENT_220L_VISUEL.png&#039;\" onmouseout=\"this.src=&#039;\/wp-content\/uploads\/KENNOL_CONDITIONNEMENT_220L.png&#039;\"\/><\/p>\n<p>194439<\/p>\n<\/div>\n<\/div>\n<p>&nbsp;<br \/>\n<em><span style=\"color: #666666;\">DESCARGAR<\/span><\/em><\/p>\n<hr color=\"#666666\" line-height=\"1px\"\/>\n<p><a href=\"\/EN\/FT\/KENNOL_TOURING_10W-30_EN.pdf\" target=\"_blank\" rel=\"noopener noreferrer\"><img decoding=\"async\" src=\"\/wp-content\/uploads\/2018\/03\/pdf.png\" alt=\"\" \/><\/a> <a style=\"color: #ee3124;\" href=\"\/EN\/FT\/KENNOL_TOURING_10W-30_EN.pdf\" target=\"_blank\" rel=\"noopener noreferrer\"><b>Ficha de datos t\u00e9cnicos<\/b><\/a><br \/>\n<a href=\"\/EN\/FDS\/KENNOL_TOURING_10W-30_EN.pdf\" target=\"_blank\" rel=\"noopener noreferrer\"><img decoding=\"async\" src=\"\/wp-content\/uploads\/2018\/03\/pdf.png\" alt=\"\" \/><\/a> <a style=\"color: #ee3124;\" href=\"\/EN\/FDS\/KENNOL_TOURING_10W-30_EN.pdf\" target=\"_blank\" rel=\"noopener noreferrer\"><b>Ficha de datos de seguridad<\/b><\/a><br \/>\n&nbsp;<br \/><a href=\"\/es\/la-marca\/etiquetas\/\"><img decoding=\"async\" src=\"\/wp-content\/uploads\/KENNOL_LOGO_MadeInFrance.png\" width=\"250\"><\/a><\/p>\n","protected":false},"featured_media":37861,"template":"","meta":{"_monsterinsights_skip_tracking":false,"_monsterinsights_sitenote_active":false,"_monsterinsights_sitenote_note":"","_monsterinsights_sitenote_category":0},"product_brand":[],"product_cat":[2103,2102],"product_tag":[2105,2106,2421],"class_list":{"0":"post-37855","1":"product","2":"type-product","3":"status-publish","4":"has-post-thumbnail","6":"product_cat-aceite-de-motor","7":"product_cat-coches","8":"product_tag-aceite-de-motor","9":"product_tag-coches","10":"product_tag-semi-sintesis","12":"first","13":"instock","14":"shipping-taxable","15":"product-type-simple"},"yoast_head":"<!-- This site is optimized with the Yoast SEO plugin v27.4 - https:\/\/yoast.com\/product\/yoast-seo-wordpress\/ -->\n<title>TOURING 10W-30 | KENNOL - Performance Oil<\/title>\n<meta name=\"description\" content=\"KENNOL TOURING 10W30 is a multi-grade high performance oil designed for recent gasoline engines (turbocharged, injection, with or without overhead camshaft) of passenger cars and light vans in various or severe service conditions (city or highway driving, high rotation speeds, \u201cstop\/start\u201d system).\" \/>\n<meta name=\"robots\" content=\"index, follow, max-snippet:-1, max-image-preview:large, max-video-preview:-1\" \/>\n<link rel=\"canonical\" href=\"https:\/\/kennol.com\/es\/productos\/touring-10w-30\/\" \/>\n<meta property=\"og:locale\" content=\"es_ES\" \/>\n<meta property=\"og:type\" content=\"article\" \/>\n<meta property=\"og:title\" content=\"TOURING 10W-30 | KENNOL - Performance Oil\" \/>\n<meta property=\"og:description\" content=\"KENNOL TOURING 10W30 is a multi-grade high performance oil designed for recent gasoline engines (turbocharged, injection, with or without overhead camshaft) of passenger cars and light vans in various or severe service conditions (city or highway driving, high rotation speeds, \u201cstop\/start\u201d system).\" \/>\n<meta property=\"og:url\" content=\"https:\/\/kennol.com\/es\/productos\/touring-10w-30\/\" \/>\n<meta property=\"og:site_name\" content=\"KENNOL\" \/>\n<meta property=\"article:modified_time\" content=\"2025-07-07T07:28:42+00:00\" \/>\n<meta property=\"og:image\" content=\"https:\/\/kennol.com\/wp-content\/uploads\/KENNOL_TOURING_10W-30.jpg\" \/>\n\t<meta property=\"og:image:width\" content=\"1100\" \/>\n\t<meta property=\"og:image:height\" content=\"1100\" \/>\n\t<meta property=\"og:image:type\" content=\"image\/jpeg\" \/>\n<meta name=\"twitter:card\" content=\"summary_large_image\" \/>\n<meta name=\"twitter:label1\" content=\"Tiempo de lectura\" \/>\n\t<meta name=\"twitter:data1\" content=\"1 minuto\" \/>\n<script type=\"application\/ld+json\" class=\"yoast-schema-graph\">{\"@context\":\"https:\\\/\\\/schema.org\",\"@graph\":[{\"@type\":\"WebPage\",\"@id\":\"https:\\\/\\\/kennol.com\\\/es\\\/productos\\\/touring-10w-30\\\/\",\"url\":\"https:\\\/\\\/kennol.com\\\/es\\\/productos\\\/touring-10w-30\\\/\",\"name\":\"TOURING 10W-30 | KENNOL - Performance Oil\",\"isPartOf\":{\"@id\":\"https:\\\/\\\/kennol.com\\\/es\\\/#website\"},\"primaryImageOfPage\":{\"@id\":\"https:\\\/\\\/kennol.com\\\/es\\\/productos\\\/touring-10w-30\\\/#primaryimage\"},\"image\":{\"@id\":\"https:\\\/\\\/kennol.com\\\/es\\\/productos\\\/touring-10w-30\\\/#primaryimage\"},\"thumbnailUrl\":\"https:\\\/\\\/kennol.com\\\/wp-content\\\/uploads\\\/KENNOL_TOURING_10W-30.jpg\",\"datePublished\":\"2018-04-18T09:08:54+00:00\",\"dateModified\":\"2025-07-07T07:28:42+00:00\",\"description\":\"KENNOL TOURING 10W30 is a multi-grade high performance oil designed for recent gasoline engines (turbocharged, injection, with or without overhead camshaft) of passenger cars and light vans in various or severe service conditions (city or highway driving, high rotation speeds, \u201cstop\\\/start\u201d system).\",\"breadcrumb\":{\"@id\":\"https:\\\/\\\/kennol.com\\\/es\\\/productos\\\/touring-10w-30\\\/#breadcrumb\"},\"inLanguage\":\"es\",\"potentialAction\":[{\"@type\":\"ReadAction\",\"target\":[\"https:\\\/\\\/kennol.com\\\/es\\\/productos\\\/touring-10w-30\\\/\"]}]},{\"@type\":\"ImageObject\",\"inLanguage\":\"es\",\"@id\":\"https:\\\/\\\/kennol.com\\\/es\\\/productos\\\/touring-10w-30\\\/#primaryimage\",\"url\":\"https:\\\/\\\/kennol.com\\\/wp-content\\\/uploads\\\/KENNOL_TOURING_10W-30.jpg\",\"contentUrl\":\"https:\\\/\\\/kennol.com\\\/wp-content\\\/uploads\\\/KENNOL_TOURING_10W-30.jpg\",\"width\":1100,\"height\":1100,\"caption\":\"KENNOL TOURING 10W30 : CAR MINERAL ENGINE OIL\"},{\"@type\":\"BreadcrumbList\",\"@id\":\"https:\\\/\\\/kennol.com\\\/es\\\/productos\\\/touring-10w-30\\\/#breadcrumb\",\"itemListElement\":[{\"@type\":\"ListItem\",\"position\":1,\"name\":\"PRODUCTOS\",\"item\":\"https:\\\/\\\/kennol.com\\\/es\\\/products-2\\\/\"},{\"@type\":\"ListItem\",\"position\":2,\"name\":\"TOURING 10W-30\"}]},{\"@type\":\"WebSite\",\"@id\":\"https:\\\/\\\/kennol.com\\\/es\\\/#website\",\"url\":\"https:\\\/\\\/kennol.com\\\/es\\\/\",\"name\":\"KENNOL\",\"description\":\"Performance Oil\",\"publisher\":{\"@id\":\"https:\\\/\\\/kennol.com\\\/es\\\/#organization\"},\"potentialAction\":[{\"@type\":\"SearchAction\",\"target\":{\"@type\":\"EntryPoint\",\"urlTemplate\":\"https:\\\/\\\/kennol.com\\\/es\\\/?s={search_term_string}\"},\"query-input\":{\"@type\":\"PropertyValueSpecification\",\"valueRequired\":true,\"valueName\":\"search_term_string\"}}],\"inLanguage\":\"es\"},{\"@type\":\"Organization\",\"@id\":\"https:\\\/\\\/kennol.com\\\/es\\\/#organization\",\"name\":\"PPO\",\"url\":\"https:\\\/\\\/kennol.com\\\/es\\\/\",\"logo\":{\"@type\":\"ImageObject\",\"inLanguage\":\"es\",\"@id\":\"https:\\\/\\\/kennol.com\\\/es\\\/#\\\/schema\\\/logo\\\/image\\\/\",\"url\":\"https:\\\/\\\/kennol.com\\\/wp-content\\\/uploads\\\/2018\\\/01\\\/KENNOL_logo_header.png\",\"contentUrl\":\"https:\\\/\\\/kennol.com\\\/wp-content\\\/uploads\\\/2018\\\/01\\\/KENNOL_logo_header.png\",\"width\":400,\"height\":140,\"caption\":\"PPO\"},\"image\":{\"@id\":\"https:\\\/\\\/kennol.com\\\/es\\\/#\\\/schema\\\/logo\\\/image\\\/\"}}]}<\/script>\n<!-- \/ Yoast SEO plugin. -->","yoast_head_json":{"title":"TOURING 10W-30 | KENNOL - Performance Oil","description":"KENNOL TOURING 10W30 is a multi-grade high performance oil designed for recent gasoline engines (turbocharged, injection, with or without overhead camshaft) of passenger cars and light vans in various or severe service conditions (city or highway driving, high rotation speeds, \u201cstop\/start\u201d system).","robots":{"index":"index","follow":"follow","max-snippet":"max-snippet:-1","max-image-preview":"max-image-preview:large","max-video-preview":"max-video-preview:-1"},"canonical":"https:\/\/kennol.com\/es\/productos\/touring-10w-30\/","og_locale":"es_ES","og_type":"article","og_title":"TOURING 10W-30 | KENNOL - Performance Oil","og_description":"KENNOL TOURING 10W30 is a multi-grade high performance oil designed for recent gasoline engines (turbocharged, injection, with or without overhead camshaft) of passenger cars and light vans in various or severe service conditions (city or highway driving, high rotation speeds, \u201cstop\/start\u201d system).","og_url":"https:\/\/kennol.com\/es\/productos\/touring-10w-30\/","og_site_name":"KENNOL","article_modified_time":"2025-07-07T07:28:42+00:00","og_image":[{"width":1100,"height":1100,"url":"https:\/\/kennol.com\/wp-content\/uploads\/KENNOL_TOURING_10W-30.jpg","type":"image\/jpeg"}],"twitter_card":"summary_large_image","twitter_misc":{"Tiempo de lectura":"1 minuto"},"schema":{"@context":"https:\/\/schema.org","@graph":[{"@type":"WebPage","@id":"https:\/\/kennol.com\/es\/productos\/touring-10w-30\/","url":"https:\/\/kennol.com\/es\/productos\/touring-10w-30\/","name":"TOURING 10W-30 | KENNOL - Performance Oil","isPartOf":{"@id":"https:\/\/kennol.com\/es\/#website"},"primaryImageOfPage":{"@id":"https:\/\/kennol.com\/es\/productos\/touring-10w-30\/#primaryimage"},"image":{"@id":"https:\/\/kennol.com\/es\/productos\/touring-10w-30\/#primaryimage"},"thumbnailUrl":"https:\/\/kennol.com\/wp-content\/uploads\/KENNOL_TOURING_10W-30.jpg","datePublished":"2018-04-18T09:08:54+00:00","dateModified":"2025-07-07T07:28:42+00:00","description":"KENNOL TOURING 10W30 is a multi-grade high performance oil designed for recent gasoline engines (turbocharged, injection, with or without overhead camshaft) of passenger cars and light vans in various or severe service conditions (city or highway driving, high rotation speeds, \u201cstop\/start\u201d system).","breadcrumb":{"@id":"https:\/\/kennol.com\/es\/productos\/touring-10w-30\/#breadcrumb"},"inLanguage":"es","potentialAction":[{"@type":"ReadAction","target":["https:\/\/kennol.com\/es\/productos\/touring-10w-30\/"]}]},{"@type":"ImageObject","inLanguage":"es","@id":"https:\/\/kennol.com\/es\/productos\/touring-10w-30\/#primaryimage","url":"https:\/\/kennol.com\/wp-content\/uploads\/KENNOL_TOURING_10W-30.jpg","contentUrl":"https:\/\/kennol.com\/wp-content\/uploads\/KENNOL_TOURING_10W-30.jpg","width":1100,"height":1100,"caption":"KENNOL TOURING 10W30 : CAR MINERAL ENGINE OIL"},{"@type":"BreadcrumbList","@id":"https:\/\/kennol.com\/es\/productos\/touring-10w-30\/#breadcrumb","itemListElement":[{"@type":"ListItem","position":1,"name":"PRODUCTOS","item":"https:\/\/kennol.com\/es\/products-2\/"},{"@type":"ListItem","position":2,"name":"TOURING 10W-30"}]},{"@type":"WebSite","@id":"https:\/\/kennol.com\/es\/#website","url":"https:\/\/kennol.com\/es\/","name":"KENNOL","description":"Performance Oil","publisher":{"@id":"https:\/\/kennol.com\/es\/#organization"},"potentialAction":[{"@type":"SearchAction","target":{"@type":"EntryPoint","urlTemplate":"https:\/\/kennol.com\/es\/?s={search_term_string}"},"query-input":{"@type":"PropertyValueSpecification","valueRequired":true,"valueName":"search_term_string"}}],"inLanguage":"es"},{"@type":"Organization","@id":"https:\/\/kennol.com\/es\/#organization","name":"PPO","url":"https:\/\/kennol.com\/es\/","logo":{"@type":"ImageObject","inLanguage":"es","@id":"https:\/\/kennol.com\/es\/#\/schema\/logo\/image\/","url":"https:\/\/kennol.com\/wp-content\/uploads\/2018\/01\/KENNOL_logo_header.png","contentUrl":"https:\/\/kennol.com\/wp-content\/uploads\/2018\/01\/KENNOL_logo_header.png","width":400,"height":140,"caption":"PPO"},"image":{"@id":"https:\/\/kennol.com\/es\/#\/schema\/logo\/image\/"}}]}},"_links":{"self":[{"href":"https:\/\/kennol.com\/es\/wp-json\/wp\/v2\/product\/37855","targetHints":{"allow":["GET"]}}],"collection":[{"href":"https:\/\/kennol.com\/es\/wp-json\/wp\/v2\/product"}],"about":[{"href":"https:\/\/kennol.com\/es\/wp-json\/wp\/v2\/types\/product"}],"wp:featuredmedia":[{"embeddable":true,"href":"https:\/\/kennol.com\/es\/wp-json\/wp\/v2\/media\/37861"}],"wp:attachment":[{"href":"https:\/\/kennol.com\/es\/wp-json\/wp\/v2\/media?parent=37855"}],"wp:term":[{"taxonomy":"product_brand","embeddable":true,"href":"https:\/\/kennol.com\/es\/wp-json\/wp\/v2\/product_brand?post=37855"},{"taxonomy":"product_cat","embeddable":true,"href":"https:\/\/kennol.com\/es\/wp-json\/wp\/v2\/product_cat?post=37855"},{"taxonomy":"product_tag","embeddable":true,"href":"https:\/\/kennol.com\/es\/wp-json\/wp\/v2\/product_tag?post=37855"}],"curies":[{"name":"wp","href":"https:\/\/api.w.org\/{rel}","templated":true}]}}