{"id":37789,"date":"2018-04-18T13:27:36","date_gmt":"2018-04-18T11:27:36","guid":{"rendered":"https:\/\/kennol.com\/produits\/cvt-fluid\/"},"modified":"2025-07-07T17:01:19","modified_gmt":"2025-07-07T15:01:19","slug":"cvt-fluid","status":"publish","type":"product","link":"https:\/\/kennol.com\/es\/productos\/cvt-fluid\/","title":{"rendered":"CVT FLUID"},"content":{"rendered":"<div class=\"wpb-content-wrapper\"><p>[vc_row row_content_width=\u00bbgrid\u00bb][vc_column][vc_empty_space height=\u00bb10px\u00bb][vc_column_text]<span style=\"color: #ffffff;\">Lubricante 1   00% sint\u00e9tico, especialmente desarrollado para la mayor\u00eda de las cajas de cambios autom\u00e1ticas de variaci\u00f3n continua (CVT), de correa o de cadena. No indicado para las CVT de veh\u00edculos h\u00edbridos y para las cajas de cambios autom\u00e1ticas de doble embrague (DSG o DCT). Antes de usarlo y, en caso de duda, consultar el manual de mantenimiento del veh\u00edculo.<\/span>[\/vc_column_text][vc_empty_space height=\u00bb10px\u00bb][vc_column_text]<span style=\"color: #999999;\"><em>CARACTER\u00cdSTICAS Y BENEFICIOS<\/em><\/span>[\/vc_column_text]<div class=\"eltd-separator-holder clearfix  eltd-separator-center \">\n\t<div class=\"eltd-separator\" style=\"border-color: #999999;border-style: solid;width: 100%;border-bottom-width: 1px\"><\/div>\n<\/div>\n[vc_column_text]<\/p>\n<p><span style=\"color: #999999;\">Exceptional thermal and shearing stability.<\/span><br \/>\n<span style=\"color: #ee3124;\">\u2192<\/span> <span style=\"color: #ffffff;\">Optimal performance over time.<\/span><br \/>\n<span style=\"color: #ee3124;\">\u2192<\/span> <span style=\"color: #ffffff;\">Improves its performances in severe usage conditions.<\/span><\/p>\n<p><span style=\"color: #999999;\">Low viscosity.<\/span><br \/>\n<span style=\"color: #ee3124;\">\u2192<\/span> <span style=\"color: #ffffff;\">Gives superior automatic transmission response: smooth shift feel and minimizing shift time lag.<\/span><\/p>\n<p>[\/vc_column_text][\/vc_column][\/vc_row][vc_column][\/vc_column][vc_column][\/vc_column]<\/p>\n<\/div>","protected":false},"excerpt":{"rendered":"<h3><span style=\"color: #808080;\">ACEITE DE CAJA DE CAMBIOS AUTOM\u00c1TICA<br \/>\n100% SINT\u00c9TICO<\/span><\/h3>\n<p>&nbsp;<br \/>\n<span style=\"color: #666666;\"><em>ESPECIFICACIONES<\/em><\/span><\/p>\n<hr color=\"#666666\" line-height=\"1px\"\/>\n<span style=\"color: #ffffff;\"><\/p>\n<style>.col2 {-webkit-column-count: 2; -moz-column-count: 2; column-count: 2;}<\/style>\n<div class=\"col2\"><b>AUDI<\/b> TL 52180, TL 52516, G 052 180, G 052 516<br \/>\n<b>BMW<\/b> 83 22 0 136 376,<br \/>\n83 22 0 429 154, EZL799,<br \/>\nEZL 799A<br \/>\n<b>DAIHATSU<\/b><br \/>\nAMMIX CVTF-DC,<br \/>\nAMMIX CVTF-DFE<br \/>\n<b>DODGE<\/b> NS-2, CVTF+4, MOPAR CVT+4<br \/>\n<b>FORD<\/b><br \/>\nCVT23, WSS-M2C933-A,<br \/>\nCVT30, WSS-M2C928-A,<br \/>\nMOTORCRAFT XT-7-QCFT, MERCON C<br \/>\n<b>GENERAL MOTORS<\/b><br \/>\nDEX-CVT, GM-CVT<br \/>\n<b>HONDA<\/b> HMMF, HCF-2<br \/>\n<b>HYUNDAI<\/b> SP-CVT 1, SP-III<br \/>\n<b>JEEP<\/b> NS-2, CVTF+4, MOPAR CVT+4<br \/>\n<b>KIA<\/b> SP-CVT 1, SP-III<br \/>\n<b>LEXUS<\/b> TC<br \/>\n<b>MAZDA<\/b> CVTF 3320<br \/>\n<b>MERCEDES-BENZ<\/b> MB CVT28, MB 236.20<br \/>\n<b>MINI COOPER<\/b> EZL 799,<br \/>\nEZL 799A, ZF CVT V1<br \/>\n<b>MITSUBISHI<\/b><br \/>\nDIAQUEEN CVTF-J1,<br \/>\nDIAQUEEN CVTF-J4, SP-III<br \/>\n<b>NISSAN<\/b> NS-1, NS-2, NS-3<br \/>\n<b>PUNCH<\/b> EZL 799\/ EZL 799A<br \/>\n<b>RENAULT<\/b> ELFMATIC CVT<br \/>\n<b>SATURN<\/b> DEX-CVT<br \/>\n<b>SUBARU<\/b> E-CVTF, I-CVTF, LINEARTRONIC CVTF II,<br \/>\nCV-30, NS-2<br \/>\n<b>SUZUKI<\/b> CVTF 3320, TC, NS-2, CVTF GREEN 1, SHELL GREEN 1V, CVFT FLUID GREEN 2<br \/>\n<b>TOYOTA<\/b> TC, FE<br \/>\n<b>VOLKSWAGEN<\/b><br \/>\nVW TL 52180, TL 52516,<br \/>\nG 052 180, G 052 516\n<\/div>\n<p><\/span>&nbsp;<br \/>\n<span style=\"color: #666666;\"><em>EMBALAJES DISPONIBLES<\/em><\/span><\/p>\n<hr color=\"#666666\" line-height=\"1px\"\/>\n<style>.col3 {-webkit-column-count: 3; -moz-column-count: 3; column-count: 3;}<\/style>\n<div class=\"col3\">\n<div class=\"leftcontainer\"><img decoding=\"async\" src=\"\/wp-content\/uploads\/KENNOL_CONDITIONNEMENT_1L.png\" onmouseover=\"this.src=&#039;\/wp-content\/uploads\/KENNOL_CONDITIONNEMENT_1L_VISUEL.png&#039;\" onmouseout=\"this.src=&#039;\/wp-content\/uploads\/KENNOL_CONDITIONNEMENT_1L.png&#039;\"\/><\/p>\n<p>125751<\/p>\n<\/div>\n<div class=\"leftcontainer\"><img decoding=\"async\" src=\"\/wp-content\/uploads\/KENNOL_CONDITIONNEMENT_20L.png\" onmouseover=\"this.src=&#039;\/wp-content\/uploads\/KENNOL_CONDITIONNEMENT_20L_VISUEL.png&#039;\" onmouseout=\"this.src=&#039;\/wp-content\/uploads\/KENNOL_CONDITIONNEMENT_20L.png&#039;\"\/><\/p>\n<p>125754<\/p>\n<\/div>\n<div class=\"leftcontainer\"><img decoding=\"async\" src=\"\/wp-content\/uploads\/KENNOL_CONDITIONNEMENT_20L_ECOBOX.png\" onmouseover=\"this.src=&#039;\/wp-content\/uploads\/KENNOL_CONDITIONNEMENT_20L_ECOBOX_VISUEL.png&#039;\" onmouseout=\"this.src=&#039;\/wp-content\/uploads\/KENNOL_CONDITIONNEMENT_20L_ECOBOX.png&#039;\"\/><\/p>\n<p>125757B<\/p>\n<\/div>\n<\/div>\n<p>&nbsp;<br \/>\n<em><span style=\"color: #666666;\">DESCARGAR<\/span><\/em><\/p>\n<hr color=\"#666666\" line-height=\"1px\"\/>\n<p><a href=\"\/EN\/FT\/KENNOL_CVT_FLUID_EN.pdf\" target=\"_blank\" rel=\"noopener noreferrer\"><img decoding=\"async\" src=\"\/wp-content\/uploads\/2018\/03\/pdf.png\" alt=\"\" \/><\/a> <a style=\"color: #ee3124;\" href=\"\/EN\/FT\/KENNOL_CVT_FLUID_EN.pdf\" target=\"_blank\" rel=\"noopener noreferrer\"><b>Ficha de datos t\u00e9cnicos<\/b><\/a><br \/>\n<a href=\"\/EN\/FDS\/KENNOL_CVT_FLUID_EN.pdf\" target=\"_blank\" rel=\"noopener noreferrer\"><img decoding=\"async\" src=\"\/wp-content\/uploads\/2018\/03\/pdf.png\" alt=\"\" \/><\/a> <a style=\"color: #ee3124;\" href=\"\/EN\/FDS\/KENNOL_CVT_FLUID_EN.pdf\" target=\"_blank\" rel=\"noopener noreferrer\"><b>Ficha de datos de seguridad<\/b><\/a><br \/>\n&nbsp;<br \/>\n<a href=\"\/es\/la-marca\/etiquetas\/\"><img decoding=\"async\" src=\"\/wp-content\/uploads\/KENNOL_LOGO_MadeInFrance.png\" width=\"250\"><\/a><\/p>\n","protected":false},"featured_media":37790,"template":"","meta":{"_monsterinsights_skip_tracking":false,"_monsterinsights_sitenote_active":false,"_monsterinsights_sitenote_note":"","_monsterinsights_sitenote_category":0},"product_brand":[],"product_cat":[2500,2102],"product_tag":[2746,2509,2106],"class_list":{"0":"post-37789","1":"product","2":"type-product","3":"status-publish","4":"has-post-thumbnail","6":"product_cat-aceites-para-transmision-es","7":"product_cat-coches","8":"product_tag-100-sintetico-es-2","9":"product_tag-aceite-de-transmision-automatica","10":"product_tag-coches","12":"first","13":"instock","14":"shipping-taxable","15":"product-type-simple"},"yoast_head":"<!-- This site is optimized with the Yoast SEO plugin v27.5 - https:\/\/yoast.com\/product\/yoast-seo-wordpress\/ -->\n<title>CVT FLUID | KENNOL - Performance Oil<\/title>\n<meta name=\"description\" content=\"KENNOL CVT FLUID is a 100% synthetic lubricant, especially developed for most automatic gearboxes with Continuously Variable Transmissions (CVT) both belts and chains. It is neither suitable for hybrid vehicles CVT, nor for Direct-Shift Gearboxes or automatic Dual Clutch Transmissions (DSG or DCT).\" \/>\n<meta name=\"robots\" content=\"index, follow, max-snippet:-1, max-image-preview:large, max-video-preview:-1\" \/>\n<link rel=\"canonical\" href=\"https:\/\/kennol.com\/es\/productos\/cvt-fluid\/\" \/>\n<meta property=\"og:locale\" content=\"es_ES\" \/>\n<meta property=\"og:type\" content=\"article\" \/>\n<meta property=\"og:title\" content=\"CVT FLUID | KENNOL - Performance Oil\" \/>\n<meta property=\"og:description\" content=\"KENNOL CVT FLUID is a 100% synthetic lubricant, especially developed for most automatic gearboxes with Continuously Variable Transmissions (CVT) both belts and chains. It is neither suitable for hybrid vehicles CVT, nor for Direct-Shift Gearboxes or automatic Dual Clutch Transmissions (DSG or DCT).\" \/>\n<meta property=\"og:url\" content=\"https:\/\/kennol.com\/es\/productos\/cvt-fluid\/\" \/>\n<meta property=\"og:site_name\" content=\"KENNOL\" \/>\n<meta property=\"article:modified_time\" content=\"2025-07-07T15:01:19+00:00\" \/>\n<meta property=\"og:image\" content=\"https:\/\/kennol.com\/wp-content\/uploads\/KENNOL_CVT_FLUID-5.jpg\" \/>\n\t<meta property=\"og:image:width\" content=\"1100\" \/>\n\t<meta property=\"og:image:height\" content=\"1100\" \/>\n\t<meta property=\"og:image:type\" content=\"image\/jpeg\" \/>\n<meta name=\"twitter:card\" content=\"summary_large_image\" \/>\n<meta name=\"twitter:label1\" content=\"Tiempo de lectura\" \/>\n\t<meta name=\"twitter:data1\" content=\"1 minuto\" \/>\n<script type=\"application\/ld+json\" class=\"yoast-schema-graph\">{\"@context\":\"https:\\\/\\\/schema.org\",\"@graph\":[{\"@type\":\"WebPage\",\"@id\":\"https:\\\/\\\/kennol.com\\\/es\\\/productos\\\/cvt-fluid\\\/\",\"url\":\"https:\\\/\\\/kennol.com\\\/es\\\/productos\\\/cvt-fluid\\\/\",\"name\":\"CVT FLUID | KENNOL - Performance Oil\",\"isPartOf\":{\"@id\":\"https:\\\/\\\/kennol.com\\\/es\\\/#website\"},\"primaryImageOfPage\":{\"@id\":\"https:\\\/\\\/kennol.com\\\/es\\\/productos\\\/cvt-fluid\\\/#primaryimage\"},\"image\":{\"@id\":\"https:\\\/\\\/kennol.com\\\/es\\\/productos\\\/cvt-fluid\\\/#primaryimage\"},\"thumbnailUrl\":\"https:\\\/\\\/kennol.com\\\/wp-content\\\/uploads\\\/KENNOL_CVT_FLUID-5.jpg\",\"datePublished\":\"2018-04-18T11:27:36+00:00\",\"dateModified\":\"2025-07-07T15:01:19+00:00\",\"description\":\"KENNOL CVT FLUID is a 100% synthetic lubricant, especially developed for most automatic gearboxes with Continuously Variable Transmissions (CVT) both belts and chains. It is neither suitable for hybrid vehicles CVT, nor for Direct-Shift Gearboxes or automatic Dual Clutch Transmissions (DSG or DCT).\",\"breadcrumb\":{\"@id\":\"https:\\\/\\\/kennol.com\\\/es\\\/productos\\\/cvt-fluid\\\/#breadcrumb\"},\"inLanguage\":\"es\",\"potentialAction\":[{\"@type\":\"ReadAction\",\"target\":[\"https:\\\/\\\/kennol.com\\\/es\\\/productos\\\/cvt-fluid\\\/\"]}]},{\"@type\":\"ImageObject\",\"inLanguage\":\"es\",\"@id\":\"https:\\\/\\\/kennol.com\\\/es\\\/productos\\\/cvt-fluid\\\/#primaryimage\",\"url\":\"https:\\\/\\\/kennol.com\\\/wp-content\\\/uploads\\\/KENNOL_CVT_FLUID-5.jpg\",\"contentUrl\":\"https:\\\/\\\/kennol.com\\\/wp-content\\\/uploads\\\/KENNOL_CVT_FLUID-5.jpg\",\"width\":1100,\"height\":1100,\"caption\":\"KENNOL CVT FLUID : CAR AUTOMATIC GEARBOX OIL 100% SYNTHETIC\"},{\"@type\":\"BreadcrumbList\",\"@id\":\"https:\\\/\\\/kennol.com\\\/es\\\/productos\\\/cvt-fluid\\\/#breadcrumb\",\"itemListElement\":[{\"@type\":\"ListItem\",\"position\":1,\"name\":\"PRODUCTOS\",\"item\":\"https:\\\/\\\/kennol.com\\\/es\\\/products-2\\\/\"},{\"@type\":\"ListItem\",\"position\":2,\"name\":\"CVT FLUID\"}]},{\"@type\":\"WebSite\",\"@id\":\"https:\\\/\\\/kennol.com\\\/es\\\/#website\",\"url\":\"https:\\\/\\\/kennol.com\\\/es\\\/\",\"name\":\"KENNOL\",\"description\":\"Performance Oil\",\"publisher\":{\"@id\":\"https:\\\/\\\/kennol.com\\\/es\\\/#organization\"},\"potentialAction\":[{\"@type\":\"SearchAction\",\"target\":{\"@type\":\"EntryPoint\",\"urlTemplate\":\"https:\\\/\\\/kennol.com\\\/es\\\/?s={search_term_string}\"},\"query-input\":{\"@type\":\"PropertyValueSpecification\",\"valueRequired\":true,\"valueName\":\"search_term_string\"}}],\"inLanguage\":\"es\"},{\"@type\":\"Organization\",\"@id\":\"https:\\\/\\\/kennol.com\\\/es\\\/#organization\",\"name\":\"PPO\",\"url\":\"https:\\\/\\\/kennol.com\\\/es\\\/\",\"logo\":{\"@type\":\"ImageObject\",\"inLanguage\":\"es\",\"@id\":\"https:\\\/\\\/kennol.com\\\/es\\\/#\\\/schema\\\/logo\\\/image\\\/\",\"url\":\"https:\\\/\\\/kennol.com\\\/wp-content\\\/uploads\\\/2018\\\/01\\\/KENNOL_logo_header.png\",\"contentUrl\":\"https:\\\/\\\/kennol.com\\\/wp-content\\\/uploads\\\/2018\\\/01\\\/KENNOL_logo_header.png\",\"width\":400,\"height\":140,\"caption\":\"PPO\"},\"image\":{\"@id\":\"https:\\\/\\\/kennol.com\\\/es\\\/#\\\/schema\\\/logo\\\/image\\\/\"}}]}<\/script>\n<!-- \/ Yoast SEO plugin. -->","yoast_head_json":{"title":"CVT FLUID | KENNOL - Performance Oil","description":"KENNOL CVT FLUID is a 100% synthetic lubricant, especially developed for most automatic gearboxes with Continuously Variable Transmissions (CVT) both belts and chains. It is neither suitable for hybrid vehicles CVT, nor for Direct-Shift Gearboxes or automatic Dual Clutch Transmissions (DSG or DCT).","robots":{"index":"index","follow":"follow","max-snippet":"max-snippet:-1","max-image-preview":"max-image-preview:large","max-video-preview":"max-video-preview:-1"},"canonical":"https:\/\/kennol.com\/es\/productos\/cvt-fluid\/","og_locale":"es_ES","og_type":"article","og_title":"CVT FLUID | KENNOL - Performance Oil","og_description":"KENNOL CVT FLUID is a 100% synthetic lubricant, especially developed for most automatic gearboxes with Continuously Variable Transmissions (CVT) both belts and chains. It is neither suitable for hybrid vehicles CVT, nor for Direct-Shift Gearboxes or automatic Dual Clutch Transmissions (DSG or DCT).","og_url":"https:\/\/kennol.com\/es\/productos\/cvt-fluid\/","og_site_name":"KENNOL","article_modified_time":"2025-07-07T15:01:19+00:00","og_image":[{"width":1100,"height":1100,"url":"https:\/\/kennol.com\/wp-content\/uploads\/KENNOL_CVT_FLUID-5.jpg","type":"image\/jpeg"}],"twitter_card":"summary_large_image","twitter_misc":{"Tiempo de lectura":"1 minuto"},"schema":{"@context":"https:\/\/schema.org","@graph":[{"@type":"WebPage","@id":"https:\/\/kennol.com\/es\/productos\/cvt-fluid\/","url":"https:\/\/kennol.com\/es\/productos\/cvt-fluid\/","name":"CVT FLUID | KENNOL - Performance Oil","isPartOf":{"@id":"https:\/\/kennol.com\/es\/#website"},"primaryImageOfPage":{"@id":"https:\/\/kennol.com\/es\/productos\/cvt-fluid\/#primaryimage"},"image":{"@id":"https:\/\/kennol.com\/es\/productos\/cvt-fluid\/#primaryimage"},"thumbnailUrl":"https:\/\/kennol.com\/wp-content\/uploads\/KENNOL_CVT_FLUID-5.jpg","datePublished":"2018-04-18T11:27:36+00:00","dateModified":"2025-07-07T15:01:19+00:00","description":"KENNOL CVT FLUID is a 100% synthetic lubricant, especially developed for most automatic gearboxes with Continuously Variable Transmissions (CVT) both belts and chains. It is neither suitable for hybrid vehicles CVT, nor for Direct-Shift Gearboxes or automatic Dual Clutch Transmissions (DSG or DCT).","breadcrumb":{"@id":"https:\/\/kennol.com\/es\/productos\/cvt-fluid\/#breadcrumb"},"inLanguage":"es","potentialAction":[{"@type":"ReadAction","target":["https:\/\/kennol.com\/es\/productos\/cvt-fluid\/"]}]},{"@type":"ImageObject","inLanguage":"es","@id":"https:\/\/kennol.com\/es\/productos\/cvt-fluid\/#primaryimage","url":"https:\/\/kennol.com\/wp-content\/uploads\/KENNOL_CVT_FLUID-5.jpg","contentUrl":"https:\/\/kennol.com\/wp-content\/uploads\/KENNOL_CVT_FLUID-5.jpg","width":1100,"height":1100,"caption":"KENNOL CVT FLUID : CAR AUTOMATIC GEARBOX OIL 100% SYNTHETIC"},{"@type":"BreadcrumbList","@id":"https:\/\/kennol.com\/es\/productos\/cvt-fluid\/#breadcrumb","itemListElement":[{"@type":"ListItem","position":1,"name":"PRODUCTOS","item":"https:\/\/kennol.com\/es\/products-2\/"},{"@type":"ListItem","position":2,"name":"CVT FLUID"}]},{"@type":"WebSite","@id":"https:\/\/kennol.com\/es\/#website","url":"https:\/\/kennol.com\/es\/","name":"KENNOL","description":"Performance Oil","publisher":{"@id":"https:\/\/kennol.com\/es\/#organization"},"potentialAction":[{"@type":"SearchAction","target":{"@type":"EntryPoint","urlTemplate":"https:\/\/kennol.com\/es\/?s={search_term_string}"},"query-input":{"@type":"PropertyValueSpecification","valueRequired":true,"valueName":"search_term_string"}}],"inLanguage":"es"},{"@type":"Organization","@id":"https:\/\/kennol.com\/es\/#organization","name":"PPO","url":"https:\/\/kennol.com\/es\/","logo":{"@type":"ImageObject","inLanguage":"es","@id":"https:\/\/kennol.com\/es\/#\/schema\/logo\/image\/","url":"https:\/\/kennol.com\/wp-content\/uploads\/2018\/01\/KENNOL_logo_header.png","contentUrl":"https:\/\/kennol.com\/wp-content\/uploads\/2018\/01\/KENNOL_logo_header.png","width":400,"height":140,"caption":"PPO"},"image":{"@id":"https:\/\/kennol.com\/es\/#\/schema\/logo\/image\/"}}]}},"_links":{"self":[{"href":"https:\/\/kennol.com\/es\/wp-json\/wp\/v2\/product\/37789","targetHints":{"allow":["GET"]}}],"collection":[{"href":"https:\/\/kennol.com\/es\/wp-json\/wp\/v2\/product"}],"about":[{"href":"https:\/\/kennol.com\/es\/wp-json\/wp\/v2\/types\/product"}],"wp:featuredmedia":[{"embeddable":true,"href":"https:\/\/kennol.com\/es\/wp-json\/wp\/v2\/media\/37790"}],"wp:attachment":[{"href":"https:\/\/kennol.com\/es\/wp-json\/wp\/v2\/media?parent=37789"}],"wp:term":[{"taxonomy":"product_brand","embeddable":true,"href":"https:\/\/kennol.com\/es\/wp-json\/wp\/v2\/product_brand?post=37789"},{"taxonomy":"product_cat","embeddable":true,"href":"https:\/\/kennol.com\/es\/wp-json\/wp\/v2\/product_cat?post=37789"},{"taxonomy":"product_tag","embeddable":true,"href":"https:\/\/kennol.com\/es\/wp-json\/wp\/v2\/product_tag?post=37789"}],"curies":[{"name":"wp","href":"https:\/\/api.w.org\/{rel}","templated":true}]}}