{"id":33926,"date":"2018-05-03T10:05:26","date_gmt":"2018-05-03T10:05:26","guid":{"rendered":"https:\/\/kennol.com\/produits\/chaining-150\/"},"modified":"2025-08-12T14:54:59","modified_gmt":"2025-08-12T12:54:59","slug":"chaining-150","status":"publish","type":"product","link":"https:\/\/kennol.com\/es\/productos\/chaining-150\/","title":{"rendered":"CHAINING 150"},"content":{"rendered":"<div class=\"wpb-content-wrapper\"><p>[vc_row row_content_width=\u00bbgrid\u00bb][vc_column][vc_empty_space height=\u00bb10px\u00bb][vc_column_text]<span style=\"color: #ffffff;\">Aceite adhesivo y fluido, formulado especialmente para lubricar las cadenas de sierra mec\u00e1nica. El aceite se adhiere a la cadena lo que evita proyecciones, mejora la lubricaci\u00f3n y disminuye el consumo. Inoxidable. Apto para todo tipo de sierras mec\u00e1nicas.<\/span>[\/vc_column_text][vc_empty_space height=\u00bb10px\u00bb][vc_column_text]<span style=\"color: #999999;\"><em>CARACTER\u00cdSTICAS Y BENEFICIOS<\/em><\/span>[\/vc_column_text]<div class=\"eltd-separator-holder clearfix  eltd-separator-center \">\n\t<div class=\"eltd-separator\" style=\"border-color: #999999;border-style: solid;width: 100%;border-bottom-width: 1px\"><\/div>\n<\/div>\n[vc_column_text]<span style=\"color: #999999;\">Propiedades adhesivas.<\/span><br \/>\n<span style=\"color: #ee3124;\">\u2192\u00a0<\/span><span style=\"color: #ffffff;\">Protege el metal.<\/span><br \/>\n<span style=\"color: #ee3124;\">\u2192\u00a0<\/span><span style=\"color: #ffffff;\">Reduce el consumo de aceite.<\/span><\/p>\n<p><span style=\"color: #999999;\">Buena fluidez.<\/span><br \/>\n<span style=\"color: #ee3124;\">\u2192\u00a0<\/span><span style=\"color: #ffffff;\">Alarga la vida de la cadena.<\/span><\/p>\n<p><span style=\"color: #999999;\"> Propiedades lubricantes.<\/span><br \/>\n<span style=\"color: #ee3124;\">\u2192\u00a0<\/span><span style=\"color: #ffffff;\">Limita el desgaste de los remaches.<\/span><br \/>\n<span style=\"color: #ee3124;\">\u2192\u00a0<\/span><span style=\"color: #ffffff;\">Reduce la fricci\u00f3n.<\/span><br \/>\n<span style=\"color: #ee3124;\">\u2192\u00a0<\/span><span style=\"color: #ffffff;\">Protege la gu\u00eda.<\/span><\/p>\n<p><span style=\"color: #999999;\"> Propiedades anticorrosivas.<\/span><br \/>\n<span style=\"color: #ee3124;\">\u2192\u00a0<\/span><span style=\"color: #ffffff;\">Permite una buena protecci\u00f3n incluso en condiciones de humedad.<\/span>[\/vc_column_text][\/vc_column][\/vc_row][vc_column][\/vc_column][vc_column][\/vc_column]<\/p>\n<\/div>","protected":false},"excerpt":{"rendered":"<h3><span style=\"color: #808080;\">ACEITE PARA CADENA<\/span><\/h3>\n<p>&nbsp;<br \/>\n<span style=\"color: #666666;\"><em>ESPECIFICACIONES<\/em><\/span><\/p>\n<hr color=\"#666666\" line-height=\"1px\"\/>\n<span style=\"color: #ffffff;\"><b>ISO<\/b> VG 150<br \/>\n<\/span><br \/>\n<span style=\"color: #666666;\"><em>EMBALAJES DISPONIBLES<\/em><\/span><\/p>\n<hr color=\"#666666\" line-height=\"1px\"\/>\n<style>.col3 {-webkit-column-count: 3; -moz-column-count: 3; column-count: 3;}<\/style>\n<div class=\"col3\">\n<div class=\"leftcontainer\"><img decoding=\"async\" src=\"\/wp-content\/uploads\/KENNOL_CONDITIONNEMENT_5L.png\" onmouseover=\"this.src=&#039;\/wp-content\/uploads\/KENNOL_CONDITIONNEMENT_5L_VISUEL.png&#039;\" onmouseout=\"this.src=&#039;\/wp-content\/uploads\/KENNOL_CONDITIONNEMENT_5L.png&#039;\"\/><\/p>\n<p>126133<\/p>\n<\/div>\n<div class=\"leftcontainer\"><img decoding=\"async\" src=\"\/wp-content\/uploads\/KENNOL_CONDITIONNEMENT_20L.png\" onmouseover=\"this.src=&#039;\/wp-content\/uploads\/KENNOL_CONDITIONNEMENT_20L_VISUEL.png&#039;\" onmouseout=\"this.src=&#039;\/wp-content\/uploads\/KENNOL_CONDITIONNEMENT_20L.png&#039;\"\/><\/p>\n<p>126137<\/p>\n<\/div>\n<div class=\"leftcontainer\"><img decoding=\"async\" src=\"\/wp-content\/uploads\/KENNOL_CONDITIONNEMENT_220L.png\" onmouseover=\"this.src=&#039;\/wp-content\/uploads\/KENNOL_CONDITIONNEMENT_220L_VISUEL.png&#039;\" onmouseout=\"this.src=&#039;\/wp-content\/uploads\/KENNOL_CONDITIONNEMENT_220L.png&#039;\"\/><\/p>\n<p>126139<\/p>\n<\/div>\n<\/div>\n<p>&nbsp;<\/p>\n<p><em><span style=\"color: #666666;\">DESCARGAR<\/span><\/em><\/p>\n<hr color=\"#666666\" line-height=\"1px\"\/>\n<p><a href=\"\/EN\/FT\/KENNOL_CHAINING_150_EN.pdf\" target=\"_blank\" rel=\"noopener noreferrer\"><img decoding=\"async\" src=\"\/wp-content\/uploads\/2018\/03\/pdf.png\" alt=\"\" \/><\/a>  <a style=\"color: #ee3124;\" href=\"\/EN\/FT\/KENNOL_CHAINING_150_EN.pdf\" target=\"_blank\" rel=\"noopener noreferrer\"><b>Ficha de datos t\u00e9cnicos<\/b><\/a><br \/>\n<a href=\"\/EN\/FDS\/KENNOL_CHAINING_150_EN.pdf\" target=\"_blank\" rel=\"noopener noreferrer\"><img decoding=\"async\" src=\"\/wp-content\/uploads\/2018\/03\/pdf.png\" alt=\"\" \/><\/a>  <span style=\"color: #ee3124;\"><a style=\"color: #ee3124;\" href=\"\/EN\/FDS\/KENNOL_CHAINING_150_EN.pdf\" target=\"_blank\" rel=\"noopener noreferrer\"><b>Ficha de datos de seguridad<\/b><\/a><br \/>\n&nbsp;<br \/>\n<a href=\"\/es\/la-marca\/etiquetas\/\"><img decoding=\"async\" src=\"\/wp-content\/uploads\/KENNOL_LOGO_MadeInFrance.png\" width=\"250\"\/><\/a><\/p>\n","protected":false},"featured_media":33927,"template":"","meta":{"_monsterinsights_skip_tracking":false,"_monsterinsights_sitenote_active":false,"_monsterinsights_sitenote_note":"","_monsterinsights_sitenote_category":0},"product_brand":[],"product_cat":[2813,2100],"product_tag":[2107],"class_list":{"0":"post-33926","1":"product","2":"type-product","3":"status-publish","4":"has-post-thumbnail","6":"product_cat-bosque","7":"product_cat-maquinaria-agricola-y-de-obra","8":"product_tag-aceite-para-cadena","10":"first","11":"instock","12":"shipping-taxable","13":"product-type-simple"},"yoast_head":"<!-- This site is optimized with the Yoast SEO plugin v27.4 - https:\/\/yoast.com\/product\/yoast-seo-wordpress\/ -->\n<title>CHAINING 150 | KENNOL - Performance Oil<\/title>\n<meta name=\"description\" content=\"Aceite mineral dise\u00f1ado para la lubricaci\u00f3n de cadenas y gu\u00edas de grandes motosierras utilizadas por profesionales, con una velocidad lineal de cadena de hasta 80 km\/h.\" \/>\n<meta name=\"robots\" content=\"index, follow, max-snippet:-1, max-image-preview:large, max-video-preview:-1\" \/>\n<link rel=\"canonical\" href=\"https:\/\/kennol.com\/es\/productos\/chaining-150\/\" \/>\n<meta property=\"og:locale\" content=\"es_ES\" \/>\n<meta property=\"og:type\" content=\"article\" \/>\n<meta property=\"og:title\" content=\"CHAINING 150 | KENNOL - Performance Oil\" \/>\n<meta property=\"og:description\" content=\"Aceite mineral dise\u00f1ado para la lubricaci\u00f3n de cadenas y gu\u00edas de grandes motosierras utilizadas por profesionales, con una velocidad lineal de cadena de hasta 80 km\/h.\" \/>\n<meta property=\"og:url\" content=\"https:\/\/kennol.com\/es\/productos\/chaining-150\/\" \/>\n<meta property=\"og:site_name\" content=\"KENNOL\" \/>\n<meta property=\"article:modified_time\" content=\"2025-08-12T12:54:59+00:00\" \/>\n<meta property=\"og:image\" content=\"https:\/\/kennol.com\/wp-content\/uploads\/KENNOL_CHAINING_150-2.jpg\" \/>\n\t<meta property=\"og:image:width\" content=\"1100\" \/>\n\t<meta property=\"og:image:height\" content=\"1100\" \/>\n\t<meta property=\"og:image:type\" content=\"image\/jpeg\" \/>\n<meta name=\"twitter:card\" content=\"summary_large_image\" \/>\n<meta name=\"twitter:label1\" content=\"Tiempo de lectura\" \/>\n\t<meta name=\"twitter:data1\" content=\"1 minuto\" \/>\n<script type=\"application\/ld+json\" class=\"yoast-schema-graph\">{\"@context\":\"https:\\\/\\\/schema.org\",\"@graph\":[{\"@type\":\"WebPage\",\"@id\":\"https:\\\/\\\/kennol.com\\\/es\\\/productos\\\/chaining-150\\\/\",\"url\":\"https:\\\/\\\/kennol.com\\\/es\\\/productos\\\/chaining-150\\\/\",\"name\":\"CHAINING 150 | KENNOL - Performance Oil\",\"isPartOf\":{\"@id\":\"https:\\\/\\\/kennol.com\\\/es\\\/#website\"},\"primaryImageOfPage\":{\"@id\":\"https:\\\/\\\/kennol.com\\\/es\\\/productos\\\/chaining-150\\\/#primaryimage\"},\"image\":{\"@id\":\"https:\\\/\\\/kennol.com\\\/es\\\/productos\\\/chaining-150\\\/#primaryimage\"},\"thumbnailUrl\":\"https:\\\/\\\/kennol.com\\\/wp-content\\\/uploads\\\/KENNOL_CHAINING_150-2.jpg\",\"datePublished\":\"2018-05-03T10:05:26+00:00\",\"dateModified\":\"2025-08-12T12:54:59+00:00\",\"description\":\"Aceite mineral dise\u00f1ado para la lubricaci\u00f3n de cadenas y gu\u00edas de grandes motosierras utilizadas por profesionales, con una velocidad lineal de cadena de hasta 80 km\\\/h.\",\"breadcrumb\":{\"@id\":\"https:\\\/\\\/kennol.com\\\/es\\\/productos\\\/chaining-150\\\/#breadcrumb\"},\"inLanguage\":\"es\",\"potentialAction\":[{\"@type\":\"ReadAction\",\"target\":[\"https:\\\/\\\/kennol.com\\\/es\\\/productos\\\/chaining-150\\\/\"]}]},{\"@type\":\"ImageObject\",\"inLanguage\":\"es\",\"@id\":\"https:\\\/\\\/kennol.com\\\/es\\\/productos\\\/chaining-150\\\/#primaryimage\",\"url\":\"https:\\\/\\\/kennol.com\\\/wp-content\\\/uploads\\\/KENNOL_CHAINING_150-2.jpg\",\"contentUrl\":\"https:\\\/\\\/kennol.com\\\/wp-content\\\/uploads\\\/KENNOL_CHAINING_150-2.jpg\",\"width\":1100,\"height\":1100,\"caption\":\"KENNOL CHAINING 150 : CHAINING OIL\"},{\"@type\":\"BreadcrumbList\",\"@id\":\"https:\\\/\\\/kennol.com\\\/es\\\/productos\\\/chaining-150\\\/#breadcrumb\",\"itemListElement\":[{\"@type\":\"ListItem\",\"position\":1,\"name\":\"PRODUCTOS\",\"item\":\"https:\\\/\\\/kennol.com\\\/es\\\/products-2\\\/\"},{\"@type\":\"ListItem\",\"position\":2,\"name\":\"CHAINING 150\"}]},{\"@type\":\"WebSite\",\"@id\":\"https:\\\/\\\/kennol.com\\\/es\\\/#website\",\"url\":\"https:\\\/\\\/kennol.com\\\/es\\\/\",\"name\":\"KENNOL\",\"description\":\"Performance Oil\",\"publisher\":{\"@id\":\"https:\\\/\\\/kennol.com\\\/es\\\/#organization\"},\"potentialAction\":[{\"@type\":\"SearchAction\",\"target\":{\"@type\":\"EntryPoint\",\"urlTemplate\":\"https:\\\/\\\/kennol.com\\\/es\\\/?s={search_term_string}\"},\"query-input\":{\"@type\":\"PropertyValueSpecification\",\"valueRequired\":true,\"valueName\":\"search_term_string\"}}],\"inLanguage\":\"es\"},{\"@type\":\"Organization\",\"@id\":\"https:\\\/\\\/kennol.com\\\/es\\\/#organization\",\"name\":\"PPO\",\"url\":\"https:\\\/\\\/kennol.com\\\/es\\\/\",\"logo\":{\"@type\":\"ImageObject\",\"inLanguage\":\"es\",\"@id\":\"https:\\\/\\\/kennol.com\\\/es\\\/#\\\/schema\\\/logo\\\/image\\\/\",\"url\":\"https:\\\/\\\/kennol.com\\\/wp-content\\\/uploads\\\/2018\\\/01\\\/KENNOL_logo_header.png\",\"contentUrl\":\"https:\\\/\\\/kennol.com\\\/wp-content\\\/uploads\\\/2018\\\/01\\\/KENNOL_logo_header.png\",\"width\":400,\"height\":140,\"caption\":\"PPO\"},\"image\":{\"@id\":\"https:\\\/\\\/kennol.com\\\/es\\\/#\\\/schema\\\/logo\\\/image\\\/\"}}]}<\/script>\n<!-- \/ Yoast SEO plugin. -->","yoast_head_json":{"title":"CHAINING 150 | KENNOL - Performance Oil","description":"Aceite mineral dise\u00f1ado para la lubricaci\u00f3n de cadenas y gu\u00edas de grandes motosierras utilizadas por profesionales, con una velocidad lineal de cadena de hasta 80 km\/h.","robots":{"index":"index","follow":"follow","max-snippet":"max-snippet:-1","max-image-preview":"max-image-preview:large","max-video-preview":"max-video-preview:-1"},"canonical":"https:\/\/kennol.com\/es\/productos\/chaining-150\/","og_locale":"es_ES","og_type":"article","og_title":"CHAINING 150 | KENNOL - Performance Oil","og_description":"Aceite mineral dise\u00f1ado para la lubricaci\u00f3n de cadenas y gu\u00edas de grandes motosierras utilizadas por profesionales, con una velocidad lineal de cadena de hasta 80 km\/h.","og_url":"https:\/\/kennol.com\/es\/productos\/chaining-150\/","og_site_name":"KENNOL","article_modified_time":"2025-08-12T12:54:59+00:00","og_image":[{"width":1100,"height":1100,"url":"https:\/\/kennol.com\/wp-content\/uploads\/KENNOL_CHAINING_150-2.jpg","type":"image\/jpeg"}],"twitter_card":"summary_large_image","twitter_misc":{"Tiempo de lectura":"1 minuto"},"schema":{"@context":"https:\/\/schema.org","@graph":[{"@type":"WebPage","@id":"https:\/\/kennol.com\/es\/productos\/chaining-150\/","url":"https:\/\/kennol.com\/es\/productos\/chaining-150\/","name":"CHAINING 150 | KENNOL - Performance Oil","isPartOf":{"@id":"https:\/\/kennol.com\/es\/#website"},"primaryImageOfPage":{"@id":"https:\/\/kennol.com\/es\/productos\/chaining-150\/#primaryimage"},"image":{"@id":"https:\/\/kennol.com\/es\/productos\/chaining-150\/#primaryimage"},"thumbnailUrl":"https:\/\/kennol.com\/wp-content\/uploads\/KENNOL_CHAINING_150-2.jpg","datePublished":"2018-05-03T10:05:26+00:00","dateModified":"2025-08-12T12:54:59+00:00","description":"Aceite mineral dise\u00f1ado para la lubricaci\u00f3n de cadenas y gu\u00edas de grandes motosierras utilizadas por profesionales, con una velocidad lineal de cadena de hasta 80 km\/h.","breadcrumb":{"@id":"https:\/\/kennol.com\/es\/productos\/chaining-150\/#breadcrumb"},"inLanguage":"es","potentialAction":[{"@type":"ReadAction","target":["https:\/\/kennol.com\/es\/productos\/chaining-150\/"]}]},{"@type":"ImageObject","inLanguage":"es","@id":"https:\/\/kennol.com\/es\/productos\/chaining-150\/#primaryimage","url":"https:\/\/kennol.com\/wp-content\/uploads\/KENNOL_CHAINING_150-2.jpg","contentUrl":"https:\/\/kennol.com\/wp-content\/uploads\/KENNOL_CHAINING_150-2.jpg","width":1100,"height":1100,"caption":"KENNOL CHAINING 150 : CHAINING OIL"},{"@type":"BreadcrumbList","@id":"https:\/\/kennol.com\/es\/productos\/chaining-150\/#breadcrumb","itemListElement":[{"@type":"ListItem","position":1,"name":"PRODUCTOS","item":"https:\/\/kennol.com\/es\/products-2\/"},{"@type":"ListItem","position":2,"name":"CHAINING 150"}]},{"@type":"WebSite","@id":"https:\/\/kennol.com\/es\/#website","url":"https:\/\/kennol.com\/es\/","name":"KENNOL","description":"Performance Oil","publisher":{"@id":"https:\/\/kennol.com\/es\/#organization"},"potentialAction":[{"@type":"SearchAction","target":{"@type":"EntryPoint","urlTemplate":"https:\/\/kennol.com\/es\/?s={search_term_string}"},"query-input":{"@type":"PropertyValueSpecification","valueRequired":true,"valueName":"search_term_string"}}],"inLanguage":"es"},{"@type":"Organization","@id":"https:\/\/kennol.com\/es\/#organization","name":"PPO","url":"https:\/\/kennol.com\/es\/","logo":{"@type":"ImageObject","inLanguage":"es","@id":"https:\/\/kennol.com\/es\/#\/schema\/logo\/image\/","url":"https:\/\/kennol.com\/wp-content\/uploads\/2018\/01\/KENNOL_logo_header.png","contentUrl":"https:\/\/kennol.com\/wp-content\/uploads\/2018\/01\/KENNOL_logo_header.png","width":400,"height":140,"caption":"PPO"},"image":{"@id":"https:\/\/kennol.com\/es\/#\/schema\/logo\/image\/"}}]}},"_links":{"self":[{"href":"https:\/\/kennol.com\/es\/wp-json\/wp\/v2\/product\/33926","targetHints":{"allow":["GET"]}}],"collection":[{"href":"https:\/\/kennol.com\/es\/wp-json\/wp\/v2\/product"}],"about":[{"href":"https:\/\/kennol.com\/es\/wp-json\/wp\/v2\/types\/product"}],"wp:featuredmedia":[{"embeddable":true,"href":"https:\/\/kennol.com\/es\/wp-json\/wp\/v2\/media\/33927"}],"wp:attachment":[{"href":"https:\/\/kennol.com\/es\/wp-json\/wp\/v2\/media?parent=33926"}],"wp:term":[{"taxonomy":"product_brand","embeddable":true,"href":"https:\/\/kennol.com\/es\/wp-json\/wp\/v2\/product_brand?post=33926"},{"taxonomy":"product_cat","embeddable":true,"href":"https:\/\/kennol.com\/es\/wp-json\/wp\/v2\/product_cat?post=33926"},{"taxonomy":"product_tag","embeddable":true,"href":"https:\/\/kennol.com\/es\/wp-json\/wp\/v2\/product_tag?post=33926"}],"curies":[{"name":"wp","href":"https:\/\/api.w.org\/{rel}","templated":true}]}}