{"id":33901,"date":"2018-05-03T10:24:13","date_gmt":"2018-05-03T08:24:13","guid":{"rendered":"https:\/\/kennol.com\/produits\/hydra-hv46\/"},"modified":"2025-08-07T15:28:15","modified_gmt":"2025-08-07T13:28:15","slug":"hydra-hv-46","status":"publish","type":"product","link":"https:\/\/kennol.com\/es\/productos\/hydra-hv-46\/","title":{"rendered":"HYDRA HV 46"},"content":{"rendered":"<div class=\"wpb-content-wrapper\"><p>[vc_row row_content_width=\u00bbgrid\u00bb][vc_column][vc_empty_space height=\u00bb10px\u00bb][vc_column_text]<span style=\"color: #ffffff;\">Lubricante hidr\u00e1ulico antidesgaste especialmente formulado para los circuitos hidr\u00e1ulicos de equipos industriales o m\u00f3viles (m\u00e1quinas para obras p\u00fablicas que trabajan con altas presiones de aceite con diferencias de temperaturas exteriores importantes, equipos de transporte de materiales, circuitos hidr\u00e1ulicos de precisi\u00f3n). Es apto igualmente para reductores y engranajes industriales poco cargados.<\/span>[\/vc_column_text][vc_empty_space height=\u00bb10px\u00bb][vc_column_text]<span style=\"color: #999999;\"><em>CARACTER\u00cdSTICAS Y BENEFICIOS<\/em><\/span>[\/vc_column_text]<div class=\"eltd-separator-holder clearfix  eltd-separator-center \">\n\t<div class=\"eltd-separator\" style=\"border-color: #999999;border-style: solid;width: 100%;border-bottom-width: 1px\"><\/div>\n<\/div>\n[vc_column_text]<\/p>\n<p><span style=\"color: #999999;\">Good index of viscosity, good demulsibility and antifoaming quality.<\/span><br \/>\n<span style=\"color: #ee3124;\">\u2192\u00a0<\/span><span style=\"color: #ffffff;\">Good energy transmission.<\/span><\/p>\n<p><span style=\"color: #999999;\">Antiwear, anticorrosion, antioxidant and extreme pressure additives.<\/span><br \/>\n<span style=\"color: #ee3124;\">\u2192\u00a0<\/span><span style=\"color: #ffffff;\">Protection of the circuit elements.<\/span><\/p>\n<p><span style=\"color: #999999;\">Neutral towards elastomers used in industry.<\/span><\/p>\n<p><span style=\"color: #999999;\">Compatible with silver-plated or bronze elements.<\/span><\/p>\n<p>[\/vc_column_text][\/vc_column][\/vc_row][vc_column][\/vc_column][vc_column][\/vc_column]<\/p>\n<\/div>","protected":false},"excerpt":{"rendered":"<h3><span style=\"color: #808080;\">ACEITE HIDR\u00c1ULICO<\/span><\/h3>\n<p>&nbsp;<br \/>\n<span style=\"color: #666666;\"><em>ESPECIFICACIONES<\/em><\/span><\/p>\n<hr color=\"#666666\" line-height=\"1px\"\/>\n<span style=\"color: #ffffff;\"><strong>AFNOR <\/strong>NFE 48603 HV<br \/>\n<strong>DENISON <\/strong>HF0<br \/>\n<strong>DIN <\/strong>51524-3 HVLP<br \/>\n<strong>ISO <\/strong>3498 VG 46<br \/>\n<\/span>&nbsp;<br \/>\n<span style=\"color: #666666;\"><em>EMBALAJES DISPONIBLES<\/em><\/span><\/p>\n<hr color=\"#666666\" line-height=\"1px\"\/>\n<style>.col4 {-webkit-column-count: 4; -moz-column-count: 4; column-count: 4;}<\/style>\n<div class=\"col4\">\n<div class=\"leftcontainer\"><img decoding=\"async\" src=\"\/wp-content\/uploads\/KENNOL_CONDITIONNEMENT_5L.png\" onmouseover=\"this.src=&#039;\/wp-content\/uploads\/KENNOL_CONDITIONNEMENT_5L_VISUEL.png&#039;\" onmouseout=\"this.src=&#039;\/wp-content\/uploads\/KENNOL_CONDITIONNEMENT_5L.png&#039;\"\/><\/p>\n<p>198423<\/p>\n<\/div>\n<div class=\"leftcontainer\"><img decoding=\"async\" src=\"\/wp-content\/uploads\/KENNOL_CONDITIONNEMENT_20L.png\" onmouseover=\"this.src=&#039;\/wp-content\/uploads\/KENNOL_CONDITIONNEMENT_20L_VISUEL.png&#039;\" onmouseout=\"this.src=&#039;\/wp-content\/uploads\/KENNOL_CONDITIONNEMENT_20L.png&#039;\"\/><\/p>\n<p>198427<\/p>\n<\/div>\n<div class=\"leftcontainer\"><img decoding=\"async\" src=\"\/wp-content\/uploads\/KENNOL_CONDITIONNEMENT_60L.png\" onmouseover=\"this.src=&#039;\/wp-content\/uploads\/KENNOL_CONDITIONNEMENT_60L_VISUEL.png&#039;\" onmouseout=\"this.src=&#039;\/wp-content\/uploads\/KENNOL_CONDITIONNEMENT_60L.png&#039;\"\/><\/p>\n<p>198426<\/p>\n<\/div>\n<div class=\"leftcontainer\"><img decoding=\"async\" src=\"\/wp-content\/uploads\/KENNOL_CONDITIONNEMENT_220L.png\" onmouseover=\"this.src=&#039;\/wp-content\/uploads\/KENNOL_CONDITIONNEMENT_220L_VISUEL.png&#039;\" onmouseout=\"this.src=&#039;\/wp-content\/uploads\/KENNOL_CONDITIONNEMENT_220L.png&#039;\"\/><\/p>\n<p>198429<\/p>\n<\/div>\n<\/div>\n<p>&nbsp;<br \/>\n<em><span style=\"color: #666666;\">DESCARGAR<\/span><\/em><\/p>\n<hr color=\"#666666\" line-height=\"1px\"\/>\n<a href=\"\/EN\/FT\/KENNOL_HYDRA_HV_46_EN.pdf\" target=\"_blank\" rel=\"noopener noreferrer\"><img decoding=\"async\" src=\"\/wp-content\/uploads\/2018\/03\/pdf.png\" alt=\"\" \/>\u00a0 <\/a><span style=\"color: #ee3124;\"><a style=\"color: #ee3124;\" href=\"\/EN\/FT\/KENNOL_HYDRA_HV_46_EN.pdf\" target=\"_blank\" rel=\"noopener noreferrer\"><b>Ficha de datos t\u00e9cnicos<\/b><\/a><br \/>\n<a href=\"\/EN\/FDS\/KENNOL_HYDRA_HV_46_EN.pdf\" target=\"_blank\" rel=\"noopener noreferrer\"><img decoding=\"async\" src=\"\/wp-content\/uploads\/2018\/03\/pdf.png\" alt=\"\" \/>\u00a0\u00a0<\/a><span style=\"color: #ee3124;\"><a style=\"color: #ee3124;\" href=\"\/EN\/FDS\/KENNOL_HYDRA_HV_46_EN.pdf\" target=\"_blank\" rel=\"noopener noreferrer\"><b>Ficha de datos de seguridad<\/b><\/a><br \/>\n&nbsp;<br \/>\n<a href=\"\/es\/la-marca\/etiquetas\/\"><img decoding=\"async\" src=\"\/wp-content\/uploads\/KENNOL_LOGO_MadeInFrance.png\" width=\"250\"\/><\/a><\/p>\n","protected":false},"featured_media":33902,"template":"","meta":{"_monsterinsights_skip_tracking":false,"_monsterinsights_sitenote_active":false,"_monsterinsights_sitenote_note":"","_monsterinsights_sitenote_category":0},"product_brand":[],"product_cat":[2806,2100],"product_tag":[2101],"class_list":{"0":"post-33901","1":"product","2":"type-product","3":"status-publish","4":"has-post-thumbnail","6":"product_cat-hidraulicos","7":"product_cat-maquinaria-agricola-y-de-obra","8":"product_tag-aceite-hidraulico","10":"first","11":"instock","12":"shipping-taxable","13":"product-type-simple"},"yoast_head":"<!-- This site is optimized with the Yoast SEO plugin v27.4 - https:\/\/yoast.com\/product\/yoast-seo-wordpress\/ -->\n<title>HYDRA HV 46 | KENNOL - Performance Oil<\/title>\n<meta name=\"description\" content=\"Aceite hidr\u00e1ulico de alta calidad para usar en todos los sistemas hidr\u00e1ulicos en maquinaria industrial o en plantas m\u00f3viles (equipos de obra, maquinaria agr\u00edcola, equipos de transporte). Se recomienda especialmente para sistemas hidr\u00e1ulicos que trabajan al aire libre a temperaturas muy diferentes y cumple con los requisitos de los sistemas hidr\u00e1ulicos de alta presi\u00f3n.\" \/>\n<meta name=\"robots\" content=\"index, follow, max-snippet:-1, max-image-preview:large, max-video-preview:-1\" \/>\n<link rel=\"canonical\" href=\"https:\/\/kennol.com\/es\/productos\/hydra-hv-46\/\" \/>\n<meta property=\"og:locale\" content=\"es_ES\" \/>\n<meta property=\"og:type\" content=\"article\" \/>\n<meta property=\"og:title\" content=\"HYDRA HV 46 | KENNOL - Performance Oil\" \/>\n<meta property=\"og:description\" content=\"Aceite hidr\u00e1ulico de alta calidad para usar en todos los sistemas hidr\u00e1ulicos en maquinaria industrial o en plantas m\u00f3viles (equipos de obra, maquinaria agr\u00edcola, equipos de transporte). Se recomienda especialmente para sistemas hidr\u00e1ulicos que trabajan al aire libre a temperaturas muy diferentes y cumple con los requisitos de los sistemas hidr\u00e1ulicos de alta presi\u00f3n.\" \/>\n<meta property=\"og:url\" content=\"https:\/\/kennol.com\/es\/productos\/hydra-hv-46\/\" \/>\n<meta property=\"og:site_name\" content=\"KENNOL\" \/>\n<meta property=\"article:modified_time\" content=\"2025-08-07T13:28:15+00:00\" \/>\n<meta property=\"og:image\" content=\"https:\/\/kennol.com\/wp-content\/uploads\/KENNOL_HYDRA_HV46-2.jpg\" \/>\n\t<meta property=\"og:image:width\" content=\"1100\" \/>\n\t<meta property=\"og:image:height\" content=\"1100\" \/>\n\t<meta property=\"og:image:type\" content=\"image\/jpeg\" \/>\n<meta name=\"twitter:card\" content=\"summary_large_image\" \/>\n<meta name=\"twitter:label1\" content=\"Tiempo de lectura\" \/>\n\t<meta name=\"twitter:data1\" content=\"1 minuto\" \/>\n<script type=\"application\/ld+json\" class=\"yoast-schema-graph\">{\"@context\":\"https:\\\/\\\/schema.org\",\"@graph\":[{\"@type\":\"WebPage\",\"@id\":\"https:\\\/\\\/kennol.com\\\/es\\\/productos\\\/hydra-hv-46\\\/\",\"url\":\"https:\\\/\\\/kennol.com\\\/es\\\/productos\\\/hydra-hv-46\\\/\",\"name\":\"HYDRA HV 46 | KENNOL - Performance Oil\",\"isPartOf\":{\"@id\":\"https:\\\/\\\/kennol.com\\\/es\\\/#website\"},\"primaryImageOfPage\":{\"@id\":\"https:\\\/\\\/kennol.com\\\/es\\\/productos\\\/hydra-hv-46\\\/#primaryimage\"},\"image\":{\"@id\":\"https:\\\/\\\/kennol.com\\\/es\\\/productos\\\/hydra-hv-46\\\/#primaryimage\"},\"thumbnailUrl\":\"https:\\\/\\\/kennol.com\\\/wp-content\\\/uploads\\\/KENNOL_HYDRA_HV46-2.jpg\",\"datePublished\":\"2018-05-03T08:24:13+00:00\",\"dateModified\":\"2025-08-07T13:28:15+00:00\",\"description\":\"Aceite hidr\u00e1ulico de alta calidad para usar en todos los sistemas hidr\u00e1ulicos en maquinaria industrial o en plantas m\u00f3viles (equipos de obra, maquinaria agr\u00edcola, equipos de transporte). Se recomienda especialmente para sistemas hidr\u00e1ulicos que trabajan al aire libre a temperaturas muy diferentes y cumple con los requisitos de los sistemas hidr\u00e1ulicos de alta presi\u00f3n.\",\"breadcrumb\":{\"@id\":\"https:\\\/\\\/kennol.com\\\/es\\\/productos\\\/hydra-hv-46\\\/#breadcrumb\"},\"inLanguage\":\"es\",\"potentialAction\":[{\"@type\":\"ReadAction\",\"target\":[\"https:\\\/\\\/kennol.com\\\/es\\\/productos\\\/hydra-hv-46\\\/\"]}]},{\"@type\":\"ImageObject\",\"inLanguage\":\"es\",\"@id\":\"https:\\\/\\\/kennol.com\\\/es\\\/productos\\\/hydra-hv-46\\\/#primaryimage\",\"url\":\"https:\\\/\\\/kennol.com\\\/wp-content\\\/uploads\\\/KENNOL_HYDRA_HV46-2.jpg\",\"contentUrl\":\"https:\\\/\\\/kennol.com\\\/wp-content\\\/uploads\\\/KENNOL_HYDRA_HV46-2.jpg\",\"width\":1100,\"height\":1100,\"caption\":\"KENNOL HYDRA HV46 : HYDRAULIC OIL\"},{\"@type\":\"BreadcrumbList\",\"@id\":\"https:\\\/\\\/kennol.com\\\/es\\\/productos\\\/hydra-hv-46\\\/#breadcrumb\",\"itemListElement\":[{\"@type\":\"ListItem\",\"position\":1,\"name\":\"PRODUCTOS\",\"item\":\"https:\\\/\\\/kennol.com\\\/es\\\/products-2\\\/\"},{\"@type\":\"ListItem\",\"position\":2,\"name\":\"HYDRA HV 46\"}]},{\"@type\":\"WebSite\",\"@id\":\"https:\\\/\\\/kennol.com\\\/es\\\/#website\",\"url\":\"https:\\\/\\\/kennol.com\\\/es\\\/\",\"name\":\"KENNOL\",\"description\":\"Performance Oil\",\"publisher\":{\"@id\":\"https:\\\/\\\/kennol.com\\\/es\\\/#organization\"},\"potentialAction\":[{\"@type\":\"SearchAction\",\"target\":{\"@type\":\"EntryPoint\",\"urlTemplate\":\"https:\\\/\\\/kennol.com\\\/es\\\/?s={search_term_string}\"},\"query-input\":{\"@type\":\"PropertyValueSpecification\",\"valueRequired\":true,\"valueName\":\"search_term_string\"}}],\"inLanguage\":\"es\"},{\"@type\":\"Organization\",\"@id\":\"https:\\\/\\\/kennol.com\\\/es\\\/#organization\",\"name\":\"PPO\",\"url\":\"https:\\\/\\\/kennol.com\\\/es\\\/\",\"logo\":{\"@type\":\"ImageObject\",\"inLanguage\":\"es\",\"@id\":\"https:\\\/\\\/kennol.com\\\/es\\\/#\\\/schema\\\/logo\\\/image\\\/\",\"url\":\"https:\\\/\\\/kennol.com\\\/wp-content\\\/uploads\\\/2018\\\/01\\\/KENNOL_logo_header.png\",\"contentUrl\":\"https:\\\/\\\/kennol.com\\\/wp-content\\\/uploads\\\/2018\\\/01\\\/KENNOL_logo_header.png\",\"width\":400,\"height\":140,\"caption\":\"PPO\"},\"image\":{\"@id\":\"https:\\\/\\\/kennol.com\\\/es\\\/#\\\/schema\\\/logo\\\/image\\\/\"}}]}<\/script>\n<!-- \/ Yoast SEO plugin. -->","yoast_head_json":{"title":"HYDRA HV 46 | KENNOL - Performance Oil","description":"Aceite hidr\u00e1ulico de alta calidad para usar en todos los sistemas hidr\u00e1ulicos en maquinaria industrial o en plantas m\u00f3viles (equipos de obra, maquinaria agr\u00edcola, equipos de transporte). Se recomienda especialmente para sistemas hidr\u00e1ulicos que trabajan al aire libre a temperaturas muy diferentes y cumple con los requisitos de los sistemas hidr\u00e1ulicos de alta presi\u00f3n.","robots":{"index":"index","follow":"follow","max-snippet":"max-snippet:-1","max-image-preview":"max-image-preview:large","max-video-preview":"max-video-preview:-1"},"canonical":"https:\/\/kennol.com\/es\/productos\/hydra-hv-46\/","og_locale":"es_ES","og_type":"article","og_title":"HYDRA HV 46 | KENNOL - Performance Oil","og_description":"Aceite hidr\u00e1ulico de alta calidad para usar en todos los sistemas hidr\u00e1ulicos en maquinaria industrial o en plantas m\u00f3viles (equipos de obra, maquinaria agr\u00edcola, equipos de transporte). Se recomienda especialmente para sistemas hidr\u00e1ulicos que trabajan al aire libre a temperaturas muy diferentes y cumple con los requisitos de los sistemas hidr\u00e1ulicos de alta presi\u00f3n.","og_url":"https:\/\/kennol.com\/es\/productos\/hydra-hv-46\/","og_site_name":"KENNOL","article_modified_time":"2025-08-07T13:28:15+00:00","og_image":[{"width":1100,"height":1100,"url":"https:\/\/kennol.com\/wp-content\/uploads\/KENNOL_HYDRA_HV46-2.jpg","type":"image\/jpeg"}],"twitter_card":"summary_large_image","twitter_misc":{"Tiempo de lectura":"1 minuto"},"schema":{"@context":"https:\/\/schema.org","@graph":[{"@type":"WebPage","@id":"https:\/\/kennol.com\/es\/productos\/hydra-hv-46\/","url":"https:\/\/kennol.com\/es\/productos\/hydra-hv-46\/","name":"HYDRA HV 46 | KENNOL - Performance Oil","isPartOf":{"@id":"https:\/\/kennol.com\/es\/#website"},"primaryImageOfPage":{"@id":"https:\/\/kennol.com\/es\/productos\/hydra-hv-46\/#primaryimage"},"image":{"@id":"https:\/\/kennol.com\/es\/productos\/hydra-hv-46\/#primaryimage"},"thumbnailUrl":"https:\/\/kennol.com\/wp-content\/uploads\/KENNOL_HYDRA_HV46-2.jpg","datePublished":"2018-05-03T08:24:13+00:00","dateModified":"2025-08-07T13:28:15+00:00","description":"Aceite hidr\u00e1ulico de alta calidad para usar en todos los sistemas hidr\u00e1ulicos en maquinaria industrial o en plantas m\u00f3viles (equipos de obra, maquinaria agr\u00edcola, equipos de transporte). Se recomienda especialmente para sistemas hidr\u00e1ulicos que trabajan al aire libre a temperaturas muy diferentes y cumple con los requisitos de los sistemas hidr\u00e1ulicos de alta presi\u00f3n.","breadcrumb":{"@id":"https:\/\/kennol.com\/es\/productos\/hydra-hv-46\/#breadcrumb"},"inLanguage":"es","potentialAction":[{"@type":"ReadAction","target":["https:\/\/kennol.com\/es\/productos\/hydra-hv-46\/"]}]},{"@type":"ImageObject","inLanguage":"es","@id":"https:\/\/kennol.com\/es\/productos\/hydra-hv-46\/#primaryimage","url":"https:\/\/kennol.com\/wp-content\/uploads\/KENNOL_HYDRA_HV46-2.jpg","contentUrl":"https:\/\/kennol.com\/wp-content\/uploads\/KENNOL_HYDRA_HV46-2.jpg","width":1100,"height":1100,"caption":"KENNOL HYDRA HV46 : HYDRAULIC OIL"},{"@type":"BreadcrumbList","@id":"https:\/\/kennol.com\/es\/productos\/hydra-hv-46\/#breadcrumb","itemListElement":[{"@type":"ListItem","position":1,"name":"PRODUCTOS","item":"https:\/\/kennol.com\/es\/products-2\/"},{"@type":"ListItem","position":2,"name":"HYDRA HV 46"}]},{"@type":"WebSite","@id":"https:\/\/kennol.com\/es\/#website","url":"https:\/\/kennol.com\/es\/","name":"KENNOL","description":"Performance Oil","publisher":{"@id":"https:\/\/kennol.com\/es\/#organization"},"potentialAction":[{"@type":"SearchAction","target":{"@type":"EntryPoint","urlTemplate":"https:\/\/kennol.com\/es\/?s={search_term_string}"},"query-input":{"@type":"PropertyValueSpecification","valueRequired":true,"valueName":"search_term_string"}}],"inLanguage":"es"},{"@type":"Organization","@id":"https:\/\/kennol.com\/es\/#organization","name":"PPO","url":"https:\/\/kennol.com\/es\/","logo":{"@type":"ImageObject","inLanguage":"es","@id":"https:\/\/kennol.com\/es\/#\/schema\/logo\/image\/","url":"https:\/\/kennol.com\/wp-content\/uploads\/2018\/01\/KENNOL_logo_header.png","contentUrl":"https:\/\/kennol.com\/wp-content\/uploads\/2018\/01\/KENNOL_logo_header.png","width":400,"height":140,"caption":"PPO"},"image":{"@id":"https:\/\/kennol.com\/es\/#\/schema\/logo\/image\/"}}]}},"_links":{"self":[{"href":"https:\/\/kennol.com\/es\/wp-json\/wp\/v2\/product\/33901","targetHints":{"allow":["GET"]}}],"collection":[{"href":"https:\/\/kennol.com\/es\/wp-json\/wp\/v2\/product"}],"about":[{"href":"https:\/\/kennol.com\/es\/wp-json\/wp\/v2\/types\/product"}],"wp:featuredmedia":[{"embeddable":true,"href":"https:\/\/kennol.com\/es\/wp-json\/wp\/v2\/media\/33902"}],"wp:attachment":[{"href":"https:\/\/kennol.com\/es\/wp-json\/wp\/v2\/media?parent=33901"}],"wp:term":[{"taxonomy":"product_brand","embeddable":true,"href":"https:\/\/kennol.com\/es\/wp-json\/wp\/v2\/product_brand?post=33901"},{"taxonomy":"product_cat","embeddable":true,"href":"https:\/\/kennol.com\/es\/wp-json\/wp\/v2\/product_cat?post=33901"},{"taxonomy":"product_tag","embeddable":true,"href":"https:\/\/kennol.com\/es\/wp-json\/wp\/v2\/product_tag?post=33901"}],"curies":[{"name":"wp","href":"https:\/\/api.w.org\/{rel}","templated":true}]}}