{"id":33703,"date":"2018-05-22T16:05:10","date_gmt":"2018-05-22T16:05:10","guid":{"rendered":"https:\/\/kennol.com\/produits\/bartender2\/"},"modified":"2021-09-09T16:31:14","modified_gmt":"2021-09-09T14:31:14","slug":"bartender2","status":"publish","type":"product","link":"https:\/\/kennol.com\/es\/productos\/bartender2\/","title":{"rendered":"BARTENDER2"},"content":{"rendered":"<div class=\"wpb-content-wrapper\"><p>[vc_row row_content_width=\u00bbgrid\u00bb][vc_column][vc_column_text css=\u00bb.vc_custom_1588156138397{padding-top: 10px !important;padding-bottom: 10px !important;}\u00bb]<span style=\"color: #ffffff;\">Por fin est\u00e1 aqu\u00ed nuestra \u00faltima superventa de lubricantes: BARTENDER. Presenta un packaging totalmente nuevo de KENNOL.<br \/>\nAY, sobre todo, ofrece un nivel de innovaci\u00f3n y acabado sin precedentes en el mercado: 12 Cajas \u00abEcobox\u00bb de 20 L, 12 jarras, m\u00e1s de 15 000 recomendaciones de los fabricantes, zonas de almacenamiento complementarias y un impresionante dise\u00f1o patentado.<br \/>\nYAhora, puede abarcar casi el 100 % del parque de veh\u00edculos, ya sea con aceites de motor o para transmisi\u00f3n. Adem\u00e1s, la rotaci\u00f3n de los productos, m\u00e1s f\u00e1cil con este nuevo packaging, le permite alcanzar el m\u00e1ximo rendimiento en cada situaci\u00f3n. Porque KENNOL le ofrece mucho m\u00e1s que simples herramientas.<\/span>[\/vc_column_text][vc_column_text]<span style=\"color: #999999;\"><em>CARACTER\u00cdSTICAS Y BENEFICIOS<\/em><\/span>[\/vc_column_text]<div class=\"eltd-separator-holder clearfix  eltd-separator-center \">\n\t<div class=\"eltd-separator\" style=\"border-color: #999999;border-style: solid;width: 100%;border-bottom-width: 1px\"><\/div>\n<\/div>\n[vc_column_text]<span style=\"color: #999999;\">Abarca el 100 % del parque de veh\u00edculos<\/span><br \/>\n<span style=\"color: #999999;\">M\u00e1s de 15 000 recomendaciones de los fabricantes<\/span><br \/>\n<span style=\"color: #999999;\">240 L &#8211; 12 CAJAS ECOBOX de 20 L<\/span>[\/vc_column_text][\/vc_column][\/vc_row][vc_column][\/vc_column][vc_column][\/vc_column]<\/p>\n<\/div>","protected":false},"excerpt":{"rendered":"<h3><span style=\"color: #808080;\">P.L.V.<\/span><\/h3>\n<p><span style=\"color: #666666;\"><em>COMPOSICI\u00d3N<\/em><\/span><\/p>\n<hr color=\"#666666\" line-height=\"1px\"\/>\n<span style=\"color: #ffffff;\"><b>1<\/b> MUEBLE EXPOSITOR DE METAL<br \/>\n<b>12 CAJAS ECOBOX<\/b> x20L <span style=\"color: #999999;\"><em>contenido variado (aceites de motor y\/o para transmisi\u00f3n) <\/em><\/span><br \/>\n<b>2 <\/b> BANDEJAS ANTIGOTEO<br \/>\n<b>12 JARRAS<\/b> DE 5L<br \/>\n<b>RECOMENDACIONES DE LOS FABRICANTES<\/b><br \/>\n<\/b><\/span><br \/>\n<span style=\"color: #666666;\"><em>TAMA\u00d1O DISPONIBLE<\/em><\/span><\/p>\n<hr color=\"#666666\" line-height=\"1px\"\/>\n<style>.col1 {-webkit-column-count: 1; -moz-column-count: 1; column-count: 1;}<\/style>\n<div class=\"col1\">\n<div class=\"leftcontainer\">\n<p><img decoding=\"async\" src=\"\/wp-content\/uploads\/2018\/05\/KENNOL_CONDITIONNEMENT_TU.png\" \/><\/p>\n<p>984554<\/p>\n<\/div>\n<\/div>\n<p>&nbsp;<\/p>\n","protected":false},"featured_media":40430,"template":"","meta":{"_monsterinsights_skip_tracking":false,"_monsterinsights_sitenote_active":false,"_monsterinsights_sitenote_note":"","_monsterinsights_sitenote_category":0},"product_brand":[],"product_cat":[2096],"product_tag":[2097],"class_list":{"0":"post-33703","1":"product","2":"type-product","3":"status-publish","4":"has-post-thumbnail","6":"product_cat-fanzone","7":"product_tag-kennol-corner-es","9":"first","10":"instock","11":"shipping-taxable","12":"product-type-simple"},"yoast_head":"<!-- This site is optimized with the Yoast SEO plugin v27.4 - https:\/\/yoast.com\/product\/yoast-seo-wordpress\/ -->\n<title>BARTENDER2 | KENNOL - Fanzone<\/title>\n<meta name=\"description\" content=\"KENNOL ECOBOX simplifica y simplifica todos sus problemas de drenaje en un solo elemento. Permite el transporte de nueve barriles que satisfacen todas las necesidades de vaciado de autom\u00f3viles, cubriendo el 100% de las demandas del estacionamiento de FAP.\" \/>\n<meta name=\"robots\" content=\"index, follow, max-snippet:-1, max-image-preview:large, max-video-preview:-1\" \/>\n<link rel=\"canonical\" href=\"https:\/\/kennol.com\/es\/productos\/bartender2\/\" \/>\n<meta property=\"og:locale\" content=\"es_ES\" \/>\n<meta property=\"og:type\" content=\"article\" \/>\n<meta property=\"og:title\" content=\"BARTENDER2 | KENNOL - Fanzone\" \/>\n<meta property=\"og:description\" content=\"KENNOL ECOBOX simplifica y simplifica todos sus problemas de drenaje en un solo elemento. Permite el transporte de nueve barriles que satisfacen todas las necesidades de vaciado de autom\u00f3viles, cubriendo el 100% de las demandas del estacionamiento de FAP.\" \/>\n<meta property=\"og:url\" content=\"https:\/\/kennol.com\/es\/productos\/bartender2\/\" \/>\n<meta property=\"og:site_name\" content=\"KENNOL\" \/>\n<meta property=\"article:modified_time\" content=\"2021-09-09T14:31:14+00:00\" \/>\n<meta property=\"og:image\" content=\"https:\/\/kennol.com\/wp-content\/uploads\/KENNOL_BARTENDER_2_Garage_2021.jpg\" \/>\n\t<meta property=\"og:image:width\" content=\"800\" \/>\n\t<meta property=\"og:image:height\" content=\"642\" \/>\n\t<meta property=\"og:image:type\" content=\"image\/jpeg\" \/>\n<meta name=\"twitter:card\" content=\"summary_large_image\" \/>\n<meta name=\"twitter:label1\" content=\"Tiempo de lectura\" \/>\n\t<meta name=\"twitter:data1\" content=\"1 minuto\" \/>\n<script type=\"application\/ld+json\" class=\"yoast-schema-graph\">{\"@context\":\"https:\\\/\\\/schema.org\",\"@graph\":[{\"@type\":\"WebPage\",\"@id\":\"https:\\\/\\\/kennol.com\\\/es\\\/productos\\\/bartender2\\\/\",\"url\":\"https:\\\/\\\/kennol.com\\\/es\\\/productos\\\/bartender2\\\/\",\"name\":\"BARTENDER2 | KENNOL - Fanzone\",\"isPartOf\":{\"@id\":\"https:\\\/\\\/kennol.com\\\/es\\\/#website\"},\"primaryImageOfPage\":{\"@id\":\"https:\\\/\\\/kennol.com\\\/es\\\/productos\\\/bartender2\\\/#primaryimage\"},\"image\":{\"@id\":\"https:\\\/\\\/kennol.com\\\/es\\\/productos\\\/bartender2\\\/#primaryimage\"},\"thumbnailUrl\":\"https:\\\/\\\/kennol.com\\\/wp-content\\\/uploads\\\/KENNOL_BARTENDER_2_Garage_2021.jpg\",\"datePublished\":\"2018-05-22T16:05:10+00:00\",\"dateModified\":\"2021-09-09T14:31:14+00:00\",\"description\":\"KENNOL ECOBOX simplifica y simplifica todos sus problemas de drenaje en un solo elemento. Permite el transporte de nueve barriles que satisfacen todas las necesidades de vaciado de autom\u00f3viles, cubriendo el 100% de las demandas del estacionamiento de FAP.\",\"breadcrumb\":{\"@id\":\"https:\\\/\\\/kennol.com\\\/es\\\/productos\\\/bartender2\\\/#breadcrumb\"},\"inLanguage\":\"es\",\"potentialAction\":[{\"@type\":\"ReadAction\",\"target\":[\"https:\\\/\\\/kennol.com\\\/es\\\/productos\\\/bartender2\\\/\"]}]},{\"@type\":\"ImageObject\",\"inLanguage\":\"es\",\"@id\":\"https:\\\/\\\/kennol.com\\\/es\\\/productos\\\/bartender2\\\/#primaryimage\",\"url\":\"https:\\\/\\\/kennol.com\\\/wp-content\\\/uploads\\\/KENNOL_BARTENDER_2_Garage_2021.jpg\",\"contentUrl\":\"https:\\\/\\\/kennol.com\\\/wp-content\\\/uploads\\\/KENNOL_BARTENDER_2_Garage_2021.jpg\",\"width\":800,\"height\":642},{\"@type\":\"BreadcrumbList\",\"@id\":\"https:\\\/\\\/kennol.com\\\/es\\\/productos\\\/bartender2\\\/#breadcrumb\",\"itemListElement\":[{\"@type\":\"ListItem\",\"position\":1,\"name\":\"PRODUCTOS\",\"item\":\"https:\\\/\\\/kennol.com\\\/es\\\/products-2\\\/\"},{\"@type\":\"ListItem\",\"position\":2,\"name\":\"BARTENDER2\"}]},{\"@type\":\"WebSite\",\"@id\":\"https:\\\/\\\/kennol.com\\\/es\\\/#website\",\"url\":\"https:\\\/\\\/kennol.com\\\/es\\\/\",\"name\":\"KENNOL\",\"description\":\"Performance Oil\",\"publisher\":{\"@id\":\"https:\\\/\\\/kennol.com\\\/es\\\/#organization\"},\"potentialAction\":[{\"@type\":\"SearchAction\",\"target\":{\"@type\":\"EntryPoint\",\"urlTemplate\":\"https:\\\/\\\/kennol.com\\\/es\\\/?s={search_term_string}\"},\"query-input\":{\"@type\":\"PropertyValueSpecification\",\"valueRequired\":true,\"valueName\":\"search_term_string\"}}],\"inLanguage\":\"es\"},{\"@type\":\"Organization\",\"@id\":\"https:\\\/\\\/kennol.com\\\/es\\\/#organization\",\"name\":\"PPO\",\"url\":\"https:\\\/\\\/kennol.com\\\/es\\\/\",\"logo\":{\"@type\":\"ImageObject\",\"inLanguage\":\"es\",\"@id\":\"https:\\\/\\\/kennol.com\\\/es\\\/#\\\/schema\\\/logo\\\/image\\\/\",\"url\":\"https:\\\/\\\/kennol.com\\\/wp-content\\\/uploads\\\/2018\\\/01\\\/KENNOL_logo_header.png\",\"contentUrl\":\"https:\\\/\\\/kennol.com\\\/wp-content\\\/uploads\\\/2018\\\/01\\\/KENNOL_logo_header.png\",\"width\":400,\"height\":140,\"caption\":\"PPO\"},\"image\":{\"@id\":\"https:\\\/\\\/kennol.com\\\/es\\\/#\\\/schema\\\/logo\\\/image\\\/\"}}]}<\/script>\n<!-- \/ Yoast SEO plugin. -->","yoast_head_json":{"title":"BARTENDER2 | KENNOL - Fanzone","description":"KENNOL ECOBOX simplifica y simplifica todos sus problemas de drenaje en un solo elemento. Permite el transporte de nueve barriles que satisfacen todas las necesidades de vaciado de autom\u00f3viles, cubriendo el 100% de las demandas del estacionamiento de FAP.","robots":{"index":"index","follow":"follow","max-snippet":"max-snippet:-1","max-image-preview":"max-image-preview:large","max-video-preview":"max-video-preview:-1"},"canonical":"https:\/\/kennol.com\/es\/productos\/bartender2\/","og_locale":"es_ES","og_type":"article","og_title":"BARTENDER2 | KENNOL - Fanzone","og_description":"KENNOL ECOBOX simplifica y simplifica todos sus problemas de drenaje en un solo elemento. Permite el transporte de nueve barriles que satisfacen todas las necesidades de vaciado de autom\u00f3viles, cubriendo el 100% de las demandas del estacionamiento de FAP.","og_url":"https:\/\/kennol.com\/es\/productos\/bartender2\/","og_site_name":"KENNOL","article_modified_time":"2021-09-09T14:31:14+00:00","og_image":[{"width":800,"height":642,"url":"https:\/\/kennol.com\/wp-content\/uploads\/KENNOL_BARTENDER_2_Garage_2021.jpg","type":"image\/jpeg"}],"twitter_card":"summary_large_image","twitter_misc":{"Tiempo de lectura":"1 minuto"},"schema":{"@context":"https:\/\/schema.org","@graph":[{"@type":"WebPage","@id":"https:\/\/kennol.com\/es\/productos\/bartender2\/","url":"https:\/\/kennol.com\/es\/productos\/bartender2\/","name":"BARTENDER2 | KENNOL - Fanzone","isPartOf":{"@id":"https:\/\/kennol.com\/es\/#website"},"primaryImageOfPage":{"@id":"https:\/\/kennol.com\/es\/productos\/bartender2\/#primaryimage"},"image":{"@id":"https:\/\/kennol.com\/es\/productos\/bartender2\/#primaryimage"},"thumbnailUrl":"https:\/\/kennol.com\/wp-content\/uploads\/KENNOL_BARTENDER_2_Garage_2021.jpg","datePublished":"2018-05-22T16:05:10+00:00","dateModified":"2021-09-09T14:31:14+00:00","description":"KENNOL ECOBOX simplifica y simplifica todos sus problemas de drenaje en un solo elemento. Permite el transporte de nueve barriles que satisfacen todas las necesidades de vaciado de autom\u00f3viles, cubriendo el 100% de las demandas del estacionamiento de FAP.","breadcrumb":{"@id":"https:\/\/kennol.com\/es\/productos\/bartender2\/#breadcrumb"},"inLanguage":"es","potentialAction":[{"@type":"ReadAction","target":["https:\/\/kennol.com\/es\/productos\/bartender2\/"]}]},{"@type":"ImageObject","inLanguage":"es","@id":"https:\/\/kennol.com\/es\/productos\/bartender2\/#primaryimage","url":"https:\/\/kennol.com\/wp-content\/uploads\/KENNOL_BARTENDER_2_Garage_2021.jpg","contentUrl":"https:\/\/kennol.com\/wp-content\/uploads\/KENNOL_BARTENDER_2_Garage_2021.jpg","width":800,"height":642},{"@type":"BreadcrumbList","@id":"https:\/\/kennol.com\/es\/productos\/bartender2\/#breadcrumb","itemListElement":[{"@type":"ListItem","position":1,"name":"PRODUCTOS","item":"https:\/\/kennol.com\/es\/products-2\/"},{"@type":"ListItem","position":2,"name":"BARTENDER2"}]},{"@type":"WebSite","@id":"https:\/\/kennol.com\/es\/#website","url":"https:\/\/kennol.com\/es\/","name":"KENNOL","description":"Performance Oil","publisher":{"@id":"https:\/\/kennol.com\/es\/#organization"},"potentialAction":[{"@type":"SearchAction","target":{"@type":"EntryPoint","urlTemplate":"https:\/\/kennol.com\/es\/?s={search_term_string}"},"query-input":{"@type":"PropertyValueSpecification","valueRequired":true,"valueName":"search_term_string"}}],"inLanguage":"es"},{"@type":"Organization","@id":"https:\/\/kennol.com\/es\/#organization","name":"PPO","url":"https:\/\/kennol.com\/es\/","logo":{"@type":"ImageObject","inLanguage":"es","@id":"https:\/\/kennol.com\/es\/#\/schema\/logo\/image\/","url":"https:\/\/kennol.com\/wp-content\/uploads\/2018\/01\/KENNOL_logo_header.png","contentUrl":"https:\/\/kennol.com\/wp-content\/uploads\/2018\/01\/KENNOL_logo_header.png","width":400,"height":140,"caption":"PPO"},"image":{"@id":"https:\/\/kennol.com\/es\/#\/schema\/logo\/image\/"}}]}},"_links":{"self":[{"href":"https:\/\/kennol.com\/es\/wp-json\/wp\/v2\/product\/33703","targetHints":{"allow":["GET"]}}],"collection":[{"href":"https:\/\/kennol.com\/es\/wp-json\/wp\/v2\/product"}],"about":[{"href":"https:\/\/kennol.com\/es\/wp-json\/wp\/v2\/types\/product"}],"wp:featuredmedia":[{"embeddable":true,"href":"https:\/\/kennol.com\/es\/wp-json\/wp\/v2\/media\/40430"}],"wp:attachment":[{"href":"https:\/\/kennol.com\/es\/wp-json\/wp\/v2\/media?parent=33703"}],"wp:term":[{"taxonomy":"product_brand","embeddable":true,"href":"https:\/\/kennol.com\/es\/wp-json\/wp\/v2\/product_brand?post=33703"},{"taxonomy":"product_cat","embeddable":true,"href":"https:\/\/kennol.com\/es\/wp-json\/wp\/v2\/product_cat?post=33703"},{"taxonomy":"product_tag","embeddable":true,"href":"https:\/\/kennol.com\/es\/wp-json\/wp\/v2\/product_tag?post=33703"}],"curies":[{"name":"wp","href":"https:\/\/api.w.org\/{rel}","templated":true}]}}