{"id":68516,"date":"2025-05-23T11:13:12","date_gmt":"2025-05-23T09:13:12","guid":{"rendered":"https:\/\/kennol.com\/gama\/maquinaria-agricola-y-de-obra\/hidraulicos\/"},"modified":"2025-06-13T10:41:02","modified_gmt":"2025-06-13T08:41:02","slug":"hidraulicos","status":"publish","type":"page","link":"https:\/\/kennol.com\/es\/gama\/maquinaria-agricola-y-de-obra\/hidraulicos\/","title":{"rendered":"Hidr\u00e1ulicos"},"content":{"rendered":"<div class=\"wpb-content-wrapper\"><p>[vc_row full_width=\u00bbstretch_row\u00bb disable_background_image=\u00bb\u00bb simple_background_color=\u00bb#ee3124&#8243; simple_background_image=\u00bb7083&#8243;][vc_column offset=\u00bbvc_hidden-lg vc_hidden-md\u00bb]<div class=\"eltd-section-title-holder  eltd-st-standard eltd-st-title-left eltd-st-normal-space \" >\n\t<div class=\"eltd-st-inner\">\n\t\t\t\t\t<h3 class=\"eltd-st-title\" style=\"color: #000000\">\n\t\t\t\tMAQUINARIA<br \/> AGR\u00cdCOLA Y DE OBRA | HIDR\u00c1ULICOS\t\t\t<\/h3>\n\t\t\t\t\t<\/div>\n<\/div>[\/vc_column][\/vc_row][vc_row][vc_column offset=\u00bbvc_hidden-lg vc_hidden-md\u00bb css=\u00bb.vc_custom_1534845455852{padding-top: 20px !important;}\u00bb][vc_tta_accordion style=\u00bbflat\u00bb shape=\u00bbsquare\u00bb color=\u00bbblack\u00bb c_align=\u00bbcenter\u00bb c_icon=\u00bb\u00bb active_section=\u00bb\u00bb no_fill=\u00bbtrue\u00bb collapsible_all=\u00bbtrue\u00bb][vc_tta_section title=\u00bbSeleccionar\u00bb tab_id=\u00bb1528707167153-82c8fc0a-4fd4&#8243;][vc_column_text css=\u00bb\u00bb]<a href=\"https:\/\/kennol.com\/es\/productos\/hydra-hm-46\/\">HYDRA HM 46<\/a><br \/>\n<a href=\"https:\/\/kennol.com\/es\/productos\/hydra-hm-68\/\">HYDRA HM 68<\/a><br \/>\n<a href=\"https:\/\/kennol.com\/es\/productos\/hydra-hv-32\/\">HYDRA HV 32<\/a><br \/>\n<a href=\"https:\/\/kennol.com\/es\/productos\/hydra-hv-46\/\">HYDRA HV 46<\/a><br \/>\n<a href=\"https:\/\/kennol.com\/es\/productos\/hydra-hv-68\/\">HYDRA HV 68<\/a><br \/>\n<a href=\"https:\/\/kennol.com\/es\/productos\/hydra-hv-100\/\">HYDRA HV 100<\/a><br \/>\n<a href=\"https:\/\/kennol.com\/es\/?post_type=product&#038;p=68100\">KENNOGLISS 68<\/a>[\/vc_column_text][\/vc_tta_section][\/vc_tta_accordion][\/vc_column][\/vc_row][vc_row full_width=\u00bbstretch_row\u00bb disable_background_image=\u00bb\u00bb simple_background_color=\u00bb#ee3124&#8243; simple_background_image=\u00bb8855&#8243; css=\u00bb.vc_custom_1534844893085{background-image: url(\/wp-content\/uploads\/2018\/06\/News_PERFORMANCE_bandeau.png?id=8855) !important;background-position: center !important;background-repeat: no-repeat !important;background-size: cover !important;}\u00bb][vc_column offset=\u00bbvc_hidden-sm vc_hidden-xs\u00bb css=\u00bb.vc_custom_1529311021490{padding-top: 120px !important;padding-bottom: 40px !important;}\u00bb][vc_column_text css=\u00bb\u00bb]<\/p>\n<h1><span style=\"color: #000000; font-size: larger;\">MAQUINARIA AGR\u00cdCOLA Y DE OBRA | HIDR\u00c1ULICOS<\/span><\/h1>\n<p>[\/vc_column_text][\/vc_column][\/vc_row][vc_row row_content_width=\u00bbgrid\u00bb][vc_column width=\u00bb1\/4&#8243; css=\u00bb.vc_custom_1529060362372{padding-top: 10px !important;}\u00bb offset=\u00bbvc_hidden-sm vc_hidden-xs\u00bb][vc_widget_sidebar sidebar_id=\u00bbmenu-produits\u00bb][\/vc_column][vc_column width=\u00bb3\/4&#8243;]<div class=\"woocommerce columns-3 \"><ul class=\"products columns-3\">\n<li class=\"post-52175 product type-product status-publish has-post-thumbnail product_cat-hidraulicos product_cat-maquinaria-agricola-y-de-obra product_tag-aceite-hidraulico first instock shipping-taxable product-type-simple\">\n\t<div class=\"eltd-pl-inner\"><div class=\"eltd-pl-image\"><img decoding=\"async\" width=\"600\" height=\"600\" src=\"https:\/\/kennol.com\/wp-content\/uploads\/KENNOL_HYDRA_HM46-600x600.jpg\" class=\"attachment-woocommerce_thumbnail size-woocommerce_thumbnail\" alt=\"HYDRA HM 46\" srcset=\"https:\/\/kennol.com\/wp-content\/uploads\/KENNOL_HYDRA_HM46-600x600.jpg 600w, https:\/\/kennol.com\/wp-content\/uploads\/KENNOL_HYDRA_HM46-300x300.jpg 300w, https:\/\/kennol.com\/wp-content\/uploads\/KENNOL_HYDRA_HM46-768x768.jpg 768w, https:\/\/kennol.com\/wp-content\/uploads\/KENNOL_HYDRA_HM46-550x550.jpg 550w, https:\/\/kennol.com\/wp-content\/uploads\/KENNOL_HYDRA_HM46-1000x1000.jpg 1000w, https:\/\/kennol.com\/wp-content\/uploads\/KENNOL_HYDRA_HM46-100x100.jpg 100w, https:\/\/kennol.com\/wp-content\/uploads\/KENNOL_HYDRA_HM46.jpg 1100w\" sizes=\"(max-width: 600px) 100vw, 600px\" \/><\/div><div class=\"eltd-pl-text\"><div class=\"eltd-pl-text-outer\"><div class=\"eltd-pl-text-inner\"><h4 class=\"eltd-product-list-title\"><a href=\"https:\/\/kennol.com\/es\/productos\/hydra-hm-46\/\">HYDRA HM 46<\/a><\/h4><div class=\"eltd-pl-categories\"><a href=\"https:\/\/kennol.com\/es\/categorie-produit\/maquinaria-agricola-y-de-obra\/hidraulicos\/\" rel=\"tag\">Hidr\u00e1ulicos<\/a>, <a href=\"https:\/\/kennol.com\/es\/categorie-produit\/maquinaria-agricola-y-de-obra\/\" rel=\"tag\">MAQUINARIA AGR\u00cdCOLA Y DE OBRA<\/a><\/div>\n<\/div><\/div><\/div><a href=\"https:\/\/kennol.com\/es\/productos\/hydra-hm-46\/\" class=\"woocommerce-LoopProduct-link woocommerce-loop-product__link\"><\/a><\/div><\/li><li class=\"post-67553 product type-product status-publish has-post-thumbnail product_cat-hidraulicos product_cat-maquinaria-agricola-y-de-obra product_tag-aceite-hidraulico  instock shipping-taxable product-type-simple\">\n\t<div class=\"eltd-pl-inner\"><div class=\"eltd-pl-image\"><img decoding=\"async\" width=\"600\" height=\"600\" src=\"https:\/\/kennol.com\/wp-content\/uploads\/KENNOL_HYDRA_HV32-600x600.jpg\" class=\"attachment-woocommerce_thumbnail size-woocommerce_thumbnail\" alt=\"HYDRA HV 32\" srcset=\"https:\/\/kennol.com\/wp-content\/uploads\/KENNOL_HYDRA_HV32-600x600.jpg 600w, https:\/\/kennol.com\/wp-content\/uploads\/KENNOL_HYDRA_HV32-300x300.jpg 300w, https:\/\/kennol.com\/wp-content\/uploads\/KENNOL_HYDRA_HV32-768x768.jpg 768w, https:\/\/kennol.com\/wp-content\/uploads\/KENNOL_HYDRA_HV32-550x550.jpg 550w, https:\/\/kennol.com\/wp-content\/uploads\/KENNOL_HYDRA_HV32-1000x1000.jpg 1000w, https:\/\/kennol.com\/wp-content\/uploads\/KENNOL_HYDRA_HV32-100x100.jpg 100w, https:\/\/kennol.com\/wp-content\/uploads\/KENNOL_HYDRA_HV32.jpg 1100w\" sizes=\"(max-width: 600px) 100vw, 600px\" \/><span class=\"eltd-new-product\">New<\/span><\/div><div class=\"eltd-pl-text\"><div class=\"eltd-pl-text-outer\"><div class=\"eltd-pl-text-inner\"><h4 class=\"eltd-product-list-title\"><a href=\"https:\/\/kennol.com\/es\/productos\/hydra-hv-32\/\">HYDRA HV 32<\/a><\/h4><div class=\"eltd-pl-categories\"><a href=\"https:\/\/kennol.com\/es\/categorie-produit\/maquinaria-agricola-y-de-obra\/hidraulicos\/\" rel=\"tag\">Hidr\u00e1ulicos<\/a>, <a href=\"https:\/\/kennol.com\/es\/categorie-produit\/maquinaria-agricola-y-de-obra\/\" rel=\"tag\">MAQUINARIA AGR\u00cdCOLA Y DE OBRA<\/a><\/div>\n<\/div><\/div><\/div><a href=\"https:\/\/kennol.com\/es\/productos\/hydra-hv-32\/\" class=\"woocommerce-LoopProduct-link woocommerce-loop-product__link\"><\/a><\/div><\/li><li class=\"post-33901 product type-product status-publish has-post-thumbnail product_cat-hidraulicos product_cat-maquinaria-agricola-y-de-obra product_tag-aceite-hidraulico last instock shipping-taxable product-type-simple\">\n\t<div class=\"eltd-pl-inner\"><div class=\"eltd-pl-image\"><img decoding=\"async\" width=\"600\" height=\"600\" src=\"https:\/\/kennol.com\/wp-content\/uploads\/KENNOL_HYDRA_HV46-2-600x600.jpg\" class=\"attachment-woocommerce_thumbnail size-woocommerce_thumbnail\" alt=\"KENNOL HYDRA HV46, imagen parte delantera\" srcset=\"https:\/\/kennol.com\/wp-content\/uploads\/KENNOL_HYDRA_HV46-2-600x600.jpg 600w, https:\/\/kennol.com\/wp-content\/uploads\/KENNOL_HYDRA_HV46-2-300x300.jpg 300w, https:\/\/kennol.com\/wp-content\/uploads\/KENNOL_HYDRA_HV46-2.jpg 1100w, https:\/\/kennol.com\/wp-content\/uploads\/KENNOL_HYDRA_HV46-2-768x768.jpg 768w, https:\/\/kennol.com\/wp-content\/uploads\/KENNOL_HYDRA_HV46-2-550x550.jpg 550w, https:\/\/kennol.com\/wp-content\/uploads\/KENNOL_HYDRA_HV46-2-1000x1000.jpg 1000w, https:\/\/kennol.com\/wp-content\/uploads\/KENNOL_HYDRA_HV46-2-100x100.jpg 100w\" sizes=\"(max-width: 600px) 100vw, 600px\" \/><\/div><div class=\"eltd-pl-text\"><div class=\"eltd-pl-text-outer\"><div class=\"eltd-pl-text-inner\"><h4 class=\"eltd-product-list-title\"><a href=\"https:\/\/kennol.com\/es\/productos\/hydra-hv-46\/\">HYDRA HV 46<\/a><\/h4><div class=\"eltd-pl-categories\"><a href=\"https:\/\/kennol.com\/es\/categorie-produit\/maquinaria-agricola-y-de-obra\/hidraulicos\/\" rel=\"tag\">Hidr\u00e1ulicos<\/a>, <a href=\"https:\/\/kennol.com\/es\/categorie-produit\/maquinaria-agricola-y-de-obra\/\" rel=\"tag\">MAQUINARIA AGR\u00cdCOLA Y DE OBRA<\/a><\/div>\n<\/div><\/div><\/div><a href=\"https:\/\/kennol.com\/es\/productos\/hydra-hv-46\/\" class=\"woocommerce-LoopProduct-link woocommerce-loop-product__link\"><\/a><\/div><\/li><li class=\"post-59835 product type-product status-publish has-post-thumbnail product_cat-hidraulicos product_cat-maquinaria-agricola-y-de-obra product_tag-aceite-hidraulico first instock shipping-taxable product-type-simple\">\n\t<div class=\"eltd-pl-inner\"><div class=\"eltd-pl-image\"><img decoding=\"async\" width=\"600\" height=\"600\" src=\"https:\/\/kennol.com\/wp-content\/uploads\/KENNOL_HYDRA_HV68-1-600x600.jpg\" class=\"attachment-woocommerce_thumbnail size-woocommerce_thumbnail\" alt=\"HYDRA HV 68\" srcset=\"https:\/\/kennol.com\/wp-content\/uploads\/KENNOL_HYDRA_HV68-1-600x600.jpg 600w, https:\/\/kennol.com\/wp-content\/uploads\/KENNOL_HYDRA_HV68-1-300x300.jpg 300w, https:\/\/kennol.com\/wp-content\/uploads\/KENNOL_HYDRA_HV68-1-768x768.jpg 768w, https:\/\/kennol.com\/wp-content\/uploads\/KENNOL_HYDRA_HV68-1-550x550.jpg 550w, https:\/\/kennol.com\/wp-content\/uploads\/KENNOL_HYDRA_HV68-1-1000x1000.jpg 1000w, https:\/\/kennol.com\/wp-content\/uploads\/KENNOL_HYDRA_HV68-1-100x100.jpg 100w, https:\/\/kennol.com\/wp-content\/uploads\/KENNOL_HYDRA_HV68-1.jpg 1100w\" sizes=\"(max-width: 600px) 100vw, 600px\" \/><\/div><div class=\"eltd-pl-text\"><div class=\"eltd-pl-text-outer\"><div class=\"eltd-pl-text-inner\"><h4 class=\"eltd-product-list-title\"><a href=\"https:\/\/kennol.com\/es\/productos\/hydra-hv-68\/\">HYDRA HV 68<\/a><\/h4><div class=\"eltd-pl-categories\"><a href=\"https:\/\/kennol.com\/es\/categorie-produit\/maquinaria-agricola-y-de-obra\/hidraulicos\/\" rel=\"tag\">Hidr\u00e1ulicos<\/a>, <a href=\"https:\/\/kennol.com\/es\/categorie-produit\/maquinaria-agricola-y-de-obra\/\" rel=\"tag\">MAQUINARIA AGR\u00cdCOLA Y DE OBRA<\/a><\/div>\n<\/div><\/div><\/div><a href=\"https:\/\/kennol.com\/es\/productos\/hydra-hv-68\/\" class=\"woocommerce-LoopProduct-link woocommerce-loop-product__link\"><\/a><\/div><\/li><li class=\"post-68100 product type-product status-publish has-post-thumbnail product_cat-hidraulicos product_cat-maquinaria-agricola-y-de-obra product_tag-aceite-hidraulico  instock shipping-taxable product-type-simple\">\n\t<div class=\"eltd-pl-inner\"><div class=\"eltd-pl-image\"><img decoding=\"async\" width=\"600\" height=\"600\" src=\"https:\/\/kennol.com\/wp-content\/uploads\/KENNOL_220L_LUBS-4-600x600.jpg\" class=\"attachment-woocommerce_thumbnail size-woocommerce_thumbnail\" alt=\"Barrel lubes KENNOL 220L.\" srcset=\"https:\/\/kennol.com\/wp-content\/uploads\/KENNOL_220L_LUBS-4-600x600.jpg 600w, https:\/\/kennol.com\/wp-content\/uploads\/KENNOL_220L_LUBS-4-300x300.jpg 300w, https:\/\/kennol.com\/wp-content\/uploads\/KENNOL_220L_LUBS-4-768x768.jpg 768w, https:\/\/kennol.com\/wp-content\/uploads\/KENNOL_220L_LUBS-4-550x550.jpg 550w, https:\/\/kennol.com\/wp-content\/uploads\/KENNOL_220L_LUBS-4-1000x1000.jpg 1000w, https:\/\/kennol.com\/wp-content\/uploads\/KENNOL_220L_LUBS-4-100x100.jpg 100w, https:\/\/kennol.com\/wp-content\/uploads\/KENNOL_220L_LUBS-4.jpg 1100w\" sizes=\"(max-width: 600px) 100vw, 600px\" \/><span class=\"eltd-new-product\">New<\/span><\/div><div class=\"eltd-pl-text\"><div class=\"eltd-pl-text-outer\"><div class=\"eltd-pl-text-inner\"><h4 class=\"eltd-product-list-title\"><a href=\"https:\/\/kennol.com\/es\/productos\/kennogliss-68\/\">KENNOGLISS 68<\/a><\/h4><div class=\"eltd-pl-categories\"><a href=\"https:\/\/kennol.com\/es\/categorie-produit\/maquinaria-agricola-y-de-obra\/hidraulicos\/\" rel=\"tag\">Hidr\u00e1ulicos<\/a>, <a href=\"https:\/\/kennol.com\/es\/categorie-produit\/maquinaria-agricola-y-de-obra\/\" rel=\"tag\">MAQUINARIA AGR\u00cdCOLA Y DE OBRA<\/a><\/div>\n<\/div><\/div><\/div><a href=\"https:\/\/kennol.com\/es\/productos\/kennogliss-68\/\" class=\"woocommerce-LoopProduct-link woocommerce-loop-product__link\"><\/a><\/div><\/li><\/ul>\n<\/div>[\/vc_column][\/vc_row]<\/p>\n<\/div>","protected":false},"excerpt":{"rendered":"<p>[vc_row full_width=\u00bbstretch_row\u00bb disable_background_image=\u00bb\u00bb simple_background_color=\u00bb#ee3124&#8243; simple_background_image=\u00bb7083&#8243;][vc_column offset=\u00bbvc_hidden-lg vc_hidden-md\u00bb][\/vc_column][\/vc_row][vc_row][vc_column offset=\u00bbvc_hidden-lg vc_hidden-md\u00bb css=\u00bb.vc_custom_1534845455852{padding-top: 20px !important;}\u00bb][vc_tta_accordion style=\u00bbflat\u00bb shape=\u00bbsquare\u00bb color=\u00bbblack\u00bb c_align=\u00bbcenter\u00bb c_icon=\u00bb\u00bb active_section=\u00bb\u00bb no_fill=\u00bbtrue\u00bb collapsible_all=\u00bbtrue\u00bb][vc_tta_section title=\u00bbSeleccionar\u00bb tab_id=\u00bb1528707167153-82c8fc0a-4fd4&#8243;][vc_column_text css=\u00bb\u00bb]HYDRA HM 46 HYDRA HM 68 HYDRA HV 32 HYDRA HV 46 HYDRA HV 68 HYDRA HV 100 KENNOGLISS 68[\/vc_column_text][\/vc_tta_section][\/vc_tta_accordion][\/vc_column][\/vc_row][vc_row full_width=\u00bbstretch_row\u00bb disable_background_image=\u00bb\u00bb simple_background_color=\u00bb#ee3124&#8243; simple_background_image=\u00bb8855&#8243; css=\u00bb.vc_custom_1534844893085{background-image: url(\/wp-content\/uploads\/2018\/06\/News_PERFORMANCE_bandeau.png?id=8855) !important;background-position: center !important;background-repeat: no-repeat !important;background-size: cover !important;}\u00bb][vc_column [&hellip;]<\/p>\n","protected":false},"author":2,"featured_media":0,"parent":34137,"menu_order":0,"comment_status":"closed","ping_status":"closed","template":"","meta":{"_monsterinsights_skip_tracking":false,"_monsterinsights_sitenote_active":false,"_monsterinsights_sitenote_note":"","_monsterinsights_sitenote_category":0,"footnotes":""},"simple-restrict-permission":[],"class_list":["post-68516","page","type-page","status-publish","hentry"],"yoast_head":"<!-- This site is optimized with the Yoast SEO plugin v27.4 - https:\/\/yoast.com\/product\/yoast-seo-wordpress\/ -->\n<title>Hidr\u00e1ulicos | KENNOL - Performance Oil<\/title>\n<meta name=\"description\" content=\"Aceites hidr\u00e1ulicos KENNOL para la gama de maquinaria agr\u00edcola y de construcci\u00f3n.\" \/>\n<meta name=\"robots\" content=\"index, follow, max-snippet:-1, max-image-preview:large, max-video-preview:-1\" \/>\n<link rel=\"canonical\" href=\"https:\/\/kennol.com\/es\/gama\/maquinaria-agricola-y-de-obra\/hidraulicos\/\" \/>\n<meta property=\"og:locale\" content=\"es_ES\" \/>\n<meta property=\"og:type\" content=\"article\" \/>\n<meta property=\"og:title\" content=\"Hidr\u00e1ulicos | KENNOL - Performance Oil\" \/>\n<meta property=\"og:description\" content=\"Aceites hidr\u00e1ulicos KENNOL para la gama de maquinaria agr\u00edcola y de construcci\u00f3n.\" \/>\n<meta property=\"og:url\" content=\"https:\/\/kennol.com\/es\/gama\/maquinaria-agricola-y-de-obra\/hidraulicos\/\" \/>\n<meta property=\"og:site_name\" content=\"KENNOL\" \/>\n<meta property=\"article:modified_time\" content=\"2025-06-13T08:41:02+00:00\" \/>\n<meta name=\"twitter:card\" content=\"summary_large_image\" \/>\n<meta name=\"twitter:label1\" content=\"Tiempo de lectura\" \/>\n\t<meta name=\"twitter:data1\" content=\"1 minuto\" \/>\n<script type=\"application\/ld+json\" class=\"yoast-schema-graph\">{\"@context\":\"https:\\\/\\\/schema.org\",\"@graph\":[{\"@type\":\"WebPage\",\"@id\":\"https:\\\/\\\/kennol.com\\\/es\\\/gama\\\/maquinaria-agricola-y-de-obra\\\/hidraulicos\\\/\",\"url\":\"https:\\\/\\\/kennol.com\\\/es\\\/gama\\\/maquinaria-agricola-y-de-obra\\\/hidraulicos\\\/\",\"name\":\"Hidr\u00e1ulicos | KENNOL - Performance Oil\",\"isPartOf\":{\"@id\":\"https:\\\/\\\/kennol.com\\\/es\\\/#website\"},\"datePublished\":\"2025-05-23T09:13:12+00:00\",\"dateModified\":\"2025-06-13T08:41:02+00:00\",\"description\":\"Aceites hidr\u00e1ulicos KENNOL para la gama de maquinaria agr\u00edcola y de construcci\u00f3n.\",\"breadcrumb\":{\"@id\":\"https:\\\/\\\/kennol.com\\\/es\\\/gama\\\/maquinaria-agricola-y-de-obra\\\/hidraulicos\\\/#breadcrumb\"},\"inLanguage\":\"es\",\"potentialAction\":[{\"@type\":\"ReadAction\",\"target\":[\"https:\\\/\\\/kennol.com\\\/es\\\/gama\\\/maquinaria-agricola-y-de-obra\\\/hidraulicos\\\/\"]}]},{\"@type\":\"BreadcrumbList\",\"@id\":\"https:\\\/\\\/kennol.com\\\/es\\\/gama\\\/maquinaria-agricola-y-de-obra\\\/hidraulicos\\\/#breadcrumb\",\"itemListElement\":[{\"@type\":\"ListItem\",\"position\":1,\"name\":\"GAMA\",\"item\":\"https:\\\/\\\/kennol.com\\\/es\\\/gama\\\/\"},{\"@type\":\"ListItem\",\"position\":2,\"name\":\"MAQUINARIA AGR\u00cdCOLA Y DE OBRA\",\"item\":\"https:\\\/\\\/kennol.com\\\/es\\\/gama\\\/maquinaria-agricola-y-de-obra\\\/\"},{\"@type\":\"ListItem\",\"position\":3,\"name\":\"Hidr\u00e1ulicos\"}]},{\"@type\":\"WebSite\",\"@id\":\"https:\\\/\\\/kennol.com\\\/es\\\/#website\",\"url\":\"https:\\\/\\\/kennol.com\\\/es\\\/\",\"name\":\"KENNOL\",\"description\":\"Performance Oil\",\"publisher\":{\"@id\":\"https:\\\/\\\/kennol.com\\\/es\\\/#organization\"},\"potentialAction\":[{\"@type\":\"SearchAction\",\"target\":{\"@type\":\"EntryPoint\",\"urlTemplate\":\"https:\\\/\\\/kennol.com\\\/es\\\/?s={search_term_string}\"},\"query-input\":{\"@type\":\"PropertyValueSpecification\",\"valueRequired\":true,\"valueName\":\"search_term_string\"}}],\"inLanguage\":\"es\"},{\"@type\":\"Organization\",\"@id\":\"https:\\\/\\\/kennol.com\\\/es\\\/#organization\",\"name\":\"PPO\",\"url\":\"https:\\\/\\\/kennol.com\\\/es\\\/\",\"logo\":{\"@type\":\"ImageObject\",\"inLanguage\":\"es\",\"@id\":\"https:\\\/\\\/kennol.com\\\/es\\\/#\\\/schema\\\/logo\\\/image\\\/\",\"url\":\"https:\\\/\\\/kennol.com\\\/wp-content\\\/uploads\\\/2018\\\/01\\\/KENNOL_logo_header.png\",\"contentUrl\":\"https:\\\/\\\/kennol.com\\\/wp-content\\\/uploads\\\/2018\\\/01\\\/KENNOL_logo_header.png\",\"width\":400,\"height\":140,\"caption\":\"PPO\"},\"image\":{\"@id\":\"https:\\\/\\\/kennol.com\\\/es\\\/#\\\/schema\\\/logo\\\/image\\\/\"}}]}<\/script>\n<!-- \/ Yoast SEO plugin. -->","yoast_head_json":{"title":"Hidr\u00e1ulicos | KENNOL - Performance Oil","description":"Aceites hidr\u00e1ulicos KENNOL para la gama de maquinaria agr\u00edcola y de construcci\u00f3n.","robots":{"index":"index","follow":"follow","max-snippet":"max-snippet:-1","max-image-preview":"max-image-preview:large","max-video-preview":"max-video-preview:-1"},"canonical":"https:\/\/kennol.com\/es\/gama\/maquinaria-agricola-y-de-obra\/hidraulicos\/","og_locale":"es_ES","og_type":"article","og_title":"Hidr\u00e1ulicos | KENNOL - Performance Oil","og_description":"Aceites hidr\u00e1ulicos KENNOL para la gama de maquinaria agr\u00edcola y de construcci\u00f3n.","og_url":"https:\/\/kennol.com\/es\/gama\/maquinaria-agricola-y-de-obra\/hidraulicos\/","og_site_name":"KENNOL","article_modified_time":"2025-06-13T08:41:02+00:00","twitter_card":"summary_large_image","twitter_misc":{"Tiempo de lectura":"1 minuto"},"schema":{"@context":"https:\/\/schema.org","@graph":[{"@type":"WebPage","@id":"https:\/\/kennol.com\/es\/gama\/maquinaria-agricola-y-de-obra\/hidraulicos\/","url":"https:\/\/kennol.com\/es\/gama\/maquinaria-agricola-y-de-obra\/hidraulicos\/","name":"Hidr\u00e1ulicos | KENNOL - Performance Oil","isPartOf":{"@id":"https:\/\/kennol.com\/es\/#website"},"datePublished":"2025-05-23T09:13:12+00:00","dateModified":"2025-06-13T08:41:02+00:00","description":"Aceites hidr\u00e1ulicos KENNOL para la gama de maquinaria agr\u00edcola y de construcci\u00f3n.","breadcrumb":{"@id":"https:\/\/kennol.com\/es\/gama\/maquinaria-agricola-y-de-obra\/hidraulicos\/#breadcrumb"},"inLanguage":"es","potentialAction":[{"@type":"ReadAction","target":["https:\/\/kennol.com\/es\/gama\/maquinaria-agricola-y-de-obra\/hidraulicos\/"]}]},{"@type":"BreadcrumbList","@id":"https:\/\/kennol.com\/es\/gama\/maquinaria-agricola-y-de-obra\/hidraulicos\/#breadcrumb","itemListElement":[{"@type":"ListItem","position":1,"name":"GAMA","item":"https:\/\/kennol.com\/es\/gama\/"},{"@type":"ListItem","position":2,"name":"MAQUINARIA AGR\u00cdCOLA Y DE OBRA","item":"https:\/\/kennol.com\/es\/gama\/maquinaria-agricola-y-de-obra\/"},{"@type":"ListItem","position":3,"name":"Hidr\u00e1ulicos"}]},{"@type":"WebSite","@id":"https:\/\/kennol.com\/es\/#website","url":"https:\/\/kennol.com\/es\/","name":"KENNOL","description":"Performance Oil","publisher":{"@id":"https:\/\/kennol.com\/es\/#organization"},"potentialAction":[{"@type":"SearchAction","target":{"@type":"EntryPoint","urlTemplate":"https:\/\/kennol.com\/es\/?s={search_term_string}"},"query-input":{"@type":"PropertyValueSpecification","valueRequired":true,"valueName":"search_term_string"}}],"inLanguage":"es"},{"@type":"Organization","@id":"https:\/\/kennol.com\/es\/#organization","name":"PPO","url":"https:\/\/kennol.com\/es\/","logo":{"@type":"ImageObject","inLanguage":"es","@id":"https:\/\/kennol.com\/es\/#\/schema\/logo\/image\/","url":"https:\/\/kennol.com\/wp-content\/uploads\/2018\/01\/KENNOL_logo_header.png","contentUrl":"https:\/\/kennol.com\/wp-content\/uploads\/2018\/01\/KENNOL_logo_header.png","width":400,"height":140,"caption":"PPO"},"image":{"@id":"https:\/\/kennol.com\/es\/#\/schema\/logo\/image\/"}}]}},"_links":{"self":[{"href":"https:\/\/kennol.com\/es\/wp-json\/wp\/v2\/pages\/68516","targetHints":{"allow":["GET"]}}],"collection":[{"href":"https:\/\/kennol.com\/es\/wp-json\/wp\/v2\/pages"}],"about":[{"href":"https:\/\/kennol.com\/es\/wp-json\/wp\/v2\/types\/page"}],"author":[{"embeddable":true,"href":"https:\/\/kennol.com\/es\/wp-json\/wp\/v2\/users\/2"}],"replies":[{"embeddable":true,"href":"https:\/\/kennol.com\/es\/wp-json\/wp\/v2\/comments?post=68516"}],"version-history":[{"count":3,"href":"https:\/\/kennol.com\/es\/wp-json\/wp\/v2\/pages\/68516\/revisions"}],"predecessor-version":[{"id":68777,"href":"https:\/\/kennol.com\/es\/wp-json\/wp\/v2\/pages\/68516\/revisions\/68777"}],"up":[{"embeddable":true,"href":"https:\/\/kennol.com\/es\/wp-json\/wp\/v2\/pages\/34137"}],"wp:attachment":[{"href":"https:\/\/kennol.com\/es\/wp-json\/wp\/v2\/media?parent=68516"}],"wp:term":[{"taxonomy":"simple-restrict-permission","embeddable":true,"href":"https:\/\/kennol.com\/es\/wp-json\/wp\/v2\/simple-restrict-permission?post=68516"}],"curies":[{"name":"wp","href":"https:\/\/api.w.org\/{rel}","templated":true}]}}