{"id":34024,"date":"2020-05-06T10:28:54","date_gmt":"2020-05-06T10:28:54","guid":{"rendered":"https:\/\/kennol.com\/gama\/"},"modified":"2024-12-18T17:25:31","modified_gmt":"2024-12-18T16:25:31","slug":"gama","status":"publish","type":"page","link":"https:\/\/kennol.com\/es\/gama\/","title":{"rendered":"GAMA"},"content":{"rendered":"<div class=\"wpb-content-wrapper\"><p>[vc_row full_width=\u00bbstretch_row\u00bb disable_background_image=\u00bb\u00bb simple_background_color=\u00bb#ee3124&#8243; simple_background_image=\u00bb7083&#8243;][vc_column offset=\u00bbvc_hidden-lg vc_hidden-md vc_hidden-sm vc_hidden-xs\u00bb]<div class=\"eltd-section-title-holder  eltd-st-standard eltd-st-title-left eltd-st-normal-space \" style=\"text-align: center\">\n\t<div class=\"eltd-st-inner\">\n\t\t\t\t\t<h2 class=\"eltd-st-title\" style=\"color: #000000\">\n\t\t\t\tGAMAS\t\t\t<\/h2>\n\t\t\t\t\t<\/div>\n<\/div>[\/vc_column][\/vc_row][vc_row row_content_width=\u00bbgrid\u00bb disable_background_image=\u00bb\u00bb simple_background_color=\u00bb#ee3124&#8243; simple_background_image=\u00bb8855&#8243;][vc_column offset=\u00bbvc_hidden-lg vc_hidden-md vc_hidden-sm vc_hidden-xs\u00bb css=\u00bb.vc_custom_1533205687262{padding-top: 120px !important;padding-bottom: 40px !important;}\u00bb][vc_column_text]<\/p>\n<h1><span style=\"color: #000000; font-size: larger;\">GAMAS<\/span><\/h1>\n<p>[\/vc_column_text][\/vc_column][\/vc_row][vc_row full_width=\u00bbstretch_row_content_no_spaces\u00bb full_height=\u00bbyes\u00bb columns_placement=\u00bbstretch\u00bb content_placement=\u00bbmiddle\u00bb video_bg=\u00bbyes\u00bb video_bg_url=\u00bbhttps:\/\/www.youtube.com\/watch?v=Go2za_SwjDI\u00bb css=\u00bb.vc_custom_1534762286568{padding-top: 0px !important;border-radius: 1px !important;}\u00bb][vc_column video_bg=\u00bbyes\u00bb video_bg_url=\u00bb\u00bb css=\u00bb.vc_custom_1533200714808{background-color: rgba(0,0,0,0.75) !important;*background-color: rgb(0,0,0) !important;}\u00bb][vc_row_inner content_placement=\u00bbmiddle\u00bb css=\u00bb.vc_custom_1613985452223{padding-top: 20px !important;padding-right: 5% !important;padding-bottom: 20px !important;padding-left: 5% !important;}\u00bb][vc_column_inner]<div class=\"eltd-section-title-holder  eltd-st-standard eltd-st-title-left eltd-st-normal-space \" style=\"padding: 0 50\">\n\t<div class=\"eltd-st-inner\">\n\t\t\t\t\t<h1 class=\"eltd-st-title\" style=\"color: #ffffff\">\n\t\t\t\tPASI\u00d3N POR\t\t\t<\/h1>\n\t\t\t\t\t<\/div>\n<\/div>[vc_single_image image=\u00bb46529&#8243; img_size=\u00bbfull\u00bb css_animation=\u00bbbounceInLeft\u00bb css=\u00bb.vc_custom_1617107018960{padding-bottom: 10px !important;}\u00bb]<div class=\"eltd-section-title-holder  eltd-st-standard eltd-st-title-left eltd-st-normal-space \" >\n\t<div class=\"eltd-st-inner\">\n\t\t\t\t\t<h3 class=\"eltd-st-title\" style=\"color: #999999\">\n\t\t\t\tCada d\u00eda, KENNOL crea\t\t\t<\/h3>\n\t\t\t\t\t<\/div>\n<\/div><div class=\"eltd-section-title-holder  eltd-st-standard eltd-st-title-left eltd-st-normal-space \" >\n\t<div class=\"eltd-st-inner\">\n\t\t\t\t\t<h4 class=\"eltd-st-title\" style=\"color: #ffffff\">\n\t\t\t\tproductos de alto rendimiento e innovaciones para responder a sus necesidades.\t\t\t<\/h4>\n\t\t\t\t\t<\/div>\n<\/div>[\/vc_column_inner][\/vc_row_inner][vc_row_inner content_placement=\u00bbmiddle\u00bb row_content_width=\u00bbgrid\u00bb css=\u00bb.vc_custom_1613988798896{padding-bottom: 20px !important;}\u00bb][vc_column_inner width=\u00bb1\/3&#8243; css=\u00bb.vc_custom_1613988795441{padding-right: 20px !important;}\u00bb][vc_single_image image=\u00bb46517&#8243; img_size=\u00bbfull\u00bb alignment=\u00bbcenter\u00bb css_animation=\u00bbflipInY\u00bb][\/vc_column_inner][vc_column_inner width=\u00bb2\/3&#8243; css=\u00bb.vc_custom_1613988790473{padding-top: 20px !important;padding-bottom: 20px !important;padding-left: 5% !important;}\u00bb]<div class=\"eltd-section-title-holder  eltd-st-standard eltd-st-title-left eltd-st-normal-space \" >\n\t<div class=\"eltd-st-inner\">\n\t\t\t\t\t<h2 class=\"eltd-st-title\" style=\"color: #ee3124\">\n\t\t\t\tKENNOL naci\u00f3 en la pista.\t\t\t<\/h2>\n\t\t\t\t\t<\/div>\n<\/div><div class=\"eltd-separator-holder clearfix  eltd-separator-left \">\n\t<div class=\"eltd-separator\" style=\"width: 44px;border-bottom-width: 5px;margin-bottom: 20px\"><\/div>\n<\/div>\n<div class=\"eltd-section-title-holder  eltd-st-standard eltd-st-title-left eltd-st-normal-space \" >\n\t<div class=\"eltd-st-inner\">\n\t\t\t\t\t<h3 class=\"eltd-st-title\" style=\"color: #999999\">\n\t\t\t\tNo es s\u00f3lo un eslogan,\t\t\t<\/h3>\n\t\t\t\t\t<\/div>\n<\/div><div class=\"eltd-section-title-holder  eltd-st-standard eltd-st-title-left eltd-st-normal-space \" >\n\t<div class=\"eltd-st-inner\">\n\t\t\t\t\t<h4 class=\"eltd-st-title\" style=\"color: #ffffff\">\n\t\t\t\t\u00a1es un hecho!\t\t\t<\/h4>\n\t\t\t\t\t<\/div>\n<\/div>[vc_column_text]<span style=\"color: #ffffff;\">Todos los t\u00edtulos de campe\u00f3n que hemos conseguido en campeonatos mundiales (FIA GT, F2 de la FIA, etc.), nuestro estatus de proveedor oficial (llenado de f\u00e1brica + recomendaci\u00f3n) con un fabricante de prototipos de carreras de clase mundial, nuestra asociaci\u00f3n con NASCAR Euro como proveedor oficial y nuestro compromiso en cada uno de los continentes en los que estamos presentes confirman el uso de \u00faltima tecnolog\u00eda de nuestros productos.<\/span><\/p>\n<p>Puesto que cada necesidad espec\u00edfica requiere una respuesta experta, hemos dise\u00f1ado una extensa pero simple gama de lubricantes Premium de alta calidad que responden a todas sus necesidades diarias, cumplen con todos los est\u00e1ndares internacionales y satisfacen los requisitos de todos los fabricantes.[\/vc_column_text][\/vc_column_inner][\/vc_row_inner][\/vc_column][\/vc_row][vc_row full_width=\u00bbstretch_row\u00bb css_animation=\u00bbfadeInLeft\u00bb content_text_aligment=\u00bbcenter\u00bb simple_background_color=\u00bb#ee3124&#8243;][vc_column css_animation=\u00bbnone\u00bb css=\u00bb.vc_custom_1533205812642{padding-top: 20px !important;}\u00bb]<div class=\"eltd-section-title-holder  eltd-st-standard eltd-st-title-left eltd-st-normal-space \" >\n\t<div class=\"eltd-st-inner\">\n\t\t\t\t\t<h1 class=\"eltd-st-title\" style=\"color: #ffffff\">\n\t\t\t\tULTIMA\t\t\t<\/h1>\n\t\t\t\t\t<\/div>\n<\/div><div class=\"eltd-section-title-holder  eltd-st-standard eltd-st-title-left eltd-st-normal-space \" >\n\t<div class=\"eltd-st-inner\">\n\t\t\t\t\t<h3 class=\"eltd-st-title\" style=\"color: #000000\">\n\t\t\t\tGAMA\t\t\t<\/h3>\n\t\t\t\t\t<\/div>\n<\/div><div class=\"eltd-separator-holder clearfix  eltd-separator-center \">\n\t<div class=\"eltd-separator\" style=\"border-color: #ffffff;width: 44px;border-bottom-width: 5px;margin-top: 15px;margin-bottom: 15px\"><\/div>\n<\/div>\n<div class=\"eltd-section-title-holder  eltd-st-standard eltd-st-title-left eltd-st-normal-space \" >\n\t<div class=\"eltd-st-inner\">\n\t\t\t\t\t<h4 class=\"eltd-st-title\" style=\"color: #000000\">\n\t\t\t\tDise\u00f1ada en colaboraci\u00f3n con nuestros socios en NASCAR Euro\t\t\t<\/h4>\n\t\t\t\t\t<\/div>\n<\/div>[vc_single_image image=\u00bb57748&#8243; img_size=\u00bbfull\u00bb alignment=\u00bbcenter\u00bb onclick=\u00bbcustom_link\u00bb link=\u00bb\/es\/gama\/ultima\/\u00bb][\/vc_column][\/vc_row][vc_row full_width=\u00bbstretch_row\u00bb css_animation=\u00bbfadeInLeft\u00bb content_text_aligment=\u00bbcenter\u00bb][vc_column css=\u00bb.vc_custom_1529566770745{padding-top: 20px !important;}\u00bb]<div class=\"eltd-section-title-holder  eltd-st-standard eltd-st-title-left eltd-st-normal-space \" >\n\t<div class=\"eltd-st-inner\">\n\t\t\t\t\t<h2 class=\"eltd-st-title\" style=\"color: #ee3124\">\n\t\t\t\tHYBRID\t\t\t<\/h2>\n\t\t\t\t\t<\/div>\n<\/div><div class=\"eltd-section-title-holder  eltd-st-standard eltd-st-title-left eltd-st-normal-space \" >\n\t<div class=\"eltd-st-inner\">\n\t\t\t\t\t<h3 class=\"eltd-st-title\" style=\"color: #ffffff\">\n\t\t\t\tGAMA\t\t\t<\/h3>\n\t\t\t\t\t<\/div>\n<\/div><div class=\"eltd-separator-holder clearfix  eltd-separator-center \">\n\t<div class=\"eltd-separator\" style=\"width: 44px;border-bottom-width: 5px;margin-top: 15px;margin-bottom: 5px\"><\/div>\n<\/div>\n[vc_column_text css=\u00bb.vc_custom_1531906543096{padding-top: 10px !important;}\u00bb]<\/p>\n<h4 style=\"color: #999999;\">Para los veh\u00edculos de hybrid generaci\u00f3n<\/h4>\n<p>[\/vc_column_text][vc_single_image image=\u00bb57762&#8243; img_size=\u00bbfull\u00bb alignment=\u00bbcenter\u00bb onclick=\u00bbcustom_link\u00bb link=\u00bb\/es\/gama\/hybrid\u00bb][\/vc_column][\/vc_row][vc_row full_width=\u00bbstretch_row\u00bb css_animation=\u00bbfadeInLeft\u00bb content_text_aligment=\u00bbcenter\u00bb simple_background_color=\u00bb#999999&#8243;][vc_column css=\u00bb.vc_custom_1529423657639{padding-top: 20px !important;}\u00bb]<div class=\"eltd-section-title-holder  eltd-st-standard eltd-st-title-left eltd-st-normal-space \" >\n\t<div class=\"eltd-st-inner\">\n\t\t\t\t\t<h2 class=\"eltd-st-title\" style=\"color: #000000\">\n\t\t\t\tREVOLUTION\t\t\t<\/h2>\n\t\t\t\t\t<\/div>\n<\/div><div class=\"eltd-section-title-holder  eltd-st-standard eltd-st-title-left eltd-st-normal-space \" >\n\t<div class=\"eltd-st-inner\">\n\t\t\t\t\t<h3 class=\"eltd-st-title\" style=\"color: #ffffff\">\n\t\t\t\tGAMA\t\t\t<\/h3>\n\t\t\t\t\t<\/div>\n<\/div><div class=\"eltd-separator-holder clearfix  eltd-separator-center \">\n\t<div class=\"eltd-separator\" style=\"border-color: #000000;width: 44px;border-bottom-width: 5px;margin-top: 15px;margin-bottom: 5px\"><\/div>\n<\/div>\n[vc_column_text css=\u00bb.vc_custom_1533114100250{padding-top: 10px !important;}\u00bb]<\/p>\n<h4 style=\"color: #ffffff;\">Para los veh\u00edculos de generaci\u00f3n<\/h4>\n<p>[\/vc_column_text][vc_single_image image=\u00bb62915&#8243; img_size=\u00bbfull\u00bb alignment=\u00bbcenter\u00bb onclick=\u00bbcustom_link\u00bb link=\u00bb\/es\/gama\/revolution\/\u00bb][\/vc_column][\/vc_row][vc_row full_width=\u00bbstretch_row\u00bb css_animation=\u00bbfadeInLeft\u00bb content_text_aligment=\u00bbcenter\u00bb][vc_column css=\u00bb.vc_custom_1529566770745{padding-top: 20px !important;}\u00bb]<div class=\"eltd-section-title-holder  eltd-st-standard eltd-st-title-left eltd-st-normal-space \" >\n\t<div class=\"eltd-st-inner\">\n\t\t\t\t\t<h2 class=\"eltd-st-title\" style=\"color: #ee3124\">\n\t\t\t\tECOLOGY\t\t\t<\/h2>\n\t\t\t\t\t<\/div>\n<\/div><div class=\"eltd-section-title-holder  eltd-st-standard eltd-st-title-left eltd-st-normal-space \" >\n\t<div class=\"eltd-st-inner\">\n\t\t\t\t\t<h3 class=\"eltd-st-title\" style=\"color: #ffffff\">\n\t\t\t\tGAMA\t\t\t<\/h3>\n\t\t\t\t\t<\/div>\n<\/div><div class=\"eltd-separator-holder clearfix  eltd-separator-center \">\n\t<div class=\"eltd-separator\" style=\"width: 44px;border-bottom-width: 5px;margin-top: 15px;margin-bottom: 5px\"><\/div>\n<\/div>\n[vc_column_text css=\u00bb.vc_custom_1538156332638{padding-top: 10px !important;}\u00bb]<\/p>\n<h4 style=\"color: #999999;\">Gama ecol\u00f3gica para motores equipados con filtros de part\u00edculas<\/h4>\n<p>[\/vc_column_text][vc_single_image image=\u00bb62267&#8243; img_size=\u00bbfull\u00bb alignment=\u00bbcenter\u00bb onclick=\u00bbcustom_link\u00bb link=\u00bb\/es\/gama\/ecology\u00bb][\/vc_column][\/vc_row][vc_row full_width=\u00bbstretch_row\u00bb css_animation=\u00bbfadeInLeft\u00bb content_text_aligment=\u00bbcenter\u00bb simple_background_color=\u00bb#ee3124&#8243;][vc_column css=\u00bb.vc_custom_1529423657639{padding-top: 20px !important;}\u00bb]<div class=\"eltd-section-title-holder  eltd-st-standard eltd-st-title-left eltd-st-normal-space \" >\n\t<div class=\"eltd-st-inner\">\n\t\t\t\t\t<h3 class=\"eltd-st-title\" style=\"color: #000000\">\n\t\t\t\tKENNOL\t\t\t<\/h3>\n\t\t\t\t\t<\/div>\n<\/div><div class=\"eltd-section-title-holder  eltd-st-standard eltd-st-title-left eltd-st-normal-space \" >\n\t<div class=\"eltd-st-inner\">\n\t\t\t\t\t<h2 class=\"eltd-st-title\" style=\"color: #ffffff\">\n\t\t\t\tADITIVOS\t\t\t<\/h2>\n\t\t\t\t\t<\/div>\n<\/div><div class=\"eltd-separator-holder clearfix  eltd-separator-center \">\n\t<div class=\"eltd-separator\" style=\"border-color: #ffffff;width: 44px;border-bottom-width: 5px;margin-top: 15px;margin-bottom: 5px\"><\/div>\n<\/div>\n[vc_column_text css=\u00bb.vc_custom_1549021605120{padding-top: 10px !important;}\u00bb]<\/p>\n<h4 style=\"color: #000000;\">UN PASO M\u00c1S ALL\u00c1 EN EL MANTENIMIENTO<\/h4>\n<p>[\/vc_column_text][vc_single_image image=\u00bb34213&#8243; img_size=\u00bbfull\u00bb alignment=\u00bbcenter\u00bb onclick=\u00bbcustom_link\u00bb link=\u00bb\/es\/gama\/aditivos\/\u00bb][\/vc_column][\/vc_row][vc_row full_width=\u00bbstretch_row\u00bb css_animation=\u00bbfadeInLeft\u00bb content_text_aligment=\u00bbcenter\u00bb][vc_column css=\u00bb.vc_custom_1529423657639{padding-top: 20px !important;}\u00bb]<div class=\"eltd-section-title-holder  eltd-st-standard eltd-st-title-left eltd-st-normal-space \" >\n\t<div class=\"eltd-st-inner\">\n\t\t\t\t\t<h3 class=\"eltd-st-title\" style=\"color: #ffffff\">\n\t\t\t\tREFRIGERANTES\t\t\t<\/h3>\n\t\t\t\t\t<\/div>\n<\/div><div class=\"eltd-section-title-holder  eltd-st-standard eltd-st-title-left eltd-st-normal-space \" >\n\t<div class=\"eltd-st-inner\">\n\t\t\t\t\t<h2 class=\"eltd-st-title\" style=\"color: #ee3124\">\n\t\t\t\tGAMA\t\t\t<\/h2>\n\t\t\t\t\t<\/div>\n<\/div><div class=\"eltd-separator-holder clearfix  eltd-separator-center \">\n\t<div class=\"eltd-separator\" style=\"border-color: #ee3124;width: 44px;border-bottom-width: 5px;margin-top: 15px;margin-bottom: 5px\"><\/div>\n<\/div>\n[vc_column_text css=\u00bb.vc_custom_1548331346056{padding-top: 10px !important;}\u00bb]<\/p>\n<h4 style=\"color: #999999;\">Adaptado a cada fabricante<\/h4>\n<p>[\/vc_column_text][vc_single_image image=\u00bb34216&#8243; img_size=\u00bbfull\u00bb alignment=\u00bbcenter\u00bb onclick=\u00bbcustom_link\u00bb css=\u00bb\u00bb link=\u00bb\/es\/gama\/refrigerantes\/\u00bb][\/vc_column][\/vc_row][vc_row full_width=\u00bbstretch_row\u00bb css_animation=\u00bbfadeInLeft\u00bb content_text_aligment=\u00bbcenter\u00bb simple_background_color=\u00bb#999999&#8243;][vc_column css=\u00bb.vc_custom_1589191405123{padding-top: 20px !important;}\u00bb offset=\u00bbvc_hidden-lg vc_hidden-md vc_hidden-sm vc_hidden-xs\u00bb]<div class=\"eltd-section-title-holder  eltd-st-standard eltd-st-title-left eltd-st-normal-space \" >\n\t<div class=\"eltd-st-inner\">\n\t\t\t\t\t<h3 class=\"eltd-st-title\" style=\"color: #ffffff\">\n\t\t\t\tLIMPIAPARABRISAS\t\t\t<\/h3>\n\t\t\t\t\t<\/div>\n<\/div><div class=\"eltd-section-title-holder  eltd-st-standard eltd-st-title-left eltd-st-normal-space \" >\n\t<div class=\"eltd-st-inner\">\n\t\t\t\t\t<h2 class=\"eltd-st-title\" style=\"color: #000000\">\n\t\t\t\tL\u00cdQUIDOS\t\t\t<\/h2>\n\t\t\t\t\t<\/div>\n<\/div><div class=\"eltd-separator-holder clearfix  eltd-separator-center \">\n\t<div class=\"eltd-separator\" style=\"border-color: #000000;width: 44px;border-bottom-width: 5px;margin-top: 15px;margin-bottom: 5px\"><\/div>\n<\/div>\n[vc_column_text css=\u00bb.vc_custom_1548331290397{padding-top: 10px !important;}\u00bb]<\/p>\n<h4 style=\"color: #999999;\">Colecci\u00f3n de productos de temporada con aromas gourmet \u00fanicos.<\/h4>\n<p>[\/vc_column_text][vc_single_image image=\u00bb30027&#8243; img_size=\u00bbfull\u00bb alignment=\u00bbcenter\u00bb onclick=\u00bbcustom_link\u00bb link=\u00bb\/gamme\/lave-glaces\/\u00bb][\/vc_column][\/vc_row]<\/p>\n<\/div>","protected":false},"excerpt":{"rendered":"<p>[vc_row full_width=\u00bbstretch_row\u00bb disable_background_image=\u00bb\u00bb simple_background_color=\u00bb#ee3124&#8243; simple_background_image=\u00bb7083&#8243;][vc_column offset=\u00bbvc_hidden-lg vc_hidden-md vc_hidden-sm vc_hidden-xs\u00bb][\/vc_column][\/vc_row][vc_row row_content_width=\u00bbgrid\u00bb disable_background_image=\u00bb\u00bb simple_background_color=\u00bb#ee3124&#8243; simple_background_image=\u00bb8855&#8243;][vc_column offset=\u00bbvc_hidden-lg vc_hidden-md vc_hidden-sm vc_hidden-xs\u00bb css=\u00bb.vc_custom_1533205687262{padding-top: 120px !important;padding-bottom: 40px !important;}\u00bb][vc_column_text] GAMAS [\/vc_column_text][\/vc_column][\/vc_row][vc_row full_width=\u00bbstretch_row_content_no_spaces\u00bb full_height=\u00bbyes\u00bb columns_placement=\u00bbstretch\u00bb content_placement=\u00bbmiddle\u00bb video_bg=\u00bbyes\u00bb video_bg_url=\u00bbhttps:\/\/www.youtube.com\/watch?v=Go2za_SwjDI\u00bb css=\u00bb.vc_custom_1534762286568{padding-top: 0px !important;border-radius: 1px !important;}\u00bb][vc_column video_bg=\u00bbyes\u00bb video_bg_url=\u00bb\u00bb css=\u00bb.vc_custom_1533200714808{background-color: rgba(0,0,0,0.75) !important;*background-color: rgb(0,0,0) !important;}\u00bb][vc_row_inner content_placement=\u00bbmiddle\u00bb css=\u00bb.vc_custom_1613985452223{padding-top: 20px !important;padding-right: 5% !important;padding-bottom: 20px !important;padding-left: 5% !important;}\u00bb][vc_column_inner][vc_single_image image=\u00bb46529&#8243; img_size=\u00bbfull\u00bb css_animation=\u00bbbounceInLeft\u00bb [&hellip;]<\/p>\n","protected":false},"author":2,"featured_media":0,"parent":0,"menu_order":0,"comment_status":"closed","ping_status":"closed","template":"full-width.php","meta":{"_monsterinsights_skip_tracking":false,"_monsterinsights_sitenote_active":false,"_monsterinsights_sitenote_note":"","_monsterinsights_sitenote_category":0,"footnotes":""},"simple-restrict-permission":[],"class_list":["post-34024","page","type-page","status-publish","hentry"],"yoast_head":"<!-- This site is optimized with the Yoast SEO plugin v27.5 - https:\/\/yoast.com\/product\/yoast-seo-wordpress\/ -->\n<title>GAMA | KENNOL - Performance Oil<\/title>\n<meta name=\"description\" content=\"La gama KENNOL: aceites de motor, aceites de transmisi\u00f3n, l\u00edquidos de frenos, refrigerantes, l\u00edquidos espec\u00edficos, lavaparabrisas, etc.\" \/>\n<meta name=\"robots\" content=\"index, follow, max-snippet:-1, max-image-preview:large, max-video-preview:-1\" \/>\n<link rel=\"canonical\" href=\"https:\/\/kennol.com\/es\/gama\/\" \/>\n<meta property=\"og:locale\" content=\"es_ES\" \/>\n<meta property=\"og:type\" content=\"article\" \/>\n<meta property=\"og:title\" content=\"GAMA | KENNOL - Performance Oil\" \/>\n<meta property=\"og:description\" content=\"La gama KENNOL: aceites de motor, aceites de transmisi\u00f3n, l\u00edquidos de frenos, refrigerantes, l\u00edquidos espec\u00edficos, lavaparabrisas, etc.\" \/>\n<meta property=\"og:url\" content=\"https:\/\/kennol.com\/es\/gama\/\" \/>\n<meta property=\"og:site_name\" content=\"KENNOL\" \/>\n<meta property=\"article:modified_time\" content=\"2024-12-18T16:25:31+00:00\" \/>\n<meta name=\"twitter:card\" content=\"summary_large_image\" \/>\n<meta name=\"twitter:label1\" content=\"Tiempo de lectura\" \/>\n\t<meta name=\"twitter:data1\" content=\"3 minutos\" \/>\n<script type=\"application\/ld+json\" class=\"yoast-schema-graph\">{\"@context\":\"https:\\\/\\\/schema.org\",\"@graph\":[{\"@type\":\"WebPage\",\"@id\":\"https:\\\/\\\/kennol.com\\\/es\\\/gama\\\/\",\"url\":\"https:\\\/\\\/kennol.com\\\/es\\\/gama\\\/\",\"name\":\"GAMA | KENNOL - Performance Oil\",\"isPartOf\":{\"@id\":\"https:\\\/\\\/kennol.com\\\/es\\\/#website\"},\"datePublished\":\"2020-05-06T10:28:54+00:00\",\"dateModified\":\"2024-12-18T16:25:31+00:00\",\"description\":\"La gama KENNOL: aceites de motor, aceites de transmisi\u00f3n, l\u00edquidos de frenos, refrigerantes, l\u00edquidos espec\u00edficos, lavaparabrisas, etc.\",\"inLanguage\":\"es\",\"potentialAction\":[{\"@type\":\"ReadAction\",\"target\":[\"https:\\\/\\\/kennol.com\\\/es\\\/gama\\\/\"]}]},{\"@type\":\"WebSite\",\"@id\":\"https:\\\/\\\/kennol.com\\\/es\\\/#website\",\"url\":\"https:\\\/\\\/kennol.com\\\/es\\\/\",\"name\":\"KENNOL\",\"description\":\"Performance Oil\",\"publisher\":{\"@id\":\"https:\\\/\\\/kennol.com\\\/es\\\/#organization\"},\"potentialAction\":[{\"@type\":\"SearchAction\",\"target\":{\"@type\":\"EntryPoint\",\"urlTemplate\":\"https:\\\/\\\/kennol.com\\\/es\\\/?s={search_term_string}\"},\"query-input\":{\"@type\":\"PropertyValueSpecification\",\"valueRequired\":true,\"valueName\":\"search_term_string\"}}],\"inLanguage\":\"es\"},{\"@type\":\"Organization\",\"@id\":\"https:\\\/\\\/kennol.com\\\/es\\\/#organization\",\"name\":\"PPO\",\"url\":\"https:\\\/\\\/kennol.com\\\/es\\\/\",\"logo\":{\"@type\":\"ImageObject\",\"inLanguage\":\"es\",\"@id\":\"https:\\\/\\\/kennol.com\\\/es\\\/#\\\/schema\\\/logo\\\/image\\\/\",\"url\":\"https:\\\/\\\/kennol.com\\\/wp-content\\\/uploads\\\/2018\\\/01\\\/KENNOL_logo_header.png\",\"contentUrl\":\"https:\\\/\\\/kennol.com\\\/wp-content\\\/uploads\\\/2018\\\/01\\\/KENNOL_logo_header.png\",\"width\":400,\"height\":140,\"caption\":\"PPO\"},\"image\":{\"@id\":\"https:\\\/\\\/kennol.com\\\/es\\\/#\\\/schema\\\/logo\\\/image\\\/\"}}]}<\/script>\n<!-- \/ Yoast SEO plugin. -->","yoast_head_json":{"title":"GAMA | KENNOL - Performance Oil","description":"La gama KENNOL: aceites de motor, aceites de transmisi\u00f3n, l\u00edquidos de frenos, refrigerantes, l\u00edquidos espec\u00edficos, lavaparabrisas, etc.","robots":{"index":"index","follow":"follow","max-snippet":"max-snippet:-1","max-image-preview":"max-image-preview:large","max-video-preview":"max-video-preview:-1"},"canonical":"https:\/\/kennol.com\/es\/gama\/","og_locale":"es_ES","og_type":"article","og_title":"GAMA | KENNOL - Performance Oil","og_description":"La gama KENNOL: aceites de motor, aceites de transmisi\u00f3n, l\u00edquidos de frenos, refrigerantes, l\u00edquidos espec\u00edficos, lavaparabrisas, etc.","og_url":"https:\/\/kennol.com\/es\/gama\/","og_site_name":"KENNOL","article_modified_time":"2024-12-18T16:25:31+00:00","twitter_card":"summary_large_image","twitter_misc":{"Tiempo de lectura":"3 minutos"},"schema":{"@context":"https:\/\/schema.org","@graph":[{"@type":"WebPage","@id":"https:\/\/kennol.com\/es\/gama\/","url":"https:\/\/kennol.com\/es\/gama\/","name":"GAMA | KENNOL - Performance Oil","isPartOf":{"@id":"https:\/\/kennol.com\/es\/#website"},"datePublished":"2020-05-06T10:28:54+00:00","dateModified":"2024-12-18T16:25:31+00:00","description":"La gama KENNOL: aceites de motor, aceites de transmisi\u00f3n, l\u00edquidos de frenos, refrigerantes, l\u00edquidos espec\u00edficos, lavaparabrisas, etc.","inLanguage":"es","potentialAction":[{"@type":"ReadAction","target":["https:\/\/kennol.com\/es\/gama\/"]}]},{"@type":"WebSite","@id":"https:\/\/kennol.com\/es\/#website","url":"https:\/\/kennol.com\/es\/","name":"KENNOL","description":"Performance Oil","publisher":{"@id":"https:\/\/kennol.com\/es\/#organization"},"potentialAction":[{"@type":"SearchAction","target":{"@type":"EntryPoint","urlTemplate":"https:\/\/kennol.com\/es\/?s={search_term_string}"},"query-input":{"@type":"PropertyValueSpecification","valueRequired":true,"valueName":"search_term_string"}}],"inLanguage":"es"},{"@type":"Organization","@id":"https:\/\/kennol.com\/es\/#organization","name":"PPO","url":"https:\/\/kennol.com\/es\/","logo":{"@type":"ImageObject","inLanguage":"es","@id":"https:\/\/kennol.com\/es\/#\/schema\/logo\/image\/","url":"https:\/\/kennol.com\/wp-content\/uploads\/2018\/01\/KENNOL_logo_header.png","contentUrl":"https:\/\/kennol.com\/wp-content\/uploads\/2018\/01\/KENNOL_logo_header.png","width":400,"height":140,"caption":"PPO"},"image":{"@id":"https:\/\/kennol.com\/es\/#\/schema\/logo\/image\/"}}]}},"_links":{"self":[{"href":"https:\/\/kennol.com\/es\/wp-json\/wp\/v2\/pages\/34024","targetHints":{"allow":["GET"]}}],"collection":[{"href":"https:\/\/kennol.com\/es\/wp-json\/wp\/v2\/pages"}],"about":[{"href":"https:\/\/kennol.com\/es\/wp-json\/wp\/v2\/types\/page"}],"author":[{"embeddable":true,"href":"https:\/\/kennol.com\/es\/wp-json\/wp\/v2\/users\/2"}],"replies":[{"embeddable":true,"href":"https:\/\/kennol.com\/es\/wp-json\/wp\/v2\/comments?post=34024"}],"version-history":[{"count":18,"href":"https:\/\/kennol.com\/es\/wp-json\/wp\/v2\/pages\/34024\/revisions"}],"predecessor-version":[{"id":66875,"href":"https:\/\/kennol.com\/es\/wp-json\/wp\/v2\/pages\/34024\/revisions\/66875"}],"wp:attachment":[{"href":"https:\/\/kennol.com\/es\/wp-json\/wp\/v2\/media?parent=34024"}],"wp:term":[{"taxonomy":"simple-restrict-permission","embeddable":true,"href":"https:\/\/kennol.com\/es\/wp-json\/wp\/v2\/simple-restrict-permission?post=34024"}],"curies":[{"name":"wp","href":"https:\/\/api.w.org\/{rel}","templated":true}]}}