{"id":33956,"date":"2020-05-04T14:26:46","date_gmt":"2020-05-04T14:26:46","guid":{"rendered":"https:\/\/kennol.com\/socios-de-carreras\/"},"modified":"2021-08-27T11:03:53","modified_gmt":"2021-08-27T09:03:53","slug":"socios-de-carreras","status":"publish","type":"page","link":"https:\/\/kennol.com\/es\/socios-de-carreras\/","title":{"rendered":"Socios de carreras"},"content":{"rendered":"<div class=\"wpb-content-wrapper\"><p>[vc_row full_width=\u00bbstretch_row\u00bb disable_background_image=\u00bb\u00bb simple_background_color=\u00bb#ee3124&#8243; simple_background_image=\u00bb7083&#8243;][vc_column offset=\u00bbvc_hidden-lg vc_hidden-md\u00bb]<div class=\"eltd-section-title-holder  eltd-st-standard eltd-st-title-left eltd-st-normal-space \" >\n\t<div class=\"eltd-st-inner\">\n\t\t\t\t\t<h3 class=\"eltd-st-title\" style=\"color: #000000\">\n\t\t\t\tSocios en carreras de competici\u00f3n\t\t\t<\/h3>\n\t\t\t\t\t<\/div>\n<\/div>[\/vc_column][\/vc_row][vc_row full_width=\u00bbstretch_row\u00bb disable_background_image=\u00bb\u00bb simple_background_color=\u00bb#ee3124&#8243; simple_background_image=\u00bb8855&#8243; css=\u00bb.vc_custom_1534855301342{background-image: url(\/wp-content\/uploads\/2018\/06\/News_PERFORMANCE_bandeau.png?id=8855) !important;background-position: center !important;background-repeat: no-repeat !important;background-size: cover !important;}\u00bb][vc_column offset=\u00bbvc_hidden-sm vc_hidden-xs\u00bb css=\u00bb.vc_custom_1533120117941{padding-top: 120px !important;padding-bottom: 40px !important;}\u00bb][vc_column_text]<\/p>\n<h1><span style=\"color: #000000; font-size: larger;\">SOCIOS EN CARRERAS<\/span><\/h1>\n<p>[\/vc_column_text][\/vc_column][\/vc_row][vc_row full_width=\u00bbstretch_row\u00bb content_placement=\u00bbtop\u00bb parallax=\u00bbcontent-moving\u00bb parallax_image=\u00bb21018&#8243; parallax_speed_bg=\u00bb1.75&#8243; css=\u00bb.vc_custom_1557994124153{border-radius: 5px !important;}\u00bb][vc_column][vc_row_inner content_placement=\u00bbtop\u00bb][vc_column_inner]<div class=\"eltd-section-title-holder  eltd-st-standard eltd-st-title-left eltd-st-normal-space \" style=\"text-align: center\">\n\t<div class=\"eltd-st-inner\">\n\t\t\t\t\t<h2 class=\"eltd-st-title\" style=\"color: #ffffff\">\n\t\t\t\tNASCAR\t\t\t<\/h2>\n\t\t\t\t\t<\/div>\n<\/div><div class=\"eltd-separator-holder clearfix  eltd-separator-center \">\n\t<div class=\"eltd-separator\" style=\"border-color: #999999;width: 44px;border-bottom-width: 5px;margin-bottom: 20px\"><\/div>\n<\/div>\n[vc_column_text]<\/p>\n<p style=\"text-align: center;\"><span style=\"color: #ffffff; font-size: 14px;\">Hace varios a\u00f1os, el <a href=\"https:\/\/hometracks.nascar.com\/whelen-euro-series\/\" target=\"_blank\" rel=\"noopener noreferrer\"><strong>Euro NASCAR<\/strong><\/a> nombr\u00f3 a <strong>KENNOL<\/strong> como su <strong>proveedor oficial<\/strong>. Desde entonces, hemos desarrollado conjuntamente aceites a medida y de alto rendimiento para todos los equipos. Todos ellos usan nuestros aceites para motores y aceites diferenciales. Y estos fueron los primeros productos en formar parte de nuestra gama <a href=\"https:\/\/kennol.com\/es\/gama\/ultima\/\" target=\"_blank\" rel=\"noopener noreferrer\"><strong>KENNOL ULTIMA<\/strong><\/a> tan exclusiva.<\/span><\/p>\n<p>[\/vc_column_text][vc_empty_space height=\u00bb15px\u00bb][vc_single_image image=\u00bb46673&#8243; img_size=\u00bbfull\u00bb alignment=\u00bbcenter\u00bb onclick=\u00bbcustom_link\u00bb img_link_target=\u00bb_blank\u00bb css_animation=\u00bbzoomIn\u00bb link=\u00bbhttps:\/\/www.euronascar.com\/?lang=fr\u00bb css=\u00bb.vc_custom_1617201126077{padding-top: 0px !important;}\u00bb][vc_empty_space height=\u00bb70px\u00bb][\/vc_column_inner][\/vc_row_inner][vc_row_inner content_text_aligment=\u00bbcenter\u00bb][vc_column_inner]<div class=\"eltd-section-title-holder  eltd-st-standard eltd-st-title-left eltd-st-normal-space \" style=\"text-align: center\">\n\t<div class=\"eltd-st-inner\">\n\t\t\t\t\t<h2 class=\"eltd-st-title\" style=\"color: #ffffff\">\n\t\t\t\tWOLF Racing Cars\t\t\t<\/h2>\n\t\t\t\t\t<\/div>\n<\/div><div class=\"eltd-separator-holder clearfix  eltd-separator-center \">\n\t<div class=\"eltd-separator\" style=\"border-color: #999999;width: 44px;border-bottom-width: 5px;margin-bottom: 20px\"><\/div>\n<\/div>\n[vc_column_text]<\/p>\n<p style=\"text-align: center;\"><span style=\"color: #ffffff; font-size: 14px;\">El fabricante italiano <a href=\"http:\/\/www.wolfracingcars.com\/?lang=en\" target=\"_blank\" rel=\"noopener noreferrer\"><strong>WOLF Racing Cars<\/strong><\/a> dise\u00f1a los prototipos de carreras m\u00e1s eficientes: el WB08 (el prototipo que ha conseguido m\u00e1s victorias de la historia de las carreras). Con el fin de optimizar a\u00fan m\u00e1s su rendimiento, eligieron a <strong>KENNOL<\/strong> como <strong>proveedor oficial<\/strong> de sus aceites y l\u00edquidos (de motor, para transmisi\u00f3n, diferencial, etc.)<\/span><\/p>\n<p>[\/vc_column_text][vc_empty_space height=\u00bb15px\u00bb][vc_single_image image=\u00bb46681&#8243; img_size=\u00bbfull\u00bb alignment=\u00bbcenter\u00bb onclick=\u00bbcustom_link\u00bb img_link_target=\u00bb_blank\u00bb link=\u00bbhttp:\/\/www.wolfracingcars.com\/\u00bb][vc_empty_space height=\u00bb50px\u00bb][\/vc_column_inner][\/vc_row_inner][\/vc_column][\/vc_row][vc_row full_width=\u00bbstretch_row\u00bb content_placement=\u00bbtop\u00bb parallax=\u00bbcontent-moving\u00bb parallax_image=\u00bb21022&#8243; parallax_speed_bg=\u00bb1&#8243; css=\u00bb.vc_custom_1558945161244{border-radius: 5px !important;}\u00bb][vc_column][vc_row_inner content_text_aligment=\u00bbcenter\u00bb][vc_column_inner width=\u00bb1\/2&#8243;]<div class=\"eltd-section-title-holder  eltd-st-standard eltd-st-title-left eltd-st-normal-space \" style=\"text-align: center\">\n\t<div class=\"eltd-st-inner\">\n\t\t\t\t\t<h2 class=\"eltd-st-title\" style=\"color: #ffffff\">\n\t\t\t\tLegends Cars Cup European Nations Series\t\t\t<\/h2>\n\t\t\t\t\t<\/div>\n<\/div><div class=\"eltd-separator-holder clearfix  eltd-separator-center \">\n\t<div class=\"eltd-separator\" style=\"border-color: #999999;width: 44px;border-bottom-width: 5px;margin-bottom: 20px\"><\/div>\n<\/div>\n[vc_column_text]<\/p>\n<p style=\"text-align: center;\"><span style=\"color: #ffffff; font-size: 14px;\"> En el campeonato <a href=\"https:\/\/www.legendscarscup.com\/\" target=\"_blank\" rel=\"noopener noreferrer\"><strong>Legends Cars European Cup Series Nations<\/strong><\/a> KENNOL ha sido elegido como proveedor oficial de lubricantes y l\u00edquidos t\u00e9cnicos. Este campeonato monotipo (los 30 equipos corren con un motor Yamaha FZ09 de 900 cc, que va de 0 a 100 km\/h en menos de 3,5 segundos) es el escenario donde los mejores coches compiten en las carreras m\u00e1s feroces, en los circuitos de mayor prestigio de Europa y en una atm\u00f3sfera de locura.<\/span><\/p>\n<p>[\/vc_column_text][vc_empty_space height=\u00bb15px\u00bb][vc_single_image image=\u00bb46688&#8243; img_size=\u00bbfull\u00bb alignment=\u00bbcenter\u00bb onclick=\u00bbcustom_link\u00bb img_link_target=\u00bb_blank\u00bb link=\u00bbhttps:\/\/www.legendscarscup.com\/\u00bb][vc_empty_space height=\u00bb70px\u00bb][\/vc_column_inner][vc_column_inner width=\u00bb1\/2&#8243;]<div class=\"eltd-section-title-holder  eltd-st-standard eltd-st-title-left eltd-st-normal-space \" style=\"text-align: center\">\n\t<div class=\"eltd-st-inner\">\n\t\t\t\t\t<h2 class=\"eltd-st-title\" style=\"color: #ffffff\">\n\t\t\t\tChampionnat de France Historique des Circuits FFSA\t\t\t<\/h2>\n\t\t\t\t\t<\/div>\n<\/div><div class=\"eltd-separator-holder clearfix  eltd-separator-center \">\n\t<div class=\"eltd-separator\" style=\"border-color: #999999;width: 44px;border-bottom-width: 5px;margin-bottom: 20px\"><\/div>\n<\/div>\n[vc_column_text]<\/p>\n<p style=\"text-align: center;\"><span style=\"color: #ffffff; font-size: 14px;\">El <a href=\"https:\/\/www.hvmracing.fr\/\" target=\"_blank\" rel=\"noopener noreferrer\"><strong>Historic Tour<\/strong><\/a> (para los principiantes) es el tributo m\u00e1s bello a los coches de carreras que destacaron hace algunas temporadas. Convirtiendo los sue\u00f1os en realidad, este campeonato hace que las incre\u00edbles m\u00e1quinas de motores que rugen de furia (casi 300 participantes) revivan y corran en las rutas m\u00e1s bellas de Francia, y, por supuesto, tengan a KENNOL como proveedor de los aceites oficiales.<\/span><\/p>\n<p>[\/vc_column_text][vc_empty_space height=\u00bb15px\u00bb][vc_single_image image=\u00bb46716&#8243; img_size=\u00bbfull\u00bb alignment=\u00bbcenter\u00bb onclick=\u00bbcustom_link\u00bb img_link_target=\u00bb_blank\u00bb link=\u00bbhttps:\/\/www.hvmracing.fr\/\u00bb][vc_empty_space height=\u00bb70px\u00bb][\/vc_column_inner][\/vc_row_inner][vc_row_inner content_text_aligment=\u00bbcenter\u00bb][vc_column_inner width=\u00bb1\/2&#8243;]<div class=\"eltd-section-title-holder  eltd-st-standard eltd-st-title-left eltd-st-normal-space \" style=\"text-align: center\">\n\t<div class=\"eltd-st-inner\">\n\t\t\t\t\t<h2 class=\"eltd-st-title\" style=\"color: #ffffff\">\n\t\t\t\tChampionnat Italien Sport Prototypes\t\t\t<\/h2>\n\t\t\t\t\t<\/div>\n<\/div><div class=\"eltd-separator-holder clearfix  eltd-separator-center \">\n\t<div class=\"eltd-separator\" style=\"border-color: #999999;width: 44px;border-bottom-width: 5px;margin-bottom: 20px\"><\/div>\n<\/div>\n[vc_column_text css_animation=\u00bbnone\u00bb]<\/p>\n<p style=\"text-align: center;\"><span style=\"color: #ffffff; font-size: 14px;\">El <a href=\"http:\/\/www.acisport.it\/CISP\/\" target=\"_blank\" rel=\"noopener noreferrer\"><strong>Championnat Italien Sport Prototypes<\/strong><\/a> eligi\u00f3 a <strong>KENNOL<\/strong> como su <strong>proveedor oficial y exclusivo<\/strong>. Las vueltas en la pista de invierno y las pruebas de dyno validaron el rendimiento de nuestros productos frente a otras marcas. Los 23 prototipos utilizan aceites de <a href=\"https:\/\/kennol.com\/es\/gama\/ultima\/\"><strong>KENNOL ULTIMA<\/strong><\/a> y todos se examinan despu\u00e9s de cada carrera para comprobar que los resultados sean consistentes con las expectativas. <\/span><\/p>\n<p>[\/vc_column_text][vc_empty_space height=\u00bb15px\u00bb][vc_single_image image=\u00bb46695&#8243; img_size=\u00bbfull\u00bb alignment=\u00bbcenter\u00bb onclick=\u00bbcustom_link\u00bb img_link_target=\u00bb_blank\u00bb link=\u00bbhttp:\/\/www.acisport.it\/CISP\/\u00bb][vc_empty_space height=\u00bb70px\u00bb][\/vc_column_inner][vc_column_inner width=\u00bb1\/2&#8243;]<div class=\"eltd-section-title-holder  eltd-st-standard eltd-st-title-left eltd-st-normal-space \" style=\"text-align: center\">\n\t<div class=\"eltd-st-inner\">\n\t\t\t\t\t<h2 class=\"eltd-st-title\" style=\"color: #ffffff\">\n\t\t\t\t UNI Virtuosi Racing (FIA Formule 2)\t\t\t<\/h2>\n\t\t\t\t\t<\/div>\n<\/div><div class=\"eltd-separator-holder clearfix  eltd-separator-center \">\n\t<div class=\"eltd-separator\" style=\"border-color: #999999;width: 44px;border-bottom-width: 5px;margin-bottom: 20px\"><\/div>\n<\/div>\n[vc_column_text]<\/p>\n<p style=\"text-align: center;\"><span style=\"color: #ffffff; font-size: 14px;\"><a href=\"https:\/\/www.virtuosiracing.com\/\" target=\"_blank\" rel=\"noopener noreferrer\"><strong>UNI Virtuosi Racing<\/strong><\/a> es el nuevo equipo de F2 de la FIA. Y como principiante, decidieron confiar en el rendimiento y la experiencia de KENNOL. Y esta asociaci\u00f3n parece ir muy bien, porque ya ya ha conseguido destacar entre la multitud: la pole y la victoria en el primer Gran Premio. \u00bfEs el camino hacia un nuevo t\u00edtulo de campe\u00f3n mundial?<br \/>\n<\/span><\/p>\n<p>[\/vc_column_text][vc_empty_space height=\u00bb15px\u00bb][vc_single_image image=\u00bb46723&#8243; img_size=\u00bbfull\u00bb alignment=\u00bbcenter\u00bb onclick=\u00bbcustom_link\u00bb img_link_target=\u00bb_blank\u00bb link=\u00bbhttps:\/\/www.virtuosiracing.com\/\u00bb][vc_empty_space height=\u00bb70px\u00bb][\/vc_column_inner][\/vc_row_inner][vc_row_inner content_text_aligment=\u00bbcenter\u00bb][vc_column_inner width=\u00bb1\/2&#8243;]<div class=\"eltd-section-title-holder  eltd-st-standard eltd-st-title-left eltd-st-normal-space \" style=\"text-align: center\">\n\t<div class=\"eltd-st-inner\">\n\t\t\t\t\t<h2 class=\"eltd-st-title\" style=\"color: #ffffff\">\n\t\t\t\tBYKOLLES\t\t\t<\/h2>\n\t\t\t\t\t<\/div>\n<\/div><div class=\"eltd-separator-holder clearfix  eltd-separator-center \">\n\t<div class=\"eltd-separator\" style=\"border-color: #999999;width: 44px;border-bottom-width: 5px;margin-bottom: 20px\"><\/div>\n<\/div>\n[vc_column_text]<\/p>\n<p style=\"text-align: center;\"><span style=\"color: #ffffff; font-size: 14px;\"><a href=\"https:\/\/www.bykolles.com\/\" target=\"_blank\" rel=\"noopener noreferrer\"><strong>ByKOLLES<\/strong><\/a> es uno de los pocos equipos hist\u00f3ricos de LMP1 Privateers en <strong>el Campeonato Mundial de Resistencia de la FIA<\/strong>. La asociaci\u00f3n con <strong>KENNOL<\/strong> es a largo plazo. Y despu\u00e9s de varios a\u00f1os de investigaci\u00f3n y desarrollo (y por supuesto de pruebas), el equipo va a lanzar su propio prototipo para venderlo a otros equipos privados de LMP1.<\/span><\/p>\n<p>[\/vc_column_text][vc_empty_space height=\u00bb15px\u00bb][vc_single_image image=\u00bb46702&#8243; img_size=\u00bbfull\u00bb alignment=\u00bbcenter\u00bb onclick=\u00bbcustom_link\u00bb img_link_target=\u00bb_blank\u00bb link=\u00bbhttps:\/\/www.bykolles.com\/\u00bb][vc_empty_space height=\u00bb70px\u00bb][\/vc_column_inner][vc_column_inner width=\u00bb1\/2&#8243;]<div class=\"eltd-section-title-holder  eltd-st-standard eltd-st-title-left eltd-st-normal-space \" style=\"text-align: center\">\n\t<div class=\"eltd-st-inner\">\n\t\t\t\t\t<h2 class=\"eltd-st-title\" style=\"color: #ffffff\">\n\t\t\t\tSWITCH RIDERS\t\t\t<\/h2>\n\t\t\t\t\t<\/div>\n<\/div><div class=\"eltd-separator-holder clearfix  eltd-separator-center \">\n\t<div class=\"eltd-separator\" style=\"border-color: #999999;width: 44px;border-bottom-width: 5px;margin-bottom: 20px\"><\/div>\n<\/div>\n[vc_column_text]<\/p>\n<p style=\"text-align: center;\"><span style=\"color: #ffffff; font-size: 14px;\"><a href=\"http:\/\/www.switchriders.com\/\" target=\"_blank\" rel=\"noopener noreferrer\"><strong>SWITCH Riders<\/strong><\/a> es uno de los equipos m\u00e1s incre\u00edbles de Drfit y Stunt en Europa. Participan en las competiciones m\u00e1s radicales, as\u00ed como en campeonatos y concursos internacionales. Hace unos a\u00f1os eligieron a <strong>KENNOL<\/strong> como su, <strong>proveedor oficial<\/strong>.<\/span><\/p>\n<p>[\/vc_column_text][vc_empty_space height=\u00bb15px\u00bb][vc_single_image image=\u00bb46730&#8243; img_size=\u00bbfull\u00bb alignment=\u00bbcenter\u00bb onclick=\u00bbcustom_link\u00bb img_link_target=\u00bb_blank\u00bb link=\u00bbhttp:\/\/www.switchriders.com\u00bb][vc_empty_space height=\u00bb70px\u00bb][\/vc_column_inner][\/vc_row_inner][vc_row_inner content_text_aligment=\u00bbcenter\u00bb][vc_column_inner width=\u00bb1\/4&#8243;][\/vc_column_inner][vc_column_inner width=\u00bb1\/2&#8243;]<div class=\"eltd-section-title-holder  eltd-st-standard eltd-st-title-left eltd-st-normal-space \" style=\"text-align: center\">\n\t<div class=\"eltd-st-inner\">\n\t\t\t\t\t<h2 class=\"eltd-st-title\" style=\"color: #ffffff\">\n\t\t\t\tTEAM PMS\t\t\t<\/h2>\n\t\t\t\t\t<\/div>\n<\/div><div class=\"eltd-separator-holder clearfix  eltd-separator-center \">\n\t<div class=\"eltd-separator\" style=\"border-color: #999999;width: 44px;border-bottom-width: 5px;margin-bottom: 20px\"><\/div>\n<\/div>\n[vc_column_text]<\/p>\n<p style=\"text-align: center;\"><span style=\"color: #ffffff; font-size: 14px;\"> Este equipo franc\u00e9s naci\u00f3 hace menos de un a\u00f1o, sin embargo <a href=\"http:\/\/team-pms.fr\/\" target=\"_blank\" rel=\"noopener noreferrer\"><strong>le Team PMS<\/strong><\/a> est\u00e1 construyendo un programa bastante fuerte. Con la ayuda de varios socios seleccionados, como <strong>KENNOL<\/strong>, tienen como objetivo desarrollarse r\u00e1pidamente y competir pronto en el <a href=\"https:\/\/www.fimewc.fr\/\" target=\"_blank\" rel=\"noopener noreferrer\"><strong>Campeonato Mundial de Resistencia de la FIM<\/strong><\/a>, despu\u00e9s de haber tenido la experiencia de las carreras de motocicletas en el campeonato franc\u00e9s y las carreras de resistencia de 24 horas.<\/span><\/p>\n<p>[\/vc_column_text][vc_empty_space height=\u00bb15px\u00bb][vc_single_image image=\u00bb46709&#8243; img_size=\u00bbfull\u00bb alignment=\u00bbcenter\u00bb onclick=\u00bbcustom_link\u00bb img_link_target=\u00bb_blank\u00bb link=\u00bbhttp:\/\/team-pms.fr\/\u00bb][\/vc_column_inner][vc_column_inner width=\u00bb1\/4&#8243;][\/vc_column_inner][\/vc_row_inner][\/vc_column][\/vc_row]<\/p>\n<\/div>","protected":false},"excerpt":{"rendered":"<p>[vc_row full_width=\u00bbstretch_row\u00bb disable_background_image=\u00bb\u00bb simple_background_color=\u00bb#ee3124&#8243; simple_background_image=\u00bb7083&#8243;][vc_column offset=\u00bbvc_hidden-lg vc_hidden-md\u00bb][\/vc_column][\/vc_row][vc_row full_width=\u00bbstretch_row\u00bb disable_background_image=\u00bb\u00bb simple_background_color=\u00bb#ee3124&#8243; simple_background_image=\u00bb8855&#8243; css=\u00bb.vc_custom_1534855301342{background-image: url(\/wp-content\/uploads\/2018\/06\/News_PERFORMANCE_bandeau.png?id=8855) !important;background-position: center !important;background-repeat: no-repeat !important;background-size: cover !important;}\u00bb][vc_column offset=\u00bbvc_hidden-sm vc_hidden-xs\u00bb css=\u00bb.vc_custom_1533120117941{padding-top: 120px !important;padding-bottom: 40px !important;}\u00bb][vc_column_text] SOCIOS EN CARRERAS [\/vc_column_text][\/vc_column][\/vc_row][vc_row full_width=\u00bbstretch_row\u00bb content_placement=\u00bbtop\u00bb parallax=\u00bbcontent-moving\u00bb parallax_image=\u00bb21018&#8243; parallax_speed_bg=\u00bb1.75&#8243; css=\u00bb.vc_custom_1557994124153{border-radius: 5px !important;}\u00bb][vc_column][vc_row_inner content_placement=\u00bbtop\u00bb][vc_column_inner][vc_column_text] Hace varios a\u00f1os, el Euro NASCAR nombr\u00f3 a KENNOL como su proveedor oficial. Desde entonces, [&hellip;]<\/p>\n","protected":false},"author":2,"featured_media":0,"parent":0,"menu_order":0,"comment_status":"closed","ping_status":"closed","template":"","meta":{"_monsterinsights_skip_tracking":false,"_monsterinsights_sitenote_active":false,"_monsterinsights_sitenote_note":"","_monsterinsights_sitenote_category":0,"footnotes":""},"simple-restrict-permission":[],"class_list":["post-33956","page","type-page","status-publish","hentry"],"yoast_head":"<!-- This site is optimized with the Yoast SEO plugin v27.5 - https:\/\/yoast.com\/product\/yoast-seo-wordpress\/ -->\n<title>Socios de carreras | KENNOL - Performance Oil<\/title>\n<meta name=\"description\" content=\"KENNOL desarrolla aceites y fluidos con socios en la competencia de carreras. Esta es la garant\u00eda que los productos pueden realizar en las condiciones m\u00e1s exigentes.\" \/>\n<meta name=\"robots\" content=\"index, follow, max-snippet:-1, max-image-preview:large, max-video-preview:-1\" \/>\n<link rel=\"canonical\" href=\"https:\/\/kennol.com\/es\/socios-de-carreras\/\" \/>\n<meta property=\"og:locale\" content=\"es_ES\" \/>\n<meta property=\"og:type\" content=\"article\" \/>\n<meta property=\"og:title\" content=\"Socios de carreras | KENNOL - Performance Oil\" \/>\n<meta property=\"og:description\" content=\"KENNOL desarrolla aceites y fluidos con socios en la competencia de carreras. Esta es la garant\u00eda que los productos pueden realizar en las condiciones m\u00e1s exigentes.\" \/>\n<meta property=\"og:url\" content=\"https:\/\/kennol.com\/es\/socios-de-carreras\/\" \/>\n<meta property=\"og:site_name\" content=\"KENNOL\" \/>\n<meta property=\"article:modified_time\" content=\"2021-08-27T09:03:53+00:00\" \/>\n<meta name=\"twitter:card\" content=\"summary_large_image\" \/>\n<meta name=\"twitter:label1\" content=\"Tiempo de lectura\" \/>\n\t<meta name=\"twitter:data1\" content=\"7 minutos\" \/>\n<script type=\"application\/ld+json\" class=\"yoast-schema-graph\">{\"@context\":\"https:\\\/\\\/schema.org\",\"@graph\":[{\"@type\":\"WebPage\",\"@id\":\"https:\\\/\\\/kennol.com\\\/es\\\/socios-de-carreras\\\/\",\"url\":\"https:\\\/\\\/kennol.com\\\/es\\\/socios-de-carreras\\\/\",\"name\":\"Socios de carreras | KENNOL - Performance Oil\",\"isPartOf\":{\"@id\":\"https:\\\/\\\/kennol.com\\\/es\\\/#website\"},\"datePublished\":\"2020-05-04T14:26:46+00:00\",\"dateModified\":\"2021-08-27T09:03:53+00:00\",\"description\":\"KENNOL desarrolla aceites y fluidos con socios en la competencia de carreras. Esta es la garant\u00eda que los productos pueden realizar en las condiciones m\u00e1s exigentes.\",\"inLanguage\":\"es\",\"potentialAction\":[{\"@type\":\"ReadAction\",\"target\":[\"https:\\\/\\\/kennol.com\\\/es\\\/socios-de-carreras\\\/\"]}]},{\"@type\":\"WebSite\",\"@id\":\"https:\\\/\\\/kennol.com\\\/es\\\/#website\",\"url\":\"https:\\\/\\\/kennol.com\\\/es\\\/\",\"name\":\"KENNOL\",\"description\":\"Performance Oil\",\"publisher\":{\"@id\":\"https:\\\/\\\/kennol.com\\\/es\\\/#organization\"},\"potentialAction\":[{\"@type\":\"SearchAction\",\"target\":{\"@type\":\"EntryPoint\",\"urlTemplate\":\"https:\\\/\\\/kennol.com\\\/es\\\/?s={search_term_string}\"},\"query-input\":{\"@type\":\"PropertyValueSpecification\",\"valueRequired\":true,\"valueName\":\"search_term_string\"}}],\"inLanguage\":\"es\"},{\"@type\":\"Organization\",\"@id\":\"https:\\\/\\\/kennol.com\\\/es\\\/#organization\",\"name\":\"PPO\",\"url\":\"https:\\\/\\\/kennol.com\\\/es\\\/\",\"logo\":{\"@type\":\"ImageObject\",\"inLanguage\":\"es\",\"@id\":\"https:\\\/\\\/kennol.com\\\/es\\\/#\\\/schema\\\/logo\\\/image\\\/\",\"url\":\"https:\\\/\\\/kennol.com\\\/wp-content\\\/uploads\\\/2018\\\/01\\\/KENNOL_logo_header.png\",\"contentUrl\":\"https:\\\/\\\/kennol.com\\\/wp-content\\\/uploads\\\/2018\\\/01\\\/KENNOL_logo_header.png\",\"width\":400,\"height\":140,\"caption\":\"PPO\"},\"image\":{\"@id\":\"https:\\\/\\\/kennol.com\\\/es\\\/#\\\/schema\\\/logo\\\/image\\\/\"}}]}<\/script>\n<!-- \/ Yoast SEO plugin. -->","yoast_head_json":{"title":"Socios de carreras | KENNOL - Performance Oil","description":"KENNOL desarrolla aceites y fluidos con socios en la competencia de carreras. Esta es la garant\u00eda que los productos pueden realizar en las condiciones m\u00e1s exigentes.","robots":{"index":"index","follow":"follow","max-snippet":"max-snippet:-1","max-image-preview":"max-image-preview:large","max-video-preview":"max-video-preview:-1"},"canonical":"https:\/\/kennol.com\/es\/socios-de-carreras\/","og_locale":"es_ES","og_type":"article","og_title":"Socios de carreras | KENNOL - Performance Oil","og_description":"KENNOL desarrolla aceites y fluidos con socios en la competencia de carreras. Esta es la garant\u00eda que los productos pueden realizar en las condiciones m\u00e1s exigentes.","og_url":"https:\/\/kennol.com\/es\/socios-de-carreras\/","og_site_name":"KENNOL","article_modified_time":"2021-08-27T09:03:53+00:00","twitter_card":"summary_large_image","twitter_misc":{"Tiempo de lectura":"7 minutos"},"schema":{"@context":"https:\/\/schema.org","@graph":[{"@type":"WebPage","@id":"https:\/\/kennol.com\/es\/socios-de-carreras\/","url":"https:\/\/kennol.com\/es\/socios-de-carreras\/","name":"Socios de carreras | KENNOL - Performance Oil","isPartOf":{"@id":"https:\/\/kennol.com\/es\/#website"},"datePublished":"2020-05-04T14:26:46+00:00","dateModified":"2021-08-27T09:03:53+00:00","description":"KENNOL desarrolla aceites y fluidos con socios en la competencia de carreras. Esta es la garant\u00eda que los productos pueden realizar en las condiciones m\u00e1s exigentes.","inLanguage":"es","potentialAction":[{"@type":"ReadAction","target":["https:\/\/kennol.com\/es\/socios-de-carreras\/"]}]},{"@type":"WebSite","@id":"https:\/\/kennol.com\/es\/#website","url":"https:\/\/kennol.com\/es\/","name":"KENNOL","description":"Performance Oil","publisher":{"@id":"https:\/\/kennol.com\/es\/#organization"},"potentialAction":[{"@type":"SearchAction","target":{"@type":"EntryPoint","urlTemplate":"https:\/\/kennol.com\/es\/?s={search_term_string}"},"query-input":{"@type":"PropertyValueSpecification","valueRequired":true,"valueName":"search_term_string"}}],"inLanguage":"es"},{"@type":"Organization","@id":"https:\/\/kennol.com\/es\/#organization","name":"PPO","url":"https:\/\/kennol.com\/es\/","logo":{"@type":"ImageObject","inLanguage":"es","@id":"https:\/\/kennol.com\/es\/#\/schema\/logo\/image\/","url":"https:\/\/kennol.com\/wp-content\/uploads\/2018\/01\/KENNOL_logo_header.png","contentUrl":"https:\/\/kennol.com\/wp-content\/uploads\/2018\/01\/KENNOL_logo_header.png","width":400,"height":140,"caption":"PPO"},"image":{"@id":"https:\/\/kennol.com\/es\/#\/schema\/logo\/image\/"}}]}},"_links":{"self":[{"href":"https:\/\/kennol.com\/es\/wp-json\/wp\/v2\/pages\/33956","targetHints":{"allow":["GET"]}}],"collection":[{"href":"https:\/\/kennol.com\/es\/wp-json\/wp\/v2\/pages"}],"about":[{"href":"https:\/\/kennol.com\/es\/wp-json\/wp\/v2\/types\/page"}],"author":[{"embeddable":true,"href":"https:\/\/kennol.com\/es\/wp-json\/wp\/v2\/users\/2"}],"replies":[{"embeddable":true,"href":"https:\/\/kennol.com\/es\/wp-json\/wp\/v2\/comments?post=33956"}],"version-history":[{"count":9,"href":"https:\/\/kennol.com\/es\/wp-json\/wp\/v2\/pages\/33956\/revisions"}],"predecessor-version":[{"id":47764,"href":"https:\/\/kennol.com\/es\/wp-json\/wp\/v2\/pages\/33956\/revisions\/47764"}],"wp:attachment":[{"href":"https:\/\/kennol.com\/es\/wp-json\/wp\/v2\/media?parent=33956"}],"wp:term":[{"taxonomy":"simple-restrict-permission","embeddable":true,"href":"https:\/\/kennol.com\/es\/wp-json\/wp\/v2\/simple-restrict-permission?post=33956"}],"curies":[{"name":"wp","href":"https:\/\/api.w.org\/{rel}","templated":true}]}}