{"id":33876,"date":"2020-04-30T14:36:49","date_gmt":"2020-04-30T14:36:49","guid":{"rendered":"https:\/\/kennol.com\/el-grupo\/"},"modified":"2021-08-27T10:59:56","modified_gmt":"2021-08-27T08:59:56","slug":"el-grupo","status":"publish","type":"page","link":"https:\/\/kennol.com\/es\/el-grupo\/","title":{"rendered":"EL GRUPO"},"content":{"rendered":"<div class=\"wpb-content-wrapper\"><p>[vc_row full_width=\u00bbstretch_row\u00bb disable_background_image=\u00bb\u00bb content_text_aligment=\u00bbleft\u00bb simple_background_image=\u00bb7083&#8243; simple_background_color=\u00bb#ee3124&#8243;][vc_column offset=\u00bbvc_hidden-lg vc_hidden-md\u00bb]<div class=\"eltd-section-title-holder  eltd-st-standard eltd-st-title-left eltd-st-normal-space \" >\n\t<div class=\"eltd-st-inner\">\n\t\t\t\t\t<h3 class=\"eltd-st-title\" style=\"color: #000000\">\n\t\t\t\tEL GRUPO\t\t\t<\/h3>\n\t\t\t\t\t<\/div>\n<\/div>[\/vc_column][\/vc_row][vc_row full_width=\u00bbstretch_row\u00bb disable_background_image=\u00bb\u00bb content_text_aligment=\u00bbleft\u00bb simple_background_image=\u00bb8855&#8243; simple_background_color=\u00bb#ee3124&#8243; css=\u00bb.vc_custom_1534855179394{background-image: url(\/wp-content\/uploads\/2018\/06\/News_PERFORMANCE_bandeau.png?id=8855) !important;background-position: center !important;background-repeat: no-repeat !important;background-size: cover !important;}\u00bb][vc_column css=\u00bb.vc_custom_1533631109337{padding-top: 120px !important;padding-bottom: 40px !important;}\u00bb offset=\u00bbvc_hidden-sm vc_hidden-xs\u00bb][vc_column_text]<\/p>\n<h1><span style=\"color: #000000; font-size: larger;\">EL GRUPO<\/span><\/h1>\n<p>[\/vc_column_text][\/vc_column][\/vc_row][vc_row full_width=\u00bbstretch_row\u00bb full_height=\u00bbyes\u00bb columns_placement=\u00bbtop\u00bb content_placement=\u00bbmiddle\u00bb parallax=\u00bbcontent-moving-fade\u00bb parallax_image=\u00bb18702&#8243; parallax_speed_bg=\u00bb2.5&#8243;][vc_column]<div class=\"eltd-tabs  eltd-tabs-vertical\">\n\t<ul class=\"eltd-tabs-nav clearfix\">\n\t\t\t\t\t<li>\n\t\t\t\t\t\t\t\t\t<a href=\"#tab-el-grupo\">EL GRUPO <\/a>\n\t\t\t\t\t\t\t<\/li>\n\t\t\t\t\t<li>\n\t\t\t\t\t\t\t\t\t<a href=\"#tab-la-empresa\">La Empresa<\/a>\n\t\t\t\t\t\t\t<\/li>\n\t\t\t\t\t<li>\n\t\t\t\t\t\t\t\t\t<a href=\"#tab-la-marca\">La Marca<\/a>\n\t\t\t\t\t\t\t<\/li>\n\t\t\t\t\t<li>\n\t\t\t\t\t\t\t\t\t<a href=\"#tab-la-fabricacion\">La Fabricaci\u00f3n<\/a>\n\t\t\t\t\t\t\t<\/li>\n\t\t\t<\/ul>\n\t<div class=\"eltd-tab-container\" id=\"tab-el-grupo-787\"><div class=\"eltd-section-title-holder  eltd-st-standard eltd-st-title-left eltd-st-normal-space \" style=\"text-align: center\">\n\t<div class=\"eltd-st-inner\">\n\t\t\t\t\t<h2 class=\"eltd-st-title\" style=\"color: #ffffff\">\n\t\t\t\tEL GRUPO \t\t\t<\/h2>\n\t\t\t\t\t<\/div>\n<\/div><div class=\"eltd-separator-holder clearfix  eltd-separator-center \">\n\t<div class=\"eltd-separator\" style=\"width: 44px;border-bottom-width: 5px;margin-top: 15px;margin-bottom: 40px\"><\/div>\n<\/div>\n<div class=\"eltd-image-with-text-holder  eltd-has-shadow eltd-image-behavior-grayscale\">\n    <div class=\"eltd-iwt-image\">\n                                    <img decoding=\"async\" width=\"1500\" height=\"566\" src=\"https:\/\/kennol.com\/wp-content\/uploads\/KENNOL_GROUP-min.png\" class=\"attachment-full size-full\" alt=\"KENNOL&#039;s industrial group is a french family owned company.\" srcset=\"https:\/\/kennol.com\/wp-content\/uploads\/KENNOL_GROUP-min.png 1500w, https:\/\/kennol.com\/wp-content\/uploads\/KENNOL_GROUP-min-160x60.png 160w, https:\/\/kennol.com\/wp-content\/uploads\/KENNOL_GROUP-min-300x113.png 300w, https:\/\/kennol.com\/wp-content\/uploads\/KENNOL_GROUP-min-768x290.png 768w, https:\/\/kennol.com\/wp-content\/uploads\/KENNOL_GROUP-min-1100x415.png 1100w, https:\/\/kennol.com\/wp-content\/uploads\/KENNOL_GROUP-min-1000x377.png 1000w\" sizes=\"(max-width: 1500px) 100vw, 1500px\" \/>                        <\/div>\n    <div class=\"eltd-iwt-text-holder\">\n        \t\t    <\/div>\n<\/div><div class=\"eltd-section-title-holder  eltd-st-standard eltd-st-title-left eltd-st-normal-space \" style=\"text-align: left\">\n\t<div class=\"eltd-st-inner\">\n\t\t\t\t\t<h2 class=\"eltd-st-title\" style=\"color: #ee3124\">\n\t\t\t\tLa fuerza de un legado\t\t\t<\/h2>\n\t\t\t\t\t<\/div>\n<\/div>[vc_empty_space height=\u00bb20px\u00bb]<div class=\"eltd-section-title-holder  eltd-st-standard eltd-st-title-left eltd-st-normal-space \" style=\"text-align: left\">\n\t<div class=\"eltd-st-inner\">\n\t\t\t\t\t<h4 class=\"eltd-st-title\" style=\"color: #cccccc\">\n\t\t\t\tEl grupo industrial de KENNOL es una empresa familiar francesa.\t\t\t<\/h4>\n\t\t\t\t\t<\/div>\n<\/div>[vc_column_text]A principios de los a\u00f1os 80, la primera generaci\u00f3n decidi\u00f3 especializarse en la industria de los lubricantes y construy\u00f3 una f\u00e1brica bastante modera para la \u00e9poca en Cholet, Francia.<br \/>\nM\u00e1s tarde, otras filiales del Grupo ayudaron a crear una red de personas con las mejores habilidades en el Grupo, con el fin de que cada una de las necesidades de los clientes fuese satisfecha en un tiempo r\u00e9cord y exclusivamente usando el talento del personal interno.<\/p>\n<p>&nbsp;<\/p>\n<p>El \u00e9xito de las diferentes estructuras dentro del Grupo impuls\u00f3 progresivamente la calidad de la producci\u00f3n y la log\u00edstica de la f\u00e1brica. Aunque el Grupo quer\u00eda permanecer independiente a toda costa, hab\u00eda una voluntad de crear una marca reconocida bastante palpable.<br \/>\n[\/vc_column_text][vc_empty_space height=\u00bb20px\u00bb]<div class=\"eltd-section-title-holder  eltd-st-standard eltd-st-title-left eltd-st-normal-space \" style=\"text-align: left\">\n\t<div class=\"eltd-st-inner\">\n\t\t\t\t\t<h4 class=\"eltd-st-title\" style=\"color: #cccccc\">\n\t\t\t\tAs\u00ed es como naci\u00f3 KENNOL en 1992.\t\t\t<\/h4>\n\t\t\t\t\t<\/div>\n<\/div>[vc_column_text]Desde entonces, el Grupo ha ampliado sus actividades hacia otros campos, pero sigue totalmente comprometido por conseguir el \u00e9xito de nuestro productos y servicios entre los clientes de m\u00e1s de 60 pa\u00edses del mundo.<\/p>\n<p>&nbsp;<\/p>\n<p>Las m\u00faltiples facetas del Grupo nos permiten innovar en todas las caracter\u00edsticas del campo:<br \/>\n&#8211; instalaciones de producci\u00f3n ultramodernas<br \/>\n&#8211; laboratorios in situ<br \/>\n&#8211; agencia de comunicaci\u00f3n y marketing con una gran dedicaci\u00f3n&lt;<br \/>\n&#8211; equipo de carreras (racing team) de f\u00e1brica<br \/>\n&#8211; almac\u00e9n propio para reservas[\/vc_column_text]<\/div><div class=\"eltd-tab-container\" id=\"tab-la-empresa-53\"><div class=\"eltd-section-title-holder  eltd-st-standard eltd-st-title-left eltd-st-normal-space \" style=\"text-align: center\">\n\t<div class=\"eltd-st-inner\">\n\t\t\t\t\t<h2 class=\"eltd-st-title\" style=\"color: #ffffff\">\n\t\t\t\tLa Empresa\t\t\t<\/h2>\n\t\t\t\t\t<\/div>\n<\/div><div class=\"eltd-separator-holder clearfix  eltd-separator-center \">\n\t<div class=\"eltd-separator\" style=\"width: 44px;border-bottom-width: 5px;margin-top: 15px;margin-bottom: 40px\"><\/div>\n<\/div>\n<div class=\"eltd-image-with-text-holder  eltd-has-shadow eltd-image-behavior-grayscale\">\n    <div class=\"eltd-iwt-image\">\n                                    <img decoding=\"async\" width=\"1500\" height=\"566\" src=\"https:\/\/kennol.com\/wp-content\/uploads\/KENNOL_GROUP_company-min.png\" class=\"attachment-full size-full\" alt=\"P.P.O. (Produits P\u00e9troliers Organisation) has been created to lead the destiny of KENNOL in 1991.\" srcset=\"https:\/\/kennol.com\/wp-content\/uploads\/KENNOL_GROUP_company-min.png 1500w, https:\/\/kennol.com\/wp-content\/uploads\/KENNOL_GROUP_company-min-160x60.png 160w, https:\/\/kennol.com\/wp-content\/uploads\/KENNOL_GROUP_company-min-300x113.png 300w, https:\/\/kennol.com\/wp-content\/uploads\/KENNOL_GROUP_company-min-768x290.png 768w, https:\/\/kennol.com\/wp-content\/uploads\/KENNOL_GROUP_company-min-1100x415.png 1100w, https:\/\/kennol.com\/wp-content\/uploads\/KENNOL_GROUP_company-min-1000x377.png 1000w\" sizes=\"(max-width: 1500px) 100vw, 1500px\" \/>                        <\/div>\n    <div class=\"eltd-iwt-text-holder\">\n        \t\t    <\/div>\n<\/div><div class=\"eltd-section-title-holder  eltd-st-standard eltd-st-title-left eltd-st-normal-space \" style=\"text-align: left\">\n\t<div class=\"eltd-st-inner\">\n\t\t\t\t\t<h2 class=\"eltd-st-title\" style=\"color: #ee3124\">\n\t\t\t\tPasi\u00f3n por el rendimiento\t\t\t<\/h2>\n\t\t\t\t\t<\/div>\n<\/div>[vc_empty_space height=\u00bb20&#8243;]<div class=\"eltd-section-title-holder  eltd-st-standard eltd-st-title-left eltd-st-normal-space \" style=\"text-align: left\">\n\t<div class=\"eltd-st-inner\">\n\t\t\t\t\t<h4 class=\"eltd-st-title\" style=\"color: #cccccc\">\n\t\t\t\tEn 1991 se cre\u00f3 P.P.O. (Produits P\u00e9troliers Organisation) para guiar a KENNOL hacia su destino.\t\t\t<\/h4>\n\t\t\t\t\t<\/div>\n<\/div>[vc_column_text]Gracias a una d\u00e9cada de dise\u00f1o y fabricaci\u00f3n de lubricantes de alta calidad (automovil\u00edsticos e industriales), la empresa comenz\u00f3 como la filial premium del Grupo.<br \/>\nSe especializ\u00f3 en lubricantes de alto rendimiento para coches y competiciones, antes de abrir su cat\u00e1logo, a\u00f1o tras a\u00f1o, a otros campos, como las motocicletas, etc.<\/p>\n<p>&nbsp;<\/p>\n<p>La empresa siempre ha buscado nuevas ideas e innovaci\u00f3n para seguir motivando a KENNOL a los niveles m\u00e1s altos de la industria.<br \/>\n[\/vc_column_text]<\/div><div class=\"eltd-tab-container\" id=\"tab-la-marca-322\"><div class=\"eltd-section-title-holder  eltd-st-standard eltd-st-title-left eltd-st-normal-space \" style=\"text-align: center\">\n\t<div class=\"eltd-st-inner\">\n\t\t\t\t\t<h2 class=\"eltd-st-title\" style=\"color: #ffffff\">\n\t\t\t\tLa Marca\t\t\t<\/h2>\n\t\t\t\t\t<\/div>\n<\/div><div class=\"eltd-separator-holder clearfix  eltd-separator-center \">\n\t<div class=\"eltd-separator\" style=\"width: 44px;border-bottom-width: 5px;margin-top: 15px;margin-bottom: 40px\"><\/div>\n<\/div>\n<div class=\"eltd-image-with-text-holder  eltd-has-shadow eltd-image-behavior-grayscale\">\n    <div class=\"eltd-iwt-image\">\n                                    <img decoding=\"async\" width=\"1500\" height=\"566\" src=\"https:\/\/kennol.com\/wp-content\/uploads\/KENNOL_GROUP_brand-min.png\" class=\"attachment-full size-full\" alt=\"KENNOL was born on the track.\" srcset=\"https:\/\/kennol.com\/wp-content\/uploads\/KENNOL_GROUP_brand-min.png 1500w, https:\/\/kennol.com\/wp-content\/uploads\/KENNOL_GROUP_brand-min-160x60.png 160w, https:\/\/kennol.com\/wp-content\/uploads\/KENNOL_GROUP_brand-min-300x113.png 300w, https:\/\/kennol.com\/wp-content\/uploads\/KENNOL_GROUP_brand-min-768x290.png 768w, https:\/\/kennol.com\/wp-content\/uploads\/KENNOL_GROUP_brand-min-1100x415.png 1100w, https:\/\/kennol.com\/wp-content\/uploads\/KENNOL_GROUP_brand-min-1000x377.png 1000w\" sizes=\"(max-width: 1500px) 100vw, 1500px\" \/>                        <\/div>\n    <div class=\"eltd-iwt-text-holder\">\n        \t\t    <\/div>\n<\/div><div class=\"eltd-section-title-holder  eltd-st-standard eltd-st-title-left eltd-st-normal-space \" style=\"text-align: left\">\n\t<div class=\"eltd-st-inner\">\n\t\t\t\t\t<h2 class=\"eltd-st-title\" style=\"color: #ee3124\">\n\t\t\t\tNacido en la pista\t\t\t<\/h2>\n\t\t\t\t\t<\/div>\n<\/div>[vc_column_text]La marca KENNOL se cre\u00f3 en 1992 y se dedic\u00f3 a los lubricantes de alto rendimiento para coches y carreras de competici\u00f3n.<\/p>\n<p>Pronto obtuvo su primer reconocimiento internacional tras ganar las 24H de Le Mans de 1993, con Christophe BOUCHUT.<\/p>\n<p>&nbsp;<\/p>\n<p>Desde entonces, no ha pasado un solo a\u00f1o sin que KENNOL se haya llevado varios t\u00edtulos y prestigiosas victorias.<br \/>\nEste historial de carreras de competici\u00f3n es el concepto de toda la marca: si ganamos con los lubricantes que desarrollamos y fabricamos, puede confiar en estos productos para proteger el motor de su coche cada d\u00eda.[\/vc_column_text][vc_empty_space height=\u00bb20&#8243;]<div class=\"eltd-section-title-holder  eltd-st-standard eltd-st-title-left eltd-st-normal-space \" style=\"text-align: left\">\n\t<div class=\"eltd-st-inner\">\n\t\t\t\t\t<h4 class=\"eltd-st-title\" style=\"color: #cccccc\">\n\t\t\t\tNuestras victorias y \u00e9xitos son su garant\u00eda.\t\t\t<\/h4>\n\t\t\t\t\t<\/div>\n<\/div>[vc_column_text]Asimismo, KENNOL disfruta de otra fuerza interior, adem\u00e1s de sus productos de alta calidad: su imagen p\u00fablica.<br \/>\nLo que significa que los colores y el logotipo de la marca son reconocidos en todos los continentes.<br \/>\nEsto se debe a nuestro compromiso en las carreras, pero tambi\u00e9n al enfoque premium que siempre adoptamos y al poder global de su representaci\u00f3n.<\/p>\n<p>&nbsp;<\/p>\n<p>Incluso la transici\u00f3n digital fue favorable para una de las marcas de lubricantes m\u00e1s modernas del mundo. De hecho, KENNOL se encuentra entre las 15 marcas de lubricantes independientes m\u00e1s famosas y populares de todo el mundo (fuente: Estad\u00edsticas de Facebook 2019).<br \/>\n[\/vc_column_text]<\/div><div class=\"eltd-tab-container\" id=\"tab-la-fabricacion-418\"><div class=\"eltd-section-title-holder  eltd-st-standard eltd-st-title-left eltd-st-normal-space \" style=\"text-align: center\">\n\t<div class=\"eltd-st-inner\">\n\t\t\t\t\t<h2 class=\"eltd-st-title\" style=\"color: #ffffff\">\n\t\t\t\tLa Fabricaci\u00f3n\t\t\t<\/h2>\n\t\t\t\t\t<\/div>\n<\/div><div class=\"eltd-separator-holder clearfix  eltd-separator-center \">\n\t<div class=\"eltd-separator\" style=\"width: 44px;border-bottom-width: 5px;margin-top: 15px;margin-bottom: 40px\"><\/div>\n<\/div>\n<div class=\"eltd-image-with-text-holder  eltd-has-shadow eltd-image-behavior-grayscale\">\n    <div class=\"eltd-iwt-image\">\n                                    <img decoding=\"async\" width=\"1500\" height=\"566\" src=\"https:\/\/kennol.com\/wp-content\/uploads\/KENNOL_GROUP_manufacture-min.png\" class=\"attachment-full size-full\" alt=\"KENNOL manufacturer is 100% made in France.\" srcset=\"https:\/\/kennol.com\/wp-content\/uploads\/KENNOL_GROUP_manufacture-min.png 1500w, https:\/\/kennol.com\/wp-content\/uploads\/KENNOL_GROUP_manufacture-min-160x60.png 160w, https:\/\/kennol.com\/wp-content\/uploads\/KENNOL_GROUP_manufacture-min-300x113.png 300w, https:\/\/kennol.com\/wp-content\/uploads\/KENNOL_GROUP_manufacture-min-768x290.png 768w, https:\/\/kennol.com\/wp-content\/uploads\/KENNOL_GROUP_manufacture-min-1100x415.png 1100w, https:\/\/kennol.com\/wp-content\/uploads\/KENNOL_GROUP_manufacture-min-1000x377.png 1000w\" sizes=\"(max-width: 1500px) 100vw, 1500px\" \/>                        <\/div>\n    <div class=\"eltd-iwt-text-holder\">\n        \t\t    <\/div>\n<\/div><div class=\"eltd-section-title-holder  eltd-st-standard eltd-st-title-left eltd-st-normal-space \" style=\"text-align: left\">\n\t<div class=\"eltd-st-inner\">\n\t\t\t\t\t<h2 class=\"eltd-st-title\" style=\"color: #ee3124\">\n\t\t\t\t\u00a1100 % hecho en Francia!\t\t\t<\/h2>\n\t\t\t\t\t<\/div>\n<\/div>[vc_empty_space height=\u00bb20&#8243;]<div class=\"eltd-section-title-holder  eltd-st-standard eltd-st-title-left eltd-st-normal-space \" style=\"text-align: left\">\n\t<div class=\"eltd-st-inner\">\n\t\t\t\t\t<h4 class=\"eltd-st-title\" style=\"color: #cccccc\">\n\t\t\t\tFabricamos todos nuestros productos KENNOL en nuestra propia f\u00e1brica, en Cholet, Francia.\t\t\t<\/h4>\n\t\t\t\t\t<\/div>\n<\/div>[vc_column_text css=\u00bb.vc_custom_1588258012922{background-position: center !important;background-repeat: no-repeat !important;background-size: contain !important;}\u00bb]La calidad de nuestros productos y servicios est\u00e1 respaldada por un alto nivel de compromiso para cumplir con la mejor calidad posible. Hay muchos factores que atestiguan nuestra gran experiencia en este campo:<\/p>\n<p>&nbsp;<\/p>\n<p>&#8211; Certificaci\u00f3n AFAQ: ISO 9001<br \/>\n&#8211; Instalaciones de producci\u00f3n ultramodernas<br \/>\n&#8211; FL\u00edneas de producci\u00f3n completamente automatizadas<br \/>\n&#8211; Gesti\u00f3n humana a todos los niveles<br \/>\n&#8211; Acuerdo de Centro de Formaci\u00f3n Continua<br \/>\n&#8211; Laboratorio de lubricantes y l\u00edquidos t\u00e9cnicos in situ[\/vc_column_text]<\/div><\/div><div class=\"eltd-separator-holder clearfix  eltd-separator-center \">\n\t<div class=\"eltd-separator\" style=\"width: 44px;border-bottom-width: 5px;margin-top: 40px;margin-bottom: 40px\"><\/div>\n<\/div>\n[vc_single_image image=\u00bb18685&#8243; img_size=\u00bblarge\u00bb alignment=\u00bbcenter\u00bb css_animation=\u00bbnone\u00bb][\/vc_column][\/vc_row]<\/p>\n<\/div>","protected":false},"excerpt":{"rendered":"<p>[vc_row full_width=\u00bbstretch_row\u00bb disable_background_image=\u00bb\u00bb content_text_aligment=\u00bbleft\u00bb simple_background_image=\u00bb7083&#8243; simple_background_color=\u00bb#ee3124&#8243;][vc_column offset=\u00bbvc_hidden-lg vc_hidden-md\u00bb][\/vc_column][\/vc_row][vc_row full_width=\u00bbstretch_row\u00bb disable_background_image=\u00bb\u00bb content_text_aligment=\u00bbleft\u00bb simple_background_image=\u00bb8855&#8243; simple_background_color=\u00bb#ee3124&#8243; css=\u00bb.vc_custom_1534855179394{background-image: url(\/wp-content\/uploads\/2018\/06\/News_PERFORMANCE_bandeau.png?id=8855) !important;background-position: center !important;background-repeat: no-repeat !important;background-size: cover !important;}\u00bb][vc_column css=\u00bb.vc_custom_1533631109337{padding-top: 120px !important;padding-bottom: 40px !important;}\u00bb offset=\u00bbvc_hidden-sm vc_hidden-xs\u00bb][vc_column_text] EL GRUPO [\/vc_column_text][\/vc_column][\/vc_row][vc_row full_width=\u00bbstretch_row\u00bb full_height=\u00bbyes\u00bb columns_placement=\u00bbtop\u00bb content_placement=\u00bbmiddle\u00bb parallax=\u00bbcontent-moving-fade\u00bb parallax_image=\u00bb18702&#8243; parallax_speed_bg=\u00bb2.5&#8243;][vc_column][vc_single_image image=\u00bb18685&#8243; img_size=\u00bblarge\u00bb alignment=\u00bbcenter\u00bb css_animation=\u00bbnone\u00bb][\/vc_column][\/vc_row]<\/p>\n","protected":false},"author":2,"featured_media":0,"parent":0,"menu_order":0,"comment_status":"closed","ping_status":"closed","template":"","meta":{"_monsterinsights_skip_tracking":false,"_monsterinsights_sitenote_active":false,"_monsterinsights_sitenote_note":"","_monsterinsights_sitenote_category":0,"footnotes":""},"simple-restrict-permission":[],"class_list":["post-33876","page","type-page","status-publish","hentry"],"yoast_head":"<!-- This site is optimized with the Yoast SEO plugin v27.4 - https:\/\/yoast.com\/product\/yoast-seo-wordpress\/ -->\n<title>EL GRUPO | KENNOL - Performance Oil<\/title>\n<meta name=\"robots\" content=\"index, follow, max-snippet:-1, max-image-preview:large, max-video-preview:-1\" \/>\n<link rel=\"canonical\" href=\"https:\/\/kennol.com\/es\/el-grupo\/\" \/>\n<meta property=\"og:locale\" content=\"es_ES\" \/>\n<meta property=\"og:type\" content=\"article\" \/>\n<meta property=\"og:title\" content=\"EL GRUPO | KENNOL - Performance Oil\" \/>\n<meta property=\"og:description\" content=\"[vc_row full_width=\u00bbstretch_row\u00bb disable_background_image=\u00bb\u00bb content_text_aligment=\u00bbleft\u00bb simple_background_image=\u00bb7083&#8243; simple_background_color=\u00bb#ee3124&#8243;][vc_column offset=\u00bbvc_hidden-lg vc_hidden-md\u00bb][\/vc_column][\/vc_row][vc_row full_width=\u00bbstretch_row\u00bb disable_background_image=\u00bb\u00bb content_text_aligment=\u00bbleft\u00bb simple_background_image=\u00bb8855&#8243; simple_background_color=\u00bb#ee3124&#8243; css=\u00bb.vc_custom_1534855179394{background-image: url(\/wp-content\/uploads\/2018\/06\/News_PERFORMANCE_bandeau.png?id=8855) !important;background-position: center !important;background-repeat: no-repeat !important;background-size: cover !important;}\u00bb][vc_column css=\u00bb.vc_custom_1533631109337{padding-top: 120px !important;padding-bottom: 40px !important;}\u00bb offset=\u00bbvc_hidden-sm vc_hidden-xs\u00bb][vc_column_text] EL GRUPO [\/vc_column_text][\/vc_column][\/vc_row][vc_row full_width=\u00bbstretch_row\u00bb full_height=\u00bbyes\u00bb columns_placement=\u00bbtop\u00bb content_placement=\u00bbmiddle\u00bb parallax=\u00bbcontent-moving-fade\u00bb parallax_image=\u00bb18702&#8243; parallax_speed_bg=\u00bb2.5&#8243;][vc_column][vc_single_image image=\u00bb18685&#8243; img_size=\u00bblarge\u00bb alignment=\u00bbcenter\u00bb css_animation=\u00bbnone\u00bb][\/vc_column][\/vc_row]\" \/>\n<meta property=\"og:url\" content=\"https:\/\/kennol.com\/es\/el-grupo\/\" \/>\n<meta property=\"og:site_name\" content=\"KENNOL\" \/>\n<meta property=\"article:modified_time\" content=\"2021-08-27T08:59:56+00:00\" \/>\n<meta name=\"twitter:card\" content=\"summary_large_image\" \/>\n<meta name=\"twitter:label1\" content=\"Tiempo de lectura\" \/>\n\t<meta name=\"twitter:data1\" content=\"6 minutos\" \/>\n<script type=\"application\/ld+json\" class=\"yoast-schema-graph\">{\"@context\":\"https:\\\/\\\/schema.org\",\"@graph\":[{\"@type\":\"WebPage\",\"@id\":\"https:\\\/\\\/kennol.com\\\/es\\\/el-grupo\\\/\",\"url\":\"https:\\\/\\\/kennol.com\\\/es\\\/el-grupo\\\/\",\"name\":\"EL GRUPO | KENNOL - Performance Oil\",\"isPartOf\":{\"@id\":\"https:\\\/\\\/kennol.com\\\/es\\\/#website\"},\"datePublished\":\"2020-04-30T14:36:49+00:00\",\"dateModified\":\"2021-08-27T08:59:56+00:00\",\"inLanguage\":\"es\",\"potentialAction\":[{\"@type\":\"ReadAction\",\"target\":[\"https:\\\/\\\/kennol.com\\\/es\\\/el-grupo\\\/\"]}]},{\"@type\":\"WebSite\",\"@id\":\"https:\\\/\\\/kennol.com\\\/es\\\/#website\",\"url\":\"https:\\\/\\\/kennol.com\\\/es\\\/\",\"name\":\"KENNOL\",\"description\":\"Performance Oil\",\"publisher\":{\"@id\":\"https:\\\/\\\/kennol.com\\\/es\\\/#organization\"},\"potentialAction\":[{\"@type\":\"SearchAction\",\"target\":{\"@type\":\"EntryPoint\",\"urlTemplate\":\"https:\\\/\\\/kennol.com\\\/es\\\/?s={search_term_string}\"},\"query-input\":{\"@type\":\"PropertyValueSpecification\",\"valueRequired\":true,\"valueName\":\"search_term_string\"}}],\"inLanguage\":\"es\"},{\"@type\":\"Organization\",\"@id\":\"https:\\\/\\\/kennol.com\\\/es\\\/#organization\",\"name\":\"PPO\",\"url\":\"https:\\\/\\\/kennol.com\\\/es\\\/\",\"logo\":{\"@type\":\"ImageObject\",\"inLanguage\":\"es\",\"@id\":\"https:\\\/\\\/kennol.com\\\/es\\\/#\\\/schema\\\/logo\\\/image\\\/\",\"url\":\"https:\\\/\\\/kennol.com\\\/wp-content\\\/uploads\\\/2018\\\/01\\\/KENNOL_logo_header.png\",\"contentUrl\":\"https:\\\/\\\/kennol.com\\\/wp-content\\\/uploads\\\/2018\\\/01\\\/KENNOL_logo_header.png\",\"width\":400,\"height\":140,\"caption\":\"PPO\"},\"image\":{\"@id\":\"https:\\\/\\\/kennol.com\\\/es\\\/#\\\/schema\\\/logo\\\/image\\\/\"}}]}<\/script>\n<!-- \/ Yoast SEO plugin. -->","yoast_head_json":{"title":"EL GRUPO | KENNOL - Performance Oil","robots":{"index":"index","follow":"follow","max-snippet":"max-snippet:-1","max-image-preview":"max-image-preview:large","max-video-preview":"max-video-preview:-1"},"canonical":"https:\/\/kennol.com\/es\/el-grupo\/","og_locale":"es_ES","og_type":"article","og_title":"EL GRUPO | KENNOL - Performance Oil","og_description":"[vc_row full_width=\u00bbstretch_row\u00bb disable_background_image=\u00bb\u00bb content_text_aligment=\u00bbleft\u00bb simple_background_image=\u00bb7083&#8243; simple_background_color=\u00bb#ee3124&#8243;][vc_column offset=\u00bbvc_hidden-lg vc_hidden-md\u00bb][\/vc_column][\/vc_row][vc_row full_width=\u00bbstretch_row\u00bb disable_background_image=\u00bb\u00bb content_text_aligment=\u00bbleft\u00bb simple_background_image=\u00bb8855&#8243; simple_background_color=\u00bb#ee3124&#8243; css=\u00bb.vc_custom_1534855179394{background-image: url(\/wp-content\/uploads\/2018\/06\/News_PERFORMANCE_bandeau.png?id=8855) !important;background-position: center !important;background-repeat: no-repeat !important;background-size: cover !important;}\u00bb][vc_column css=\u00bb.vc_custom_1533631109337{padding-top: 120px !important;padding-bottom: 40px !important;}\u00bb offset=\u00bbvc_hidden-sm vc_hidden-xs\u00bb][vc_column_text] EL GRUPO [\/vc_column_text][\/vc_column][\/vc_row][vc_row full_width=\u00bbstretch_row\u00bb full_height=\u00bbyes\u00bb columns_placement=\u00bbtop\u00bb content_placement=\u00bbmiddle\u00bb parallax=\u00bbcontent-moving-fade\u00bb parallax_image=\u00bb18702&#8243; parallax_speed_bg=\u00bb2.5&#8243;][vc_column][vc_single_image image=\u00bb18685&#8243; img_size=\u00bblarge\u00bb alignment=\u00bbcenter\u00bb css_animation=\u00bbnone\u00bb][\/vc_column][\/vc_row]","og_url":"https:\/\/kennol.com\/es\/el-grupo\/","og_site_name":"KENNOL","article_modified_time":"2021-08-27T08:59:56+00:00","twitter_card":"summary_large_image","twitter_misc":{"Tiempo de lectura":"6 minutos"},"schema":{"@context":"https:\/\/schema.org","@graph":[{"@type":"WebPage","@id":"https:\/\/kennol.com\/es\/el-grupo\/","url":"https:\/\/kennol.com\/es\/el-grupo\/","name":"EL GRUPO | KENNOL - Performance Oil","isPartOf":{"@id":"https:\/\/kennol.com\/es\/#website"},"datePublished":"2020-04-30T14:36:49+00:00","dateModified":"2021-08-27T08:59:56+00:00","inLanguage":"es","potentialAction":[{"@type":"ReadAction","target":["https:\/\/kennol.com\/es\/el-grupo\/"]}]},{"@type":"WebSite","@id":"https:\/\/kennol.com\/es\/#website","url":"https:\/\/kennol.com\/es\/","name":"KENNOL","description":"Performance Oil","publisher":{"@id":"https:\/\/kennol.com\/es\/#organization"},"potentialAction":[{"@type":"SearchAction","target":{"@type":"EntryPoint","urlTemplate":"https:\/\/kennol.com\/es\/?s={search_term_string}"},"query-input":{"@type":"PropertyValueSpecification","valueRequired":true,"valueName":"search_term_string"}}],"inLanguage":"es"},{"@type":"Organization","@id":"https:\/\/kennol.com\/es\/#organization","name":"PPO","url":"https:\/\/kennol.com\/es\/","logo":{"@type":"ImageObject","inLanguage":"es","@id":"https:\/\/kennol.com\/es\/#\/schema\/logo\/image\/","url":"https:\/\/kennol.com\/wp-content\/uploads\/2018\/01\/KENNOL_logo_header.png","contentUrl":"https:\/\/kennol.com\/wp-content\/uploads\/2018\/01\/KENNOL_logo_header.png","width":400,"height":140,"caption":"PPO"},"image":{"@id":"https:\/\/kennol.com\/es\/#\/schema\/logo\/image\/"}}]}},"_links":{"self":[{"href":"https:\/\/kennol.com\/es\/wp-json\/wp\/v2\/pages\/33876","targetHints":{"allow":["GET"]}}],"collection":[{"href":"https:\/\/kennol.com\/es\/wp-json\/wp\/v2\/pages"}],"about":[{"href":"https:\/\/kennol.com\/es\/wp-json\/wp\/v2\/types\/page"}],"author":[{"embeddable":true,"href":"https:\/\/kennol.com\/es\/wp-json\/wp\/v2\/users\/2"}],"replies":[{"embeddable":true,"href":"https:\/\/kennol.com\/es\/wp-json\/wp\/v2\/comments?post=33876"}],"version-history":[{"count":7,"href":"https:\/\/kennol.com\/es\/wp-json\/wp\/v2\/pages\/33876\/revisions"}],"predecessor-version":[{"id":47758,"href":"https:\/\/kennol.com\/es\/wp-json\/wp\/v2\/pages\/33876\/revisions\/47758"}],"wp:attachment":[{"href":"https:\/\/kennol.com\/es\/wp-json\/wp\/v2\/media?parent=33876"}],"wp:term":[{"taxonomy":"simple-restrict-permission","embeddable":true,"href":"https:\/\/kennol.com\/es\/wp-json\/wp\/v2\/simple-restrict-permission?post=33876"}],"curies":[{"name":"wp","href":"https:\/\/api.w.org\/{rel}","templated":true}]}}