{"id":33842,"date":"2020-04-30T13:06:56","date_gmt":"2020-04-30T13:06:56","guid":{"rendered":"https:\/\/kennol.com\/la-marca\/racing\/"},"modified":"2025-04-03T11:17:28","modified_gmt":"2025-04-03T09:17:28","slug":"carreras","status":"publish","type":"page","link":"https:\/\/kennol.com\/es\/la-marca\/carreras\/","title":{"rendered":"Carreras"},"content":{"rendered":"<div class=\"wpb-content-wrapper\"><p>[vc_row full_width=\u00bbstretch_row\u00bb disable_background_image=\u00bb\u00bb content_text_aligment=\u00bbleft\u00bb simple_background_color=\u00bb#ee3124&#8243; simple_background_image=\u00bb7083&#8243;][vc_column offset=\u00bbvc_hidden-lg vc_hidden-md\u00bb]<div class=\"eltd-section-title-holder  eltd-st-standard eltd-st-title-left eltd-st-normal-space \" >\n\t<div class=\"eltd-st-inner\">\n\t\t\t\t\t<h3 class=\"eltd-st-title\" style=\"color: #000000\">\n\t\t\t\tCarreras\t\t\t<\/h3>\n\t\t\t\t\t<\/div>\n<\/div>[\/vc_column][\/vc_row][vc_row full_width=\u00bbstretch_row\u00bb disable_background_image=\u00bb\u00bb content_text_aligment=\u00bbleft\u00bb simple_background_color=\u00bb#ee3124&#8243; simple_background_image=\u00bb8855&#8243; css=\u00bb.vc_custom_1534849703355{background-image: url(\/wp-content\/uploads\/2018\/06\/News_PERFORMANCE_bandeau.png?id=8855) !important;background-position: center !important;background-repeat: no-repeat !important;background-size: cover !important;}\u00bb][vc_column offset=\u00bbvc_hidden-md vc_hidden-sm vc_hidden-xs\u00bb css=\u00bb.vc_custom_1529593952633{padding-top: 120px !important;padding-bottom: 40px !important;}\u00bb][vc_column_text]<\/p>\n<h1><span style=\"color: #000000; font-size: larger;\">Carreras<\/span><\/h1>\n<p>[\/vc_column_text][\/vc_column][\/vc_row][vc_row full_width=\u00bbstretch_row_content_no_spaces\u00bb full_height=\u00bbyes\u00bb columns_placement=\u00bbstretch\u00bb content_placement=\u00bbmiddle\u00bb parallax=\u00bbcontent-moving-fade\u00bb parallax_image=\u00bb48961&#8243; parallax_speed_bg=\u00bb1.8&#8243; css=\u00bb.vc_custom_1639993001800{border-bottom-width: 2px !important;border-bottom-color: #ee3124 !important;border-bottom-style: solid !important;}\u00bb][vc_column css=\u00bb.vc_custom_1639992951696{padding-bottom: 20px !important;}\u00bb][vc_row_inner content_placement=\u00bbmiddle\u00bb row_content_width=\u00bbgrid\u00bb][vc_column_inner width=\u00bb1\/3&#8243; css=\u00bb.vc_custom_1580295262266{padding-bottom: 20px !important;}\u00bb]<div class=\"eltd-section-title-holder  eltd-st-standard eltd-st-title-left eltd-st-normal-space \" style=\"text-align: left\">\n\t<div class=\"eltd-st-inner\">\n\t\t\t\t\t<h2 class=\"eltd-st-title\" style=\"color: #ffffff\">\n\t\t\t\tLA VICTORIA PRIMERO\t\t\t<\/h2>\n\t\t\t\t\t<\/div>\n<\/div><div class=\"eltd-separator-holder clearfix  eltd-separator-left \">\n\t<div class=\"eltd-separator\" style=\"width: 44px;border-bottom-width: 5px;margin-top: 15px;margin-bottom: 15px\"><\/div>\n<\/div>\n<div class=\"eltd-section-title-holder  eltd-st-standard eltd-st-title-left eltd-st-normal-space \" style=\"text-align: left\">\n\t<div class=\"eltd-st-inner\">\n\t\t\t\t\t<h3 class=\"eltd-st-title\" style=\"color: #999999\">\n\t\t\t\tLa participaci\u00f3n y el \u00e9xito en las carreras en los niveles m\u00e1s altos es la mejor garant\u00eda\t\t\t<\/h3>\n\t\t\t\t\t<\/div>\n<\/div>[vc_column_text]<span style=\"color: #ffffff;\">Desarrollamos y fabricamos aceites y l\u00edquidos que no s\u00f3lo se adaptan a los entornos m\u00e1s exigentes, sino que tambi\u00e9n llevan a la victoria. Esto confirma que nuestras ideas y elecciones son las mejores. <\/span><\/p>\n<p><span style=\"color: #ffffff;\">Es por ello que KENNOL ha ido construyendo una s\u00f3lida reputaci\u00f3n gracias a toda una trayectoria de prestigio en el mundo de las carreras. Varios campeones mundiales del FIA GT, de la F2 de FIA, ganadores de las 24H de Le Mans, de las 24H de Daytona, de las 24H de Spa-Francorchamps, numerosos campeones de ALMS, etc. <\/span> [\/vc_column_text][\/vc_column_inner][vc_column_inner width=\u00bb2\/3&#8243;][vc_single_image image=\u00bb67506&#8243; img_size=\u00bbfull\u00bb alignment=\u00bbcenter\u00bb css_animation=\u00bbnone\u00bb css=\u00bb\u00bb][\/vc_column_inner][\/vc_row_inner][\/vc_column][\/vc_row][vc_row full_width=\u00bbstretch_row\u00bb content_placement=\u00bbmiddle\u00bb css=\u00bb.vc_custom_1531489463929{border-radius: 5px !important;}\u00bb][vc_column css=\u00bb.vc_custom_1531471777941{padding-bottom: 10px !important;}\u00bb]<div class=\"eltd-section-title-holder  eltd-st-standard eltd-st-title-left eltd-st-normal-space \" style=\"text-align: left\">\n\t<div class=\"eltd-st-inner\">\n\t\t\t\t\t<h1 class=\"eltd-st-title\" style=\"color: #ee3124\">\n\t\t\t\tUN SOCIO DE CLASE MUNDIAL\t\t\t<\/h1>\n\t\t\t\t\t<\/div>\n<\/div>[vc_column_text]<span style=\"color: #ffffff;\">Hoy en d\u00eda, nuestro compromiso sigue sin debilitarse. Nuestra presencia y nivel de rendimiento se hacen notar en todos los continentes, todos quieren usar productos KENNOL. <\/span>[\/vc_column_text][\/vc_column][\/vc_row][vc_row full_width=\u00bbstretch_row\u00bb content_placement=\u00bbmiddle\u00bb css=\u00bb.vc_custom_1531731850467{border-radius: 5px !important;}\u00bb][vc_column css_animation=\u00bbslideInLeft\u00bb width=\u00bb1\/3&#8243;][vc_column_text]<\/p>\n<h4 style=\"color: #ee3124;\">Proveedor y socio oficial<\/h4>\n<p>[\/vc_column_text][vc_column_text css=\u00bb.vc_custom_1580390404022{padding-top: 10px !important;padding-bottom: 10px !important;}\u00bb]<\/p>\n<h2 style=\"color: #ffffff;\"><strong>InMotion<\/strong><\/h2>\n<p>[\/vc_column_text]<div class=\"eltd-separator-holder clearfix  eltd-separator-left \">\n\t<div class=\"eltd-separator\" style=\"width: 44px;border-bottom-width: 5px;margin-top: 2px;margin-bottom: 5px\"><\/div>\n<\/div>\n[vc_column_text]<\/p>\n<p style=\"color: #999999;\"><strong>InMotion<\/strong> and <strong>KENNOL<\/strong> are working together to define the car of the future. Literally. With the aim of the \u00abElectric refuelling\u00bb, both companies innovate to solve the only drawback that still remains for all electric vehicles: fast charging. This 3-4mn solution will allow the team to be the 1st 100% electric prototype to race the <strong>24h Le Mans<\/strong>.<\/p>\n<p>[\/vc_column_text][\/vc_column][vc_column width=\u00bb2\/3&#8243; css=\u00bb.vc_custom_1531471777941{padding-bottom: 10px !important;}\u00bb][vc_single_image image=\u00bb46429&#8243; img_size=\u00bbfull\u00bb css_animation=\u00bbslideInRight\u00bb][\/vc_column][\/vc_row][vc_row full_width=\u00bbstretch_row\u00bb content_placement=\u00bbmiddle\u00bb css=\u00bb.vc_custom_1531731850467{border-radius: 5px !important;}\u00bb][vc_column css_animation=\u00bbslideInLeft\u00bb width=\u00bb1\/3&#8243;][vc_column_text]<\/p>\n<h4 style=\"color: #ee3124;\">Proveedor y socio oficial<\/h4>\n<p>[\/vc_column_text][vc_column_text css=\u00bb.vc_custom_1588252283080{padding-top: 10px !important;padding-bottom: 10px !important;}\u00bb]<\/p>\n<h2 style=\"color: #ffffff;\">Campeonato de <strong>NASCAR Euro<\/strong><\/h2>\n<p>[\/vc_column_text]<div class=\"eltd-separator-holder clearfix  eltd-separator-left \">\n\t<div class=\"eltd-separator\" style=\"width: 44px;border-bottom-width: 5px;margin-top: 2px;margin-bottom: 5px\"><\/div>\n<\/div>\n[vc_column_text]<\/p>\n<p style=\"color: #999999;\"><strong>Official supplier to the European NASCAR Championship<\/strong> for the 6th consecutive season, <strong>KENNOL<\/strong> supplies the engine and axle\/transmission oils for the 35 vehicles entered this year! Thanks to this partnership, we have developed our <strong>KENNOL ULTIMA<\/strong> range, dedicated to competition and extreme performance.<\/p>\n<p>[\/vc_column_text][\/vc_column][vc_column width=\u00bb2\/3&#8243; css=\u00bb.vc_custom_1531471777941{padding-bottom: 10px !important;}\u00bb][vc_single_image image=\u00bb46436&#8243; img_size=\u00bbfull\u00bb css_animation=\u00bbslideInRight\u00bb][\/vc_column][\/vc_row][vc_row full_width=\u00bbstretch_row\u00bb content_placement=\u00bbmiddle\u00bb css=\u00bb.vc_custom_1531731837791{border-radius: 5px !important;}\u00bb][vc_column css_animation=\u00bbslideInLeft\u00bb width=\u00bb1\/3&#8243;][vc_column_text]<\/p>\n<h4 style=\"color: #ee3124;\">Proveedor y socio oficial<\/h4>\n<p>[\/vc_column_text][vc_column_text css=\u00bb.vc_custom_1650547987186{padding-top: 10px !important;padding-bottom: 10px !important;}\u00bb]<\/p>\n<h2 style=\"color: #ffffff;\">ADESS AG.<\/h2>\n<p>[\/vc_column_text]<div class=\"eltd-separator-holder clearfix  eltd-separator-left \">\n\t<div class=\"eltd-separator\" style=\"width: 44px;border-bottom-width: 5px;margin-top: 2px;margin-bottom: 5px\"><\/div>\n<\/div>\n[vc_column_text]<\/p>\n<p style=\"color: #999999;\"><strong>ADESS AG.<\/strong> is one of the 4 manufacturers in the world accredited by the ACO to manufacture LMP3 racing prototypes homologated for the <strong>World Endurance Championship<\/strong> and for the <strong>24 Hours of Le Mans<\/strong>. In addition to being in the lead in the design of electric vehicles.<\/p>\n<p>[\/vc_column_text][\/vc_column][vc_column width=\u00bb2\/3&#8243; css=\u00bb.vc_custom_1531471777941{padding-bottom: 10px !important;}\u00bb][vc_single_image image=\u00bb50741&#8243; img_size=\u00bbfull\u00bb css_animation=\u00bbslideInRight\u00bb][\/vc_column][\/vc_row][vc_row full_width=\u00bbstretch_row\u00bb content_placement=\u00bbmiddle\u00bb css=\u00bb.vc_custom_1531731828012{border-radius: 5px !important;}\u00bb][vc_column css_animation=\u00bbslideInLeft\u00bb width=\u00bb1\/3&#8243;][vc_column_text]<\/p>\n<h4 style=\"color: #ee3124;\">Proveedor y socio oficial<\/h4>\n<p>[\/vc_column_text][vc_column_text css=\u00bb.vc_custom_1580390645361{padding-top: 10px !important;padding-bottom: 10px !important;}\u00bb]<\/p>\n<h2 style=\"color: #ffffff;\">TCB BIKE<\/h2>\n<p>[\/vc_column_text]<div class=\"eltd-separator-holder clearfix  eltd-separator-left \">\n\t<div class=\"eltd-separator\" style=\"width: 44px;border-bottom-width: 5px;margin-top: 2px;margin-bottom: 5px\"><\/div>\n<\/div>\n[vc_column_text]<\/p>\n<p style=\"color: #999999;\"><strong>TCB Bike<\/strong> is a <strong>French manufacturer<\/strong> of mini-motorbikes. The quality of its designs and manufactures makes it one of the spearheads of the discipline, with numerous titles: World, European, French, German, USA, English Champion, etc.<\/p>\n<p>[\/vc_column_text][\/vc_column][vc_column width=\u00bb2\/3&#8243; css=\u00bb.vc_custom_1531471777941{padding-bottom: 10px !important;}\u00bb][vc_single_image image=\u00bb46459&#8243; img_size=\u00bbfull\u00bb css_animation=\u00bbslideInRight\u00bb][\/vc_column][\/vc_row]<\/p>\n<\/div>","protected":false},"excerpt":{"rendered":"<p>[vc_row full_width=\u00bbstretch_row\u00bb disable_background_image=\u00bb\u00bb content_text_aligment=\u00bbleft\u00bb simple_background_color=\u00bb#ee3124&#8243; simple_background_image=\u00bb7083&#8243;][vc_column offset=\u00bbvc_hidden-lg vc_hidden-md\u00bb][\/vc_column][\/vc_row][vc_row full_width=\u00bbstretch_row\u00bb disable_background_image=\u00bb\u00bb content_text_aligment=\u00bbleft\u00bb simple_background_color=\u00bb#ee3124&#8243; simple_background_image=\u00bb8855&#8243; css=\u00bb.vc_custom_1534849703355{background-image: url(\/wp-content\/uploads\/2018\/06\/News_PERFORMANCE_bandeau.png?id=8855) !important;background-position: center !important;background-repeat: no-repeat !important;background-size: cover !important;}\u00bb][vc_column offset=\u00bbvc_hidden-md vc_hidden-sm vc_hidden-xs\u00bb css=\u00bb.vc_custom_1529593952633{padding-top: 120px !important;padding-bottom: 40px !important;}\u00bb][vc_column_text] Carreras [\/vc_column_text][\/vc_column][\/vc_row][vc_row full_width=\u00bbstretch_row_content_no_spaces\u00bb full_height=\u00bbyes\u00bb columns_placement=\u00bbstretch\u00bb content_placement=\u00bbmiddle\u00bb parallax=\u00bbcontent-moving-fade\u00bb parallax_image=\u00bb48961&#8243; parallax_speed_bg=\u00bb1.8&#8243; css=\u00bb.vc_custom_1639993001800{border-bottom-width: 2px !important;border-bottom-color: #ee3124 !important;border-bottom-style: solid !important;}\u00bb][vc_column css=\u00bb.vc_custom_1639992951696{padding-bottom: 20px !important;}\u00bb][vc_row_inner content_placement=\u00bbmiddle\u00bb row_content_width=\u00bbgrid\u00bb][vc_column_inner width=\u00bb1\/3&#8243; css=\u00bb.vc_custom_1580295262266{padding-bottom: 20px !important;}\u00bb][vc_column_text]Desarrollamos [&hellip;]<\/p>\n","protected":false},"author":2,"featured_media":0,"parent":33766,"menu_order":0,"comment_status":"closed","ping_status":"closed","template":"","meta":{"_monsterinsights_skip_tracking":false,"_monsterinsights_sitenote_active":false,"_monsterinsights_sitenote_note":"","_monsterinsights_sitenote_category":0,"footnotes":""},"simple-restrict-permission":[],"class_list":["post-33842","page","type-page","status-publish","hentry"],"yoast_head":"<!-- This site is optimized with the Yoast SEO plugin v27.4 - https:\/\/yoast.com\/product\/yoast-seo-wordpress\/ -->\n<title>Carreras | KENNOL - Performance Oil<\/title>\n<meta name=\"robots\" content=\"index, follow, max-snippet:-1, max-image-preview:large, max-video-preview:-1\" \/>\n<link rel=\"canonical\" href=\"https:\/\/kennol.com\/es\/la-marca\/carreras\/\" \/>\n<meta property=\"og:locale\" content=\"es_ES\" \/>\n<meta property=\"og:type\" content=\"article\" \/>\n<meta property=\"og:title\" content=\"Carreras | KENNOL - Performance Oil\" \/>\n<meta property=\"og:description\" content=\"[vc_row full_width=\u00bbstretch_row\u00bb disable_background_image=\u00bb\u00bb content_text_aligment=\u00bbleft\u00bb simple_background_color=\u00bb#ee3124&#8243; simple_background_image=\u00bb7083&#8243;][vc_column offset=\u00bbvc_hidden-lg vc_hidden-md\u00bb][\/vc_column][\/vc_row][vc_row full_width=\u00bbstretch_row\u00bb disable_background_image=\u00bb\u00bb content_text_aligment=\u00bbleft\u00bb simple_background_color=\u00bb#ee3124&#8243; simple_background_image=\u00bb8855&#8243; css=\u00bb.vc_custom_1534849703355{background-image: url(\/wp-content\/uploads\/2018\/06\/News_PERFORMANCE_bandeau.png?id=8855) !important;background-position: center !important;background-repeat: no-repeat !important;background-size: cover !important;}\u00bb][vc_column offset=\u00bbvc_hidden-md vc_hidden-sm vc_hidden-xs\u00bb css=\u00bb.vc_custom_1529593952633{padding-top: 120px !important;padding-bottom: 40px !important;}\u00bb][vc_column_text] Carreras [\/vc_column_text][\/vc_column][\/vc_row][vc_row full_width=\u00bbstretch_row_content_no_spaces\u00bb full_height=\u00bbyes\u00bb columns_placement=\u00bbstretch\u00bb content_placement=\u00bbmiddle\u00bb parallax=\u00bbcontent-moving-fade\u00bb parallax_image=\u00bb48961&#8243; parallax_speed_bg=\u00bb1.8&#8243; css=\u00bb.vc_custom_1639993001800{border-bottom-width: 2px !important;border-bottom-color: #ee3124 !important;border-bottom-style: solid !important;}\u00bb][vc_column css=\u00bb.vc_custom_1639992951696{padding-bottom: 20px !important;}\u00bb][vc_row_inner content_placement=\u00bbmiddle\u00bb row_content_width=\u00bbgrid\u00bb][vc_column_inner width=\u00bb1\/3&#8243; css=\u00bb.vc_custom_1580295262266{padding-bottom: 20px !important;}\u00bb][vc_column_text]Desarrollamos [&hellip;]\" \/>\n<meta property=\"og:url\" content=\"https:\/\/kennol.com\/es\/la-marca\/carreras\/\" \/>\n<meta property=\"og:site_name\" content=\"KENNOL\" \/>\n<meta property=\"article:modified_time\" content=\"2025-04-03T09:17:28+00:00\" \/>\n<meta name=\"twitter:card\" content=\"summary_large_image\" \/>\n<meta name=\"twitter:label1\" content=\"Tiempo de lectura\" \/>\n\t<meta name=\"twitter:data1\" content=\"3 minutos\" \/>\n<script type=\"application\/ld+json\" class=\"yoast-schema-graph\">{\"@context\":\"https:\\\/\\\/schema.org\",\"@graph\":[{\"@type\":\"WebPage\",\"@id\":\"https:\\\/\\\/kennol.com\\\/es\\\/la-marca\\\/carreras\\\/\",\"url\":\"https:\\\/\\\/kennol.com\\\/es\\\/la-marca\\\/carreras\\\/\",\"name\":\"Carreras | KENNOL - Performance Oil\",\"isPartOf\":{\"@id\":\"https:\\\/\\\/kennol.com\\\/es\\\/#website\"},\"datePublished\":\"2020-04-30T13:06:56+00:00\",\"dateModified\":\"2025-04-03T09:17:28+00:00\",\"breadcrumb\":{\"@id\":\"https:\\\/\\\/kennol.com\\\/es\\\/la-marca\\\/carreras\\\/#breadcrumb\"},\"inLanguage\":\"es\",\"potentialAction\":[{\"@type\":\"ReadAction\",\"target\":[\"https:\\\/\\\/kennol.com\\\/es\\\/la-marca\\\/carreras\\\/\"]}]},{\"@type\":\"BreadcrumbList\",\"@id\":\"https:\\\/\\\/kennol.com\\\/es\\\/la-marca\\\/carreras\\\/#breadcrumb\",\"itemListElement\":[{\"@type\":\"ListItem\",\"position\":1,\"name\":\"LA MARCA\",\"item\":\"https:\\\/\\\/kennol.com\\\/es\\\/la-marca\\\/\"},{\"@type\":\"ListItem\",\"position\":2,\"name\":\"Carreras\"}]},{\"@type\":\"WebSite\",\"@id\":\"https:\\\/\\\/kennol.com\\\/es\\\/#website\",\"url\":\"https:\\\/\\\/kennol.com\\\/es\\\/\",\"name\":\"KENNOL\",\"description\":\"Performance Oil\",\"publisher\":{\"@id\":\"https:\\\/\\\/kennol.com\\\/es\\\/#organization\"},\"potentialAction\":[{\"@type\":\"SearchAction\",\"target\":{\"@type\":\"EntryPoint\",\"urlTemplate\":\"https:\\\/\\\/kennol.com\\\/es\\\/?s={search_term_string}\"},\"query-input\":{\"@type\":\"PropertyValueSpecification\",\"valueRequired\":true,\"valueName\":\"search_term_string\"}}],\"inLanguage\":\"es\"},{\"@type\":\"Organization\",\"@id\":\"https:\\\/\\\/kennol.com\\\/es\\\/#organization\",\"name\":\"PPO\",\"url\":\"https:\\\/\\\/kennol.com\\\/es\\\/\",\"logo\":{\"@type\":\"ImageObject\",\"inLanguage\":\"es\",\"@id\":\"https:\\\/\\\/kennol.com\\\/es\\\/#\\\/schema\\\/logo\\\/image\\\/\",\"url\":\"https:\\\/\\\/kennol.com\\\/wp-content\\\/uploads\\\/2018\\\/01\\\/KENNOL_logo_header.png\",\"contentUrl\":\"https:\\\/\\\/kennol.com\\\/wp-content\\\/uploads\\\/2018\\\/01\\\/KENNOL_logo_header.png\",\"width\":400,\"height\":140,\"caption\":\"PPO\"},\"image\":{\"@id\":\"https:\\\/\\\/kennol.com\\\/es\\\/#\\\/schema\\\/logo\\\/image\\\/\"}}]}<\/script>\n<!-- \/ Yoast SEO plugin. -->","yoast_head_json":{"title":"Carreras | KENNOL - Performance Oil","robots":{"index":"index","follow":"follow","max-snippet":"max-snippet:-1","max-image-preview":"max-image-preview:large","max-video-preview":"max-video-preview:-1"},"canonical":"https:\/\/kennol.com\/es\/la-marca\/carreras\/","og_locale":"es_ES","og_type":"article","og_title":"Carreras | KENNOL - Performance Oil","og_description":"[vc_row full_width=\u00bbstretch_row\u00bb disable_background_image=\u00bb\u00bb content_text_aligment=\u00bbleft\u00bb simple_background_color=\u00bb#ee3124&#8243; simple_background_image=\u00bb7083&#8243;][vc_column offset=\u00bbvc_hidden-lg vc_hidden-md\u00bb][\/vc_column][\/vc_row][vc_row full_width=\u00bbstretch_row\u00bb disable_background_image=\u00bb\u00bb content_text_aligment=\u00bbleft\u00bb simple_background_color=\u00bb#ee3124&#8243; simple_background_image=\u00bb8855&#8243; css=\u00bb.vc_custom_1534849703355{background-image: url(\/wp-content\/uploads\/2018\/06\/News_PERFORMANCE_bandeau.png?id=8855) !important;background-position: center !important;background-repeat: no-repeat !important;background-size: cover !important;}\u00bb][vc_column offset=\u00bbvc_hidden-md vc_hidden-sm vc_hidden-xs\u00bb css=\u00bb.vc_custom_1529593952633{padding-top: 120px !important;padding-bottom: 40px !important;}\u00bb][vc_column_text] Carreras [\/vc_column_text][\/vc_column][\/vc_row][vc_row full_width=\u00bbstretch_row_content_no_spaces\u00bb full_height=\u00bbyes\u00bb columns_placement=\u00bbstretch\u00bb content_placement=\u00bbmiddle\u00bb parallax=\u00bbcontent-moving-fade\u00bb parallax_image=\u00bb48961&#8243; parallax_speed_bg=\u00bb1.8&#8243; css=\u00bb.vc_custom_1639993001800{border-bottom-width: 2px !important;border-bottom-color: #ee3124 !important;border-bottom-style: solid !important;}\u00bb][vc_column css=\u00bb.vc_custom_1639992951696{padding-bottom: 20px !important;}\u00bb][vc_row_inner content_placement=\u00bbmiddle\u00bb row_content_width=\u00bbgrid\u00bb][vc_column_inner width=\u00bb1\/3&#8243; css=\u00bb.vc_custom_1580295262266{padding-bottom: 20px !important;}\u00bb][vc_column_text]Desarrollamos [&hellip;]","og_url":"https:\/\/kennol.com\/es\/la-marca\/carreras\/","og_site_name":"KENNOL","article_modified_time":"2025-04-03T09:17:28+00:00","twitter_card":"summary_large_image","twitter_misc":{"Tiempo de lectura":"3 minutos"},"schema":{"@context":"https:\/\/schema.org","@graph":[{"@type":"WebPage","@id":"https:\/\/kennol.com\/es\/la-marca\/carreras\/","url":"https:\/\/kennol.com\/es\/la-marca\/carreras\/","name":"Carreras | KENNOL - Performance Oil","isPartOf":{"@id":"https:\/\/kennol.com\/es\/#website"},"datePublished":"2020-04-30T13:06:56+00:00","dateModified":"2025-04-03T09:17:28+00:00","breadcrumb":{"@id":"https:\/\/kennol.com\/es\/la-marca\/carreras\/#breadcrumb"},"inLanguage":"es","potentialAction":[{"@type":"ReadAction","target":["https:\/\/kennol.com\/es\/la-marca\/carreras\/"]}]},{"@type":"BreadcrumbList","@id":"https:\/\/kennol.com\/es\/la-marca\/carreras\/#breadcrumb","itemListElement":[{"@type":"ListItem","position":1,"name":"LA MARCA","item":"https:\/\/kennol.com\/es\/la-marca\/"},{"@type":"ListItem","position":2,"name":"Carreras"}]},{"@type":"WebSite","@id":"https:\/\/kennol.com\/es\/#website","url":"https:\/\/kennol.com\/es\/","name":"KENNOL","description":"Performance Oil","publisher":{"@id":"https:\/\/kennol.com\/es\/#organization"},"potentialAction":[{"@type":"SearchAction","target":{"@type":"EntryPoint","urlTemplate":"https:\/\/kennol.com\/es\/?s={search_term_string}"},"query-input":{"@type":"PropertyValueSpecification","valueRequired":true,"valueName":"search_term_string"}}],"inLanguage":"es"},{"@type":"Organization","@id":"https:\/\/kennol.com\/es\/#organization","name":"PPO","url":"https:\/\/kennol.com\/es\/","logo":{"@type":"ImageObject","inLanguage":"es","@id":"https:\/\/kennol.com\/es\/#\/schema\/logo\/image\/","url":"https:\/\/kennol.com\/wp-content\/uploads\/2018\/01\/KENNOL_logo_header.png","contentUrl":"https:\/\/kennol.com\/wp-content\/uploads\/2018\/01\/KENNOL_logo_header.png","width":400,"height":140,"caption":"PPO"},"image":{"@id":"https:\/\/kennol.com\/es\/#\/schema\/logo\/image\/"}}]}},"_links":{"self":[{"href":"https:\/\/kennol.com\/es\/wp-json\/wp\/v2\/pages\/33842","targetHints":{"allow":["GET"]}}],"collection":[{"href":"https:\/\/kennol.com\/es\/wp-json\/wp\/v2\/pages"}],"about":[{"href":"https:\/\/kennol.com\/es\/wp-json\/wp\/v2\/types\/page"}],"author":[{"embeddable":true,"href":"https:\/\/kennol.com\/es\/wp-json\/wp\/v2\/users\/2"}],"replies":[{"embeddable":true,"href":"https:\/\/kennol.com\/es\/wp-json\/wp\/v2\/comments?post=33842"}],"version-history":[{"count":13,"href":"https:\/\/kennol.com\/es\/wp-json\/wp\/v2\/pages\/33842\/revisions"}],"predecessor-version":[{"id":67514,"href":"https:\/\/kennol.com\/es\/wp-json\/wp\/v2\/pages\/33842\/revisions\/67514"}],"up":[{"embeddable":true,"href":"https:\/\/kennol.com\/es\/wp-json\/wp\/v2\/pages\/33766"}],"wp:attachment":[{"href":"https:\/\/kennol.com\/es\/wp-json\/wp\/v2\/media?parent=33842"}],"wp:term":[{"taxonomy":"simple-restrict-permission","embeddable":true,"href":"https:\/\/kennol.com\/es\/wp-json\/wp\/v2\/simple-restrict-permission?post=33842"}],"curies":[{"name":"wp","href":"https:\/\/api.w.org\/{rel}","templated":true}]}}