{"id":33835,"date":"2020-04-30T12:57:41","date_gmt":"2020-04-30T12:57:41","guid":{"rendered":"https:\/\/kennol.com\/la-marca\/eventos\/"},"modified":"2021-12-20T10:09:53","modified_gmt":"2021-12-20T09:09:53","slug":"eventos","status":"publish","type":"page","link":"https:\/\/kennol.com\/es\/la-marca\/eventos\/","title":{"rendered":"Eventos"},"content":{"rendered":"<div class=\"wpb-content-wrapper\"><p>[vc_row full_width=\u00bbstretch_row\u00bb disable_background_image=\u00bb\u00bb content_text_aligment=\u00bbleft\u00bb simple_background_color=\u00bb#ee3124&#8243; simple_background_image=\u00bb7083&#8243;][vc_column offset=\u00bbvc_hidden-lg vc_hidden-md\u00bb]<div class=\"eltd-section-title-holder  eltd-st-standard eltd-st-title-left eltd-st-normal-space \" >\n\t<div class=\"eltd-st-inner\">\n\t\t\t\t\t<h3 class=\"eltd-st-title\" style=\"color: #000000\">\n\t\t\t\tEVENTOS DE KRT\t\t\t<\/h3>\n\t\t\t\t\t<\/div>\n<\/div>[\/vc_column][\/vc_row][vc_row full_width=\u00bbstretch_row\u00bb disable_background_image=\u00bb\u00bb content_text_aligment=\u00bbleft\u00bb simple_background_color=\u00bb#ee3124&#8243; simple_background_image=\u00bb8855&#8243; css=\u00bb.vc_custom_1534849842529{background-image: url(\/wp-content\/uploads\/2018\/06\/News_PERFORMANCE_bandeau.png?id=8855) !important;background-position: center !important;background-repeat: no-repeat !important;background-size: cover !important;}\u00bb][vc_column offset=\u00bbvc_hidden-md vc_hidden-sm vc_hidden-xs\u00bb css=\u00bb.vc_custom_1529593952633{padding-top: 120px !important;padding-bottom: 40px !important;}\u00bb][vc_column_text]<\/p>\n<h1><span style=\"color: #000000; font-size: larger;\">EVENTOS DE KRT<\/span><\/h1>\n<p>[\/vc_column_text][\/vc_column][\/vc_row][vc_row full_width=\u00bbstretch_row_content_no_spaces\u00bb full_height=\u00bbyes\u00bb columns_placement=\u00bbbottom\u00bb content_placement=\u00bbmiddle\u00bb parallax=\u00bbcontent-moving-fade\u00bb parallax_image=\u00bb48975&#8243; parallax_speed_bg=\u00bb1.15&#8243; css_animation=\u00bbfadeIn\u00bb][vc_column][vc_row_inner content_placement=\u00bbtop\u00bb row_content_width=\u00bbgrid\u00bb css=\u00bb.vc_custom_1534850127557{padding-bottom: 30px !important;}\u00bb][vc_column_inner]<div class=\"eltd-section-title-holder  eltd-st-standard eltd-st-title-left eltd-st-normal-space \" >\n\t<div class=\"eltd-st-inner\">\n\t\t\t\t\t<h2 class=\"eltd-st-title\" style=\"color: #ffffff\">\n\t\t\t\tUN INCRE\u00cdBLE EQUIPO DE PRUEBA\t\t\t<\/h2>\n\t\t\t\t\t<\/div>\n<\/div><div class=\"eltd-separator-holder clearfix  eltd-separator-left \">\n\t<div class=\"eltd-separator\" style=\"width: 44px;border-bottom-width: 5px;margin-top: 20 px;margin-bottom: 10 px\"><\/div>\n<\/div>\n<div class=\"eltd-section-title-holder  eltd-st-standard eltd-st-title-left eltd-st-normal-space \" >\n\t<div class=\"eltd-st-inner\">\n\t\t\t\t\t<h3 class=\"eltd-st-title\" style=\"color: #999999\">\n\t\t\t\tDesarrollamos nuestros productos en la pista\t\t\t<\/h3>\n\t\t\t\t\t<\/div>\n<\/div>[vc_column_text]<span style=\"color: #ffffff;\">El <strong>rendimiento<\/strong> de KENNOL se valida tanto en la pista, a trav\u00e9s de numerosas sesiones de prueba, como en campeonatos reales. Por ejemplo en Francia, gracias a la amplia gama de veh\u00edculos como GT, Sport prototipos y monoplazas del KENNOL Racing Team (equipo de carreras de KENNOL), podr\u00e1 probar nuestros productos en una gran variedad de situaciones extremas.Aparte de esto, nuestros socios en las carreras de competici\u00f3n alrededor del mundo prueban nuestras \u00faltimas innovaciones. Incluso, despu\u00e9s de someter a los veh\u00edculo a tales situaciones extremas, a revoluciones alt\u00edsimas y durante periodos muy largos (carreras de 24 h), nuestras soluciones siguen estando a la altura. Por esta raz\u00f3n, su motor de uso diario, lejos de estas situaciones extremas, estar\u00e1 m\u00e1s que protegido y optimizado gracias a las soluciones de KENNOL.<\/span>[\/vc_column_text][\/vc_column_inner][\/vc_row_inner][vc_single_image image=\u00bb46480&#8243; img_size=\u00bbfull\u00bb css_animation=\u00bblightSpeedIn\u00bb][vc_row_inner row_content_width=\u00bbgrid\u00bb css=\u00bb.vc_custom_1639991293692{padding-top: 20px !important;}\u00bb][vc_column_inner]<div class=\"eltd-section-title-holder  eltd-st-standard eltd-st-title-left eltd-st-normal-space \" >\n\t<div class=\"eltd-st-inner\">\n\t\t\t\t\t<h2 class=\"eltd-st-title\" style=\"color: #999999\">\n\t\t\t\tEVENTOS HECHOS A MEDIDA\t\t\t<\/h2>\n\t\t\t\t\t<\/div>\n<\/div><div class=\"eltd-separator-holder clearfix  eltd-separator-left \">\n\t<div class=\"eltd-separator\" style=\"width: 44px;border-bottom-width: 5px;margin-top: 20px;margin-bottom: 10px\"><\/div>\n<\/div>\n[vc_column_text]<span style=\"color: #ffffff;\">El KENNOL Racing Team (KRT), aparte de participar en actividades de competici\u00f3n y de investigaci\u00f3n y desarrollo, es toda una m\u00e1quina de organizaci\u00f3n de eventos.<br \/>\nHemos creado la herramienta perfecta para sus eventos. Ya sea para representar un stand, organizar una carrera o ir de copiloto con un conductor profesional, tenemos las soluciones ideales, completas y competentes para ofrecerle los mejores servicios a la altura de nuestra imagen corporativa. <\/span><\/p>\n<p><span style=\"color: #ffffff;\">Ya que no dependemos de nadie m\u00e1s para responder a sus necesidades, las posibilidades son infinitas y totalmente convenientes. Nuestra pasi\u00f3n por el producto es nuestro mayor compromiso, que nos permite ofrecerle respuestas y proposiciones inmediatas hechas a su medida. Creemos que la mejor manera de responder a su proyecto es proponi\u00e9ndole una soluci\u00f3n espec\u00edfica para el mismo, y no una que sea est\u00e1ndar y rutinaria. <\/span>[\/vc_column_text][\/vc_column_inner][\/vc_row_inner][vc_row_inner content_placement=\u00bbmiddle\u00bb gap=\u00bb20&#8243; row_content_width=\u00bbgrid\u00bb css=\u00bb.vc_custom_1639991362684{padding-top: 20px !important;}\u00bb][vc_column_inner width=\u00bb1\/3&#8243;][vc_single_image image=\u00bb7974&#8243; img_size=\u00bbfull\u00bb css_animation=\u00bbfadeInLeftBig\u00bb][\/vc_column_inner][vc_column_inner width=\u00bb2\/3&#8243;]<div class=\"eltd-elements-holder   eltd-one-column  eltd-responsive-mode-768 \" ><div class=\"eltd-eh-item     \"  data-item-class=\"eltd-eh-custom-6582\">\n\t<div class=\"eltd-eh-item-inner\">\n\t\t<div class=\"eltd-eh-item-content eltd-eh-custom-6582\" >\n\t\t\t<div class=\"eltd-section-title-holder  eltd-st-standard eltd-st-title-left eltd-st-normal-space \" >\n\t<div class=\"eltd-st-inner\">\n\t\t\t\t\t<h3 class=\"eltd-st-title\" style=\"color: #ee3124\">\n\t\t\t\tLa X-PERIENCIA F\u00f3rmula 1 \t\t\t<\/h3>\n\t\t\t\t\t<\/div>\n<\/div>[vc_column_text css=\u00bb.vc_custom_1588251809355{padding-bottom: 10px !important;}\u00bb]<span style=\"color: #ffffff;\">Nuestro simulador de conducci\u00f3n de F\u00f3rmula 1 es una de nuestras innovaciones que va m\u00e1s all\u00e1 de la tecnolog\u00eda existente. Gracias a su dise\u00f1o ligero, podemos instalarlo en cualquiera de sus eventos corporativos (ferias, exhibiciones, eventos en paddocks, etc.). <\/span><\/p>\n<p><span style=\"color: #ffffff;\">Desde su carrocer\u00eda Caterham de fibra de carbono, sus pedales y volante de F\u00f3rmula Renault, pasando por su asiento oficial ajustable, hasta su arn\u00e9s din\u00e1mico, y todo ello montado en un chasis con cilindros y acoplado a una pantalla de 180 \u00ba, este simulador es una referencia. <\/span>[\/vc_column_text]<div class=\"eltd-section-title-holder  eltd-st-standard eltd-st-title-left eltd-st-normal-space \" >\n\t<div class=\"eltd-st-inner\">\n\t\t\t\t\t<h4 class=\"eltd-st-title\" style=\"color: #ffffff\">\n\t\t\t\tNuestro equipo de GP2, campe\u00f3n en el a\u00f1o 2013, entrena sus pilotos en simuladores similares. Si est\u00e1 al d\u00eda con las noticias de KENNOL, sabr\u00e1 que dicho \u00e9xito es fruto de este entrenamiento.\t\t\t<\/h4>\n\t\t\t\t\t<\/div>\n<\/div>\t\t<\/div>\n\t<\/div>\n<\/div><\/div>[\/vc_column_inner][\/vc_row_inner][\/vc_column][\/vc_row]<\/p>\n<\/div>","protected":false},"excerpt":{"rendered":"<p>[vc_row full_width=\u00bbstretch_row\u00bb disable_background_image=\u00bb\u00bb content_text_aligment=\u00bbleft\u00bb simple_background_color=\u00bb#ee3124&#8243; simple_background_image=\u00bb7083&#8243;][vc_column offset=\u00bbvc_hidden-lg vc_hidden-md\u00bb][\/vc_column][\/vc_row][vc_row full_width=\u00bbstretch_row\u00bb disable_background_image=\u00bb\u00bb content_text_aligment=\u00bbleft\u00bb simple_background_color=\u00bb#ee3124&#8243; simple_background_image=\u00bb8855&#8243; css=\u00bb.vc_custom_1534849842529{background-image: url(\/wp-content\/uploads\/2018\/06\/News_PERFORMANCE_bandeau.png?id=8855) !important;background-position: center !important;background-repeat: no-repeat !important;background-size: cover !important;}\u00bb][vc_column offset=\u00bbvc_hidden-md vc_hidden-sm vc_hidden-xs\u00bb css=\u00bb.vc_custom_1529593952633{padding-top: 120px !important;padding-bottom: 40px !important;}\u00bb][vc_column_text] EVENTOS DE KRT [\/vc_column_text][\/vc_column][\/vc_row][vc_row full_width=\u00bbstretch_row_content_no_spaces\u00bb full_height=\u00bbyes\u00bb columns_placement=\u00bbbottom\u00bb content_placement=\u00bbmiddle\u00bb parallax=\u00bbcontent-moving-fade\u00bb parallax_image=\u00bb48975&#8243; parallax_speed_bg=\u00bb1.15&#8243; css_animation=\u00bbfadeIn\u00bb][vc_column][vc_row_inner content_placement=\u00bbtop\u00bb row_content_width=\u00bbgrid\u00bb css=\u00bb.vc_custom_1534850127557{padding-bottom: 30px !important;}\u00bb][vc_column_inner][vc_column_text]El rendimiento de KENNOL se valida tanto en la [&hellip;]<\/p>\n","protected":false},"author":2,"featured_media":0,"parent":33766,"menu_order":0,"comment_status":"closed","ping_status":"closed","template":"","meta":{"_monsterinsights_skip_tracking":false,"_monsterinsights_sitenote_active":false,"_monsterinsights_sitenote_note":"","_monsterinsights_sitenote_category":0,"footnotes":""},"simple-restrict-permission":[],"class_list":["post-33835","page","type-page","status-publish","hentry"],"yoast_head":"<!-- This site is optimized with the Yoast SEO plugin v27.4 - https:\/\/yoast.com\/product\/yoast-seo-wordpress\/ -->\n<title>Eventos | KENNOL - Performance Oil<\/title>\n<meta name=\"description\" content=\"\u00a1Dirige tu propio equipo de carreras como KENNOL! Hemos desarrollado un polo de animaciones para la competencia de atletismo, pero tambi\u00e9n simuladores de conducci\u00f3n entre los mejores del mundo.\" \/>\n<meta name=\"robots\" content=\"index, follow, max-snippet:-1, max-image-preview:large, max-video-preview:-1\" \/>\n<link rel=\"canonical\" href=\"https:\/\/kennol.com\/es\/la-marca\/eventos\/\" \/>\n<meta property=\"og:locale\" content=\"es_ES\" \/>\n<meta property=\"og:type\" content=\"article\" \/>\n<meta property=\"og:title\" content=\"Eventos | KENNOL - Performance Oil\" \/>\n<meta property=\"og:description\" content=\"\u00a1Dirige tu propio equipo de carreras como KENNOL! Hemos desarrollado un polo de animaciones para la competencia de atletismo, pero tambi\u00e9n simuladores de conducci\u00f3n entre los mejores del mundo.\" \/>\n<meta property=\"og:url\" content=\"https:\/\/kennol.com\/es\/la-marca\/eventos\/\" \/>\n<meta property=\"og:site_name\" content=\"KENNOL\" \/>\n<meta property=\"article:modified_time\" content=\"2021-12-20T09:09:53+00:00\" \/>\n<meta name=\"twitter:card\" content=\"summary_large_image\" \/>\n<meta name=\"twitter:label1\" content=\"Tiempo de lectura\" \/>\n\t<meta name=\"twitter:data1\" content=\"3 minutos\" \/>\n<script type=\"application\/ld+json\" class=\"yoast-schema-graph\">{\"@context\":\"https:\\\/\\\/schema.org\",\"@graph\":[{\"@type\":\"WebPage\",\"@id\":\"https:\\\/\\\/kennol.com\\\/es\\\/la-marca\\\/eventos\\\/\",\"url\":\"https:\\\/\\\/kennol.com\\\/es\\\/la-marca\\\/eventos\\\/\",\"name\":\"Eventos | KENNOL - Performance Oil\",\"isPartOf\":{\"@id\":\"https:\\\/\\\/kennol.com\\\/es\\\/#website\"},\"datePublished\":\"2020-04-30T12:57:41+00:00\",\"dateModified\":\"2021-12-20T09:09:53+00:00\",\"description\":\"\u00a1Dirige tu propio equipo de carreras como KENNOL! Hemos desarrollado un polo de animaciones para la competencia de atletismo, pero tambi\u00e9n simuladores de conducci\u00f3n entre los mejores del mundo.\",\"breadcrumb\":{\"@id\":\"https:\\\/\\\/kennol.com\\\/es\\\/la-marca\\\/eventos\\\/#breadcrumb\"},\"inLanguage\":\"es\",\"potentialAction\":[{\"@type\":\"ReadAction\",\"target\":[\"https:\\\/\\\/kennol.com\\\/es\\\/la-marca\\\/eventos\\\/\"]}]},{\"@type\":\"BreadcrumbList\",\"@id\":\"https:\\\/\\\/kennol.com\\\/es\\\/la-marca\\\/eventos\\\/#breadcrumb\",\"itemListElement\":[{\"@type\":\"ListItem\",\"position\":1,\"name\":\"LA MARCA\",\"item\":\"https:\\\/\\\/kennol.com\\\/es\\\/la-marca\\\/\"},{\"@type\":\"ListItem\",\"position\":2,\"name\":\"Eventos\"}]},{\"@type\":\"WebSite\",\"@id\":\"https:\\\/\\\/kennol.com\\\/es\\\/#website\",\"url\":\"https:\\\/\\\/kennol.com\\\/es\\\/\",\"name\":\"KENNOL\",\"description\":\"Performance Oil\",\"publisher\":{\"@id\":\"https:\\\/\\\/kennol.com\\\/es\\\/#organization\"},\"potentialAction\":[{\"@type\":\"SearchAction\",\"target\":{\"@type\":\"EntryPoint\",\"urlTemplate\":\"https:\\\/\\\/kennol.com\\\/es\\\/?s={search_term_string}\"},\"query-input\":{\"@type\":\"PropertyValueSpecification\",\"valueRequired\":true,\"valueName\":\"search_term_string\"}}],\"inLanguage\":\"es\"},{\"@type\":\"Organization\",\"@id\":\"https:\\\/\\\/kennol.com\\\/es\\\/#organization\",\"name\":\"PPO\",\"url\":\"https:\\\/\\\/kennol.com\\\/es\\\/\",\"logo\":{\"@type\":\"ImageObject\",\"inLanguage\":\"es\",\"@id\":\"https:\\\/\\\/kennol.com\\\/es\\\/#\\\/schema\\\/logo\\\/image\\\/\",\"url\":\"https:\\\/\\\/kennol.com\\\/wp-content\\\/uploads\\\/2018\\\/01\\\/KENNOL_logo_header.png\",\"contentUrl\":\"https:\\\/\\\/kennol.com\\\/wp-content\\\/uploads\\\/2018\\\/01\\\/KENNOL_logo_header.png\",\"width\":400,\"height\":140,\"caption\":\"PPO\"},\"image\":{\"@id\":\"https:\\\/\\\/kennol.com\\\/es\\\/#\\\/schema\\\/logo\\\/image\\\/\"}}]}<\/script>\n<!-- \/ Yoast SEO plugin. -->","yoast_head_json":{"title":"Eventos | KENNOL - Performance Oil","description":"\u00a1Dirige tu propio equipo de carreras como KENNOL! Hemos desarrollado un polo de animaciones para la competencia de atletismo, pero tambi\u00e9n simuladores de conducci\u00f3n entre los mejores del mundo.","robots":{"index":"index","follow":"follow","max-snippet":"max-snippet:-1","max-image-preview":"max-image-preview:large","max-video-preview":"max-video-preview:-1"},"canonical":"https:\/\/kennol.com\/es\/la-marca\/eventos\/","og_locale":"es_ES","og_type":"article","og_title":"Eventos | KENNOL - Performance Oil","og_description":"\u00a1Dirige tu propio equipo de carreras como KENNOL! Hemos desarrollado un polo de animaciones para la competencia de atletismo, pero tambi\u00e9n simuladores de conducci\u00f3n entre los mejores del mundo.","og_url":"https:\/\/kennol.com\/es\/la-marca\/eventos\/","og_site_name":"KENNOL","article_modified_time":"2021-12-20T09:09:53+00:00","twitter_card":"summary_large_image","twitter_misc":{"Tiempo de lectura":"3 minutos"},"schema":{"@context":"https:\/\/schema.org","@graph":[{"@type":"WebPage","@id":"https:\/\/kennol.com\/es\/la-marca\/eventos\/","url":"https:\/\/kennol.com\/es\/la-marca\/eventos\/","name":"Eventos | KENNOL - Performance Oil","isPartOf":{"@id":"https:\/\/kennol.com\/es\/#website"},"datePublished":"2020-04-30T12:57:41+00:00","dateModified":"2021-12-20T09:09:53+00:00","description":"\u00a1Dirige tu propio equipo de carreras como KENNOL! Hemos desarrollado un polo de animaciones para la competencia de atletismo, pero tambi\u00e9n simuladores de conducci\u00f3n entre los mejores del mundo.","breadcrumb":{"@id":"https:\/\/kennol.com\/es\/la-marca\/eventos\/#breadcrumb"},"inLanguage":"es","potentialAction":[{"@type":"ReadAction","target":["https:\/\/kennol.com\/es\/la-marca\/eventos\/"]}]},{"@type":"BreadcrumbList","@id":"https:\/\/kennol.com\/es\/la-marca\/eventos\/#breadcrumb","itemListElement":[{"@type":"ListItem","position":1,"name":"LA MARCA","item":"https:\/\/kennol.com\/es\/la-marca\/"},{"@type":"ListItem","position":2,"name":"Eventos"}]},{"@type":"WebSite","@id":"https:\/\/kennol.com\/es\/#website","url":"https:\/\/kennol.com\/es\/","name":"KENNOL","description":"Performance Oil","publisher":{"@id":"https:\/\/kennol.com\/es\/#organization"},"potentialAction":[{"@type":"SearchAction","target":{"@type":"EntryPoint","urlTemplate":"https:\/\/kennol.com\/es\/?s={search_term_string}"},"query-input":{"@type":"PropertyValueSpecification","valueRequired":true,"valueName":"search_term_string"}}],"inLanguage":"es"},{"@type":"Organization","@id":"https:\/\/kennol.com\/es\/#organization","name":"PPO","url":"https:\/\/kennol.com\/es\/","logo":{"@type":"ImageObject","inLanguage":"es","@id":"https:\/\/kennol.com\/es\/#\/schema\/logo\/image\/","url":"https:\/\/kennol.com\/wp-content\/uploads\/2018\/01\/KENNOL_logo_header.png","contentUrl":"https:\/\/kennol.com\/wp-content\/uploads\/2018\/01\/KENNOL_logo_header.png","width":400,"height":140,"caption":"PPO"},"image":{"@id":"https:\/\/kennol.com\/es\/#\/schema\/logo\/image\/"}}]}},"_links":{"self":[{"href":"https:\/\/kennol.com\/es\/wp-json\/wp\/v2\/pages\/33835","targetHints":{"allow":["GET"]}}],"collection":[{"href":"https:\/\/kennol.com\/es\/wp-json\/wp\/v2\/pages"}],"about":[{"href":"https:\/\/kennol.com\/es\/wp-json\/wp\/v2\/types\/page"}],"author":[{"embeddable":true,"href":"https:\/\/kennol.com\/es\/wp-json\/wp\/v2\/users\/2"}],"replies":[{"embeddable":true,"href":"https:\/\/kennol.com\/es\/wp-json\/wp\/v2\/comments?post=33835"}],"version-history":[{"count":10,"href":"https:\/\/kennol.com\/es\/wp-json\/wp\/v2\/pages\/33835\/revisions"}],"predecessor-version":[{"id":49223,"href":"https:\/\/kennol.com\/es\/wp-json\/wp\/v2\/pages\/33835\/revisions\/49223"}],"up":[{"embeddable":true,"href":"https:\/\/kennol.com\/es\/wp-json\/wp\/v2\/pages\/33766"}],"wp:attachment":[{"href":"https:\/\/kennol.com\/es\/wp-json\/wp\/v2\/media?parent=33835"}],"wp:term":[{"taxonomy":"simple-restrict-permission","embeddable":true,"href":"https:\/\/kennol.com\/es\/wp-json\/wp\/v2\/simple-restrict-permission?post=33835"}],"curies":[{"name":"wp","href":"https:\/\/api.w.org\/{rel}","templated":true}]}}