{"id":33782,"date":"2020-04-30T09:52:16","date_gmt":"2020-04-30T09:52:16","guid":{"rendered":"https:\/\/kennol.com\/la-marca\/fabricacion\/"},"modified":"2021-12-16T09:47:16","modified_gmt":"2021-12-16T08:47:16","slug":"fabricacion","status":"publish","type":"page","link":"https:\/\/kennol.com\/es\/la-marca\/fabricacion\/","title":{"rendered":"Fabricaci\u00f3n"},"content":{"rendered":"<div class=\"wpb-content-wrapper\"><p>[vc_row full_width=\u00bbstretch_row\u00bb disable_background_image=\u00bb\u00bb content_text_aligment=\u00bbleft\u00bb simple_background_color=\u00bb#ee3124&#8243; simple_background_image=\u00bb7083&#8243;][vc_column offset=\u00bbvc_hidden-lg vc_hidden-md\u00bb]<div class=\"eltd-section-title-holder  eltd-st-standard eltd-st-title-left eltd-st-normal-space \" >\n\t<div class=\"eltd-st-inner\">\n\t\t\t\t\t<h3 class=\"eltd-st-title\" style=\"color: #000000\">\n\t\t\t\tFABRICATION\t\t\t<\/h3>\n\t\t\t\t\t<\/div>\n<\/div>[\/vc_column][\/vc_row][vc_row full_width=\u00bbstretch_row\u00bb disable_background_image=\u00bb\u00bb content_text_aligment=\u00bbleft\u00bb simple_background_color=\u00bb#ee3124&#8243; simple_background_image=\u00bb8855&#8243; css=\u00bb.vc_custom_1534847077451{background-image: url(\/wp-content\/uploads\/2018\/06\/News_PERFORMANCE_bandeau.png?id=8855) !important;background-position: center !important;background-repeat: no-repeat !important;background-size: cover !important;}\u00bb][vc_column offset=\u00bbvc_hidden-sm vc_hidden-xs\u00bb css=\u00bb.vc_custom_1533631094695{padding-top: 120px !important;padding-bottom: 40px !important;}\u00bb][vc_column_text]<\/p>\n<h1><span style=\"color: #000000; font-size: larger;\">FABRICACI\u00d3N<\/span><\/h1>\n<p>[\/vc_column_text][\/vc_column][\/vc_row][vc_row full_width=\u00bbstretch_row\u00bb full_height=\u00bbyes\u00bb columns_placement=\u00bbstretch\u00bb content_placement=\u00bbtop\u00bb parallax=\u00bbcontent-moving-fade\u00bb parallax_image=\u00bb48954&#8243;][vc_column css=\u00bb.vc_custom_1533904536625{background-position: center !important;background-repeat: no-repeat !important;background-size: cover !important;}\u00bb]<div class=\"eltd-accordion-holder eltd-ac-default  eltd-accordion eltd-ac-boxed  clearfix\">\n\t<h3 class=\"eltd-accordion-title\">\n\t<span class=\"eltd-tab-title\">COMPROMISO DE CALIDAD<\/span>\n\t<span class=\"eltd-accordion-mark\">\n\t\t<span class=\"eltd_icon_plus ion-plus\"><\/span>\n\t\t<span class=\"eltd_icon_minus ion-minus\"><\/span>\n\t<\/span>\n<\/h3>\n<div class=\"eltd-accordion-content\">\n\t<div class=\"eltd-accordion-content-inner\">\n\t\t<div class=\"eltd-elements-holder   eltd-two-columns  eltd-responsive-mode-768 \" ><div class=\"eltd-eh-item     \"  data-item-class=\"eltd-eh-custom-2278\">\n\t<div class=\"eltd-eh-item-inner\">\n\t\t<div class=\"eltd-eh-item-content eltd-eh-custom-2278\" >\n\t\t\t[vc_single_image image=\u00bb46341&#8243; img_size=\u00bbfull\u00bb css=\u00bb.vc_custom_1617030406089{padding-right: 20px !important;padding-bottom: 20px !important;}\u00bb]\t\t<\/div>\n\t<\/div>\n<\/div><div class=\"eltd-eh-item     \"  data-item-class=\"eltd-eh-custom-9523\">\n\t<div class=\"eltd-eh-item-inner\">\n\t\t<div class=\"eltd-eh-item-content eltd-eh-custom-9523\" >\n\t\t\t<div class=\"eltd-section-title-holder  eltd-st-standard eltd-st-title-left eltd-st-normal-space \" >\n\t<div class=\"eltd-st-inner\">\n\t\t\t\t\t<h4 class=\"eltd-st-title\" style=\"color: #ee3124\">\n\t\t\t\tPara facilitar sus ventas\t\t\t<\/h4>\n\t\t\t\t\t<\/div>\n<\/div>[vc_column_text css=\u00bb.vc_custom_1533300494642{padding-top: 10px !important;}\u00bb]<span style=\"color: #ffffff;\">Ser un fabricante independiente nos permite adaptarnos a sus necesidades. Esto se traduce de muchas maneras:<br \/>\n&#8211; Fabricante franc\u00e9s independiente<br \/>\n&#8211; Especialista en lubricantes y l\u00edquidos t\u00e9cnicos<br \/>\n&#8211; Capacidad de producci\u00f3n: 110 000 toneladas al a\u00f1o<br \/>\n&#8211; Instalaciones de producci\u00f3n con la \u00faltima tecnolog\u00eda y l\u00edneas de producci\u00f3n totalmente automatizadas<br \/>\n&#8211; Las especificaciones m\u00e1s recientes de los productos<br \/>\n&#8211; Certificaci\u00f3n AFAQ: ISO 9001: 2008<br \/>\n&#8211; Acuerdo con centros de formaci\u00f3n continua<br \/>\n&#8211; F\u00e1brica, almac\u00e9n y sede central en CHOLET, FRANCIA<\/span>[\/vc_column_text]\t\t<\/div>\n\t<\/div>\n<\/div><\/div>\t<\/div>\n<\/div><h3 class=\"eltd-accordion-title\">\n\t<span class=\"eltd-tab-title\">INVESTIGACI\u00d3N Y DESARROLLO<\/span>\n\t<span class=\"eltd-accordion-mark\">\n\t\t<span class=\"eltd_icon_plus ion-plus\"><\/span>\n\t\t<span class=\"eltd_icon_minus ion-minus\"><\/span>\n\t<\/span>\n<\/h3>\n<div class=\"eltd-accordion-content\">\n\t<div class=\"eltd-accordion-content-inner\">\n\t\t<div class=\"eltd-elements-holder   eltd-two-columns  eltd-responsive-mode-768 \" ><div class=\"eltd-eh-item     \"  data-item-class=\"eltd-eh-custom-4024\">\n\t<div class=\"eltd-eh-item-inner\">\n\t\t<div class=\"eltd-eh-item-content eltd-eh-custom-4024\" >\n\t\t\t[vc_single_image image=\u00bb46348&#8243; img_size=\u00bbfull\u00bb css=\u00bb.vc_custom_1617030428317{padding-right: 20px !important;padding-bottom: 20px !important;}\u00bb]\t\t<\/div>\n\t<\/div>\n<\/div><div class=\"eltd-eh-item     \"  data-item-class=\"eltd-eh-custom-1633\">\n\t<div class=\"eltd-eh-item-inner\">\n\t\t<div class=\"eltd-eh-item-content eltd-eh-custom-1633\" >\n\t\t\t<div class=\"eltd-section-title-holder  eltd-st-standard eltd-st-title-left eltd-st-normal-space \" >\n\t<div class=\"eltd-st-inner\">\n\t\t\t\t\t<h4 class=\"eltd-st-title\" style=\"color: #ee3124\">\n\t\t\t\tA LA VANGUARDIA DE LA TECNOLOG\u00cdA\t\t\t<\/h4>\n\t\t\t\t\t<\/div>\n<\/div>[vc_column_text css=\u00bb.vc_custom_1533300489144{padding-top: 10px !important;}\u00bb]<span style=\"color: #ffffff;\">Nuestro departamento de I+D prev\u00e9 las pr\u00f3ximas normas y cambios en los reglamentos.<br \/>\nPor tanto, los productos que desarrollamos ya cumplen con las normas de los fabricantes que cambian constantemente.<\/span>[\/vc_column_text]\t\t<\/div>\n\t<\/div>\n<\/div><\/div>\t<\/div>\n<\/div><h3 class=\"eltd-accordion-title\">\n\t<span class=\"eltd-tab-title\">INDEPENDIENCIA<\/span>\n\t<span class=\"eltd-accordion-mark\">\n\t\t<span class=\"eltd_icon_plus ion-plus\"><\/span>\n\t\t<span class=\"eltd_icon_minus ion-minus\"><\/span>\n\t<\/span>\n<\/h3>\n<div class=\"eltd-accordion-content\">\n\t<div class=\"eltd-accordion-content-inner\">\n\t\t<div class=\"eltd-elements-holder   eltd-two-columns  eltd-responsive-mode-768 \" ><div class=\"eltd-eh-item     \"  data-item-class=\"eltd-eh-custom-9600\">\n\t<div class=\"eltd-eh-item-inner\">\n\t\t<div class=\"eltd-eh-item-content eltd-eh-custom-9600\" >\n\t\t\t[vc_single_image image=\u00bb46356&#8243; img_size=\u00bbfull\u00bb css=\u00bb.vc_custom_1617030453829{padding-right: 20px !important;padding-bottom: 20px !important;}\u00bb]\t\t<\/div>\n\t<\/div>\n<\/div><div class=\"eltd-eh-item     \"  data-item-class=\"eltd-eh-custom-9818\">\n\t<div class=\"eltd-eh-item-inner\">\n\t\t<div class=\"eltd-eh-item-content eltd-eh-custom-9818\" >\n\t\t\t<div class=\"eltd-section-title-holder  eltd-st-standard eltd-st-title-left eltd-st-normal-space \" >\n\t<div class=\"eltd-st-inner\">\n\t\t\t\t\t<h4 class=\"eltd-st-title\" style=\"color: #ee3124\">\n\t\t\t\tLA LIBERTAD DE TENER NUESTRA PROPIA CASA\t\t\t<\/h4>\n\t\t\t\t\t<\/div>\n<\/div>[vc_column_text css=\u00bb.vc_custom_1533562854427{padding-top: 10px !important;}\u00bb]<span style=\"color: #ffffff;\">Nuestra independencia nos permite adaptarnos r\u00e1pidamente a las necesidades de nuestros clientes.<br \/>\nConsecuentemente, tenemos total libertad de respuesta y reacci\u00f3n.<br \/>\nEscuchamos y ofrecemos soluciones a medida para satisfacer todas las necesidades particulares.<\/span>[\/vc_column_text]\t\t<\/div>\n\t<\/div>\n<\/div><\/div>\t<\/div>\n<\/div><h3 class=\"eltd-accordion-title\">\n\t<span class=\"eltd-tab-title\">FABRICADO EN FRANCIA<\/span>\n\t<span class=\"eltd-accordion-mark\">\n\t\t<span class=\"eltd_icon_plus ion-plus\"><\/span>\n\t\t<span class=\"eltd_icon_minus ion-minus\"><\/span>\n\t<\/span>\n<\/h3>\n<div class=\"eltd-accordion-content\">\n\t<div class=\"eltd-accordion-content-inner\">\n\t\t<div class=\"eltd-elements-holder   eltd-two-columns  eltd-responsive-mode-768 \" ><div class=\"eltd-eh-item     \"  data-item-class=\"eltd-eh-custom-4400\">\n\t<div class=\"eltd-eh-item-inner\">\n\t\t<div class=\"eltd-eh-item-content eltd-eh-custom-4400\" >\n\t\t\t[vc_single_image image=\u00bb46363&#8243; img_size=\u00bbmedium\u00bb alignment=\u00bbcenter\u00bb css=\u00bb.vc_custom_1617030485889{padding-right: 20px !important;padding-bottom: 20px !important;}\u00bb]\t\t<\/div>\n\t<\/div>\n<\/div><div class=\"eltd-eh-item     \"  data-item-class=\"eltd-eh-custom-8219\">\n\t<div class=\"eltd-eh-item-inner\">\n\t\t<div class=\"eltd-eh-item-content eltd-eh-custom-8219\" >\n\t\t\t<div class=\"eltd-section-title-holder  eltd-st-standard eltd-st-title-left eltd-st-normal-space \" >\n\t<div class=\"eltd-st-inner\">\n\t\t\t\t\t<h4 class=\"eltd-st-title\" style=\"color: #ee3124\">\n\t\t\t\tEL LEGADO DE UN PATRIMONIO DE PRIMERA CLASE\t\t\t<\/h4>\n\t\t\t\t\t<\/div>\n<\/div>[vc_column_text css=\u00bb.vc_custom_1533562824972{padding-top: 10px !important;}\u00bb]<span style=\"color: #ffffff;\">No importa qu\u00e9 producto o servicio espera de nosotros, llevamos la calidad en el ADN.<br \/>\nTrabajamos como siempre lo ha hecho la industria de lujo francesa durante siglos. Y por eso nuestras soluciones son diferentes.<\/span>[\/vc_column_text]\t\t<\/div>\n\t<\/div>\n<\/div><\/div>\t<\/div>\n<\/div><\/div>[\/vc_column][\/vc_row]<\/p>\n<\/div>","protected":false},"excerpt":{"rendered":"<p>[vc_row full_width=\u00bbstretch_row\u00bb disable_background_image=\u00bb\u00bb content_text_aligment=\u00bbleft\u00bb simple_background_color=\u00bb#ee3124&#8243; simple_background_image=\u00bb7083&#8243;][vc_column offset=\u00bbvc_hidden-lg vc_hidden-md\u00bb][\/vc_column][\/vc_row][vc_row full_width=\u00bbstretch_row\u00bb disable_background_image=\u00bb\u00bb content_text_aligment=\u00bbleft\u00bb simple_background_color=\u00bb#ee3124&#8243; simple_background_image=\u00bb8855&#8243; css=\u00bb.vc_custom_1534847077451{background-image: url(\/wp-content\/uploads\/2018\/06\/News_PERFORMANCE_bandeau.png?id=8855) !important;background-position: center !important;background-repeat: no-repeat !important;background-size: cover !important;}\u00bb][vc_column offset=\u00bbvc_hidden-sm vc_hidden-xs\u00bb css=\u00bb.vc_custom_1533631094695{padding-top: 120px !important;padding-bottom: 40px !important;}\u00bb][vc_column_text] FABRICACI\u00d3N [\/vc_column_text][\/vc_column][\/vc_row][vc_row full_width=\u00bbstretch_row\u00bb full_height=\u00bbyes\u00bb columns_placement=\u00bbstretch\u00bb content_placement=\u00bbtop\u00bb parallax=\u00bbcontent-moving-fade\u00bb parallax_image=\u00bb48954&#8243;][vc_column css=\u00bb.vc_custom_1533904536625{background-position: center !important;background-repeat: no-repeat !important;background-size: cover !important;}\u00bb][\/vc_column][\/vc_row]<\/p>\n","protected":false},"author":2,"featured_media":0,"parent":33766,"menu_order":0,"comment_status":"closed","ping_status":"closed","template":"","meta":{"_monsterinsights_skip_tracking":false,"_monsterinsights_sitenote_active":false,"_monsterinsights_sitenote_note":"","_monsterinsights_sitenote_category":0,"footnotes":""},"simple-restrict-permission":[],"class_list":["post-33782","page","type-page","status-publish","hentry"],"yoast_head":"<!-- This site is optimized with the Yoast SEO plugin v27.5 - https:\/\/yoast.com\/product\/yoast-seo-wordpress\/ -->\n<title>Fabricaci\u00f3n | KENNOL - Performance Oil<\/title>\n<meta name=\"robots\" content=\"index, follow, max-snippet:-1, max-image-preview:large, max-video-preview:-1\" \/>\n<link rel=\"canonical\" href=\"https:\/\/kennol.com\/es\/la-marca\/fabricacion\/\" \/>\n<meta property=\"og:locale\" content=\"es_ES\" \/>\n<meta property=\"og:type\" content=\"article\" \/>\n<meta property=\"og:title\" content=\"Fabricaci\u00f3n | KENNOL - Performance Oil\" \/>\n<meta property=\"og:description\" content=\"[vc_row full_width=\u00bbstretch_row\u00bb disable_background_image=\u00bb\u00bb content_text_aligment=\u00bbleft\u00bb simple_background_color=\u00bb#ee3124&#8243; simple_background_image=\u00bb7083&#8243;][vc_column offset=\u00bbvc_hidden-lg vc_hidden-md\u00bb][\/vc_column][\/vc_row][vc_row full_width=\u00bbstretch_row\u00bb disable_background_image=\u00bb\u00bb content_text_aligment=\u00bbleft\u00bb simple_background_color=\u00bb#ee3124&#8243; simple_background_image=\u00bb8855&#8243; css=\u00bb.vc_custom_1534847077451{background-image: url(\/wp-content\/uploads\/2018\/06\/News_PERFORMANCE_bandeau.png?id=8855) !important;background-position: center !important;background-repeat: no-repeat !important;background-size: cover !important;}\u00bb][vc_column offset=\u00bbvc_hidden-sm vc_hidden-xs\u00bb css=\u00bb.vc_custom_1533631094695{padding-top: 120px !important;padding-bottom: 40px !important;}\u00bb][vc_column_text] FABRICACI\u00d3N [\/vc_column_text][\/vc_column][\/vc_row][vc_row full_width=\u00bbstretch_row\u00bb full_height=\u00bbyes\u00bb columns_placement=\u00bbstretch\u00bb content_placement=\u00bbtop\u00bb parallax=\u00bbcontent-moving-fade\u00bb parallax_image=\u00bb48954&#8243;][vc_column css=\u00bb.vc_custom_1533904536625{background-position: center !important;background-repeat: no-repeat !important;background-size: cover !important;}\u00bb][\/vc_column][\/vc_row]\" \/>\n<meta property=\"og:url\" content=\"https:\/\/kennol.com\/es\/la-marca\/fabricacion\/\" \/>\n<meta property=\"og:site_name\" content=\"KENNOL\" \/>\n<meta property=\"article:modified_time\" content=\"2021-12-16T08:47:16+00:00\" \/>\n<meta name=\"twitter:card\" content=\"summary_large_image\" \/>\n<meta name=\"twitter:label1\" content=\"Tiempo de lectura\" \/>\n\t<meta name=\"twitter:data1\" content=\"2 minutos\" \/>\n<script type=\"application\/ld+json\" class=\"yoast-schema-graph\">{\"@context\":\"https:\\\/\\\/schema.org\",\"@graph\":[{\"@type\":\"WebPage\",\"@id\":\"https:\\\/\\\/kennol.com\\\/es\\\/la-marca\\\/fabricacion\\\/\",\"url\":\"https:\\\/\\\/kennol.com\\\/es\\\/la-marca\\\/fabricacion\\\/\",\"name\":\"Fabricaci\u00f3n | KENNOL - Performance Oil\",\"isPartOf\":{\"@id\":\"https:\\\/\\\/kennol.com\\\/es\\\/#website\"},\"datePublished\":\"2020-04-30T09:52:16+00:00\",\"dateModified\":\"2021-12-16T08:47:16+00:00\",\"breadcrumb\":{\"@id\":\"https:\\\/\\\/kennol.com\\\/es\\\/la-marca\\\/fabricacion\\\/#breadcrumb\"},\"inLanguage\":\"es\",\"potentialAction\":[{\"@type\":\"ReadAction\",\"target\":[\"https:\\\/\\\/kennol.com\\\/es\\\/la-marca\\\/fabricacion\\\/\"]}]},{\"@type\":\"BreadcrumbList\",\"@id\":\"https:\\\/\\\/kennol.com\\\/es\\\/la-marca\\\/fabricacion\\\/#breadcrumb\",\"itemListElement\":[{\"@type\":\"ListItem\",\"position\":1,\"name\":\"LA MARCA\",\"item\":\"https:\\\/\\\/kennol.com\\\/es\\\/la-marca\\\/\"},{\"@type\":\"ListItem\",\"position\":2,\"name\":\"Fabricaci\u00f3n\"}]},{\"@type\":\"WebSite\",\"@id\":\"https:\\\/\\\/kennol.com\\\/es\\\/#website\",\"url\":\"https:\\\/\\\/kennol.com\\\/es\\\/\",\"name\":\"KENNOL\",\"description\":\"Performance Oil\",\"publisher\":{\"@id\":\"https:\\\/\\\/kennol.com\\\/es\\\/#organization\"},\"potentialAction\":[{\"@type\":\"SearchAction\",\"target\":{\"@type\":\"EntryPoint\",\"urlTemplate\":\"https:\\\/\\\/kennol.com\\\/es\\\/?s={search_term_string}\"},\"query-input\":{\"@type\":\"PropertyValueSpecification\",\"valueRequired\":true,\"valueName\":\"search_term_string\"}}],\"inLanguage\":\"es\"},{\"@type\":\"Organization\",\"@id\":\"https:\\\/\\\/kennol.com\\\/es\\\/#organization\",\"name\":\"PPO\",\"url\":\"https:\\\/\\\/kennol.com\\\/es\\\/\",\"logo\":{\"@type\":\"ImageObject\",\"inLanguage\":\"es\",\"@id\":\"https:\\\/\\\/kennol.com\\\/es\\\/#\\\/schema\\\/logo\\\/image\\\/\",\"url\":\"https:\\\/\\\/kennol.com\\\/wp-content\\\/uploads\\\/2018\\\/01\\\/KENNOL_logo_header.png\",\"contentUrl\":\"https:\\\/\\\/kennol.com\\\/wp-content\\\/uploads\\\/2018\\\/01\\\/KENNOL_logo_header.png\",\"width\":400,\"height\":140,\"caption\":\"PPO\"},\"image\":{\"@id\":\"https:\\\/\\\/kennol.com\\\/es\\\/#\\\/schema\\\/logo\\\/image\\\/\"}}]}<\/script>\n<!-- \/ Yoast SEO plugin. -->","yoast_head_json":{"title":"Fabricaci\u00f3n | KENNOL - Performance Oil","robots":{"index":"index","follow":"follow","max-snippet":"max-snippet:-1","max-image-preview":"max-image-preview:large","max-video-preview":"max-video-preview:-1"},"canonical":"https:\/\/kennol.com\/es\/la-marca\/fabricacion\/","og_locale":"es_ES","og_type":"article","og_title":"Fabricaci\u00f3n | KENNOL - Performance Oil","og_description":"[vc_row full_width=\u00bbstretch_row\u00bb disable_background_image=\u00bb\u00bb content_text_aligment=\u00bbleft\u00bb simple_background_color=\u00bb#ee3124&#8243; simple_background_image=\u00bb7083&#8243;][vc_column offset=\u00bbvc_hidden-lg vc_hidden-md\u00bb][\/vc_column][\/vc_row][vc_row full_width=\u00bbstretch_row\u00bb disable_background_image=\u00bb\u00bb content_text_aligment=\u00bbleft\u00bb simple_background_color=\u00bb#ee3124&#8243; simple_background_image=\u00bb8855&#8243; css=\u00bb.vc_custom_1534847077451{background-image: url(\/wp-content\/uploads\/2018\/06\/News_PERFORMANCE_bandeau.png?id=8855) !important;background-position: center !important;background-repeat: no-repeat !important;background-size: cover !important;}\u00bb][vc_column offset=\u00bbvc_hidden-sm vc_hidden-xs\u00bb css=\u00bb.vc_custom_1533631094695{padding-top: 120px !important;padding-bottom: 40px !important;}\u00bb][vc_column_text] FABRICACI\u00d3N [\/vc_column_text][\/vc_column][\/vc_row][vc_row full_width=\u00bbstretch_row\u00bb full_height=\u00bbyes\u00bb columns_placement=\u00bbstretch\u00bb content_placement=\u00bbtop\u00bb parallax=\u00bbcontent-moving-fade\u00bb parallax_image=\u00bb48954&#8243;][vc_column css=\u00bb.vc_custom_1533904536625{background-position: center !important;background-repeat: no-repeat !important;background-size: cover !important;}\u00bb][\/vc_column][\/vc_row]","og_url":"https:\/\/kennol.com\/es\/la-marca\/fabricacion\/","og_site_name":"KENNOL","article_modified_time":"2021-12-16T08:47:16+00:00","twitter_card":"summary_large_image","twitter_misc":{"Tiempo de lectura":"2 minutos"},"schema":{"@context":"https:\/\/schema.org","@graph":[{"@type":"WebPage","@id":"https:\/\/kennol.com\/es\/la-marca\/fabricacion\/","url":"https:\/\/kennol.com\/es\/la-marca\/fabricacion\/","name":"Fabricaci\u00f3n | KENNOL - Performance Oil","isPartOf":{"@id":"https:\/\/kennol.com\/es\/#website"},"datePublished":"2020-04-30T09:52:16+00:00","dateModified":"2021-12-16T08:47:16+00:00","breadcrumb":{"@id":"https:\/\/kennol.com\/es\/la-marca\/fabricacion\/#breadcrumb"},"inLanguage":"es","potentialAction":[{"@type":"ReadAction","target":["https:\/\/kennol.com\/es\/la-marca\/fabricacion\/"]}]},{"@type":"BreadcrumbList","@id":"https:\/\/kennol.com\/es\/la-marca\/fabricacion\/#breadcrumb","itemListElement":[{"@type":"ListItem","position":1,"name":"LA MARCA","item":"https:\/\/kennol.com\/es\/la-marca\/"},{"@type":"ListItem","position":2,"name":"Fabricaci\u00f3n"}]},{"@type":"WebSite","@id":"https:\/\/kennol.com\/es\/#website","url":"https:\/\/kennol.com\/es\/","name":"KENNOL","description":"Performance Oil","publisher":{"@id":"https:\/\/kennol.com\/es\/#organization"},"potentialAction":[{"@type":"SearchAction","target":{"@type":"EntryPoint","urlTemplate":"https:\/\/kennol.com\/es\/?s={search_term_string}"},"query-input":{"@type":"PropertyValueSpecification","valueRequired":true,"valueName":"search_term_string"}}],"inLanguage":"es"},{"@type":"Organization","@id":"https:\/\/kennol.com\/es\/#organization","name":"PPO","url":"https:\/\/kennol.com\/es\/","logo":{"@type":"ImageObject","inLanguage":"es","@id":"https:\/\/kennol.com\/es\/#\/schema\/logo\/image\/","url":"https:\/\/kennol.com\/wp-content\/uploads\/2018\/01\/KENNOL_logo_header.png","contentUrl":"https:\/\/kennol.com\/wp-content\/uploads\/2018\/01\/KENNOL_logo_header.png","width":400,"height":140,"caption":"PPO"},"image":{"@id":"https:\/\/kennol.com\/es\/#\/schema\/logo\/image\/"}}]}},"_links":{"self":[{"href":"https:\/\/kennol.com\/es\/wp-json\/wp\/v2\/pages\/33782","targetHints":{"allow":["GET"]}}],"collection":[{"href":"https:\/\/kennol.com\/es\/wp-json\/wp\/v2\/pages"}],"about":[{"href":"https:\/\/kennol.com\/es\/wp-json\/wp\/v2\/types\/page"}],"author":[{"embeddable":true,"href":"https:\/\/kennol.com\/es\/wp-json\/wp\/v2\/users\/2"}],"replies":[{"embeddable":true,"href":"https:\/\/kennol.com\/es\/wp-json\/wp\/v2\/comments?post=33782"}],"version-history":[{"count":9,"href":"https:\/\/kennol.com\/es\/wp-json\/wp\/v2\/pages\/33782\/revisions"}],"predecessor-version":[{"id":49023,"href":"https:\/\/kennol.com\/es\/wp-json\/wp\/v2\/pages\/33782\/revisions\/49023"}],"up":[{"embeddable":true,"href":"https:\/\/kennol.com\/es\/wp-json\/wp\/v2\/pages\/33766"}],"wp:attachment":[{"href":"https:\/\/kennol.com\/es\/wp-json\/wp\/v2\/media?parent=33782"}],"wp:term":[{"taxonomy":"simple-restrict-permission","embeddable":true,"href":"https:\/\/kennol.com\/es\/wp-json\/wp\/v2\/simple-restrict-permission?post=33782"}],"curies":[{"name":"wp","href":"https:\/\/api.w.org\/{rel}","templated":true}]}}