{"id":33775,"date":"2020-04-30T08:52:48","date_gmt":"2020-04-30T08:52:48","guid":{"rendered":"https:\/\/kennol.com\/la-marca\/historia\/"},"modified":"2021-12-16T09:37:17","modified_gmt":"2021-12-16T08:37:17","slug":"historia","status":"publish","type":"page","link":"https:\/\/kennol.com\/es\/la-marca\/historia\/","title":{"rendered":"Historia"},"content":{"rendered":"<div class=\"wpb-content-wrapper\"><p>[vc_row full_width=\u00bbstretch_row\u00bb disable_background_image=\u00bb\u00bb content_text_aligment=\u00bbleft\u00bb simple_background_color=\u00bb#ee3124&#8243; simple_background_image=\u00bb7083&#8243;][vc_column offset=\u00bbvc_hidden-lg vc_hidden-md\u00bb]<div class=\"eltd-section-title-holder  eltd-st-standard eltd-st-title-left eltd-st-normal-space \" >\n\t<div class=\"eltd-st-inner\">\n\t\t\t\t\t<h3 class=\"eltd-st-title\" style=\"color: #000000\">\n\t\t\t\tHistoria \t\t\t<\/h3>\n\t\t\t\t\t<\/div>\n<\/div>[\/vc_column][\/vc_row][vc_row full_width=\u00bbstretch_row\u00bb disable_background_image=\u00bb\u00bb content_text_aligment=\u00bbleft\u00bb simple_background_color=\u00bb#ee3124&#8243; simple_background_image=\u00bb8855&#8243; css=\u00bb.vc_custom_1534850862308{background-image: url(\/wp-content\/uploads\/2018\/06\/News_PERFORMANCE_bandeau.png?id=8855) !important;background-position: center !important;background-repeat: no-repeat !important;background-size: cover !important;}\u00bb][vc_column offset=\u00bbvc_hidden-sm vc_hidden-xs\u00bb css=\u00bb.vc_custom_1533899873236{padding-top: 120px !important;padding-bottom: 40px !important;}\u00bb][vc_column_text]<\/p>\n<h1><span style=\"color: #000000; font-size: larger;\">Historia <\/span><\/h1>\n<p>[\/vc_column_text][\/vc_column][\/vc_row][vc_row full_width=\u00bbstretch_row_content_no_spaces\u00bb content_placement=\u00bbtop\u00bb parallax=\u00bbcontent-moving\u00bb parallax_image=\u00bb48954&#8243; css=\u00bb.vc_custom_1639643778179{padding-bottom: 30px !important;}\u00bb][vc_column][vc_row_inner content_placement=\u00bbmiddle\u00bb row_content_width=\u00bbgrid\u00bb][vc_column_inner width=\u00bb1\/6&#8243;]<div class=\"eltd-elements-holder   eltd-one-column  eltd-responsive-mode-768 \" ><div class=\"eltd-eh-item   eltd-horizontal-alignment-center eltd-element-from-fade \"  data-item-class=\"eltd-eh-custom-6357\" data-animation=\"eltd-element-from-fade\">\n\t<div class=\"eltd-eh-item-inner\">\n\t\t<div class=\"eltd-eh-item-content eltd-eh-custom-6357\" style=\"padding: 20px 0px 20px 0px\">\n\t\t\t<div class=\"eltd-section-title-holder  eltd-st-standard eltd-st-title-left eltd-st-normal-space \" style=\"text-align: center\">\n\t<div class=\"eltd-st-inner\">\n\t\t\t\t\t<h4 class=\"eltd-st-title\" style=\"color: #ee3124\">\n\t\t\t\tHACE TIEMPO\t\t\t<\/h4>\n\t\t\t\t\t<\/div>\n<\/div><div class=\"eltd-separator-holder clearfix  eltd-separator-center \">\n\t<div class=\"eltd-separator\" style=\"border-color: #ee3124;width: 44px;border-bottom-width: 5px;margin-top: 15px;margin-bottom: 15px\"><\/div>\n<\/div>\n\t\t<\/div>\n\t<\/div>\n<\/div><\/div>[\/vc_column_inner][vc_column_inner width=\u00bb1\/12&#8243; offset=\u00bbvc_hidden-xs\u00bb][vc_single_image image=\u00bb46300&#8243; img_size=\u00bbmedium\u00bb alignment=\u00bbcenter\u00bb css_animation=\u00bbfadeIn\u00bb][\/vc_column_inner][vc_column_inner width=\u00bb3\/4&#8243;]<div class=\"eltd-elements-holder   eltd-one-column  eltd-responsive-mode-768 \" ><div class=\"eltd-eh-item    eltd-element-from-fade \"  data-item-class=\"eltd-eh-custom-3316\" data-animation=\"eltd-element-from-fade\">\n\t<div class=\"eltd-eh-item-inner\">\n\t\t<div class=\"eltd-eh-item-content eltd-eh-custom-3316\" >\n\t\t\t<div class=\"eltd-section-title-holder  eltd-st-standard eltd-st-title-left eltd-st-normal-space \" >\n\t<div class=\"eltd-st-inner\">\n\t\t\t\t\t<h3 class=\"eltd-st-title\" style=\"color: #999999\">\n\t\t\t\tKENNOL NACI\u00d3 EN LA PISTA\t\t\t<\/h3>\n\t\t\t\t\t<\/div>\n<\/div>[vc_column_text css=\u00bb.vc_custom_1588238075958{padding-right: 30px !important;padding-bottom: 20px !important;}\u00bb]<span style=\"color: #ffffff; font-size: large; font-weight: bold;\">KENNOL es pasi\u00f3n, carreras, rendimiento y gente.<\/span><\/p>\n<p><span style=\"color: #ffffff;\">Por esta raz\u00f3n, ganar las 24 horas de Le Mans el primer a\u00f1o signific\u00f3 tanto para nosotros. Se trataba del equipo, la resistencia, los l\u00edmites y el rendimiento.<\/span><\/p>\n<p><span style=\"color: #ffffff;\">Desde ese momento, supimos que el aceite ser\u00eda una caracter\u00edstica clave para el rendimiento, el consumo y vida \u00fatil de los motores.<\/span><\/p>\n<p><span style=\"color: #ffffff;\">Y ten\u00edamos raz\u00f3n.<\/span>[\/vc_column_text]\t\t<\/div>\n\t<\/div>\n<\/div><\/div>[\/vc_column_inner][\/vc_row_inner][vc_row_inner content_placement=\u00bbmiddle\u00bb row_content_width=\u00bbgrid\u00bb][vc_column_inner width=\u00bb1\/6&#8243;]<div class=\"eltd-elements-holder   eltd-one-column  eltd-responsive-mode-768 \" ><div class=\"eltd-eh-item   eltd-horizontal-alignment-center eltd-element-from-fade \"  data-item-class=\"eltd-eh-custom-3884\" data-animation=\"eltd-element-from-fade\">\n\t<div class=\"eltd-eh-item-inner\">\n\t\t<div class=\"eltd-eh-item-content eltd-eh-custom-3884\" style=\"padding: 20px 0px 20px 0px\">\n\t\t\t<div class=\"eltd-section-title-holder  eltd-st-standard eltd-st-title-left eltd-st-normal-space \" style=\"text-align: center\">\n\t<div class=\"eltd-st-inner\">\n\t\t\t\t\t<h4 class=\"eltd-st-title\" style=\"color: #ee3124\">\n\t\t\t\tAYER\t\t\t<\/h4>\n\t\t\t\t\t<\/div>\n<\/div><div class=\"eltd-separator-holder clearfix  eltd-separator-center \">\n\t<div class=\"eltd-separator\" style=\"border-color: #ee3124;width: 44px;border-bottom-width: 5px;margin-top: 15px;margin-bottom: 15px\"><\/div>\n<\/div>\n\t\t<\/div>\n\t<\/div>\n<\/div><\/div>[\/vc_column_inner][vc_column_inner width=\u00bb1\/12&#8243; offset=\u00bbvc_hidden-xs\u00bb][vc_single_image image=\u00bb46300&#8243; img_size=\u00bbmedium\u00bb alignment=\u00bbcenter\u00bb css_animation=\u00bbfadeIn\u00bb][\/vc_column_inner][vc_column_inner width=\u00bb3\/4&#8243;]<div class=\"eltd-elements-holder   eltd-one-column  eltd-responsive-mode-768 \" ><div class=\"eltd-eh-item    eltd-element-from-fade \"  data-item-class=\"eltd-eh-custom-6109\" data-animation=\"eltd-element-from-fade\">\n\t<div class=\"eltd-eh-item-inner\">\n\t\t<div class=\"eltd-eh-item-content eltd-eh-custom-6109\" >\n\t\t\t<div class=\"eltd-section-title-holder  eltd-st-standard eltd-st-title-left eltd-st-normal-space \" >\n\t<div class=\"eltd-st-inner\">\n\t\t\t\t\t<h3 class=\"eltd-st-title\" style=\"color: #999999\">\n\t\t\t\tKENNOL VIVE POR Y PARA LOS DESAF\u00cdOS\t\t\t<\/h3>\n\t\t\t\t\t<\/div>\n<\/div>[vc_column_text]<span style=\"color: #ffffff; font-size: large; font-weight: bold;\">KENNOL siempre ha estado vinculado a las carreras.<\/span><\/p>\n<p><span style=\"color: #ffffff;\">Esto nos ha permitido encontrar soluciones t\u00e9cnicas y desarrollar nuestra gama de productos. Los primeros a\u00f1os de este siglo vieron a nuestra marca ganar grandes t\u00edtulos (campe\u00f3n mundial del FIA GT varias veces, campe\u00f3n de ALMS en m\u00faltiples ocasiones, etc.), y conseguir victorias de gran prestigio (ganador de las 24 Horas de Spa-Francorchamps varias veces, ganador de las 1000 Millas de Sao Paulo, etc.).<\/span><\/p>\n<p><span style=\"color: #ffffff;\">Esas victorias muestran lo dedicados que somos y el talento que tenemos entre todos. As\u00ed como lo especializadas que pueden ser nuestras soluciones en t\u00e9rminos de rendimiento y resistencia.<\/span><\/p>\n<p><span style=\"color: #ffffff;\">Porque nuestras victorias son sus garant\u00edas.<br \/>\n<\/span>[\/vc_column_text]\t\t<\/div>\n\t<\/div>\n<\/div><\/div>[\/vc_column_inner][\/vc_row_inner][vc_row_inner content_placement=\u00bbmiddle\u00bb row_content_width=\u00bbgrid\u00bb][vc_column_inner width=\u00bb1\/6&#8243;]<div class=\"eltd-elements-holder   eltd-one-column  eltd-responsive-mode-768 \" ><div class=\"eltd-eh-item   eltd-horizontal-alignment-center eltd-element-from-fade \"  data-item-class=\"eltd-eh-custom-2407\" data-animation=\"eltd-element-from-fade\">\n\t<div class=\"eltd-eh-item-inner\">\n\t\t<div class=\"eltd-eh-item-content eltd-eh-custom-2407\" style=\"padding: 20px 0px 20px 0px\">\n\t\t\t<div class=\"eltd-section-title-holder  eltd-st-standard eltd-st-title-left eltd-st-normal-space \" style=\"text-align: center\">\n\t<div class=\"eltd-st-inner\">\n\t\t\t\t\t<h4 class=\"eltd-st-title\" style=\"color: #ee3124\">\n\t\t\t\tHOY\t\t\t<\/h4>\n\t\t\t\t\t<\/div>\n<\/div><div class=\"eltd-separator-holder clearfix  eltd-separator-center \">\n\t<div class=\"eltd-separator\" style=\"border-color: #ee3124;width: 44px;border-bottom-width: 5px;margin-top: 15px;margin-bottom: 15px\"><\/div>\n<\/div>\n\t\t<\/div>\n\t<\/div>\n<\/div><\/div>[\/vc_column_inner][vc_column_inner width=\u00bb1\/12&#8243; offset=\u00bbvc_hidden-xs\u00bb][vc_single_image image=\u00bb46300&#8243; img_size=\u00bbmedium\u00bb alignment=\u00bbcenter\u00bb css_animation=\u00bbfadeIn\u00bb][\/vc_column_inner][vc_column_inner width=\u00bb3\/4&#8243;]<div class=\"eltd-elements-holder   eltd-one-column  eltd-responsive-mode-768 \" ><div class=\"eltd-eh-item    eltd-element-from-fade \"  data-item-class=\"eltd-eh-custom-8609\" data-animation=\"eltd-element-from-fade\">\n\t<div class=\"eltd-eh-item-inner\">\n\t\t<div class=\"eltd-eh-item-content eltd-eh-custom-8609\" >\n\t\t\t<div class=\"eltd-section-title-holder  eltd-st-standard eltd-st-title-left eltd-st-normal-space \" >\n\t<div class=\"eltd-st-inner\">\n\t\t\t\t\t<h3 class=\"eltd-st-title\" style=\"color: #999999\">\n\t\t\t\tKENNOL CRECE CADA VEZ M\u00c1S\t\t\t<\/h3>\n\t\t\t\t\t<\/div>\n<\/div>[vc_column_text]<span style=\"color: #ffffff; font-size: large; font-weight: bold;\">Nuestro \u00e9xito brilla hoy m\u00e1s que nunca.<\/span><\/p>\n<p><span style=\"color: #ffffff;\">Nueva identidad y nuevo logotipo, una gama de productos amplia, servicios totalmente eficaces, etc. Cada paso que damos grita \u00abrendimiento\u00bb.<\/span><\/p>\n<p><span style=\"color: #ffffff;\">Nos gusta so\u00f1ar con mejores veh\u00edculos y productos. Y la mayor\u00eda de las veces, hacemos estos sue\u00f1os realidad.<\/span><\/p>\n<p><span style=\"color: #ffffff;\">Hoy, nuestros socios en la industria y en la pista comparten la misma pasi\u00f3n. Esta es la forma en que construimos esta marca y en la que crecemos hacia nuevos mercados. <\/span>[\/vc_column_text]\t\t<\/div>\n\t<\/div>\n<\/div><\/div>[\/vc_column_inner][\/vc_row_inner][vc_row_inner content_placement=\u00bbmiddle\u00bb row_content_width=\u00bbgrid\u00bb][vc_column_inner width=\u00bb1\/6&#8243;]<div class=\"eltd-elements-holder   eltd-one-column  eltd-responsive-mode-768 \" ><div class=\"eltd-eh-item   eltd-horizontal-alignment-center eltd-element-from-fade \"  data-item-class=\"eltd-eh-custom-5836\" data-animation=\"eltd-element-from-fade\">\n\t<div class=\"eltd-eh-item-inner\">\n\t\t<div class=\"eltd-eh-item-content eltd-eh-custom-5836\" style=\"padding: 20px 0px 20px 0px\">\n\t\t\t<div class=\"eltd-section-title-holder  eltd-st-standard eltd-st-title-left eltd-st-normal-space \" style=\"text-align: center\">\n\t<div class=\"eltd-st-inner\">\n\t\t\t\t\t<h4 class=\"eltd-st-title\" style=\"color: #ee3124\">\n\t\t\t\tMA\u00d1ANA\t\t\t<\/h4>\n\t\t\t\t\t<\/div>\n<\/div><div class=\"eltd-separator-holder clearfix  eltd-separator-center \">\n\t<div class=\"eltd-separator\" style=\"border-color: #ee3124;width: 44px;border-bottom-width: 5px;margin-top: 15px;margin-bottom: 15px\"><\/div>\n<\/div>\n\t\t<\/div>\n\t<\/div>\n<\/div><\/div>[\/vc_column_inner][vc_column_inner width=\u00bb1\/12&#8243; offset=\u00bbvc_hidden-xs\u00bb][vc_single_image image=\u00bb46300&#8243; img_size=\u00bbmedium\u00bb alignment=\u00bbcenter\u00bb css_animation=\u00bbfadeIn\u00bb][\/vc_column_inner][vc_column_inner width=\u00bb3\/4&#8243;]<div class=\"eltd-elements-holder   eltd-one-column  eltd-responsive-mode-768 \" ><div class=\"eltd-eh-item    eltd-element-from-fade \"  data-item-class=\"eltd-eh-custom-4167\" data-animation=\"eltd-element-from-fade\">\n\t<div class=\"eltd-eh-item-inner\">\n\t\t<div class=\"eltd-eh-item-content eltd-eh-custom-4167\" >\n\t\t\t<div class=\"eltd-section-title-holder  eltd-st-standard eltd-st-title-left eltd-st-normal-space \" >\n\t<div class=\"eltd-st-inner\">\n\t\t\t\t\t<h3 class=\"eltd-st-title\" style=\"color: #999999\">\n\t\t\t\tSIEMPRE ESTAMOS TRAMANDO ALGO\t\t\t<\/h3>\n\t\t\t\t\t<\/div>\n<\/div>[vc_column_text]<span style=\"color: #ffffff; font-size: large; font-weight: bold;\">KENNOL contin\u00faa creando, dise\u00f1ando, probando e innovando.<\/span><\/p>\n<p><span style=\"color: #ffffff;\">Lo llevamos en los genes. Cada una de nuestras nuevas asociaciones en las carreras nos lleva a plantearnos nuevos retos y, consecuentemente, a crear nuevas soluciones. <\/span><\/p>\n<p><span style=\"color: #ffffff;\">Y como ya sabe, aqu\u00ed en KENNOL nuevas soluciones traen consigo nuevos productos. <\/span><\/p>\n<p><span style=\"color: #ffffff;\">As\u00ed que, \u00a1espere lo inesperado! <\/span><br \/>\n<span style=\"color: #ffffff;\">Pronto.<\/span>[\/vc_column_text]\t\t<\/div>\n\t<\/div>\n<\/div><\/div>[\/vc_column_inner][\/vc_row_inner][\/vc_column][\/vc_row]<\/p>\n<\/div>","protected":false},"excerpt":{"rendered":"<p>[vc_row full_width=\u00bbstretch_row\u00bb disable_background_image=\u00bb\u00bb content_text_aligment=\u00bbleft\u00bb simple_background_color=\u00bb#ee3124&#8243; simple_background_image=\u00bb7083&#8243;][vc_column offset=\u00bbvc_hidden-lg vc_hidden-md\u00bb][\/vc_column][\/vc_row][vc_row full_width=\u00bbstretch_row\u00bb disable_background_image=\u00bb\u00bb content_text_aligment=\u00bbleft\u00bb simple_background_color=\u00bb#ee3124&#8243; simple_background_image=\u00bb8855&#8243; css=\u00bb.vc_custom_1534850862308{background-image: url(\/wp-content\/uploads\/2018\/06\/News_PERFORMANCE_bandeau.png?id=8855) !important;background-position: center !important;background-repeat: no-repeat !important;background-size: cover !important;}\u00bb][vc_column offset=\u00bbvc_hidden-sm vc_hidden-xs\u00bb css=\u00bb.vc_custom_1533899873236{padding-top: 120px !important;padding-bottom: 40px !important;}\u00bb][vc_column_text] Historia [\/vc_column_text][\/vc_column][\/vc_row][vc_row full_width=\u00bbstretch_row_content_no_spaces\u00bb content_placement=\u00bbtop\u00bb parallax=\u00bbcontent-moving\u00bb parallax_image=\u00bb48954&#8243; css=\u00bb.vc_custom_1639643778179{padding-bottom: 30px !important;}\u00bb][vc_column][vc_row_inner content_placement=\u00bbmiddle\u00bb row_content_width=\u00bbgrid\u00bb][vc_column_inner width=\u00bb1\/6&#8243;][\/vc_column_inner][vc_column_inner width=\u00bb1\/12&#8243; offset=\u00bbvc_hidden-xs\u00bb][vc_single_image image=\u00bb46300&#8243; img_size=\u00bbmedium\u00bb alignment=\u00bbcenter\u00bb css_animation=\u00bbfadeIn\u00bb][\/vc_column_inner][vc_column_inner width=\u00bb3\/4&#8243;][\/vc_column_inner][\/vc_row_inner][vc_row_inner content_placement=\u00bbmiddle\u00bb row_content_width=\u00bbgrid\u00bb][vc_column_inner width=\u00bb1\/6&#8243;][\/vc_column_inner][vc_column_inner width=\u00bb1\/12&#8243; offset=\u00bbvc_hidden-xs\u00bb][vc_single_image image=\u00bb46300&#8243; img_size=\u00bbmedium\u00bb [&hellip;]<\/p>\n","protected":false},"author":2,"featured_media":0,"parent":33766,"menu_order":0,"comment_status":"closed","ping_status":"closed","template":"","meta":{"_monsterinsights_skip_tracking":false,"_monsterinsights_sitenote_active":false,"_monsterinsights_sitenote_note":"","_monsterinsights_sitenote_category":0,"footnotes":""},"simple-restrict-permission":[],"class_list":["post-33775","page","type-page","status-publish","hentry"],"yoast_head":"<!-- This site is optimized with the Yoast SEO plugin v27.5 - https:\/\/yoast.com\/product\/yoast-seo-wordpress\/ -->\n<title>Historia | KENNOL - Performance Oil<\/title>\n<meta name=\"description\" content=\"Una marca como KENNOL necesita una s\u00f3lida formaci\u00f3n para forjar el camino de su historia. \u00bfY con qu\u00e9 mejor trayectoria podr\u00edamos so\u00f1ar que ganar las 24h de Le Mans?\" \/>\n<meta name=\"robots\" content=\"index, follow, max-snippet:-1, max-image-preview:large, max-video-preview:-1\" \/>\n<link rel=\"canonical\" href=\"https:\/\/kennol.com\/es\/la-marca\/historia\/\" \/>\n<meta property=\"og:locale\" content=\"es_ES\" \/>\n<meta property=\"og:type\" content=\"article\" \/>\n<meta property=\"og:title\" content=\"Historia | KENNOL - Performance Oil\" \/>\n<meta property=\"og:description\" content=\"Una marca como KENNOL necesita una s\u00f3lida formaci\u00f3n para forjar el camino de su historia. \u00bfY con qu\u00e9 mejor trayectoria podr\u00edamos so\u00f1ar que ganar las 24h de Le Mans?\" \/>\n<meta property=\"og:url\" content=\"https:\/\/kennol.com\/es\/la-marca\/historia\/\" \/>\n<meta property=\"og:site_name\" content=\"KENNOL\" \/>\n<meta property=\"article:modified_time\" content=\"2021-12-16T08:37:17+00:00\" \/>\n<meta name=\"twitter:card\" content=\"summary_large_image\" \/>\n<meta name=\"twitter:label1\" content=\"Tiempo de lectura\" \/>\n\t<meta name=\"twitter:data1\" content=\"6 minutos\" \/>\n<script type=\"application\/ld+json\" class=\"yoast-schema-graph\">{\"@context\":\"https:\\\/\\\/schema.org\",\"@graph\":[{\"@type\":\"WebPage\",\"@id\":\"https:\\\/\\\/kennol.com\\\/es\\\/la-marca\\\/historia\\\/\",\"url\":\"https:\\\/\\\/kennol.com\\\/es\\\/la-marca\\\/historia\\\/\",\"name\":\"Historia | KENNOL - Performance Oil\",\"isPartOf\":{\"@id\":\"https:\\\/\\\/kennol.com\\\/es\\\/#website\"},\"datePublished\":\"2020-04-30T08:52:48+00:00\",\"dateModified\":\"2021-12-16T08:37:17+00:00\",\"description\":\"Una marca como KENNOL necesita una s\u00f3lida formaci\u00f3n para forjar el camino de su historia. \u00bfY con qu\u00e9 mejor trayectoria podr\u00edamos so\u00f1ar que ganar las 24h de Le Mans?\",\"breadcrumb\":{\"@id\":\"https:\\\/\\\/kennol.com\\\/es\\\/la-marca\\\/historia\\\/#breadcrumb\"},\"inLanguage\":\"es\",\"potentialAction\":[{\"@type\":\"ReadAction\",\"target\":[\"https:\\\/\\\/kennol.com\\\/es\\\/la-marca\\\/historia\\\/\"]}]},{\"@type\":\"BreadcrumbList\",\"@id\":\"https:\\\/\\\/kennol.com\\\/es\\\/la-marca\\\/historia\\\/#breadcrumb\",\"itemListElement\":[{\"@type\":\"ListItem\",\"position\":1,\"name\":\"LA MARCA\",\"item\":\"https:\\\/\\\/kennol.com\\\/es\\\/la-marca\\\/\"},{\"@type\":\"ListItem\",\"position\":2,\"name\":\"Historia\"}]},{\"@type\":\"WebSite\",\"@id\":\"https:\\\/\\\/kennol.com\\\/es\\\/#website\",\"url\":\"https:\\\/\\\/kennol.com\\\/es\\\/\",\"name\":\"KENNOL\",\"description\":\"Performance Oil\",\"publisher\":{\"@id\":\"https:\\\/\\\/kennol.com\\\/es\\\/#organization\"},\"potentialAction\":[{\"@type\":\"SearchAction\",\"target\":{\"@type\":\"EntryPoint\",\"urlTemplate\":\"https:\\\/\\\/kennol.com\\\/es\\\/?s={search_term_string}\"},\"query-input\":{\"@type\":\"PropertyValueSpecification\",\"valueRequired\":true,\"valueName\":\"search_term_string\"}}],\"inLanguage\":\"es\"},{\"@type\":\"Organization\",\"@id\":\"https:\\\/\\\/kennol.com\\\/es\\\/#organization\",\"name\":\"PPO\",\"url\":\"https:\\\/\\\/kennol.com\\\/es\\\/\",\"logo\":{\"@type\":\"ImageObject\",\"inLanguage\":\"es\",\"@id\":\"https:\\\/\\\/kennol.com\\\/es\\\/#\\\/schema\\\/logo\\\/image\\\/\",\"url\":\"https:\\\/\\\/kennol.com\\\/wp-content\\\/uploads\\\/2018\\\/01\\\/KENNOL_logo_header.png\",\"contentUrl\":\"https:\\\/\\\/kennol.com\\\/wp-content\\\/uploads\\\/2018\\\/01\\\/KENNOL_logo_header.png\",\"width\":400,\"height\":140,\"caption\":\"PPO\"},\"image\":{\"@id\":\"https:\\\/\\\/kennol.com\\\/es\\\/#\\\/schema\\\/logo\\\/image\\\/\"}}]}<\/script>\n<!-- \/ Yoast SEO plugin. -->","yoast_head_json":{"title":"Historia | KENNOL - Performance Oil","description":"Una marca como KENNOL necesita una s\u00f3lida formaci\u00f3n para forjar el camino de su historia. \u00bfY con qu\u00e9 mejor trayectoria podr\u00edamos so\u00f1ar que ganar las 24h de Le Mans?","robots":{"index":"index","follow":"follow","max-snippet":"max-snippet:-1","max-image-preview":"max-image-preview:large","max-video-preview":"max-video-preview:-1"},"canonical":"https:\/\/kennol.com\/es\/la-marca\/historia\/","og_locale":"es_ES","og_type":"article","og_title":"Historia | KENNOL - Performance Oil","og_description":"Una marca como KENNOL necesita una s\u00f3lida formaci\u00f3n para forjar el camino de su historia. \u00bfY con qu\u00e9 mejor trayectoria podr\u00edamos so\u00f1ar que ganar las 24h de Le Mans?","og_url":"https:\/\/kennol.com\/es\/la-marca\/historia\/","og_site_name":"KENNOL","article_modified_time":"2021-12-16T08:37:17+00:00","twitter_card":"summary_large_image","twitter_misc":{"Tiempo de lectura":"6 minutos"},"schema":{"@context":"https:\/\/schema.org","@graph":[{"@type":"WebPage","@id":"https:\/\/kennol.com\/es\/la-marca\/historia\/","url":"https:\/\/kennol.com\/es\/la-marca\/historia\/","name":"Historia | KENNOL - Performance Oil","isPartOf":{"@id":"https:\/\/kennol.com\/es\/#website"},"datePublished":"2020-04-30T08:52:48+00:00","dateModified":"2021-12-16T08:37:17+00:00","description":"Una marca como KENNOL necesita una s\u00f3lida formaci\u00f3n para forjar el camino de su historia. \u00bfY con qu\u00e9 mejor trayectoria podr\u00edamos so\u00f1ar que ganar las 24h de Le Mans?","breadcrumb":{"@id":"https:\/\/kennol.com\/es\/la-marca\/historia\/#breadcrumb"},"inLanguage":"es","potentialAction":[{"@type":"ReadAction","target":["https:\/\/kennol.com\/es\/la-marca\/historia\/"]}]},{"@type":"BreadcrumbList","@id":"https:\/\/kennol.com\/es\/la-marca\/historia\/#breadcrumb","itemListElement":[{"@type":"ListItem","position":1,"name":"LA MARCA","item":"https:\/\/kennol.com\/es\/la-marca\/"},{"@type":"ListItem","position":2,"name":"Historia"}]},{"@type":"WebSite","@id":"https:\/\/kennol.com\/es\/#website","url":"https:\/\/kennol.com\/es\/","name":"KENNOL","description":"Performance Oil","publisher":{"@id":"https:\/\/kennol.com\/es\/#organization"},"potentialAction":[{"@type":"SearchAction","target":{"@type":"EntryPoint","urlTemplate":"https:\/\/kennol.com\/es\/?s={search_term_string}"},"query-input":{"@type":"PropertyValueSpecification","valueRequired":true,"valueName":"search_term_string"}}],"inLanguage":"es"},{"@type":"Organization","@id":"https:\/\/kennol.com\/es\/#organization","name":"PPO","url":"https:\/\/kennol.com\/es\/","logo":{"@type":"ImageObject","inLanguage":"es","@id":"https:\/\/kennol.com\/es\/#\/schema\/logo\/image\/","url":"https:\/\/kennol.com\/wp-content\/uploads\/2018\/01\/KENNOL_logo_header.png","contentUrl":"https:\/\/kennol.com\/wp-content\/uploads\/2018\/01\/KENNOL_logo_header.png","width":400,"height":140,"caption":"PPO"},"image":{"@id":"https:\/\/kennol.com\/es\/#\/schema\/logo\/image\/"}}]}},"_links":{"self":[{"href":"https:\/\/kennol.com\/es\/wp-json\/wp\/v2\/pages\/33775","targetHints":{"allow":["GET"]}}],"collection":[{"href":"https:\/\/kennol.com\/es\/wp-json\/wp\/v2\/pages"}],"about":[{"href":"https:\/\/kennol.com\/es\/wp-json\/wp\/v2\/types\/page"}],"author":[{"embeddable":true,"href":"https:\/\/kennol.com\/es\/wp-json\/wp\/v2\/users\/2"}],"replies":[{"embeddable":true,"href":"https:\/\/kennol.com\/es\/wp-json\/wp\/v2\/comments?post=33775"}],"version-history":[{"count":10,"href":"https:\/\/kennol.com\/es\/wp-json\/wp\/v2\/pages\/33775\/revisions"}],"predecessor-version":[{"id":49015,"href":"https:\/\/kennol.com\/es\/wp-json\/wp\/v2\/pages\/33775\/revisions\/49015"}],"up":[{"embeddable":true,"href":"https:\/\/kennol.com\/es\/wp-json\/wp\/v2\/pages\/33766"}],"wp:attachment":[{"href":"https:\/\/kennol.com\/es\/wp-json\/wp\/v2\/media?parent=33775"}],"wp:term":[{"taxonomy":"simple-restrict-permission","embeddable":true,"href":"https:\/\/kennol.com\/es\/wp-json\/wp\/v2\/simple-restrict-permission?post=33775"}],"curies":[{"name":"wp","href":"https:\/\/api.w.org\/{rel}","templated":true}]}}