{"id":33730,"date":"2020-04-29T12:27:32","date_gmt":"2020-04-29T12:27:32","guid":{"rendered":"https:\/\/kennol.com\/terminos-de-servicio\/"},"modified":"2021-08-27T12:20:15","modified_gmt":"2021-08-27T10:20:15","slug":"terminos-de-servicio","status":"publish","type":"page","link":"https:\/\/kennol.com\/es\/terminos-de-servicio\/","title":{"rendered":"T\u00e9rminos de servicio"},"content":{"rendered":"<div class=\"wpb-content-wrapper\"><p>[vc_row full_width=\u00bbstretch_row\u00bb disable_background_image=\u00bb\u00bb simple_background_color=\u00bb#ee3124&#8243; simple_background_image=\u00bb7083&#8243;][vc_column offset=\u00bbvc_hidden-lg vc_hidden-md\u00bb]<div class=\"eltd-section-title-holder  eltd-st-standard eltd-st-title-left eltd-st-normal-space \" >\n\t<div class=\"eltd-st-inner\">\n\t\t\t\t\t<h4 class=\"eltd-st-title\" style=\"color: #000000\">\n\t\t\t\tT\u00c9RMINOS DE SERVICIO\t\t\t<\/h4>\n\t\t\t\t\t<\/div>\n<\/div>[\/vc_column][\/vc_row][vc_row full_width=\u00bbstretch_row\u00bb disable_background_image=\u00bb\u00bb css=\u00bb.vc_custom_1534858881195{background-image: url(\/wp-content\/uploads\/2018\/06\/News_PERFORMANCE_bandeau.png?id=8855) !important;background-position: center !important;background-repeat: no-repeat !important;background-size: cover !important;}\u00bb simple_background_color=\u00bb#ee3124&#8243; simple_background_image=\u00bb8855&#8243;][vc_column css=\u00bb.vc_custom_1534858905473{padding-top: 120px !important;padding-bottom: 40px !important;}\u00bb offset=\u00bbvc_hidden-sm vc_hidden-xs\u00bb][vc_column_text]<\/p>\n<h1><span style=\"color: #000000; font-size: larger;\">T\u00c9RMINOS DE SERVICIO <\/span><\/h1>\n<p>[\/vc_column_text][\/vc_column][\/vc_row][vc_row full_width=\u00bbstretch_row\u00bb parallax=\u00bbcontent-moving\u00bb parallax_image=\u00bb12602&#8243; anchor=\u00bbstore\u00bb][vc_column][vc_column_text]<\/p>\n<h4 style=\"color: #ee3124;\">T\u00e9rminos<\/h4>\n<p>[\/vc_column_text][vc_column_text css=\u00bb.vc_custom_1588163367941{padding-right: 40px !important;padding-bottom: 30px !important;padding-left: 40px !important;}\u00bb]Al acceder a la p\u00e1gina web de <a href=\"https:\/\/kennol.com\">kennol.com<\/a>, usted acepta estar sujeto a estas condiciones de servicio, a todas las leyes y regulaciones aplicables y acepta que es responsable del cumplimiento de cualquier ley local aplicable. Si no est\u00e1 de acuerdo con alguno de estos t\u00e9rminos, se le proh\u00edbe usar o acceder a este sitio. Los materiales contenidos en este sitio web est\u00e1n protegidos por la ley de derechos de autor y la ley de marcas registradas aplicables.<\/p>\n<p>[\/vc_column_text][vc_column_text]<\/p>\n<h4 style=\"color: #ee3124;\">Licencia de uso<\/h4>\n<p>[\/vc_column_text][vc_column_text css=\u00bb.vc_custom_1588164719151{padding-right: 40px !important;padding-bottom: 30px !important;padding-left: 40px !important;}\u00bb]Se le concede un permiso para descargar temporalmente una copia de los materiales (informaci\u00f3n o software) del sitio web de Produits P\u00e9troliers Organisation (la Organizaci\u00f3n de Productos Petroleros) solamente para su visualizaci\u00f3n personal y transitoria no comercial. Esto es la concesi\u00f3n de una licencia, y no una transferencia de t\u00edtulo y bajo esta licencia no se le permite:<\/p>\n<p>I \u2022 \u2022 modificar o copiar los materiales;<\/p>\n<p>II \u2022 utilizar los materiales para cualquier prop\u00f3sito comercial, o para cualquier exhibici\u00f3n p\u00fablica (comercial o no comercial);<\/p>\n<p>III \u2022 intentar descompilar o realizar actos de ingenier\u00eda reversa de cualquier software contenido en el sitio web de Produits P\u00e9troliers Organisation;<\/p>\n<p>IV \u2022 eliminar cualquier derecho de autor u otras anotaciones de propiedad de los materiales; o<\/p>\n<p>V \u2022 transferir los materiales a otra persona o \u00abreproducir\u00bb los materiales en cualquier otro servidor<\/p>\n<p>La presente licencia concluir\u00e1 autom\u00e1ticamente si usted viola alguna de estas restricciones y podr\u00e1 anularse por Produits P\u00e9troliers Organisation en cualquier momento.Al concluir la visualizaci\u00f3n de estos materiales o al finalizar esta licencia, debe destruir cualquier material descargado en su posesi\u00f3n, ya sea en formato electr\u00f3nico o impreso.<br \/>\n[\/vc_column_text][vc_column_text]<\/p>\n<h4 style=\"color: #ee3124;\">Aviso legal<\/h4>\n<p>[\/vc_column_text][vc_column_text css=\u00bb.vc_custom_1588164831363{padding-right: 40px !important;padding-bottom: 30px !important;padding-left: 40px !important;}\u00bb]El material de la p\u00e1gina web de Produits P\u00e9troliers Organisation se proporcionan \u00aben el estado en el que se encuentran\u00bb.<br \/>\nProduits P\u00e9troliers Organisation no otorga ninguna garant\u00eda, expresa o impl\u00edcita, y por la presente renuncia y niega todas las dem\u00e1s garant\u00edas, incluidas, entre otras, las garant\u00edas o condiciones impl\u00edcitas de comerciabilidad, idoneidad para un fin determinado o no infracci\u00f3n de la propiedad intelectual u otra violaci\u00f3n de derechos.<\/p>\n<p>Adem\u00e1s, Produits P\u00e9troliers Organisation no garantiza ni hace ninguna declaraci\u00f3n sobre la exactitud, los resultados probables o la fiabilidad de la utilizaci\u00f3n de los materiales de su sitio web o, de lo contrario, relacionados con dichos materiales o con cualquier sitio web vinculado a este sitio.<br \/>\n[\/vc_column_text][vc_column_text]<\/p>\n<h4 style=\"color: #ee3124;\">Limitaciones<\/h4>\n<p>[\/vc_column_text][vc_column_text css=\u00bb.vc_custom_1588164886472{padding-right: 40px !important;padding-bottom: 30px !important;padding-left: 40px !important;}\u00bb]En ning\u00fan caso Produits P\u00e9troliers Organisation o sus proveedores ser\u00e1n responsables de ning\u00fan da\u00f1o (incluidos, entre otros, los da\u00f1os por p\u00e9rdida de datos o de beneficios, o la p\u00e9rdida por causa de la interrupci\u00f3n de la actividad comercial) que surjan del uso o de la incapacidad de uso de los materiales del sitio web de Produits P\u00e9troliers Organisation, incluso si Produits P\u00e9troliers Organisation o un representante autorizado de Produits P\u00e9troliers Organisation ha sido notificado verbalmente o por escrito de la posibilidad de tales da\u00f1os. Debido a que algunas jurisdicciones no permiten limitaciones en las garant\u00edas impl\u00edcitas, o limitaciones de responsabilidad por da\u00f1os consecuentes o incidentales, puede que estas limitaciones no se apliquen a usted.<\/p>\n<p>[\/vc_column_text][vc_column_text]<\/p>\n<h4 style=\"color: #ee3124;\">Precisi\u00f3n de los materiales<\/h4>\n<p>[\/vc_column_text][vc_column_text css=\u00bb.vc_custom_1588164971898{padding-right: 40px !important;padding-bottom: 30px !important;padding-left: 40px !important;}\u00bb]El material que aparece en el sitio web de Produits P\u00e9troliers Organisation puede incluir errores t\u00e9cnicos, tipogr\u00e1ficos o fotogr\u00e1ficos. Produits P\u00e9troliers Organisation no garantiza que ninguno de los materiales de su sitio web sean exactos, completos o actuales. Produits P\u00e9troliers Organisation puede hacer cambios en los materiales contenidos en su sitio web en cualquier momento sin previo aviso. Sin embargo, Produits P\u00e9troliers Organisation no se compromete a actualizar los materiales.<br \/>\n[\/vc_column_text][vc_column_text]<\/p>\n<h4 style=\"color: #ee3124;\">Enlaces<\/h4>\n<p>[\/vc_column_text][vc_column_text css=\u00bb.vc_custom_1588164994897{padding-right: 40px !important;padding-bottom: 30px !important;padding-left: 40px !important;}\u00bb]Produits P\u00e9troliers Organisation no ha revisado todos los sitios vinculados a su sitio web y no es responsable del contenido de ninguno de ellos.<br \/>\nLa inclusi\u00f3n de cualquier enlace no implica la aprobaci\u00f3n del sitio por parte de Produits P\u00e9troliers Organisation.<br \/>\nEl uso de cualquiera de esos sitios web vinculados corre a riesgo del usuario.<br \/>\n[\/vc_column_text][vc_column_text]<\/p>\n<h4 style=\"color: #ee3124;\">Modificaciones<\/h4>\n<p>[\/vc_column_text][vc_column_text css=\u00bb.vc_custom_1588165012549{padding-right: 40px !important;padding-bottom: 30px !important;padding-left: 40px !important;}\u00bb]Produits P\u00e9troliers Organisation puede revisar estos t\u00e9rminos de servicio para su sitio web en cualquier momento sin previo aviso.<br \/>\nAl utilizar este sitio web, usted acepta estar sujeto a la versi\u00f3n vigente de estos t\u00e9rminos de servicio.<br \/>\n[\/vc_column_text][vc_column_text]<\/p>\n<h4 style=\"color: #ee3124;\">Legislaci\u00f3n aplicable<\/h4>\n<p>[\/vc_column_text][vc_column_text css=\u00bb.vc_custom_1588165040602{padding-right: 40px !important;padding-bottom: 30px !important;padding-left: 40px !important;}\u00bb]Los presentes t\u00e9rminos y condiciones se rigen e interpretan conforme a las leyes de Francia y usted se somete irrevocablemente a la jurisdicci\u00f3n exclusiva de los tribunales de este estado o ubicaci\u00f3n.<br \/>\n[\/vc_column_text][\/vc_column][\/vc_row]<\/p>\n<\/div>","protected":false},"excerpt":{"rendered":"<p>[vc_row full_width=\u00bbstretch_row\u00bb disable_background_image=\u00bb\u00bb simple_background_color=\u00bb#ee3124&#8243; simple_background_image=\u00bb7083&#8243;][vc_column offset=\u00bbvc_hidden-lg vc_hidden-md\u00bb][\/vc_column][\/vc_row][vc_row full_width=\u00bbstretch_row\u00bb disable_background_image=\u00bb\u00bb css=\u00bb.vc_custom_1534858881195{background-image: url(\/wp-content\/uploads\/2018\/06\/News_PERFORMANCE_bandeau.png?id=8855) !important;background-position: center !important;background-repeat: no-repeat !important;background-size: cover !important;}\u00bb simple_background_color=\u00bb#ee3124&#8243; simple_background_image=\u00bb8855&#8243;][vc_column css=\u00bb.vc_custom_1534858905473{padding-top: 120px !important;padding-bottom: 40px !important;}\u00bb offset=\u00bbvc_hidden-sm vc_hidden-xs\u00bb][vc_column_text] T\u00c9RMINOS DE SERVICIO [\/vc_column_text][\/vc_column][\/vc_row][vc_row full_width=\u00bbstretch_row\u00bb parallax=\u00bbcontent-moving\u00bb parallax_image=\u00bb12602&#8243; anchor=\u00bbstore\u00bb][vc_column][vc_column_text] T\u00e9rminos [\/vc_column_text][vc_column_text css=\u00bb.vc_custom_1588163367941{padding-right: 40px !important;padding-bottom: 30px !important;padding-left: 40px !important;}\u00bb]Al acceder a la p\u00e1gina web de kennol.com, usted acepta estar sujeto [&hellip;]<\/p>\n","protected":false},"author":2,"featured_media":0,"parent":0,"menu_order":0,"comment_status":"closed","ping_status":"closed","template":"","meta":{"_monsterinsights_skip_tracking":false,"_monsterinsights_sitenote_active":false,"_monsterinsights_sitenote_note":"","_monsterinsights_sitenote_category":0,"footnotes":""},"simple-restrict-permission":[],"class_list":["post-33730","page","type-page","status-publish","hentry"],"yoast_head":"<!-- This site is optimized with the Yoast SEO plugin v27.5 - https:\/\/yoast.com\/product\/yoast-seo-wordpress\/ -->\n<title>T\u00e9rminos de servicio | KENNOL - Performance Oil<\/title>\n<meta name=\"robots\" content=\"index, follow, max-snippet:-1, max-image-preview:large, max-video-preview:-1\" \/>\n<link rel=\"canonical\" href=\"https:\/\/kennol.com\/es\/terminos-de-servicio\/\" \/>\n<meta property=\"og:locale\" content=\"es_ES\" \/>\n<meta property=\"og:type\" content=\"article\" \/>\n<meta property=\"og:title\" content=\"T\u00e9rminos de servicio | KENNOL - Performance Oil\" \/>\n<meta property=\"og:description\" content=\"[vc_row full_width=\u00bbstretch_row\u00bb disable_background_image=\u00bb\u00bb simple_background_color=\u00bb#ee3124&#8243; simple_background_image=\u00bb7083&#8243;][vc_column offset=\u00bbvc_hidden-lg vc_hidden-md\u00bb][\/vc_column][\/vc_row][vc_row full_width=\u00bbstretch_row\u00bb disable_background_image=\u00bb\u00bb css=\u00bb.vc_custom_1534858881195{background-image: url(\/wp-content\/uploads\/2018\/06\/News_PERFORMANCE_bandeau.png?id=8855) !important;background-position: center !important;background-repeat: no-repeat !important;background-size: cover !important;}\u00bb simple_background_color=\u00bb#ee3124&#8243; simple_background_image=\u00bb8855&#8243;][vc_column css=\u00bb.vc_custom_1534858905473{padding-top: 120px !important;padding-bottom: 40px !important;}\u00bb offset=\u00bbvc_hidden-sm vc_hidden-xs\u00bb][vc_column_text] T\u00c9RMINOS DE SERVICIO [\/vc_column_text][\/vc_column][\/vc_row][vc_row full_width=\u00bbstretch_row\u00bb parallax=\u00bbcontent-moving\u00bb parallax_image=\u00bb12602&#8243; anchor=\u00bbstore\u00bb][vc_column][vc_column_text] T\u00e9rminos [\/vc_column_text][vc_column_text css=\u00bb.vc_custom_1588163367941{padding-right: 40px !important;padding-bottom: 30px !important;padding-left: 40px !important;}\u00bb]Al acceder a la p\u00e1gina web de kennol.com, usted acepta estar sujeto [&hellip;]\" \/>\n<meta property=\"og:url\" content=\"https:\/\/kennol.com\/es\/terminos-de-servicio\/\" \/>\n<meta property=\"og:site_name\" content=\"KENNOL\" \/>\n<meta property=\"article:modified_time\" content=\"2021-08-27T10:20:15+00:00\" \/>\n<meta name=\"twitter:card\" content=\"summary_large_image\" \/>\n<meta name=\"twitter:label1\" content=\"Tiempo de lectura\" \/>\n\t<meta name=\"twitter:data1\" content=\"5 minutos\" \/>\n<script type=\"application\/ld+json\" class=\"yoast-schema-graph\">{\"@context\":\"https:\\\/\\\/schema.org\",\"@graph\":[{\"@type\":\"WebPage\",\"@id\":\"https:\\\/\\\/kennol.com\\\/es\\\/terminos-de-servicio\\\/\",\"url\":\"https:\\\/\\\/kennol.com\\\/es\\\/terminos-de-servicio\\\/\",\"name\":\"T\u00e9rminos de servicio | KENNOL - Performance Oil\",\"isPartOf\":{\"@id\":\"https:\\\/\\\/kennol.com\\\/es\\\/#website\"},\"datePublished\":\"2020-04-29T12:27:32+00:00\",\"dateModified\":\"2021-08-27T10:20:15+00:00\",\"inLanguage\":\"es\",\"potentialAction\":[{\"@type\":\"ReadAction\",\"target\":[\"https:\\\/\\\/kennol.com\\\/es\\\/terminos-de-servicio\\\/\"]}]},{\"@type\":\"WebSite\",\"@id\":\"https:\\\/\\\/kennol.com\\\/es\\\/#website\",\"url\":\"https:\\\/\\\/kennol.com\\\/es\\\/\",\"name\":\"KENNOL\",\"description\":\"Performance Oil\",\"publisher\":{\"@id\":\"https:\\\/\\\/kennol.com\\\/es\\\/#organization\"},\"potentialAction\":[{\"@type\":\"SearchAction\",\"target\":{\"@type\":\"EntryPoint\",\"urlTemplate\":\"https:\\\/\\\/kennol.com\\\/es\\\/?s={search_term_string}\"},\"query-input\":{\"@type\":\"PropertyValueSpecification\",\"valueRequired\":true,\"valueName\":\"search_term_string\"}}],\"inLanguage\":\"es\"},{\"@type\":\"Organization\",\"@id\":\"https:\\\/\\\/kennol.com\\\/es\\\/#organization\",\"name\":\"PPO\",\"url\":\"https:\\\/\\\/kennol.com\\\/es\\\/\",\"logo\":{\"@type\":\"ImageObject\",\"inLanguage\":\"es\",\"@id\":\"https:\\\/\\\/kennol.com\\\/es\\\/#\\\/schema\\\/logo\\\/image\\\/\",\"url\":\"https:\\\/\\\/kennol.com\\\/wp-content\\\/uploads\\\/2018\\\/01\\\/KENNOL_logo_header.png\",\"contentUrl\":\"https:\\\/\\\/kennol.com\\\/wp-content\\\/uploads\\\/2018\\\/01\\\/KENNOL_logo_header.png\",\"width\":400,\"height\":140,\"caption\":\"PPO\"},\"image\":{\"@id\":\"https:\\\/\\\/kennol.com\\\/es\\\/#\\\/schema\\\/logo\\\/image\\\/\"}}]}<\/script>\n<!-- \/ Yoast SEO plugin. -->","yoast_head_json":{"title":"T\u00e9rminos de servicio | KENNOL - Performance Oil","robots":{"index":"index","follow":"follow","max-snippet":"max-snippet:-1","max-image-preview":"max-image-preview:large","max-video-preview":"max-video-preview:-1"},"canonical":"https:\/\/kennol.com\/es\/terminos-de-servicio\/","og_locale":"es_ES","og_type":"article","og_title":"T\u00e9rminos de servicio | KENNOL - Performance Oil","og_description":"[vc_row full_width=\u00bbstretch_row\u00bb disable_background_image=\u00bb\u00bb simple_background_color=\u00bb#ee3124&#8243; simple_background_image=\u00bb7083&#8243;][vc_column offset=\u00bbvc_hidden-lg vc_hidden-md\u00bb][\/vc_column][\/vc_row][vc_row full_width=\u00bbstretch_row\u00bb disable_background_image=\u00bb\u00bb css=\u00bb.vc_custom_1534858881195{background-image: url(\/wp-content\/uploads\/2018\/06\/News_PERFORMANCE_bandeau.png?id=8855) !important;background-position: center !important;background-repeat: no-repeat !important;background-size: cover !important;}\u00bb simple_background_color=\u00bb#ee3124&#8243; simple_background_image=\u00bb8855&#8243;][vc_column css=\u00bb.vc_custom_1534858905473{padding-top: 120px !important;padding-bottom: 40px !important;}\u00bb offset=\u00bbvc_hidden-sm vc_hidden-xs\u00bb][vc_column_text] T\u00c9RMINOS DE SERVICIO [\/vc_column_text][\/vc_column][\/vc_row][vc_row full_width=\u00bbstretch_row\u00bb parallax=\u00bbcontent-moving\u00bb parallax_image=\u00bb12602&#8243; anchor=\u00bbstore\u00bb][vc_column][vc_column_text] T\u00e9rminos [\/vc_column_text][vc_column_text css=\u00bb.vc_custom_1588163367941{padding-right: 40px !important;padding-bottom: 30px !important;padding-left: 40px !important;}\u00bb]Al acceder a la p\u00e1gina web de kennol.com, usted acepta estar sujeto [&hellip;]","og_url":"https:\/\/kennol.com\/es\/terminos-de-servicio\/","og_site_name":"KENNOL","article_modified_time":"2021-08-27T10:20:15+00:00","twitter_card":"summary_large_image","twitter_misc":{"Tiempo de lectura":"5 minutos"},"schema":{"@context":"https:\/\/schema.org","@graph":[{"@type":"WebPage","@id":"https:\/\/kennol.com\/es\/terminos-de-servicio\/","url":"https:\/\/kennol.com\/es\/terminos-de-servicio\/","name":"T\u00e9rminos de servicio | KENNOL - Performance Oil","isPartOf":{"@id":"https:\/\/kennol.com\/es\/#website"},"datePublished":"2020-04-29T12:27:32+00:00","dateModified":"2021-08-27T10:20:15+00:00","inLanguage":"es","potentialAction":[{"@type":"ReadAction","target":["https:\/\/kennol.com\/es\/terminos-de-servicio\/"]}]},{"@type":"WebSite","@id":"https:\/\/kennol.com\/es\/#website","url":"https:\/\/kennol.com\/es\/","name":"KENNOL","description":"Performance Oil","publisher":{"@id":"https:\/\/kennol.com\/es\/#organization"},"potentialAction":[{"@type":"SearchAction","target":{"@type":"EntryPoint","urlTemplate":"https:\/\/kennol.com\/es\/?s={search_term_string}"},"query-input":{"@type":"PropertyValueSpecification","valueRequired":true,"valueName":"search_term_string"}}],"inLanguage":"es"},{"@type":"Organization","@id":"https:\/\/kennol.com\/es\/#organization","name":"PPO","url":"https:\/\/kennol.com\/es\/","logo":{"@type":"ImageObject","inLanguage":"es","@id":"https:\/\/kennol.com\/es\/#\/schema\/logo\/image\/","url":"https:\/\/kennol.com\/wp-content\/uploads\/2018\/01\/KENNOL_logo_header.png","contentUrl":"https:\/\/kennol.com\/wp-content\/uploads\/2018\/01\/KENNOL_logo_header.png","width":400,"height":140,"caption":"PPO"},"image":{"@id":"https:\/\/kennol.com\/es\/#\/schema\/logo\/image\/"}}]}},"_links":{"self":[{"href":"https:\/\/kennol.com\/es\/wp-json\/wp\/v2\/pages\/33730","targetHints":{"allow":["GET"]}}],"collection":[{"href":"https:\/\/kennol.com\/es\/wp-json\/wp\/v2\/pages"}],"about":[{"href":"https:\/\/kennol.com\/es\/wp-json\/wp\/v2\/types\/page"}],"author":[{"embeddable":true,"href":"https:\/\/kennol.com\/es\/wp-json\/wp\/v2\/users\/2"}],"replies":[{"embeddable":true,"href":"https:\/\/kennol.com\/es\/wp-json\/wp\/v2\/comments?post=33730"}],"version-history":[{"count":5,"href":"https:\/\/kennol.com\/es\/wp-json\/wp\/v2\/pages\/33730\/revisions"}],"predecessor-version":[{"id":47788,"href":"https:\/\/kennol.com\/es\/wp-json\/wp\/v2\/pages\/33730\/revisions\/47788"}],"wp:attachment":[{"href":"https:\/\/kennol.com\/es\/wp-json\/wp\/v2\/media?parent=33730"}],"wp:term":[{"taxonomy":"simple-restrict-permission","embeddable":true,"href":"https:\/\/kennol.com\/es\/wp-json\/wp\/v2\/simple-restrict-permission?post=33730"}],"curies":[{"name":"wp","href":"https:\/\/api.w.org\/{rel}","templated":true}]}}