{"id":33724,"date":"2020-04-29T12:16:11","date_gmt":"2020-04-29T12:16:11","guid":{"rendered":"https:\/\/kennol.com\/aplicacion-para-el-movil\/"},"modified":"2021-08-27T14:08:17","modified_gmt":"2021-08-27T12:08:17","slug":"aplicacion","status":"publish","type":"page","link":"https:\/\/kennol.com\/es\/aplicacion\/","title":{"rendered":"APLICACI\u00d3N"},"content":{"rendered":"<div class=\"wpb-content-wrapper\"><p>[vc_row full_width=\u00bbstretch_row\u00bb disable_background_image=\u00bb\u00bb simple_background_color=\u00bb#ee3124&#8243; simple_background_image=\u00bb7083&#8243;][vc_column offset=\u00bbvc_hidden-lg vc_hidden-md\u00bb]<div class=\"eltd-section-title-holder  eltd-st-standard eltd-st-title-left eltd-st-normal-space \" >\n\t<div class=\"eltd-st-inner\">\n\t\t\t\t\t<h3 class=\"eltd-st-title\" style=\"color: #000000\">\n\t\t\t\tAPLICACI\u00d3N\t\t\t<\/h3>\n\t\t\t\t\t<\/div>\n<\/div>[\/vc_column][\/vc_row][vc_row full_width=\u00bbstretch_row\u00bb disable_background_image=\u00bb\u00bb simple_background_color=\u00bb#ee3124&#8243; simple_background_image=\u00bb8855&#8243; css=\u00bb.vc_custom_1534857829352{background-image: url(\/wp-content\/uploads\/2018\/06\/News_PERFORMANCE_bandeau.png?id=8855) !important;background-position: center !important;background-repeat: no-repeat !important;background-size: cover !important;}\u00bb][vc_column css=\u00bb.vc_custom_1529417191890{padding-top: 120px !important;padding-bottom: 40px !important;}\u00bb offset=\u00bbvc_hidden-sm vc_hidden-xs\u00bb][vc_column_text]<\/p>\n<h1><span style=\"color: #000000; font-size: larger;\">APLICACI\u00d3N<\/span><\/h1>\n<p>[\/vc_column_text][\/vc_column][\/vc_row][vc_row full_width=\u00bbstretch_row\u00bb full_height=\u00bbyes\u00bb columns_placement=\u00bbstretch\u00bb content_placement=\u00bbmiddle\u00bb parallax=\u00bbcontent-moving\u00bb parallax_image=\u00bb12604&#8243; css=\u00bb.vc_custom_1540220403304{padding-bottom: 40px !important;}\u00bb][vc_column][vc_single_image image=\u00bb46832&#8243; img_size=\u00bb850 x 425&#8243; alignment=\u00bbcenter\u00bb css_animation=\u00bbzoomIn\u00bb css=\u00bb.vc_custom_1617281279098{padding-bottom: 20px !important;}\u00bb]<div class=\"eltd-elements-holder   eltd-three-columns  eltd-responsive-mode-768 \" ><div class=\"eltd-eh-item  eltd-vertical-alignment-top   \"  data-item-class=\"eltd-eh-custom-5330\">\n\t<div class=\"eltd-eh-item-inner\">\n\t\t<div class=\"eltd-eh-item-content eltd-eh-custom-5330\" >\n\t\t\t<div class=\"eltd-section-title-holder  eltd-st-standard eltd-st-title-left eltd-st-normal-space \" >\n\t<div class=\"eltd-st-inner\">\n\t\t\t\t\t<h3 class=\"eltd-st-title\" style=\"color: #ee3124\">\n\t\t\t\tUNA HERRAMIENTA PROFESIONAL\t\t\t<\/h3>\n\t\t\t\t\t<\/div>\n<\/div>[vc_column_text css=\u00bb.vc_custom_1588162826297{padding-right: 20px !important;padding-bottom: 20px !important;}\u00bb]<span style=\"color: #ffffff;\">KENNOL ha sido la primera marca de lubricantes en el mundo en crear una <strong>aplicaci\u00f3n de recomendaciones para su smartphone<\/strong>. Le ofrece nuestras recomendaciones profesionales para el mantenimiento de su coche. Sea cual sea la marca de su coche, tendr\u00e1 las respuestas para el aceite del motor, el aceite para la transmisi\u00f3n, el refrigerante, el l\u00edquido de frenos y mucho m\u00e1s.<\/span>[\/vc_column_text]\t\t<\/div>\n\t<\/div>\n<\/div><div class=\"eltd-eh-item  eltd-vertical-alignment-top   \"  data-item-class=\"eltd-eh-custom-3912\">\n\t<div class=\"eltd-eh-item-inner\">\n\t\t<div class=\"eltd-eh-item-content eltd-eh-custom-3912\" >\n\t\t\t<div class=\"eltd-section-title-holder  eltd-st-standard eltd-st-title-left eltd-st-normal-space \" >\n\t<div class=\"eltd-st-inner\">\n\t\t\t\t\t<h3 class=\"eltd-st-title\" style=\"color: #ee3124\">\n\t\t\t\tLL\u00c9VENOS CON USTED A TODAS PARTES\t\t\t<\/h3>\n\t\t\t\t\t<\/div>\n<\/div>[vc_column_text css=\u00bb.vc_custom_1588162905421{padding-right: 20px !important;padding-bottom: 20px !important;}\u00bb]<span style=\"color: #ffffff;\">Nuestra aplicaci\u00f3n KENNOL ha sido desarrollada fundamentalmente para <strong>ANDROID, iOS<\/strong> y TABLETAS con el objetivo de responder a todas y cada una de sus necesidades. Compartimos la pasi\u00f3n por la mec\u00e1nica y por eso, sabemos perfectamente que el drenaje de un coche no se puede desarrollar desde la pantalla de un ordenador.<\/span>[\/vc_column_text]\t\t<\/div>\n\t<\/div>\n<\/div><div class=\"eltd-eh-item  eltd-vertical-alignment-top   \"  data-item-class=\"eltd-eh-custom-8005\">\n\t<div class=\"eltd-eh-item-inner\">\n\t\t<div class=\"eltd-eh-item-content eltd-eh-custom-8005\" >\n\t\t\t<div class=\"eltd-section-title-holder  eltd-st-standard eltd-st-title-left eltd-st-normal-space \" >\n\t<div class=\"eltd-st-inner\">\n\t\t\t\t\t<h3 class=\"eltd-st-title\" style=\"color: #ee3124\">\n\t\t\t\tNO SE PERDER\u00c1 NADA\t\t\t<\/h3>\n\t\t\t\t\t<\/div>\n<\/div>[vc_column_text css=\u00bb.vc_custom_1588162965547{padding-right: 20px !important;padding-bottom: 20px !important;}\u00bb]<span style=\"color: #ffffff;\">Nuestras bases de datos se actualizan 4 veces al a\u00f1o, as\u00ed que siempre tendr\u00e1 acceso a la <strong> informaci\u00f3n m\u00e1s reciente<\/strong>. \u00a1Adem\u00e1s, las notificaciones PUSH tambi\u00e9n le mantendr\u00e1n al d\u00eda sobre nuestra participaci\u00f3n en las carreras! Ya que, como sabr\u00e1, todos los productos de KENNOL que compra y usa, nacieron originalmente en la pista.<\/span>[\/vc_column_text]\t\t<\/div>\n\t<\/div>\n<\/div><\/div>[vc_row_inner][vc_column_inner width=\u00bb1\/2&#8243; css=\u00bb.vc_custom_1579597698971{padding-bottom: 40px !important;}\u00bb][vc_hoverbox image=\u00bb45990&#8243; primary_title=\u00bbiPhone\u00bb primary_title_font_container=\u00bbfont_size:40%20px|color:%23ffffff\u00bb primary_title_use_theme_fonts=\u00bbyes\u00bb hover_title=\u00bbDESCARGAR en la App Store\u00bb hover_title_font_container=\u00bbfont_size:25%20px|color:%23000000&#8243; hover_title_use_theme_fonts=\u00bbyes\u00bb shape=\u00bbsquare\u00bb hover_background_color=\u00bbcustom\u00bb use_custom_fonts_primary_title=\u00bbtrue\u00bb use_custom_fonts_hover_title=\u00bbtrue\u00bb primary_title_link=\u00bburl:https%3A%2F%2Fitunes.apple.com%2Fus%2Fapp%2Fkennol-france%2Fid690126350%3Fl%3Dfr%26ls%3D1%26mt%3D8|title:Aplicaci%C3%B3n%20de%20KENNOL%20para%20IOS|target:%20_blank|\u00bb hover_title_link=\u00bburl:https%3A%2F%2Fitunes.apple.com%2Fus%2Fapp%2Fkennol-france%2Fid690126350%3Fl%3Dfr%26ls%3D1%26mt%3D8|title:Aplicaci%C3%B3n%20de%20KENNOL%20para%20IOS|target:%20_blank|\u00bb hover_custom_background=\u00bb#ee3124&#8243;][\/vc_hoverbox][\/vc_column_inner][vc_column_inner width=\u00bb1\/2&#8243; css=\u00bb.vc_custom_1579597704468{padding-bottom: 40px !important;}\u00bb][vc_hoverbox image=\u00bb45997&#8243; primary_title=\u00bbAndroid\u00bb primary_title_font_container=\u00bbfont_size:40%20px|color:%23ffffff\u00bb primary_title_use_theme_fonts=\u00bbyes\u00bb hover_title=\u00bbDESCARGAR en Google Play\u00bb hover_title_font_container=\u00bbfont_size:25%20px|color:%23000000&#8243; hover_title_use_theme_fonts=\u00bbyes\u00bb shape=\u00bbsquare\u00bb hover_background_color=\u00bbcustom\u00bb use_custom_fonts_primary_title=\u00bbtrue\u00bb use_custom_fonts_hover_title=\u00bbtrue\u00bb primary_title_link=\u00bburl:https%3A%2F%2Fplay.google.com%2Fstore%2Fapps%2Fdetails%3Fid%3Dfr.appsolute.kennol%26hl%3Den|title:Aplicaci%C3%B3n%20de%20KENNOL%20para%20ANDROID|target:%20_blank|\u00bb hover_title_link=\u00bburl:https%3A%2F%2Fplay.google.com%2Fstore%2Fapps%2Fdetails%3Fid%3Dfr.appsolute.kennol%26hl%3Den|title:Aplicaci%C3%B3n%20de%20KENNOL%20para%20ANDROID|target:%20_blank|\u00bb hover_custom_background=\u00bb#ee3124&#8243;][\/vc_hoverbox][\/vc_column_inner][\/vc_row_inner][\/vc_column][\/vc_row]<\/p>\n<\/div>","protected":false},"excerpt":{"rendered":"<p>[vc_row full_width=\u00bbstretch_row\u00bb disable_background_image=\u00bb\u00bb simple_background_color=\u00bb#ee3124&#8243; simple_background_image=\u00bb7083&#8243;][vc_column offset=\u00bbvc_hidden-lg vc_hidden-md\u00bb][\/vc_column][\/vc_row][vc_row full_width=\u00bbstretch_row\u00bb disable_background_image=\u00bb\u00bb simple_background_color=\u00bb#ee3124&#8243; simple_background_image=\u00bb8855&#8243; css=\u00bb.vc_custom_1534857829352{background-image: url(\/wp-content\/uploads\/2018\/06\/News_PERFORMANCE_bandeau.png?id=8855) !important;background-position: center !important;background-repeat: no-repeat !important;background-size: cover !important;}\u00bb][vc_column css=\u00bb.vc_custom_1529417191890{padding-top: 120px !important;padding-bottom: 40px !important;}\u00bb offset=\u00bbvc_hidden-sm vc_hidden-xs\u00bb][vc_column_text] APLICACI\u00d3N [\/vc_column_text][\/vc_column][\/vc_row][vc_row full_width=\u00bbstretch_row\u00bb full_height=\u00bbyes\u00bb columns_placement=\u00bbstretch\u00bb content_placement=\u00bbmiddle\u00bb parallax=\u00bbcontent-moving\u00bb parallax_image=\u00bb12604&#8243; css=\u00bb.vc_custom_1540220403304{padding-bottom: 40px !important;}\u00bb][vc_column][vc_single_image image=\u00bb46832&#8243; img_size=\u00bb850 x 425&#8243; alignment=\u00bbcenter\u00bb css_animation=\u00bbzoomIn\u00bb css=\u00bb.vc_custom_1617281279098{padding-bottom: 20px !important;}\u00bb][vc_row_inner][vc_column_inner width=\u00bb1\/2&#8243; css=\u00bb.vc_custom_1579597698971{padding-bottom: 40px !important;}\u00bb][vc_hoverbox image=\u00bb45990&#8243; primary_title=\u00bbiPhone\u00bb primary_title_font_container=\u00bbfont_size:40%20px|color:%23ffffff\u00bb primary_title_use_theme_fonts=\u00bbyes\u00bb [&hellip;]<\/p>\n","protected":false},"author":2,"featured_media":0,"parent":0,"menu_order":0,"comment_status":"closed","ping_status":"closed","template":"","meta":{"_monsterinsights_skip_tracking":false,"_monsterinsights_sitenote_active":false,"_monsterinsights_sitenote_note":"","_monsterinsights_sitenote_category":0,"footnotes":""},"simple-restrict-permission":[],"class_list":["post-33724","page","type-page","status-publish","hentry"],"yoast_head":"<!-- This site is optimized with the Yoast SEO plugin v27.5 - https:\/\/yoast.com\/product\/yoast-seo-wordpress\/ -->\n<title>APLICACI\u00d3N | KENNOL - Performance Oil<\/title>\n<meta name=\"description\" content=\"The KENNOL application has it all: your smartphone gives you access to our latest recommendations for all cars (engine, transmission, coolant, etc.)\" \/>\n<meta name=\"robots\" content=\"index, follow, max-snippet:-1, max-image-preview:large, max-video-preview:-1\" \/>\n<link rel=\"canonical\" href=\"https:\/\/kennol.com\/es\/aplicacion\/\" \/>\n<meta property=\"og:locale\" content=\"es_ES\" \/>\n<meta property=\"og:type\" content=\"article\" \/>\n<meta property=\"og:title\" content=\"APLICACI\u00d3N | KENNOL - Performance Oil\" \/>\n<meta property=\"og:description\" content=\"The KENNOL application has it all: your smartphone gives you access to our latest recommendations for all cars (engine, transmission, coolant, etc.)\" \/>\n<meta property=\"og:url\" content=\"https:\/\/kennol.com\/es\/aplicacion\/\" \/>\n<meta property=\"og:site_name\" content=\"KENNOL\" \/>\n<meta property=\"article:modified_time\" content=\"2021-08-27T12:08:17+00:00\" \/>\n<meta name=\"twitter:card\" content=\"summary_large_image\" \/>\n<meta name=\"twitter:label1\" content=\"Tiempo de lectura\" \/>\n\t<meta name=\"twitter:data1\" content=\"2 minutos\" \/>\n<script type=\"application\/ld+json\" class=\"yoast-schema-graph\">{\"@context\":\"https:\\\/\\\/schema.org\",\"@graph\":[{\"@type\":\"WebPage\",\"@id\":\"https:\\\/\\\/kennol.com\\\/es\\\/aplicacion\\\/\",\"url\":\"https:\\\/\\\/kennol.com\\\/es\\\/aplicacion\\\/\",\"name\":\"APLICACI\u00d3N | KENNOL - Performance Oil\",\"isPartOf\":{\"@id\":\"https:\\\/\\\/kennol.com\\\/es\\\/#website\"},\"datePublished\":\"2020-04-29T12:16:11+00:00\",\"dateModified\":\"2021-08-27T12:08:17+00:00\",\"description\":\"The KENNOL application has it all: your smartphone gives you access to our latest recommendations for all cars (engine, transmission, coolant, etc.)\",\"inLanguage\":\"es\",\"potentialAction\":[{\"@type\":\"ReadAction\",\"target\":[\"https:\\\/\\\/kennol.com\\\/es\\\/aplicacion\\\/\"]}]},{\"@type\":\"WebSite\",\"@id\":\"https:\\\/\\\/kennol.com\\\/es\\\/#website\",\"url\":\"https:\\\/\\\/kennol.com\\\/es\\\/\",\"name\":\"KENNOL\",\"description\":\"Performance Oil\",\"publisher\":{\"@id\":\"https:\\\/\\\/kennol.com\\\/es\\\/#organization\"},\"potentialAction\":[{\"@type\":\"SearchAction\",\"target\":{\"@type\":\"EntryPoint\",\"urlTemplate\":\"https:\\\/\\\/kennol.com\\\/es\\\/?s={search_term_string}\"},\"query-input\":{\"@type\":\"PropertyValueSpecification\",\"valueRequired\":true,\"valueName\":\"search_term_string\"}}],\"inLanguage\":\"es\"},{\"@type\":\"Organization\",\"@id\":\"https:\\\/\\\/kennol.com\\\/es\\\/#organization\",\"name\":\"PPO\",\"url\":\"https:\\\/\\\/kennol.com\\\/es\\\/\",\"logo\":{\"@type\":\"ImageObject\",\"inLanguage\":\"es\",\"@id\":\"https:\\\/\\\/kennol.com\\\/es\\\/#\\\/schema\\\/logo\\\/image\\\/\",\"url\":\"https:\\\/\\\/kennol.com\\\/wp-content\\\/uploads\\\/2018\\\/01\\\/KENNOL_logo_header.png\",\"contentUrl\":\"https:\\\/\\\/kennol.com\\\/wp-content\\\/uploads\\\/2018\\\/01\\\/KENNOL_logo_header.png\",\"width\":400,\"height\":140,\"caption\":\"PPO\"},\"image\":{\"@id\":\"https:\\\/\\\/kennol.com\\\/es\\\/#\\\/schema\\\/logo\\\/image\\\/\"}}]}<\/script>\n<!-- \/ Yoast SEO plugin. -->","yoast_head_json":{"title":"APLICACI\u00d3N | KENNOL - Performance Oil","description":"The KENNOL application has it all: your smartphone gives you access to our latest recommendations for all cars (engine, transmission, coolant, etc.)","robots":{"index":"index","follow":"follow","max-snippet":"max-snippet:-1","max-image-preview":"max-image-preview:large","max-video-preview":"max-video-preview:-1"},"canonical":"https:\/\/kennol.com\/es\/aplicacion\/","og_locale":"es_ES","og_type":"article","og_title":"APLICACI\u00d3N | KENNOL - Performance Oil","og_description":"The KENNOL application has it all: your smartphone gives you access to our latest recommendations for all cars (engine, transmission, coolant, etc.)","og_url":"https:\/\/kennol.com\/es\/aplicacion\/","og_site_name":"KENNOL","article_modified_time":"2021-08-27T12:08:17+00:00","twitter_card":"summary_large_image","twitter_misc":{"Tiempo de lectura":"2 minutos"},"schema":{"@context":"https:\/\/schema.org","@graph":[{"@type":"WebPage","@id":"https:\/\/kennol.com\/es\/aplicacion\/","url":"https:\/\/kennol.com\/es\/aplicacion\/","name":"APLICACI\u00d3N | KENNOL - Performance Oil","isPartOf":{"@id":"https:\/\/kennol.com\/es\/#website"},"datePublished":"2020-04-29T12:16:11+00:00","dateModified":"2021-08-27T12:08:17+00:00","description":"The KENNOL application has it all: your smartphone gives you access to our latest recommendations for all cars (engine, transmission, coolant, etc.)","inLanguage":"es","potentialAction":[{"@type":"ReadAction","target":["https:\/\/kennol.com\/es\/aplicacion\/"]}]},{"@type":"WebSite","@id":"https:\/\/kennol.com\/es\/#website","url":"https:\/\/kennol.com\/es\/","name":"KENNOL","description":"Performance Oil","publisher":{"@id":"https:\/\/kennol.com\/es\/#organization"},"potentialAction":[{"@type":"SearchAction","target":{"@type":"EntryPoint","urlTemplate":"https:\/\/kennol.com\/es\/?s={search_term_string}"},"query-input":{"@type":"PropertyValueSpecification","valueRequired":true,"valueName":"search_term_string"}}],"inLanguage":"es"},{"@type":"Organization","@id":"https:\/\/kennol.com\/es\/#organization","name":"PPO","url":"https:\/\/kennol.com\/es\/","logo":{"@type":"ImageObject","inLanguage":"es","@id":"https:\/\/kennol.com\/es\/#\/schema\/logo\/image\/","url":"https:\/\/kennol.com\/wp-content\/uploads\/2018\/01\/KENNOL_logo_header.png","contentUrl":"https:\/\/kennol.com\/wp-content\/uploads\/2018\/01\/KENNOL_logo_header.png","width":400,"height":140,"caption":"PPO"},"image":{"@id":"https:\/\/kennol.com\/es\/#\/schema\/logo\/image\/"}}]}},"_links":{"self":[{"href":"https:\/\/kennol.com\/es\/wp-json\/wp\/v2\/pages\/33724","targetHints":{"allow":["GET"]}}],"collection":[{"href":"https:\/\/kennol.com\/es\/wp-json\/wp\/v2\/pages"}],"about":[{"href":"https:\/\/kennol.com\/es\/wp-json\/wp\/v2\/types\/page"}],"author":[{"embeddable":true,"href":"https:\/\/kennol.com\/es\/wp-json\/wp\/v2\/users\/2"}],"replies":[{"embeddable":true,"href":"https:\/\/kennol.com\/es\/wp-json\/wp\/v2\/comments?post=33724"}],"version-history":[{"count":9,"href":"https:\/\/kennol.com\/es\/wp-json\/wp\/v2\/pages\/33724\/revisions"}],"predecessor-version":[{"id":47794,"href":"https:\/\/kennol.com\/es\/wp-json\/wp\/v2\/pages\/33724\/revisions\/47794"}],"wp:attachment":[{"href":"https:\/\/kennol.com\/es\/wp-json\/wp\/v2\/media?parent=33724"}],"wp:term":[{"taxonomy":"simple-restrict-permission","embeddable":true,"href":"https:\/\/kennol.com\/es\/wp-json\/wp\/v2\/simple-restrict-permission?post=33724"}],"curies":[{"name":"wp","href":"https:\/\/api.w.org\/{rel}","templated":true}]}}