{"id":33719,"date":"2020-04-29T12:05:44","date_gmt":"2020-04-29T12:05:44","guid":{"rendered":"https:\/\/kennol.com\/check-my-k\/"},"modified":"2022-03-30T14:11:47","modified_gmt":"2022-03-30T12:11:47","slug":"check-my-k","status":"publish","type":"page","link":"https:\/\/kennol.com\/es\/check-my-k\/","title":{"rendered":"Check My K"},"content":{"rendered":"<div class=\"wpb-content-wrapper\"><p>[vc_row full_width=\u00bbstretch_row\u00bb full_height=\u00bbyes\u00bb columns_placement=\u00bbstretch\u00bb content_placement=\u00bbmiddle\u00bb video_bg=\u00bbyes\u00bb video_bg_url=\u00bbhttps:\/\/www.youtube.com\/watch?v=q3a5fdEUK8Q\u00bb css=\u00bb.vc_custom_1630073948257{margin-top: 30px !important;}\u00bb][vc_column css=\u00bb.vc_custom_1524059758510{background-color: rgba(0,0,0,0.75) !important;*background-color: rgb(0,0,0) !important;}\u00bb][vc_row_inner content_placement=\u00bbmiddle\u00bb row_content_width=\u00bbgrid\u00bb css=\u00bb.vc_custom_1630073925993{padding-bottom: 20px !important;}\u00bb][vc_column_inner]<div class=\"eltd-section-title-holder  eltd-st-standard eltd-st-title-left eltd-st-normal-space \" style=\"text-align: left\">\n\t<div class=\"eltd-st-inner\">\n\t\t\t\t\t<h1 class=\"eltd-st-title\" style=\"color: #ffffff\">\n\t\t\t\tCHECK MY K\u00a9\t\t\t<\/h1>\n\t\t\t\t\t<\/div>\n<\/div>[\/vc_column_inner][\/vc_row_inner][vc_row_inner content_placement=\u00bbmiddle\u00bb row_content_width=\u00bbgrid\u00bb css=\u00bb.vc_custom_1539354296428{background-color: rgba(0,0,0,0.5) !important;*background-color: rgb(0,0,0) !important;}\u00bb][vc_column_inner css=\u00bb.vc_custom_1539354731299{padding-right: 20px !important;padding-bottom: 20px !important;padding-left: 20px !important;}\u00bb][vc_column_text]KENNOL nunca deja de innovar, adem\u00e1s, le ofrece la posibilidad de comprobar la autenticidad de sus productos KENNOL para protegerlo contra la falsificaci\u00f3n de productos.<\/p>\n<p>Con Check My K \u00a9 y cotejando 2 datos de cada producto, podr\u00e1 comprobar el origen y la autenticidad de sus productos KENNOL desde cualquier lugar del planeta. Ya sea un bid\u00f3n de aceite, un l\u00edquido limpiaparabrisas o un refrigerante, nuestra herramienta, \u00fanica en el mundo, es capaz de certificar la procedencia de un producto.<\/p>\n<p>Nuestro sistema, imposible de falsificar, le proteger\u00e1 de las imitaciones.<\/p>\n<p><!--\u2013 Disponible pronto \u2013--><br \/>\n<style type=\"text\/css\">\r\n       .errordiv { padding:10px; margin:10px; border: 1px solid #555555;color: #000000;background-color: #f8f8f8; width:500px; }#advanced_iframe {visibility:visible;opacity:1;vertical-align:top;}.ai-info-bottom-iframe { position: fixed; z-index: 10000; bottom:0; left: 0; margin: 0px; text-align: center; width: 100%; background-color: #ff9999; padding-left: 5px;padding-bottom: 5px; border-top: 1px solid #aaa } a.ai-bold {font-weight: bold;}#ai-layer-div-advanced_iframe p {height:100%;margin:0;padding:0}\r\n  .ai-fullscreen {\r\n    position:fixed;\r\n\tz-index:9000 !important;\r\n\ttop:0px !important;\r\n\tleft:0px !important;\r\n\tmargin:0px !important;\r\n\twidth:100% !important;\r\n\theight:100% !important;\r\n  }<\/style><script type=\"text\/javascript\">var ai_iframe_width_advanced_iframe = 0;var ai_iframe_height_advanced_iframe = 0;var aiIsIe8=false;var aiOnloadScrollTop=\"true\";var aiExtraSpace=15;var aiShowDebug=false;\r\n\t\tif (typeof aiReadyCallbacks === 'undefined') {\r\n\t\t\tvar aiReadyCallbacks = [];  \r\n\t\t} else if (!(aiReadyCallbacks instanceof Array)) {\r\n\t\t\tvar aiReadyCallbacks = [];\r\n\t\t}    function aiShowIframeId(id_iframe) { jQuery(\"#\"+id_iframe).css(\"visibility\", \"visible\");    }    function aiResizeIframeHeight(height) { aiResizeIframeHeight(height,advanced_iframe); }    function aiResizeIframeHeightId(height,width,id) {aiResizeIframeHeightById(id,height);}<\/script><iframe id=\"advanced_iframe\"  name=\"advanced_iframe\"  src=\"https:\/\/api.groupe-armoni.fr\/api.accor\/Web\/checklotweb.aspx\"  width=\"100%\"  height=\"100vh\"  frameborder=\"0\"  allowtransparency=\"true\"  loading=\"lazy\"  style=\"position:relative;;width:100%;height:100vh;;width:1px;min-width:100%;max-width:100%;\" ><\/iframe><script type=\"text\/javascript\">var ifrm_advanced_iframe = document.getElementById(\"advanced_iframe\");var hiddenTabsDoneadvanced_iframe = false;\r\nfunction resizeCallbackadvanced_iframe() {}var recalculateIframeResizeadvanced_iframe = 0;\r\n        var recalculateIframeOrientationchangeadvanced_iframe = 0;\r\n        var aiWindowWidth = 0;\r\n\t\tfunction recalculateIframeadvanced_iframe() {\r\n          clearTimeout(recalculateIframeResizeadvanced_iframe);\r\n          clearTimeout(recalculateIframeOrientationchangeadvanced_iframe);}  \r\n        function initResponsiveIframeadvanced_iframe() {\r\n          jQuery(window).resize(function() {\r\n\t\t\t recalculateIframeResizeadvanced_iframe = window.setTimeout(\"recalculateIframeadvanced_iframe()\",100);\r\n          });\r\n          if (window.addEventListener) {\r\n            window.addEventListener(\"orientationchange\", function() {\r\n               recalculateIframeOrientationchangeadvanced_iframe = window.setTimeout(\"recalculateIframeadvanced_iframe()\",100);\r\n            }, false);\r\n          }\r\n        }\r\n        aiReadyCallbacks.push(initResponsiveIframeadvanced_iframe);<\/script><style>#advanced_iframe {width: 1px !important;min-width:100% !important;max-width:100% !important;}<\/style><script type=\"text\/javascript\"><\/script><\/p>\n<p>[\/vc_column_text][\/vc_column_inner][\/vc_row_inner][\/vc_column][\/vc_row]<\/p>\n<\/div>","protected":false},"excerpt":{"rendered":"<p>[vc_row full_width=\u00bbstretch_row\u00bb full_height=\u00bbyes\u00bb columns_placement=\u00bbstretch\u00bb content_placement=\u00bbmiddle\u00bb video_bg=\u00bbyes\u00bb video_bg_url=\u00bbhttps:\/\/www.youtube.com\/watch?v=q3a5fdEUK8Q\u00bb css=\u00bb.vc_custom_1630073948257{margin-top: 30px !important;}\u00bb][vc_column css=\u00bb.vc_custom_1524059758510{background-color: rgba(0,0,0,0.75) !important;*background-color: rgb(0,0,0) !important;}\u00bb][vc_row_inner content_placement=\u00bbmiddle\u00bb row_content_width=\u00bbgrid\u00bb css=\u00bb.vc_custom_1630073925993{padding-bottom: 20px !important;}\u00bb][vc_column_inner][\/vc_column_inner][\/vc_row_inner][vc_row_inner content_placement=\u00bbmiddle\u00bb row_content_width=\u00bbgrid\u00bb css=\u00bb.vc_custom_1539354296428{background-color: rgba(0,0,0,0.5) !important;*background-color: rgb(0,0,0) !important;}\u00bb][vc_column_inner css=\u00bb.vc_custom_1539354731299{padding-right: 20px !important;padding-bottom: 20px !important;padding-left: 20px !important;}\u00bb][vc_column_text]KENNOL nunca deja de innovar, adem\u00e1s, le ofrece la posibilidad de comprobar la autenticidad de sus productos KENNOL para protegerlo contra la [&hellip;]<\/p>\n","protected":false},"author":2,"featured_media":0,"parent":0,"menu_order":0,"comment_status":"closed","ping_status":"closed","template":"full-width.php","meta":{"_monsterinsights_skip_tracking":false,"_monsterinsights_sitenote_active":false,"_monsterinsights_sitenote_note":"","_monsterinsights_sitenote_category":0,"footnotes":""},"simple-restrict-permission":[],"class_list":["post-33719","page","type-page","status-publish","hentry"],"yoast_head":"<!-- This site is optimized with the Yoast SEO plugin v27.4 - https:\/\/yoast.com\/product\/yoast-seo-wordpress\/ -->\n<title>Check My K | KENNOL - Performance Oil<\/title>\n<meta name=\"description\" content=\"\u00a1Check My K \u00a9 es una herramienta \u00fanica en el mundo que le permite verificar la autenticidad de sus productos KENNOL en cualquier parte del planeta!\" \/>\n<meta name=\"robots\" content=\"index, follow, max-snippet:-1, max-image-preview:large, max-video-preview:-1\" \/>\n<link rel=\"canonical\" href=\"https:\/\/kennol.com\/es\/check-my-k\/\" \/>\n<meta property=\"og:locale\" content=\"es_ES\" \/>\n<meta property=\"og:type\" content=\"article\" \/>\n<meta property=\"og:title\" content=\"Check My K | KENNOL - Performance Oil\" \/>\n<meta property=\"og:description\" content=\"\u00a1Check My K \u00a9 es una herramienta \u00fanica en el mundo que le permite verificar la autenticidad de sus productos KENNOL en cualquier parte del planeta!\" \/>\n<meta property=\"og:url\" content=\"https:\/\/kennol.com\/es\/check-my-k\/\" \/>\n<meta property=\"og:site_name\" content=\"KENNOL\" \/>\n<meta property=\"article:modified_time\" content=\"2022-03-30T12:11:47+00:00\" \/>\n<meta name=\"twitter:card\" content=\"summary_large_image\" \/>\n<meta name=\"twitter:label1\" content=\"Tiempo de lectura\" \/>\n\t<meta name=\"twitter:data1\" content=\"1 minuto\" \/>\n<script type=\"application\/ld+json\" class=\"yoast-schema-graph\">{\"@context\":\"https:\\\/\\\/schema.org\",\"@graph\":[{\"@type\":\"WebPage\",\"@id\":\"https:\\\/\\\/kennol.com\\\/es\\\/check-my-k\\\/\",\"url\":\"https:\\\/\\\/kennol.com\\\/es\\\/check-my-k\\\/\",\"name\":\"Check My K | KENNOL - Performance Oil\",\"isPartOf\":{\"@id\":\"https:\\\/\\\/kennol.com\\\/es\\\/#website\"},\"datePublished\":\"2020-04-29T12:05:44+00:00\",\"dateModified\":\"2022-03-30T12:11:47+00:00\",\"description\":\"\u00a1Check My K \u00a9 es una herramienta \u00fanica en el mundo que le permite verificar la autenticidad de sus productos KENNOL en cualquier parte del planeta!\",\"inLanguage\":\"es\",\"potentialAction\":[{\"@type\":\"ReadAction\",\"target\":[\"https:\\\/\\\/kennol.com\\\/es\\\/check-my-k\\\/\"]}]},{\"@type\":\"WebSite\",\"@id\":\"https:\\\/\\\/kennol.com\\\/es\\\/#website\",\"url\":\"https:\\\/\\\/kennol.com\\\/es\\\/\",\"name\":\"KENNOL\",\"description\":\"Performance Oil\",\"publisher\":{\"@id\":\"https:\\\/\\\/kennol.com\\\/es\\\/#organization\"},\"potentialAction\":[{\"@type\":\"SearchAction\",\"target\":{\"@type\":\"EntryPoint\",\"urlTemplate\":\"https:\\\/\\\/kennol.com\\\/es\\\/?s={search_term_string}\"},\"query-input\":{\"@type\":\"PropertyValueSpecification\",\"valueRequired\":true,\"valueName\":\"search_term_string\"}}],\"inLanguage\":\"es\"},{\"@type\":\"Organization\",\"@id\":\"https:\\\/\\\/kennol.com\\\/es\\\/#organization\",\"name\":\"PPO\",\"url\":\"https:\\\/\\\/kennol.com\\\/es\\\/\",\"logo\":{\"@type\":\"ImageObject\",\"inLanguage\":\"es\",\"@id\":\"https:\\\/\\\/kennol.com\\\/es\\\/#\\\/schema\\\/logo\\\/image\\\/\",\"url\":\"https:\\\/\\\/kennol.com\\\/wp-content\\\/uploads\\\/2018\\\/01\\\/KENNOL_logo_header.png\",\"contentUrl\":\"https:\\\/\\\/kennol.com\\\/wp-content\\\/uploads\\\/2018\\\/01\\\/KENNOL_logo_header.png\",\"width\":400,\"height\":140,\"caption\":\"PPO\"},\"image\":{\"@id\":\"https:\\\/\\\/kennol.com\\\/es\\\/#\\\/schema\\\/logo\\\/image\\\/\"}}]}<\/script>\n<!-- \/ Yoast SEO plugin. -->","yoast_head_json":{"title":"Check My K | KENNOL - Performance Oil","description":"\u00a1Check My K \u00a9 es una herramienta \u00fanica en el mundo que le permite verificar la autenticidad de sus productos KENNOL en cualquier parte del planeta!","robots":{"index":"index","follow":"follow","max-snippet":"max-snippet:-1","max-image-preview":"max-image-preview:large","max-video-preview":"max-video-preview:-1"},"canonical":"https:\/\/kennol.com\/es\/check-my-k\/","og_locale":"es_ES","og_type":"article","og_title":"Check My K | KENNOL - Performance Oil","og_description":"\u00a1Check My K \u00a9 es una herramienta \u00fanica en el mundo que le permite verificar la autenticidad de sus productos KENNOL en cualquier parte del planeta!","og_url":"https:\/\/kennol.com\/es\/check-my-k\/","og_site_name":"KENNOL","article_modified_time":"2022-03-30T12:11:47+00:00","twitter_card":"summary_large_image","twitter_misc":{"Tiempo de lectura":"1 minuto"},"schema":{"@context":"https:\/\/schema.org","@graph":[{"@type":"WebPage","@id":"https:\/\/kennol.com\/es\/check-my-k\/","url":"https:\/\/kennol.com\/es\/check-my-k\/","name":"Check My K | KENNOL - Performance Oil","isPartOf":{"@id":"https:\/\/kennol.com\/es\/#website"},"datePublished":"2020-04-29T12:05:44+00:00","dateModified":"2022-03-30T12:11:47+00:00","description":"\u00a1Check My K \u00a9 es una herramienta \u00fanica en el mundo que le permite verificar la autenticidad de sus productos KENNOL en cualquier parte del planeta!","inLanguage":"es","potentialAction":[{"@type":"ReadAction","target":["https:\/\/kennol.com\/es\/check-my-k\/"]}]},{"@type":"WebSite","@id":"https:\/\/kennol.com\/es\/#website","url":"https:\/\/kennol.com\/es\/","name":"KENNOL","description":"Performance Oil","publisher":{"@id":"https:\/\/kennol.com\/es\/#organization"},"potentialAction":[{"@type":"SearchAction","target":{"@type":"EntryPoint","urlTemplate":"https:\/\/kennol.com\/es\/?s={search_term_string}"},"query-input":{"@type":"PropertyValueSpecification","valueRequired":true,"valueName":"search_term_string"}}],"inLanguage":"es"},{"@type":"Organization","@id":"https:\/\/kennol.com\/es\/#organization","name":"PPO","url":"https:\/\/kennol.com\/es\/","logo":{"@type":"ImageObject","inLanguage":"es","@id":"https:\/\/kennol.com\/es\/#\/schema\/logo\/image\/","url":"https:\/\/kennol.com\/wp-content\/uploads\/2018\/01\/KENNOL_logo_header.png","contentUrl":"https:\/\/kennol.com\/wp-content\/uploads\/2018\/01\/KENNOL_logo_header.png","width":400,"height":140,"caption":"PPO"},"image":{"@id":"https:\/\/kennol.com\/es\/#\/schema\/logo\/image\/"}}]}},"_links":{"self":[{"href":"https:\/\/kennol.com\/es\/wp-json\/wp\/v2\/pages\/33719","targetHints":{"allow":["GET"]}}],"collection":[{"href":"https:\/\/kennol.com\/es\/wp-json\/wp\/v2\/pages"}],"about":[{"href":"https:\/\/kennol.com\/es\/wp-json\/wp\/v2\/types\/page"}],"author":[{"embeddable":true,"href":"https:\/\/kennol.com\/es\/wp-json\/wp\/v2\/users\/2"}],"replies":[{"embeddable":true,"href":"https:\/\/kennol.com\/es\/wp-json\/wp\/v2\/comments?post=33719"}],"version-history":[{"count":4,"href":"https:\/\/kennol.com\/es\/wp-json\/wp\/v2\/pages\/33719\/revisions"}],"predecessor-version":[{"id":50502,"href":"https:\/\/kennol.com\/es\/wp-json\/wp\/v2\/pages\/33719\/revisions\/50502"}],"wp:attachment":[{"href":"https:\/\/kennol.com\/es\/wp-json\/wp\/v2\/media?parent=33719"}],"wp:term":[{"taxonomy":"simple-restrict-permission","embeddable":true,"href":"https:\/\/kennol.com\/es\/wp-json\/wp\/v2\/simple-restrict-permission?post=33719"}],"curies":[{"name":"wp","href":"https:\/\/api.w.org\/{rel}","templated":true}]}}