{"id":18020,"date":"2018-10-24T09:01:27","date_gmt":"2018-10-24T09:01:27","guid":{"rendered":"https:\/\/kennol.com\/conditions-generales-dutilisation\/"},"modified":"2021-08-27T12:19:10","modified_gmt":"2021-08-27T10:19:10","slug":"terms-of-service","status":"publish","type":"page","link":"https:\/\/kennol.com\/en\/terms-of-service\/","title":{"rendered":"Terms of service"},"content":{"rendered":"<div class=\"wpb-content-wrapper\"><p>[vc_row full_width=&#8221;stretch_row&#8221; disable_background_image=&#8221;&#8221; simple_background_color=&#8221;#ee3124&#8243; simple_background_image=&#8221;7083&#8243;][vc_column offset=&#8221;vc_hidden-lg vc_hidden-md&#8221;]<div class=\"eltd-section-title-holder  eltd-st-standard eltd-st-title-left eltd-st-normal-space \" >\n\t<div class=\"eltd-st-inner\">\n\t\t\t\t\t<h4 class=\"eltd-st-title\" style=\"color: #000000\">\n\t\t\t\tTERMS OF SERVICE\t\t\t<\/h4>\n\t\t\t\t\t<\/div>\n<\/div>[\/vc_column][\/vc_row][vc_row full_width=&#8221;stretch_row&#8221; disable_background_image=&#8221;&#8221; css=&#8221;.vc_custom_1534858881195{background-image: url(\/wp-content\/uploads\/2018\/06\/News_PERFORMANCE_bandeau.png?id=8855) !important;background-position: center !important;background-repeat: no-repeat !important;background-size: cover !important;}&#8221; simple_background_color=&#8221;#ee3124&#8243; simple_background_image=&#8221;8855&#8243;][vc_column css=&#8221;.vc_custom_1534858905473{padding-top: 120px !important;padding-bottom: 40px !important;}&#8221; offset=&#8221;vc_hidden-sm vc_hidden-xs&#8221;][vc_column_text]<\/p>\n<h1><span style=\"color: #000000; font-size: larger;\">TERMS OF SERVICE<\/span><\/h1>\n<p>[\/vc_column_text][\/vc_column][\/vc_row][vc_row full_width=&#8221;stretch_row&#8221; parallax=&#8221;content-moving&#8221; parallax_image=&#8221;12602&#8243; anchor=&#8221;store&#8221;][vc_column][vc_column_text]<\/p>\n<h4 style=\"color: #ee3124;\">Terms<\/h4>\n<p>[\/vc_column_text][vc_column_text css=&#8221;.vc_custom_1548412475642{padding-right: 40px !important;padding-bottom: 30px !important;padding-left: 40px !important;}&#8221;]By accessing the website at <a href=\"https:\/\/kennol.com\">kennol.com<\/a>, you are agreeing to be bound by these terms of service, all applicable laws and regulations, and agree that you are responsible for compliance with any applicable local laws. If you do not agree with any of these terms, you are prohibited from using or accessing this site. The materials contained in this website are protected by applicable copyright and trademark law.[\/vc_column_text][vc_column_text]<\/p>\n<h4 style=\"color: #ee3124;\">Use License<\/h4>\n<p>[\/vc_column_text][vc_column_text css=&#8221;.vc_custom_1548412614804{padding-right: 40px !important;padding-bottom: 30px !important;padding-left: 40px !important;}&#8221;]Permission is granted to temporarily download one copy of the materials (information or software) on Produits P\u00e9troliers Organisation&#8217;s website for personal, non-commercial transitory viewing only. This is the grant of a license, not a transfer of title, and under this license you may not:<\/p>\n<p>I \u2022 modify or copy the materials;<\/p>\n<p>II \u2022 use the materials for any commercial purpose, or for any public display (commercial or non-commercial);<\/p>\n<p>III \u2022 attempt to decompile or reverse engineer any software contained on Produits P\u00e9troliers Organisation&#8217;s website;<\/p>\n<p>IV \u2022 remove any copyright or other proprietary notations from the materials; or<\/p>\n<p>V \u2022 transfer the materials to another person or &#8220;mirror&#8221; the materials on any other server.<\/p>\n<p>This license shall automatically terminate if you violate any of these restrictions and may be terminated by Produits P\u00e9troliers Organisation at any time. Upon terminating your viewing of these materials or upon the termination of this license, you must destroy any downloaded materials in your possession whether in electronic or printed format.[\/vc_column_text][vc_column_text]<\/p>\n<h4 style=\"color: #ee3124;\">Disclaimer<\/h4>\n<p>[\/vc_column_text][vc_column_text css=&#8221;.vc_custom_1548412647109{padding-right: 40px !important;padding-bottom: 30px !important;padding-left: 40px !important;}&#8221;]The materials on Produits P\u00e9troliers Organisation&#8217;s website are provided on an &#8216;as is&#8217; basis. Produits P\u00e9troliers Organisation makes no warranties, expressed or implied, and hereby disclaims and negates all other warranties including, without limitation, implied warranties or conditions of merchantability, fitness for a particular purpose, or non-infringement of intellectual property or other violation of rights.<\/p>\n<p>Further, Produits P\u00e9troliers Organisation does not warrant or make any representations concerning the accuracy, likely results, or reliability of the use of the materials on its website or otherwise relating to such materials or on any sites linked to this site.[\/vc_column_text][vc_column_text]<\/p>\n<h4 style=\"color: #ee3124;\">Limitations<\/h4>\n<p>[\/vc_column_text][vc_column_text css=&#8221;.vc_custom_1548412688986{padding-right: 40px !important;padding-bottom: 30px !important;padding-left: 40px !important;}&#8221;]In no event shall Produits P\u00e9troliers Organisation or its suppliers be liable for any damages (including, without limitation, damages for loss of data or profit, or due to business interruption) arising out of the use or inability to use the materials on Produits P\u00e9troliers Organisation&#8217;s website, even if Produits P\u00e9troliers Organisation or a Produits P\u00e9troliers Organisation authorized representative has been notified orally or in writing of the possibility of such damage. Because some jurisdictions do not allow limitations on implied warranties, or limitations of liability for consequential or incidental damages, these limitations may not apply to you.[\/vc_column_text][vc_column_text]<\/p>\n<h4 style=\"color: #ee3124;\">Accuracy of materials<\/h4>\n<p>[\/vc_column_text][vc_column_text css=&#8221;.vc_custom_1548412726921{padding-right: 40px !important;padding-bottom: 30px !important;padding-left: 40px !important;}&#8221;]The materials appearing on Produits P\u00e9troliers Organisation&#8217;s website could include technical, typographical, or photographic errors. Produits P\u00e9troliers Organisation does not warrant that any of the materials on its website are accurate, complete or current. Produits P\u00e9troliers Organisation may make changes to the materials contained on its website at any time without notice. However Produits P\u00e9troliers Organisation does not make any commitment to update the materials.[\/vc_column_text][vc_column_text]<\/p>\n<h4 style=\"color: #ee3124;\">Links<\/h4>\n<p>[\/vc_column_text][vc_column_text css=&#8221;.vc_custom_1548412753760{padding-right: 40px !important;padding-bottom: 30px !important;padding-left: 40px !important;}&#8221;]Produits P\u00e9troliers Organisation has not reviewed all of the sites linked to its website and is not responsible for the contents of any such linked site. The inclusion of any link does not imply endorsement by Produits P\u00e9troliers Organisation of the site. Use of any such linked website is at the user&#8217;s own risk.[\/vc_column_text][vc_column_text]<\/p>\n<h4 style=\"color: #ee3124;\">Modifications<\/h4>\n<p>[\/vc_column_text][vc_column_text css=&#8221;.vc_custom_1548412786157{padding-right: 40px !important;padding-bottom: 30px !important;padding-left: 40px !important;}&#8221;]Produits P\u00e9troliers Organisation may revise these terms of service for its website at any time without notice. By using this website you are agreeing to be bound by the then current version of these terms of service.[\/vc_column_text][vc_column_text]<\/p>\n<h4 style=\"color: #ee3124;\">Governing Law<\/h4>\n<p>[\/vc_column_text][vc_column_text css=&#8221;.vc_custom_1548412811604{padding-right: 40px !important;padding-bottom: 30px !important;padding-left: 40px !important;}&#8221;]These terms and conditions are governed by and construed in accordance with the laws of France and you irrevocably submit to the exclusive jurisdiction of the courts in that State or location.[\/vc_column_text][\/vc_column][\/vc_row]<\/p>\n<\/div>","protected":false},"excerpt":{"rendered":"<p>[vc_row full_width=&#8221;stretch_row&#8221; disable_background_image=&#8221;&#8221; simple_background_color=&#8221;#ee3124&#8243; simple_background_image=&#8221;7083&#8243;][vc_column offset=&#8221;vc_hidden-lg vc_hidden-md&#8221;][\/vc_column][\/vc_row][vc_row full_width=&#8221;stretch_row&#8221; disable_background_image=&#8221;&#8221; css=&#8221;.vc_custom_1534858881195{background-image: url(\/wp-content\/uploads\/2018\/06\/News_PERFORMANCE_bandeau.png?id=8855) !important;background-position: center !important;background-repeat: no-repeat !important;background-size: cover !important;}&#8221; simple_background_color=&#8221;#ee3124&#8243; simple_background_image=&#8221;8855&#8243;][vc_column css=&#8221;.vc_custom_1534858905473{padding-top: 120px !important;padding-bottom: 40px !important;}&#8221; offset=&#8221;vc_hidden-sm vc_hidden-xs&#8221;][vc_column_text] TERMS OF SERVICE [\/vc_column_text][\/vc_column][\/vc_row][vc_row full_width=&#8221;stretch_row&#8221; parallax=&#8221;content-moving&#8221; parallax_image=&#8221;12602&#8243; anchor=&#8221;store&#8221;][vc_column][vc_column_text] Terms [\/vc_column_text][vc_column_text css=&#8221;.vc_custom_1548412475642{padding-right: 40px !important;padding-bottom: 30px !important;padding-left: 40px !important;}&#8221;]By accessing the website at kennol.com, you are agreeing to be bound [&hellip;]<\/p>\n","protected":false},"author":2,"featured_media":0,"parent":0,"menu_order":0,"comment_status":"closed","ping_status":"closed","template":"","meta":{"_monsterinsights_skip_tracking":false,"_monsterinsights_sitenote_active":false,"_monsterinsights_sitenote_note":"","_monsterinsights_sitenote_category":0,"footnotes":""},"simple-restrict-permission":[],"class_list":["post-18020","page","type-page","status-publish","hentry"],"yoast_head":"<!-- This site is optimized with the Yoast SEO plugin v27.4 - https:\/\/yoast.com\/product\/yoast-seo-wordpress\/ -->\n<title>Terms of service | KENNOL - Performance Oil<\/title>\n<meta name=\"robots\" content=\"index, follow, max-snippet:-1, max-image-preview:large, max-video-preview:-1\" \/>\n<link rel=\"canonical\" href=\"https:\/\/kennol.com\/en\/terms-of-service\/\" \/>\n<meta property=\"og:locale\" content=\"en_US\" \/>\n<meta property=\"og:type\" content=\"article\" \/>\n<meta property=\"og:title\" content=\"Terms of service | KENNOL - Performance Oil\" \/>\n<meta property=\"og:description\" content=\"[vc_row full_width=&#8221;stretch_row&#8221; disable_background_image=&#8221;&#8221; simple_background_color=&#8221;#ee3124&#8243; simple_background_image=&#8221;7083&#8243;][vc_column offset=&#8221;vc_hidden-lg vc_hidden-md&#8221;][\/vc_column][\/vc_row][vc_row full_width=&#8221;stretch_row&#8221; disable_background_image=&#8221;&#8221; css=&#8221;.vc_custom_1534858881195{background-image: url(\/wp-content\/uploads\/2018\/06\/News_PERFORMANCE_bandeau.png?id=8855) !important;background-position: center !important;background-repeat: no-repeat !important;background-size: cover !important;}&#8221; simple_background_color=&#8221;#ee3124&#8243; simple_background_image=&#8221;8855&#8243;][vc_column css=&#8221;.vc_custom_1534858905473{padding-top: 120px !important;padding-bottom: 40px !important;}&#8221; offset=&#8221;vc_hidden-sm vc_hidden-xs&#8221;][vc_column_text] TERMS OF SERVICE [\/vc_column_text][\/vc_column][\/vc_row][vc_row full_width=&#8221;stretch_row&#8221; parallax=&#8221;content-moving&#8221; parallax_image=&#8221;12602&#8243; anchor=&#8221;store&#8221;][vc_column][vc_column_text] Terms [\/vc_column_text][vc_column_text css=&#8221;.vc_custom_1548412475642{padding-right: 40px !important;padding-bottom: 30px !important;padding-left: 40px !important;}&#8221;]By accessing the website at kennol.com, you are agreeing to be bound [&hellip;]\" \/>\n<meta property=\"og:url\" content=\"https:\/\/kennol.com\/en\/terms-of-service\/\" \/>\n<meta property=\"og:site_name\" content=\"KENNOL\" \/>\n<meta property=\"article:modified_time\" content=\"2021-08-27T10:19:10+00:00\" \/>\n<meta name=\"twitter:card\" content=\"summary_large_image\" \/>\n<meta name=\"twitter:label1\" content=\"Est. reading time\" \/>\n\t<meta name=\"twitter:data1\" content=\"5 minutes\" \/>\n<script type=\"application\/ld+json\" class=\"yoast-schema-graph\">{\"@context\":\"https:\\\/\\\/schema.org\",\"@graph\":[{\"@type\":\"WebPage\",\"@id\":\"https:\\\/\\\/kennol.com\\\/en\\\/terms-of-service\\\/\",\"url\":\"https:\\\/\\\/kennol.com\\\/en\\\/terms-of-service\\\/\",\"name\":\"Terms of service | KENNOL - Performance Oil\",\"isPartOf\":{\"@id\":\"https:\\\/\\\/kennol.com\\\/en\\\/#website\"},\"datePublished\":\"2018-10-24T09:01:27+00:00\",\"dateModified\":\"2021-08-27T10:19:10+00:00\",\"inLanguage\":\"en-US\",\"potentialAction\":[{\"@type\":\"ReadAction\",\"target\":[\"https:\\\/\\\/kennol.com\\\/en\\\/terms-of-service\\\/\"]}]},{\"@type\":\"WebSite\",\"@id\":\"https:\\\/\\\/kennol.com\\\/en\\\/#website\",\"url\":\"https:\\\/\\\/kennol.com\\\/en\\\/\",\"name\":\"KENNOL\",\"description\":\"Performance Oil\",\"publisher\":{\"@id\":\"https:\\\/\\\/kennol.com\\\/en\\\/#organization\"},\"potentialAction\":[{\"@type\":\"SearchAction\",\"target\":{\"@type\":\"EntryPoint\",\"urlTemplate\":\"https:\\\/\\\/kennol.com\\\/en\\\/?s={search_term_string}\"},\"query-input\":{\"@type\":\"PropertyValueSpecification\",\"valueRequired\":true,\"valueName\":\"search_term_string\"}}],\"inLanguage\":\"en-US\"},{\"@type\":\"Organization\",\"@id\":\"https:\\\/\\\/kennol.com\\\/en\\\/#organization\",\"name\":\"PPO\",\"url\":\"https:\\\/\\\/kennol.com\\\/en\\\/\",\"logo\":{\"@type\":\"ImageObject\",\"inLanguage\":\"en-US\",\"@id\":\"https:\\\/\\\/kennol.com\\\/en\\\/#\\\/schema\\\/logo\\\/image\\\/\",\"url\":\"https:\\\/\\\/kennol.com\\\/wp-content\\\/uploads\\\/2018\\\/01\\\/KENNOL_logo_header.png\",\"contentUrl\":\"https:\\\/\\\/kennol.com\\\/wp-content\\\/uploads\\\/2018\\\/01\\\/KENNOL_logo_header.png\",\"width\":400,\"height\":140,\"caption\":\"PPO\"},\"image\":{\"@id\":\"https:\\\/\\\/kennol.com\\\/en\\\/#\\\/schema\\\/logo\\\/image\\\/\"}}]}<\/script>\n<!-- \/ Yoast SEO plugin. -->","yoast_head_json":{"title":"Terms of service | KENNOL - Performance Oil","robots":{"index":"index","follow":"follow","max-snippet":"max-snippet:-1","max-image-preview":"max-image-preview:large","max-video-preview":"max-video-preview:-1"},"canonical":"https:\/\/kennol.com\/en\/terms-of-service\/","og_locale":"en_US","og_type":"article","og_title":"Terms of service | KENNOL - Performance Oil","og_description":"[vc_row full_width=&#8221;stretch_row&#8221; disable_background_image=&#8221;&#8221; simple_background_color=&#8221;#ee3124&#8243; simple_background_image=&#8221;7083&#8243;][vc_column offset=&#8221;vc_hidden-lg vc_hidden-md&#8221;][\/vc_column][\/vc_row][vc_row full_width=&#8221;stretch_row&#8221; disable_background_image=&#8221;&#8221; css=&#8221;.vc_custom_1534858881195{background-image: url(\/wp-content\/uploads\/2018\/06\/News_PERFORMANCE_bandeau.png?id=8855) !important;background-position: center !important;background-repeat: no-repeat !important;background-size: cover !important;}&#8221; simple_background_color=&#8221;#ee3124&#8243; simple_background_image=&#8221;8855&#8243;][vc_column css=&#8221;.vc_custom_1534858905473{padding-top: 120px !important;padding-bottom: 40px !important;}&#8221; offset=&#8221;vc_hidden-sm vc_hidden-xs&#8221;][vc_column_text] TERMS OF SERVICE [\/vc_column_text][\/vc_column][\/vc_row][vc_row full_width=&#8221;stretch_row&#8221; parallax=&#8221;content-moving&#8221; parallax_image=&#8221;12602&#8243; anchor=&#8221;store&#8221;][vc_column][vc_column_text] Terms [\/vc_column_text][vc_column_text css=&#8221;.vc_custom_1548412475642{padding-right: 40px !important;padding-bottom: 30px !important;padding-left: 40px !important;}&#8221;]By accessing the website at kennol.com, you are agreeing to be bound [&hellip;]","og_url":"https:\/\/kennol.com\/en\/terms-of-service\/","og_site_name":"KENNOL","article_modified_time":"2021-08-27T10:19:10+00:00","twitter_card":"summary_large_image","twitter_misc":{"Est. reading time":"5 minutes"},"schema":{"@context":"https:\/\/schema.org","@graph":[{"@type":"WebPage","@id":"https:\/\/kennol.com\/en\/terms-of-service\/","url":"https:\/\/kennol.com\/en\/terms-of-service\/","name":"Terms of service | KENNOL - Performance Oil","isPartOf":{"@id":"https:\/\/kennol.com\/en\/#website"},"datePublished":"2018-10-24T09:01:27+00:00","dateModified":"2021-08-27T10:19:10+00:00","inLanguage":"en-US","potentialAction":[{"@type":"ReadAction","target":["https:\/\/kennol.com\/en\/terms-of-service\/"]}]},{"@type":"WebSite","@id":"https:\/\/kennol.com\/en\/#website","url":"https:\/\/kennol.com\/en\/","name":"KENNOL","description":"Performance Oil","publisher":{"@id":"https:\/\/kennol.com\/en\/#organization"},"potentialAction":[{"@type":"SearchAction","target":{"@type":"EntryPoint","urlTemplate":"https:\/\/kennol.com\/en\/?s={search_term_string}"},"query-input":{"@type":"PropertyValueSpecification","valueRequired":true,"valueName":"search_term_string"}}],"inLanguage":"en-US"},{"@type":"Organization","@id":"https:\/\/kennol.com\/en\/#organization","name":"PPO","url":"https:\/\/kennol.com\/en\/","logo":{"@type":"ImageObject","inLanguage":"en-US","@id":"https:\/\/kennol.com\/en\/#\/schema\/logo\/image\/","url":"https:\/\/kennol.com\/wp-content\/uploads\/2018\/01\/KENNOL_logo_header.png","contentUrl":"https:\/\/kennol.com\/wp-content\/uploads\/2018\/01\/KENNOL_logo_header.png","width":400,"height":140,"caption":"PPO"},"image":{"@id":"https:\/\/kennol.com\/en\/#\/schema\/logo\/image\/"}}]}},"_links":{"self":[{"href":"https:\/\/kennol.com\/en\/wp-json\/wp\/v2\/pages\/18020","targetHints":{"allow":["GET"]}}],"collection":[{"href":"https:\/\/kennol.com\/en\/wp-json\/wp\/v2\/pages"}],"about":[{"href":"https:\/\/kennol.com\/en\/wp-json\/wp\/v2\/types\/page"}],"author":[{"embeddable":true,"href":"https:\/\/kennol.com\/en\/wp-json\/wp\/v2\/users\/2"}],"replies":[{"embeddable":true,"href":"https:\/\/kennol.com\/en\/wp-json\/wp\/v2\/comments?post=18020"}],"version-history":[{"count":4,"href":"https:\/\/kennol.com\/en\/wp-json\/wp\/v2\/pages\/18020\/revisions"}],"predecessor-version":[{"id":47787,"href":"https:\/\/kennol.com\/en\/wp-json\/wp\/v2\/pages\/18020\/revisions\/47787"}],"wp:attachment":[{"href":"https:\/\/kennol.com\/en\/wp-json\/wp\/v2\/media?parent=18020"}],"wp:term":[{"taxonomy":"simple-restrict-permission","embeddable":true,"href":"https:\/\/kennol.com\/en\/wp-json\/wp\/v2\/simple-restrict-permission?post=18020"}],"curies":[{"name":"wp","href":"https:\/\/api.w.org\/{rel}","templated":true}]}}