{"id":58044,"date":"2022-11-24T10:38:14","date_gmt":"2022-11-24T09:38:14","guid":{"rendered":"https:\/\/kennol.com\/produits\/ecology-5w-30-c2-c3-plus\/"},"modified":"2025-10-24T16:39:13","modified_gmt":"2025-10-24T14:39:13","slug":"ecology-5w-30-c2-c3-plus","status":"publish","type":"product","link":"https:\/\/kennol.com\/ar\/\u0627\u0644\u0645\u0646\u062a\u062c\u0627\u062a\/ecology-5w-30-c2-c3-plus\/","title":{"rendered":"ECOLOGY 5W-30 C2\/C3+"},"content":{"rendered":"<div class=\"wpb-content-wrapper\"><p>[vc_row row_content_width=&#8221;grid&#8221;][vc_column][vc_column_text]<span style=\"color: #ffffff;\">\u0634\u062d\u0645 \u062a\u0632\u0644\u064a\u0642 \u0644\u0644\u0645\u062d\u0631\u0643\u0627\u062a 100% \u062a\u062e\u0644\u064a\u0642\u064a \u0628\u0646\u0633\u0628\u0629 \u0645\u0646\u062e\u0641\u0636\u0629 \u0645\u0646 \u0631\u0645\u0627\u062f \u0627\u0644\u0643\u0628\u0631\u064a\u062a\u0627\u062a \u0648\u0627\u0644\u0641\u0633\u0641\u0648\u0631 \u0648\u0627\u0644\u0643\u0628\u0631\u064a\u062a (Mid SAPS). \u064a\u0648\u0635\u0649 \u0628\u0634\u062d\u0645 \u0627\u0644\u062a\u0632\u0644\u064a\u0642 \u0647\u0630\u0627 \u0644\u0645\u062d\u0631\u0643\u0627\u062a \u0627\u0644\u0633\u064a\u0627\u0631\u0627\u062a \u0627\u0644\u0633\u064a\u0627\u062d\u064a\u0629 \u0645\u0646 \u0627\u0644\u062c\u064a\u0644 \u0627\u0644\u062c\u062f\u064a\u062f\u060c \u0633\u0648\u0627\u0621 \u0643\u0627\u0646\u062a \u0645\u062c\u0647\u0632\u0629 \u0628\u0645\u0631\u0634\u062d\u0627\u062a \u062c\u0632\u064a\u0626\u0627\u062a \u0623\u0648 \u0628\u0645\u062d\u0641\u0632\u060c \u0623\u0648 \u0643\u0644\u0627\u0647\u0645\u0627 \u0623\u0648 \u0644\u0645 \u062a\u0643\u0646 \u0645\u062c\u0647\u0632\u0629 \u0628\u0647\u0627. <\/span>[\/vc_column_text][vc_empty_space height=&#8221;10px&#8221;][vc_column_text]<span style=\"color: #999999;\"><em>\u0627\u0644\u0645\u064a\u0632\u0627\u062a \u0648\u0627\u0644\u0641\u0648\u0627\u0626\u062f<\/em><\/span>[\/vc_column_text]<div class=\"eltd-separator-holder clearfix  eltd-separator-center \">\n\t<div class=\"eltd-separator\" style=\"border-color: #999999;border-style: solid;width: 100%;border-bottom-width: 1px\"><\/div>\n<\/div>\n[vc_column_text]<\/p>\n<p><span style=\"color: #999999;\">Tr\u00e8s grande fluidit\u00e9<\/span><br \/>\n<span style=\"color: #ee3124;\">\u2190 <\/span> <span style=\"color: #ffffff;\">\u00c9conomie de carburant et protection de l\u2019environnement<\/span><\/p>\n<p><span style=\"color: #999999;\">Pouvoirs d\u00e9tergent et dispersant importants<\/span><br \/>\n<span style=\"color: #ee3124;\">\u2190 <\/span> <span style=\"color: #ffffff;\">Excellentes pr\u00e9servation du moteur et diminution des \u00e9missions \u00e0 l\u2019\u00e9chappement<\/span><\/p>\n<p><span style=\"color: #999999;\">Grande stabilit\u00e9 thermique<\/span><br \/>\n<span style=\"color: #ee3124;\">\u2190 <\/span> <span style=\"color: #ffffff;\">Protection id\u00e9ale \u00e0 haute temp\u00e9rature de fonctionnement<\/span><\/p>\n<p><span style=\"color: #999999;\">Faible volatilit\u00e9<\/span><br \/>\n<span style=\"color: #ee3124;\">\u2190 <\/span> <span style=\"color: #ffffff;\">Consommation d&#8217;huile tr\u00e8s basse<\/span><\/p>\n<p>[\/vc_column_text][\/vc_column][\/vc_row][vc_column][\/vc_column][vc_column][\/vc_column]<\/p>\n<\/div>","protected":false},"excerpt":{"rendered":"<h3><span style=\"color: #808080;\">ENGINE OIL<br \/>\n100% SYNTHETIC<\/span><\/h3>\n<p>&nbsp;<br \/>\n<span style=\"color: #666666;\"><em>\u0627\u0644\u0645\u0648\u0627\u0635\u0641\u0627\u062a<\/em><\/span><\/p>\n<hr color=\"#666666\" line-height=\"1px\"\/>\n<span style=\"color: #ffffff;\"><b>SAE<\/b> 5W-30<br \/>\n<b>ACEA<\/b> C2\/C3<br \/>\n<b>API<\/b> SP<br \/>\n<b>FIAT<\/b> 9.55535-S1<br \/>\n<b>GM<\/b> DEXOS 2 Gen 2<br \/>\n<b>BMW<\/b> LL-04<br \/>\n<b>MERCEDES-BENZ<\/b> MB 226.52<br \/>\n<strong>\u0634\u0647\u0627\u062f\u0629 \u0627\u0644\u0627\u0639\u062a\u0645\u0627\u062f <\/strong>MB 229.31\/229.51\/229.52<br \/>\n<b>PSA<\/b> B71 2290<br \/>\n<b>RENAULT<\/b> RN 0700\/RN 0710<br \/>\n<strong>\u0634\u0647\u0627\u062f\u0629 \u0627\u0644\u0627\u0639\u062a\u0645\u0627\u062f <\/strong>RN 17<br \/>\n<\/span>&nbsp;<\/p>\n<p><img decoding=\"async\" src=\"\/wp-content\/uploads\/KENNOL_Fuel_Economy_2.5.png\" \/><\/p>\n<p>&nbsp;<br \/>\n<span style=\"color: #666666;\"><em>\u0627\u0644\u0639\u0628\u0648\u0627\u062a \u0627\u0644\u0645\u062a\u0648\u0641\u0631\u0629<\/em><\/span><\/p>\n<hr color=\"#666666\" line-height=\"1px\"\/>\n<style>.col5 {-webkit-column-count: 5; -moz-column-count: 5; column-count: 5;}<\/style>\n<div class=\"col5\">\n<div class=\"leftcontainer\"><img decoding=\"async\" src=\"\/wp-content\/uploads\/KENNOL_CONDITIONNEMENT_1L.png\" onmouseover=\"this.src=&#039;\/wp-content\/uploads\/KENNOL_CONDITIONNEMENT_1L_VISUEL.png&#039;\" onmouseout=\"this.src=&#039;\/wp-content\/uploads\/KENNOL_CONDITIONNEMENT_1L.png&#039;\"\/><\/p>\n<p>193321<\/p>\n<\/div>\n<div class=\"leftcontainer\"><img decoding=\"async\" src=\"\/wp-content\/uploads\/KENNOL_CONDITIONNEMENT_5L.png\" onmouseover=\"this.src=&#039;\/wp-content\/uploads\/KENNOL_CONDITIONNEMENT_5L_VISUEL.png&#039;\" onmouseout=\"this.src=&#039;\/wp-content\/uploads\/KENNOL_CONDITIONNEMENT_5L.png&#039;\"\/><\/p>\n<p>193323<\/p>\n<\/div>\n<div class=\"leftcontainer\"><img decoding=\"async\" src=\"\/wp-content\/uploads\/KENNOL_CONDITIONNEMENT_20L_ECOBOX-1.png\" onmouseover=\"this.src=&#039;\/wp-content\/uploads\/KENNOL_CONDITIONNEMENT_20L_ECOBOX_VISUEL.png&#039;\" onmouseout=\"this.src=&#039;\/wp-content\/uploads\/KENNOL_CONDITIONNEMENT_20L_ECOBOX-1.png&#039;\"\/><\/p>\n<p>193327B<\/p>\n<\/div>\n<div class=\"leftcontainer\"><img decoding=\"async\" src=\"\/wp-content\/uploads\/KENNOL_CONDITIONNEMENT_60L.png\" onmouseover=\"this.src=&#039;\/wp-content\/uploads\/KENNOL_CONDITIONNEMENT_60L_VISUEL.png&#039;\" onmouseout=\"this.src=&#039;\/wp-content\/uploads\/KENNOL_CONDITIONNEMENT_60L.png&#039;\"\/><\/p>\n<p>193326<\/p>\n<\/div>\n<div class=\"leftcontainer\"><img decoding=\"async\" src=\"\/wp-content\/uploads\/KENNOL_CONDITIONNEMENT_220L.png\" onmouseover=\"this.src=&#039;\/wp-content\/uploads\/KENNOL_CONDITIONNEMENT_220L_VISUEL.png&#039;\" onmouseout=\"this.src=&#039;\/wp-content\/uploads\/KENNOL_CONDITIONNEMENT_220L.png&#039;\"\/><\/p>\n<p>193329<\/p>\n<\/div>\n<\/div>\n<p>&nbsp;<br \/>\n<em><span style=\"color: #666666;\">\u0627\u0644\u062a\u0646\u0632\u064a\u0644\u0627\u062a<\/span><\/em><\/p>\n<hr color=\"#666666\" line-height=\"1px\"\/>\n<p><a href=\"\/EN\/FT\/KENNOL_ECOLOGY_5W-30_C2_C3_PLUS_EN.pdf\" target=\"_blank\" rel=\"noopener noreferrer\"><img decoding=\"async\" src=\"\/wp-content\/uploads\/2018\/03\/pdf.png\" alt=\"\" \/>\u00a0 <\/a><span style=\"color: #ee3124;\"><a style=\"color: #ee3124;\" href=\"\/EN\/FT\/KENNOL_ECOLOGY_5W-30_C2_C3_PLUS_EN.pdf\" target=\"_blank\" rel=\"noopener noreferrer\"><strong>\u0635\u062d\u064a\u0641\u0629 \u0627\u0644\u0628\u064a\u0627\u0646\u0627\u062a \u0627\u0644\u0641\u0646\u064a\u0629<\/strong><\/a><\/span><br \/>\n<a href=\"\/EN\/FDS\/KENNOL_ECOLOGY_5W-30_C2_C3_PLUS_EN.pdf\" target=\"_blank\" rel=\"noopener noreferrer\"><img decoding=\"async\" src=\"\/wp-content\/uploads\/2018\/03\/pdf.png\" alt=\"\" \/>\u00a0\u00a0<\/a><span style=\"color: #ee3124;\"><a style=\"color: #ee3124;\" href=\"\/EN\/FDS\/KENNOL_ECOLOGY_5W-30_C2_C3_PLUS_EN.pdf\" target=\"_blank\" rel=\"noopener noreferrer\"><strong>\u0635\u062d\u064a\u0641\u0629 \u0627\u0644\u0628\u064a\u0627\u0646\u0627\u062a \u0627\u0644\u0623\u0645\u0646\u064a\u0629<\/strong><\/a><\/span><br \/>\n&nbsp;<br \/>\n<a href=\"\/ar\/\u0627\u0644\u0639\u0644\u0627\u0645\u0629-\u0627\u0644\u062a\u062c\u0627\u0631\u064a\u0629\/\u0627\u0644\u0645\u0644\u0635\u0642\u0627\u062a\/\"><img decoding=\"async\" src=\"\/wp-content\/uploads\/KENNOL_LOGO_MadeInFrance.png\" width=\"250\" \/><\/a><\/p>\n","protected":false},"featured_media":56227,"template":"","meta":{"_monsterinsights_skip_tracking":false,"_monsterinsights_sitenote_active":false,"_monsterinsights_sitenote_note":"","_monsterinsights_sitenote_category":0},"product_brand":[],"product_cat":[2197,2201],"product_tag":[2198,2200,2199],"class_list":{"0":"post-58044","1":"product","2":"type-product","3":"status-publish","4":"has-post-thumbnail","6":"product_cat-2197","7":"product_cat-2201","8":"product_tag-2198","9":"product_tag-2200","10":"product_tag-2199","12":"first","13":"instock","14":"shipping-taxable","15":"product-type-simple"},"yoast_head":"<!-- This site is optimized with the Yoast SEO plugin v27.4 - https:\/\/yoast.com\/product\/yoast-seo-wordpress\/ -->\n<title>ECOLOGY 5W-30 C2\/C3+ - KENNOL<\/title>\n<meta name=\"robots\" content=\"index, follow, max-snippet:-1, max-image-preview:large, max-video-preview:-1\" \/>\n<link rel=\"canonical\" href=\"https:\/\/kennol.com\/ar\/\u0627\u0644\u0645\u0646\u062a\u062c\u0627\u062a\/ecology-5w-30-c2-c3-plus\/\" \/>\n<meta property=\"og:locale\" content=\"ar_AR\" \/>\n<meta property=\"og:type\" content=\"article\" \/>\n<meta property=\"og:title\" content=\"ECOLOGY 5W-30 C2\/C3+ - KENNOL\" \/>\n<meta property=\"og:description\" content=\"ENGINE OIL 100% SYNTHETIC &nbsp; \u0627\u0644\u0645\u0648\u0627\u0635\u0641\u0627\u062a  SAE 5W-30 ACEA C2\/C3 API SP FIAT 9.55535-S1 GM DEXOS 2 Gen 2 BMW LL-04 MERCEDES-BENZ MB 226.52 \u0634\u0647\u0627\u062f\u0629 \u0627\u0644\u0627\u0639\u062a\u0645\u0627\u062f MB 229.31\/229.51\/229.52 PSA B71 2290 RENAULT RN 0700\/RN 0710 \u0634\u0647\u0627\u062f\u0629 \u0627\u0644\u0627\u0639\u062a\u0645\u0627\u062f RN 17 &nbsp;  &nbsp; \u0627\u0644\u0639\u0628\u0648\u0627\u062a \u0627\u0644\u0645\u062a\u0648\u0641\u0631\u0629    193321   193323   193327B   193326   193329  &nbsp; \u0627\u0644\u062a\u0646\u0632\u064a\u0644\u0627\u062a  \u00a0 \u0635\u062d\u064a\u0641\u0629 \u0627\u0644\u0628\u064a\u0627\u0646\u0627\u062a \u0627\u0644\u0641\u0646\u064a\u0629 \u00a0\u00a0\u0635\u062d\u064a\u0641\u0629 \u0627\u0644\u0628\u064a\u0627\u0646\u0627\u062a \u0627\u0644\u0623\u0645\u0646\u064a\u0629 &nbsp;\" \/>\n<meta property=\"og:url\" content=\"https:\/\/kennol.com\/ar\/\u0627\u0644\u0645\u0646\u062a\u062c\u0627\u062a\/ecology-5w-30-c2-c3-plus\/\" \/>\n<meta property=\"og:site_name\" content=\"KENNOL\" \/>\n<meta property=\"article:modified_time\" content=\"2025-10-24T14:39:13+00:00\" \/>\n<meta property=\"og:image\" content=\"https:\/\/kennol.com\/wp-content\/uploads\/KENNOL_ECOLOGY_5W-30_C2_C3_PLUS.jpg\" \/>\n\t<meta property=\"og:image:width\" content=\"1100\" \/>\n\t<meta property=\"og:image:height\" content=\"1100\" \/>\n\t<meta property=\"og:image:type\" content=\"image\/jpeg\" \/>\n<meta name=\"twitter:card\" content=\"summary_large_image\" \/>\n<meta name=\"twitter:label1\" content=\"\u0648\u0642\u062a \u0627\u0644\u0642\u0631\u0627\u0621\u0629 \u0627\u0644\u0645\u064f\u0642\u062f\u0651\u0631\" \/>\n\t<meta name=\"twitter:data1\" content=\"1 \u062f\u0642\u064a\u0642\u0629\" \/>\n<script type=\"application\/ld+json\" class=\"yoast-schema-graph\">{\"@context\":\"https:\\\/\\\/schema.org\",\"@graph\":[{\"@type\":\"WebPage\",\"@id\":\"https:\\\/\\\/kennol.com\\\/ar\\\/\u0627\u0644\u0645\u0646\u062a\u062c\u0627\u062a\\\/ecology-5w-30-c2-c3-plus\\\/\",\"url\":\"https:\\\/\\\/kennol.com\\\/ar\\\/\u0627\u0644\u0645\u0646\u062a\u062c\u0627\u062a\\\/ecology-5w-30-c2-c3-plus\\\/\",\"name\":\"ECOLOGY 5W-30 C2\\\/C3+ - KENNOL\",\"isPartOf\":{\"@id\":\"https:\\\/\\\/kennol.com\\\/ar\\\/#website\"},\"primaryImageOfPage\":{\"@id\":\"https:\\\/\\\/kennol.com\\\/ar\\\/\u0627\u0644\u0645\u0646\u062a\u062c\u0627\u062a\\\/ecology-5w-30-c2-c3-plus\\\/#primaryimage\"},\"image\":{\"@id\":\"https:\\\/\\\/kennol.com\\\/ar\\\/\u0627\u0644\u0645\u0646\u062a\u062c\u0627\u062a\\\/ecology-5w-30-c2-c3-plus\\\/#primaryimage\"},\"thumbnailUrl\":\"https:\\\/\\\/kennol.com\\\/wp-content\\\/uploads\\\/KENNOL_ECOLOGY_5W-30_C2_C3_PLUS.jpg\",\"datePublished\":\"2022-11-24T09:38:14+00:00\",\"dateModified\":\"2025-10-24T14:39:13+00:00\",\"breadcrumb\":{\"@id\":\"https:\\\/\\\/kennol.com\\\/ar\\\/\u0627\u0644\u0645\u0646\u062a\u062c\u0627\u062a\\\/ecology-5w-30-c2-c3-plus\\\/#breadcrumb\"},\"inLanguage\":\"ar\",\"potentialAction\":[{\"@type\":\"ReadAction\",\"target\":[\"https:\\\/\\\/kennol.com\\\/ar\\\/\u0627\u0644\u0645\u0646\u062a\u062c\u0627\u062a\\\/ecology-5w-30-c2-c3-plus\\\/\"]}]},{\"@type\":\"ImageObject\",\"inLanguage\":\"ar\",\"@id\":\"https:\\\/\\\/kennol.com\\\/ar\\\/\u0627\u0644\u0645\u0646\u062a\u062c\u0627\u062a\\\/ecology-5w-30-c2-c3-plus\\\/#primaryimage\",\"url\":\"https:\\\/\\\/kennol.com\\\/wp-content\\\/uploads\\\/KENNOL_ECOLOGY_5W-30_C2_C3_PLUS.jpg\",\"contentUrl\":\"https:\\\/\\\/kennol.com\\\/wp-content\\\/uploads\\\/KENNOL_ECOLOGY_5W-30_C2_C3_PLUS.jpg\",\"width\":1100,\"height\":1100},{\"@type\":\"BreadcrumbList\",\"@id\":\"https:\\\/\\\/kennol.com\\\/ar\\\/\u0627\u0644\u0645\u0646\u062a\u062c\u0627\u062a\\\/ecology-5w-30-c2-c3-plus\\\/#breadcrumb\",\"itemListElement\":[{\"@type\":\"ListItem\",\"position\":1,\"name\":\"\u0627\u0644\u0645\u0646\u062a\u062c\u0627\u062a\",\"item\":\"https:\\\/\\\/kennol.com\\\/ar\\\/products-2\\\/\"},{\"@type\":\"ListItem\",\"position\":2,\"name\":\"ECOLOGY 5W-30 C2\\\/C3+\"}]},{\"@type\":\"WebSite\",\"@id\":\"https:\\\/\\\/kennol.com\\\/ar\\\/#website\",\"url\":\"https:\\\/\\\/kennol.com\\\/ar\\\/\",\"name\":\"KENNOL\",\"description\":\"Performance Oil\",\"publisher\":{\"@id\":\"https:\\\/\\\/kennol.com\\\/ar\\\/#organization\"},\"potentialAction\":[{\"@type\":\"SearchAction\",\"target\":{\"@type\":\"EntryPoint\",\"urlTemplate\":\"https:\\\/\\\/kennol.com\\\/ar\\\/?s={search_term_string}\"},\"query-input\":{\"@type\":\"PropertyValueSpecification\",\"valueRequired\":true,\"valueName\":\"search_term_string\"}}],\"inLanguage\":\"ar\"},{\"@type\":\"Organization\",\"@id\":\"https:\\\/\\\/kennol.com\\\/ar\\\/#organization\",\"name\":\"PPO\",\"url\":\"https:\\\/\\\/kennol.com\\\/ar\\\/\",\"logo\":{\"@type\":\"ImageObject\",\"inLanguage\":\"ar\",\"@id\":\"https:\\\/\\\/kennol.com\\\/ar\\\/#\\\/schema\\\/logo\\\/image\\\/\",\"url\":\"https:\\\/\\\/kennol.com\\\/wp-content\\\/uploads\\\/2018\\\/01\\\/KENNOL_logo_header.png\",\"contentUrl\":\"https:\\\/\\\/kennol.com\\\/wp-content\\\/uploads\\\/2018\\\/01\\\/KENNOL_logo_header.png\",\"width\":400,\"height\":140,\"caption\":\"PPO\"},\"image\":{\"@id\":\"https:\\\/\\\/kennol.com\\\/ar\\\/#\\\/schema\\\/logo\\\/image\\\/\"}}]}<\/script>\n<!-- \/ Yoast SEO plugin. -->","yoast_head_json":{"title":"ECOLOGY 5W-30 C2\/C3+ - KENNOL","robots":{"index":"index","follow":"follow","max-snippet":"max-snippet:-1","max-image-preview":"max-image-preview:large","max-video-preview":"max-video-preview:-1"},"canonical":"https:\/\/kennol.com\/ar\/\u0627\u0644\u0645\u0646\u062a\u062c\u0627\u062a\/ecology-5w-30-c2-c3-plus\/","og_locale":"ar_AR","og_type":"article","og_title":"ECOLOGY 5W-30 C2\/C3+ - KENNOL","og_description":"ENGINE OIL 100% SYNTHETIC &nbsp; \u0627\u0644\u0645\u0648\u0627\u0635\u0641\u0627\u062a  SAE 5W-30 ACEA C2\/C3 API SP FIAT 9.55535-S1 GM DEXOS 2 Gen 2 BMW LL-04 MERCEDES-BENZ MB 226.52 \u0634\u0647\u0627\u062f\u0629 \u0627\u0644\u0627\u0639\u062a\u0645\u0627\u062f MB 229.31\/229.51\/229.52 PSA B71 2290 RENAULT RN 0700\/RN 0710 \u0634\u0647\u0627\u062f\u0629 \u0627\u0644\u0627\u0639\u062a\u0645\u0627\u062f RN 17 &nbsp;  &nbsp; \u0627\u0644\u0639\u0628\u0648\u0627\u062a \u0627\u0644\u0645\u062a\u0648\u0641\u0631\u0629    193321   193323   193327B   193326   193329  &nbsp; \u0627\u0644\u062a\u0646\u0632\u064a\u0644\u0627\u062a  \u00a0 \u0635\u062d\u064a\u0641\u0629 \u0627\u0644\u0628\u064a\u0627\u0646\u0627\u062a \u0627\u0644\u0641\u0646\u064a\u0629 \u00a0\u00a0\u0635\u062d\u064a\u0641\u0629 \u0627\u0644\u0628\u064a\u0627\u0646\u0627\u062a \u0627\u0644\u0623\u0645\u0646\u064a\u0629 &nbsp;","og_url":"https:\/\/kennol.com\/ar\/\u0627\u0644\u0645\u0646\u062a\u062c\u0627\u062a\/ecology-5w-30-c2-c3-plus\/","og_site_name":"KENNOL","article_modified_time":"2025-10-24T14:39:13+00:00","og_image":[{"width":1100,"height":1100,"url":"https:\/\/kennol.com\/wp-content\/uploads\/KENNOL_ECOLOGY_5W-30_C2_C3_PLUS.jpg","type":"image\/jpeg"}],"twitter_card":"summary_large_image","twitter_misc":{"\u0648\u0642\u062a \u0627\u0644\u0642\u0631\u0627\u0621\u0629 \u0627\u0644\u0645\u064f\u0642\u062f\u0651\u0631":"1 \u062f\u0642\u064a\u0642\u0629"},"schema":{"@context":"https:\/\/schema.org","@graph":[{"@type":"WebPage","@id":"https:\/\/kennol.com\/ar\/\u0627\u0644\u0645\u0646\u062a\u062c\u0627\u062a\/ecology-5w-30-c2-c3-plus\/","url":"https:\/\/kennol.com\/ar\/\u0627\u0644\u0645\u0646\u062a\u062c\u0627\u062a\/ecology-5w-30-c2-c3-plus\/","name":"ECOLOGY 5W-30 C2\/C3+ - KENNOL","isPartOf":{"@id":"https:\/\/kennol.com\/ar\/#website"},"primaryImageOfPage":{"@id":"https:\/\/kennol.com\/ar\/\u0627\u0644\u0645\u0646\u062a\u062c\u0627\u062a\/ecology-5w-30-c2-c3-plus\/#primaryimage"},"image":{"@id":"https:\/\/kennol.com\/ar\/\u0627\u0644\u0645\u0646\u062a\u062c\u0627\u062a\/ecology-5w-30-c2-c3-plus\/#primaryimage"},"thumbnailUrl":"https:\/\/kennol.com\/wp-content\/uploads\/KENNOL_ECOLOGY_5W-30_C2_C3_PLUS.jpg","datePublished":"2022-11-24T09:38:14+00:00","dateModified":"2025-10-24T14:39:13+00:00","breadcrumb":{"@id":"https:\/\/kennol.com\/ar\/\u0627\u0644\u0645\u0646\u062a\u062c\u0627\u062a\/ecology-5w-30-c2-c3-plus\/#breadcrumb"},"inLanguage":"ar","potentialAction":[{"@type":"ReadAction","target":["https:\/\/kennol.com\/ar\/\u0627\u0644\u0645\u0646\u062a\u062c\u0627\u062a\/ecology-5w-30-c2-c3-plus\/"]}]},{"@type":"ImageObject","inLanguage":"ar","@id":"https:\/\/kennol.com\/ar\/\u0627\u0644\u0645\u0646\u062a\u062c\u0627\u062a\/ecology-5w-30-c2-c3-plus\/#primaryimage","url":"https:\/\/kennol.com\/wp-content\/uploads\/KENNOL_ECOLOGY_5W-30_C2_C3_PLUS.jpg","contentUrl":"https:\/\/kennol.com\/wp-content\/uploads\/KENNOL_ECOLOGY_5W-30_C2_C3_PLUS.jpg","width":1100,"height":1100},{"@type":"BreadcrumbList","@id":"https:\/\/kennol.com\/ar\/\u0627\u0644\u0645\u0646\u062a\u062c\u0627\u062a\/ecology-5w-30-c2-c3-plus\/#breadcrumb","itemListElement":[{"@type":"ListItem","position":1,"name":"\u0627\u0644\u0645\u0646\u062a\u062c\u0627\u062a","item":"https:\/\/kennol.com\/ar\/products-2\/"},{"@type":"ListItem","position":2,"name":"ECOLOGY 5W-30 C2\/C3+"}]},{"@type":"WebSite","@id":"https:\/\/kennol.com\/ar\/#website","url":"https:\/\/kennol.com\/ar\/","name":"KENNOL","description":"Performance Oil","publisher":{"@id":"https:\/\/kennol.com\/ar\/#organization"},"potentialAction":[{"@type":"SearchAction","target":{"@type":"EntryPoint","urlTemplate":"https:\/\/kennol.com\/ar\/?s={search_term_string}"},"query-input":{"@type":"PropertyValueSpecification","valueRequired":true,"valueName":"search_term_string"}}],"inLanguage":"ar"},{"@type":"Organization","@id":"https:\/\/kennol.com\/ar\/#organization","name":"PPO","url":"https:\/\/kennol.com\/ar\/","logo":{"@type":"ImageObject","inLanguage":"ar","@id":"https:\/\/kennol.com\/ar\/#\/schema\/logo\/image\/","url":"https:\/\/kennol.com\/wp-content\/uploads\/2018\/01\/KENNOL_logo_header.png","contentUrl":"https:\/\/kennol.com\/wp-content\/uploads\/2018\/01\/KENNOL_logo_header.png","width":400,"height":140,"caption":"PPO"},"image":{"@id":"https:\/\/kennol.com\/ar\/#\/schema\/logo\/image\/"}}]}},"_links":{"self":[{"href":"https:\/\/kennol.com\/ar\/wp-json\/wp\/v2\/product\/58044","targetHints":{"allow":["GET"]}}],"collection":[{"href":"https:\/\/kennol.com\/ar\/wp-json\/wp\/v2\/product"}],"about":[{"href":"https:\/\/kennol.com\/ar\/wp-json\/wp\/v2\/types\/product"}],"wp:featuredmedia":[{"embeddable":true,"href":"https:\/\/kennol.com\/ar\/wp-json\/wp\/v2\/media\/56227"}],"wp:attachment":[{"href":"https:\/\/kennol.com\/ar\/wp-json\/wp\/v2\/media?parent=58044"}],"wp:term":[{"taxonomy":"product_brand","embeddable":true,"href":"https:\/\/kennol.com\/ar\/wp-json\/wp\/v2\/product_brand?post=58044"},{"taxonomy":"product_cat","embeddable":true,"href":"https:\/\/kennol.com\/ar\/wp-json\/wp\/v2\/product_cat?post=58044"},{"taxonomy":"product_tag","embeddable":true,"href":"https:\/\/kennol.com\/ar\/wp-json\/wp\/v2\/product_tag?post=58044"}],"curies":[{"name":"wp","href":"https:\/\/api.w.org\/{rel}","templated":true}]}}