{"id":38368,"date":"2018-04-17T08:54:45","date_gmt":"2018-04-17T06:54:45","guid":{"rendered":"https:\/\/kennol.com\/produits\/ultima-10w60\/"},"modified":"2025-06-27T09:56:42","modified_gmt":"2025-06-27T07:56:42","slug":"ultima-10w-60","status":"publish","type":"product","link":"https:\/\/kennol.com\/ar\/\u0627\u0644\u0645\u0646\u062a\u062c\u0627\u062a\/ultima-10w-60\/","title":{"rendered":"ULTIMA 10W-60"},"content":{"rendered":"<div class=\"wpb-content-wrapper\"><p>[vc_row row_content_width=&#8221;grid&#8221;][vc_column][vc_video link=&#8221;https:\/\/youtu.be\/kEs-PSiBr6o&#8221; align=&#8221;center&#8221;][vc_column_text css=&#8221;.vc_custom_1533541312144{padding-top: 10px !important;padding-bottom: 10px !important;}&#8221;]<\/p>\n<p><span style=\"color: #ffffff;\">Fully synthetic competition and racing oil, formulated with PAO, Esters, and state-of-the-art additives<br \/>\n10W-60 grade is specifically designed and manufactured for competition engines operating at high revs and high temperatures for long runs<\/span><\/p>\n<p>[\/vc_column_text][vc_column_text]<span style=\"color: #999999;\"><em>\u0627\u0644\u0645\u064a\u0632\u0627\u062a \u0648\u0627\u0644\u0641\u0648\u0627\u0626\u062f<\/em><\/span>[\/vc_column_text]<div class=\"eltd-separator-holder clearfix  eltd-separator-center \">\n\t<div class=\"eltd-separator\" style=\"border-color: #999999;border-style: solid;width: 100%;border-bottom-width: 1px\"><\/div>\n<\/div>\n[vc_column_text]<span style=\"color: #999999;\">Antiwear and detergent properties<\/span><br \/>\n<span style=\"color: #ee3124;\">\u2190<\/span> <span style=\"color: #ffffff;\">Extends engine life and prevents formation of black sludge<\/span><\/p>\n<p><span style=\"color: #999999;\">Low viscosity at low temperatures<\/span><br \/>\n<span style=\"color: #ee3124;\">\u2190<\/span> <span style=\"color: #ffffff;\">Excellent oil flow into the engines even at cold start<\/span><\/p>\n<p><span style=\"color: #999999;\">Excellent thermal stability<\/span><br \/>\n<span style=\"color: #ee3124;\">\u2190<\/span> <span style=\"color: #ffffff;\">Guarantees full protection at high temperature<\/span><\/p>\n<p><span style=\"color: #999999;\">High lubricating power<\/span><br \/>\n<span style=\"color: #ee3124;\">\u2190<\/span> <span style=\"color: #ffffff;\">Enables maximum performance at high speed<\/span><\/p>\n<p><script src=\"https:\/\/apps.elfsight.com\/p\/platform.js\" defer><\/script><\/p>\n<div class=\"elfsight-app-36d05937-30bc-4de7-93db-616c5dcab3cb\"><\/div>\n<p>[\/vc_column_text][\/vc_column][\/vc_row][vc_column][\/vc_column][vc_column][\/vc_column]<\/p>\n<\/div>","protected":false},"excerpt":{"rendered":"<h3><span style=\"color: #808080;\">ENGINE OIL<br \/>\n100% SYNTHETIC<\/span><\/h3>\n<p>&nbsp;<br \/>\n<span style=\"color: #666666;\"><em>\u0627\u0644\u0645\u0648\u0627\u0635\u0641\u0627\u062a<\/em><\/span><\/p>\n<hr color=\"#666666\" line-height=\"1px\"\/>\n<span style=\"color: #ffffff;\"><b>SAE<\/b> 10W-60<br \/>\n<b>ACEA<\/b> A3\/B4<br \/>\n<b>API<\/b> SN\/CF<br \/>\n<b>MERCEDES-BENZ<\/b> MB 229.3<br \/>\n<b>VOLKSWAGEN<\/b> VW 502.00\/505.00<br \/>\n<\/span>&nbsp;<br \/>\n<span style=\"color: #666666;\"><em>\u0627\u0644\u0639\u0628\u0648\u0627\u062a \u0627\u0644\u0645\u062a\u0648\u0641\u0631\u0629<\/em><\/span><\/p>\n<hr color=\"#666666\" line-height=\"1px\"\/>\n<style>.col3 {-webkit-column-count: 3; -moz-column-count: 3; column-count: 3;}<\/style>\n<div class=\"col3\">\n<div class=\"leftcontainer\"><img decoding=\"async\" src=\"\/wp-content\/uploads\/KENNOL_CONDITIONNEMENT_2L.png\" onmouseover=\"this.src=&#039;\/wp-content\/uploads\/KENNOL_CONDITIONNEMENT_2L_VISUEL.png&#039;\" onmouseout=\"this.src=&#039;\/wp-content\/uploads\/KENNOL_CONDITIONNEMENT_2L.png&#039;\"\/><\/p>\n<p>193583<\/p>\n<\/div>\n<div class=\"leftcontainer\"><img decoding=\"async\" src=\"\/wp-content\/uploads\/KENNOL_CONDITIONNEMENT_5L.png\" onmouseover=\"this.src=&#039;\/wp-content\/uploads\/KENNOL_CONDITIONNEMENT_5L_VISUEL.png&#039;\" onmouseout=\"this.src=&#039;\/wp-content\/uploads\/KENNOL_CONDITIONNEMENT_5L.png&#039;\"\/><\/p>\n<p>193582<\/p>\n<\/div>\n<div class=\"leftcontainer\"><img decoding=\"async\" src=\"\/wp-content\/uploads\/KENNOL_CONDITIONNEMENT_20L.png\" onmouseover=\"this.src=&#039;\/wp-content\/uploads\/KENNOL_CONDITIONNEMENT_20L_VISUEL.png&#039;\" onmouseout=\"this.src=&#039;\/wp-content\/uploads\/KENNOL_CONDITIONNEMENT_20L.png&#039;\"\/><\/p>\n<p>193587<\/p>\n<\/div>\n<\/div>\n<p>&nbsp;<br \/>\n<em><span style=\"color: #666666;\">\u0627\u0644\u062a\u0646\u0632\u064a\u0644\u0627\u062a<\/span><\/em><\/p>\n<hr color=\"#666666\" line-height=\"1px\"\/>\n<a href=\"\/EN\/FT\/KENNOL_ULTIMA_10W-60_EN.pdf\" target=\"_blank\" rel=\"noopener noreferrer\"><img decoding=\"async\" src=\"\/wp-content\/uploads\/2018\/03\/pdf.png\" alt=\"\" \/>\u00a0 <\/a><span style=\"color: #ee3124;\"><a style=\"color: #ee3124;\" href=\"\/EN\/FT\/KENNOL_ULTIMA_10W-60_EN.pdf\" target=\"_blank\" rel=\"noopener noreferrer\"><strong>\u0635\u062d\u064a\u0641\u0629 \u0627\u0644\u0628\u064a\u0627\u0646\u0627\u062a \u0627\u0644\u0641\u0646\u064a\u0629<\/strong><\/a><\/span><\/p>\n<p><a href=\"\/EN\/FDS\/KENNOL_ULTIMA_10W-60_EN.pdf\" target=\"_blank\" rel=\"noopener noreferrer\"><img decoding=\"async\" src=\"\/wp-content\/uploads\/2018\/03\/pdf.png\" alt=\"\" \/>\u00a0\u00a0<\/a><span style=\"color: #ee3124;\"><a style=\"color: #ee3124;\" href=\"\/EN\/FDS\/KENNOL_ULTIMA_10W-60_EN.pdf\" target=\"_blank\" rel=\"noopener noreferrer\"><strong>\u0635\u062d\u064a\u0641\u0629 \u0627\u0644\u0628\u064a\u0627\u0646\u0627\u062a \u0627\u0644\u0623\u0645\u0646\u064a\u0629<\/strong><\/a><\/span><\/p>\n<p><\/br><a href=\"\/ar\/\u0627\u0644\u0639\u0644\u0627\u0645\u0629-\u0627\u0644\u062a\u062c\u0627\u0631\u064a\u0629\/\u0627\u0644\u0645\u0644\u0635\u0642\u0627\u062a\/\"><img decoding=\"async\" src=\"\/wp-content\/uploads\/KENNOL_LOGO_MadeInFrance.png\" width=\"250\"><\/a><\/p>\n","protected":false},"featured_media":38369,"template":"","meta":{"_monsterinsights_skip_tracking":false,"_monsterinsights_sitenote_active":false,"_monsterinsights_sitenote_note":"","_monsterinsights_sitenote_category":0},"product_brand":[],"product_cat":[2197,2201],"product_tag":[2198,2200,2199],"class_list":{"0":"post-38368","1":"product","2":"type-product","3":"status-publish","4":"has-post-thumbnail","6":"product_cat-2197","7":"product_cat-2201","8":"product_tag-2198","9":"product_tag-2200","10":"product_tag-2199","12":"first","13":"instock","14":"shipping-taxable","15":"product-type-simple"},"yoast_head":"<!-- This site is optimized with the Yoast SEO plugin v27.4 - https:\/\/yoast.com\/product\/yoast-seo-wordpress\/ -->\n<title>ULTIMA 10W-60 | KENNOL - Performance Oil<\/title>\n<meta name=\"description\" content=\"Lubrifiant 100% synth\u00e8se, tr\u00e8s haut de gamme, formul\u00e9 \u00e0 partir de Polyalphaol\u00e9fines (PAO), d\u2019Esters et d\u2019additifs sp\u00e9cifiquement s\u00e9lectionn\u00e9s.Son grade 10W60 est particuli\u00e8rement adapt\u00e9 \u00e0 la comp\u00e9tition, pour des moteurs fonctionnant \u00e0 hauts r\u00e9gimes et \u00e0 hautes temp\u00e9ratures.\" \/>\n<meta name=\"robots\" content=\"index, follow, max-snippet:-1, max-image-preview:large, max-video-preview:-1\" \/>\n<link rel=\"canonical\" href=\"https:\/\/kennol.com\/ar\/\u0627\u0644\u0645\u0646\u062a\u062c\u0627\u062a\/ultima-10w-60\/\" \/>\n<meta property=\"og:locale\" content=\"ar_AR\" \/>\n<meta property=\"og:type\" content=\"article\" \/>\n<meta property=\"og:title\" content=\"ULTIMA 10W-60 | KENNOL - Performance Oil\" \/>\n<meta property=\"og:description\" content=\"Lubrifiant 100% synth\u00e8se, tr\u00e8s haut de gamme, formul\u00e9 \u00e0 partir de Polyalphaol\u00e9fines (PAO), d\u2019Esters et d\u2019additifs sp\u00e9cifiquement s\u00e9lectionn\u00e9s.Son grade 10W60 est particuli\u00e8rement adapt\u00e9 \u00e0 la comp\u00e9tition, pour des moteurs fonctionnant \u00e0 hauts r\u00e9gimes et \u00e0 hautes temp\u00e9ratures.\" \/>\n<meta property=\"og:url\" content=\"https:\/\/kennol.com\/ar\/\u0627\u0644\u0645\u0646\u062a\u062c\u0627\u062a\/ultima-10w-60\/\" \/>\n<meta property=\"og:site_name\" content=\"KENNOL\" \/>\n<meta property=\"article:modified_time\" content=\"2025-06-27T07:56:42+00:00\" \/>\n<meta property=\"og:image\" content=\"https:\/\/kennol.com\/wp-content\/uploads\/KENNOL_ULTIMA_10W-60.jpg\" \/>\n\t<meta property=\"og:image:width\" content=\"1100\" \/>\n\t<meta property=\"og:image:height\" content=\"1100\" \/>\n\t<meta property=\"og:image:type\" content=\"image\/jpeg\" \/>\n<meta name=\"twitter:card\" content=\"summary_large_image\" \/>\n<meta name=\"twitter:label1\" content=\"\u0648\u0642\u062a \u0627\u0644\u0642\u0631\u0627\u0621\u0629 \u0627\u0644\u0645\u064f\u0642\u062f\u0651\u0631\" \/>\n\t<meta name=\"twitter:data1\" content=\"1 \u062f\u0642\u064a\u0642\u0629\" \/>\n<script type=\"application\/ld+json\" class=\"yoast-schema-graph\">{\"@context\":\"https:\\\/\\\/schema.org\",\"@graph\":[{\"@type\":\"WebPage\",\"@id\":\"https:\\\/\\\/kennol.com\\\/ar\\\/\u0627\u0644\u0645\u0646\u062a\u062c\u0627\u062a\\\/ultima-10w-60\\\/\",\"url\":\"https:\\\/\\\/kennol.com\\\/ar\\\/\u0627\u0644\u0645\u0646\u062a\u062c\u0627\u062a\\\/ultima-10w-60\\\/\",\"name\":\"ULTIMA 10W-60 | KENNOL - Performance Oil\",\"isPartOf\":{\"@id\":\"https:\\\/\\\/kennol.com\\\/ar\\\/#website\"},\"primaryImageOfPage\":{\"@id\":\"https:\\\/\\\/kennol.com\\\/ar\\\/\u0627\u0644\u0645\u0646\u062a\u062c\u0627\u062a\\\/ultima-10w-60\\\/#primaryimage\"},\"image\":{\"@id\":\"https:\\\/\\\/kennol.com\\\/ar\\\/\u0627\u0644\u0645\u0646\u062a\u062c\u0627\u062a\\\/ultima-10w-60\\\/#primaryimage\"},\"thumbnailUrl\":\"https:\\\/\\\/kennol.com\\\/wp-content\\\/uploads\\\/KENNOL_ULTIMA_10W-60.jpg\",\"datePublished\":\"2018-04-17T06:54:45+00:00\",\"dateModified\":\"2025-06-27T07:56:42+00:00\",\"description\":\"Lubrifiant 100% synth\u00e8se, tr\u00e8s haut de gamme, formul\u00e9 \u00e0 partir de Polyalphaol\u00e9fines (PAO), d\u2019Esters et d\u2019additifs sp\u00e9cifiquement s\u00e9lectionn\u00e9s.Son grade 10W60 est particuli\u00e8rement adapt\u00e9 \u00e0 la comp\u00e9tition, pour des moteurs fonctionnant \u00e0 hauts r\u00e9gimes et \u00e0 hautes temp\u00e9ratures.\",\"breadcrumb\":{\"@id\":\"https:\\\/\\\/kennol.com\\\/ar\\\/\u0627\u0644\u0645\u0646\u062a\u062c\u0627\u062a\\\/ultima-10w-60\\\/#breadcrumb\"},\"inLanguage\":\"ar\",\"potentialAction\":[{\"@type\":\"ReadAction\",\"target\":[\"https:\\\/\\\/kennol.com\\\/ar\\\/\u0627\u0644\u0645\u0646\u062a\u062c\u0627\u062a\\\/ultima-10w-60\\\/\"]}]},{\"@type\":\"ImageObject\",\"inLanguage\":\"ar\",\"@id\":\"https:\\\/\\\/kennol.com\\\/ar\\\/\u0627\u0644\u0645\u0646\u062a\u062c\u0627\u062a\\\/ultima-10w-60\\\/#primaryimage\",\"url\":\"https:\\\/\\\/kennol.com\\\/wp-content\\\/uploads\\\/KENNOL_ULTIMA_10W-60.jpg\",\"contentUrl\":\"https:\\\/\\\/kennol.com\\\/wp-content\\\/uploads\\\/KENNOL_ULTIMA_10W-60.jpg\",\"width\":1100,\"height\":1100,\"caption\":\"KENNOL ULTIMA 10W60 : CAR ENGINE OIL 100% SYNTHETIC\"},{\"@type\":\"BreadcrumbList\",\"@id\":\"https:\\\/\\\/kennol.com\\\/ar\\\/\u0627\u0644\u0645\u0646\u062a\u062c\u0627\u062a\\\/ultima-10w-60\\\/#breadcrumb\",\"itemListElement\":[{\"@type\":\"ListItem\",\"position\":1,\"name\":\"\u0627\u0644\u0645\u0646\u062a\u062c\u0627\u062a\",\"item\":\"https:\\\/\\\/kennol.com\\\/ar\\\/products-2\\\/\"},{\"@type\":\"ListItem\",\"position\":2,\"name\":\"ULTIMA 10W-60\"}]},{\"@type\":\"WebSite\",\"@id\":\"https:\\\/\\\/kennol.com\\\/ar\\\/#website\",\"url\":\"https:\\\/\\\/kennol.com\\\/ar\\\/\",\"name\":\"KENNOL\",\"description\":\"Performance Oil\",\"publisher\":{\"@id\":\"https:\\\/\\\/kennol.com\\\/ar\\\/#organization\"},\"potentialAction\":[{\"@type\":\"SearchAction\",\"target\":{\"@type\":\"EntryPoint\",\"urlTemplate\":\"https:\\\/\\\/kennol.com\\\/ar\\\/?s={search_term_string}\"},\"query-input\":{\"@type\":\"PropertyValueSpecification\",\"valueRequired\":true,\"valueName\":\"search_term_string\"}}],\"inLanguage\":\"ar\"},{\"@type\":\"Organization\",\"@id\":\"https:\\\/\\\/kennol.com\\\/ar\\\/#organization\",\"name\":\"PPO\",\"url\":\"https:\\\/\\\/kennol.com\\\/ar\\\/\",\"logo\":{\"@type\":\"ImageObject\",\"inLanguage\":\"ar\",\"@id\":\"https:\\\/\\\/kennol.com\\\/ar\\\/#\\\/schema\\\/logo\\\/image\\\/\",\"url\":\"https:\\\/\\\/kennol.com\\\/wp-content\\\/uploads\\\/2018\\\/01\\\/KENNOL_logo_header.png\",\"contentUrl\":\"https:\\\/\\\/kennol.com\\\/wp-content\\\/uploads\\\/2018\\\/01\\\/KENNOL_logo_header.png\",\"width\":400,\"height\":140,\"caption\":\"PPO\"},\"image\":{\"@id\":\"https:\\\/\\\/kennol.com\\\/ar\\\/#\\\/schema\\\/logo\\\/image\\\/\"}}]}<\/script>\n<!-- \/ Yoast SEO plugin. -->","yoast_head_json":{"title":"ULTIMA 10W-60 | KENNOL - Performance Oil","description":"Lubrifiant 100% synth\u00e8se, tr\u00e8s haut de gamme, formul\u00e9 \u00e0 partir de Polyalphaol\u00e9fines (PAO), d\u2019Esters et d\u2019additifs sp\u00e9cifiquement s\u00e9lectionn\u00e9s.Son grade 10W60 est particuli\u00e8rement adapt\u00e9 \u00e0 la comp\u00e9tition, pour des moteurs fonctionnant \u00e0 hauts r\u00e9gimes et \u00e0 hautes temp\u00e9ratures.","robots":{"index":"index","follow":"follow","max-snippet":"max-snippet:-1","max-image-preview":"max-image-preview:large","max-video-preview":"max-video-preview:-1"},"canonical":"https:\/\/kennol.com\/ar\/\u0627\u0644\u0645\u0646\u062a\u062c\u0627\u062a\/ultima-10w-60\/","og_locale":"ar_AR","og_type":"article","og_title":"ULTIMA 10W-60 | KENNOL - Performance Oil","og_description":"Lubrifiant 100% synth\u00e8se, tr\u00e8s haut de gamme, formul\u00e9 \u00e0 partir de Polyalphaol\u00e9fines (PAO), d\u2019Esters et d\u2019additifs sp\u00e9cifiquement s\u00e9lectionn\u00e9s.Son grade 10W60 est particuli\u00e8rement adapt\u00e9 \u00e0 la comp\u00e9tition, pour des moteurs fonctionnant \u00e0 hauts r\u00e9gimes et \u00e0 hautes temp\u00e9ratures.","og_url":"https:\/\/kennol.com\/ar\/\u0627\u0644\u0645\u0646\u062a\u062c\u0627\u062a\/ultima-10w-60\/","og_site_name":"KENNOL","article_modified_time":"2025-06-27T07:56:42+00:00","og_image":[{"width":1100,"height":1100,"url":"https:\/\/kennol.com\/wp-content\/uploads\/KENNOL_ULTIMA_10W-60.jpg","type":"image\/jpeg"}],"twitter_card":"summary_large_image","twitter_misc":{"\u0648\u0642\u062a \u0627\u0644\u0642\u0631\u0627\u0621\u0629 \u0627\u0644\u0645\u064f\u0642\u062f\u0651\u0631":"1 \u062f\u0642\u064a\u0642\u0629"},"schema":{"@context":"https:\/\/schema.org","@graph":[{"@type":"WebPage","@id":"https:\/\/kennol.com\/ar\/\u0627\u0644\u0645\u0646\u062a\u062c\u0627\u062a\/ultima-10w-60\/","url":"https:\/\/kennol.com\/ar\/\u0627\u0644\u0645\u0646\u062a\u062c\u0627\u062a\/ultima-10w-60\/","name":"ULTIMA 10W-60 | KENNOL - Performance Oil","isPartOf":{"@id":"https:\/\/kennol.com\/ar\/#website"},"primaryImageOfPage":{"@id":"https:\/\/kennol.com\/ar\/\u0627\u0644\u0645\u0646\u062a\u062c\u0627\u062a\/ultima-10w-60\/#primaryimage"},"image":{"@id":"https:\/\/kennol.com\/ar\/\u0627\u0644\u0645\u0646\u062a\u062c\u0627\u062a\/ultima-10w-60\/#primaryimage"},"thumbnailUrl":"https:\/\/kennol.com\/wp-content\/uploads\/KENNOL_ULTIMA_10W-60.jpg","datePublished":"2018-04-17T06:54:45+00:00","dateModified":"2025-06-27T07:56:42+00:00","description":"Lubrifiant 100% synth\u00e8se, tr\u00e8s haut de gamme, formul\u00e9 \u00e0 partir de Polyalphaol\u00e9fines (PAO), d\u2019Esters et d\u2019additifs sp\u00e9cifiquement s\u00e9lectionn\u00e9s.Son grade 10W60 est particuli\u00e8rement adapt\u00e9 \u00e0 la comp\u00e9tition, pour des moteurs fonctionnant \u00e0 hauts r\u00e9gimes et \u00e0 hautes temp\u00e9ratures.","breadcrumb":{"@id":"https:\/\/kennol.com\/ar\/\u0627\u0644\u0645\u0646\u062a\u062c\u0627\u062a\/ultima-10w-60\/#breadcrumb"},"inLanguage":"ar","potentialAction":[{"@type":"ReadAction","target":["https:\/\/kennol.com\/ar\/\u0627\u0644\u0645\u0646\u062a\u062c\u0627\u062a\/ultima-10w-60\/"]}]},{"@type":"ImageObject","inLanguage":"ar","@id":"https:\/\/kennol.com\/ar\/\u0627\u0644\u0645\u0646\u062a\u062c\u0627\u062a\/ultima-10w-60\/#primaryimage","url":"https:\/\/kennol.com\/wp-content\/uploads\/KENNOL_ULTIMA_10W-60.jpg","contentUrl":"https:\/\/kennol.com\/wp-content\/uploads\/KENNOL_ULTIMA_10W-60.jpg","width":1100,"height":1100,"caption":"KENNOL ULTIMA 10W60 : CAR ENGINE OIL 100% SYNTHETIC"},{"@type":"BreadcrumbList","@id":"https:\/\/kennol.com\/ar\/\u0627\u0644\u0645\u0646\u062a\u062c\u0627\u062a\/ultima-10w-60\/#breadcrumb","itemListElement":[{"@type":"ListItem","position":1,"name":"\u0627\u0644\u0645\u0646\u062a\u062c\u0627\u062a","item":"https:\/\/kennol.com\/ar\/products-2\/"},{"@type":"ListItem","position":2,"name":"ULTIMA 10W-60"}]},{"@type":"WebSite","@id":"https:\/\/kennol.com\/ar\/#website","url":"https:\/\/kennol.com\/ar\/","name":"KENNOL","description":"Performance Oil","publisher":{"@id":"https:\/\/kennol.com\/ar\/#organization"},"potentialAction":[{"@type":"SearchAction","target":{"@type":"EntryPoint","urlTemplate":"https:\/\/kennol.com\/ar\/?s={search_term_string}"},"query-input":{"@type":"PropertyValueSpecification","valueRequired":true,"valueName":"search_term_string"}}],"inLanguage":"ar"},{"@type":"Organization","@id":"https:\/\/kennol.com\/ar\/#organization","name":"PPO","url":"https:\/\/kennol.com\/ar\/","logo":{"@type":"ImageObject","inLanguage":"ar","@id":"https:\/\/kennol.com\/ar\/#\/schema\/logo\/image\/","url":"https:\/\/kennol.com\/wp-content\/uploads\/2018\/01\/KENNOL_logo_header.png","contentUrl":"https:\/\/kennol.com\/wp-content\/uploads\/2018\/01\/KENNOL_logo_header.png","width":400,"height":140,"caption":"PPO"},"image":{"@id":"https:\/\/kennol.com\/ar\/#\/schema\/logo\/image\/"}}]}},"_links":{"self":[{"href":"https:\/\/kennol.com\/ar\/wp-json\/wp\/v2\/product\/38368","targetHints":{"allow":["GET"]}}],"collection":[{"href":"https:\/\/kennol.com\/ar\/wp-json\/wp\/v2\/product"}],"about":[{"href":"https:\/\/kennol.com\/ar\/wp-json\/wp\/v2\/types\/product"}],"wp:featuredmedia":[{"embeddable":true,"href":"https:\/\/kennol.com\/ar\/wp-json\/wp\/v2\/media\/38369"}],"wp:attachment":[{"href":"https:\/\/kennol.com\/ar\/wp-json\/wp\/v2\/media?parent=38368"}],"wp:term":[{"taxonomy":"product_brand","embeddable":true,"href":"https:\/\/kennol.com\/ar\/wp-json\/wp\/v2\/product_brand?post=38368"},{"taxonomy":"product_cat","embeddable":true,"href":"https:\/\/kennol.com\/ar\/wp-json\/wp\/v2\/product_cat?post=38368"},{"taxonomy":"product_tag","embeddable":true,"href":"https:\/\/kennol.com\/ar\/wp-json\/wp\/v2\/product_tag?post=38368"}],"curies":[{"name":"wp","href":"https:\/\/api.w.org\/{rel}","templated":true}]}}